{"id":8885,"date":"2022-07-21T19:18:16","date_gmt":"2022-07-21T18:18:16","guid":{"rendered":"https:\/product\/cordyceps-mushroom-capsules-pour-ameliorer-lendurance-et-soulager-lanxiete-et-le-stress-60-capsules\/"},"modified":"2022-09-18T20:35:09","modified_gmt":"2022-09-18T19:35:09","slug":"cordyceps-mushroom-capsules-pour-ameliorer-lendurance-et-soulager-lanxiete-et-le-stress-60-capsules","status":"publish","type":"product","link":"https:\/\/jeaken.com\/fr\/produit\/cordyceps-mushroom-capsules-pour-ameliorer-lendurance-et-soulager-lanxiete-et-le-stress-60-capsules\/","title":{"rendered":"Cordyceps Mushroom Capsules &#8211; Pour am\u00e9liorer l&#8217;endurance et soulager l&#8217;anxi\u00e9t\u00e9 et le stress (60 Capsules)"},"content":{"rendered":"<p><strong><span class=\"a-list-item\">CHAMPIGNONS 100% NATURELS  <\/span><\/strong><\/p>\n<p><span class=\"a-list-item\">Ce suppl\u00e9ment est fabriqu\u00e9 exclusivement \u00e0 partir de champignons 100% cordyceps militaris. Les fructifications sont cultiv\u00e9es pour garantir le meilleur extrait de cordyceps possible, et les champignons sont soumis \u00e0 une extraction \u00e0 l&#8217;eau chaude pour obtenir les compos\u00e9s b\u00e9n\u00e9fiques de b\u00eata-glucane et de cordycepine. Nous n&#8217;ajoutons pas de myc\u00e9lium, d&#8217;amidon, de c\u00e9r\u00e9ales ou de mati\u00e8res de remplissage dans nos produits.  <\/span><\/p>\n<p><strong><span class=\"a-list-item\">AM\u00c9LIORE L&#8217;\u00c9NERGIE ET RENFORCE L&#8217;IMMUNIT\u00c9  <\/span><\/strong><\/p>\n<p><span class=\"a-list-item\">En augmentant la quantit\u00e9 d&#8217;oxyg\u00e8ne, l&#8217;extrait de Cordyceps stimule consid\u00e9rablement l&#8217;\u00e9nergie et l&#8217;immunit\u00e9. Le Cordyceps stimule aussi directement la premi\u00e8re ligne de d\u00e9fense de l&#8217;organisme contre les infections et un large \u00e9ventail d&#8217;affections.<\/span><\/p>\n<p><strong><span class=\"a-list-item\">SOULAGE LE STRESS ET L&#8217;ANXI\u00c9T\u00c9  <\/span><\/strong><\/p>\n<p><span class=\"a-list-item\">En raison de sa capacit\u00e9 \u00e0 augmenter la production d&#8217;ATP, le Cordyceps est l&#8217;un des champignons adaptog\u00e8nes les plus efficaces pour soulager les sympt\u00f4mes de l&#8217;anxi\u00e9t\u00e9 et du stress.<\/span><\/p>\n<p><strong><span class=\"a-list-item\">AIDE \u00c0 R\u00c9GULER LA GLYC\u00c9MIE  <\/span><\/strong><\/p>\n<p><span class=\"a-list-item\">  Un certain nombre d&#8217;essais cliniques ont montr\u00e9 le potentiel de la poudre de Cordyceps comme agent de r\u00e9gulation de la glyc\u00e9mie. Dans une \u00e9tude, 95 % des patients trait\u00e9s au Cordyceps ont montr\u00e9 une am\u00e9lioration de leur profil glyc\u00e9mique, contre 54 % dans le groupe t\u00e9moin.<\/span><\/p>\n<p>&nbsp;<\/p>\n","protected":false},"excerpt":{"rendered":"<h4>Une m\u00e9thode naturelle et efficace pour stimuler l&#8217;immunit\u00e9, augmenter l&#8217;\u00e9nergie et r\u00e9duire le stress.<\/h4>\n<p>&nbsp;<\/p>\n","protected":false},"featured_media":15549,"template":"","meta":{"site-sidebar-layout":"default","site-content-layout":"default","ast-site-content-layout":"default","site-content-style":"default","site-sidebar-style":"default","ast-global-header-display":"","ast-banner-title-visibility":"","ast-main-header-display":"","ast-hfb-above-header-display":"","ast-hfb-below-header-display":"","ast-hfb-mobile-header-display":"","site-post-title":"","ast-breadcrumbs-content":"","ast-featured-img":"","footer-sml-layout":"","theme-transparent-header-meta":"default","adv-header-id-meta":"","stick-header-meta":"default","header-above-stick-meta":"","header-main-stick-meta":"","header-below-stick-meta":"","astra-migrate-meta-layouts":"default","ast-page-background-enabled":"default","ast-page-background-meta":{"desktop":{"background-color":"","background-image":"","background-repeat":"repeat","background-position":"center center","background-size":"auto","background-attachment":"scroll","background-type":"","background-media":"","overlay-type":"","overlay-color":"","overlay-opacity":"","overlay-gradient":""},"tablet":{"background-color":"","background-image":"","background-repeat":"repeat","background-position":"center center","background-size":"auto","background-attachment":"scroll","background-type":"","background-media":"","overlay-type":"","overlay-color":"","overlay-opacity":"","overlay-gradient":""},"mobile":{"background-color":"","background-image":"","background-repeat":"repeat","background-position":"center center","background-size":"auto","background-attachment":"scroll","background-type":"","background-media":"","overlay-type":"","overlay-color":"","overlay-opacity":"","overlay-gradient":""}},"ast-content-background-meta":{"desktop":{"background-color":"var(--ast-global-color-5)","background-image":"","background-repeat":"repeat","background-position":"center center","background-size":"auto","background-attachment":"scroll","background-type":"","background-media":"","overlay-type":"","overlay-color":"","overlay-opacity":"","overlay-gradient":""},"tablet":{"background-color":"var(--ast-global-color-5)","background-image":"","background-repeat":"repeat","background-position":"center center","background-size":"auto","background-attachment":"scroll","background-type":"","background-media":"","overlay-type":"","overlay-color":"","overlay-opacity":"","overlay-gradient":""},"mobile":{"background-color":"var(--ast-global-color-5)","background-image":"","background-repeat":"repeat","background-position":"center center","background-size":"auto","background-attachment":"scroll","background-type":"","background-media":"","overlay-type":"","overlay-color":"","overlay-opacity":"","overlay-gradient":""}}},"product_cat":[520,996,516,519,621],"product_tag":[1847,1853,1863,1850,1868,1872,1858,1876,1881,1884],"class_list":{"0":"post-8885","1":"product","2":"type-product","3":"status-publish","4":"has-post-thumbnail","6":"product_cat-fatigue-fr","7":"product_cat-fertilite","8":"product_cat-humeur-et-bien-etre","9":"product_cat-nutrition-sportive","10":"product_cat-sante-immunitaire","11":"product_tag-capsules-de-cordyceps","12":"product_tag-champignons-cordyceps-en-capsules","13":"product_tag-cordyceps-sinensis-fr","14":"product_tag-extrait-de-cordyceps","15":"product_tag-ganoderma-lucidum-fr","16":"product_tag-poudre-de-champignons-lions-mane","17":"product_tag-poudre-de-cordyceps","18":"product_tag-rhodiola-rosea-capsules-fr","19":"product_tag-supplement-de-soulagement-du-stress","20":"product_tag-supplements-pour-lanxiete","21":"has-subscription-plans","22":"desktop-align-left","23":"tablet-align-left","24":"mobile-align-left","26":"first","27":"instock","28":"taxable","29":"shipping-taxable","30":"purchasable","31":"product-type-simple"},"yoast_head":"<!-- This site is optimized with the Yoast SEO plugin v22.7 - https:\/\/yoast.com\/wordpress\/plugins\/seo\/ -->\n<title>Cordyceps Mushroom Capsules - Pour am\u00e9liorer l&#039;endurance et soulager l&#039;anxi\u00e9t\u00e9 et le stress (60 Capsules) - JeaKen<\/title>\n<meta name=\"robots\" content=\"index, follow, max-snippet:-1, max-image-preview:large, max-video-preview:-1\" \/>\n<link rel=\"canonical\" href=\"https:\/\/jeaken.com\/fr\/produit\/cordyceps-mushroom-capsules-pour-ameliorer-lendurance-et-soulager-lanxiete-et-le-stress-60-capsules\/\" \/>\n<meta property=\"og:locale\" content=\"fr_FR\" \/>\n<meta property=\"og:type\" content=\"article\" \/>\n<meta property=\"og:title\" content=\"Cordyceps Mushroom Capsules - Pour am\u00e9liorer l&#039;endurance et soulager l&#039;anxi\u00e9t\u00e9 et le stress (60 Capsules) - JeaKen\" \/>\n<meta property=\"og:description\" content=\"Une m\u00e9thode naturelle et efficace pour stimuler l&#039;immunit\u00e9, augmenter l&#039;\u00e9nergie et r\u00e9duire le stress. &nbsp;\" \/>\n<meta property=\"og:url\" content=\"https:\/\/jeaken.com\/fr\/produit\/cordyceps-mushroom-capsules-pour-ameliorer-lendurance-et-soulager-lanxiete-et-le-stress-60-capsules\/\" \/>\n<meta property=\"og:site_name\" content=\"JeaKen\" \/>\n<meta property=\"article:modified_time\" content=\"2022-09-18T19:35:09+00:00\" \/>\n<meta property=\"og:image\" content=\"https:\/\/jeaken.com\/wp-content\/uploads\/2022\/07\/Cordyceps-1.jpg\" \/>\n\t<meta property=\"og:image:width\" content=\"512\" \/>\n\t<meta property=\"og:image:height\" content=\"600\" \/>\n\t<meta property=\"og:image:type\" content=\"image\/jpeg\" \/>\n<meta name=\"twitter:card\" content=\"summary_large_image\" \/>\n<meta name=\"twitter:label1\" content=\"Est. reading time\" \/>\n\t<meta name=\"twitter:data1\" content=\"1 minute\" \/>\n<script type=\"application\/ld+json\" class=\"yoast-schema-graph\">{\"@context\":\"https:\/\/schema.org\",\"@graph\":[{\"@type\":\"WebPage\",\"@id\":\"https:\/\/jeaken.com\/fr\/produit\/cordyceps-mushroom-capsules-pour-ameliorer-lendurance-et-soulager-lanxiete-et-le-stress-60-capsules\/\",\"url\":\"https:\/\/jeaken.com\/fr\/produit\/cordyceps-mushroom-capsules-pour-ameliorer-lendurance-et-soulager-lanxiete-et-le-stress-60-capsules\/\",\"name\":\"Cordyceps Mushroom Capsules - Pour am\u00e9liorer l'endurance et soulager l'anxi\u00e9t\u00e9 et le stress (60 Capsules) - JeaKen\",\"isPartOf\":{\"@id\":\"https:\/\/jeaken.com\/fr\/#website\"},\"primaryImageOfPage\":{\"@id\":\"https:\/\/jeaken.com\/fr\/produit\/cordyceps-mushroom-capsules-pour-ameliorer-lendurance-et-soulager-lanxiete-et-le-stress-60-capsules\/#primaryimage\"},\"image\":{\"@id\":\"https:\/\/jeaken.com\/fr\/produit\/cordyceps-mushroom-capsules-pour-ameliorer-lendurance-et-soulager-lanxiete-et-le-stress-60-capsules\/#primaryimage\"},\"thumbnailUrl\":\"https:\/\/jeaken.com\/wp-content\/uploads\/2022\/07\/Cordyceps-1.jpg\",\"datePublished\":\"2022-07-21T18:18:16+00:00\",\"dateModified\":\"2022-09-18T19:35:09+00:00\",\"breadcrumb\":{\"@id\":\"https:\/\/jeaken.com\/fr\/produit\/cordyceps-mushroom-capsules-pour-ameliorer-lendurance-et-soulager-lanxiete-et-le-stress-60-capsules\/#breadcrumb\"},\"inLanguage\":\"fr-FR\",\"potentialAction\":[{\"@type\":\"ReadAction\",\"target\":[\"https:\/\/jeaken.com\/fr\/produit\/cordyceps-mushroom-capsules-pour-ameliorer-lendurance-et-soulager-lanxiete-et-le-stress-60-capsules\/\"]}]},{\"@type\":\"ImageObject\",\"inLanguage\":\"fr-FR\",\"@id\":\"https:\/\/jeaken.com\/fr\/produit\/cordyceps-mushroom-capsules-pour-ameliorer-lendurance-et-soulager-lanxiete-et-le-stress-60-capsules\/#primaryimage\",\"url\":\"https:\/\/jeaken.com\/wp-content\/uploads\/2022\/07\/Cordyceps-1.jpg\",\"contentUrl\":\"https:\/\/jeaken.com\/wp-content\/uploads\/2022\/07\/Cordyceps-1.jpg\",\"width\":512,\"height\":600,\"caption\":\"Cordyceps Mushroom Capsules\"},{\"@type\":\"BreadcrumbList\",\"@id\":\"https:\/\/jeaken.com\/fr\/produit\/cordyceps-mushroom-capsules-pour-ameliorer-lendurance-et-soulager-lanxiete-et-le-stress-60-capsules\/#breadcrumb\",\"itemListElement\":[{\"@type\":\"ListItem\",\"position\":1,\"name\":\"Home\",\"item\":\"https:\/\/jeaken.com\/fr\/\"},{\"@type\":\"ListItem\",\"position\":2,\"name\":\"Private: Shop\",\"item\":\"https:\/\/jeaken.com\/shop\/\"},{\"@type\":\"ListItem\",\"position\":3,\"name\":\"Cordyceps Mushroom Capsules &#8211; Pour am\u00e9liorer l&#8217;endurance et soulager l&#8217;anxi\u00e9t\u00e9 et le stress (60 Capsules)\"}]},{\"@type\":\"WebSite\",\"@id\":\"https:\/\/jeaken.com\/fr\/#website\",\"url\":\"https:\/\/jeaken.com\/fr\/\",\"name\":\"JeaKen\",\"description\":\"Organic Supplements for Health, Fitness and Nutrition\",\"publisher\":{\"@id\":\"https:\/\/jeaken.com\/fr\/#organization\"},\"potentialAction\":[{\"@type\":\"SearchAction\",\"target\":{\"@type\":\"EntryPoint\",\"urlTemplate\":\"https:\/\/jeaken.com\/fr\/?s={search_term_string}\"},\"query-input\":\"required name=search_term_string\"}],\"inLanguage\":\"fr-FR\"},{\"@type\":\"Organization\",\"@id\":\"https:\/\/jeaken.com\/fr\/#organization\",\"name\":\"JeaKen\",\"url\":\"https:\/\/jeaken.com\/fr\/\",\"logo\":{\"@type\":\"ImageObject\",\"inLanguage\":\"fr-FR\",\"@id\":\"https:\/\/jeaken.com\/fr\/#\/schema\/logo\/image\/\",\"url\":\"https:\/\/jeaken.com\/wp-content\/uploads\/2022\/06\/jeaken-logo-23.png\",\"contentUrl\":\"https:\/\/jeaken.com\/wp-content\/uploads\/2022\/06\/jeaken-logo-23.png\",\"width\":2486,\"height\":736,\"caption\":\"JeaKen\"},\"image\":{\"@id\":\"https:\/\/jeaken.com\/fr\/#\/schema\/logo\/image\/\"}}]}<\/script>\n<!-- \/ Yoast SEO plugin. -->","yoast_head_json":{"title":"Cordyceps Mushroom Capsules - Pour am\u00e9liorer l'endurance et soulager l'anxi\u00e9t\u00e9 et le stress (60 Capsules) - JeaKen","robots":{"index":"index","follow":"follow","max-snippet":"max-snippet:-1","max-image-preview":"max-image-preview:large","max-video-preview":"max-video-preview:-1"},"canonical":"https:\/\/jeaken.com\/fr\/produit\/cordyceps-mushroom-capsules-pour-ameliorer-lendurance-et-soulager-lanxiete-et-le-stress-60-capsules\/","og_locale":"fr_FR","og_type":"article","og_title":"Cordyceps Mushroom Capsules - Pour am\u00e9liorer l'endurance et soulager l'anxi\u00e9t\u00e9 et le stress (60 Capsules) - JeaKen","og_description":"Une m\u00e9thode naturelle et efficace pour stimuler l'immunit\u00e9, augmenter l'\u00e9nergie et r\u00e9duire le stress. &nbsp;","og_url":"https:\/\/jeaken.com\/fr\/produit\/cordyceps-mushroom-capsules-pour-ameliorer-lendurance-et-soulager-lanxiete-et-le-stress-60-capsules\/","og_site_name":"JeaKen","article_modified_time":"2022-09-18T19:35:09+00:00","og_image":[{"width":512,"height":600,"url":"https:\/\/jeaken.com\/wp-content\/uploads\/2022\/07\/Cordyceps-1.jpg","type":"image\/jpeg"}],"twitter_card":"summary_large_image","twitter_misc":{"Est. reading time":"1 minute"},"schema":{"@context":"https:\/\/schema.org","@graph":[{"@type":"WebPage","@id":"https:\/\/jeaken.com\/fr\/produit\/cordyceps-mushroom-capsules-pour-ameliorer-lendurance-et-soulager-lanxiete-et-le-stress-60-capsules\/","url":"https:\/\/jeaken.com\/fr\/produit\/cordyceps-mushroom-capsules-pour-ameliorer-lendurance-et-soulager-lanxiete-et-le-stress-60-capsules\/","name":"Cordyceps Mushroom Capsules - Pour am\u00e9liorer l'endurance et soulager l'anxi\u00e9t\u00e9 et le stress (60 Capsules) - JeaKen","isPartOf":{"@id":"https:\/\/jeaken.com\/fr\/#website"},"primaryImageOfPage":{"@id":"https:\/\/jeaken.com\/fr\/produit\/cordyceps-mushroom-capsules-pour-ameliorer-lendurance-et-soulager-lanxiete-et-le-stress-60-capsules\/#primaryimage"},"image":{"@id":"https:\/\/jeaken.com\/fr\/produit\/cordyceps-mushroom-capsules-pour-ameliorer-lendurance-et-soulager-lanxiete-et-le-stress-60-capsules\/#primaryimage"},"thumbnailUrl":"https:\/\/jeaken.com\/wp-content\/uploads\/2022\/07\/Cordyceps-1.jpg","datePublished":"2022-07-21T18:18:16+00:00","dateModified":"2022-09-18T19:35:09+00:00","breadcrumb":{"@id":"https:\/\/jeaken.com\/fr\/produit\/cordyceps-mushroom-capsules-pour-ameliorer-lendurance-et-soulager-lanxiete-et-le-stress-60-capsules\/#breadcrumb"},"inLanguage":"fr-FR","potentialAction":[{"@type":"ReadAction","target":["https:\/\/jeaken.com\/fr\/produit\/cordyceps-mushroom-capsules-pour-ameliorer-lendurance-et-soulager-lanxiete-et-le-stress-60-capsules\/"]}]},{"@type":"ImageObject","inLanguage":"fr-FR","@id":"https:\/\/jeaken.com\/fr\/produit\/cordyceps-mushroom-capsules-pour-ameliorer-lendurance-et-soulager-lanxiete-et-le-stress-60-capsules\/#primaryimage","url":"https:\/\/jeaken.com\/wp-content\/uploads\/2022\/07\/Cordyceps-1.jpg","contentUrl":"https:\/\/jeaken.com\/wp-content\/uploads\/2022\/07\/Cordyceps-1.jpg","width":512,"height":600,"caption":"Cordyceps Mushroom Capsules"},{"@type":"BreadcrumbList","@id":"https:\/\/jeaken.com\/fr\/produit\/cordyceps-mushroom-capsules-pour-ameliorer-lendurance-et-soulager-lanxiete-et-le-stress-60-capsules\/#breadcrumb","itemListElement":[{"@type":"ListItem","position":1,"name":"Home","item":"https:\/\/jeaken.com\/fr\/"},{"@type":"ListItem","position":2,"name":"Private: Shop","item":"https:\/\/jeaken.com\/shop\/"},{"@type":"ListItem","position":3,"name":"Cordyceps Mushroom Capsules &#8211; Pour am\u00e9liorer l&#8217;endurance et soulager l&#8217;anxi\u00e9t\u00e9 et le stress (60 Capsules)"}]},{"@type":"WebSite","@id":"https:\/\/jeaken.com\/fr\/#website","url":"https:\/\/jeaken.com\/fr\/","name":"JeaKen","description":"Organic Supplements for Health, Fitness and Nutrition","publisher":{"@id":"https:\/\/jeaken.com\/fr\/#organization"},"potentialAction":[{"@type":"SearchAction","target":{"@type":"EntryPoint","urlTemplate":"https:\/\/jeaken.com\/fr\/?s={search_term_string}"},"query-input":"required name=search_term_string"}],"inLanguage":"fr-FR"},{"@type":"Organization","@id":"https:\/\/jeaken.com\/fr\/#organization","name":"JeaKen","url":"https:\/\/jeaken.com\/fr\/","logo":{"@type":"ImageObject","inLanguage":"fr-FR","@id":"https:\/\/jeaken.com\/fr\/#\/schema\/logo\/image\/","url":"https:\/\/jeaken.com\/wp-content\/uploads\/2022\/06\/jeaken-logo-23.png","contentUrl":"https:\/\/jeaken.com\/wp-content\/uploads\/2022\/06\/jeaken-logo-23.png","width":2486,"height":736,"caption":"JeaKen"},"image":{"@id":"https:\/\/jeaken.com\/fr\/#\/schema\/logo\/image\/"}}]}},"jetpack_sharing_enabled":true,"_links":{"self":[{"href":"https:\/\/jeaken.com\/fr\/wp-json\/wp\/v2\/product\/8885","targetHints":{"allow":["GET"]}}],"collection":[{"href":"https:\/\/jeaken.com\/fr\/wp-json\/wp\/v2\/product"}],"about":[{"href":"https:\/\/jeaken.com\/fr\/wp-json\/wp\/v2\/types\/product"}],"wp:featuredmedia":[{"embeddable":true,"href":"https:\/\/jeaken.com\/fr\/wp-json\/wp\/v2\/media\/15549"}],"wp:attachment":[{"href":"https:\/\/jeaken.com\/fr\/wp-json\/wp\/v2\/media?parent=8885"}],"wp:term":[{"taxonomy":"product_cat","embeddable":true,"href":"https:\/\/jeaken.com\/fr\/wp-json\/wp\/v2\/product_cat?post=8885"},{"taxonomy":"product_tag","embeddable":true,"href":"https:\/\/jeaken.com\/fr\/wp-json\/wp\/v2\/product_tag?post=8885"}],"curies":[{"name":"wp","href":"https:\/\/api.w.org\/{rel}","templated":true}]}}