{"id":8801,"date":"2022-07-21T19:18:16","date_gmt":"2022-07-21T18:18:16","guid":{"rendered":"https:\/product\/nootropics-cognitive-enchancer-premium-concentration-and-memory-enhancers-60-capsules\/"},"modified":"2022-09-08T15:51:19","modified_gmt":"2022-09-08T14:51:19","slug":"nootropics-cognitive-enchancer-premium-concentration-and-memory-enhancers-60-capsules","status":"publish","type":"product","link":"https:\/\/jeaken.com\/fr\/produit\/nootropics-cognitive-enchancer-premium-concentration-and-memory-enhancers-60-capsules\/","title":{"rendered":"Nootropics Cognitive Enchancer &#8211; Premium Concentration and Memory Enhancers (60 Capsules)"},"content":{"rendered":"<p><strong><span class=\"a-list-item\">STIMULER LA M\u00c9MOIRE, LA CONCENTRATION ET LA VIGILANCE  <\/span><\/strong><\/p>\n<p><span class=\"a-list-item\">Nos g\u00e9lules nootropiques pour stimuler le cerveau sont fabriqu\u00e9es \u00e0 partir d&#8217;ingr\u00e9dients naturels qui aident \u00e0 accro\u00eetre la concentration et la vigilance, \u00e0 stimuler l&#8217;\u00e9nergie mentale et \u00e0 am\u00e9liorer la m\u00e9moire.<\/span><\/p>\n<p><strong><span class=\"a-list-item\">R\u00c9DUIT LA FATIGUE ET AM\u00c9LIORE LA CONCENTRATION  <\/span><\/strong><\/p>\n<p><span class=\"a-list-item\">Le guarana, une plante originaire de l&#8217;Amazonie, contient naturellement de la caf\u00e9ine et s&#8217;av\u00e8re efficace pour r\u00e9duire la fatigue et am\u00e9liorer la concentration mentale. La puissante combinaison de caf\u00e9ine et de th\u00e9anine est extr\u00eamement efficace pour am\u00e9liorer les performances cognitives.<\/span><\/p>\n<p><strong><span class=\"a-list-item\">INGR\u00c9DIENTS NATURELS  <\/span><\/strong><\/p>\n<p><span class=\"a-list-item\">Notre compl\u00e9ment de m\u00e9moire est fabriqu\u00e9 \u00e0 partir de vitamines, de min\u00e9raux et d&#8217;extraits de plantes enti\u00e8rement naturels, sans utilisation d&#8217;additifs nocifs. Nos compl\u00e9ments sont non OGM et exempts d&#8217;hormones et de gluten.<\/span><\/p>\n<p><strong><span class=\"a-list-item\">SOUTENU PAR LA SCIENCE  <\/span><\/strong><\/p>\n<p><span class=\"a-list-item\">Un grand soin a \u00e9t\u00e9 apport\u00e9 \u00e0 la combinaison de la bonne quantit\u00e9 de chaque ingr\u00e9dient dans une formule avanc\u00e9e. Il a \u00e9t\u00e9 soigneusement con\u00e7u pour aider \u00e0 soutenir l&#8217;oxyg\u00e8ne et la circulation dans les cellules du cerveau, et les neurones con\u00e7us pour soutenir la m\u00e9moire, la concentration et la clart\u00e9.<\/span><\/p>\n<p class=\"a-spacing-mini\"><strong>AM\u00c9LIORE L&#8217;HUMEUR<\/strong><\/p>\n<p class=\"a-size-small\">Nos ingr\u00e9dients de qualit\u00e9 sup\u00e9rieure favorisent des niveaux sains de s\u00e9rotonine et de dopamine, qui contribuent \u00e0 maintenir une humeur positive.<\/p>\n<p class=\"a-size-small\">\n","protected":false},"excerpt":{"rendered":"<h4>Suppl\u00e9ment puissant pour une meilleure concentration, une meilleure m\u00e9moire et une meilleure humeur.<\/h4>\n<p>&nbsp;<\/p>\n<p>&nbsp;<\/p>\n","protected":false},"featured_media":3786,"template":"","meta":{"site-sidebar-layout":"default","site-content-layout":"default","ast-site-content-layout":"default","site-content-style":"default","site-sidebar-style":"default","ast-global-header-display":"","ast-banner-title-visibility":"","ast-main-header-display":"","ast-hfb-above-header-display":"","ast-hfb-below-header-display":"","ast-hfb-mobile-header-display":"","site-post-title":"","ast-breadcrumbs-content":"","ast-featured-img":"","footer-sml-layout":"","theme-transparent-header-meta":"default","adv-header-id-meta":"","stick-header-meta":"default","header-above-stick-meta":"","header-main-stick-meta":"","header-below-stick-meta":"","astra-migrate-meta-layouts":"default","ast-page-background-enabled":"default","ast-page-background-meta":{"desktop":{"background-color":"","background-image":"","background-repeat":"repeat","background-position":"center center","background-size":"auto","background-attachment":"scroll","background-type":"","background-media":"","overlay-type":"","overlay-color":"","overlay-opacity":"","overlay-gradient":""},"tablet":{"background-color":"","background-image":"","background-repeat":"repeat","background-position":"center center","background-size":"auto","background-attachment":"scroll","background-type":"","background-media":"","overlay-type":"","overlay-color":"","overlay-opacity":"","overlay-gradient":""},"mobile":{"background-color":"","background-image":"","background-repeat":"repeat","background-position":"center center","background-size":"auto","background-attachment":"scroll","background-type":"","background-media":"","overlay-type":"","overlay-color":"","overlay-opacity":"","overlay-gradient":""}},"ast-content-background-meta":{"desktop":{"background-color":"var(--ast-global-color-5)","background-image":"","background-repeat":"repeat","background-position":"center center","background-size":"auto","background-attachment":"scroll","background-type":"","background-media":"","overlay-type":"","overlay-color":"","overlay-opacity":"","overlay-gradient":""},"tablet":{"background-color":"var(--ast-global-color-5)","background-image":"","background-repeat":"repeat","background-position":"center center","background-size":"auto","background-attachment":"scroll","background-type":"","background-media":"","overlay-type":"","overlay-color":"","overlay-opacity":"","overlay-gradient":""},"mobile":{"background-color":"var(--ast-global-color-5)","background-image":"","background-repeat":"repeat","background-position":"center center","background-size":"auto","background-attachment":"scroll","background-type":"","background-media":"","overlay-type":"","overlay-color":"","overlay-opacity":"","overlay-gradient":""}}},"product_cat":[514,643],"product_tag":[1803,1810,1811,1812,1133,1805,1807,1808,1801,1809,1806,1813,1802,1804],"class_list":{"0":"post-8801","1":"product","2":"type-product","3":"status-publish","4":"has-post-thumbnail","6":"product_cat-sante-du-coeur-et-du-cerveau","7":"product_cat-stimulants-pour-le-cerveau","8":"product_tag-comprimes-pour-le-cerveau","9":"product_tag-neuro-un","10":"product_tag-nootropics-brain-boost-fr","11":"product_tag-nootropics-cognitive-enhancer-fr","12":"product_tag-pilules-de-cafeine","13":"product_tag-pilules-de-concentration","14":"product_tag-pilules-de-concentration-fr","15":"product_tag-pilules-pour-la-memoire","16":"product_tag-stimulation-du-cerveau","17":"product_tag-supplement-de-memoire","18":"product_tag-supplements-de-dopamine","19":"product_tag-supplements-nootropiques","20":"product_tag-supplements-pour-le-cerveau","21":"product_tag-vitamine-du-cerveau","22":"has-subscription-plans","23":"desktop-align-left","24":"tablet-align-left","25":"mobile-align-left","27":"first","28":"outofstock","29":"taxable","30":"shipping-taxable","31":"purchasable","32":"product-type-simple"},"yoast_head":"<!-- This site is optimized with the Yoast SEO plugin v22.7 - https:\/\/yoast.com\/wordpress\/plugins\/seo\/ -->\n<title>Nootropics Cognitive Enchancer - Premium Concentration and Memory Enhancers (60 Capsules) - JeaKen<\/title>\n<meta name=\"robots\" content=\"index, follow, max-snippet:-1, max-image-preview:large, max-video-preview:-1\" \/>\n<link rel=\"canonical\" href=\"https:\/\/jeaken.com\/fr\/produit\/nootropics-cognitive-enchancer-premium-concentration-and-memory-enhancers-60-capsules\/\" \/>\n<meta property=\"og:locale\" content=\"fr_FR\" \/>\n<meta property=\"og:type\" content=\"article\" \/>\n<meta property=\"og:title\" content=\"Nootropics Cognitive Enchancer - Premium Concentration and Memory Enhancers (60 Capsules) - JeaKen\" \/>\n<meta property=\"og:description\" content=\"Suppl\u00e9ment puissant pour une meilleure concentration, une meilleure m\u00e9moire et une meilleure humeur. &nbsp; &nbsp;\" \/>\n<meta property=\"og:url\" content=\"https:\/\/jeaken.com\/fr\/produit\/nootropics-cognitive-enchancer-premium-concentration-and-memory-enhancers-60-capsules\/\" \/>\n<meta property=\"og:site_name\" content=\"JeaKen\" \/>\n<meta property=\"article:modified_time\" content=\"2022-09-08T14:51:19+00:00\" \/>\n<meta property=\"og:image\" content=\"https:\/\/jeaken.com\/wp-content\/uploads\/2022\/07\/71C1wDkeqPL._AC_SL1500_.jpg\" \/>\n\t<meta property=\"og:image:width\" content=\"600\" \/>\n\t<meta property=\"og:image:height\" content=\"600\" \/>\n\t<meta property=\"og:image:type\" content=\"image\/jpeg\" \/>\n<meta name=\"twitter:card\" content=\"summary_large_image\" \/>\n<meta name=\"twitter:label1\" content=\"Est. reading time\" \/>\n\t<meta name=\"twitter:data1\" content=\"1 minute\" \/>\n<script type=\"application\/ld+json\" class=\"yoast-schema-graph\">{\"@context\":\"https:\/\/schema.org\",\"@graph\":[{\"@type\":\"WebPage\",\"@id\":\"https:\/\/jeaken.com\/fr\/produit\/nootropics-cognitive-enchancer-premium-concentration-and-memory-enhancers-60-capsules\/\",\"url\":\"https:\/\/jeaken.com\/fr\/produit\/nootropics-cognitive-enchancer-premium-concentration-and-memory-enhancers-60-capsules\/\",\"name\":\"Nootropics Cognitive Enchancer - Premium Concentration and Memory Enhancers (60 Capsules) - JeaKen\",\"isPartOf\":{\"@id\":\"https:\/\/jeaken.com\/fr\/#website\"},\"primaryImageOfPage\":{\"@id\":\"https:\/\/jeaken.com\/fr\/produit\/nootropics-cognitive-enchancer-premium-concentration-and-memory-enhancers-60-capsules\/#primaryimage\"},\"image\":{\"@id\":\"https:\/\/jeaken.com\/fr\/produit\/nootropics-cognitive-enchancer-premium-concentration-and-memory-enhancers-60-capsules\/#primaryimage\"},\"thumbnailUrl\":\"https:\/\/jeaken.com\/wp-content\/uploads\/2022\/07\/71C1wDkeqPL._AC_SL1500_.jpg\",\"datePublished\":\"2022-07-21T18:18:16+00:00\",\"dateModified\":\"2022-09-08T14:51:19+00:00\",\"breadcrumb\":{\"@id\":\"https:\/\/jeaken.com\/fr\/produit\/nootropics-cognitive-enchancer-premium-concentration-and-memory-enhancers-60-capsules\/#breadcrumb\"},\"inLanguage\":\"fr-FR\",\"potentialAction\":[{\"@type\":\"ReadAction\",\"target\":[\"https:\/\/jeaken.com\/fr\/produit\/nootropics-cognitive-enchancer-premium-concentration-and-memory-enhancers-60-capsules\/\"]}]},{\"@type\":\"ImageObject\",\"inLanguage\":\"fr-FR\",\"@id\":\"https:\/\/jeaken.com\/fr\/produit\/nootropics-cognitive-enchancer-premium-concentration-and-memory-enhancers-60-capsules\/#primaryimage\",\"url\":\"https:\/\/jeaken.com\/wp-content\/uploads\/2022\/07\/71C1wDkeqPL._AC_SL1500_.jpg\",\"contentUrl\":\"https:\/\/jeaken.com\/wp-content\/uploads\/2022\/07\/71C1wDkeqPL._AC_SL1500_.jpg\",\"width\":600,\"height\":600,\"caption\":\"Nootropics Cognitive Enchancer - Premium Concentration and Memory Enhancers\"},{\"@type\":\"BreadcrumbList\",\"@id\":\"https:\/\/jeaken.com\/fr\/produit\/nootropics-cognitive-enchancer-premium-concentration-and-memory-enhancers-60-capsules\/#breadcrumb\",\"itemListElement\":[{\"@type\":\"ListItem\",\"position\":1,\"name\":\"Home\",\"item\":\"https:\/\/jeaken.com\/fr\/\"},{\"@type\":\"ListItem\",\"position\":2,\"name\":\"Private: Shop\",\"item\":\"https:\/\/jeaken.com\/shop\/\"},{\"@type\":\"ListItem\",\"position\":3,\"name\":\"Nootropics Cognitive Enchancer &#8211; Premium Concentration and Memory Enhancers (60 Capsules)\"}]},{\"@type\":\"WebSite\",\"@id\":\"https:\/\/jeaken.com\/fr\/#website\",\"url\":\"https:\/\/jeaken.com\/fr\/\",\"name\":\"JeaKen\",\"description\":\"Organic Supplements for Health, Fitness and Nutrition\",\"publisher\":{\"@id\":\"https:\/\/jeaken.com\/fr\/#organization\"},\"potentialAction\":[{\"@type\":\"SearchAction\",\"target\":{\"@type\":\"EntryPoint\",\"urlTemplate\":\"https:\/\/jeaken.com\/fr\/?s={search_term_string}\"},\"query-input\":\"required name=search_term_string\"}],\"inLanguage\":\"fr-FR\"},{\"@type\":\"Organization\",\"@id\":\"https:\/\/jeaken.com\/fr\/#organization\",\"name\":\"JeaKen\",\"url\":\"https:\/\/jeaken.com\/fr\/\",\"logo\":{\"@type\":\"ImageObject\",\"inLanguage\":\"fr-FR\",\"@id\":\"https:\/\/jeaken.com\/fr\/#\/schema\/logo\/image\/\",\"url\":\"https:\/\/jeaken.com\/wp-content\/uploads\/2022\/06\/jeaken-logo-23.png\",\"contentUrl\":\"https:\/\/jeaken.com\/wp-content\/uploads\/2022\/06\/jeaken-logo-23.png\",\"width\":2486,\"height\":736,\"caption\":\"JeaKen\"},\"image\":{\"@id\":\"https:\/\/jeaken.com\/fr\/#\/schema\/logo\/image\/\"}}]}<\/script>\n<!-- \/ Yoast SEO plugin. -->","yoast_head_json":{"title":"Nootropics Cognitive Enchancer - Premium Concentration and Memory Enhancers (60 Capsules) - JeaKen","robots":{"index":"index","follow":"follow","max-snippet":"max-snippet:-1","max-image-preview":"max-image-preview:large","max-video-preview":"max-video-preview:-1"},"canonical":"https:\/\/jeaken.com\/fr\/produit\/nootropics-cognitive-enchancer-premium-concentration-and-memory-enhancers-60-capsules\/","og_locale":"fr_FR","og_type":"article","og_title":"Nootropics Cognitive Enchancer - Premium Concentration and Memory Enhancers (60 Capsules) - JeaKen","og_description":"Suppl\u00e9ment puissant pour une meilleure concentration, une meilleure m\u00e9moire et une meilleure humeur. &nbsp; &nbsp;","og_url":"https:\/\/jeaken.com\/fr\/produit\/nootropics-cognitive-enchancer-premium-concentration-and-memory-enhancers-60-capsules\/","og_site_name":"JeaKen","article_modified_time":"2022-09-08T14:51:19+00:00","og_image":[{"width":600,"height":600,"url":"https:\/\/jeaken.com\/wp-content\/uploads\/2022\/07\/71C1wDkeqPL._AC_SL1500_.jpg","type":"image\/jpeg"}],"twitter_card":"summary_large_image","twitter_misc":{"Est. reading time":"1 minute"},"schema":{"@context":"https:\/\/schema.org","@graph":[{"@type":"WebPage","@id":"https:\/\/jeaken.com\/fr\/produit\/nootropics-cognitive-enchancer-premium-concentration-and-memory-enhancers-60-capsules\/","url":"https:\/\/jeaken.com\/fr\/produit\/nootropics-cognitive-enchancer-premium-concentration-and-memory-enhancers-60-capsules\/","name":"Nootropics Cognitive Enchancer - Premium Concentration and Memory Enhancers (60 Capsules) - JeaKen","isPartOf":{"@id":"https:\/\/jeaken.com\/fr\/#website"},"primaryImageOfPage":{"@id":"https:\/\/jeaken.com\/fr\/produit\/nootropics-cognitive-enchancer-premium-concentration-and-memory-enhancers-60-capsules\/#primaryimage"},"image":{"@id":"https:\/\/jeaken.com\/fr\/produit\/nootropics-cognitive-enchancer-premium-concentration-and-memory-enhancers-60-capsules\/#primaryimage"},"thumbnailUrl":"https:\/\/jeaken.com\/wp-content\/uploads\/2022\/07\/71C1wDkeqPL._AC_SL1500_.jpg","datePublished":"2022-07-21T18:18:16+00:00","dateModified":"2022-09-08T14:51:19+00:00","breadcrumb":{"@id":"https:\/\/jeaken.com\/fr\/produit\/nootropics-cognitive-enchancer-premium-concentration-and-memory-enhancers-60-capsules\/#breadcrumb"},"inLanguage":"fr-FR","potentialAction":[{"@type":"ReadAction","target":["https:\/\/jeaken.com\/fr\/produit\/nootropics-cognitive-enchancer-premium-concentration-and-memory-enhancers-60-capsules\/"]}]},{"@type":"ImageObject","inLanguage":"fr-FR","@id":"https:\/\/jeaken.com\/fr\/produit\/nootropics-cognitive-enchancer-premium-concentration-and-memory-enhancers-60-capsules\/#primaryimage","url":"https:\/\/jeaken.com\/wp-content\/uploads\/2022\/07\/71C1wDkeqPL._AC_SL1500_.jpg","contentUrl":"https:\/\/jeaken.com\/wp-content\/uploads\/2022\/07\/71C1wDkeqPL._AC_SL1500_.jpg","width":600,"height":600,"caption":"Nootropics Cognitive Enchancer - Premium Concentration and Memory Enhancers"},{"@type":"BreadcrumbList","@id":"https:\/\/jeaken.com\/fr\/produit\/nootropics-cognitive-enchancer-premium-concentration-and-memory-enhancers-60-capsules\/#breadcrumb","itemListElement":[{"@type":"ListItem","position":1,"name":"Home","item":"https:\/\/jeaken.com\/fr\/"},{"@type":"ListItem","position":2,"name":"Private: Shop","item":"https:\/\/jeaken.com\/shop\/"},{"@type":"ListItem","position":3,"name":"Nootropics Cognitive Enchancer &#8211; Premium Concentration and Memory Enhancers (60 Capsules)"}]},{"@type":"WebSite","@id":"https:\/\/jeaken.com\/fr\/#website","url":"https:\/\/jeaken.com\/fr\/","name":"JeaKen","description":"Organic Supplements for Health, Fitness and Nutrition","publisher":{"@id":"https:\/\/jeaken.com\/fr\/#organization"},"potentialAction":[{"@type":"SearchAction","target":{"@type":"EntryPoint","urlTemplate":"https:\/\/jeaken.com\/fr\/?s={search_term_string}"},"query-input":"required name=search_term_string"}],"inLanguage":"fr-FR"},{"@type":"Organization","@id":"https:\/\/jeaken.com\/fr\/#organization","name":"JeaKen","url":"https:\/\/jeaken.com\/fr\/","logo":{"@type":"ImageObject","inLanguage":"fr-FR","@id":"https:\/\/jeaken.com\/fr\/#\/schema\/logo\/image\/","url":"https:\/\/jeaken.com\/wp-content\/uploads\/2022\/06\/jeaken-logo-23.png","contentUrl":"https:\/\/jeaken.com\/wp-content\/uploads\/2022\/06\/jeaken-logo-23.png","width":2486,"height":736,"caption":"JeaKen"},"image":{"@id":"https:\/\/jeaken.com\/fr\/#\/schema\/logo\/image\/"}}]}},"jetpack_sharing_enabled":true,"_links":{"self":[{"href":"https:\/\/jeaken.com\/fr\/wp-json\/wp\/v2\/product\/8801","targetHints":{"allow":["GET"]}}],"collection":[{"href":"https:\/\/jeaken.com\/fr\/wp-json\/wp\/v2\/product"}],"about":[{"href":"https:\/\/jeaken.com\/fr\/wp-json\/wp\/v2\/types\/product"}],"wp:featuredmedia":[{"embeddable":true,"href":"https:\/\/jeaken.com\/fr\/wp-json\/wp\/v2\/media\/3786"}],"wp:attachment":[{"href":"https:\/\/jeaken.com\/fr\/wp-json\/wp\/v2\/media?parent=8801"}],"wp:term":[{"taxonomy":"product_cat","embeddable":true,"href":"https:\/\/jeaken.com\/fr\/wp-json\/wp\/v2\/product_cat?post=8801"},{"taxonomy":"product_tag","embeddable":true,"href":"https:\/\/jeaken.com\/fr\/wp-json\/wp\/v2\/product_tag?post=8801"}],"curies":[{"name":"wp","href":"https:\/\/api.w.org\/{rel}","templated":true}]}}