{"id":8788,"date":"2022-07-21T19:18:16","date_gmt":"2022-07-21T18:18:16","guid":{"rendered":"https:\/product\/probiotiques-avec-prebiotiques-90-capsules\/"},"modified":"2022-09-08T13:30:21","modified_gmt":"2022-09-08T12:30:21","slug":"probiotiques-avec-prebiotiques-90-capsules","status":"publish","type":"product","link":"https:\/\/jeaken.com\/fr\/produit\/probiotiques-avec-prebiotiques-90-capsules\/","title":{"rendered":"<strong>Probiotiques avec pr\u00e9biotiques &#8211; (90 Capsules)<strong>"},"content":{"rendered":"<p><strong>SOULAGEMENT DU BALLONNEMENT  <\/strong><\/p>\n<p>Nos g\u00e9lules sont issues de la famille des probiotiques Lactobacillus, qui sont les probiotiques les plus efficaces pour aider \u00e0 maintenir un syst\u00e8me digestif sain.<span class=\"a-list-item a-size-base\">  Nos souches bact\u00e9riennes soigneusement s\u00e9lectionn\u00e9es sont parmi les plus connues pour aider \u00e0 soulager les sensations de ballonnement et de pl\u00e9nitude.  <\/span><\/p>\n<p><span class=\"a-list-item a-size-base\"><strong>6 SOUCHES ACTIVES DE 10 MILLIARDS DE CFU PAR PORTION<\/strong> <\/span><\/p>\n<p><span class=\"a-list-item a-size-base\">Nos probiotiques complexes offrent 6 souches les plus efficaces : lactobacillus acidophillus, lactobacillus rhamnosus, lactobacillus gasseri, bifidobacterium lactis, bifidobacterium bifidus et saccharomyces boullardii.<\/span><\/p>\n<p><strong>  SURVIT GR\u00c2CE \u00c0 L&#8217;ACIDIT\u00c9 DE L&#8217;ESTOMAC  <\/strong><\/p>\n<p>Le Saccharomyces boulardii est un probiotique <span class=\"a-list-item a-size-base\">bien \u00e9tudi\u00e9,<\/span> de renomm\u00e9e internationale, dont il est prouv\u00e9 qu&#8217;il survit \u00e0 l&#8217;acidit\u00e9 de l&#8217;estomac pour atteindre l&#8217;intestin vivant.<\/p>\n<p><b>DE MULTIPLES AVANTAGES POUR LA SANT\u00c9<\/b><\/p>\n<p>Notre formule innovante est enrichie en inuline, une fibre pr\u00e9biotique qui pr\u00e9sente de puissants avantages pour la sant\u00e9, notamment une am\u00e9lioration de l&#8217;immunit\u00e9, une augmentation des taux de cholest\u00e9rol et un meilleur m\u00e9tabolisme.<span class=\"a-list-item\"><br \/>\n  <span class=\"a-size-base\">egularit\u00e9, une meilleure n<\/span><br \/>\n<\/span><span class=\"a-list-item\"><br \/>\n  <span class=\"a-size-base\">utriments, perte de poids, am\u00e9lioration de la sant\u00e9 des voies urinaires, am\u00e9lioration du taux de cholest\u00e9rol et am\u00e9lioration du m\u00e9tabolisme.<\/span><br \/>\n<\/span><\/p>\n<p><strong>FABRIQU\u00c9S \u00c0 PARTIR D&#8217;INGR\u00c9DIENTS NATURELS<\/strong><\/p>\n<p>Nos capsules v\u00e9g\u00e9taliennes sont 100 % pures et naturelles et contiennent des ingr\u00e9dients sans OGM.<\/p>\n","protected":false},"excerpt":{"rendered":"<p><b>Six souches actives de <span class=\"a-list-item a-size-base\"><br \/>\n  <strong>10 milliards d&#8217;UFC par portion pour <\/strong><br \/>\n<\/span>soulagement des ballonnements, sant\u00e9 intestinale et multiples avantages pour la sant\u00e9.  <\/b><\/p>\n","protected":false},"featured_media":15790,"template":"","meta":{"site-sidebar-layout":"default","site-content-layout":"default","ast-site-content-layout":"default","site-content-style":"default","site-sidebar-style":"default","ast-global-header-display":"","ast-banner-title-visibility":"","ast-main-header-display":"","ast-hfb-above-header-display":"","ast-hfb-below-header-display":"","ast-hfb-mobile-header-display":"","site-post-title":"","ast-breadcrumbs-content":"","ast-featured-img":"","footer-sml-layout":"","theme-transparent-header-meta":"default","adv-header-id-meta":"","stick-header-meta":"default","header-above-stick-meta":"","header-main-stick-meta":"","header-below-stick-meta":"","astra-migrate-meta-layouts":"default","ast-page-background-enabled":"default","ast-page-background-meta":{"desktop":{"background-color":"","background-image":"","background-repeat":"repeat","background-position":"center center","background-size":"auto","background-attachment":"scroll","background-type":"","background-media":"","overlay-type":"","overlay-color":"","overlay-opacity":"","overlay-gradient":""},"tablet":{"background-color":"","background-image":"","background-repeat":"repeat","background-position":"center center","background-size":"auto","background-attachment":"scroll","background-type":"","background-media":"","overlay-type":"","overlay-color":"","overlay-opacity":"","overlay-gradient":""},"mobile":{"background-color":"","background-image":"","background-repeat":"repeat","background-position":"center center","background-size":"auto","background-attachment":"scroll","background-type":"","background-media":"","overlay-type":"","overlay-color":"","overlay-opacity":"","overlay-gradient":""}},"ast-content-background-meta":{"desktop":{"background-color":"var(--ast-global-color-5)","background-image":"","background-repeat":"repeat","background-position":"center center","background-size":"auto","background-attachment":"scroll","background-type":"","background-media":"","overlay-type":"","overlay-color":"","overlay-opacity":"","overlay-gradient":""},"tablet":{"background-color":"var(--ast-global-color-5)","background-image":"","background-repeat":"repeat","background-position":"center center","background-size":"auto","background-attachment":"scroll","background-type":"","background-media":"","overlay-type":"","overlay-color":"","overlay-opacity":"","overlay-gradient":""},"mobile":{"background-color":"var(--ast-global-color-5)","background-image":"","background-repeat":"repeat","background-position":"center center","background-size":"auto","background-attachment":"scroll","background-type":"","background-media":"","overlay-type":"","overlay-color":"","overlay-opacity":"","overlay-gradient":""}}},"product_cat":[692,693],"product_tag":[1662,1683,1678,1671,1673,1675,1680,1682,1669,1665,1676,1667],"class_list":{"0":"post-8788","1":"product","2":"type-product","3":"status-publish","4":"has-post-thumbnail","6":"product_cat-sante-digestive","7":"product_cat-soulagement-des-ballonnements","8":"product_tag-capsules-dacidophilus","9":"product_tag-comprimes-contre-le-muguet","10":"product_tag-comprimes-probiotiques","11":"product_tag-lactobacillus-rhamnosus-fr","12":"product_tag-prebiotiques-pour-adultes","13":"product_tag-pro-biotics-capsules-fr","14":"product_tag-probiotiques-pour-adultes","15":"product_tag-probiotiques-pour-les-femmes","16":"product_tag-sante-intestinale","17":"product_tag-soulagement-du-ballonnement","18":"product_tag-supplement-probiotique","19":"product_tag-traitement-de-la-candidose","20":"has-subscription-plans","21":"desktop-align-left","22":"tablet-align-left","23":"mobile-align-left","25":"first","26":"instock","27":"sale","28":"taxable","29":"shipping-taxable","30":"purchasable","31":"product-type-simple"},"yoast_head":"<!-- This site is optimized with the Yoast SEO plugin v22.7 - https:\/\/yoast.com\/wordpress\/plugins\/seo\/ -->\n<title>Probiotiques avec pr\u00e9biotiques - (90 Capsules) - JeaKen<\/title>\n<meta name=\"robots\" content=\"index, follow, max-snippet:-1, max-image-preview:large, max-video-preview:-1\" \/>\n<link rel=\"canonical\" href=\"https:\/\/jeaken.com\/fr\/produit\/probiotiques-avec-prebiotiques-90-capsules\/\" \/>\n<meta property=\"og:locale\" content=\"fr_FR\" \/>\n<meta property=\"og:type\" content=\"article\" \/>\n<meta property=\"og:title\" content=\"Probiotiques avec pr\u00e9biotiques - (90 Capsules) - JeaKen\" \/>\n<meta property=\"og:description\" content=\"Six souches actives de  10 milliards d&#039;UFC par portion pour soulagement des ballonnements, sant\u00e9 intestinale et multiples avantages pour la sant\u00e9.\" \/>\n<meta property=\"og:url\" content=\"https:\/\/jeaken.com\/fr\/produit\/probiotiques-avec-prebiotiques-90-capsules\/\" \/>\n<meta property=\"og:site_name\" content=\"JeaKen\" \/>\n<meta property=\"article:modified_time\" content=\"2022-09-08T12:30:21+00:00\" \/>\n<meta property=\"og:image\" content=\"https:\/\/jeaken.com\/wp-content\/uploads\/2022\/07\/Probiotics-90-1.jpg\" \/>\n\t<meta property=\"og:image:width\" content=\"512\" \/>\n\t<meta property=\"og:image:height\" content=\"600\" \/>\n\t<meta property=\"og:image:type\" content=\"image\/jpeg\" \/>\n<meta name=\"twitter:card\" content=\"summary_large_image\" \/>\n<meta name=\"twitter:label1\" content=\"Est. reading time\" \/>\n\t<meta name=\"twitter:data1\" content=\"1 minute\" \/>\n<script type=\"application\/ld+json\" class=\"yoast-schema-graph\">{\"@context\":\"https:\/\/schema.org\",\"@graph\":[{\"@type\":\"WebPage\",\"@id\":\"https:\/\/jeaken.com\/fr\/produit\/probiotiques-avec-prebiotiques-90-capsules\/\",\"url\":\"https:\/\/jeaken.com\/fr\/produit\/probiotiques-avec-prebiotiques-90-capsules\/\",\"name\":\"Probiotiques avec pr\u00e9biotiques - (90 Capsules) - JeaKen\",\"isPartOf\":{\"@id\":\"https:\/\/jeaken.com\/fr\/#website\"},\"primaryImageOfPage\":{\"@id\":\"https:\/\/jeaken.com\/fr\/produit\/probiotiques-avec-prebiotiques-90-capsules\/#primaryimage\"},\"image\":{\"@id\":\"https:\/\/jeaken.com\/fr\/produit\/probiotiques-avec-prebiotiques-90-capsules\/#primaryimage\"},\"thumbnailUrl\":\"https:\/\/jeaken.com\/wp-content\/uploads\/2022\/07\/Probiotics-90-1.jpg\",\"datePublished\":\"2022-07-21T18:18:16+00:00\",\"dateModified\":\"2022-09-08T12:30:21+00:00\",\"breadcrumb\":{\"@id\":\"https:\/\/jeaken.com\/fr\/produit\/probiotiques-avec-prebiotiques-90-capsules\/#breadcrumb\"},\"inLanguage\":\"fr-FR\",\"potentialAction\":[{\"@type\":\"ReadAction\",\"target\":[\"https:\/\/jeaken.com\/fr\/produit\/probiotiques-avec-prebiotiques-90-capsules\/\"]}]},{\"@type\":\"ImageObject\",\"inLanguage\":\"fr-FR\",\"@id\":\"https:\/\/jeaken.com\/fr\/produit\/probiotiques-avec-prebiotiques-90-capsules\/#primaryimage\",\"url\":\"https:\/\/jeaken.com\/wp-content\/uploads\/2022\/07\/Probiotics-90-1.jpg\",\"contentUrl\":\"https:\/\/jeaken.com\/wp-content\/uploads\/2022\/07\/Probiotics-90-1.jpg\",\"width\":512,\"height\":600,\"caption\":\"6 Strains Probiotics with Prebiotics\"},{\"@type\":\"BreadcrumbList\",\"@id\":\"https:\/\/jeaken.com\/fr\/produit\/probiotiques-avec-prebiotiques-90-capsules\/#breadcrumb\",\"itemListElement\":[{\"@type\":\"ListItem\",\"position\":1,\"name\":\"Home\",\"item\":\"https:\/\/jeaken.com\/fr\/\"},{\"@type\":\"ListItem\",\"position\":2,\"name\":\"Private: Shop\",\"item\":\"https:\/\/jeaken.com\/shop\/\"},{\"@type\":\"ListItem\",\"position\":3,\"name\":\"Probiotiques avec pr\u00e9biotiques &#8211; (90 Capsules)\"}]},{\"@type\":\"WebSite\",\"@id\":\"https:\/\/jeaken.com\/fr\/#website\",\"url\":\"https:\/\/jeaken.com\/fr\/\",\"name\":\"JeaKen\",\"description\":\"Organic Supplements for Health, Fitness and Nutrition\",\"publisher\":{\"@id\":\"https:\/\/jeaken.com\/fr\/#organization\"},\"potentialAction\":[{\"@type\":\"SearchAction\",\"target\":{\"@type\":\"EntryPoint\",\"urlTemplate\":\"https:\/\/jeaken.com\/fr\/?s={search_term_string}\"},\"query-input\":\"required name=search_term_string\"}],\"inLanguage\":\"fr-FR\"},{\"@type\":\"Organization\",\"@id\":\"https:\/\/jeaken.com\/fr\/#organization\",\"name\":\"JeaKen\",\"url\":\"https:\/\/jeaken.com\/fr\/\",\"logo\":{\"@type\":\"ImageObject\",\"inLanguage\":\"fr-FR\",\"@id\":\"https:\/\/jeaken.com\/fr\/#\/schema\/logo\/image\/\",\"url\":\"https:\/\/jeaken.com\/wp-content\/uploads\/2022\/06\/jeaken-logo-23.png\",\"contentUrl\":\"https:\/\/jeaken.com\/wp-content\/uploads\/2022\/06\/jeaken-logo-23.png\",\"width\":2486,\"height\":736,\"caption\":\"JeaKen\"},\"image\":{\"@id\":\"https:\/\/jeaken.com\/fr\/#\/schema\/logo\/image\/\"}}]}<\/script>\n<!-- \/ Yoast SEO plugin. -->","yoast_head_json":{"title":"Probiotiques avec pr\u00e9biotiques - (90 Capsules) - JeaKen","robots":{"index":"index","follow":"follow","max-snippet":"max-snippet:-1","max-image-preview":"max-image-preview:large","max-video-preview":"max-video-preview:-1"},"canonical":"https:\/\/jeaken.com\/fr\/produit\/probiotiques-avec-prebiotiques-90-capsules\/","og_locale":"fr_FR","og_type":"article","og_title":"Probiotiques avec pr\u00e9biotiques - (90 Capsules) - JeaKen","og_description":"Six souches actives de  10 milliards d'UFC par portion pour soulagement des ballonnements, sant\u00e9 intestinale et multiples avantages pour la sant\u00e9.","og_url":"https:\/\/jeaken.com\/fr\/produit\/probiotiques-avec-prebiotiques-90-capsules\/","og_site_name":"JeaKen","article_modified_time":"2022-09-08T12:30:21+00:00","og_image":[{"width":512,"height":600,"url":"https:\/\/jeaken.com\/wp-content\/uploads\/2022\/07\/Probiotics-90-1.jpg","type":"image\/jpeg"}],"twitter_card":"summary_large_image","twitter_misc":{"Est. reading time":"1 minute"},"schema":{"@context":"https:\/\/schema.org","@graph":[{"@type":"WebPage","@id":"https:\/\/jeaken.com\/fr\/produit\/probiotiques-avec-prebiotiques-90-capsules\/","url":"https:\/\/jeaken.com\/fr\/produit\/probiotiques-avec-prebiotiques-90-capsules\/","name":"Probiotiques avec pr\u00e9biotiques - (90 Capsules) - JeaKen","isPartOf":{"@id":"https:\/\/jeaken.com\/fr\/#website"},"primaryImageOfPage":{"@id":"https:\/\/jeaken.com\/fr\/produit\/probiotiques-avec-prebiotiques-90-capsules\/#primaryimage"},"image":{"@id":"https:\/\/jeaken.com\/fr\/produit\/probiotiques-avec-prebiotiques-90-capsules\/#primaryimage"},"thumbnailUrl":"https:\/\/jeaken.com\/wp-content\/uploads\/2022\/07\/Probiotics-90-1.jpg","datePublished":"2022-07-21T18:18:16+00:00","dateModified":"2022-09-08T12:30:21+00:00","breadcrumb":{"@id":"https:\/\/jeaken.com\/fr\/produit\/probiotiques-avec-prebiotiques-90-capsules\/#breadcrumb"},"inLanguage":"fr-FR","potentialAction":[{"@type":"ReadAction","target":["https:\/\/jeaken.com\/fr\/produit\/probiotiques-avec-prebiotiques-90-capsules\/"]}]},{"@type":"ImageObject","inLanguage":"fr-FR","@id":"https:\/\/jeaken.com\/fr\/produit\/probiotiques-avec-prebiotiques-90-capsules\/#primaryimage","url":"https:\/\/jeaken.com\/wp-content\/uploads\/2022\/07\/Probiotics-90-1.jpg","contentUrl":"https:\/\/jeaken.com\/wp-content\/uploads\/2022\/07\/Probiotics-90-1.jpg","width":512,"height":600,"caption":"6 Strains Probiotics with Prebiotics"},{"@type":"BreadcrumbList","@id":"https:\/\/jeaken.com\/fr\/produit\/probiotiques-avec-prebiotiques-90-capsules\/#breadcrumb","itemListElement":[{"@type":"ListItem","position":1,"name":"Home","item":"https:\/\/jeaken.com\/fr\/"},{"@type":"ListItem","position":2,"name":"Private: Shop","item":"https:\/\/jeaken.com\/shop\/"},{"@type":"ListItem","position":3,"name":"Probiotiques avec pr\u00e9biotiques &#8211; (90 Capsules)"}]},{"@type":"WebSite","@id":"https:\/\/jeaken.com\/fr\/#website","url":"https:\/\/jeaken.com\/fr\/","name":"JeaKen","description":"Organic Supplements for Health, Fitness and Nutrition","publisher":{"@id":"https:\/\/jeaken.com\/fr\/#organization"},"potentialAction":[{"@type":"SearchAction","target":{"@type":"EntryPoint","urlTemplate":"https:\/\/jeaken.com\/fr\/?s={search_term_string}"},"query-input":"required name=search_term_string"}],"inLanguage":"fr-FR"},{"@type":"Organization","@id":"https:\/\/jeaken.com\/fr\/#organization","name":"JeaKen","url":"https:\/\/jeaken.com\/fr\/","logo":{"@type":"ImageObject","inLanguage":"fr-FR","@id":"https:\/\/jeaken.com\/fr\/#\/schema\/logo\/image\/","url":"https:\/\/jeaken.com\/wp-content\/uploads\/2022\/06\/jeaken-logo-23.png","contentUrl":"https:\/\/jeaken.com\/wp-content\/uploads\/2022\/06\/jeaken-logo-23.png","width":2486,"height":736,"caption":"JeaKen"},"image":{"@id":"https:\/\/jeaken.com\/fr\/#\/schema\/logo\/image\/"}}]}},"jetpack_sharing_enabled":true,"_links":{"self":[{"href":"https:\/\/jeaken.com\/fr\/wp-json\/wp\/v2\/product\/8788","targetHints":{"allow":["GET"]}}],"collection":[{"href":"https:\/\/jeaken.com\/fr\/wp-json\/wp\/v2\/product"}],"about":[{"href":"https:\/\/jeaken.com\/fr\/wp-json\/wp\/v2\/types\/product"}],"wp:featuredmedia":[{"embeddable":true,"href":"https:\/\/jeaken.com\/fr\/wp-json\/wp\/v2\/media\/15790"}],"wp:attachment":[{"href":"https:\/\/jeaken.com\/fr\/wp-json\/wp\/v2\/media?parent=8788"}],"wp:term":[{"taxonomy":"product_cat","embeddable":true,"href":"https:\/\/jeaken.com\/fr\/wp-json\/wp\/v2\/product_cat?post=8788"},{"taxonomy":"product_tag","embeddable":true,"href":"https:\/\/jeaken.com\/fr\/wp-json\/wp\/v2\/product_tag?post=8788"}],"curies":[{"name":"wp","href":"https:\/\/api.w.org\/{rel}","templated":true}]}}