{"id":6949,"date":"2022-07-21T19:18:16","date_gmt":"2022-07-21T18:18:16","guid":{"rendered":"https:\/1658920591610?product=serum-pour-le-visage-a-laloes-retinien-creme-anti-rides-naturelle-de-qualite-superieure-50ml"},"modified":"2022-08-09T15:17:38","modified_gmt":"2022-08-09T14:17:38","slug":"serum-pour-le-visage-a-laloes-retinien-creme-anti-rides-naturelle-de-qualite-superieure-50ml","status":"publish","type":"product","link":"https:\/\/jeaken.com\/fr\/produit\/serum-pour-le-visage-a-laloes-retinien-creme-anti-rides-naturelle-de-qualite-superieure-50ml\/","title":{"rendered":"S\u00e9rum pour le visage \u00e0 l&#8217;alo\u00e8s r\u00e9tinien &#8211; Cr\u00e8me anti-rides naturelle de qualit\u00e9 sup\u00e9rieure (50ml)"},"content":{"rendered":"<ul class=\"a-unordered-list a-vertical a-spacing-none\">\n<li><span class=\"a-list-item\">\u2705 ADVANCED ANTI-AGING FORMULA &#8211; JeaKen retinol face serum , un gel opaque contient des extraits de fruit de la passion et de th\u00e9 vert pour des propri\u00e9t\u00e9s anti-\u00e2ge suppl\u00e9mentaires pour les peaux s\u00e8ches, ternes ou fatigu\u00e9es, aide \u00e0 effacer les lignes fines, et lisse les rides &#8211; ce qui en fait le s\u00e9rum anti-\u00e2ge au r\u00e9tinol ultime !<\/span><\/li>\n<li><span class=\"a-list-item\">\u2705 LIFT ET \u00c9CLAT DE LA PEAU &#8211; Vous en avez assez d&#8217;essayer des s\u00e9rums pour le visage sans aucun r\u00e9sultat ? Procurez-vous le s\u00e9rum pour le visage \u00e0 l&#8217;alo\u00e8s et au r\u00e9tinol de JeaKen et laissez-vous surprendre par l&#8217;aspect diff\u00e9rent de votre peau quelques jours apr\u00e8s son utilisation. Cette formule naturelle est infus\u00e9e d&#8217;extraits de fruits et de plantes pour relever et \u00e9claircir la peau.<\/span><\/li>\n<li><span class=\"a-list-item\">\u2705 PURE PROTECTION ACTIVE DE RETINOL &#8211; Notre s\u00e9rum de r\u00e9tinol haute puissance pour le visage contient de l&#8217;huile d&#8217;avocat, une source riche de r\u00e9tinol et de b\u00eata-carot\u00e8ne, et de l&#8217;huile d&#8217;argan qui nourrit la peau avec des nutriments cl\u00e9s aidant \u00e0 pr\u00e9venir les rides. Le s\u00e9rum pour le visage au r\u00e9tinol agit \u00e0 un niveau extr\u00eame pour r\u00e9parer la peau et stimuler le collag\u00e8ne, ce qui permet d&#8217;obtenir une peau plus ferme, plus lisse et sans rides.<\/span><\/li>\n<li><span class=\"a-list-item\">\u2705 INGREDIENTS NATURELS &#8211; notre s\u00e9rum au r\u00e9tinol est sans parab\u00e8nes ni alcool. Les ingr\u00e9dients actifs contenus dans notre s\u00e9rum travaillent en synergie avec votre peau. Ce puissant s\u00e9rum au r\u00e9tinol pour le visage, fabriqu\u00e9 \u00e0 partir d&#8217;ingr\u00e9dients naturels et rival des s\u00e9rums anti-\u00e2ge de grande marque les plus chers, fera ressortir la beaut\u00e9 de mani\u00e8re naturelle.<\/span><\/li>\n<li><span class=\"a-list-item\">\u2705 SATISFACTION GARANTIE &#8211; Nous sommes tellement convaincus que vous allez adorer notre s\u00e9rum de r\u00e9tinol haute puissance pour le visage que nous garantissons votre remboursement si vous n&#8217;\u00eates pas enti\u00e8rement satisfait.<\/span><\/li>\n<\/ul>\n","protected":false},"excerpt":{"rendered":"<p><strong>  ALOE RETINOL FACIAL SERUM By JeaKen &#8230;<\/strong><\/p>\n<p><strong>Vous cherchez \u00e0 lifter et \u00e0 \u00e9claircir votre peau, \u00e0 pr\u00e9venir les rides et le vieillissement cutan\u00e9 ?<\/strong><\/p>\n<p>Alors ne cherchez plus &#8211; ALOE RETINOL FACIAL SERUM By JeaKen est parfait pour vous !<\/p>\n<p><strong>  Pourquoi choisir ALOE RETINOL FACIAL SERUM de JeaKen ?<\/strong><\/p>\n<p>Nos formules sont totalement uniques. Pour inverser les signes de vieillissement et les dommages caus\u00e9s par le soleil, le s\u00e9rum au r\u00e9tinol aide votre peau \u00e0 remplacer les vieilles cellules mortes par des cellules neuves et fra\u00eeches pour redonner \u00e0 votre visage un aspect jeune. Le s\u00e9rum pour la peau Jeaken Retinol est une combinaison puissante de certains des meilleurs ingr\u00e9dients anti-\u00e2ge connus de la science.<\/p>\n<p>Nous avons pris grand soin de cr\u00e9er et de d\u00e9velopper des formules naturelles en choisissant chaque plante pour ses bienfaits cibl\u00e9s sur la peau. Cette combinaison unique et savamment \u00e9labor\u00e9e d&#8217;ingr\u00e9dients n&#8217;est disponible nulle part ailleurs.<\/p>\n<p><strong>AVANTAGES CL\u00c9S :<\/strong><\/p>\n<ul>\n<li>Lifter et \u00e9claircir la peau<\/li>\n<li>Am\u00e9liore l&#8217;\u00e9lasticit\u00e9 et la structure de la peau en s\u00e9curisant l&#8217;hydratation.<\/li>\n<li>Adoucir, \u00e9claircir et am\u00e9liorer le teint g\u00e9n\u00e9ral.<\/li>\n<li>Augmente le renouvellement cellulaire et la production de collag\u00e8ne en am\u00e9liorant le teint de la peau.<\/li>\n<li>Am\u00e9liore l&#8217;apparence des rides et ridules.<\/li>\n<\/ul>\n<p><strong>MODE D&#8217;EMPLOI<\/strong><\/p>\n<p>Essuyez l\u00e9g\u00e8rement le visage avec une serviette humide et chaude. Tamponnez d\u00e9licatement le produit sur la peau nettoy\u00e9e et faites-le p\u00e9n\u00e9trer jusqu&#8217;\u00e0 absorption compl\u00e8te. Apr\u00e8s l&#8217;application, tapotez doucement le visage du bout des doigts pour faire p\u00e9n\u00e9trer le s\u00e9rum dans les couches profondes de la peau&#8230;.<\/p>\n<p><strong>ACHETEZ-LE MAINTENANT  <\/strong><\/p>\n<p><strong>Cliquez sur &#8220;AJOUTER AU PANIER&#8221; maintenant, jusqu&#8217;\u00e0 \u00e9puisement des stocks !<\/strong><\/p>\n","protected":false},"featured_media":3466,"template":"","meta":{"site-sidebar-layout":"default","site-content-layout":"default","ast-site-content-layout":"default","site-content-style":"default","site-sidebar-style":"default","ast-global-header-display":"","ast-banner-title-visibility":"","ast-main-header-display":"","ast-hfb-above-header-display":"","ast-hfb-below-header-display":"","ast-hfb-mobile-header-display":"","site-post-title":"","ast-breadcrumbs-content":"","ast-featured-img":"","footer-sml-layout":"","theme-transparent-header-meta":"default","adv-header-id-meta":"","stick-header-meta":"default","header-above-stick-meta":"","header-main-stick-meta":"","header-below-stick-meta":"","astra-migrate-meta-layouts":"default","ast-page-background-enabled":"default","ast-page-background-meta":{"desktop":{"background-color":"","background-image":"","background-repeat":"repeat","background-position":"center center","background-size":"auto","background-attachment":"scroll","background-type":"","background-media":"","overlay-type":"","overlay-color":"","overlay-opacity":"","overlay-gradient":""},"tablet":{"background-color":"","background-image":"","background-repeat":"repeat","background-position":"center center","background-size":"auto","background-attachment":"scroll","background-type":"","background-media":"","overlay-type":"","overlay-color":"","overlay-opacity":"","overlay-gradient":""},"mobile":{"background-color":"","background-image":"","background-repeat":"repeat","background-position":"center center","background-size":"auto","background-attachment":"scroll","background-type":"","background-media":"","overlay-type":"","overlay-color":"","overlay-opacity":"","overlay-gradient":""}},"ast-content-background-meta":{"desktop":{"background-color":"var(--ast-global-color-5)","background-image":"","background-repeat":"repeat","background-position":"center center","background-size":"auto","background-attachment":"scroll","background-type":"","background-media":"","overlay-type":"","overlay-color":"","overlay-opacity":"","overlay-gradient":""},"tablet":{"background-color":"var(--ast-global-color-5)","background-image":"","background-repeat":"repeat","background-position":"center center","background-size":"auto","background-attachment":"scroll","background-type":"","background-media":"","overlay-type":"","overlay-color":"","overlay-opacity":"","overlay-gradient":""},"mobile":{"background-color":"var(--ast-global-color-5)","background-image":"","background-repeat":"repeat","background-position":"center center","background-size":"auto","background-attachment":"scroll","background-type":"","background-media":"","overlay-type":"","overlay-color":"","overlay-opacity":"","overlay-gradient":""}}},"product_cat":[557,556,1609],"product_tag":[1611,1620,1612,1613,1614,1618,1621,1619,1616,1617,1615,1610],"class_list":{"0":"post-6949","1":"product","2":"type-product","3":"status-publish","4":"has-post-thumbnail","6":"product_cat-anti-age","7":"product_cat-beaute-naturelle","8":"product_cat-soins-de-la-peau","9":"product_tag-antirides","10":"product_tag-creme-a-la-tretinoine","11":"product_tag-creme-antirides","12":"product_tag-creme-au-retinol","13":"product_tag-creme-au-retinol-pour-le-visage","14":"product_tag-creme-eclaircissante-pour-peaux-foncees","15":"product_tag-huile-de-vitamine-e-pour-le-visage","16":"product_tag-le-retinol-ordinaire","17":"product_tag-serum-au-retinol","18":"product_tag-serum-de-retinol-haute-puissance-pour-le-visage","19":"product_tag-serum-pour-le-visage-au-retinol","20":"product_tag-traitement-de-lacne","21":"has-subscription-plans","22":"desktop-align-left","23":"tablet-align-left","24":"mobile-align-left","26":"first","27":"onbackorder","28":"taxable","29":"shipping-taxable","30":"purchasable","31":"product-type-simple"},"yoast_head":"<!-- This site is optimized with the Yoast SEO plugin v22.7 - https:\/\/yoast.com\/wordpress\/plugins\/seo\/ -->\n<title>S\u00e9rum pour le visage \u00e0 l&#039;alo\u00e8s r\u00e9tinien - Cr\u00e8me anti-rides naturelle de qualit\u00e9 sup\u00e9rieure (50ml) - JeaKen<\/title>\n<meta name=\"robots\" content=\"index, follow, max-snippet:-1, max-image-preview:large, max-video-preview:-1\" \/>\n<link rel=\"canonical\" href=\"https:\/\/jeaken.com\/fr\/produit\/serum-pour-le-visage-a-laloes-retinien-creme-anti-rides-naturelle-de-qualite-superieure-50ml\/\" \/>\n<meta property=\"og:locale\" content=\"fr_FR\" \/>\n<meta property=\"og:type\" content=\"article\" \/>\n<meta property=\"og:title\" content=\"S\u00e9rum pour le visage \u00e0 l&#039;alo\u00e8s r\u00e9tinien - Cr\u00e8me anti-rides naturelle de qualit\u00e9 sup\u00e9rieure (50ml) - JeaKen\" \/>\n<meta property=\"og:description\" content=\"ALOE RETINOL FACIAL SERUM By JeaKen ... Vous cherchez \u00e0 lifter et \u00e0 \u00e9claircir votre peau, \u00e0 pr\u00e9venir les rides et le vieillissement cutan\u00e9 ? Alors ne cherchez plus - ALOE RETINOL FACIAL SERUM By JeaKen est parfait pour vous !  Pourquoi choisir ALOE RETINOL FACIAL SERUM de JeaKen ? Nos formules sont totalement uniques. Pour inverser les signes de vieillissement et les dommages caus\u00e9s par le soleil, le s\u00e9rum au r\u00e9tinol aide votre peau \u00e0 remplacer les vieilles cellules mortes par des cellules neuves et fra\u00eeches pour redonner \u00e0 votre visage un aspect jeune. Le s\u00e9rum pour la peau Jeaken Retinol est une combinaison puissante de certains des meilleurs ingr\u00e9dients anti-\u00e2ge connus de la science. Nous avons pris grand soin de cr\u00e9er et de d\u00e9velopper des formules naturelles en choisissant chaque plante pour ses bienfaits cibl\u00e9s sur la peau. Cette combinaison unique et savamment \u00e9labor\u00e9e d&#039;ingr\u00e9dients n&#039;est disponible nulle part ailleurs. AVANTAGES CL\u00c9S :  Lifter et \u00e9claircir la peau  Am\u00e9liore l&#039;\u00e9lasticit\u00e9 et la structure de la peau en s\u00e9curisant l&#039;hydratation.  Adoucir, \u00e9claircir et am\u00e9liorer le teint g\u00e9n\u00e9ral.  Augmente le renouvellement cellulaire et la production de collag\u00e8ne en am\u00e9liorant le teint de la peau.  Am\u00e9liore l&#039;apparence des rides et ridules. MODE D&#039;EMPLOI Essuyez l\u00e9g\u00e8rement le visage avec une serviette humide et chaude. Tamponnez d\u00e9licatement le produit sur la peau nettoy\u00e9e et faites-le p\u00e9n\u00e9trer jusqu&#039;\u00e0 absorption compl\u00e8te. Apr\u00e8s l&#039;application, tapotez doucement le visage du bout des doigts pour faire p\u00e9n\u00e9trer le s\u00e9rum dans les couches profondes de la peau.... ACHETEZ-LE MAINTENANT  Cliquez sur &quot;AJOUTER AU PANIER&quot; maintenant, jusqu&#039;\u00e0 \u00e9puisement des stocks !\" \/>\n<meta property=\"og:url\" content=\"https:\/\/jeaken.com\/fr\/produit\/serum-pour-le-visage-a-laloes-retinien-creme-anti-rides-naturelle-de-qualite-superieure-50ml\/\" \/>\n<meta property=\"og:site_name\" content=\"JeaKen\" \/>\n<meta property=\"article:modified_time\" content=\"2022-08-09T14:17:38+00:00\" \/>\n<meta property=\"og:image\" content=\"https:\/\/jeaken.com\/wp-content\/uploads\/2022\/07\/61g28VXACL._AC_SL1500_.jpg\" \/>\n\t<meta property=\"og:image:width\" content=\"600\" \/>\n\t<meta property=\"og:image:height\" content=\"600\" \/>\n\t<meta property=\"og:image:type\" content=\"image\/jpeg\" \/>\n<meta name=\"twitter:card\" content=\"summary_large_image\" \/>\n<meta name=\"twitter:label1\" content=\"Est. reading time\" \/>\n\t<meta name=\"twitter:data1\" content=\"2 minutes\" \/>\n<script type=\"application\/ld+json\" class=\"yoast-schema-graph\">{\"@context\":\"https:\/\/schema.org\",\"@graph\":[{\"@type\":\"WebPage\",\"@id\":\"https:\/\/jeaken.com\/fr\/produit\/serum-pour-le-visage-a-laloes-retinien-creme-anti-rides-naturelle-de-qualite-superieure-50ml\/\",\"url\":\"https:\/\/jeaken.com\/fr\/produit\/serum-pour-le-visage-a-laloes-retinien-creme-anti-rides-naturelle-de-qualite-superieure-50ml\/\",\"name\":\"S\u00e9rum pour le visage \u00e0 l'alo\u00e8s r\u00e9tinien - Cr\u00e8me anti-rides naturelle de qualit\u00e9 sup\u00e9rieure (50ml) - JeaKen\",\"isPartOf\":{\"@id\":\"https:\/\/jeaken.com\/fr\/#website\"},\"primaryImageOfPage\":{\"@id\":\"https:\/\/jeaken.com\/fr\/produit\/serum-pour-le-visage-a-laloes-retinien-creme-anti-rides-naturelle-de-qualite-superieure-50ml\/#primaryimage\"},\"image\":{\"@id\":\"https:\/\/jeaken.com\/fr\/produit\/serum-pour-le-visage-a-laloes-retinien-creme-anti-rides-naturelle-de-qualite-superieure-50ml\/#primaryimage\"},\"thumbnailUrl\":\"https:\/\/jeaken.com\/wp-content\/uploads\/2022\/07\/61g28VXACL._AC_SL1500_.jpg\",\"datePublished\":\"2022-07-21T18:18:16+00:00\",\"dateModified\":\"2022-08-09T14:17:38+00:00\",\"breadcrumb\":{\"@id\":\"https:\/\/jeaken.com\/fr\/produit\/serum-pour-le-visage-a-laloes-retinien-creme-anti-rides-naturelle-de-qualite-superieure-50ml\/#breadcrumb\"},\"inLanguage\":\"fr-FR\",\"potentialAction\":[{\"@type\":\"ReadAction\",\"target\":[\"https:\/\/jeaken.com\/fr\/produit\/serum-pour-le-visage-a-laloes-retinien-creme-anti-rides-naturelle-de-qualite-superieure-50ml\/\"]}]},{\"@type\":\"ImageObject\",\"inLanguage\":\"fr-FR\",\"@id\":\"https:\/\/jeaken.com\/fr\/produit\/serum-pour-le-visage-a-laloes-retinien-creme-anti-rides-naturelle-de-qualite-superieure-50ml\/#primaryimage\",\"url\":\"https:\/\/jeaken.com\/wp-content\/uploads\/2022\/07\/61g28VXACL._AC_SL1500_.jpg\",\"contentUrl\":\"https:\/\/jeaken.com\/wp-content\/uploads\/2022\/07\/61g28VXACL._AC_SL1500_.jpg\",\"width\":600,\"height\":600,\"caption\":\"High-Strength Aloe Retinol Face Serum - Premium Quality Natural Anti-Wrinkle Cream\"},{\"@type\":\"BreadcrumbList\",\"@id\":\"https:\/\/jeaken.com\/fr\/produit\/serum-pour-le-visage-a-laloes-retinien-creme-anti-rides-naturelle-de-qualite-superieure-50ml\/#breadcrumb\",\"itemListElement\":[{\"@type\":\"ListItem\",\"position\":1,\"name\":\"Home\",\"item\":\"https:\/\/jeaken.com\/fr\/\"},{\"@type\":\"ListItem\",\"position\":2,\"name\":\"Private: Shop\",\"item\":\"https:\/\/jeaken.com\/shop\/\"},{\"@type\":\"ListItem\",\"position\":3,\"name\":\"S\u00e9rum pour le visage \u00e0 l&#8217;alo\u00e8s r\u00e9tinien &#8211; Cr\u00e8me anti-rides naturelle de qualit\u00e9 sup\u00e9rieure (50ml)\"}]},{\"@type\":\"WebSite\",\"@id\":\"https:\/\/jeaken.com\/fr\/#website\",\"url\":\"https:\/\/jeaken.com\/fr\/\",\"name\":\"JeaKen\",\"description\":\"Organic Supplements for Health, Fitness and Nutrition\",\"publisher\":{\"@id\":\"https:\/\/jeaken.com\/fr\/#organization\"},\"potentialAction\":[{\"@type\":\"SearchAction\",\"target\":{\"@type\":\"EntryPoint\",\"urlTemplate\":\"https:\/\/jeaken.com\/fr\/?s={search_term_string}\"},\"query-input\":\"required name=search_term_string\"}],\"inLanguage\":\"fr-FR\"},{\"@type\":\"Organization\",\"@id\":\"https:\/\/jeaken.com\/fr\/#organization\",\"name\":\"JeaKen\",\"url\":\"https:\/\/jeaken.com\/fr\/\",\"logo\":{\"@type\":\"ImageObject\",\"inLanguage\":\"fr-FR\",\"@id\":\"https:\/\/jeaken.com\/fr\/#\/schema\/logo\/image\/\",\"url\":\"https:\/\/jeaken.com\/wp-content\/uploads\/2022\/06\/jeaken-logo-23.png\",\"contentUrl\":\"https:\/\/jeaken.com\/wp-content\/uploads\/2022\/06\/jeaken-logo-23.png\",\"width\":2486,\"height\":736,\"caption\":\"JeaKen\"},\"image\":{\"@id\":\"https:\/\/jeaken.com\/fr\/#\/schema\/logo\/image\/\"}}]}<\/script>\n<!-- \/ Yoast SEO plugin. -->","yoast_head_json":{"title":"S\u00e9rum pour le visage \u00e0 l'alo\u00e8s r\u00e9tinien - Cr\u00e8me anti-rides naturelle de qualit\u00e9 sup\u00e9rieure (50ml) - JeaKen","robots":{"index":"index","follow":"follow","max-snippet":"max-snippet:-1","max-image-preview":"max-image-preview:large","max-video-preview":"max-video-preview:-1"},"canonical":"https:\/\/jeaken.com\/fr\/produit\/serum-pour-le-visage-a-laloes-retinien-creme-anti-rides-naturelle-de-qualite-superieure-50ml\/","og_locale":"fr_FR","og_type":"article","og_title":"S\u00e9rum pour le visage \u00e0 l'alo\u00e8s r\u00e9tinien - Cr\u00e8me anti-rides naturelle de qualit\u00e9 sup\u00e9rieure (50ml) - JeaKen","og_description":"ALOE RETINOL FACIAL SERUM By JeaKen ... Vous cherchez \u00e0 lifter et \u00e0 \u00e9claircir votre peau, \u00e0 pr\u00e9venir les rides et le vieillissement cutan\u00e9 ? Alors ne cherchez plus - ALOE RETINOL FACIAL SERUM By JeaKen est parfait pour vous !  Pourquoi choisir ALOE RETINOL FACIAL SERUM de JeaKen ? Nos formules sont totalement uniques. Pour inverser les signes de vieillissement et les dommages caus\u00e9s par le soleil, le s\u00e9rum au r\u00e9tinol aide votre peau \u00e0 remplacer les vieilles cellules mortes par des cellules neuves et fra\u00eeches pour redonner \u00e0 votre visage un aspect jeune. Le s\u00e9rum pour la peau Jeaken Retinol est une combinaison puissante de certains des meilleurs ingr\u00e9dients anti-\u00e2ge connus de la science. Nous avons pris grand soin de cr\u00e9er et de d\u00e9velopper des formules naturelles en choisissant chaque plante pour ses bienfaits cibl\u00e9s sur la peau. Cette combinaison unique et savamment \u00e9labor\u00e9e d'ingr\u00e9dients n'est disponible nulle part ailleurs. AVANTAGES CL\u00c9S :  Lifter et \u00e9claircir la peau  Am\u00e9liore l'\u00e9lasticit\u00e9 et la structure de la peau en s\u00e9curisant l'hydratation.  Adoucir, \u00e9claircir et am\u00e9liorer le teint g\u00e9n\u00e9ral.  Augmente le renouvellement cellulaire et la production de collag\u00e8ne en am\u00e9liorant le teint de la peau.  Am\u00e9liore l'apparence des rides et ridules. MODE D'EMPLOI Essuyez l\u00e9g\u00e8rement le visage avec une serviette humide et chaude. Tamponnez d\u00e9licatement le produit sur la peau nettoy\u00e9e et faites-le p\u00e9n\u00e9trer jusqu'\u00e0 absorption compl\u00e8te. Apr\u00e8s l'application, tapotez doucement le visage du bout des doigts pour faire p\u00e9n\u00e9trer le s\u00e9rum dans les couches profondes de la peau.... ACHETEZ-LE MAINTENANT  Cliquez sur \"AJOUTER AU PANIER\" maintenant, jusqu'\u00e0 \u00e9puisement des stocks !","og_url":"https:\/\/jeaken.com\/fr\/produit\/serum-pour-le-visage-a-laloes-retinien-creme-anti-rides-naturelle-de-qualite-superieure-50ml\/","og_site_name":"JeaKen","article_modified_time":"2022-08-09T14:17:38+00:00","og_image":[{"width":600,"height":600,"url":"https:\/\/jeaken.com\/wp-content\/uploads\/2022\/07\/61g28VXACL._AC_SL1500_.jpg","type":"image\/jpeg"}],"twitter_card":"summary_large_image","twitter_misc":{"Est. reading time":"2 minutes"},"schema":{"@context":"https:\/\/schema.org","@graph":[{"@type":"WebPage","@id":"https:\/\/jeaken.com\/fr\/produit\/serum-pour-le-visage-a-laloes-retinien-creme-anti-rides-naturelle-de-qualite-superieure-50ml\/","url":"https:\/\/jeaken.com\/fr\/produit\/serum-pour-le-visage-a-laloes-retinien-creme-anti-rides-naturelle-de-qualite-superieure-50ml\/","name":"S\u00e9rum pour le visage \u00e0 l'alo\u00e8s r\u00e9tinien - Cr\u00e8me anti-rides naturelle de qualit\u00e9 sup\u00e9rieure (50ml) - JeaKen","isPartOf":{"@id":"https:\/\/jeaken.com\/fr\/#website"},"primaryImageOfPage":{"@id":"https:\/\/jeaken.com\/fr\/produit\/serum-pour-le-visage-a-laloes-retinien-creme-anti-rides-naturelle-de-qualite-superieure-50ml\/#primaryimage"},"image":{"@id":"https:\/\/jeaken.com\/fr\/produit\/serum-pour-le-visage-a-laloes-retinien-creme-anti-rides-naturelle-de-qualite-superieure-50ml\/#primaryimage"},"thumbnailUrl":"https:\/\/jeaken.com\/wp-content\/uploads\/2022\/07\/61g28VXACL._AC_SL1500_.jpg","datePublished":"2022-07-21T18:18:16+00:00","dateModified":"2022-08-09T14:17:38+00:00","breadcrumb":{"@id":"https:\/\/jeaken.com\/fr\/produit\/serum-pour-le-visage-a-laloes-retinien-creme-anti-rides-naturelle-de-qualite-superieure-50ml\/#breadcrumb"},"inLanguage":"fr-FR","potentialAction":[{"@type":"ReadAction","target":["https:\/\/jeaken.com\/fr\/produit\/serum-pour-le-visage-a-laloes-retinien-creme-anti-rides-naturelle-de-qualite-superieure-50ml\/"]}]},{"@type":"ImageObject","inLanguage":"fr-FR","@id":"https:\/\/jeaken.com\/fr\/produit\/serum-pour-le-visage-a-laloes-retinien-creme-anti-rides-naturelle-de-qualite-superieure-50ml\/#primaryimage","url":"https:\/\/jeaken.com\/wp-content\/uploads\/2022\/07\/61g28VXACL._AC_SL1500_.jpg","contentUrl":"https:\/\/jeaken.com\/wp-content\/uploads\/2022\/07\/61g28VXACL._AC_SL1500_.jpg","width":600,"height":600,"caption":"High-Strength Aloe Retinol Face Serum - Premium Quality Natural Anti-Wrinkle Cream"},{"@type":"BreadcrumbList","@id":"https:\/\/jeaken.com\/fr\/produit\/serum-pour-le-visage-a-laloes-retinien-creme-anti-rides-naturelle-de-qualite-superieure-50ml\/#breadcrumb","itemListElement":[{"@type":"ListItem","position":1,"name":"Home","item":"https:\/\/jeaken.com\/fr\/"},{"@type":"ListItem","position":2,"name":"Private: Shop","item":"https:\/\/jeaken.com\/shop\/"},{"@type":"ListItem","position":3,"name":"S\u00e9rum pour le visage \u00e0 l&#8217;alo\u00e8s r\u00e9tinien &#8211; Cr\u00e8me anti-rides naturelle de qualit\u00e9 sup\u00e9rieure (50ml)"}]},{"@type":"WebSite","@id":"https:\/\/jeaken.com\/fr\/#website","url":"https:\/\/jeaken.com\/fr\/","name":"JeaKen","description":"Organic Supplements for Health, Fitness and Nutrition","publisher":{"@id":"https:\/\/jeaken.com\/fr\/#organization"},"potentialAction":[{"@type":"SearchAction","target":{"@type":"EntryPoint","urlTemplate":"https:\/\/jeaken.com\/fr\/?s={search_term_string}"},"query-input":"required name=search_term_string"}],"inLanguage":"fr-FR"},{"@type":"Organization","@id":"https:\/\/jeaken.com\/fr\/#organization","name":"JeaKen","url":"https:\/\/jeaken.com\/fr\/","logo":{"@type":"ImageObject","inLanguage":"fr-FR","@id":"https:\/\/jeaken.com\/fr\/#\/schema\/logo\/image\/","url":"https:\/\/jeaken.com\/wp-content\/uploads\/2022\/06\/jeaken-logo-23.png","contentUrl":"https:\/\/jeaken.com\/wp-content\/uploads\/2022\/06\/jeaken-logo-23.png","width":2486,"height":736,"caption":"JeaKen"},"image":{"@id":"https:\/\/jeaken.com\/fr\/#\/schema\/logo\/image\/"}}]}},"jetpack_sharing_enabled":true,"_links":{"self":[{"href":"https:\/\/jeaken.com\/fr\/wp-json\/wp\/v2\/product\/6949","targetHints":{"allow":["GET"]}}],"collection":[{"href":"https:\/\/jeaken.com\/fr\/wp-json\/wp\/v2\/product"}],"about":[{"href":"https:\/\/jeaken.com\/fr\/wp-json\/wp\/v2\/types\/product"}],"wp:featuredmedia":[{"embeddable":true,"href":"https:\/\/jeaken.com\/fr\/wp-json\/wp\/v2\/media\/3466"}],"wp:attachment":[{"href":"https:\/\/jeaken.com\/fr\/wp-json\/wp\/v2\/media?parent=6949"}],"wp:term":[{"taxonomy":"product_cat","embeddable":true,"href":"https:\/\/jeaken.com\/fr\/wp-json\/wp\/v2\/product_cat?post=6949"},{"taxonomy":"product_tag","embeddable":true,"href":"https:\/\/jeaken.com\/fr\/wp-json\/wp\/v2\/product_tag?post=6949"}],"curies":[{"name":"wp","href":"https:\/\/api.w.org\/{rel}","templated":true}]}}