{"id":6946,"date":"2022-07-21T19:18:16","date_gmt":"2022-07-21T18:18:16","guid":{"rendered":"https:\/1658920591610?product=sulfate-de-glucosamine-1500mg-supplement-365-comprimes"},"modified":"2022-09-08T15:51:18","modified_gmt":"2022-09-08T14:51:18","slug":"glucosamine-sulfate-1500mg-supplement-365-comprimes","status":"publish","type":"product","link":"https:\/\/jeaken.com\/fr\/produit\/glucosamine-sulfate-1500mg-supplement-365-comprimes\/","title":{"rendered":"Suppl\u00e9ment de 1500mg de sulfate de glucosamine (365 comprim\u00e9s)"},"content":{"rendered":"<p><strong>FAVORISE LA BONNE SANT\u00c9 DES ARTICULATIONS  <\/strong><\/p>\n<p>La glucosamine est une substance pr\u00e9sente naturellement dans l&#8217;organisme et constitue l&#8217;un des \u00e9l\u00e9ments constitutifs du cartilage. Notre suppl\u00e9ment de sulfate de glucosamine aide \u00e0 construire et \u00e0 renforcer le cartilage qui se r\u00e9duit naturellement avec l&#8217;\u00e2ge.<\/p>\n<p>&nbsp;<\/p>\n<p><strong>CLINIQUEMENT PROUV\u00c9<\/strong><\/p>\n<p>Notre sulfate de glucosamine de puissance maximale est associ\u00e9 \u00e0 de faibles niveaux de chlorure de potassium (2kcl) qui aide \u00e0 stabiliser la glucosamine. Lors d&#8217;essais cliniques, le chlorure de potassium s&#8217;est av\u00e9r\u00e9 \u00eatre le type de suppl\u00e9ment de glucosamine le plus efficace.<\/p>\n<p>&nbsp;<\/p>\n<p><strong>SULFATE DE GLUCOSAMINE HAUTE PERFORMANCE  <\/strong><\/p>\n<p>Notre compl\u00e9ment de soins \u00e0 la glucosamine contient 1500 mg de sulfate de glucosamine 2kcl, un compl\u00e9ment nutritionnel tr\u00e8s puissant fournissant 1 133 mg de sulfate de glucosamine et 888 mg de glucosamine pure (base) par jour.<\/p>\n<p>&nbsp;<\/p>\n<p><strong>SATISFACTION GARANTIE  <\/strong><\/p>\n<p>Nos compl\u00e9ments de qualit\u00e9 sup\u00e9rieure sont fabriqu\u00e9s au Royaume-Uni conform\u00e9ment au code de pratique GMP.<\/p>\n<p>&nbsp;<\/p>\n<p><strong>STIMULE LA SANT\u00c9 DES OS<\/strong><\/p>\n<p class=\"a-spacing-base\">De nombreuses personnes souffrant de douleurs osseuses, d&#8217;une faible densit\u00e9 osseuse et ayant des ant\u00e9c\u00e9dents de fractures peuvent b\u00e9n\u00e9ficier de la prise de glucosamine. Il est prouv\u00e9 que la glucosamine contribue \u00e0 pr\u00e9server le cartilage articulaire qui entoure les os. Il peut \u00e9galement contribuer \u00e0 diminuer la douleur, \u00e0 accro\u00eetre la fonction physique et \u00e0 am\u00e9liorer la capacit\u00e9 d&#8217;activit\u00e9 des personnes souffrant de douleurs osseuses.<\/p>\n<p>&nbsp;<\/p>\n<p class=\"a-spacing-mini a-color-secondary\"><strong>FAVORISE LA SANT\u00c9 DIGESTIVE<\/strong><\/p>\n<p class=\"a-spacing-base\">La glucosamine peut \u00eatre un compl\u00e9ment utile pour am\u00e9liorer la fonction digestive et soutenir la muqueuse du tube digestif. Les suppl\u00e9ments de glucosamine, ou le bouillon d&#8217;os naturellement riche en glucosamine, aident \u00e0 r\u00e9parer les tissus endommag\u00e9s et \u00e0 r\u00e9duire l&#8217;inflammation du tube digestif.<\/p>\n<p>&nbsp;<\/p>\n<p><strong>FAVORISE LA SANT\u00c9 DES CELLULES<\/strong><\/p>\n<p>La poudre de peptides de collag\u00e8ne contenue dans ce compl\u00e9ment favorise la croissance des cheveux, hydrate vos ongles et stimule la production de collag\u00e8ne afin de stimuler la r\u00e9g\u00e9n\u00e9ration des cellules de la peau.<\/p>\n<p>&nbsp;<\/p>\n<p><strong>OFFRE DE MULTIPLES AVANTAGES POUR LA SANT\u00c9<\/strong><\/p>\n<p>Ce compl\u00e9ment contient de l&#8217;huile de foie de morue, connue pour ses effets b\u00e9n\u00e9fiques sur la sant\u00e9 du c\u0153ur, des articulations, des os, du cerveau et des yeux. La prise de compl\u00e9ments alimentaires \u00e0 base de coenzyme Q10 est \u00e9galement recommand\u00e9e pour lutter contre la fatigue, r\u00e9duire la sensation de fatigue, augmenter l&#8217;\u00e9nergie et favoriser la sant\u00e9 musculaire.<\/p>\n<p>&nbsp;<\/p>\n<p>&nbsp;<\/p>\n<p>&nbsp;<\/p>\n","protected":false},"excerpt":{"rendered":"<h4><strong>Suppl\u00e9ment de glucosamine de qualit\u00e9 A, respectueux de l&#8217;environnement, pour une meilleure sant\u00e9 des articulations.<\/strong><\/h4>\n","protected":false},"featured_media":14820,"template":"","meta":{"site-sidebar-layout":"default","site-content-layout":"default","ast-site-content-layout":"default","site-content-style":"default","site-sidebar-style":"default","ast-global-header-display":"","ast-banner-title-visibility":"","ast-main-header-display":"","ast-hfb-above-header-display":"","ast-hfb-below-header-display":"","ast-hfb-mobile-header-display":"","site-post-title":"","ast-breadcrumbs-content":"","ast-featured-img":"","footer-sml-layout":"","theme-transparent-header-meta":"default","adv-header-id-meta":"","stick-header-meta":"default","header-above-stick-meta":"","header-main-stick-meta":"","header-below-stick-meta":"","astra-migrate-meta-layouts":"default","ast-page-background-enabled":"default","ast-page-background-meta":{"desktop":{"background-color":"","background-image":"","background-repeat":"repeat","background-position":"center center","background-size":"auto","background-attachment":"scroll","background-type":"","background-media":"","overlay-type":"","overlay-color":"","overlay-opacity":"","overlay-gradient":""},"tablet":{"background-color":"","background-image":"","background-repeat":"repeat","background-position":"center center","background-size":"auto","background-attachment":"scroll","background-type":"","background-media":"","overlay-type":"","overlay-color":"","overlay-opacity":"","overlay-gradient":""},"mobile":{"background-color":"","background-image":"","background-repeat":"repeat","background-position":"center center","background-size":"auto","background-attachment":"scroll","background-type":"","background-media":"","overlay-type":"","overlay-color":"","overlay-opacity":"","overlay-gradient":""}},"ast-content-background-meta":{"desktop":{"background-color":"var(--ast-global-color-5)","background-image":"","background-repeat":"repeat","background-position":"center center","background-size":"auto","background-attachment":"scroll","background-type":"","background-media":"","overlay-type":"","overlay-color":"","overlay-opacity":"","overlay-gradient":""},"tablet":{"background-color":"var(--ast-global-color-5)","background-image":"","background-repeat":"repeat","background-position":"center center","background-size":"auto","background-attachment":"scroll","background-type":"","background-media":"","overlay-type":"","overlay-color":"","overlay-opacity":"","overlay-gradient":""},"mobile":{"background-color":"var(--ast-global-color-5)","background-image":"","background-repeat":"repeat","background-position":"center center","background-size":"auto","background-attachment":"scroll","background-type":"","background-media":"","overlay-type":"","overlay-color":"","overlay-opacity":"","overlay-gradient":""}}},"product_cat":[701],"product_tag":[1561,1572,1569,1571,1573,1563,1564,1574,1570,1560,1568,1562,1565,1566,1567,1559,1575],"class_list":{"0":"post-6946","1":"product","2":"type-product","3":"status-publish","4":"has-post-thumbnail","6":"product_cat-sante-des-os-et-des-articulations","7":"product_tag-chondroitin-glucosamine-high-strength-fr","8":"product_tag-comprimes-antidouleur","9":"product_tag-comprimes-de-metformine-mg","10":"product_tag-comprimes-msm","11":"product_tag-comprimes-pour-larthrite","12":"product_tag-glucosamine-mg-fr","13":"product_tag-glucosamine-msm-fr","14":"product_tag-glucosamine-vegetalienne","15":"product_tag-se-deplacer-librement","16":"product_tag-soins-conjoints","17":"product_tag-soulagement-des-douleurs-articulaires","18":"product_tag-sulfate-de-chondroitine","19":"product_tag-sulfate-de-glucosamine","20":"product_tag-sulfate-de-glucosamine-fr","21":"product_tag-sulfate-de-glucosamine-mg","22":"product_tag-supplement-pour-les-soins-des-articulations","23":"product_tag-vitamines-pour-larthrite","24":"has-subscription-plans","25":"desktop-align-left","26":"tablet-align-left","27":"mobile-align-left","29":"first","30":"instock","31":"sale","32":"taxable","33":"shipping-taxable","34":"purchasable","35":"product-type-simple"},"yoast_head":"<!-- This site is optimized with the Yoast SEO plugin v22.7 - https:\/\/yoast.com\/wordpress\/plugins\/seo\/ -->\n<title>Suppl\u00e9ment de 1500mg de sulfate de glucosamine (365 comprim\u00e9s) - JeaKen<\/title>\n<meta name=\"robots\" content=\"index, follow, max-snippet:-1, max-image-preview:large, max-video-preview:-1\" \/>\n<link rel=\"canonical\" href=\"https:\/\/jeaken.com\/fr\/produit\/glucosamine-sulfate-1500mg-supplement-365-comprimes\/\" \/>\n<meta property=\"og:locale\" content=\"fr_FR\" \/>\n<meta property=\"og:type\" content=\"article\" \/>\n<meta property=\"og:title\" content=\"Suppl\u00e9ment de 1500mg de sulfate de glucosamine (365 comprim\u00e9s) - JeaKen\" \/>\n<meta property=\"og:description\" content=\"Suppl\u00e9ment de glucosamine de qualit\u00e9 A, respectueux de l&#039;environnement, pour une meilleure sant\u00e9 des articulations.\" \/>\n<meta property=\"og:url\" content=\"https:\/\/jeaken.com\/fr\/produit\/glucosamine-sulfate-1500mg-supplement-365-comprimes\/\" \/>\n<meta property=\"og:site_name\" content=\"JeaKen\" \/>\n<meta property=\"article:modified_time\" content=\"2022-09-08T14:51:18+00:00\" \/>\n<meta property=\"og:image\" content=\"https:\/\/jeaken.com\/wp-content\/uploads\/2022\/07\/Front-7.jpg\" \/>\n\t<meta property=\"og:image:width\" content=\"901\" \/>\n\t<meta property=\"og:image:height\" content=\"1100\" \/>\n\t<meta property=\"og:image:type\" content=\"image\/jpeg\" \/>\n<meta name=\"twitter:card\" content=\"summary_large_image\" \/>\n<meta name=\"twitter:label1\" content=\"Est. reading time\" \/>\n\t<meta name=\"twitter:data1\" content=\"2 minutes\" \/>\n<script type=\"application\/ld+json\" class=\"yoast-schema-graph\">{\"@context\":\"https:\/\/schema.org\",\"@graph\":[{\"@type\":\"WebPage\",\"@id\":\"https:\/\/jeaken.com\/fr\/produit\/glucosamine-sulfate-1500mg-supplement-365-comprimes\/\",\"url\":\"https:\/\/jeaken.com\/fr\/produit\/glucosamine-sulfate-1500mg-supplement-365-comprimes\/\",\"name\":\"Suppl\u00e9ment de 1500mg de sulfate de glucosamine (365 comprim\u00e9s) - JeaKen\",\"isPartOf\":{\"@id\":\"https:\/\/jeaken.com\/fr\/#website\"},\"primaryImageOfPage\":{\"@id\":\"https:\/\/jeaken.com\/fr\/produit\/glucosamine-sulfate-1500mg-supplement-365-comprimes\/#primaryimage\"},\"image\":{\"@id\":\"https:\/\/jeaken.com\/fr\/produit\/glucosamine-sulfate-1500mg-supplement-365-comprimes\/#primaryimage\"},\"thumbnailUrl\":\"https:\/\/jeaken.com\/wp-content\/uploads\/2022\/07\/Front-7.jpg\",\"datePublished\":\"2022-07-21T18:18:16+00:00\",\"dateModified\":\"2022-09-08T14:51:18+00:00\",\"breadcrumb\":{\"@id\":\"https:\/\/jeaken.com\/fr\/produit\/glucosamine-sulfate-1500mg-supplement-365-comprimes\/#breadcrumb\"},\"inLanguage\":\"fr-FR\",\"potentialAction\":[{\"@type\":\"ReadAction\",\"target\":[\"https:\/\/jeaken.com\/fr\/produit\/glucosamine-sulfate-1500mg-supplement-365-comprimes\/\"]}]},{\"@type\":\"ImageObject\",\"inLanguage\":\"fr-FR\",\"@id\":\"https:\/\/jeaken.com\/fr\/produit\/glucosamine-sulfate-1500mg-supplement-365-comprimes\/#primaryimage\",\"url\":\"https:\/\/jeaken.com\/wp-content\/uploads\/2022\/07\/Front-7.jpg\",\"contentUrl\":\"https:\/\/jeaken.com\/wp-content\/uploads\/2022\/07\/Front-7.jpg\",\"width\":901,\"height\":1100,\"caption\":\"Glucosamine Sulfate\"},{\"@type\":\"BreadcrumbList\",\"@id\":\"https:\/\/jeaken.com\/fr\/produit\/glucosamine-sulfate-1500mg-supplement-365-comprimes\/#breadcrumb\",\"itemListElement\":[{\"@type\":\"ListItem\",\"position\":1,\"name\":\"Home\",\"item\":\"https:\/\/jeaken.com\/fr\/\"},{\"@type\":\"ListItem\",\"position\":2,\"name\":\"Private: Shop\",\"item\":\"https:\/\/jeaken.com\/shop\/\"},{\"@type\":\"ListItem\",\"position\":3,\"name\":\"Suppl\u00e9ment de 1500mg de sulfate de glucosamine (365 comprim\u00e9s)\"}]},{\"@type\":\"WebSite\",\"@id\":\"https:\/\/jeaken.com\/fr\/#website\",\"url\":\"https:\/\/jeaken.com\/fr\/\",\"name\":\"JeaKen\",\"description\":\"Organic Supplements for Health, Fitness and Nutrition\",\"publisher\":{\"@id\":\"https:\/\/jeaken.com\/fr\/#organization\"},\"potentialAction\":[{\"@type\":\"SearchAction\",\"target\":{\"@type\":\"EntryPoint\",\"urlTemplate\":\"https:\/\/jeaken.com\/fr\/?s={search_term_string}\"},\"query-input\":\"required name=search_term_string\"}],\"inLanguage\":\"fr-FR\"},{\"@type\":\"Organization\",\"@id\":\"https:\/\/jeaken.com\/fr\/#organization\",\"name\":\"JeaKen\",\"url\":\"https:\/\/jeaken.com\/fr\/\",\"logo\":{\"@type\":\"ImageObject\",\"inLanguage\":\"fr-FR\",\"@id\":\"https:\/\/jeaken.com\/fr\/#\/schema\/logo\/image\/\",\"url\":\"https:\/\/jeaken.com\/wp-content\/uploads\/2022\/06\/jeaken-logo-23.png\",\"contentUrl\":\"https:\/\/jeaken.com\/wp-content\/uploads\/2022\/06\/jeaken-logo-23.png\",\"width\":2486,\"height\":736,\"caption\":\"JeaKen\"},\"image\":{\"@id\":\"https:\/\/jeaken.com\/fr\/#\/schema\/logo\/image\/\"}}]}<\/script>\n<!-- \/ Yoast SEO plugin. -->","yoast_head_json":{"title":"Suppl\u00e9ment de 1500mg de sulfate de glucosamine (365 comprim\u00e9s) - JeaKen","robots":{"index":"index","follow":"follow","max-snippet":"max-snippet:-1","max-image-preview":"max-image-preview:large","max-video-preview":"max-video-preview:-1"},"canonical":"https:\/\/jeaken.com\/fr\/produit\/glucosamine-sulfate-1500mg-supplement-365-comprimes\/","og_locale":"fr_FR","og_type":"article","og_title":"Suppl\u00e9ment de 1500mg de sulfate de glucosamine (365 comprim\u00e9s) - JeaKen","og_description":"Suppl\u00e9ment de glucosamine de qualit\u00e9 A, respectueux de l'environnement, pour une meilleure sant\u00e9 des articulations.","og_url":"https:\/\/jeaken.com\/fr\/produit\/glucosamine-sulfate-1500mg-supplement-365-comprimes\/","og_site_name":"JeaKen","article_modified_time":"2022-09-08T14:51:18+00:00","og_image":[{"width":901,"height":1100,"url":"https:\/\/jeaken.com\/wp-content\/uploads\/2022\/07\/Front-7.jpg","type":"image\/jpeg"}],"twitter_card":"summary_large_image","twitter_misc":{"Est. reading time":"2 minutes"},"schema":{"@context":"https:\/\/schema.org","@graph":[{"@type":"WebPage","@id":"https:\/\/jeaken.com\/fr\/produit\/glucosamine-sulfate-1500mg-supplement-365-comprimes\/","url":"https:\/\/jeaken.com\/fr\/produit\/glucosamine-sulfate-1500mg-supplement-365-comprimes\/","name":"Suppl\u00e9ment de 1500mg de sulfate de glucosamine (365 comprim\u00e9s) - JeaKen","isPartOf":{"@id":"https:\/\/jeaken.com\/fr\/#website"},"primaryImageOfPage":{"@id":"https:\/\/jeaken.com\/fr\/produit\/glucosamine-sulfate-1500mg-supplement-365-comprimes\/#primaryimage"},"image":{"@id":"https:\/\/jeaken.com\/fr\/produit\/glucosamine-sulfate-1500mg-supplement-365-comprimes\/#primaryimage"},"thumbnailUrl":"https:\/\/jeaken.com\/wp-content\/uploads\/2022\/07\/Front-7.jpg","datePublished":"2022-07-21T18:18:16+00:00","dateModified":"2022-09-08T14:51:18+00:00","breadcrumb":{"@id":"https:\/\/jeaken.com\/fr\/produit\/glucosamine-sulfate-1500mg-supplement-365-comprimes\/#breadcrumb"},"inLanguage":"fr-FR","potentialAction":[{"@type":"ReadAction","target":["https:\/\/jeaken.com\/fr\/produit\/glucosamine-sulfate-1500mg-supplement-365-comprimes\/"]}]},{"@type":"ImageObject","inLanguage":"fr-FR","@id":"https:\/\/jeaken.com\/fr\/produit\/glucosamine-sulfate-1500mg-supplement-365-comprimes\/#primaryimage","url":"https:\/\/jeaken.com\/wp-content\/uploads\/2022\/07\/Front-7.jpg","contentUrl":"https:\/\/jeaken.com\/wp-content\/uploads\/2022\/07\/Front-7.jpg","width":901,"height":1100,"caption":"Glucosamine Sulfate"},{"@type":"BreadcrumbList","@id":"https:\/\/jeaken.com\/fr\/produit\/glucosamine-sulfate-1500mg-supplement-365-comprimes\/#breadcrumb","itemListElement":[{"@type":"ListItem","position":1,"name":"Home","item":"https:\/\/jeaken.com\/fr\/"},{"@type":"ListItem","position":2,"name":"Private: Shop","item":"https:\/\/jeaken.com\/shop\/"},{"@type":"ListItem","position":3,"name":"Suppl\u00e9ment de 1500mg de sulfate de glucosamine (365 comprim\u00e9s)"}]},{"@type":"WebSite","@id":"https:\/\/jeaken.com\/fr\/#website","url":"https:\/\/jeaken.com\/fr\/","name":"JeaKen","description":"Organic Supplements for Health, Fitness and Nutrition","publisher":{"@id":"https:\/\/jeaken.com\/fr\/#organization"},"potentialAction":[{"@type":"SearchAction","target":{"@type":"EntryPoint","urlTemplate":"https:\/\/jeaken.com\/fr\/?s={search_term_string}"},"query-input":"required name=search_term_string"}],"inLanguage":"fr-FR"},{"@type":"Organization","@id":"https:\/\/jeaken.com\/fr\/#organization","name":"JeaKen","url":"https:\/\/jeaken.com\/fr\/","logo":{"@type":"ImageObject","inLanguage":"fr-FR","@id":"https:\/\/jeaken.com\/fr\/#\/schema\/logo\/image\/","url":"https:\/\/jeaken.com\/wp-content\/uploads\/2022\/06\/jeaken-logo-23.png","contentUrl":"https:\/\/jeaken.com\/wp-content\/uploads\/2022\/06\/jeaken-logo-23.png","width":2486,"height":736,"caption":"JeaKen"},"image":{"@id":"https:\/\/jeaken.com\/fr\/#\/schema\/logo\/image\/"}}]}},"jetpack_sharing_enabled":true,"_links":{"self":[{"href":"https:\/\/jeaken.com\/fr\/wp-json\/wp\/v2\/product\/6946","targetHints":{"allow":["GET"]}}],"collection":[{"href":"https:\/\/jeaken.com\/fr\/wp-json\/wp\/v2\/product"}],"about":[{"href":"https:\/\/jeaken.com\/fr\/wp-json\/wp\/v2\/types\/product"}],"wp:featuredmedia":[{"embeddable":true,"href":"https:\/\/jeaken.com\/fr\/wp-json\/wp\/v2\/media\/14820"}],"wp:attachment":[{"href":"https:\/\/jeaken.com\/fr\/wp-json\/wp\/v2\/media?parent=6946"}],"wp:term":[{"taxonomy":"product_cat","embeddable":true,"href":"https:\/\/jeaken.com\/fr\/wp-json\/wp\/v2\/product_cat?post=6946"},{"taxonomy":"product_tag","embeddable":true,"href":"https:\/\/jeaken.com\/fr\/wp-json\/wp\/v2\/product_tag?post=6946"}],"curies":[{"name":"wp","href":"https:\/\/api.w.org\/{rel}","templated":true}]}}