{"id":6942,"date":"2022-07-21T19:18:16","date_gmt":"2022-07-21T18:18:16","guid":{"rendered":"https:\/1658920591610?product=pure-creatine-monohydrate-gain-de-muscle-et-supplement-de-poudre-post-exercice-500g"},"modified":"2022-08-09T15:16:48","modified_gmt":"2022-08-09T14:16:48","slug":"pure-creatine-monohydrate-gain-de-muscle-et-supplement-de-poudre-post-exercice-500g","status":"publish","type":"product","link":"https:\/\/jeaken.com\/fr\/produit\/pure-creatine-monohydrate-gain-de-muscle-et-supplement-de-poudre-post-exercice-500g\/","title":{"rendered":"Pure Creatine Monohydrate &#8211; Gain de muscle et suppl\u00e9ment de poudre post-exercice (500g)"},"content":{"rendered":"<p><span class=\"a-list-item\">\u2705 AM\u00c9LIORER LES PERFORMANCES PHYSIQUES &#8211; Vous cherchez \u00e0 augmenter vos performances lorsque vous faites de l&#8217;exercice ? Notre poudre de cr\u00e9atine monohydrate augmente les performances physiques lors de rafales successives d&#8217;exercices de courte dur\u00e9e et de haute intensit\u00e9.<\/span><\/p>\n<p><span class=\"a-list-item\">\u2705 R\u00c9CUP\u00c9RATION MUSCULAIRE AVANT L&#8217;EXERCICE &#8211; Les poudres de cr\u00e9atine peuvent \u00eatre b\u00e9n\u00e9fiques pour la r\u00e9cup\u00e9ration musculaire. Selon certaines \u00e9tudes, la cr\u00e9atine micronis\u00e9e peut contribuer \u00e0 am\u00e9liorer la r\u00e9cup\u00e9ration musculaire et la r\u00e9cup\u00e9ration apr\u00e8s un exercice, par exemple en maximisant les r\u00e9sultats d&#8217;un entra\u00eenement en force.<\/span><\/p>\n<p><span class=\"a-list-item\">\u2705 CROISSANCE MUSCULAIRE &#8211; La poudre de cr\u00e9atine JeaKen a une absorption rapide et une puissance d&#8217;explosion avec un temps de r\u00e9cup\u00e9ration plus rapide que n&#8217;importe quelle capsule de cr\u00e9atine monohydrate ou comprim\u00e9 de cr\u00e9atine monohydrate. Peut \u00eatre utile pour augmenter la teneur en eau des muscles, augmentant ainsi leur taille. Ce compl\u00e9ment peut montrer ses propri\u00e9t\u00e9s en augmentant la taille des fibres musculaires.<\/span><\/p>\n<p><span class=\"a-list-item\">\u2705 CONVENABLE &#8211; Notre poudre de cr\u00e9atine monohydrate n&#8217;est pas aromatis\u00e9e et se m\u00e9lange facilement \u00e0 l&#8217;eau, aux jus de fruits ou aux shakes sans aucun go\u00fbt granuleux, ce qui en fait une option simple et sans souci apr\u00e8s l&#8217;entra\u00eenement.<\/span><\/p>\n<p><span class=\"a-list-item\">\u2705 UNE QUALIT\u00c9 \u00c0 LAQUELLE VOUS POUVEZ FAIRE CONFIANCE &#8211; La cr\u00e9atine monohydrate en poudre de JeaKen convient aux v\u00e9g\u00e9taliens et aux v\u00e9g\u00e9tariens. Tous les produits de cr\u00e9atine en poudre JeaKen sont fabriqu\u00e9s au Royaume-Uni selon un code de pratique GMP strict, les normes de fabrication les plus \u00e9lev\u00e9es au monde, contrairement \u00e0 d&#8217;autres marques import\u00e9es, et sont accompagn\u00e9s d&#8217;une GARANTIE DE REMBOURSEMENT \u00e0 100%.<\/span><\/p>\n","protected":false},"excerpt":{"rendered":"<p><strong>  CREATINE MONOHYDRATE POWDER Par JeaKen &#8230;<\/strong><\/p>\n<p><strong>Vous cherchez \u00e0 stimuler votre croissance musculaire &#8211; augmenter le volume des cellules musculaires ?<\/strong><\/p>\n<p>Alors ne cherchez plus &#8211; la CREATINE MONOHYDRATE POWDER de JeaKen est parfaite pour vous !<\/p>\n<p><strong>Pourquoi choisir la poudre de MONOHYDRATE DE CREATINE de JeaKen ?<\/strong><\/p>\n<p>Notre cr\u00e9atine monohydrate micronis\u00e9e \u00e0 100 % est test\u00e9e et analys\u00e9e par HPLC pour sa puret\u00e9, et elle est en outre<\/p>\n<p>Sans dicyandiamide (DCD).<\/p>\n<p><strong>AVANTAGES CL\u00c9S :<\/strong><\/p>\n<p>Cr\u00e9atine Monohydrate 500g la cr\u00e9atine en poudre pour la croissance musculaire peut ;<\/p>\n<p>* Augmenter le volume des cellules musculaires.<\/p>\n<p>* Augmente la puissance explosive.<\/p>\n<p>* Augmenter l&#8217;endurance.<\/p>\n<p>* Permettre une r\u00e9cup\u00e9ration plus rapide.<\/p>\n<p><strong>UTILISATION SUGG\u00c9R\u00c9E :<\/strong><\/p>\n<p>Cr\u00e9atine Monohydrate 5g par portion.dose de charge : 20gms par jour pendant 5 jours (\u00e0 raison de 4 x 5gms dans la journ\u00e9e) ou 25gms par jour pendant 4 jours (\u00e0 raison de 5 x 5gms dans la journ\u00e9e).<\/p>\n<p><strong>DOSE D&#8217;ENTRETIEN :<\/strong><\/p>\n<p>5gms par jour (une cuill\u00e8re \u00e0 caf\u00e9 de 5ml l\u00e9g\u00e8rement bomb\u00e9e environ). Prendre pendant environ 7-10 semaines avec<\/p>\n<p>deux \u00e0 trois semaines de repos, avant de recharger et de maintenir.<\/p>\n<p><strong>ACHETEZ-LE MAINTENANT  <\/strong><\/p>\n<p><strong>Cliquez sur &#8220;AJOUTER AU PANIER&#8221; maintenant, jusqu&#8217;\u00e0 \u00e9puisement des stocks !<\/strong><\/p>\n","protected":false},"featured_media":3417,"template":"","meta":{"site-sidebar-layout":"default","site-content-layout":"default","ast-site-content-layout":"default","site-content-style":"default","site-sidebar-style":"default","ast-global-header-display":"","ast-banner-title-visibility":"","ast-main-header-display":"","ast-hfb-above-header-display":"","ast-hfb-below-header-display":"","ast-hfb-mobile-header-display":"","site-post-title":"","ast-breadcrumbs-content":"","ast-featured-img":"","footer-sml-layout":"","theme-transparent-header-meta":"default","adv-header-id-meta":"","stick-header-meta":"default","header-above-stick-meta":"","header-main-stick-meta":"","header-below-stick-meta":"","astra-migrate-meta-layouts":"default","ast-page-background-enabled":"default","ast-page-background-meta":{"desktop":{"background-color":"","background-image":"","background-repeat":"repeat","background-position":"center center","background-size":"auto","background-attachment":"scroll","background-type":"","background-media":"","overlay-type":"","overlay-color":"","overlay-opacity":"","overlay-gradient":""},"tablet":{"background-color":"","background-image":"","background-repeat":"repeat","background-position":"center center","background-size":"auto","background-attachment":"scroll","background-type":"","background-media":"","overlay-type":"","overlay-color":"","overlay-opacity":"","overlay-gradient":""},"mobile":{"background-color":"","background-image":"","background-repeat":"repeat","background-position":"center center","background-size":"auto","background-attachment":"scroll","background-type":"","background-media":"","overlay-type":"","overlay-color":"","overlay-opacity":"","overlay-gradient":""}},"ast-content-background-meta":{"desktop":{"background-color":"var(--ast-global-color-5)","background-image":"","background-repeat":"repeat","background-position":"center center","background-size":"auto","background-attachment":"scroll","background-type":"","background-media":"","overlay-type":"","overlay-color":"","overlay-opacity":"","overlay-gradient":""},"tablet":{"background-color":"var(--ast-global-color-5)","background-image":"","background-repeat":"repeat","background-position":"center center","background-size":"auto","background-attachment":"scroll","background-type":"","background-media":"","overlay-type":"","overlay-color":"","overlay-opacity":"","overlay-gradient":""},"mobile":{"background-color":"var(--ast-global-color-5)","background-image":"","background-repeat":"repeat","background-position":"center center","background-size":"auto","background-attachment":"scroll","background-type":"","background-media":"","overlay-type":"","overlay-color":"","overlay-opacity":"","overlay-gradient":""}}},"product_cat":[519],"product_tag":[1504,1506,1510,1520,1508,1514,1512,1516,1518],"class_list":{"0":"post-6942","1":"product","2":"type-product","3":"status-publish","4":"has-post-thumbnail","6":"product_cat-nutrition-sportive","7":"product_tag-capsule-de-creatine","8":"product_tag-capsules-de-creatine","9":"product_tag-capsules-de-creatine-monohydrate","10":"product_tag-creatine-micronisee","11":"product_tag-creatine-monohydrate-fr","12":"product_tag-creatine-monohydrate-en-comprime","13":"product_tag-creatine-monohydrate-en-poudre","14":"product_tag-poudre-de-creatine","15":"product_tag-poudres-de-creatine","16":"has-subscription-plans","17":"desktop-align-left","18":"tablet-align-left","19":"mobile-align-left","21":"first","22":"outofstock","23":"taxable","24":"shipping-taxable","25":"purchasable","26":"product-type-simple"},"yoast_head":"<!-- This site is optimized with the Yoast SEO plugin v22.7 - https:\/\/yoast.com\/wordpress\/plugins\/seo\/ -->\n<title>Pure Creatine Monohydrate - Gain de muscle et suppl\u00e9ment de poudre post-exercice (500g) - JeaKen<\/title>\n<meta name=\"robots\" content=\"index, follow, max-snippet:-1, max-image-preview:large, max-video-preview:-1\" \/>\n<link rel=\"canonical\" href=\"https:\/\/jeaken.com\/fr\/produit\/pure-creatine-monohydrate-gain-de-muscle-et-supplement-de-poudre-post-exercice-500g\/\" \/>\n<meta property=\"og:locale\" content=\"fr_FR\" \/>\n<meta property=\"og:type\" content=\"article\" \/>\n<meta property=\"og:title\" content=\"Pure Creatine Monohydrate - Gain de muscle et suppl\u00e9ment de poudre post-exercice (500g) - JeaKen\" \/>\n<meta property=\"og:description\" content=\"CREATINE MONOHYDRATE POWDER Par JeaKen ... Vous cherchez \u00e0 stimuler votre croissance musculaire - augmenter le volume des cellules musculaires ? Alors ne cherchez plus - la CREATINE MONOHYDRATE POWDER de JeaKen est parfaite pour vous ! Pourquoi choisir la poudre de MONOHYDRATE DE CREATINE de JeaKen ? Notre cr\u00e9atine monohydrate micronis\u00e9e \u00e0 100 % est test\u00e9e et analys\u00e9e par HPLC pour sa puret\u00e9, et elle est en outre Sans dicyandiamide (DCD). AVANTAGES CL\u00c9S : Cr\u00e9atine Monohydrate 500g la cr\u00e9atine en poudre pour la croissance musculaire peut ; * Augmenter le volume des cellules musculaires. * Augmente la puissance explosive. * Augmenter l&#039;endurance. * Permettre une r\u00e9cup\u00e9ration plus rapide. UTILISATION SUGG\u00c9R\u00c9E : Cr\u00e9atine Monohydrate 5g par portion.dose de charge : 20gms par jour pendant 5 jours (\u00e0 raison de 4 x 5gms dans la journ\u00e9e) ou 25gms par jour pendant 4 jours (\u00e0 raison de 5 x 5gms dans la journ\u00e9e). DOSE D&#039;ENTRETIEN : 5gms par jour (une cuill\u00e8re \u00e0 caf\u00e9 de 5ml l\u00e9g\u00e8rement bomb\u00e9e environ). Prendre pendant environ 7-10 semaines avec deux \u00e0 trois semaines de repos, avant de recharger et de maintenir. ACHETEZ-LE MAINTENANT  Cliquez sur &quot;AJOUTER AU PANIER&quot; maintenant, jusqu&#039;\u00e0 \u00e9puisement des stocks !\" \/>\n<meta property=\"og:url\" content=\"https:\/\/jeaken.com\/fr\/produit\/pure-creatine-monohydrate-gain-de-muscle-et-supplement-de-poudre-post-exercice-500g\/\" \/>\n<meta property=\"og:site_name\" content=\"JeaKen\" \/>\n<meta property=\"article:modified_time\" content=\"2022-08-09T14:16:48+00:00\" \/>\n<meta property=\"og:image\" content=\"https:\/\/jeaken.com\/wp-content\/uploads\/2022\/07\/71grcDW-M9L._AC_SL1500_-1.jpg\" \/>\n\t<meta property=\"og:image:width\" content=\"600\" \/>\n\t<meta property=\"og:image:height\" content=\"600\" \/>\n\t<meta property=\"og:image:type\" content=\"image\/jpeg\" \/>\n<meta name=\"twitter:card\" content=\"summary_large_image\" \/>\n<meta name=\"twitter:label1\" content=\"Est. reading time\" \/>\n\t<meta name=\"twitter:data1\" content=\"1 minute\" \/>\n<script type=\"application\/ld+json\" class=\"yoast-schema-graph\">{\"@context\":\"https:\/\/schema.org\",\"@graph\":[{\"@type\":\"WebPage\",\"@id\":\"https:\/\/jeaken.com\/fr\/produit\/pure-creatine-monohydrate-gain-de-muscle-et-supplement-de-poudre-post-exercice-500g\/\",\"url\":\"https:\/\/jeaken.com\/fr\/produit\/pure-creatine-monohydrate-gain-de-muscle-et-supplement-de-poudre-post-exercice-500g\/\",\"name\":\"Pure Creatine Monohydrate - Gain de muscle et suppl\u00e9ment de poudre post-exercice (500g) - JeaKen\",\"isPartOf\":{\"@id\":\"https:\/\/jeaken.com\/fr\/#website\"},\"primaryImageOfPage\":{\"@id\":\"https:\/\/jeaken.com\/fr\/produit\/pure-creatine-monohydrate-gain-de-muscle-et-supplement-de-poudre-post-exercice-500g\/#primaryimage\"},\"image\":{\"@id\":\"https:\/\/jeaken.com\/fr\/produit\/pure-creatine-monohydrate-gain-de-muscle-et-supplement-de-poudre-post-exercice-500g\/#primaryimage\"},\"thumbnailUrl\":\"https:\/\/jeaken.com\/wp-content\/uploads\/2022\/07\/71grcDW-M9L._AC_SL1500_-1.jpg\",\"datePublished\":\"2022-07-21T18:18:16+00:00\",\"dateModified\":\"2022-08-09T14:16:48+00:00\",\"breadcrumb\":{\"@id\":\"https:\/\/jeaken.com\/fr\/produit\/pure-creatine-monohydrate-gain-de-muscle-et-supplement-de-poudre-post-exercice-500g\/#breadcrumb\"},\"inLanguage\":\"fr-FR\",\"potentialAction\":[{\"@type\":\"ReadAction\",\"target\":[\"https:\/\/jeaken.com\/fr\/produit\/pure-creatine-monohydrate-gain-de-muscle-et-supplement-de-poudre-post-exercice-500g\/\"]}]},{\"@type\":\"ImageObject\",\"inLanguage\":\"fr-FR\",\"@id\":\"https:\/\/jeaken.com\/fr\/produit\/pure-creatine-monohydrate-gain-de-muscle-et-supplement-de-poudre-post-exercice-500g\/#primaryimage\",\"url\":\"https:\/\/jeaken.com\/wp-content\/uploads\/2022\/07\/71grcDW-M9L._AC_SL1500_-1.jpg\",\"contentUrl\":\"https:\/\/jeaken.com\/wp-content\/uploads\/2022\/07\/71grcDW-M9L._AC_SL1500_-1.jpg\",\"width\":600,\"height\":600,\"caption\":\"Pure Creatine Monohydrate - Muscle Gainer and Post Work Out Powder Supplement\"},{\"@type\":\"BreadcrumbList\",\"@id\":\"https:\/\/jeaken.com\/fr\/produit\/pure-creatine-monohydrate-gain-de-muscle-et-supplement-de-poudre-post-exercice-500g\/#breadcrumb\",\"itemListElement\":[{\"@type\":\"ListItem\",\"position\":1,\"name\":\"Home\",\"item\":\"https:\/\/jeaken.com\/fr\/\"},{\"@type\":\"ListItem\",\"position\":2,\"name\":\"Private: Shop\",\"item\":\"https:\/\/jeaken.com\/shop\/\"},{\"@type\":\"ListItem\",\"position\":3,\"name\":\"Pure Creatine Monohydrate &#8211; Gain de muscle et suppl\u00e9ment de poudre post-exercice (500g)\"}]},{\"@type\":\"WebSite\",\"@id\":\"https:\/\/jeaken.com\/fr\/#website\",\"url\":\"https:\/\/jeaken.com\/fr\/\",\"name\":\"JeaKen\",\"description\":\"Organic Supplements for Health, Fitness and Nutrition\",\"publisher\":{\"@id\":\"https:\/\/jeaken.com\/fr\/#organization\"},\"potentialAction\":[{\"@type\":\"SearchAction\",\"target\":{\"@type\":\"EntryPoint\",\"urlTemplate\":\"https:\/\/jeaken.com\/fr\/?s={search_term_string}\"},\"query-input\":\"required name=search_term_string\"}],\"inLanguage\":\"fr-FR\"},{\"@type\":\"Organization\",\"@id\":\"https:\/\/jeaken.com\/fr\/#organization\",\"name\":\"JeaKen\",\"url\":\"https:\/\/jeaken.com\/fr\/\",\"logo\":{\"@type\":\"ImageObject\",\"inLanguage\":\"fr-FR\",\"@id\":\"https:\/\/jeaken.com\/fr\/#\/schema\/logo\/image\/\",\"url\":\"https:\/\/jeaken.com\/wp-content\/uploads\/2022\/06\/jeaken-logo-23.png\",\"contentUrl\":\"https:\/\/jeaken.com\/wp-content\/uploads\/2022\/06\/jeaken-logo-23.png\",\"width\":2486,\"height\":736,\"caption\":\"JeaKen\"},\"image\":{\"@id\":\"https:\/\/jeaken.com\/fr\/#\/schema\/logo\/image\/\"}}]}<\/script>\n<!-- \/ Yoast SEO plugin. -->","yoast_head_json":{"title":"Pure Creatine Monohydrate - Gain de muscle et suppl\u00e9ment de poudre post-exercice (500g) - JeaKen","robots":{"index":"index","follow":"follow","max-snippet":"max-snippet:-1","max-image-preview":"max-image-preview:large","max-video-preview":"max-video-preview:-1"},"canonical":"https:\/\/jeaken.com\/fr\/produit\/pure-creatine-monohydrate-gain-de-muscle-et-supplement-de-poudre-post-exercice-500g\/","og_locale":"fr_FR","og_type":"article","og_title":"Pure Creatine Monohydrate - Gain de muscle et suppl\u00e9ment de poudre post-exercice (500g) - JeaKen","og_description":"CREATINE MONOHYDRATE POWDER Par JeaKen ... Vous cherchez \u00e0 stimuler votre croissance musculaire - augmenter le volume des cellules musculaires ? Alors ne cherchez plus - la CREATINE MONOHYDRATE POWDER de JeaKen est parfaite pour vous ! Pourquoi choisir la poudre de MONOHYDRATE DE CREATINE de JeaKen ? Notre cr\u00e9atine monohydrate micronis\u00e9e \u00e0 100 % est test\u00e9e et analys\u00e9e par HPLC pour sa puret\u00e9, et elle est en outre Sans dicyandiamide (DCD). AVANTAGES CL\u00c9S : Cr\u00e9atine Monohydrate 500g la cr\u00e9atine en poudre pour la croissance musculaire peut ; * Augmenter le volume des cellules musculaires. * Augmente la puissance explosive. * Augmenter l'endurance. * Permettre une r\u00e9cup\u00e9ration plus rapide. UTILISATION SUGG\u00c9R\u00c9E : Cr\u00e9atine Monohydrate 5g par portion.dose de charge : 20gms par jour pendant 5 jours (\u00e0 raison de 4 x 5gms dans la journ\u00e9e) ou 25gms par jour pendant 4 jours (\u00e0 raison de 5 x 5gms dans la journ\u00e9e). DOSE D'ENTRETIEN : 5gms par jour (une cuill\u00e8re \u00e0 caf\u00e9 de 5ml l\u00e9g\u00e8rement bomb\u00e9e environ). Prendre pendant environ 7-10 semaines avec deux \u00e0 trois semaines de repos, avant de recharger et de maintenir. ACHETEZ-LE MAINTENANT  Cliquez sur \"AJOUTER AU PANIER\" maintenant, jusqu'\u00e0 \u00e9puisement des stocks !","og_url":"https:\/\/jeaken.com\/fr\/produit\/pure-creatine-monohydrate-gain-de-muscle-et-supplement-de-poudre-post-exercice-500g\/","og_site_name":"JeaKen","article_modified_time":"2022-08-09T14:16:48+00:00","og_image":[{"width":600,"height":600,"url":"https:\/\/jeaken.com\/wp-content\/uploads\/2022\/07\/71grcDW-M9L._AC_SL1500_-1.jpg","type":"image\/jpeg"}],"twitter_card":"summary_large_image","twitter_misc":{"Est. reading time":"1 minute"},"schema":{"@context":"https:\/\/schema.org","@graph":[{"@type":"WebPage","@id":"https:\/\/jeaken.com\/fr\/produit\/pure-creatine-monohydrate-gain-de-muscle-et-supplement-de-poudre-post-exercice-500g\/","url":"https:\/\/jeaken.com\/fr\/produit\/pure-creatine-monohydrate-gain-de-muscle-et-supplement-de-poudre-post-exercice-500g\/","name":"Pure Creatine Monohydrate - Gain de muscle et suppl\u00e9ment de poudre post-exercice (500g) - JeaKen","isPartOf":{"@id":"https:\/\/jeaken.com\/fr\/#website"},"primaryImageOfPage":{"@id":"https:\/\/jeaken.com\/fr\/produit\/pure-creatine-monohydrate-gain-de-muscle-et-supplement-de-poudre-post-exercice-500g\/#primaryimage"},"image":{"@id":"https:\/\/jeaken.com\/fr\/produit\/pure-creatine-monohydrate-gain-de-muscle-et-supplement-de-poudre-post-exercice-500g\/#primaryimage"},"thumbnailUrl":"https:\/\/jeaken.com\/wp-content\/uploads\/2022\/07\/71grcDW-M9L._AC_SL1500_-1.jpg","datePublished":"2022-07-21T18:18:16+00:00","dateModified":"2022-08-09T14:16:48+00:00","breadcrumb":{"@id":"https:\/\/jeaken.com\/fr\/produit\/pure-creatine-monohydrate-gain-de-muscle-et-supplement-de-poudre-post-exercice-500g\/#breadcrumb"},"inLanguage":"fr-FR","potentialAction":[{"@type":"ReadAction","target":["https:\/\/jeaken.com\/fr\/produit\/pure-creatine-monohydrate-gain-de-muscle-et-supplement-de-poudre-post-exercice-500g\/"]}]},{"@type":"ImageObject","inLanguage":"fr-FR","@id":"https:\/\/jeaken.com\/fr\/produit\/pure-creatine-monohydrate-gain-de-muscle-et-supplement-de-poudre-post-exercice-500g\/#primaryimage","url":"https:\/\/jeaken.com\/wp-content\/uploads\/2022\/07\/71grcDW-M9L._AC_SL1500_-1.jpg","contentUrl":"https:\/\/jeaken.com\/wp-content\/uploads\/2022\/07\/71grcDW-M9L._AC_SL1500_-1.jpg","width":600,"height":600,"caption":"Pure Creatine Monohydrate - Muscle Gainer and Post Work Out Powder Supplement"},{"@type":"BreadcrumbList","@id":"https:\/\/jeaken.com\/fr\/produit\/pure-creatine-monohydrate-gain-de-muscle-et-supplement-de-poudre-post-exercice-500g\/#breadcrumb","itemListElement":[{"@type":"ListItem","position":1,"name":"Home","item":"https:\/\/jeaken.com\/fr\/"},{"@type":"ListItem","position":2,"name":"Private: Shop","item":"https:\/\/jeaken.com\/shop\/"},{"@type":"ListItem","position":3,"name":"Pure Creatine Monohydrate &#8211; Gain de muscle et suppl\u00e9ment de poudre post-exercice (500g)"}]},{"@type":"WebSite","@id":"https:\/\/jeaken.com\/fr\/#website","url":"https:\/\/jeaken.com\/fr\/","name":"JeaKen","description":"Organic Supplements for Health, Fitness and Nutrition","publisher":{"@id":"https:\/\/jeaken.com\/fr\/#organization"},"potentialAction":[{"@type":"SearchAction","target":{"@type":"EntryPoint","urlTemplate":"https:\/\/jeaken.com\/fr\/?s={search_term_string}"},"query-input":"required name=search_term_string"}],"inLanguage":"fr-FR"},{"@type":"Organization","@id":"https:\/\/jeaken.com\/fr\/#organization","name":"JeaKen","url":"https:\/\/jeaken.com\/fr\/","logo":{"@type":"ImageObject","inLanguage":"fr-FR","@id":"https:\/\/jeaken.com\/fr\/#\/schema\/logo\/image\/","url":"https:\/\/jeaken.com\/wp-content\/uploads\/2022\/06\/jeaken-logo-23.png","contentUrl":"https:\/\/jeaken.com\/wp-content\/uploads\/2022\/06\/jeaken-logo-23.png","width":2486,"height":736,"caption":"JeaKen"},"image":{"@id":"https:\/\/jeaken.com\/fr\/#\/schema\/logo\/image\/"}}]}},"jetpack_sharing_enabled":true,"_links":{"self":[{"href":"https:\/\/jeaken.com\/fr\/wp-json\/wp\/v2\/product\/6942","targetHints":{"allow":["GET"]}}],"collection":[{"href":"https:\/\/jeaken.com\/fr\/wp-json\/wp\/v2\/product"}],"about":[{"href":"https:\/\/jeaken.com\/fr\/wp-json\/wp\/v2\/types\/product"}],"wp:featuredmedia":[{"embeddable":true,"href":"https:\/\/jeaken.com\/fr\/wp-json\/wp\/v2\/media\/3417"}],"wp:attachment":[{"href":"https:\/\/jeaken.com\/fr\/wp-json\/wp\/v2\/media?parent=6942"}],"wp:term":[{"taxonomy":"product_cat","embeddable":true,"href":"https:\/\/jeaken.com\/fr\/wp-json\/wp\/v2\/product_cat?post=6942"},{"taxonomy":"product_tag","embeddable":true,"href":"https:\/\/jeaken.com\/fr\/wp-json\/wp\/v2\/product_tag?post=6942"}],"curies":[{"name":"wp","href":"https:\/\/api.w.org\/{rel}","templated":true}]}}