{"id":6932,"date":"2022-07-21T19:18:17","date_gmt":"2022-07-21T18:18:17","guid":{"rendered":"https:\/1658920591610?product=capsules-de-gelee-royale-haute-puissance-pour-ameliorer-la-fertilite-et-soulager-les-symptomes-de-la-menopause-60-gelules-vegetales"},"modified":"2022-08-09T15:15:51","modified_gmt":"2022-08-09T14:15:51","slug":"capsules-de-gelee-royale-haute-puissance-pour-ameliorer-la-fertilite-et-soulager-les-symptomes-de-la-menopause-60-gelules-vegetales","status":"publish","type":"product","link":"https:\/\/jeaken.com\/fr\/produit\/capsules-de-gelee-royale-haute-puissance-pour-ameliorer-la-fertilite-et-soulager-les-symptomes-de-la-menopause-60-gelules-vegetales\/","title":{"rendered":"Capsules de gel\u00e9e royale haute puissance pour am\u00e9liorer la fertilit\u00e9 et soulager les sympt\u00f4mes de la m\u00e9nopause (60 g\u00e9lules v\u00e9g\u00e9tales)"},"content":{"rendered":"<p><strong>SUPER ALIMENT NATUREL  <\/strong><\/p>\n<p>Nos g\u00e9lules de gel\u00e9e royale sont fabriqu\u00e9es \u00e0 partir des meilleurs ingr\u00e9dients naturels. Notre formulation \u00e9quivaut \u00e0 750 mg de gel\u00e9e royale fra\u00eeche &#8211; vous b\u00e9n\u00e9ficiez donc des m\u00eames avantages que les reines des abeilles qui se nourrissent exclusivement de gel\u00e9e royale pour soutenir leur fertilit\u00e9, leur long\u00e9vit\u00e9 et leur sant\u00e9.&lt;<\/p>\n<p><strong>RENFORCE L&#8217;IMMUNIT\u00c9  <\/strong><\/p>\n<p>La gel\u00e9e royale peut aider \u00e0 soulager les allergies, \u00e0 r\u00e9duire les inflammations et \u00e0 contribuer \u00e0 un syst\u00e8me immunitaire sain.<\/p>\n<p><strong>FAVORISE LA SANT\u00c9 DES CHEVEUX, DES ONGLES ET DE LA PEAU  <\/strong><\/p>\n<p>La gel\u00e9e royale contient 22 acides amin\u00e9s qui entretiennent et r\u00e9parent les cellules de tout l&#8217;organisme, en particulier celles des cheveux et de la peau. Notre compl\u00e9ment est riche en vitamines B Riboflavine (B2), Niacine (B3), et Biotine (B7), qui sont essentielles au processus de renouvellement des cheveux et de la peau.<\/p>\n<p><strong>EFFICACE POUR LA SANT\u00c9 ET LA FERTILIT\u00c9 DES FEMMES  <\/strong><\/p>\n<p>La gel\u00e9e royale est utilis\u00e9e depuis des centaines d&#8217;ann\u00e9es comme aide \u00e0 la sant\u00e9 des femmes. Gr\u00e2ce \u00e0 sa richesse en min\u00e9raux et en vitamines, la gel\u00e9e royale est parfaite pour cibler les syst\u00e8mes impliqu\u00e9s dans la fertilit\u00e9. La gel\u00e9e royale peut aider \u00e0 soulager les sympt\u00f4mes de la m\u00e9nopause.<\/p>\n","protected":false},"excerpt":{"rendered":"<h4><strong>Super aliment naturel qui favorise une bonne sant\u00e9 chez les femmes.  <\/strong><\/h4>\n","protected":false},"featured_media":16094,"template":"","meta":{"site-sidebar-layout":"default","site-content-layout":"default","ast-site-content-layout":"default","site-content-style":"default","site-sidebar-style":"default","ast-global-header-display":"","ast-banner-title-visibility":"","ast-main-header-display":"","ast-hfb-above-header-display":"","ast-hfb-below-header-display":"","ast-hfb-mobile-header-display":"","site-post-title":"","ast-breadcrumbs-content":"","ast-featured-img":"","footer-sml-layout":"","theme-transparent-header-meta":"default","adv-header-id-meta":"","stick-header-meta":"default","header-above-stick-meta":"","header-main-stick-meta":"","header-below-stick-meta":"","astra-migrate-meta-layouts":"default","ast-page-background-enabled":"default","ast-page-background-meta":{"desktop":{"background-color":"","background-image":"","background-repeat":"repeat","background-position":"center center","background-size":"auto","background-attachment":"scroll","background-type":"","background-media":"","overlay-type":"","overlay-color":"","overlay-opacity":"","overlay-gradient":""},"tablet":{"background-color":"","background-image":"","background-repeat":"repeat","background-position":"center center","background-size":"auto","background-attachment":"scroll","background-type":"","background-media":"","overlay-type":"","overlay-color":"","overlay-opacity":"","overlay-gradient":""},"mobile":{"background-color":"","background-image":"","background-repeat":"repeat","background-position":"center center","background-size":"auto","background-attachment":"scroll","background-type":"","background-media":"","overlay-type":"","overlay-color":"","overlay-opacity":"","overlay-gradient":""}},"ast-content-background-meta":{"desktop":{"background-color":"var(--ast-global-color-5)","background-image":"","background-repeat":"repeat","background-position":"center center","background-size":"auto","background-attachment":"scroll","background-type":"","background-media":"","overlay-type":"","overlay-color":"","overlay-opacity":"","overlay-gradient":""},"tablet":{"background-color":"var(--ast-global-color-5)","background-image":"","background-repeat":"repeat","background-position":"center center","background-size":"auto","background-attachment":"scroll","background-type":"","background-media":"","overlay-type":"","overlay-color":"","overlay-opacity":"","overlay-gradient":""},"mobile":{"background-color":"var(--ast-global-color-5)","background-image":"","background-repeat":"repeat","background-position":"center center","background-size":"auto","background-attachment":"scroll","background-type":"","background-media":"","overlay-type":"","overlay-color":"","overlay-opacity":"","overlay-gradient":""}}},"product_cat":[996,516],"product_tag":[],"class_list":{"0":"post-6932","1":"product","2":"type-product","3":"status-publish","4":"has-post-thumbnail","6":"product_cat-fertilite","7":"product_cat-humeur-et-bien-etre","8":"has-subscription-plans","9":"desktop-align-left","10":"tablet-align-left","11":"mobile-align-left","13":"first","14":"outofstock","15":"taxable","16":"shipping-taxable","17":"purchasable","18":"product-type-simple"},"yoast_head":"<!-- This site is optimized with the Yoast SEO plugin v22.7 - https:\/\/yoast.com\/wordpress\/plugins\/seo\/ -->\n<title>Capsules de gel\u00e9e royale haute puissance pour am\u00e9liorer la fertilit\u00e9 et soulager les sympt\u00f4mes de la m\u00e9nopause (60 g\u00e9lules v\u00e9g\u00e9tales) - JeaKen<\/title>\n<meta name=\"robots\" content=\"index, follow, max-snippet:-1, max-image-preview:large, max-video-preview:-1\" \/>\n<link rel=\"canonical\" href=\"https:\/\/jeaken.com\/fr\/produit\/capsules-de-gelee-royale-haute-puissance-pour-ameliorer-la-fertilite-et-soulager-les-symptomes-de-la-menopause-60-gelules-vegetales\/\" \/>\n<meta property=\"og:locale\" content=\"fr_FR\" \/>\n<meta property=\"og:type\" content=\"article\" \/>\n<meta property=\"og:title\" content=\"Capsules de gel\u00e9e royale haute puissance pour am\u00e9liorer la fertilit\u00e9 et soulager les sympt\u00f4mes de la m\u00e9nopause (60 g\u00e9lules v\u00e9g\u00e9tales) - JeaKen\" \/>\n<meta property=\"og:description\" content=\"Super aliment naturel qui favorise une bonne sant\u00e9 chez les femmes.\" \/>\n<meta property=\"og:url\" content=\"https:\/\/jeaken.com\/fr\/produit\/capsules-de-gelee-royale-haute-puissance-pour-ameliorer-la-fertilite-et-soulager-les-symptomes-de-la-menopause-60-gelules-vegetales\/\" \/>\n<meta property=\"og:site_name\" content=\"JeaKen\" \/>\n<meta property=\"article:modified_time\" content=\"2022-08-09T14:15:51+00:00\" \/>\n<meta property=\"og:image\" content=\"https:\/\/jeaken.com\/wp-content\/uploads\/2022\/07\/Royal-Jelly.jpg\" \/>\n\t<meta property=\"og:image:width\" content=\"512\" \/>\n\t<meta property=\"og:image:height\" content=\"600\" \/>\n\t<meta property=\"og:image:type\" content=\"image\/jpeg\" \/>\n<meta name=\"twitter:card\" content=\"summary_large_image\" \/>\n<meta name=\"twitter:label1\" content=\"Est. reading time\" \/>\n\t<meta name=\"twitter:data1\" content=\"1 minute\" \/>\n<script type=\"application\/ld+json\" class=\"yoast-schema-graph\">{\"@context\":\"https:\/\/schema.org\",\"@graph\":[{\"@type\":\"WebPage\",\"@id\":\"https:\/\/jeaken.com\/fr\/produit\/capsules-de-gelee-royale-haute-puissance-pour-ameliorer-la-fertilite-et-soulager-les-symptomes-de-la-menopause-60-gelules-vegetales\/\",\"url\":\"https:\/\/jeaken.com\/fr\/produit\/capsules-de-gelee-royale-haute-puissance-pour-ameliorer-la-fertilite-et-soulager-les-symptomes-de-la-menopause-60-gelules-vegetales\/\",\"name\":\"Capsules de gel\u00e9e royale haute puissance pour am\u00e9liorer la fertilit\u00e9 et soulager les sympt\u00f4mes de la m\u00e9nopause (60 g\u00e9lules v\u00e9g\u00e9tales) - JeaKen\",\"isPartOf\":{\"@id\":\"https:\/\/jeaken.com\/fr\/#website\"},\"primaryImageOfPage\":{\"@id\":\"https:\/\/jeaken.com\/fr\/produit\/capsules-de-gelee-royale-haute-puissance-pour-ameliorer-la-fertilite-et-soulager-les-symptomes-de-la-menopause-60-gelules-vegetales\/#primaryimage\"},\"image\":{\"@id\":\"https:\/\/jeaken.com\/fr\/produit\/capsules-de-gelee-royale-haute-puissance-pour-ameliorer-la-fertilite-et-soulager-les-symptomes-de-la-menopause-60-gelules-vegetales\/#primaryimage\"},\"thumbnailUrl\":\"https:\/\/jeaken.com\/wp-content\/uploads\/2022\/07\/Royal-Jelly.jpg\",\"datePublished\":\"2022-07-21T18:18:17+00:00\",\"dateModified\":\"2022-08-09T14:15:51+00:00\",\"breadcrumb\":{\"@id\":\"https:\/\/jeaken.com\/fr\/produit\/capsules-de-gelee-royale-haute-puissance-pour-ameliorer-la-fertilite-et-soulager-les-symptomes-de-la-menopause-60-gelules-vegetales\/#breadcrumb\"},\"inLanguage\":\"fr-FR\",\"potentialAction\":[{\"@type\":\"ReadAction\",\"target\":[\"https:\/\/jeaken.com\/fr\/produit\/capsules-de-gelee-royale-haute-puissance-pour-ameliorer-la-fertilite-et-soulager-les-symptomes-de-la-menopause-60-gelules-vegetales\/\"]}]},{\"@type\":\"ImageObject\",\"inLanguage\":\"fr-FR\",\"@id\":\"https:\/\/jeaken.com\/fr\/produit\/capsules-de-gelee-royale-haute-puissance-pour-ameliorer-la-fertilite-et-soulager-les-symptomes-de-la-menopause-60-gelules-vegetales\/#primaryimage\",\"url\":\"https:\/\/jeaken.com\/wp-content\/uploads\/2022\/07\/Royal-Jelly.jpg\",\"contentUrl\":\"https:\/\/jeaken.com\/wp-content\/uploads\/2022\/07\/Royal-Jelly.jpg\",\"width\":512,\"height\":600,\"caption\":\"High Potency Royal Jelly Capsules for Improved Fertility and the Relief of the Symptoms of Menopause\"},{\"@type\":\"BreadcrumbList\",\"@id\":\"https:\/\/jeaken.com\/fr\/produit\/capsules-de-gelee-royale-haute-puissance-pour-ameliorer-la-fertilite-et-soulager-les-symptomes-de-la-menopause-60-gelules-vegetales\/#breadcrumb\",\"itemListElement\":[{\"@type\":\"ListItem\",\"position\":1,\"name\":\"Home\",\"item\":\"https:\/\/jeaken.com\/fr\/\"},{\"@type\":\"ListItem\",\"position\":2,\"name\":\"Private: Shop\",\"item\":\"https:\/\/jeaken.com\/shop\/\"},{\"@type\":\"ListItem\",\"position\":3,\"name\":\"Capsules de gel\u00e9e royale haute puissance pour am\u00e9liorer la fertilit\u00e9 et soulager les sympt\u00f4mes de la m\u00e9nopause (60 g\u00e9lules v\u00e9g\u00e9tales)\"}]},{\"@type\":\"WebSite\",\"@id\":\"https:\/\/jeaken.com\/fr\/#website\",\"url\":\"https:\/\/jeaken.com\/fr\/\",\"name\":\"JeaKen\",\"description\":\"Organic Supplements for Health, Fitness and Nutrition\",\"publisher\":{\"@id\":\"https:\/\/jeaken.com\/fr\/#organization\"},\"potentialAction\":[{\"@type\":\"SearchAction\",\"target\":{\"@type\":\"EntryPoint\",\"urlTemplate\":\"https:\/\/jeaken.com\/fr\/?s={search_term_string}\"},\"query-input\":\"required name=search_term_string\"}],\"inLanguage\":\"fr-FR\"},{\"@type\":\"Organization\",\"@id\":\"https:\/\/jeaken.com\/fr\/#organization\",\"name\":\"JeaKen\",\"url\":\"https:\/\/jeaken.com\/fr\/\",\"logo\":{\"@type\":\"ImageObject\",\"inLanguage\":\"fr-FR\",\"@id\":\"https:\/\/jeaken.com\/fr\/#\/schema\/logo\/image\/\",\"url\":\"https:\/\/jeaken.com\/wp-content\/uploads\/2022\/06\/jeaken-logo-23.png\",\"contentUrl\":\"https:\/\/jeaken.com\/wp-content\/uploads\/2022\/06\/jeaken-logo-23.png\",\"width\":2486,\"height\":736,\"caption\":\"JeaKen\"},\"image\":{\"@id\":\"https:\/\/jeaken.com\/fr\/#\/schema\/logo\/image\/\"}}]}<\/script>\n<!-- \/ Yoast SEO plugin. -->","yoast_head_json":{"title":"Capsules de gel\u00e9e royale haute puissance pour am\u00e9liorer la fertilit\u00e9 et soulager les sympt\u00f4mes de la m\u00e9nopause (60 g\u00e9lules v\u00e9g\u00e9tales) - JeaKen","robots":{"index":"index","follow":"follow","max-snippet":"max-snippet:-1","max-image-preview":"max-image-preview:large","max-video-preview":"max-video-preview:-1"},"canonical":"https:\/\/jeaken.com\/fr\/produit\/capsules-de-gelee-royale-haute-puissance-pour-ameliorer-la-fertilite-et-soulager-les-symptomes-de-la-menopause-60-gelules-vegetales\/","og_locale":"fr_FR","og_type":"article","og_title":"Capsules de gel\u00e9e royale haute puissance pour am\u00e9liorer la fertilit\u00e9 et soulager les sympt\u00f4mes de la m\u00e9nopause (60 g\u00e9lules v\u00e9g\u00e9tales) - JeaKen","og_description":"Super aliment naturel qui favorise une bonne sant\u00e9 chez les femmes.","og_url":"https:\/\/jeaken.com\/fr\/produit\/capsules-de-gelee-royale-haute-puissance-pour-ameliorer-la-fertilite-et-soulager-les-symptomes-de-la-menopause-60-gelules-vegetales\/","og_site_name":"JeaKen","article_modified_time":"2022-08-09T14:15:51+00:00","og_image":[{"width":512,"height":600,"url":"https:\/\/jeaken.com\/wp-content\/uploads\/2022\/07\/Royal-Jelly.jpg","type":"image\/jpeg"}],"twitter_card":"summary_large_image","twitter_misc":{"Est. reading time":"1 minute"},"schema":{"@context":"https:\/\/schema.org","@graph":[{"@type":"WebPage","@id":"https:\/\/jeaken.com\/fr\/produit\/capsules-de-gelee-royale-haute-puissance-pour-ameliorer-la-fertilite-et-soulager-les-symptomes-de-la-menopause-60-gelules-vegetales\/","url":"https:\/\/jeaken.com\/fr\/produit\/capsules-de-gelee-royale-haute-puissance-pour-ameliorer-la-fertilite-et-soulager-les-symptomes-de-la-menopause-60-gelules-vegetales\/","name":"Capsules de gel\u00e9e royale haute puissance pour am\u00e9liorer la fertilit\u00e9 et soulager les sympt\u00f4mes de la m\u00e9nopause (60 g\u00e9lules v\u00e9g\u00e9tales) - JeaKen","isPartOf":{"@id":"https:\/\/jeaken.com\/fr\/#website"},"primaryImageOfPage":{"@id":"https:\/\/jeaken.com\/fr\/produit\/capsules-de-gelee-royale-haute-puissance-pour-ameliorer-la-fertilite-et-soulager-les-symptomes-de-la-menopause-60-gelules-vegetales\/#primaryimage"},"image":{"@id":"https:\/\/jeaken.com\/fr\/produit\/capsules-de-gelee-royale-haute-puissance-pour-ameliorer-la-fertilite-et-soulager-les-symptomes-de-la-menopause-60-gelules-vegetales\/#primaryimage"},"thumbnailUrl":"https:\/\/jeaken.com\/wp-content\/uploads\/2022\/07\/Royal-Jelly.jpg","datePublished":"2022-07-21T18:18:17+00:00","dateModified":"2022-08-09T14:15:51+00:00","breadcrumb":{"@id":"https:\/\/jeaken.com\/fr\/produit\/capsules-de-gelee-royale-haute-puissance-pour-ameliorer-la-fertilite-et-soulager-les-symptomes-de-la-menopause-60-gelules-vegetales\/#breadcrumb"},"inLanguage":"fr-FR","potentialAction":[{"@type":"ReadAction","target":["https:\/\/jeaken.com\/fr\/produit\/capsules-de-gelee-royale-haute-puissance-pour-ameliorer-la-fertilite-et-soulager-les-symptomes-de-la-menopause-60-gelules-vegetales\/"]}]},{"@type":"ImageObject","inLanguage":"fr-FR","@id":"https:\/\/jeaken.com\/fr\/produit\/capsules-de-gelee-royale-haute-puissance-pour-ameliorer-la-fertilite-et-soulager-les-symptomes-de-la-menopause-60-gelules-vegetales\/#primaryimage","url":"https:\/\/jeaken.com\/wp-content\/uploads\/2022\/07\/Royal-Jelly.jpg","contentUrl":"https:\/\/jeaken.com\/wp-content\/uploads\/2022\/07\/Royal-Jelly.jpg","width":512,"height":600,"caption":"High Potency Royal Jelly Capsules for Improved Fertility and the Relief of the Symptoms of Menopause"},{"@type":"BreadcrumbList","@id":"https:\/\/jeaken.com\/fr\/produit\/capsules-de-gelee-royale-haute-puissance-pour-ameliorer-la-fertilite-et-soulager-les-symptomes-de-la-menopause-60-gelules-vegetales\/#breadcrumb","itemListElement":[{"@type":"ListItem","position":1,"name":"Home","item":"https:\/\/jeaken.com\/fr\/"},{"@type":"ListItem","position":2,"name":"Private: Shop","item":"https:\/\/jeaken.com\/shop\/"},{"@type":"ListItem","position":3,"name":"Capsules de gel\u00e9e royale haute puissance pour am\u00e9liorer la fertilit\u00e9 et soulager les sympt\u00f4mes de la m\u00e9nopause (60 g\u00e9lules v\u00e9g\u00e9tales)"}]},{"@type":"WebSite","@id":"https:\/\/jeaken.com\/fr\/#website","url":"https:\/\/jeaken.com\/fr\/","name":"JeaKen","description":"Organic Supplements for Health, Fitness and Nutrition","publisher":{"@id":"https:\/\/jeaken.com\/fr\/#organization"},"potentialAction":[{"@type":"SearchAction","target":{"@type":"EntryPoint","urlTemplate":"https:\/\/jeaken.com\/fr\/?s={search_term_string}"},"query-input":"required name=search_term_string"}],"inLanguage":"fr-FR"},{"@type":"Organization","@id":"https:\/\/jeaken.com\/fr\/#organization","name":"JeaKen","url":"https:\/\/jeaken.com\/fr\/","logo":{"@type":"ImageObject","inLanguage":"fr-FR","@id":"https:\/\/jeaken.com\/fr\/#\/schema\/logo\/image\/","url":"https:\/\/jeaken.com\/wp-content\/uploads\/2022\/06\/jeaken-logo-23.png","contentUrl":"https:\/\/jeaken.com\/wp-content\/uploads\/2022\/06\/jeaken-logo-23.png","width":2486,"height":736,"caption":"JeaKen"},"image":{"@id":"https:\/\/jeaken.com\/fr\/#\/schema\/logo\/image\/"}}]}},"jetpack_sharing_enabled":true,"_links":{"self":[{"href":"https:\/\/jeaken.com\/fr\/wp-json\/wp\/v2\/product\/6932","targetHints":{"allow":["GET"]}}],"collection":[{"href":"https:\/\/jeaken.com\/fr\/wp-json\/wp\/v2\/product"}],"about":[{"href":"https:\/\/jeaken.com\/fr\/wp-json\/wp\/v2\/types\/product"}],"wp:featuredmedia":[{"embeddable":true,"href":"https:\/\/jeaken.com\/fr\/wp-json\/wp\/v2\/media\/16094"}],"wp:attachment":[{"href":"https:\/\/jeaken.com\/fr\/wp-json\/wp\/v2\/media?parent=6932"}],"wp:term":[{"taxonomy":"product_cat","embeddable":true,"href":"https:\/\/jeaken.com\/fr\/wp-json\/wp\/v2\/product_cat?post=6932"},{"taxonomy":"product_tag","embeddable":true,"href":"https:\/\/jeaken.com\/fr\/wp-json\/wp\/v2\/product_tag?post=6932"}],"curies":[{"name":"wp","href":"https:\/\/api.w.org\/{rel}","templated":true}]}}