{"id":6921,"date":"2022-07-21T19:18:16","date_gmt":"2022-07-21T18:18:16","guid":{"rendered":"https:\/1658920591610?product=huile-donagre-softgels"},"modified":"2022-08-09T15:15:47","modified_gmt":"2022-08-09T14:15:47","slug":"huile-donagre-softgels","status":"publish","type":"product","link":"https:\/\/jeaken.com\/fr\/produit\/huile-donagre-softgels\/","title":{"rendered":"Huile d&#8217;onagre Softgels"},"content":{"rendered":"<p><strong>MAINTIENT UN CONFORT OPTIMAL PENDANT LES MENSTRUATIONS<\/strong><\/p>\n<p>Les capsules d&#8217;huile d&#8217;onagre contiennent des acides gras polyinsatur\u00e9s (AGPI) qui aident \u00e0 r\u00e9duire la douleur et l&#8217;inconfort associ\u00e9s aux menstruations et aux pr\u00e9-menstruations.<\/p>\n<p><strong>  AIDE \u00c0 R\u00c9GULER LE CHOLEST\u00c9ROL SANGUIN<\/strong><\/p>\n<p>L&#8217;huile d&#8217;onagre 1000mg contient de l&#8217;acide gras om\u00e9ga 6, de l&#8217;acide gamma-linol\u00e9nique (GLA) et de la vitamine E. Ceux-ci aident \u00e0 prot\u00e9ger les cellules du stress oxydatif et contribuent au maintien d&#8217;un taux de cholest\u00e9rol sanguin normal.<\/p>\n<p><strong>SOUTIENT L&#8217;IMMUNIT\u00c9 NATURELLE<\/strong><\/p>\n<p>Notre huile d&#8217;onagre biologique fournit les acides gras polyinsatur\u00e9s n\u00e9cessaires pour soutenir l&#8217;immunit\u00e9 naturelle. Notre suppl\u00e9ment contient \u00e9galement : De l&#8217;acide ol\u00e9ique, palmitique et st\u00e9arique, des phytost\u00e9rols, des prot\u00e9ines riches en soufre et en tryptophane, du zinc, du s\u00e9l\u00e9nium, du magn\u00e9sium, du calcium et de la vitamine E. L&#8217;abondance de ces composants actifs a fait de l&#8217;humble onagre l&#8217;une des plantes les plus pr\u00e9cieuses utilis\u00e9es dans la fabrication de suppl\u00e9ments.<\/p>\n<p><strong>FAVORISE UNE CROISSANCE NORMALE DE LA PEAU ET DES CHEVEUX<\/strong><\/p>\n<p>L&#8217;huile d&#8217;onagre contient des acides gras polyinsatur\u00e9s qui sont n\u00e9cessaires \u00e0 des processus physiologiques importants, notamment une peau saine et la croissance des cheveux.<\/p>\n<p><strong>QUALIT\u00c9 SUP\u00c9RIEURE<\/strong><\/p>\n<p>Nos g\u00e9lules d&#8217;huile d&#8217;onagre sont fabriqu\u00e9es au Royaume-Uni conform\u00e9ment au code de pratique GMP.<\/p>\n","protected":false},"excerpt":{"rendered":"<h4>Immunit\u00e9 naturelle et soulagement des sympt\u00f4mes menstruels.<\/h4>\n","protected":false},"featured_media":3613,"template":"","meta":{"site-sidebar-layout":"default","site-content-layout":"default","ast-site-content-layout":"default","site-content-style":"default","site-sidebar-style":"default","ast-global-header-display":"","ast-banner-title-visibility":"","ast-main-header-display":"","ast-hfb-above-header-display":"","ast-hfb-below-header-display":"","ast-hfb-mobile-header-display":"","site-post-title":"","ast-breadcrumbs-content":"","ast-featured-img":"","footer-sml-layout":"","theme-transparent-header-meta":"default","adv-header-id-meta":"","stick-header-meta":"default","header-above-stick-meta":"","header-main-stick-meta":"","header-below-stick-meta":"","astra-migrate-meta-layouts":"default","ast-page-background-enabled":"default","ast-page-background-meta":{"desktop":{"background-color":"","background-image":"","background-repeat":"repeat","background-position":"center center","background-size":"auto","background-attachment":"scroll","background-type":"","background-media":"","overlay-type":"","overlay-color":"","overlay-opacity":"","overlay-gradient":""},"tablet":{"background-color":"","background-image":"","background-repeat":"repeat","background-position":"center center","background-size":"auto","background-attachment":"scroll","background-type":"","background-media":"","overlay-type":"","overlay-color":"","overlay-opacity":"","overlay-gradient":""},"mobile":{"background-color":"","background-image":"","background-repeat":"repeat","background-position":"center center","background-size":"auto","background-attachment":"scroll","background-type":"","background-media":"","overlay-type":"","overlay-color":"","overlay-opacity":"","overlay-gradient":""}},"ast-content-background-meta":{"desktop":{"background-color":"var(--ast-global-color-5)","background-image":"","background-repeat":"repeat","background-position":"center center","background-size":"auto","background-attachment":"scroll","background-type":"","background-media":"","overlay-type":"","overlay-color":"","overlay-opacity":"","overlay-gradient":""},"tablet":{"background-color":"var(--ast-global-color-5)","background-image":"","background-repeat":"repeat","background-position":"center center","background-size":"auto","background-attachment":"scroll","background-type":"","background-media":"","overlay-type":"","overlay-color":"","overlay-opacity":"","overlay-gradient":""},"mobile":{"background-color":"var(--ast-global-color-5)","background-image":"","background-repeat":"repeat","background-position":"center center","background-size":"auto","background-attachment":"scroll","background-type":"","background-media":"","overlay-type":"","overlay-color":"","overlay-opacity":"","overlay-gradient":""}}},"product_cat":[996,516],"product_tag":[1313,1305,1309,1317,1321],"class_list":{"0":"post-6921","1":"product","2":"type-product","3":"status-publish","4":"has-post-thumbnail","6":"product_cat-fertilite","7":"product_cat-humeur-et-bien-etre","8":"product_tag-capsules-dhuile-donagre","9":"product_tag-huile-donagre","10":"product_tag-huile-donagre-1000mg","11":"product_tag-huile-donagre-biologique","12":"product_tag-huile-donagre-softgels","13":"has-subscription-plans","14":"desktop-align-left","15":"tablet-align-left","16":"mobile-align-left","18":"first","19":"outofstock","20":"taxable","21":"shipping-taxable","22":"purchasable","23":"product-type-simple"},"yoast_head":"<!-- This site is optimized with the Yoast SEO plugin v22.7 - https:\/\/yoast.com\/wordpress\/plugins\/seo\/ -->\n<title>Huile d&#039;onagre Softgels - JeaKen<\/title>\n<meta name=\"robots\" content=\"index, follow, max-snippet:-1, max-image-preview:large, max-video-preview:-1\" \/>\n<link rel=\"canonical\" href=\"https:\/\/jeaken.com\/fr\/produit\/huile-donagre-softgels\/\" \/>\n<meta property=\"og:locale\" content=\"fr_FR\" \/>\n<meta property=\"og:type\" content=\"article\" \/>\n<meta property=\"og:title\" content=\"Huile d&#039;onagre Softgels - JeaKen\" \/>\n<meta property=\"og:description\" content=\"Immunit\u00e9 naturelle et soulagement des sympt\u00f4mes menstruels.\" \/>\n<meta property=\"og:url\" content=\"https:\/\/jeaken.com\/fr\/produit\/huile-donagre-softgels\/\" \/>\n<meta property=\"og:site_name\" content=\"JeaKen\" \/>\n<meta property=\"article:modified_time\" content=\"2022-08-09T14:15:47+00:00\" \/>\n<meta property=\"og:image\" content=\"https:\/\/jeaken.com\/wp-content\/uploads\/2022\/07\/EVENING-PRIMROSE-OIL-SOFTGELS-By-JeaKen-\u2013-Premium-Evening-Primrose-Oil-Organic.jpg\" \/>\n\t<meta property=\"og:image:width\" content=\"800\" \/>\n\t<meta property=\"og:image:height\" content=\"800\" \/>\n\t<meta property=\"og:image:type\" content=\"image\/jpeg\" \/>\n<meta name=\"twitter:card\" content=\"summary_large_image\" \/>\n<meta name=\"twitter:label1\" content=\"Est. reading time\" \/>\n\t<meta name=\"twitter:data1\" content=\"1 minute\" \/>\n<script type=\"application\/ld+json\" class=\"yoast-schema-graph\">{\"@context\":\"https:\/\/schema.org\",\"@graph\":[{\"@type\":\"WebPage\",\"@id\":\"https:\/\/jeaken.com\/fr\/produit\/huile-donagre-softgels\/\",\"url\":\"https:\/\/jeaken.com\/fr\/produit\/huile-donagre-softgels\/\",\"name\":\"Huile d'onagre Softgels - JeaKen\",\"isPartOf\":{\"@id\":\"https:\/\/jeaken.com\/fr\/#website\"},\"primaryImageOfPage\":{\"@id\":\"https:\/\/jeaken.com\/fr\/produit\/huile-donagre-softgels\/#primaryimage\"},\"image\":{\"@id\":\"https:\/\/jeaken.com\/fr\/produit\/huile-donagre-softgels\/#primaryimage\"},\"thumbnailUrl\":\"https:\/\/jeaken.com\/wp-content\/uploads\/2022\/07\/EVENING-PRIMROSE-OIL-SOFTGELS-By-JeaKen-\u2013-Premium-Evening-Primrose-Oil-Organic.jpg\",\"datePublished\":\"2022-07-21T18:18:16+00:00\",\"dateModified\":\"2022-08-09T14:15:47+00:00\",\"breadcrumb\":{\"@id\":\"https:\/\/jeaken.com\/fr\/produit\/huile-donagre-softgels\/#breadcrumb\"},\"inLanguage\":\"fr-FR\",\"potentialAction\":[{\"@type\":\"ReadAction\",\"target\":[\"https:\/\/jeaken.com\/fr\/produit\/huile-donagre-softgels\/\"]}]},{\"@type\":\"ImageObject\",\"inLanguage\":\"fr-FR\",\"@id\":\"https:\/\/jeaken.com\/fr\/produit\/huile-donagre-softgels\/#primaryimage\",\"url\":\"https:\/\/jeaken.com\/wp-content\/uploads\/2022\/07\/EVENING-PRIMROSE-OIL-SOFTGELS-By-JeaKen-\u2013-Premium-Evening-Primrose-Oil-Organic.jpg\",\"contentUrl\":\"https:\/\/jeaken.com\/wp-content\/uploads\/2022\/07\/EVENING-PRIMROSE-OIL-SOFTGELS-By-JeaKen-\u2013-Premium-Evening-Primrose-Oil-Organic.jpg\",\"width\":800,\"height\":800,\"caption\":\"Evening Primrose Oil Softgels\"},{\"@type\":\"BreadcrumbList\",\"@id\":\"https:\/\/jeaken.com\/fr\/produit\/huile-donagre-softgels\/#breadcrumb\",\"itemListElement\":[{\"@type\":\"ListItem\",\"position\":1,\"name\":\"Home\",\"item\":\"https:\/\/jeaken.com\/fr\/\"},{\"@type\":\"ListItem\",\"position\":2,\"name\":\"Private: Shop\",\"item\":\"https:\/\/jeaken.com\/shop\/\"},{\"@type\":\"ListItem\",\"position\":3,\"name\":\"Huile d&#8217;onagre Softgels\"}]},{\"@type\":\"WebSite\",\"@id\":\"https:\/\/jeaken.com\/fr\/#website\",\"url\":\"https:\/\/jeaken.com\/fr\/\",\"name\":\"JeaKen\",\"description\":\"Organic Supplements for Health, Fitness and Nutrition\",\"publisher\":{\"@id\":\"https:\/\/jeaken.com\/fr\/#organization\"},\"potentialAction\":[{\"@type\":\"SearchAction\",\"target\":{\"@type\":\"EntryPoint\",\"urlTemplate\":\"https:\/\/jeaken.com\/fr\/?s={search_term_string}\"},\"query-input\":\"required name=search_term_string\"}],\"inLanguage\":\"fr-FR\"},{\"@type\":\"Organization\",\"@id\":\"https:\/\/jeaken.com\/fr\/#organization\",\"name\":\"JeaKen\",\"url\":\"https:\/\/jeaken.com\/fr\/\",\"logo\":{\"@type\":\"ImageObject\",\"inLanguage\":\"fr-FR\",\"@id\":\"https:\/\/jeaken.com\/fr\/#\/schema\/logo\/image\/\",\"url\":\"https:\/\/jeaken.com\/wp-content\/uploads\/2022\/06\/jeaken-logo-23.png\",\"contentUrl\":\"https:\/\/jeaken.com\/wp-content\/uploads\/2022\/06\/jeaken-logo-23.png\",\"width\":2486,\"height\":736,\"caption\":\"JeaKen\"},\"image\":{\"@id\":\"https:\/\/jeaken.com\/fr\/#\/schema\/logo\/image\/\"}}]}<\/script>\n<!-- \/ Yoast SEO plugin. -->","yoast_head_json":{"title":"Huile d'onagre Softgels - JeaKen","robots":{"index":"index","follow":"follow","max-snippet":"max-snippet:-1","max-image-preview":"max-image-preview:large","max-video-preview":"max-video-preview:-1"},"canonical":"https:\/\/jeaken.com\/fr\/produit\/huile-donagre-softgels\/","og_locale":"fr_FR","og_type":"article","og_title":"Huile d'onagre Softgels - JeaKen","og_description":"Immunit\u00e9 naturelle et soulagement des sympt\u00f4mes menstruels.","og_url":"https:\/\/jeaken.com\/fr\/produit\/huile-donagre-softgels\/","og_site_name":"JeaKen","article_modified_time":"2022-08-09T14:15:47+00:00","og_image":[{"width":800,"height":800,"url":"https:\/\/jeaken.com\/wp-content\/uploads\/2022\/07\/EVENING-PRIMROSE-OIL-SOFTGELS-By-JeaKen-\u2013-Premium-Evening-Primrose-Oil-Organic.jpg","type":"image\/jpeg"}],"twitter_card":"summary_large_image","twitter_misc":{"Est. reading time":"1 minute"},"schema":{"@context":"https:\/\/schema.org","@graph":[{"@type":"WebPage","@id":"https:\/\/jeaken.com\/fr\/produit\/huile-donagre-softgels\/","url":"https:\/\/jeaken.com\/fr\/produit\/huile-donagre-softgels\/","name":"Huile d'onagre Softgels - JeaKen","isPartOf":{"@id":"https:\/\/jeaken.com\/fr\/#website"},"primaryImageOfPage":{"@id":"https:\/\/jeaken.com\/fr\/produit\/huile-donagre-softgels\/#primaryimage"},"image":{"@id":"https:\/\/jeaken.com\/fr\/produit\/huile-donagre-softgels\/#primaryimage"},"thumbnailUrl":"https:\/\/jeaken.com\/wp-content\/uploads\/2022\/07\/EVENING-PRIMROSE-OIL-SOFTGELS-By-JeaKen-\u2013-Premium-Evening-Primrose-Oil-Organic.jpg","datePublished":"2022-07-21T18:18:16+00:00","dateModified":"2022-08-09T14:15:47+00:00","breadcrumb":{"@id":"https:\/\/jeaken.com\/fr\/produit\/huile-donagre-softgels\/#breadcrumb"},"inLanguage":"fr-FR","potentialAction":[{"@type":"ReadAction","target":["https:\/\/jeaken.com\/fr\/produit\/huile-donagre-softgels\/"]}]},{"@type":"ImageObject","inLanguage":"fr-FR","@id":"https:\/\/jeaken.com\/fr\/produit\/huile-donagre-softgels\/#primaryimage","url":"https:\/\/jeaken.com\/wp-content\/uploads\/2022\/07\/EVENING-PRIMROSE-OIL-SOFTGELS-By-JeaKen-\u2013-Premium-Evening-Primrose-Oil-Organic.jpg","contentUrl":"https:\/\/jeaken.com\/wp-content\/uploads\/2022\/07\/EVENING-PRIMROSE-OIL-SOFTGELS-By-JeaKen-\u2013-Premium-Evening-Primrose-Oil-Organic.jpg","width":800,"height":800,"caption":"Evening Primrose Oil Softgels"},{"@type":"BreadcrumbList","@id":"https:\/\/jeaken.com\/fr\/produit\/huile-donagre-softgels\/#breadcrumb","itemListElement":[{"@type":"ListItem","position":1,"name":"Home","item":"https:\/\/jeaken.com\/fr\/"},{"@type":"ListItem","position":2,"name":"Private: Shop","item":"https:\/\/jeaken.com\/shop\/"},{"@type":"ListItem","position":3,"name":"Huile d&#8217;onagre Softgels"}]},{"@type":"WebSite","@id":"https:\/\/jeaken.com\/fr\/#website","url":"https:\/\/jeaken.com\/fr\/","name":"JeaKen","description":"Organic Supplements for Health, Fitness and Nutrition","publisher":{"@id":"https:\/\/jeaken.com\/fr\/#organization"},"potentialAction":[{"@type":"SearchAction","target":{"@type":"EntryPoint","urlTemplate":"https:\/\/jeaken.com\/fr\/?s={search_term_string}"},"query-input":"required name=search_term_string"}],"inLanguage":"fr-FR"},{"@type":"Organization","@id":"https:\/\/jeaken.com\/fr\/#organization","name":"JeaKen","url":"https:\/\/jeaken.com\/fr\/","logo":{"@type":"ImageObject","inLanguage":"fr-FR","@id":"https:\/\/jeaken.com\/fr\/#\/schema\/logo\/image\/","url":"https:\/\/jeaken.com\/wp-content\/uploads\/2022\/06\/jeaken-logo-23.png","contentUrl":"https:\/\/jeaken.com\/wp-content\/uploads\/2022\/06\/jeaken-logo-23.png","width":2486,"height":736,"caption":"JeaKen"},"image":{"@id":"https:\/\/jeaken.com\/fr\/#\/schema\/logo\/image\/"}}]}},"jetpack_sharing_enabled":true,"_links":{"self":[{"href":"https:\/\/jeaken.com\/fr\/wp-json\/wp\/v2\/product\/6921","targetHints":{"allow":["GET"]}}],"collection":[{"href":"https:\/\/jeaken.com\/fr\/wp-json\/wp\/v2\/product"}],"about":[{"href":"https:\/\/jeaken.com\/fr\/wp-json\/wp\/v2\/types\/product"}],"wp:featuredmedia":[{"embeddable":true,"href":"https:\/\/jeaken.com\/fr\/wp-json\/wp\/v2\/media\/3613"}],"wp:attachment":[{"href":"https:\/\/jeaken.com\/fr\/wp-json\/wp\/v2\/media?parent=6921"}],"wp:term":[{"taxonomy":"product_cat","embeddable":true,"href":"https:\/\/jeaken.com\/fr\/wp-json\/wp\/v2\/product_cat?post=6921"},{"taxonomy":"product_tag","embeddable":true,"href":"https:\/\/jeaken.com\/fr\/wp-json\/wp\/v2\/product_tag?post=6921"}],"curies":[{"name":"wp","href":"https:\/\/api.w.org\/{rel}","templated":true}]}}