{"id":6915,"date":"2022-07-21T19:18:17","date_gmt":"2022-07-21T18:18:17","guid":{"rendered":"https:\/1658920591610?product=spiruline-hawaienne-super-aliment-naturel-riche-en-fibres-aliments-verts-ideaux-pour-les-smoothies-et-la-nutrition-sportive-120-gelules-vegetaliennes"},"modified":"2022-08-09T15:15:48","modified_gmt":"2022-08-09T14:15:48","slug":"spiruline-hawaienne-super-aliment-naturel-riche-en-fibres-aliments-verts-ideaux-pour-les-smoothies-et-la-nutrition-sportive-120-gelules-vegetaliennes","status":"publish","type":"product","link":"https:\/\/jeaken.com\/fr\/produit\/spiruline-hawaienne-super-aliment-naturel-riche-en-fibres-aliments-verts-ideaux-pour-les-smoothies-et-la-nutrition-sportive-120-gelules-vegetaliennes\/","title":{"rendered":"Spiruline hawa\u00efenne &#8211; Super aliment naturel, riche en fibres &#8211; Aliments verts id\u00e9aux pour les smoothies et la nutrition sportive &#8211; (120 g\u00e9lules v\u00e9g\u00e9taliennes)"},"content":{"rendered":"<p><strong>LE SUPER ALIMENT LE PLUS RICHE DE LA NATURE  <\/strong><\/p>\n<p>La spiruline hawa\u00efenne regorge d&#8217;antioxydants, de vitamines et de min\u00e9raux, et contient des niveaux de prot\u00e9ines parmi les plus \u00e9lev\u00e9s de toutes les sources v\u00e9g\u00e9tales ou animales. Ce super aliment contient jusqu&#8217;\u00e0 70 % de prot\u00e9ines compl\u00e8tes digestibles, des niveaux \u00e9lev\u00e9s de fer, du b\u00eata-carot\u00e8ne et d&#8217;autres nutriments b\u00e9n\u00e9fiques pour la sant\u00e9, notamment la B12, la vitamine K, la chlorophylle et la phycocyanine.<\/p>\n<p><strong>STIMULE L&#8217;\u00c9NERGIE ET L&#8217;IMMUNIT\u00c9  <\/strong><\/p>\n<p>Gramme par gramme, la spiruline hawa\u00efenne contient 2800 % de b\u00eata-carot\u00e8ne de plus que les carottes et 280 % d&#8217;antioxydants de plus que les myrtilles. Chaque portion de 3 g de spiruline hawa\u00efenne contient des niveaux plus \u00e9lev\u00e9s de certains antioxydants, enzymes, vitamines et min\u00e9raux cl\u00e9s que 5 portions de fruits et l\u00e9gumes.<\/p>\n<p><strong>AM\u00c9LIORE LA R\u00c9G\u00c9N\u00c9RATION DE LA PEAU ET DES MUQUEUSES  <\/strong><\/p>\n<p>La spiruline est tr\u00e8s bien absorb\u00e9e par les tissus humains car la composition chimique du cytoplasme de la spiruline est similaire au plasma humain. Sous forme de masque, il agit pour r\u00e9g\u00e9n\u00e9rer, raffermir et rajeunir la peau.<\/p>\n<p><strong>QUALIT\u00c9 ET S\u00c9CURIT\u00c9 MAXIMALES  <\/strong><\/p>\n<p>Notre compl\u00e9ment v\u00e9g\u00e9talien, de la ferme \u00e0 la bouteille, est cultiv\u00e9 dans une installation am\u00e9ricaine certifi\u00e9e GMP, avec un contr\u00f4le de qualit\u00e9 et des tests approfondis pour chaque lot. Nos capsules sont exemptes de gluten et de soja et ne contiennent aucun agent de remplissage, conservateur ou colorant.<\/p>\n","protected":false},"excerpt":{"rendered":"<h4><strong>Un super aliment puissant et efficace pour une \u00e9nergie accrue, une immunit\u00e9 am\u00e9lior\u00e9e et une peau plus saine.<\/strong><\/h4>\n","protected":false},"featured_media":4312,"template":"","meta":{"site-sidebar-layout":"default","site-content-layout":"default","ast-site-content-layout":"default","site-content-style":"default","site-sidebar-style":"default","ast-global-header-display":"","ast-banner-title-visibility":"","ast-main-header-display":"","ast-hfb-above-header-display":"","ast-hfb-below-header-display":"","ast-hfb-mobile-header-display":"","site-post-title":"","ast-breadcrumbs-content":"","ast-featured-img":"","footer-sml-layout":"","theme-transparent-header-meta":"default","adv-header-id-meta":"","stick-header-meta":"default","header-above-stick-meta":"","header-main-stick-meta":"","header-below-stick-meta":"","astra-migrate-meta-layouts":"default","ast-page-background-enabled":"default","ast-page-background-meta":{"desktop":{"background-color":"","background-image":"","background-repeat":"repeat","background-position":"center center","background-size":"auto","background-attachment":"scroll","background-type":"","background-media":"","overlay-type":"","overlay-color":"","overlay-opacity":"","overlay-gradient":""},"tablet":{"background-color":"","background-image":"","background-repeat":"repeat","background-position":"center center","background-size":"auto","background-attachment":"scroll","background-type":"","background-media":"","overlay-type":"","overlay-color":"","overlay-opacity":"","overlay-gradient":""},"mobile":{"background-color":"","background-image":"","background-repeat":"repeat","background-position":"center center","background-size":"auto","background-attachment":"scroll","background-type":"","background-media":"","overlay-type":"","overlay-color":"","overlay-opacity":"","overlay-gradient":""}},"ast-content-background-meta":{"desktop":{"background-color":"var(--ast-global-color-5)","background-image":"","background-repeat":"repeat","background-position":"center center","background-size":"auto","background-attachment":"scroll","background-type":"","background-media":"","overlay-type":"","overlay-color":"","overlay-opacity":"","overlay-gradient":""},"tablet":{"background-color":"var(--ast-global-color-5)","background-image":"","background-repeat":"repeat","background-position":"center center","background-size":"auto","background-attachment":"scroll","background-type":"","background-media":"","overlay-type":"","overlay-color":"","overlay-opacity":"","overlay-gradient":""},"mobile":{"background-color":"var(--ast-global-color-5)","background-image":"","background-repeat":"repeat","background-position":"center center","background-size":"auto","background-attachment":"scroll","background-type":"","background-media":"","overlay-type":"","overlay-color":"","overlay-opacity":"","overlay-gradient":""}}},"product_cat":[516],"product_tag":[1298,1296,1297,1336,1299,1301,1306,1332,1310,1323,1314,1342,1316,1327,1339,1345,1320],"class_list":{"0":"post-6915","1":"product","2":"type-product","3":"status-publish","4":"has-post-thumbnail","6":"product_cat-humeur-et-bien-etre","7":"product_tag-aliments-verts","8":"product_tag-anti-x-fr","9":"product_tag-cellules-energetiques","10":"product_tag-complements-alimentaires-pour-les-vegetaliens","11":"product_tag-comprimes-verts","12":"product_tag-poudre-de-sante","13":"product_tag-proteine-saine","14":"product_tag-qualite-superieure","15":"product_tag-riche-en-fibres","16":"product_tag-sans-ogm","17":"product_tag-supplement-denergie-naturelle","18":"product_tag-supplement-vitaminique-et-mineral","19":"product_tag-supplements-naturels","20":"product_tag-sur-les-vitamines","21":"product_tag-vitamine-e-naturelle","22":"product_tag-vitamine-naturelle-fr","23":"product_tag-vitamine-naturelle","24":"has-subscription-plans","25":"desktop-align-left","26":"tablet-align-left","27":"mobile-align-left","29":"first","30":"outofstock","31":"taxable","32":"shipping-taxable","33":"product-type-variable"},"yoast_head":"<!-- This site is optimized with the Yoast SEO plugin v22.7 - https:\/\/yoast.com\/wordpress\/plugins\/seo\/ -->\n<title>Spiruline hawa\u00efenne - Super aliment naturel, riche en fibres - Aliments verts id\u00e9aux pour les smoothies et la nutrition sportive - (120 g\u00e9lules v\u00e9g\u00e9taliennes) - JeaKen<\/title>\n<meta name=\"robots\" content=\"index, follow, max-snippet:-1, max-image-preview:large, max-video-preview:-1\" \/>\n<link rel=\"canonical\" href=\"https:\/\/jeaken.com\/fr\/produit\/spiruline-hawaienne-super-aliment-naturel-riche-en-fibres-aliments-verts-ideaux-pour-les-smoothies-et-la-nutrition-sportive-120-gelules-vegetaliennes\/\" \/>\n<meta property=\"og:locale\" content=\"fr_FR\" \/>\n<meta property=\"og:type\" content=\"article\" \/>\n<meta property=\"og:title\" content=\"Spiruline hawa\u00efenne - Super aliment naturel, riche en fibres - Aliments verts id\u00e9aux pour les smoothies et la nutrition sportive - (120 g\u00e9lules v\u00e9g\u00e9taliennes) - JeaKen\" \/>\n<meta property=\"og:description\" content=\"Un super aliment puissant et efficace pour une \u00e9nergie accrue, une immunit\u00e9 am\u00e9lior\u00e9e et une peau plus saine.\" \/>\n<meta property=\"og:url\" content=\"https:\/\/jeaken.com\/fr\/produit\/spiruline-hawaienne-super-aliment-naturel-riche-en-fibres-aliments-verts-ideaux-pour-les-smoothies-et-la-nutrition-sportive-120-gelules-vegetaliennes\/\" \/>\n<meta property=\"og:site_name\" content=\"JeaKen\" \/>\n<meta property=\"article:modified_time\" content=\"2022-08-09T14:15:48+00:00\" \/>\n<meta property=\"og:image\" content=\"https:\/\/jeaken.com\/wp-content\/uploads\/2022\/07\/Front-e1612872155262.jpg\" \/>\n\t<meta property=\"og:image:width\" content=\"600\" \/>\n\t<meta property=\"og:image:height\" content=\"600\" \/>\n\t<meta property=\"og:image:type\" content=\"image\/jpeg\" \/>\n<meta name=\"twitter:card\" content=\"summary_large_image\" \/>\n<meta name=\"twitter:label1\" content=\"Est. reading time\" \/>\n\t<meta name=\"twitter:data1\" content=\"1 minute\" \/>\n<script type=\"application\/ld+json\" class=\"yoast-schema-graph\">{\"@context\":\"https:\/\/schema.org\",\"@graph\":[{\"@type\":\"WebPage\",\"@id\":\"https:\/\/jeaken.com\/fr\/produit\/spiruline-hawaienne-super-aliment-naturel-riche-en-fibres-aliments-verts-ideaux-pour-les-smoothies-et-la-nutrition-sportive-120-gelules-vegetaliennes\/\",\"url\":\"https:\/\/jeaken.com\/fr\/produit\/spiruline-hawaienne-super-aliment-naturel-riche-en-fibres-aliments-verts-ideaux-pour-les-smoothies-et-la-nutrition-sportive-120-gelules-vegetaliennes\/\",\"name\":\"Spiruline hawa\u00efenne - Super aliment naturel, riche en fibres - Aliments verts id\u00e9aux pour les smoothies et la nutrition sportive - (120 g\u00e9lules v\u00e9g\u00e9taliennes) - JeaKen\",\"isPartOf\":{\"@id\":\"https:\/\/jeaken.com\/fr\/#website\"},\"primaryImageOfPage\":{\"@id\":\"https:\/\/jeaken.com\/fr\/produit\/spiruline-hawaienne-super-aliment-naturel-riche-en-fibres-aliments-verts-ideaux-pour-les-smoothies-et-la-nutrition-sportive-120-gelules-vegetaliennes\/#primaryimage\"},\"image\":{\"@id\":\"https:\/\/jeaken.com\/fr\/produit\/spiruline-hawaienne-super-aliment-naturel-riche-en-fibres-aliments-verts-ideaux-pour-les-smoothies-et-la-nutrition-sportive-120-gelules-vegetaliennes\/#primaryimage\"},\"thumbnailUrl\":\"https:\/\/jeaken.com\/wp-content\/uploads\/2022\/07\/Front-e1612872155262.jpg\",\"datePublished\":\"2022-07-21T18:18:17+00:00\",\"dateModified\":\"2022-08-09T14:15:48+00:00\",\"breadcrumb\":{\"@id\":\"https:\/\/jeaken.com\/fr\/produit\/spiruline-hawaienne-super-aliment-naturel-riche-en-fibres-aliments-verts-ideaux-pour-les-smoothies-et-la-nutrition-sportive-120-gelules-vegetaliennes\/#breadcrumb\"},\"inLanguage\":\"fr-FR\",\"potentialAction\":[{\"@type\":\"ReadAction\",\"target\":[\"https:\/\/jeaken.com\/fr\/produit\/spiruline-hawaienne-super-aliment-naturel-riche-en-fibres-aliments-verts-ideaux-pour-les-smoothies-et-la-nutrition-sportive-120-gelules-vegetaliennes\/\"]}]},{\"@type\":\"ImageObject\",\"inLanguage\":\"fr-FR\",\"@id\":\"https:\/\/jeaken.com\/fr\/produit\/spiruline-hawaienne-super-aliment-naturel-riche-en-fibres-aliments-verts-ideaux-pour-les-smoothies-et-la-nutrition-sportive-120-gelules-vegetaliennes\/#primaryimage\",\"url\":\"https:\/\/jeaken.com\/wp-content\/uploads\/2022\/07\/Front-e1612872155262.jpg\",\"contentUrl\":\"https:\/\/jeaken.com\/wp-content\/uploads\/2022\/07\/Front-e1612872155262.jpg\",\"width\":600,\"height\":600,\"caption\":\"Hawaiian Spirulina\"},{\"@type\":\"BreadcrumbList\",\"@id\":\"https:\/\/jeaken.com\/fr\/produit\/spiruline-hawaienne-super-aliment-naturel-riche-en-fibres-aliments-verts-ideaux-pour-les-smoothies-et-la-nutrition-sportive-120-gelules-vegetaliennes\/#breadcrumb\",\"itemListElement\":[{\"@type\":\"ListItem\",\"position\":1,\"name\":\"Home\",\"item\":\"https:\/\/jeaken.com\/fr\/\"},{\"@type\":\"ListItem\",\"position\":2,\"name\":\"Private: Shop\",\"item\":\"https:\/\/jeaken.com\/shop\/\"},{\"@type\":\"ListItem\",\"position\":3,\"name\":\"Spiruline hawa\u00efenne &#8211; Super aliment naturel, riche en fibres &#8211; Aliments verts id\u00e9aux pour les smoothies et la nutrition sportive &#8211; (120 g\u00e9lules v\u00e9g\u00e9taliennes)\"}]},{\"@type\":\"WebSite\",\"@id\":\"https:\/\/jeaken.com\/fr\/#website\",\"url\":\"https:\/\/jeaken.com\/fr\/\",\"name\":\"JeaKen\",\"description\":\"Organic Supplements for Health, Fitness and Nutrition\",\"publisher\":{\"@id\":\"https:\/\/jeaken.com\/fr\/#organization\"},\"potentialAction\":[{\"@type\":\"SearchAction\",\"target\":{\"@type\":\"EntryPoint\",\"urlTemplate\":\"https:\/\/jeaken.com\/fr\/?s={search_term_string}\"},\"query-input\":\"required name=search_term_string\"}],\"inLanguage\":\"fr-FR\"},{\"@type\":\"Organization\",\"@id\":\"https:\/\/jeaken.com\/fr\/#organization\",\"name\":\"JeaKen\",\"url\":\"https:\/\/jeaken.com\/fr\/\",\"logo\":{\"@type\":\"ImageObject\",\"inLanguage\":\"fr-FR\",\"@id\":\"https:\/\/jeaken.com\/fr\/#\/schema\/logo\/image\/\",\"url\":\"https:\/\/jeaken.com\/wp-content\/uploads\/2022\/06\/jeaken-logo-23.png\",\"contentUrl\":\"https:\/\/jeaken.com\/wp-content\/uploads\/2022\/06\/jeaken-logo-23.png\",\"width\":2486,\"height\":736,\"caption\":\"JeaKen\"},\"image\":{\"@id\":\"https:\/\/jeaken.com\/fr\/#\/schema\/logo\/image\/\"}}]}<\/script>\n<!-- \/ Yoast SEO plugin. -->","yoast_head_json":{"title":"Spiruline hawa\u00efenne - Super aliment naturel, riche en fibres - Aliments verts id\u00e9aux pour les smoothies et la nutrition sportive - (120 g\u00e9lules v\u00e9g\u00e9taliennes) - JeaKen","robots":{"index":"index","follow":"follow","max-snippet":"max-snippet:-1","max-image-preview":"max-image-preview:large","max-video-preview":"max-video-preview:-1"},"canonical":"https:\/\/jeaken.com\/fr\/produit\/spiruline-hawaienne-super-aliment-naturel-riche-en-fibres-aliments-verts-ideaux-pour-les-smoothies-et-la-nutrition-sportive-120-gelules-vegetaliennes\/","og_locale":"fr_FR","og_type":"article","og_title":"Spiruline hawa\u00efenne - Super aliment naturel, riche en fibres - Aliments verts id\u00e9aux pour les smoothies et la nutrition sportive - (120 g\u00e9lules v\u00e9g\u00e9taliennes) - JeaKen","og_description":"Un super aliment puissant et efficace pour une \u00e9nergie accrue, une immunit\u00e9 am\u00e9lior\u00e9e et une peau plus saine.","og_url":"https:\/\/jeaken.com\/fr\/produit\/spiruline-hawaienne-super-aliment-naturel-riche-en-fibres-aliments-verts-ideaux-pour-les-smoothies-et-la-nutrition-sportive-120-gelules-vegetaliennes\/","og_site_name":"JeaKen","article_modified_time":"2022-08-09T14:15:48+00:00","og_image":[{"width":600,"height":600,"url":"https:\/\/jeaken.com\/wp-content\/uploads\/2022\/07\/Front-e1612872155262.jpg","type":"image\/jpeg"}],"twitter_card":"summary_large_image","twitter_misc":{"Est. reading time":"1 minute"},"schema":{"@context":"https:\/\/schema.org","@graph":[{"@type":"WebPage","@id":"https:\/\/jeaken.com\/fr\/produit\/spiruline-hawaienne-super-aliment-naturel-riche-en-fibres-aliments-verts-ideaux-pour-les-smoothies-et-la-nutrition-sportive-120-gelules-vegetaliennes\/","url":"https:\/\/jeaken.com\/fr\/produit\/spiruline-hawaienne-super-aliment-naturel-riche-en-fibres-aliments-verts-ideaux-pour-les-smoothies-et-la-nutrition-sportive-120-gelules-vegetaliennes\/","name":"Spiruline hawa\u00efenne - Super aliment naturel, riche en fibres - Aliments verts id\u00e9aux pour les smoothies et la nutrition sportive - (120 g\u00e9lules v\u00e9g\u00e9taliennes) - JeaKen","isPartOf":{"@id":"https:\/\/jeaken.com\/fr\/#website"},"primaryImageOfPage":{"@id":"https:\/\/jeaken.com\/fr\/produit\/spiruline-hawaienne-super-aliment-naturel-riche-en-fibres-aliments-verts-ideaux-pour-les-smoothies-et-la-nutrition-sportive-120-gelules-vegetaliennes\/#primaryimage"},"image":{"@id":"https:\/\/jeaken.com\/fr\/produit\/spiruline-hawaienne-super-aliment-naturel-riche-en-fibres-aliments-verts-ideaux-pour-les-smoothies-et-la-nutrition-sportive-120-gelules-vegetaliennes\/#primaryimage"},"thumbnailUrl":"https:\/\/jeaken.com\/wp-content\/uploads\/2022\/07\/Front-e1612872155262.jpg","datePublished":"2022-07-21T18:18:17+00:00","dateModified":"2022-08-09T14:15:48+00:00","breadcrumb":{"@id":"https:\/\/jeaken.com\/fr\/produit\/spiruline-hawaienne-super-aliment-naturel-riche-en-fibres-aliments-verts-ideaux-pour-les-smoothies-et-la-nutrition-sportive-120-gelules-vegetaliennes\/#breadcrumb"},"inLanguage":"fr-FR","potentialAction":[{"@type":"ReadAction","target":["https:\/\/jeaken.com\/fr\/produit\/spiruline-hawaienne-super-aliment-naturel-riche-en-fibres-aliments-verts-ideaux-pour-les-smoothies-et-la-nutrition-sportive-120-gelules-vegetaliennes\/"]}]},{"@type":"ImageObject","inLanguage":"fr-FR","@id":"https:\/\/jeaken.com\/fr\/produit\/spiruline-hawaienne-super-aliment-naturel-riche-en-fibres-aliments-verts-ideaux-pour-les-smoothies-et-la-nutrition-sportive-120-gelules-vegetaliennes\/#primaryimage","url":"https:\/\/jeaken.com\/wp-content\/uploads\/2022\/07\/Front-e1612872155262.jpg","contentUrl":"https:\/\/jeaken.com\/wp-content\/uploads\/2022\/07\/Front-e1612872155262.jpg","width":600,"height":600,"caption":"Hawaiian Spirulina"},{"@type":"BreadcrumbList","@id":"https:\/\/jeaken.com\/fr\/produit\/spiruline-hawaienne-super-aliment-naturel-riche-en-fibres-aliments-verts-ideaux-pour-les-smoothies-et-la-nutrition-sportive-120-gelules-vegetaliennes\/#breadcrumb","itemListElement":[{"@type":"ListItem","position":1,"name":"Home","item":"https:\/\/jeaken.com\/fr\/"},{"@type":"ListItem","position":2,"name":"Private: Shop","item":"https:\/\/jeaken.com\/shop\/"},{"@type":"ListItem","position":3,"name":"Spiruline hawa\u00efenne &#8211; Super aliment naturel, riche en fibres &#8211; Aliments verts id\u00e9aux pour les smoothies et la nutrition sportive &#8211; (120 g\u00e9lules v\u00e9g\u00e9taliennes)"}]},{"@type":"WebSite","@id":"https:\/\/jeaken.com\/fr\/#website","url":"https:\/\/jeaken.com\/fr\/","name":"JeaKen","description":"Organic Supplements for Health, Fitness and Nutrition","publisher":{"@id":"https:\/\/jeaken.com\/fr\/#organization"},"potentialAction":[{"@type":"SearchAction","target":{"@type":"EntryPoint","urlTemplate":"https:\/\/jeaken.com\/fr\/?s={search_term_string}"},"query-input":"required name=search_term_string"}],"inLanguage":"fr-FR"},{"@type":"Organization","@id":"https:\/\/jeaken.com\/fr\/#organization","name":"JeaKen","url":"https:\/\/jeaken.com\/fr\/","logo":{"@type":"ImageObject","inLanguage":"fr-FR","@id":"https:\/\/jeaken.com\/fr\/#\/schema\/logo\/image\/","url":"https:\/\/jeaken.com\/wp-content\/uploads\/2022\/06\/jeaken-logo-23.png","contentUrl":"https:\/\/jeaken.com\/wp-content\/uploads\/2022\/06\/jeaken-logo-23.png","width":2486,"height":736,"caption":"JeaKen"},"image":{"@id":"https:\/\/jeaken.com\/fr\/#\/schema\/logo\/image\/"}}]}},"jetpack_sharing_enabled":true,"_links":{"self":[{"href":"https:\/\/jeaken.com\/fr\/wp-json\/wp\/v2\/product\/6915","targetHints":{"allow":["GET"]}}],"collection":[{"href":"https:\/\/jeaken.com\/fr\/wp-json\/wp\/v2\/product"}],"about":[{"href":"https:\/\/jeaken.com\/fr\/wp-json\/wp\/v2\/types\/product"}],"wp:featuredmedia":[{"embeddable":true,"href":"https:\/\/jeaken.com\/fr\/wp-json\/wp\/v2\/media\/4312"}],"wp:attachment":[{"href":"https:\/\/jeaken.com\/fr\/wp-json\/wp\/v2\/media?parent=6915"}],"wp:term":[{"taxonomy":"product_cat","embeddable":true,"href":"https:\/\/jeaken.com\/fr\/wp-json\/wp\/v2\/product_cat?post=6915"},{"taxonomy":"product_tag","embeddable":true,"href":"https:\/\/jeaken.com\/fr\/wp-json\/wp\/v2\/product_tag?post=6915"}],"curies":[{"name":"wp","href":"https:\/\/api.w.org\/{rel}","templated":true}]}}