{"id":6909,"date":"2022-07-21T19:18:21","date_gmt":"2022-07-21T18:18:21","guid":{"rendered":"https:\/1658920591610?product=capsules-dhuile-de-poisson-omega-3-6-9-huile-de-poisson-pure-avec-epa-dha-distille-avec-huile-de-lin-et-huile-de-tournesol-1000mg-120-capsules"},"modified":"2022-08-09T15:15:42","modified_gmt":"2022-08-09T14:15:42","slug":"capsules-dhuile-de-poisson-omega-3-6-9-huile-de-poisson-pure-avec-epa-dha-distille-avec-huile-de-lin-et-huile-de-tournesol-1000mg-120-capsules","status":"publish","type":"product","link":"https:\/\/jeaken.com\/fr\/produit\/capsules-dhuile-de-poisson-omega-3-6-9-huile-de-poisson-pure-avec-epa-dha-distille-avec-huile-de-lin-et-huile-de-tournesol-1000mg-120-capsules\/","title":{"rendered":"Capsules d&#8217;huile de poisson Om\u00e9ga 3 6 9. Huile de poisson pure avec EPA DHA distill\u00e9 avec huile de lin et huile de tournesol .1000mg (120 Capsules)"},"content":{"rendered":"<p><strong>CONTIENT DES ACIDES GRAS IMPORTANTS  <strong> <\/p>\n<p>Notre compl\u00e9ment contient des om\u00e9ga 3, 6 et 9, qui sont les acides gras les plus importants pour faciliter le fonctionnement normal de la peau, du syst\u00e8me respiratoire, du syst\u00e8me circulatoire, du cerveau et des organes. Dans notre huile de poisson om\u00e9ga 3 6 9, le DHA et l&#8217;EPA sont distill\u00e9s pour \u00e9liminer les graisses satur\u00e9es malsaines, le cholest\u00e9rol et les polluants de l&#8217;organisme.<\/p>\n<p> <strong>FAVORISE LE BON FONCTIONNEMENT DU CERVEAU  <strong><\/p>\n<p>Les concentrations d&#8217;acides gras om\u00e9ga-3 sont les plus \u00e9lev\u00e9es dans le cerveau et le syst\u00e8me nerveux. Ces acides gras sont n\u00e9cessaires au fonctionnement optimal des neurones. Ils prot\u00e8gent \u00e9galement les cellules, r\u00e9duisent les l\u00e9sions cellulaires et am\u00e9liorent la transmission nerveuse. De nouvelles recherches montrent que les acides gras om\u00e9ga-3 peuvent augmenter les niveaux de s\u00e9rotonine et de dopamine.<\/p>\n<p> <strong>STIMULE LE SYST\u00c8ME IMMUNITAIRE  <strong><\/p>\n<p>Les om\u00e9ga 9 peuvent contribuer \u00e0 renforcer le syst\u00e8me immunitaire, ce qui aidera \u00e0 r\u00e9duire la quantit\u00e9 de radicaux libres dans le corps et \u00e0 am\u00e9liorer le m\u00e9tabolisme.  <\/p>\n<p> <strong>SANS ADDITIFS  <strong> <\/p>\n<p>Ce suppl\u00e9ment est exempt de sel, d&#8217;amidon, de bl\u00e9, de ma\u00efs, de gluten, de lactose, de levure, de produits laitiers et de colorants artificiels de conservation. Tous les produits JeaKen sont fabriqu\u00e9s au Royaume-Uni selon des directives GMP strictes qui r\u00e9pondent aux normes de fabrication les plus \u00e9lev\u00e9es au monde.<\/p>\n","protected":false},"excerpt":{"rendered":"<p><strong>Suppl\u00e9ment puissant et efficace pour un fonctionnement sain du cerveau et du corps.<strong> <\/p>\n","protected":false},"featured_media":4615,"template":"","meta":{"site-sidebar-layout":"default","site-content-layout":"default","ast-site-content-layout":"default","site-content-style":"default","site-sidebar-style":"default","ast-global-header-display":"","ast-banner-title-visibility":"","ast-main-header-display":"","ast-hfb-above-header-display":"","ast-hfb-below-header-display":"","ast-hfb-mobile-header-display":"","site-post-title":"","ast-breadcrumbs-content":"","ast-featured-img":"","footer-sml-layout":"","theme-transparent-header-meta":"default","adv-header-id-meta":"","stick-header-meta":"default","header-above-stick-meta":"","header-main-stick-meta":"","header-below-stick-meta":"","astra-migrate-meta-layouts":"default","ast-page-background-enabled":"default","ast-page-background-meta":{"desktop":{"background-color":"","background-image":"","background-repeat":"repeat","background-position":"center center","background-size":"auto","background-attachment":"scroll","background-type":"","background-media":"","overlay-type":"","overlay-color":"","overlay-opacity":"","overlay-gradient":""},"tablet":{"background-color":"","background-image":"","background-repeat":"repeat","background-position":"center center","background-size":"auto","background-attachment":"scroll","background-type":"","background-media":"","overlay-type":"","overlay-color":"","overlay-opacity":"","overlay-gradient":""},"mobile":{"background-color":"","background-image":"","background-repeat":"repeat","background-position":"center center","background-size":"auto","background-attachment":"scroll","background-type":"","background-media":"","overlay-type":"","overlay-color":"","overlay-opacity":"","overlay-gradient":""}},"ast-content-background-meta":{"desktop":{"background-color":"var(--ast-global-color-5)","background-image":"","background-repeat":"repeat","background-position":"center center","background-size":"auto","background-attachment":"scroll","background-type":"","background-media":"","overlay-type":"","overlay-color":"","overlay-opacity":"","overlay-gradient":""},"tablet":{"background-color":"var(--ast-global-color-5)","background-image":"","background-repeat":"repeat","background-position":"center center","background-size":"auto","background-attachment":"scroll","background-type":"","background-media":"","overlay-type":"","overlay-color":"","overlay-opacity":"","overlay-gradient":""},"mobile":{"background-color":"var(--ast-global-color-5)","background-image":"","background-repeat":"repeat","background-position":"center center","background-size":"auto","background-attachment":"scroll","background-type":"","background-media":"","overlay-type":"","overlay-color":"","overlay-opacity":"","overlay-gradient":""}}},"product_cat":[701,514,644],"product_tag":[],"class_list":{"0":"post-6909","1":"product","2":"type-product","3":"status-publish","4":"has-post-thumbnail","6":"product_cat-sante-des-os-et-des-articulations","7":"product_cat-sante-du-coeur-et-du-cerveau","8":"product_cat-supplements-alimentaires","9":"has-subscription-plans","10":"desktop-align-left","11":"tablet-align-left","12":"mobile-align-left","14":"first","15":"instock","16":"taxable","17":"shipping-taxable","18":"purchasable","19":"product-type-simple"},"yoast_head":"<!-- This site is optimized with the Yoast SEO plugin v22.7 - https:\/\/yoast.com\/wordpress\/plugins\/seo\/ -->\n<title>Capsules d&#039;huile de poisson Om\u00e9ga 3 6 9. Huile de poisson pure avec EPA DHA distill\u00e9 avec huile de lin et huile de tournesol .1000mg (120 Capsules) - JeaKen<\/title>\n<meta name=\"robots\" content=\"index, follow, max-snippet:-1, max-image-preview:large, max-video-preview:-1\" \/>\n<link rel=\"canonical\" href=\"https:\/\/jeaken.com\/fr\/produit\/capsules-dhuile-de-poisson-omega-3-6-9-huile-de-poisson-pure-avec-epa-dha-distille-avec-huile-de-lin-et-huile-de-tournesol-1000mg-120-capsules\/\" \/>\n<meta property=\"og:locale\" content=\"fr_FR\" \/>\n<meta property=\"og:type\" content=\"article\" \/>\n<meta property=\"og:title\" content=\"Capsules d&#039;huile de poisson Om\u00e9ga 3 6 9. Huile de poisson pure avec EPA DHA distill\u00e9 avec huile de lin et huile de tournesol .1000mg (120 Capsules) - JeaKen\" \/>\n<meta property=\"og:description\" content=\"Suppl\u00e9ment puissant et efficace pour un fonctionnement sain du cerveau et du corps.\" \/>\n<meta property=\"og:url\" content=\"https:\/\/jeaken.com\/fr\/produit\/capsules-dhuile-de-poisson-omega-3-6-9-huile-de-poisson-pure-avec-epa-dha-distille-avec-huile-de-lin-et-huile-de-tournesol-1000mg-120-capsules\/\" \/>\n<meta property=\"og:site_name\" content=\"JeaKen\" \/>\n<meta property=\"article:modified_time\" content=\"2022-08-09T14:15:42+00:00\" \/>\n<meta property=\"og:image\" content=\"https:\/\/jeaken.com\/wp-content\/uploads\/2022\/07\/71MHg1NVMTL._AC_SL1500_.jpg\" \/>\n\t<meta property=\"og:image:width\" content=\"600\" \/>\n\t<meta property=\"og:image:height\" content=\"600\" \/>\n\t<meta property=\"og:image:type\" content=\"image\/jpeg\" \/>\n<meta name=\"twitter:card\" content=\"summary_large_image\" \/>\n<meta name=\"twitter:label1\" content=\"Est. reading time\" \/>\n\t<meta name=\"twitter:data1\" content=\"1 minute\" \/>\n<script type=\"application\/ld+json\" class=\"yoast-schema-graph\">{\"@context\":\"https:\/\/schema.org\",\"@graph\":[{\"@type\":\"WebPage\",\"@id\":\"https:\/\/jeaken.com\/fr\/produit\/capsules-dhuile-de-poisson-omega-3-6-9-huile-de-poisson-pure-avec-epa-dha-distille-avec-huile-de-lin-et-huile-de-tournesol-1000mg-120-capsules\/\",\"url\":\"https:\/\/jeaken.com\/fr\/produit\/capsules-dhuile-de-poisson-omega-3-6-9-huile-de-poisson-pure-avec-epa-dha-distille-avec-huile-de-lin-et-huile-de-tournesol-1000mg-120-capsules\/\",\"name\":\"Capsules d'huile de poisson Om\u00e9ga 3 6 9. Huile de poisson pure avec EPA DHA distill\u00e9 avec huile de lin et huile de tournesol .1000mg (120 Capsules) - JeaKen\",\"isPartOf\":{\"@id\":\"https:\/\/jeaken.com\/fr\/#website\"},\"primaryImageOfPage\":{\"@id\":\"https:\/\/jeaken.com\/fr\/produit\/capsules-dhuile-de-poisson-omega-3-6-9-huile-de-poisson-pure-avec-epa-dha-distille-avec-huile-de-lin-et-huile-de-tournesol-1000mg-120-capsules\/#primaryimage\"},\"image\":{\"@id\":\"https:\/\/jeaken.com\/fr\/produit\/capsules-dhuile-de-poisson-omega-3-6-9-huile-de-poisson-pure-avec-epa-dha-distille-avec-huile-de-lin-et-huile-de-tournesol-1000mg-120-capsules\/#primaryimage\"},\"thumbnailUrl\":\"https:\/\/jeaken.com\/wp-content\/uploads\/2022\/07\/71MHg1NVMTL._AC_SL1500_.jpg\",\"datePublished\":\"2022-07-21T18:18:21+00:00\",\"dateModified\":\"2022-08-09T14:15:42+00:00\",\"breadcrumb\":{\"@id\":\"https:\/\/jeaken.com\/fr\/produit\/capsules-dhuile-de-poisson-omega-3-6-9-huile-de-poisson-pure-avec-epa-dha-distille-avec-huile-de-lin-et-huile-de-tournesol-1000mg-120-capsules\/#breadcrumb\"},\"inLanguage\":\"fr-FR\",\"potentialAction\":[{\"@type\":\"ReadAction\",\"target\":[\"https:\/\/jeaken.com\/fr\/produit\/capsules-dhuile-de-poisson-omega-3-6-9-huile-de-poisson-pure-avec-epa-dha-distille-avec-huile-de-lin-et-huile-de-tournesol-1000mg-120-capsules\/\"]}]},{\"@type\":\"ImageObject\",\"inLanguage\":\"fr-FR\",\"@id\":\"https:\/\/jeaken.com\/fr\/produit\/capsules-dhuile-de-poisson-omega-3-6-9-huile-de-poisson-pure-avec-epa-dha-distille-avec-huile-de-lin-et-huile-de-tournesol-1000mg-120-capsules\/#primaryimage\",\"url\":\"https:\/\/jeaken.com\/wp-content\/uploads\/2022\/07\/71MHg1NVMTL._AC_SL1500_.jpg\",\"contentUrl\":\"https:\/\/jeaken.com\/wp-content\/uploads\/2022\/07\/71MHg1NVMTL._AC_SL1500_.jpg\",\"width\":600,\"height\":600,\"caption\":\"Omega 3 6 9 Fish Oil Capsules.\"},{\"@type\":\"BreadcrumbList\",\"@id\":\"https:\/\/jeaken.com\/fr\/produit\/capsules-dhuile-de-poisson-omega-3-6-9-huile-de-poisson-pure-avec-epa-dha-distille-avec-huile-de-lin-et-huile-de-tournesol-1000mg-120-capsules\/#breadcrumb\",\"itemListElement\":[{\"@type\":\"ListItem\",\"position\":1,\"name\":\"Home\",\"item\":\"https:\/\/jeaken.com\/fr\/\"},{\"@type\":\"ListItem\",\"position\":2,\"name\":\"Private: Shop\",\"item\":\"https:\/\/jeaken.com\/shop\/\"},{\"@type\":\"ListItem\",\"position\":3,\"name\":\"Capsules d&#8217;huile de poisson Om\u00e9ga 3 6 9. Huile de poisson pure avec EPA DHA distill\u00e9 avec huile de lin et huile de tournesol .1000mg (120 Capsules)\"}]},{\"@type\":\"WebSite\",\"@id\":\"https:\/\/jeaken.com\/fr\/#website\",\"url\":\"https:\/\/jeaken.com\/fr\/\",\"name\":\"JeaKen\",\"description\":\"Organic Supplements for Health, Fitness and Nutrition\",\"publisher\":{\"@id\":\"https:\/\/jeaken.com\/fr\/#organization\"},\"potentialAction\":[{\"@type\":\"SearchAction\",\"target\":{\"@type\":\"EntryPoint\",\"urlTemplate\":\"https:\/\/jeaken.com\/fr\/?s={search_term_string}\"},\"query-input\":\"required name=search_term_string\"}],\"inLanguage\":\"fr-FR\"},{\"@type\":\"Organization\",\"@id\":\"https:\/\/jeaken.com\/fr\/#organization\",\"name\":\"JeaKen\",\"url\":\"https:\/\/jeaken.com\/fr\/\",\"logo\":{\"@type\":\"ImageObject\",\"inLanguage\":\"fr-FR\",\"@id\":\"https:\/\/jeaken.com\/fr\/#\/schema\/logo\/image\/\",\"url\":\"https:\/\/jeaken.com\/wp-content\/uploads\/2022\/06\/jeaken-logo-23.png\",\"contentUrl\":\"https:\/\/jeaken.com\/wp-content\/uploads\/2022\/06\/jeaken-logo-23.png\",\"width\":2486,\"height\":736,\"caption\":\"JeaKen\"},\"image\":{\"@id\":\"https:\/\/jeaken.com\/fr\/#\/schema\/logo\/image\/\"}}]}<\/script>\n<!-- \/ Yoast SEO plugin. -->","yoast_head_json":{"title":"Capsules d'huile de poisson Om\u00e9ga 3 6 9. Huile de poisson pure avec EPA DHA distill\u00e9 avec huile de lin et huile de tournesol .1000mg (120 Capsules) - JeaKen","robots":{"index":"index","follow":"follow","max-snippet":"max-snippet:-1","max-image-preview":"max-image-preview:large","max-video-preview":"max-video-preview:-1"},"canonical":"https:\/\/jeaken.com\/fr\/produit\/capsules-dhuile-de-poisson-omega-3-6-9-huile-de-poisson-pure-avec-epa-dha-distille-avec-huile-de-lin-et-huile-de-tournesol-1000mg-120-capsules\/","og_locale":"fr_FR","og_type":"article","og_title":"Capsules d'huile de poisson Om\u00e9ga 3 6 9. Huile de poisson pure avec EPA DHA distill\u00e9 avec huile de lin et huile de tournesol .1000mg (120 Capsules) - JeaKen","og_description":"Suppl\u00e9ment puissant et efficace pour un fonctionnement sain du cerveau et du corps.","og_url":"https:\/\/jeaken.com\/fr\/produit\/capsules-dhuile-de-poisson-omega-3-6-9-huile-de-poisson-pure-avec-epa-dha-distille-avec-huile-de-lin-et-huile-de-tournesol-1000mg-120-capsules\/","og_site_name":"JeaKen","article_modified_time":"2022-08-09T14:15:42+00:00","og_image":[{"width":600,"height":600,"url":"https:\/\/jeaken.com\/wp-content\/uploads\/2022\/07\/71MHg1NVMTL._AC_SL1500_.jpg","type":"image\/jpeg"}],"twitter_card":"summary_large_image","twitter_misc":{"Est. reading time":"1 minute"},"schema":{"@context":"https:\/\/schema.org","@graph":[{"@type":"WebPage","@id":"https:\/\/jeaken.com\/fr\/produit\/capsules-dhuile-de-poisson-omega-3-6-9-huile-de-poisson-pure-avec-epa-dha-distille-avec-huile-de-lin-et-huile-de-tournesol-1000mg-120-capsules\/","url":"https:\/\/jeaken.com\/fr\/produit\/capsules-dhuile-de-poisson-omega-3-6-9-huile-de-poisson-pure-avec-epa-dha-distille-avec-huile-de-lin-et-huile-de-tournesol-1000mg-120-capsules\/","name":"Capsules d'huile de poisson Om\u00e9ga 3 6 9. Huile de poisson pure avec EPA DHA distill\u00e9 avec huile de lin et huile de tournesol .1000mg (120 Capsules) - JeaKen","isPartOf":{"@id":"https:\/\/jeaken.com\/fr\/#website"},"primaryImageOfPage":{"@id":"https:\/\/jeaken.com\/fr\/produit\/capsules-dhuile-de-poisson-omega-3-6-9-huile-de-poisson-pure-avec-epa-dha-distille-avec-huile-de-lin-et-huile-de-tournesol-1000mg-120-capsules\/#primaryimage"},"image":{"@id":"https:\/\/jeaken.com\/fr\/produit\/capsules-dhuile-de-poisson-omega-3-6-9-huile-de-poisson-pure-avec-epa-dha-distille-avec-huile-de-lin-et-huile-de-tournesol-1000mg-120-capsules\/#primaryimage"},"thumbnailUrl":"https:\/\/jeaken.com\/wp-content\/uploads\/2022\/07\/71MHg1NVMTL._AC_SL1500_.jpg","datePublished":"2022-07-21T18:18:21+00:00","dateModified":"2022-08-09T14:15:42+00:00","breadcrumb":{"@id":"https:\/\/jeaken.com\/fr\/produit\/capsules-dhuile-de-poisson-omega-3-6-9-huile-de-poisson-pure-avec-epa-dha-distille-avec-huile-de-lin-et-huile-de-tournesol-1000mg-120-capsules\/#breadcrumb"},"inLanguage":"fr-FR","potentialAction":[{"@type":"ReadAction","target":["https:\/\/jeaken.com\/fr\/produit\/capsules-dhuile-de-poisson-omega-3-6-9-huile-de-poisson-pure-avec-epa-dha-distille-avec-huile-de-lin-et-huile-de-tournesol-1000mg-120-capsules\/"]}]},{"@type":"ImageObject","inLanguage":"fr-FR","@id":"https:\/\/jeaken.com\/fr\/produit\/capsules-dhuile-de-poisson-omega-3-6-9-huile-de-poisson-pure-avec-epa-dha-distille-avec-huile-de-lin-et-huile-de-tournesol-1000mg-120-capsules\/#primaryimage","url":"https:\/\/jeaken.com\/wp-content\/uploads\/2022\/07\/71MHg1NVMTL._AC_SL1500_.jpg","contentUrl":"https:\/\/jeaken.com\/wp-content\/uploads\/2022\/07\/71MHg1NVMTL._AC_SL1500_.jpg","width":600,"height":600,"caption":"Omega 3 6 9 Fish Oil Capsules."},{"@type":"BreadcrumbList","@id":"https:\/\/jeaken.com\/fr\/produit\/capsules-dhuile-de-poisson-omega-3-6-9-huile-de-poisson-pure-avec-epa-dha-distille-avec-huile-de-lin-et-huile-de-tournesol-1000mg-120-capsules\/#breadcrumb","itemListElement":[{"@type":"ListItem","position":1,"name":"Home","item":"https:\/\/jeaken.com\/fr\/"},{"@type":"ListItem","position":2,"name":"Private: Shop","item":"https:\/\/jeaken.com\/shop\/"},{"@type":"ListItem","position":3,"name":"Capsules d&#8217;huile de poisson Om\u00e9ga 3 6 9. Huile de poisson pure avec EPA DHA distill\u00e9 avec huile de lin et huile de tournesol .1000mg (120 Capsules)"}]},{"@type":"WebSite","@id":"https:\/\/jeaken.com\/fr\/#website","url":"https:\/\/jeaken.com\/fr\/","name":"JeaKen","description":"Organic Supplements for Health, Fitness and Nutrition","publisher":{"@id":"https:\/\/jeaken.com\/fr\/#organization"},"potentialAction":[{"@type":"SearchAction","target":{"@type":"EntryPoint","urlTemplate":"https:\/\/jeaken.com\/fr\/?s={search_term_string}"},"query-input":"required name=search_term_string"}],"inLanguage":"fr-FR"},{"@type":"Organization","@id":"https:\/\/jeaken.com\/fr\/#organization","name":"JeaKen","url":"https:\/\/jeaken.com\/fr\/","logo":{"@type":"ImageObject","inLanguage":"fr-FR","@id":"https:\/\/jeaken.com\/fr\/#\/schema\/logo\/image\/","url":"https:\/\/jeaken.com\/wp-content\/uploads\/2022\/06\/jeaken-logo-23.png","contentUrl":"https:\/\/jeaken.com\/wp-content\/uploads\/2022\/06\/jeaken-logo-23.png","width":2486,"height":736,"caption":"JeaKen"},"image":{"@id":"https:\/\/jeaken.com\/fr\/#\/schema\/logo\/image\/"}}]}},"jetpack_sharing_enabled":true,"_links":{"self":[{"href":"https:\/\/jeaken.com\/fr\/wp-json\/wp\/v2\/product\/6909","targetHints":{"allow":["GET"]}}],"collection":[{"href":"https:\/\/jeaken.com\/fr\/wp-json\/wp\/v2\/product"}],"about":[{"href":"https:\/\/jeaken.com\/fr\/wp-json\/wp\/v2\/types\/product"}],"wp:featuredmedia":[{"embeddable":true,"href":"https:\/\/jeaken.com\/fr\/wp-json\/wp\/v2\/media\/4615"}],"wp:attachment":[{"href":"https:\/\/jeaken.com\/fr\/wp-json\/wp\/v2\/media?parent=6909"}],"wp:term":[{"taxonomy":"product_cat","embeddable":true,"href":"https:\/\/jeaken.com\/fr\/wp-json\/wp\/v2\/product_cat?post=6909"},{"taxonomy":"product_tag","embeddable":true,"href":"https:\/\/jeaken.com\/fr\/wp-json\/wp\/v2\/product_tag?post=6909"}],"curies":[{"name":"wp","href":"https:\/\/api.w.org\/{rel}","templated":true}]}}