{"id":6907,"date":"2022-07-21T19:18:21","date_gmt":"2022-07-21T18:18:21","guid":{"rendered":"https:\/1658920591610?product=d-mannose-en-poudre-en-gelules-enrichi-en-extrait-de-canneberge-2"},"modified":"2022-08-09T15:15:40","modified_gmt":"2022-08-09T14:15:40","slug":"d-mannose-en-poudre-en-gelules-enrichi-en-extrait-de-canneberge-2","status":"publish","type":"product","link":"https:\/\/jeaken.com\/fr\/produit\/d-mannose-en-poudre-en-gelules-enrichi-en-extrait-de-canneberge-2\/","title":{"rendered":"D-Mannose en poudre en g\u00e9lules &#8211; enrichi en extrait de canneberge"},"content":{"rendered":"<ul class=\"a-unordered-list a-vertical a-spacing-mini\">\n<li><span class=\"a-list-item\">SOUTIEN NATUREL D&#8217;UN TRACTE URINAIRE SAIN &#8211; C&#8217;est la combinaison gagnante dans votre recherche pour \u00e9viter ou r\u00e9duire naturellement les infections ind\u00e9sirables du tractus urinaire ou de la vessie. Notre suppl\u00e9ment de soutien nutritionnel est l\u00e0 pour vous. Il est temps de r\u00e9duire et d&#8217;\u00e9liminer les bact\u00e9ries dans les voies urinaires, et de commencer \u00e0 vivre votre meilleure vie, avec une simple prise quotidienne de seulement deux capsules faciles \u00e0 avaler.<\/span><\/li>\n<li><span class=\"a-list-item\">PR\u00c9VENTION DES INFECTIONS DU TRACTE URINAIRE &#8211; Le D-Mannose n&#8217;est pas m\u00e9tabolis\u00e9 ni utilis\u00e9 par l&#8217;organisme comme source d&#8217;\u00e9nergie. Au contraire, il se colle aux bact\u00e9ries responsables des infections et les \u00e9vacue de l&#8217;organisme, ce qui contribue \u00e0 \u00e9liminer et \u00e0 pr\u00e9venir les infections des voies urinaires.<\/span><\/li>\n<li><span class=\"a-list-item\">DOUBLE PUISSANCE &#8211; Notre d-mannose pur, \u00e9galement connu sous le nom de sucre simple, est enrichi d&#8217;un extrait de canneberge (Vaccinium macrocarpon), tous deux devenus des compl\u00e9ments alimentaires de plus en plus populaires, notamment pour le traitement de la cystite chez les femmes.<\/span><\/li>\n<li><span class=\"a-list-item\">SANS ALLERG\u00c8NES &#8211; Nos g\u00e9lules de dmannose de haute qualit\u00e9 constituent une source fiable de D-Mannose qui convient \u00e0 la fois aux v\u00e9g\u00e9tariens et aux v\u00e9g\u00e9taliens et qui est exempte d&#8217;allerg\u00e8nes, notamment : lait, lactose, gluten, OGM, bl\u00e9, \u0153ufs, crustac\u00e9s, poisson, noix, graines et moutarde.<\/span><\/li>\n<li><span class=\"a-list-item\">L&#8217;HISTOIRE DE JeaKen &#8211; JeaKen a \u00e9t\u00e9 cr\u00e9\u00e9 au Royaume-Uni en 2017 &#8211; depuis lors, nous sommes devenus une marque de vitamines et de suppl\u00e9ments reconnue et de confiance par nos clients du monde entier. Notre croissance rapide est due \u00e0 la qualit\u00e9 de nos produits et \u00e0 l&#8217;attention que nous portons \u00e0 nos clients. Tous nos produits sont fabriqu\u00e9s et certifi\u00e9s au Royaume-Uni et sont prot\u00e9g\u00e9s par les normes de fabrication les plus strictes au monde (GMP, HACCP). Nous garantissons le remboursement de votre argent si vous n&#8217;\u00eates pas enti\u00e8rement satisfait.<\/span><\/li>\n<\/ul>\n","protected":false},"excerpt":{"rendered":"<h6 id=\"title\" class=\"a-size-large a-spacing-none\"><span id=\"productTitle\" class=\"a-size-large product-title-word-break\">120 capsules de D-Mannose v\u00e9g\u00e9taliennes &#8211; D-Mannose sans allerg\u00e8ne pour les infections urinaires &#8211; Traitement naturel et s\u00fbr des infections urinaires et soulagement de la cystite &#8211; Pas de comprim\u00e9s de D-Mannose.<\/span><\/h6>\n","protected":false},"featured_media":14756,"template":"","meta":{"site-sidebar-layout":"default","site-content-layout":"default","ast-site-content-layout":"default","site-content-style":"default","site-sidebar-style":"default","ast-global-header-display":"","ast-banner-title-visibility":"","ast-main-header-display":"","ast-hfb-above-header-display":"","ast-hfb-below-header-display":"","ast-hfb-mobile-header-display":"","site-post-title":"","ast-breadcrumbs-content":"","ast-featured-img":"","footer-sml-layout":"","theme-transparent-header-meta":"default","adv-header-id-meta":"","stick-header-meta":"default","header-above-stick-meta":"","header-main-stick-meta":"","header-below-stick-meta":"","astra-migrate-meta-layouts":"default","ast-page-background-enabled":"default","ast-page-background-meta":{"desktop":{"background-color":"","background-image":"","background-repeat":"repeat","background-position":"center center","background-size":"auto","background-attachment":"scroll","background-type":"","background-media":"","overlay-type":"","overlay-color":"","overlay-opacity":"","overlay-gradient":""},"tablet":{"background-color":"","background-image":"","background-repeat":"repeat","background-position":"center center","background-size":"auto","background-attachment":"scroll","background-type":"","background-media":"","overlay-type":"","overlay-color":"","overlay-opacity":"","overlay-gradient":""},"mobile":{"background-color":"","background-image":"","background-repeat":"repeat","background-position":"center center","background-size":"auto","background-attachment":"scroll","background-type":"","background-media":"","overlay-type":"","overlay-color":"","overlay-opacity":"","overlay-gradient":""}},"ast-content-background-meta":{"desktop":{"background-color":"var(--ast-global-color-5)","background-image":"","background-repeat":"repeat","background-position":"center center","background-size":"auto","background-attachment":"scroll","background-type":"","background-media":"","overlay-type":"","overlay-color":"","overlay-opacity":"","overlay-gradient":""},"tablet":{"background-color":"var(--ast-global-color-5)","background-image":"","background-repeat":"repeat","background-position":"center center","background-size":"auto","background-attachment":"scroll","background-type":"","background-media":"","overlay-type":"","overlay-color":"","overlay-opacity":"","overlay-gradient":""},"mobile":{"background-color":"var(--ast-global-color-5)","background-image":"","background-repeat":"repeat","background-position":"center center","background-size":"auto","background-attachment":"scroll","background-type":"","background-media":"","overlay-type":"","overlay-color":"","overlay-opacity":"","overlay-gradient":""}}},"product_cat":[692,779],"product_tag":[],"class_list":{"0":"post-6907","1":"product","2":"type-product","3":"status-publish","4":"has-post-thumbnail","6":"product_cat-sante-digestive","7":"product_cat-uti-fr","8":"has-subscription-plans","9":"desktop-align-left","10":"tablet-align-left","11":"mobile-align-left","13":"first","14":"instock","15":"taxable","16":"shipping-taxable","17":"purchasable","18":"product-type-simple"},"yoast_head":"<!-- This site is optimized with the Yoast SEO plugin v22.7 - https:\/\/yoast.com\/wordpress\/plugins\/seo\/ -->\n<title>D-Mannose en poudre en g\u00e9lules - enrichi en extrait de canneberge - JeaKen<\/title>\n<meta name=\"robots\" content=\"index, follow, max-snippet:-1, max-image-preview:large, max-video-preview:-1\" \/>\n<link rel=\"canonical\" href=\"https:\/\/jeaken.com\/fr\/produit\/d-mannose-en-poudre-en-gelules-enrichi-en-extrait-de-canneberge-2\/\" \/>\n<meta property=\"og:locale\" content=\"fr_FR\" \/>\n<meta property=\"og:type\" content=\"article\" \/>\n<meta property=\"og:title\" content=\"D-Mannose en poudre en g\u00e9lules - enrichi en extrait de canneberge - JeaKen\" \/>\n<meta property=\"og:description\" content=\"120 capsules de D-Mannose v\u00e9g\u00e9taliennes - D-Mannose sans allerg\u00e8ne pour les infections urinaires - Traitement naturel et s\u00fbr des infections urinaires et soulagement de la cystite - Pas de comprim\u00e9s de D-Mannose.\" \/>\n<meta property=\"og:url\" content=\"https:\/\/jeaken.com\/fr\/produit\/d-mannose-en-poudre-en-gelules-enrichi-en-extrait-de-canneberge-2\/\" \/>\n<meta property=\"og:site_name\" content=\"JeaKen\" \/>\n<meta property=\"article:modified_time\" content=\"2022-08-09T14:15:40+00:00\" \/>\n<meta property=\"og:image\" content=\"https:\/\/jeaken.com\/wp-content\/uploads\/2022\/07\/Front-5.jpg\" \/>\n\t<meta property=\"og:image:width\" content=\"635\" \/>\n\t<meta property=\"og:image:height\" content=\"744\" \/>\n\t<meta property=\"og:image:type\" content=\"image\/jpeg\" \/>\n<meta name=\"twitter:card\" content=\"summary_large_image\" \/>\n<meta name=\"twitter:label1\" content=\"Est. reading time\" \/>\n\t<meta name=\"twitter:data1\" content=\"2 minutes\" \/>\n<script type=\"application\/ld+json\" class=\"yoast-schema-graph\">{\"@context\":\"https:\/\/schema.org\",\"@graph\":[{\"@type\":\"WebPage\",\"@id\":\"https:\/\/jeaken.com\/fr\/produit\/d-mannose-en-poudre-en-gelules-enrichi-en-extrait-de-canneberge-2\/\",\"url\":\"https:\/\/jeaken.com\/fr\/produit\/d-mannose-en-poudre-en-gelules-enrichi-en-extrait-de-canneberge-2\/\",\"name\":\"D-Mannose en poudre en g\u00e9lules - enrichi en extrait de canneberge - JeaKen\",\"isPartOf\":{\"@id\":\"https:\/\/jeaken.com\/fr\/#website\"},\"primaryImageOfPage\":{\"@id\":\"https:\/\/jeaken.com\/fr\/produit\/d-mannose-en-poudre-en-gelules-enrichi-en-extrait-de-canneberge-2\/#primaryimage\"},\"image\":{\"@id\":\"https:\/\/jeaken.com\/fr\/produit\/d-mannose-en-poudre-en-gelules-enrichi-en-extrait-de-canneberge-2\/#primaryimage\"},\"thumbnailUrl\":\"https:\/\/jeaken.com\/wp-content\/uploads\/2022\/07\/Front-5.jpg\",\"datePublished\":\"2022-07-21T18:18:21+00:00\",\"dateModified\":\"2022-08-09T14:15:40+00:00\",\"breadcrumb\":{\"@id\":\"https:\/\/jeaken.com\/fr\/produit\/d-mannose-en-poudre-en-gelules-enrichi-en-extrait-de-canneberge-2\/#breadcrumb\"},\"inLanguage\":\"fr-FR\",\"potentialAction\":[{\"@type\":\"ReadAction\",\"target\":[\"https:\/\/jeaken.com\/fr\/produit\/d-mannose-en-poudre-en-gelules-enrichi-en-extrait-de-canneberge-2\/\"]}]},{\"@type\":\"ImageObject\",\"inLanguage\":\"fr-FR\",\"@id\":\"https:\/\/jeaken.com\/fr\/produit\/d-mannose-en-poudre-en-gelules-enrichi-en-extrait-de-canneberge-2\/#primaryimage\",\"url\":\"https:\/\/jeaken.com\/wp-content\/uploads\/2022\/07\/Front-5.jpg\",\"contentUrl\":\"https:\/\/jeaken.com\/wp-content\/uploads\/2022\/07\/Front-5.jpg\",\"width\":635,\"height\":744,\"caption\":\"D-Mannose Powder in Capsules - Enhanced with Cranberry Extract\"},{\"@type\":\"BreadcrumbList\",\"@id\":\"https:\/\/jeaken.com\/fr\/produit\/d-mannose-en-poudre-en-gelules-enrichi-en-extrait-de-canneberge-2\/#breadcrumb\",\"itemListElement\":[{\"@type\":\"ListItem\",\"position\":1,\"name\":\"Home\",\"item\":\"https:\/\/jeaken.com\/fr\/\"},{\"@type\":\"ListItem\",\"position\":2,\"name\":\"Private: Shop\",\"item\":\"https:\/\/jeaken.com\/shop\/\"},{\"@type\":\"ListItem\",\"position\":3,\"name\":\"D-Mannose en poudre en g\u00e9lules &#8211; enrichi en extrait de canneberge\"}]},{\"@type\":\"WebSite\",\"@id\":\"https:\/\/jeaken.com\/fr\/#website\",\"url\":\"https:\/\/jeaken.com\/fr\/\",\"name\":\"JeaKen\",\"description\":\"Organic Supplements for Health, Fitness and Nutrition\",\"publisher\":{\"@id\":\"https:\/\/jeaken.com\/fr\/#organization\"},\"potentialAction\":[{\"@type\":\"SearchAction\",\"target\":{\"@type\":\"EntryPoint\",\"urlTemplate\":\"https:\/\/jeaken.com\/fr\/?s={search_term_string}\"},\"query-input\":\"required name=search_term_string\"}],\"inLanguage\":\"fr-FR\"},{\"@type\":\"Organization\",\"@id\":\"https:\/\/jeaken.com\/fr\/#organization\",\"name\":\"JeaKen\",\"url\":\"https:\/\/jeaken.com\/fr\/\",\"logo\":{\"@type\":\"ImageObject\",\"inLanguage\":\"fr-FR\",\"@id\":\"https:\/\/jeaken.com\/fr\/#\/schema\/logo\/image\/\",\"url\":\"https:\/\/jeaken.com\/wp-content\/uploads\/2022\/06\/jeaken-logo-23.png\",\"contentUrl\":\"https:\/\/jeaken.com\/wp-content\/uploads\/2022\/06\/jeaken-logo-23.png\",\"width\":2486,\"height\":736,\"caption\":\"JeaKen\"},\"image\":{\"@id\":\"https:\/\/jeaken.com\/fr\/#\/schema\/logo\/image\/\"}}]}<\/script>\n<!-- \/ Yoast SEO plugin. -->","yoast_head_json":{"title":"D-Mannose en poudre en g\u00e9lules - enrichi en extrait de canneberge - JeaKen","robots":{"index":"index","follow":"follow","max-snippet":"max-snippet:-1","max-image-preview":"max-image-preview:large","max-video-preview":"max-video-preview:-1"},"canonical":"https:\/\/jeaken.com\/fr\/produit\/d-mannose-en-poudre-en-gelules-enrichi-en-extrait-de-canneberge-2\/","og_locale":"fr_FR","og_type":"article","og_title":"D-Mannose en poudre en g\u00e9lules - enrichi en extrait de canneberge - JeaKen","og_description":"120 capsules de D-Mannose v\u00e9g\u00e9taliennes - D-Mannose sans allerg\u00e8ne pour les infections urinaires - Traitement naturel et s\u00fbr des infections urinaires et soulagement de la cystite - Pas de comprim\u00e9s de D-Mannose.","og_url":"https:\/\/jeaken.com\/fr\/produit\/d-mannose-en-poudre-en-gelules-enrichi-en-extrait-de-canneberge-2\/","og_site_name":"JeaKen","article_modified_time":"2022-08-09T14:15:40+00:00","og_image":[{"width":635,"height":744,"url":"https:\/\/jeaken.com\/wp-content\/uploads\/2022\/07\/Front-5.jpg","type":"image\/jpeg"}],"twitter_card":"summary_large_image","twitter_misc":{"Est. reading time":"2 minutes"},"schema":{"@context":"https:\/\/schema.org","@graph":[{"@type":"WebPage","@id":"https:\/\/jeaken.com\/fr\/produit\/d-mannose-en-poudre-en-gelules-enrichi-en-extrait-de-canneberge-2\/","url":"https:\/\/jeaken.com\/fr\/produit\/d-mannose-en-poudre-en-gelules-enrichi-en-extrait-de-canneberge-2\/","name":"D-Mannose en poudre en g\u00e9lules - enrichi en extrait de canneberge - JeaKen","isPartOf":{"@id":"https:\/\/jeaken.com\/fr\/#website"},"primaryImageOfPage":{"@id":"https:\/\/jeaken.com\/fr\/produit\/d-mannose-en-poudre-en-gelules-enrichi-en-extrait-de-canneberge-2\/#primaryimage"},"image":{"@id":"https:\/\/jeaken.com\/fr\/produit\/d-mannose-en-poudre-en-gelules-enrichi-en-extrait-de-canneberge-2\/#primaryimage"},"thumbnailUrl":"https:\/\/jeaken.com\/wp-content\/uploads\/2022\/07\/Front-5.jpg","datePublished":"2022-07-21T18:18:21+00:00","dateModified":"2022-08-09T14:15:40+00:00","breadcrumb":{"@id":"https:\/\/jeaken.com\/fr\/produit\/d-mannose-en-poudre-en-gelules-enrichi-en-extrait-de-canneberge-2\/#breadcrumb"},"inLanguage":"fr-FR","potentialAction":[{"@type":"ReadAction","target":["https:\/\/jeaken.com\/fr\/produit\/d-mannose-en-poudre-en-gelules-enrichi-en-extrait-de-canneberge-2\/"]}]},{"@type":"ImageObject","inLanguage":"fr-FR","@id":"https:\/\/jeaken.com\/fr\/produit\/d-mannose-en-poudre-en-gelules-enrichi-en-extrait-de-canneberge-2\/#primaryimage","url":"https:\/\/jeaken.com\/wp-content\/uploads\/2022\/07\/Front-5.jpg","contentUrl":"https:\/\/jeaken.com\/wp-content\/uploads\/2022\/07\/Front-5.jpg","width":635,"height":744,"caption":"D-Mannose Powder in Capsules - Enhanced with Cranberry Extract"},{"@type":"BreadcrumbList","@id":"https:\/\/jeaken.com\/fr\/produit\/d-mannose-en-poudre-en-gelules-enrichi-en-extrait-de-canneberge-2\/#breadcrumb","itemListElement":[{"@type":"ListItem","position":1,"name":"Home","item":"https:\/\/jeaken.com\/fr\/"},{"@type":"ListItem","position":2,"name":"Private: Shop","item":"https:\/\/jeaken.com\/shop\/"},{"@type":"ListItem","position":3,"name":"D-Mannose en poudre en g\u00e9lules &#8211; enrichi en extrait de canneberge"}]},{"@type":"WebSite","@id":"https:\/\/jeaken.com\/fr\/#website","url":"https:\/\/jeaken.com\/fr\/","name":"JeaKen","description":"Organic Supplements for Health, Fitness and Nutrition","publisher":{"@id":"https:\/\/jeaken.com\/fr\/#organization"},"potentialAction":[{"@type":"SearchAction","target":{"@type":"EntryPoint","urlTemplate":"https:\/\/jeaken.com\/fr\/?s={search_term_string}"},"query-input":"required name=search_term_string"}],"inLanguage":"fr-FR"},{"@type":"Organization","@id":"https:\/\/jeaken.com\/fr\/#organization","name":"JeaKen","url":"https:\/\/jeaken.com\/fr\/","logo":{"@type":"ImageObject","inLanguage":"fr-FR","@id":"https:\/\/jeaken.com\/fr\/#\/schema\/logo\/image\/","url":"https:\/\/jeaken.com\/wp-content\/uploads\/2022\/06\/jeaken-logo-23.png","contentUrl":"https:\/\/jeaken.com\/wp-content\/uploads\/2022\/06\/jeaken-logo-23.png","width":2486,"height":736,"caption":"JeaKen"},"image":{"@id":"https:\/\/jeaken.com\/fr\/#\/schema\/logo\/image\/"}}]}},"jetpack_sharing_enabled":true,"_links":{"self":[{"href":"https:\/\/jeaken.com\/fr\/wp-json\/wp\/v2\/product\/6907","targetHints":{"allow":["GET"]}}],"collection":[{"href":"https:\/\/jeaken.com\/fr\/wp-json\/wp\/v2\/product"}],"about":[{"href":"https:\/\/jeaken.com\/fr\/wp-json\/wp\/v2\/types\/product"}],"wp:featuredmedia":[{"embeddable":true,"href":"https:\/\/jeaken.com\/fr\/wp-json\/wp\/v2\/media\/14756"}],"wp:attachment":[{"href":"https:\/\/jeaken.com\/fr\/wp-json\/wp\/v2\/media?parent=6907"}],"wp:term":[{"taxonomy":"product_cat","embeddable":true,"href":"https:\/\/jeaken.com\/fr\/wp-json\/wp\/v2\/product_cat?post=6907"},{"taxonomy":"product_tag","embeddable":true,"href":"https:\/\/jeaken.com\/fr\/wp-json\/wp\/v2\/product_tag?post=6907"}],"curies":[{"name":"wp","href":"https:\/\/api.w.org\/{rel}","templated":true}]}}