{"id":6896,"date":"2022-07-21T19:18:21","date_gmt":"2022-07-21T18:18:21","guid":{"rendered":"https:\/1658920591610?product=creme-anti-age-au-collagene-et-au-retinol-pour-les-peaux-seches-avec-acide-hyaluronique-bouteille-de-50-ml"},"modified":"2022-08-09T15:15:36","modified_gmt":"2022-08-09T14:15:36","slug":"creme-anti-age-au-collagene-et-au-retinol-pour-les-peaux-seches-avec-acide-hyaluronique-bouteille-de-50-ml","status":"publish","type":"product","link":"https:\/\/jeaken.com\/fr\/produit\/creme-anti-age-au-collagene-et-au-retinol-pour-les-peaux-seches-avec-acide-hyaluronique-bouteille-de-50-ml\/","title":{"rendered":"Cr\u00e8me anti-\u00e2ge au collag\u00e8ne et au r\u00e9tinol pour les peaux s\u00e8ches, avec acide hyaluronique. Bouteille de 50 ml"},"content":{"rendered":"<p><strong><span class=\"a-list-item\">CR\u00c8ME VISAGE ANTI-\u00c2GE POUR HOMMES ET FEMMES  <\/span><\/strong><\/p>\n<p><span class=\"a-list-item\">Notre cr\u00e8me hydratante au collag\u00e8ne et au r\u00e9tinol contient une gamme d&#8217;ingr\u00e9dients anti-\u00e2ge naturels puissants. Avec l&#8217;\u00e2ge, la capacit\u00e9 de la peau \u00e0 produire du collag\u00e8ne est r\u00e9duite, ce qui entra\u00eene une perte d&#8217;\u00e9lasticit\u00e9 de la peau.<\/span><\/p>\n<p><strong><span class=\"a-list-item\">LUTTE CONTRE LES RIDES  <\/span><\/strong><\/p>\n<p><span class=\"a-list-item\">Cette cr\u00e8me puissante pour le visage d\u00e9livre du collag\u00e8ne directement dans la couche dermique de la peau, r\u00e9duisant l&#8217;apparence des rides et laissant la peau hydrat\u00e9e et bien nourrie.<\/span><\/p>\n<p><span class=\"a-list-item\"><strong>SOURCE SUPER RICHE DE R\u00c9TINOL  <\/strong><\/span><\/p>\n<p><span class=\"a-list-item\">La cr\u00e8me hydratante pour le visage contient \u00e9galement de l&#8217;huile de fruit de la passion et de l&#8217;extrait de th\u00e9 vert, qui sont des sources riches en vitamine A. Cette vitamine essentielle contribue \u00e0 la formation des fibroblastes, ce qui permet d&#8217;obtenir une peau plus ferme et plus r\u00e9sistante de consistance moyenne.<\/span><\/p>\n<p>&nbsp;<\/p>\n<p>&nbsp;<\/p>\n","protected":false},"excerpt":{"rendered":"<h4>Une cr\u00e8me anti-rides puissante pour une peau plus ferme et plus jeune.<\/h4>\n","protected":false},"featured_media":4720,"template":"","meta":{"site-sidebar-layout":"default","site-content-layout":"default","ast-site-content-layout":"default","site-content-style":"default","site-sidebar-style":"default","ast-global-header-display":"","ast-banner-title-visibility":"","ast-main-header-display":"","ast-hfb-above-header-display":"","ast-hfb-below-header-display":"","ast-hfb-mobile-header-display":"","site-post-title":"","ast-breadcrumbs-content":"","ast-featured-img":"","footer-sml-layout":"","theme-transparent-header-meta":"default","adv-header-id-meta":"","stick-header-meta":"default","header-above-stick-meta":"","header-main-stick-meta":"","header-below-stick-meta":"","astra-migrate-meta-layouts":"default","ast-page-background-enabled":"default","ast-page-background-meta":{"desktop":{"background-color":"","background-image":"","background-repeat":"repeat","background-position":"center center","background-size":"auto","background-attachment":"scroll","background-type":"","background-media":"","overlay-type":"","overlay-color":"","overlay-opacity":"","overlay-gradient":""},"tablet":{"background-color":"","background-image":"","background-repeat":"repeat","background-position":"center center","background-size":"auto","background-attachment":"scroll","background-type":"","background-media":"","overlay-type":"","overlay-color":"","overlay-opacity":"","overlay-gradient":""},"mobile":{"background-color":"","background-image":"","background-repeat":"repeat","background-position":"center center","background-size":"auto","background-attachment":"scroll","background-type":"","background-media":"","overlay-type":"","overlay-color":"","overlay-opacity":"","overlay-gradient":""}},"ast-content-background-meta":{"desktop":{"background-color":"var(--ast-global-color-5)","background-image":"","background-repeat":"repeat","background-position":"center center","background-size":"auto","background-attachment":"scroll","background-type":"","background-media":"","overlay-type":"","overlay-color":"","overlay-opacity":"","overlay-gradient":""},"tablet":{"background-color":"var(--ast-global-color-5)","background-image":"","background-repeat":"repeat","background-position":"center center","background-size":"auto","background-attachment":"scroll","background-type":"","background-media":"","overlay-type":"","overlay-color":"","overlay-opacity":"","overlay-gradient":""},"mobile":{"background-color":"var(--ast-global-color-5)","background-image":"","background-repeat":"repeat","background-position":"center center","background-size":"auto","background-attachment":"scroll","background-type":"","background-media":"","overlay-type":"","overlay-color":"","overlay-opacity":"","overlay-gradient":""}}},"product_cat":[557,556],"product_tag":[1611,1620,1612,1613,1614,1618,1621,1619,1616,1617,1615,1610],"class_list":{"0":"post-6896","1":"product","2":"type-product","3":"status-publish","4":"has-post-thumbnail","6":"product_cat-anti-age","7":"product_cat-beaute-naturelle","8":"product_tag-antirides","9":"product_tag-creme-a-la-tretinoine","10":"product_tag-creme-antirides","11":"product_tag-creme-au-retinol","12":"product_tag-creme-au-retinol-pour-le-visage","13":"product_tag-creme-eclaircissante-pour-peaux-foncees","14":"product_tag-huile-de-vitamine-e-pour-le-visage","15":"product_tag-le-retinol-ordinaire","16":"product_tag-serum-au-retinol","17":"product_tag-serum-de-retinol-haute-puissance-pour-le-visage","18":"product_tag-serum-pour-le-visage-au-retinol","19":"product_tag-traitement-de-lacne","20":"has-subscription-plans","21":"desktop-align-left","22":"tablet-align-left","23":"mobile-align-left","25":"first","26":"outofstock","27":"sale","28":"taxable","29":"shipping-taxable","30":"purchasable","31":"product-type-simple"},"yoast_head":"<!-- This site is optimized with the Yoast SEO plugin v22.7 - https:\/\/yoast.com\/wordpress\/plugins\/seo\/ -->\n<title>Cr\u00e8me anti-\u00e2ge au collag\u00e8ne et au r\u00e9tinol pour les peaux s\u00e8ches, avec acide hyaluronique. Bouteille de 50 ml - JeaKen<\/title>\n<meta name=\"robots\" content=\"index, follow, max-snippet:-1, max-image-preview:large, max-video-preview:-1\" \/>\n<link rel=\"canonical\" href=\"https:\/\/jeaken.com\/fr\/produit\/creme-anti-age-au-collagene-et-au-retinol-pour-les-peaux-seches-avec-acide-hyaluronique-bouteille-de-50-ml\/\" \/>\n<meta property=\"og:locale\" content=\"fr_FR\" \/>\n<meta property=\"og:type\" content=\"article\" \/>\n<meta property=\"og:title\" content=\"Cr\u00e8me anti-\u00e2ge au collag\u00e8ne et au r\u00e9tinol pour les peaux s\u00e8ches, avec acide hyaluronique. Bouteille de 50 ml - JeaKen\" \/>\n<meta property=\"og:description\" content=\"Une cr\u00e8me anti-rides puissante pour une peau plus ferme et plus jeune.\" \/>\n<meta property=\"og:url\" content=\"https:\/\/jeaken.com\/fr\/produit\/creme-anti-age-au-collagene-et-au-retinol-pour-les-peaux-seches-avec-acide-hyaluronique-bouteille-de-50-ml\/\" \/>\n<meta property=\"og:site_name\" content=\"JeaKen\" \/>\n<meta property=\"article:modified_time\" content=\"2022-08-09T14:15:36+00:00\" \/>\n<meta property=\"og:image\" content=\"https:\/\/jeaken.com\/wp-content\/uploads\/2022\/07\/71QlbREVamL._AC_SL1500_.jpg\" \/>\n\t<meta property=\"og:image:width\" content=\"600\" \/>\n\t<meta property=\"og:image:height\" content=\"600\" \/>\n\t<meta property=\"og:image:type\" content=\"image\/jpeg\" \/>\n<meta name=\"twitter:card\" content=\"summary_large_image\" \/>\n<meta name=\"twitter:label1\" content=\"Est. reading time\" \/>\n\t<meta name=\"twitter:data1\" content=\"1 minute\" \/>\n<script type=\"application\/ld+json\" class=\"yoast-schema-graph\">{\"@context\":\"https:\/\/schema.org\",\"@graph\":[{\"@type\":\"WebPage\",\"@id\":\"https:\/\/jeaken.com\/fr\/produit\/creme-anti-age-au-collagene-et-au-retinol-pour-les-peaux-seches-avec-acide-hyaluronique-bouteille-de-50-ml\/\",\"url\":\"https:\/\/jeaken.com\/fr\/produit\/creme-anti-age-au-collagene-et-au-retinol-pour-les-peaux-seches-avec-acide-hyaluronique-bouteille-de-50-ml\/\",\"name\":\"Cr\u00e8me anti-\u00e2ge au collag\u00e8ne et au r\u00e9tinol pour les peaux s\u00e8ches, avec acide hyaluronique. Bouteille de 50 ml - JeaKen\",\"isPartOf\":{\"@id\":\"https:\/\/jeaken.com\/fr\/#website\"},\"primaryImageOfPage\":{\"@id\":\"https:\/\/jeaken.com\/fr\/produit\/creme-anti-age-au-collagene-et-au-retinol-pour-les-peaux-seches-avec-acide-hyaluronique-bouteille-de-50-ml\/#primaryimage\"},\"image\":{\"@id\":\"https:\/\/jeaken.com\/fr\/produit\/creme-anti-age-au-collagene-et-au-retinol-pour-les-peaux-seches-avec-acide-hyaluronique-bouteille-de-50-ml\/#primaryimage\"},\"thumbnailUrl\":\"https:\/\/jeaken.com\/wp-content\/uploads\/2022\/07\/71QlbREVamL._AC_SL1500_.jpg\",\"datePublished\":\"2022-07-21T18:18:21+00:00\",\"dateModified\":\"2022-08-09T14:15:36+00:00\",\"breadcrumb\":{\"@id\":\"https:\/\/jeaken.com\/fr\/produit\/creme-anti-age-au-collagene-et-au-retinol-pour-les-peaux-seches-avec-acide-hyaluronique-bouteille-de-50-ml\/#breadcrumb\"},\"inLanguage\":\"fr-FR\",\"potentialAction\":[{\"@type\":\"ReadAction\",\"target\":[\"https:\/\/jeaken.com\/fr\/produit\/creme-anti-age-au-collagene-et-au-retinol-pour-les-peaux-seches-avec-acide-hyaluronique-bouteille-de-50-ml\/\"]}]},{\"@type\":\"ImageObject\",\"inLanguage\":\"fr-FR\",\"@id\":\"https:\/\/jeaken.com\/fr\/produit\/creme-anti-age-au-collagene-et-au-retinol-pour-les-peaux-seches-avec-acide-hyaluronique-bouteille-de-50-ml\/#primaryimage\",\"url\":\"https:\/\/jeaken.com\/wp-content\/uploads\/2022\/07\/71QlbREVamL._AC_SL1500_.jpg\",\"contentUrl\":\"https:\/\/jeaken.com\/wp-content\/uploads\/2022\/07\/71QlbREVamL._AC_SL1500_.jpg\",\"width\":600,\"height\":600,\"caption\":\"Collagen Retinol Anti-Ageing Face Cream For Dry Skin With Hyaluronic Acid. 50ml Bottle\"},{\"@type\":\"BreadcrumbList\",\"@id\":\"https:\/\/jeaken.com\/fr\/produit\/creme-anti-age-au-collagene-et-au-retinol-pour-les-peaux-seches-avec-acide-hyaluronique-bouteille-de-50-ml\/#breadcrumb\",\"itemListElement\":[{\"@type\":\"ListItem\",\"position\":1,\"name\":\"Home\",\"item\":\"https:\/\/jeaken.com\/fr\/\"},{\"@type\":\"ListItem\",\"position\":2,\"name\":\"Private: Shop\",\"item\":\"https:\/\/jeaken.com\/shop\/\"},{\"@type\":\"ListItem\",\"position\":3,\"name\":\"Cr\u00e8me anti-\u00e2ge au collag\u00e8ne et au r\u00e9tinol pour les peaux s\u00e8ches, avec acide hyaluronique. Bouteille de 50 ml\"}]},{\"@type\":\"WebSite\",\"@id\":\"https:\/\/jeaken.com\/fr\/#website\",\"url\":\"https:\/\/jeaken.com\/fr\/\",\"name\":\"JeaKen\",\"description\":\"Organic Supplements for Health, Fitness and Nutrition\",\"publisher\":{\"@id\":\"https:\/\/jeaken.com\/fr\/#organization\"},\"potentialAction\":[{\"@type\":\"SearchAction\",\"target\":{\"@type\":\"EntryPoint\",\"urlTemplate\":\"https:\/\/jeaken.com\/fr\/?s={search_term_string}\"},\"query-input\":\"required name=search_term_string\"}],\"inLanguage\":\"fr-FR\"},{\"@type\":\"Organization\",\"@id\":\"https:\/\/jeaken.com\/fr\/#organization\",\"name\":\"JeaKen\",\"url\":\"https:\/\/jeaken.com\/fr\/\",\"logo\":{\"@type\":\"ImageObject\",\"inLanguage\":\"fr-FR\",\"@id\":\"https:\/\/jeaken.com\/fr\/#\/schema\/logo\/image\/\",\"url\":\"https:\/\/jeaken.com\/wp-content\/uploads\/2022\/06\/jeaken-logo-23.png\",\"contentUrl\":\"https:\/\/jeaken.com\/wp-content\/uploads\/2022\/06\/jeaken-logo-23.png\",\"width\":2486,\"height\":736,\"caption\":\"JeaKen\"},\"image\":{\"@id\":\"https:\/\/jeaken.com\/fr\/#\/schema\/logo\/image\/\"}}]}<\/script>\n<!-- \/ Yoast SEO plugin. -->","yoast_head_json":{"title":"Cr\u00e8me anti-\u00e2ge au collag\u00e8ne et au r\u00e9tinol pour les peaux s\u00e8ches, avec acide hyaluronique. Bouteille de 50 ml - JeaKen","robots":{"index":"index","follow":"follow","max-snippet":"max-snippet:-1","max-image-preview":"max-image-preview:large","max-video-preview":"max-video-preview:-1"},"canonical":"https:\/\/jeaken.com\/fr\/produit\/creme-anti-age-au-collagene-et-au-retinol-pour-les-peaux-seches-avec-acide-hyaluronique-bouteille-de-50-ml\/","og_locale":"fr_FR","og_type":"article","og_title":"Cr\u00e8me anti-\u00e2ge au collag\u00e8ne et au r\u00e9tinol pour les peaux s\u00e8ches, avec acide hyaluronique. Bouteille de 50 ml - JeaKen","og_description":"Une cr\u00e8me anti-rides puissante pour une peau plus ferme et plus jeune.","og_url":"https:\/\/jeaken.com\/fr\/produit\/creme-anti-age-au-collagene-et-au-retinol-pour-les-peaux-seches-avec-acide-hyaluronique-bouteille-de-50-ml\/","og_site_name":"JeaKen","article_modified_time":"2022-08-09T14:15:36+00:00","og_image":[{"width":600,"height":600,"url":"https:\/\/jeaken.com\/wp-content\/uploads\/2022\/07\/71QlbREVamL._AC_SL1500_.jpg","type":"image\/jpeg"}],"twitter_card":"summary_large_image","twitter_misc":{"Est. reading time":"1 minute"},"schema":{"@context":"https:\/\/schema.org","@graph":[{"@type":"WebPage","@id":"https:\/\/jeaken.com\/fr\/produit\/creme-anti-age-au-collagene-et-au-retinol-pour-les-peaux-seches-avec-acide-hyaluronique-bouteille-de-50-ml\/","url":"https:\/\/jeaken.com\/fr\/produit\/creme-anti-age-au-collagene-et-au-retinol-pour-les-peaux-seches-avec-acide-hyaluronique-bouteille-de-50-ml\/","name":"Cr\u00e8me anti-\u00e2ge au collag\u00e8ne et au r\u00e9tinol pour les peaux s\u00e8ches, avec acide hyaluronique. Bouteille de 50 ml - JeaKen","isPartOf":{"@id":"https:\/\/jeaken.com\/fr\/#website"},"primaryImageOfPage":{"@id":"https:\/\/jeaken.com\/fr\/produit\/creme-anti-age-au-collagene-et-au-retinol-pour-les-peaux-seches-avec-acide-hyaluronique-bouteille-de-50-ml\/#primaryimage"},"image":{"@id":"https:\/\/jeaken.com\/fr\/produit\/creme-anti-age-au-collagene-et-au-retinol-pour-les-peaux-seches-avec-acide-hyaluronique-bouteille-de-50-ml\/#primaryimage"},"thumbnailUrl":"https:\/\/jeaken.com\/wp-content\/uploads\/2022\/07\/71QlbREVamL._AC_SL1500_.jpg","datePublished":"2022-07-21T18:18:21+00:00","dateModified":"2022-08-09T14:15:36+00:00","breadcrumb":{"@id":"https:\/\/jeaken.com\/fr\/produit\/creme-anti-age-au-collagene-et-au-retinol-pour-les-peaux-seches-avec-acide-hyaluronique-bouteille-de-50-ml\/#breadcrumb"},"inLanguage":"fr-FR","potentialAction":[{"@type":"ReadAction","target":["https:\/\/jeaken.com\/fr\/produit\/creme-anti-age-au-collagene-et-au-retinol-pour-les-peaux-seches-avec-acide-hyaluronique-bouteille-de-50-ml\/"]}]},{"@type":"ImageObject","inLanguage":"fr-FR","@id":"https:\/\/jeaken.com\/fr\/produit\/creme-anti-age-au-collagene-et-au-retinol-pour-les-peaux-seches-avec-acide-hyaluronique-bouteille-de-50-ml\/#primaryimage","url":"https:\/\/jeaken.com\/wp-content\/uploads\/2022\/07\/71QlbREVamL._AC_SL1500_.jpg","contentUrl":"https:\/\/jeaken.com\/wp-content\/uploads\/2022\/07\/71QlbREVamL._AC_SL1500_.jpg","width":600,"height":600,"caption":"Collagen Retinol Anti-Ageing Face Cream For Dry Skin With Hyaluronic Acid. 50ml Bottle"},{"@type":"BreadcrumbList","@id":"https:\/\/jeaken.com\/fr\/produit\/creme-anti-age-au-collagene-et-au-retinol-pour-les-peaux-seches-avec-acide-hyaluronique-bouteille-de-50-ml\/#breadcrumb","itemListElement":[{"@type":"ListItem","position":1,"name":"Home","item":"https:\/\/jeaken.com\/fr\/"},{"@type":"ListItem","position":2,"name":"Private: Shop","item":"https:\/\/jeaken.com\/shop\/"},{"@type":"ListItem","position":3,"name":"Cr\u00e8me anti-\u00e2ge au collag\u00e8ne et au r\u00e9tinol pour les peaux s\u00e8ches, avec acide hyaluronique. Bouteille de 50 ml"}]},{"@type":"WebSite","@id":"https:\/\/jeaken.com\/fr\/#website","url":"https:\/\/jeaken.com\/fr\/","name":"JeaKen","description":"Organic Supplements for Health, Fitness and Nutrition","publisher":{"@id":"https:\/\/jeaken.com\/fr\/#organization"},"potentialAction":[{"@type":"SearchAction","target":{"@type":"EntryPoint","urlTemplate":"https:\/\/jeaken.com\/fr\/?s={search_term_string}"},"query-input":"required name=search_term_string"}],"inLanguage":"fr-FR"},{"@type":"Organization","@id":"https:\/\/jeaken.com\/fr\/#organization","name":"JeaKen","url":"https:\/\/jeaken.com\/fr\/","logo":{"@type":"ImageObject","inLanguage":"fr-FR","@id":"https:\/\/jeaken.com\/fr\/#\/schema\/logo\/image\/","url":"https:\/\/jeaken.com\/wp-content\/uploads\/2022\/06\/jeaken-logo-23.png","contentUrl":"https:\/\/jeaken.com\/wp-content\/uploads\/2022\/06\/jeaken-logo-23.png","width":2486,"height":736,"caption":"JeaKen"},"image":{"@id":"https:\/\/jeaken.com\/fr\/#\/schema\/logo\/image\/"}}]}},"jetpack_sharing_enabled":true,"_links":{"self":[{"href":"https:\/\/jeaken.com\/fr\/wp-json\/wp\/v2\/product\/6896","targetHints":{"allow":["GET"]}}],"collection":[{"href":"https:\/\/jeaken.com\/fr\/wp-json\/wp\/v2\/product"}],"about":[{"href":"https:\/\/jeaken.com\/fr\/wp-json\/wp\/v2\/types\/product"}],"wp:featuredmedia":[{"embeddable":true,"href":"https:\/\/jeaken.com\/fr\/wp-json\/wp\/v2\/media\/4720"}],"wp:attachment":[{"href":"https:\/\/jeaken.com\/fr\/wp-json\/wp\/v2\/media?parent=6896"}],"wp:term":[{"taxonomy":"product_cat","embeddable":true,"href":"https:\/\/jeaken.com\/fr\/wp-json\/wp\/v2\/product_cat?post=6896"},{"taxonomy":"product_tag","embeddable":true,"href":"https:\/\/jeaken.com\/fr\/wp-json\/wp\/v2\/product_tag?post=6896"}],"curies":[{"name":"wp","href":"https:\/\/api.w.org\/{rel}","templated":true}]}}