{"id":6875,"date":"2022-07-21T19:18:16","date_gmt":"2022-07-21T18:18:16","guid":{"rendered":"https:\/1658920591610?product=capsules-de-l-glutamine-500mg-pour-la-production-et-la-recuperation-musculaire-120-capsules"},"modified":"2022-08-09T15:14:42","modified_gmt":"2022-08-09T14:14:42","slug":"capsules-de-l-glutamine-500mg-pour-la-production-et-la-recuperation-musculaire-120-capsules","status":"publish","type":"product","link":"https:\/\/jeaken.com\/fr\/produit\/capsules-de-l-glutamine-500mg-pour-la-production-et-la-recuperation-musculaire-120-capsules\/","title":{"rendered":"Capsules de L-Glutamine (500mg) &#8211; Pour la production et la r\u00e9cup\u00e9ration musculaire (120 Capsules)"},"content":{"rendered":"<p><strong><span class=\"a-list-item\">ACIDE AMIN\u00c9 VITAL REQUIS PAR CHAQUE MUSCLE  <\/span><\/strong><\/p>\n<p><span class=\"a-list-item\">  La L-Glutamine est un acide amin\u00e9 vital dont a besoin chaque muscle du corps. C&#8217;est l&#8217;un des \u00e9l\u00e9ments constitutifs les plus importants dans la formation des prot\u00e9ines qui maintiennent la sant\u00e9 cellulaire et la r\u00e9paration des tissus. La glutamine se trouve en quantit\u00e9s variables dans la plupart des viandes et des poissons ainsi que, dans une moindre mesure, dans les l\u00e9gumes et les l\u00e9gumineuses.<\/span><\/p>\n<p><strong><span class=\"a-list-item\">PR\u00c9VIENT LA D\u00c9GRADATION DES MUSCLES ET STIMULE LA R\u00c9CUP\u00c9RATION MUSCULAIRE  <\/span><\/strong><\/p>\n<p><span class=\"a-list-item\">  Toute personne participant \u00e0 des programmes d&#8217;entra\u00eenement de haute intensit\u00e9 con\u00e7us pour l&#8217;hypertrophie peut trouver dans les capsules de L-Glutamine ou la poudre de L-Glutamine un compl\u00e9ment b\u00e9n\u00e9fique. La L-Glutamine est l&#8217;acide amin\u00e9 le plus abondant dans le corps humain. Elle am\u00e9liore l&#8217;effort et la r\u00e9cup\u00e9ration musculaire et la sant\u00e9 gastro-intestinale.<\/span><\/p>\n<p><strong><span class=\"a-list-item\">STIMULE LA PRODUCTION D&#8217;HORMONES  <\/span><\/strong><\/p>\n<p><span class=\"a-list-item\">  La suppl\u00e9mentation en glutamine favorise la synth\u00e8se des prot\u00e9ines ainsi que le taux de production de glycog\u00e8ne. Pendant l&#8217;exercice, la glutamine est rapidement \u00e9puis\u00e9e des muscles en raison de sa forte implication dans de nombreuses r\u00e9actions. Une suppl\u00e9mentation en glutamine est importante pour compenser ces r\u00e9ductions et cr\u00e9er un environnement optimal pour le d\u00e9veloppement musculaire.<\/span><\/p>\n<p><strong><span class=\"a-list-item\">STIMULE LE SYST\u00c8ME IMMUNITAIRE  <\/span><\/strong><\/p>\n<p><span class=\"a-list-item\">La glutamine joue un r\u00f4le dans la division des cellules immunitaires. Il pr\u00e9serve les tissus musculaires et soutient la fonction immunitaire pendant les p\u00e9riodes de stress immunitaire et musculaire.<\/span><\/p>\n<p>&nbsp;<\/p>\n","protected":false},"excerpt":{"rendered":"<h4><b>Un suppl\u00e9ment efficace pour les athl\u00e8tes qui s&#8217;entra\u00eenent \u00e0 haute intensit\u00e9.<\/b><\/h4>\n<p>&nbsp;<\/p>\n<p>&nbsp;<\/p>\n","protected":false},"featured_media":16038,"template":"","meta":{"site-sidebar-layout":"default","site-content-layout":"default","ast-site-content-layout":"default","site-content-style":"default","site-sidebar-style":"default","ast-global-header-display":"","ast-banner-title-visibility":"","ast-main-header-display":"","ast-hfb-above-header-display":"","ast-hfb-below-header-display":"","ast-hfb-mobile-header-display":"","site-post-title":"","ast-breadcrumbs-content":"","ast-featured-img":"","footer-sml-layout":"","theme-transparent-header-meta":"default","adv-header-id-meta":"","stick-header-meta":"default","header-above-stick-meta":"","header-main-stick-meta":"","header-below-stick-meta":"","astra-migrate-meta-layouts":"default","ast-page-background-enabled":"default","ast-page-background-meta":{"desktop":{"background-color":"","background-image":"","background-repeat":"repeat","background-position":"center center","background-size":"auto","background-attachment":"scroll","background-type":"","background-media":"","overlay-type":"","overlay-color":"","overlay-opacity":"","overlay-gradient":""},"tablet":{"background-color":"","background-image":"","background-repeat":"repeat","background-position":"center center","background-size":"auto","background-attachment":"scroll","background-type":"","background-media":"","overlay-type":"","overlay-color":"","overlay-opacity":"","overlay-gradient":""},"mobile":{"background-color":"","background-image":"","background-repeat":"repeat","background-position":"center center","background-size":"auto","background-attachment":"scroll","background-type":"","background-media":"","overlay-type":"","overlay-color":"","overlay-opacity":"","overlay-gradient":""}},"ast-content-background-meta":{"desktop":{"background-color":"var(--ast-global-color-5)","background-image":"","background-repeat":"repeat","background-position":"center center","background-size":"auto","background-attachment":"scroll","background-type":"","background-media":"","overlay-type":"","overlay-color":"","overlay-opacity":"","overlay-gradient":""},"tablet":{"background-color":"var(--ast-global-color-5)","background-image":"","background-repeat":"repeat","background-position":"center center","background-size":"auto","background-attachment":"scroll","background-type":"","background-media":"","overlay-type":"","overlay-color":"","overlay-opacity":"","overlay-gradient":""},"mobile":{"background-color":"var(--ast-global-color-5)","background-image":"","background-repeat":"repeat","background-position":"center center","background-size":"auto","background-attachment":"scroll","background-type":"","background-media":"","overlay-type":"","overlay-color":"","overlay-opacity":"","overlay-gradient":""}}},"product_cat":[516,585,519],"product_tag":[1035,1023,1022,1050,1020,1040,1056,1032,1045,1054,1018,1027],"class_list":{"0":"post-6875","1":"product","2":"type-product","3":"status-publish","4":"has-post-thumbnail","6":"product_cat-humeur-et-bien-etre","7":"product_cat-musculation","8":"product_cat-nutrition-sportive","9":"product_tag-acide-amine-essentiel","10":"product_tag-acides-amines-en-poudre","11":"product_tag-capsules-dacides-amines","12":"product_tag-capsules-de-l-glutamine","13":"product_tag-comprimes-dacides-amines","14":"product_tag-comprimes-de-glutamine","15":"product_tag-comprimes-pour-muscles","16":"product_tag-energie-aminee","17":"product_tag-l-glutamine-capsules-mg-fr","18":"product_tag-l-glutamine-en-poudre","19":"product_tag-poudre-dacides-amines","20":"product_tag-supplements-dacides-amines","21":"has-subscription-plans","22":"desktop-align-left","23":"tablet-align-left","24":"mobile-align-left","26":"first","27":"instock","28":"taxable","29":"shipping-taxable","30":"purchasable","31":"product-type-simple"},"yoast_head":"<!-- This site is optimized with the Yoast SEO plugin v22.7 - https:\/\/yoast.com\/wordpress\/plugins\/seo\/ -->\n<title>Capsules de L-Glutamine (500mg) - Pour la production et la r\u00e9cup\u00e9ration musculaire (120 Capsules) - JeaKen<\/title>\n<meta name=\"robots\" content=\"index, follow, max-snippet:-1, max-image-preview:large, max-video-preview:-1\" \/>\n<link rel=\"canonical\" href=\"https:\/\/jeaken.com\/fr\/produit\/capsules-de-l-glutamine-500mg-pour-la-production-et-la-recuperation-musculaire-120-capsules\/\" \/>\n<meta property=\"og:locale\" content=\"fr_FR\" \/>\n<meta property=\"og:type\" content=\"article\" \/>\n<meta property=\"og:title\" content=\"Capsules de L-Glutamine (500mg) - Pour la production et la r\u00e9cup\u00e9ration musculaire (120 Capsules) - JeaKen\" \/>\n<meta property=\"og:description\" content=\"Un suppl\u00e9ment efficace pour les athl\u00e8tes qui s&#039;entra\u00eenent \u00e0 haute intensit\u00e9. &nbsp; &nbsp;\" \/>\n<meta property=\"og:url\" content=\"https:\/\/jeaken.com\/fr\/produit\/capsules-de-l-glutamine-500mg-pour-la-production-et-la-recuperation-musculaire-120-capsules\/\" \/>\n<meta property=\"og:site_name\" content=\"JeaKen\" \/>\n<meta property=\"article:modified_time\" content=\"2022-08-09T14:14:42+00:00\" \/>\n<meta property=\"og:image\" content=\"https:\/\/jeaken.com\/wp-content\/uploads\/2022\/07\/L-Glutamine.jpg\" \/>\n\t<meta property=\"og:image:width\" content=\"512\" \/>\n\t<meta property=\"og:image:height\" content=\"600\" \/>\n\t<meta property=\"og:image:type\" content=\"image\/jpeg\" \/>\n<meta name=\"twitter:card\" content=\"summary_large_image\" \/>\n<meta name=\"twitter:label1\" content=\"Est. reading time\" \/>\n\t<meta name=\"twitter:data1\" content=\"1 minute\" \/>\n<script type=\"application\/ld+json\" class=\"yoast-schema-graph\">{\"@context\":\"https:\/\/schema.org\",\"@graph\":[{\"@type\":\"WebPage\",\"@id\":\"https:\/\/jeaken.com\/fr\/produit\/capsules-de-l-glutamine-500mg-pour-la-production-et-la-recuperation-musculaire-120-capsules\/\",\"url\":\"https:\/\/jeaken.com\/fr\/produit\/capsules-de-l-glutamine-500mg-pour-la-production-et-la-recuperation-musculaire-120-capsules\/\",\"name\":\"Capsules de L-Glutamine (500mg) - Pour la production et la r\u00e9cup\u00e9ration musculaire (120 Capsules) - JeaKen\",\"isPartOf\":{\"@id\":\"https:\/\/jeaken.com\/fr\/#website\"},\"primaryImageOfPage\":{\"@id\":\"https:\/\/jeaken.com\/fr\/produit\/capsules-de-l-glutamine-500mg-pour-la-production-et-la-recuperation-musculaire-120-capsules\/#primaryimage\"},\"image\":{\"@id\":\"https:\/\/jeaken.com\/fr\/produit\/capsules-de-l-glutamine-500mg-pour-la-production-et-la-recuperation-musculaire-120-capsules\/#primaryimage\"},\"thumbnailUrl\":\"https:\/\/jeaken.com\/wp-content\/uploads\/2022\/07\/L-Glutamine.jpg\",\"datePublished\":\"2022-07-21T18:18:16+00:00\",\"dateModified\":\"2022-08-09T14:14:42+00:00\",\"breadcrumb\":{\"@id\":\"https:\/\/jeaken.com\/fr\/produit\/capsules-de-l-glutamine-500mg-pour-la-production-et-la-recuperation-musculaire-120-capsules\/#breadcrumb\"},\"inLanguage\":\"fr-FR\",\"potentialAction\":[{\"@type\":\"ReadAction\",\"target\":[\"https:\/\/jeaken.com\/fr\/produit\/capsules-de-l-glutamine-500mg-pour-la-production-et-la-recuperation-musculaire-120-capsules\/\"]}]},{\"@type\":\"ImageObject\",\"inLanguage\":\"fr-FR\",\"@id\":\"https:\/\/jeaken.com\/fr\/produit\/capsules-de-l-glutamine-500mg-pour-la-production-et-la-recuperation-musculaire-120-capsules\/#primaryimage\",\"url\":\"https:\/\/jeaken.com\/wp-content\/uploads\/2022\/07\/L-Glutamine.jpg\",\"contentUrl\":\"https:\/\/jeaken.com\/wp-content\/uploads\/2022\/07\/L-Glutamine.jpg\",\"width\":512,\"height\":600,\"caption\":\"L-Glutamine Capsules (500mg) \u2013 For Muscle Generation and Recovery (120 Capsules)\"},{\"@type\":\"BreadcrumbList\",\"@id\":\"https:\/\/jeaken.com\/fr\/produit\/capsules-de-l-glutamine-500mg-pour-la-production-et-la-recuperation-musculaire-120-capsules\/#breadcrumb\",\"itemListElement\":[{\"@type\":\"ListItem\",\"position\":1,\"name\":\"Home\",\"item\":\"https:\/\/jeaken.com\/fr\/\"},{\"@type\":\"ListItem\",\"position\":2,\"name\":\"Private: Shop\",\"item\":\"https:\/\/jeaken.com\/shop\/\"},{\"@type\":\"ListItem\",\"position\":3,\"name\":\"Capsules de L-Glutamine (500mg) &#8211; Pour la production et la r\u00e9cup\u00e9ration musculaire (120 Capsules)\"}]},{\"@type\":\"WebSite\",\"@id\":\"https:\/\/jeaken.com\/fr\/#website\",\"url\":\"https:\/\/jeaken.com\/fr\/\",\"name\":\"JeaKen\",\"description\":\"Organic Supplements for Health, Fitness and Nutrition\",\"publisher\":{\"@id\":\"https:\/\/jeaken.com\/fr\/#organization\"},\"potentialAction\":[{\"@type\":\"SearchAction\",\"target\":{\"@type\":\"EntryPoint\",\"urlTemplate\":\"https:\/\/jeaken.com\/fr\/?s={search_term_string}\"},\"query-input\":\"required name=search_term_string\"}],\"inLanguage\":\"fr-FR\"},{\"@type\":\"Organization\",\"@id\":\"https:\/\/jeaken.com\/fr\/#organization\",\"name\":\"JeaKen\",\"url\":\"https:\/\/jeaken.com\/fr\/\",\"logo\":{\"@type\":\"ImageObject\",\"inLanguage\":\"fr-FR\",\"@id\":\"https:\/\/jeaken.com\/fr\/#\/schema\/logo\/image\/\",\"url\":\"https:\/\/jeaken.com\/wp-content\/uploads\/2022\/06\/jeaken-logo-23.png\",\"contentUrl\":\"https:\/\/jeaken.com\/wp-content\/uploads\/2022\/06\/jeaken-logo-23.png\",\"width\":2486,\"height\":736,\"caption\":\"JeaKen\"},\"image\":{\"@id\":\"https:\/\/jeaken.com\/fr\/#\/schema\/logo\/image\/\"}}]}<\/script>\n<!-- \/ Yoast SEO plugin. -->","yoast_head_json":{"title":"Capsules de L-Glutamine (500mg) - Pour la production et la r\u00e9cup\u00e9ration musculaire (120 Capsules) - JeaKen","robots":{"index":"index","follow":"follow","max-snippet":"max-snippet:-1","max-image-preview":"max-image-preview:large","max-video-preview":"max-video-preview:-1"},"canonical":"https:\/\/jeaken.com\/fr\/produit\/capsules-de-l-glutamine-500mg-pour-la-production-et-la-recuperation-musculaire-120-capsules\/","og_locale":"fr_FR","og_type":"article","og_title":"Capsules de L-Glutamine (500mg) - Pour la production et la r\u00e9cup\u00e9ration musculaire (120 Capsules) - JeaKen","og_description":"Un suppl\u00e9ment efficace pour les athl\u00e8tes qui s'entra\u00eenent \u00e0 haute intensit\u00e9. &nbsp; &nbsp;","og_url":"https:\/\/jeaken.com\/fr\/produit\/capsules-de-l-glutamine-500mg-pour-la-production-et-la-recuperation-musculaire-120-capsules\/","og_site_name":"JeaKen","article_modified_time":"2022-08-09T14:14:42+00:00","og_image":[{"width":512,"height":600,"url":"https:\/\/jeaken.com\/wp-content\/uploads\/2022\/07\/L-Glutamine.jpg","type":"image\/jpeg"}],"twitter_card":"summary_large_image","twitter_misc":{"Est. reading time":"1 minute"},"schema":{"@context":"https:\/\/schema.org","@graph":[{"@type":"WebPage","@id":"https:\/\/jeaken.com\/fr\/produit\/capsules-de-l-glutamine-500mg-pour-la-production-et-la-recuperation-musculaire-120-capsules\/","url":"https:\/\/jeaken.com\/fr\/produit\/capsules-de-l-glutamine-500mg-pour-la-production-et-la-recuperation-musculaire-120-capsules\/","name":"Capsules de L-Glutamine (500mg) - Pour la production et la r\u00e9cup\u00e9ration musculaire (120 Capsules) - JeaKen","isPartOf":{"@id":"https:\/\/jeaken.com\/fr\/#website"},"primaryImageOfPage":{"@id":"https:\/\/jeaken.com\/fr\/produit\/capsules-de-l-glutamine-500mg-pour-la-production-et-la-recuperation-musculaire-120-capsules\/#primaryimage"},"image":{"@id":"https:\/\/jeaken.com\/fr\/produit\/capsules-de-l-glutamine-500mg-pour-la-production-et-la-recuperation-musculaire-120-capsules\/#primaryimage"},"thumbnailUrl":"https:\/\/jeaken.com\/wp-content\/uploads\/2022\/07\/L-Glutamine.jpg","datePublished":"2022-07-21T18:18:16+00:00","dateModified":"2022-08-09T14:14:42+00:00","breadcrumb":{"@id":"https:\/\/jeaken.com\/fr\/produit\/capsules-de-l-glutamine-500mg-pour-la-production-et-la-recuperation-musculaire-120-capsules\/#breadcrumb"},"inLanguage":"fr-FR","potentialAction":[{"@type":"ReadAction","target":["https:\/\/jeaken.com\/fr\/produit\/capsules-de-l-glutamine-500mg-pour-la-production-et-la-recuperation-musculaire-120-capsules\/"]}]},{"@type":"ImageObject","inLanguage":"fr-FR","@id":"https:\/\/jeaken.com\/fr\/produit\/capsules-de-l-glutamine-500mg-pour-la-production-et-la-recuperation-musculaire-120-capsules\/#primaryimage","url":"https:\/\/jeaken.com\/wp-content\/uploads\/2022\/07\/L-Glutamine.jpg","contentUrl":"https:\/\/jeaken.com\/wp-content\/uploads\/2022\/07\/L-Glutamine.jpg","width":512,"height":600,"caption":"L-Glutamine Capsules (500mg) \u2013 For Muscle Generation and Recovery (120 Capsules)"},{"@type":"BreadcrumbList","@id":"https:\/\/jeaken.com\/fr\/produit\/capsules-de-l-glutamine-500mg-pour-la-production-et-la-recuperation-musculaire-120-capsules\/#breadcrumb","itemListElement":[{"@type":"ListItem","position":1,"name":"Home","item":"https:\/\/jeaken.com\/fr\/"},{"@type":"ListItem","position":2,"name":"Private: Shop","item":"https:\/\/jeaken.com\/shop\/"},{"@type":"ListItem","position":3,"name":"Capsules de L-Glutamine (500mg) &#8211; Pour la production et la r\u00e9cup\u00e9ration musculaire (120 Capsules)"}]},{"@type":"WebSite","@id":"https:\/\/jeaken.com\/fr\/#website","url":"https:\/\/jeaken.com\/fr\/","name":"JeaKen","description":"Organic Supplements for Health, Fitness and Nutrition","publisher":{"@id":"https:\/\/jeaken.com\/fr\/#organization"},"potentialAction":[{"@type":"SearchAction","target":{"@type":"EntryPoint","urlTemplate":"https:\/\/jeaken.com\/fr\/?s={search_term_string}"},"query-input":"required name=search_term_string"}],"inLanguage":"fr-FR"},{"@type":"Organization","@id":"https:\/\/jeaken.com\/fr\/#organization","name":"JeaKen","url":"https:\/\/jeaken.com\/fr\/","logo":{"@type":"ImageObject","inLanguage":"fr-FR","@id":"https:\/\/jeaken.com\/fr\/#\/schema\/logo\/image\/","url":"https:\/\/jeaken.com\/wp-content\/uploads\/2022\/06\/jeaken-logo-23.png","contentUrl":"https:\/\/jeaken.com\/wp-content\/uploads\/2022\/06\/jeaken-logo-23.png","width":2486,"height":736,"caption":"JeaKen"},"image":{"@id":"https:\/\/jeaken.com\/fr\/#\/schema\/logo\/image\/"}}]}},"jetpack_sharing_enabled":true,"_links":{"self":[{"href":"https:\/\/jeaken.com\/fr\/wp-json\/wp\/v2\/product\/6875","targetHints":{"allow":["GET"]}}],"collection":[{"href":"https:\/\/jeaken.com\/fr\/wp-json\/wp\/v2\/product"}],"about":[{"href":"https:\/\/jeaken.com\/fr\/wp-json\/wp\/v2\/types\/product"}],"wp:featuredmedia":[{"embeddable":true,"href":"https:\/\/jeaken.com\/fr\/wp-json\/wp\/v2\/media\/16038"}],"wp:attachment":[{"href":"https:\/\/jeaken.com\/fr\/wp-json\/wp\/v2\/media?parent=6875"}],"wp:term":[{"taxonomy":"product_cat","embeddable":true,"href":"https:\/\/jeaken.com\/fr\/wp-json\/wp\/v2\/product_cat?post=6875"},{"taxonomy":"product_tag","embeddable":true,"href":"https:\/\/jeaken.com\/fr\/wp-json\/wp\/v2\/product_tag?post=6875"}],"curies":[{"name":"wp","href":"https:\/\/api.w.org\/{rel}","templated":true}]}}