{"id":6869,"date":"2022-07-21T19:18:17","date_gmt":"2022-07-21T18:18:17","guid":{"rendered":"https:\/1658920591610?product=capsules-de-racine-de-maca-pour-augmenter-lendurance-et-equilibrer-les-hormones-180-capsules"},"modified":"2022-08-09T15:14:36","modified_gmt":"2022-08-09T14:14:36","slug":"capsules-de-racine-de-maca-pour-augmenter-lendurance-et-equilibrer-les-hormones-180-capsules","status":"publish","type":"product","link":"https:\/\/jeaken.com\/fr\/produit\/capsules-de-racine-de-maca-pour-augmenter-lendurance-et-equilibrer-les-hormones-180-capsules\/","title":{"rendered":"Capsules de racine de maca pour augmenter l&#8217;endurance et \u00e9quilibrer les hormones (180 Capsules)"},"content":{"rendered":"<p><strong>STIMULE L&#8217;\u00c9NERGIE ET L&#8217;ENDURANCE  <\/strong><\/p>\n<p>La racine de maca \u00e9tait traditionnellement donn\u00e9e aux guerriers de l&#8217;\u00e8re inca pour am\u00e9liorer leur force, leurs performances athl\u00e9tiques, leur libido, leur endurance et leur niveau d&#8217;\u00e9nergie. Aujourd&#8217;hui, l&#8217;extrait de Maca est appr\u00e9ci\u00e9 pour les m\u00eames raisons, pour vous aider \u00e0 vous sentir \u00e9nergis\u00e9, \u00e0 am\u00e9liorer le bien-\u00eatre mental et l&#8217;humeur, \u00e0 r\u00e9duire le stress et \u00e0 renforcer le cerveau et la m\u00e9moire.<\/p>\n<p><strong>EFFICACE POUR AM\u00c9LIORER LA FERTILIT\u00c9 ET \u00c9QUILIBRER LES HORMONES  <\/strong><\/p>\n<p>La racine de maca est consid\u00e9r\u00e9e comme l&#8217;un des meilleurs suppl\u00e9ments pour la fertilit\u00e9 et l&#8217;\u00e9quilibre hormonal. Ce compl\u00e9ment peut \u00e9galement \u00eatre efficace pour corriger les d\u00e9s\u00e9quilibres hormonaux, les probl\u00e8mes menstruels et les sympt\u00f4mes de la m\u00e9nopause.<\/p>\n<p><strong>RICHE EN VITAMINES ET EN NUTRIMENTS  <\/strong><\/p>\n<p>Nos g\u00e9lules de racine de Maca de haute qualit\u00e9 sont riches en vitamines avec une concentration \u00e9lev\u00e9e de nutriments et une absorption facile par le corps.<\/p>\n<p><strong>S\u00dbR ET FACILE \u00c0 UTILISER  <\/strong><\/p>\n<p>La poudre de racine de maca est naturellement efficace et facile \u00e0 int\u00e9grer dans votre vie quotidienne. L&#8217;incorporation de ce super aliment qu&#8217;est la racine de maca dans votre r\u00e9gime alimentaire quotidien est extr\u00eamement pratique gr\u00e2ce \u00e0 nos capsules faciles \u00e0 prendre &#8211; et elles n&#8217;ont pas de go\u00fbt d\u00e9sagr\u00e9able non plus ! Ce compl\u00e9ment enti\u00e8rement naturel convient aux v\u00e9g\u00e9taliens et aux v\u00e9g\u00e9tariens et est fabriqu\u00e9 au Royaume-Uni selon le code de pratique GMP.<\/p>\n","protected":false},"excerpt":{"rendered":"<h4><strong>Capsules v\u00e9g\u00e9taliennes tr\u00e8s puissantes, riches en vitamines, calcium, zinc et fibres.  <\/strong><\/h4>\n","protected":false},"featured_media":15726,"template":"","meta":{"site-sidebar-layout":"default","site-content-layout":"default","ast-site-content-layout":"default","site-content-style":"default","site-sidebar-style":"default","ast-global-header-display":"","ast-banner-title-visibility":"","ast-main-header-display":"","ast-hfb-above-header-display":"","ast-hfb-below-header-display":"","ast-hfb-mobile-header-display":"","site-post-title":"","ast-breadcrumbs-content":"","ast-featured-img":"","footer-sml-layout":"","theme-transparent-header-meta":"default","adv-header-id-meta":"","stick-header-meta":"default","header-above-stick-meta":"","header-main-stick-meta":"","header-below-stick-meta":"","astra-migrate-meta-layouts":"default","ast-page-background-enabled":"default","ast-page-background-meta":{"desktop":{"background-color":"","background-image":"","background-repeat":"repeat","background-position":"center center","background-size":"auto","background-attachment":"scroll","background-type":"","background-media":"","overlay-type":"","overlay-color":"","overlay-opacity":"","overlay-gradient":""},"tablet":{"background-color":"","background-image":"","background-repeat":"repeat","background-position":"center center","background-size":"auto","background-attachment":"scroll","background-type":"","background-media":"","overlay-type":"","overlay-color":"","overlay-opacity":"","overlay-gradient":""},"mobile":{"background-color":"","background-image":"","background-repeat":"repeat","background-position":"center center","background-size":"auto","background-attachment":"scroll","background-type":"","background-media":"","overlay-type":"","overlay-color":"","overlay-opacity":"","overlay-gradient":""}},"ast-content-background-meta":{"desktop":{"background-color":"var(--ast-global-color-5)","background-image":"","background-repeat":"repeat","background-position":"center center","background-size":"auto","background-attachment":"scroll","background-type":"","background-media":"","overlay-type":"","overlay-color":"","overlay-opacity":"","overlay-gradient":""},"tablet":{"background-color":"var(--ast-global-color-5)","background-image":"","background-repeat":"repeat","background-position":"center center","background-size":"auto","background-attachment":"scroll","background-type":"","background-media":"","overlay-type":"","overlay-color":"","overlay-opacity":"","overlay-gradient":""},"mobile":{"background-color":"var(--ast-global-color-5)","background-image":"","background-repeat":"repeat","background-position":"center center","background-size":"auto","background-attachment":"scroll","background-type":"","background-media":"","overlay-type":"","overlay-color":"","overlay-opacity":"","overlay-gradient":""}}},"product_cat":[520,996,644],"product_tag":[],"class_list":{"0":"post-6869","1":"product","2":"type-product","3":"status-publish","4":"has-post-thumbnail","6":"product_cat-fatigue-fr","7":"product_cat-fertilite","8":"product_cat-supplements-alimentaires","9":"has-subscription-plans","10":"desktop-align-left","11":"tablet-align-left","12":"mobile-align-left","14":"first","15":"outofstock","16":"taxable","17":"shipping-taxable","18":"purchasable","19":"product-type-simple"},"yoast_head":"<!-- This site is optimized with the Yoast SEO plugin v22.7 - https:\/\/yoast.com\/wordpress\/plugins\/seo\/ -->\n<title>Capsules de racine de maca pour augmenter l&#039;endurance et \u00e9quilibrer les hormones (180 Capsules) - JeaKen<\/title>\n<meta name=\"robots\" content=\"index, follow, max-snippet:-1, max-image-preview:large, max-video-preview:-1\" \/>\n<link rel=\"canonical\" href=\"https:\/\/jeaken.com\/fr\/produit\/capsules-de-racine-de-maca-pour-augmenter-lendurance-et-equilibrer-les-hormones-180-capsules\/\" \/>\n<meta property=\"og:locale\" content=\"fr_FR\" \/>\n<meta property=\"og:type\" content=\"article\" \/>\n<meta property=\"og:title\" content=\"Capsules de racine de maca pour augmenter l&#039;endurance et \u00e9quilibrer les hormones (180 Capsules) - JeaKen\" \/>\n<meta property=\"og:description\" content=\"Capsules v\u00e9g\u00e9taliennes tr\u00e8s puissantes, riches en vitamines, calcium, zinc et fibres.\" \/>\n<meta property=\"og:url\" content=\"https:\/\/jeaken.com\/fr\/produit\/capsules-de-racine-de-maca-pour-augmenter-lendurance-et-equilibrer-les-hormones-180-capsules\/\" \/>\n<meta property=\"og:site_name\" content=\"JeaKen\" \/>\n<meta property=\"article:modified_time\" content=\"2022-08-09T14:14:36+00:00\" \/>\n<meta property=\"og:image\" content=\"https:\/\/jeaken.com\/wp-content\/uploads\/2022\/07\/Maca.jpg\" \/>\n\t<meta property=\"og:image:width\" content=\"512\" \/>\n\t<meta property=\"og:image:height\" content=\"600\" \/>\n\t<meta property=\"og:image:type\" content=\"image\/jpeg\" \/>\n<meta name=\"twitter:card\" content=\"summary_large_image\" \/>\n<meta name=\"twitter:label1\" content=\"Est. reading time\" \/>\n\t<meta name=\"twitter:data1\" content=\"1 minute\" \/>\n<script type=\"application\/ld+json\" class=\"yoast-schema-graph\">{\"@context\":\"https:\/\/schema.org\",\"@graph\":[{\"@type\":\"WebPage\",\"@id\":\"https:\/\/jeaken.com\/fr\/produit\/capsules-de-racine-de-maca-pour-augmenter-lendurance-et-equilibrer-les-hormones-180-capsules\/\",\"url\":\"https:\/\/jeaken.com\/fr\/produit\/capsules-de-racine-de-maca-pour-augmenter-lendurance-et-equilibrer-les-hormones-180-capsules\/\",\"name\":\"Capsules de racine de maca pour augmenter l'endurance et \u00e9quilibrer les hormones (180 Capsules) - JeaKen\",\"isPartOf\":{\"@id\":\"https:\/\/jeaken.com\/fr\/#website\"},\"primaryImageOfPage\":{\"@id\":\"https:\/\/jeaken.com\/fr\/produit\/capsules-de-racine-de-maca-pour-augmenter-lendurance-et-equilibrer-les-hormones-180-capsules\/#primaryimage\"},\"image\":{\"@id\":\"https:\/\/jeaken.com\/fr\/produit\/capsules-de-racine-de-maca-pour-augmenter-lendurance-et-equilibrer-les-hormones-180-capsules\/#primaryimage\"},\"thumbnailUrl\":\"https:\/\/jeaken.com\/wp-content\/uploads\/2022\/07\/Maca.jpg\",\"datePublished\":\"2022-07-21T18:18:17+00:00\",\"dateModified\":\"2022-08-09T14:14:36+00:00\",\"breadcrumb\":{\"@id\":\"https:\/\/jeaken.com\/fr\/produit\/capsules-de-racine-de-maca-pour-augmenter-lendurance-et-equilibrer-les-hormones-180-capsules\/#breadcrumb\"},\"inLanguage\":\"fr-FR\",\"potentialAction\":[{\"@type\":\"ReadAction\",\"target\":[\"https:\/\/jeaken.com\/fr\/produit\/capsules-de-racine-de-maca-pour-augmenter-lendurance-et-equilibrer-les-hormones-180-capsules\/\"]}]},{\"@type\":\"ImageObject\",\"inLanguage\":\"fr-FR\",\"@id\":\"https:\/\/jeaken.com\/fr\/produit\/capsules-de-racine-de-maca-pour-augmenter-lendurance-et-equilibrer-les-hormones-180-capsules\/#primaryimage\",\"url\":\"https:\/\/jeaken.com\/wp-content\/uploads\/2022\/07\/Maca.jpg\",\"contentUrl\":\"https:\/\/jeaken.com\/wp-content\/uploads\/2022\/07\/Maca.jpg\",\"width\":512,\"height\":600,\"caption\":\"Maca Root Capsules for Increased Stamina and Hormone Balancing\"},{\"@type\":\"BreadcrumbList\",\"@id\":\"https:\/\/jeaken.com\/fr\/produit\/capsules-de-racine-de-maca-pour-augmenter-lendurance-et-equilibrer-les-hormones-180-capsules\/#breadcrumb\",\"itemListElement\":[{\"@type\":\"ListItem\",\"position\":1,\"name\":\"Home\",\"item\":\"https:\/\/jeaken.com\/fr\/\"},{\"@type\":\"ListItem\",\"position\":2,\"name\":\"Private: Shop\",\"item\":\"https:\/\/jeaken.com\/shop\/\"},{\"@type\":\"ListItem\",\"position\":3,\"name\":\"Capsules de racine de maca pour augmenter l&#8217;endurance et \u00e9quilibrer les hormones (180 Capsules)\"}]},{\"@type\":\"WebSite\",\"@id\":\"https:\/\/jeaken.com\/fr\/#website\",\"url\":\"https:\/\/jeaken.com\/fr\/\",\"name\":\"JeaKen\",\"description\":\"Organic Supplements for Health, Fitness and Nutrition\",\"publisher\":{\"@id\":\"https:\/\/jeaken.com\/fr\/#organization\"},\"potentialAction\":[{\"@type\":\"SearchAction\",\"target\":{\"@type\":\"EntryPoint\",\"urlTemplate\":\"https:\/\/jeaken.com\/fr\/?s={search_term_string}\"},\"query-input\":\"required name=search_term_string\"}],\"inLanguage\":\"fr-FR\"},{\"@type\":\"Organization\",\"@id\":\"https:\/\/jeaken.com\/fr\/#organization\",\"name\":\"JeaKen\",\"url\":\"https:\/\/jeaken.com\/fr\/\",\"logo\":{\"@type\":\"ImageObject\",\"inLanguage\":\"fr-FR\",\"@id\":\"https:\/\/jeaken.com\/fr\/#\/schema\/logo\/image\/\",\"url\":\"https:\/\/jeaken.com\/wp-content\/uploads\/2022\/06\/jeaken-logo-23.png\",\"contentUrl\":\"https:\/\/jeaken.com\/wp-content\/uploads\/2022\/06\/jeaken-logo-23.png\",\"width\":2486,\"height\":736,\"caption\":\"JeaKen\"},\"image\":{\"@id\":\"https:\/\/jeaken.com\/fr\/#\/schema\/logo\/image\/\"}}]}<\/script>\n<!-- \/ Yoast SEO plugin. -->","yoast_head_json":{"title":"Capsules de racine de maca pour augmenter l'endurance et \u00e9quilibrer les hormones (180 Capsules) - JeaKen","robots":{"index":"index","follow":"follow","max-snippet":"max-snippet:-1","max-image-preview":"max-image-preview:large","max-video-preview":"max-video-preview:-1"},"canonical":"https:\/\/jeaken.com\/fr\/produit\/capsules-de-racine-de-maca-pour-augmenter-lendurance-et-equilibrer-les-hormones-180-capsules\/","og_locale":"fr_FR","og_type":"article","og_title":"Capsules de racine de maca pour augmenter l'endurance et \u00e9quilibrer les hormones (180 Capsules) - JeaKen","og_description":"Capsules v\u00e9g\u00e9taliennes tr\u00e8s puissantes, riches en vitamines, calcium, zinc et fibres.","og_url":"https:\/\/jeaken.com\/fr\/produit\/capsules-de-racine-de-maca-pour-augmenter-lendurance-et-equilibrer-les-hormones-180-capsules\/","og_site_name":"JeaKen","article_modified_time":"2022-08-09T14:14:36+00:00","og_image":[{"width":512,"height":600,"url":"https:\/\/jeaken.com\/wp-content\/uploads\/2022\/07\/Maca.jpg","type":"image\/jpeg"}],"twitter_card":"summary_large_image","twitter_misc":{"Est. reading time":"1 minute"},"schema":{"@context":"https:\/\/schema.org","@graph":[{"@type":"WebPage","@id":"https:\/\/jeaken.com\/fr\/produit\/capsules-de-racine-de-maca-pour-augmenter-lendurance-et-equilibrer-les-hormones-180-capsules\/","url":"https:\/\/jeaken.com\/fr\/produit\/capsules-de-racine-de-maca-pour-augmenter-lendurance-et-equilibrer-les-hormones-180-capsules\/","name":"Capsules de racine de maca pour augmenter l'endurance et \u00e9quilibrer les hormones (180 Capsules) - JeaKen","isPartOf":{"@id":"https:\/\/jeaken.com\/fr\/#website"},"primaryImageOfPage":{"@id":"https:\/\/jeaken.com\/fr\/produit\/capsules-de-racine-de-maca-pour-augmenter-lendurance-et-equilibrer-les-hormones-180-capsules\/#primaryimage"},"image":{"@id":"https:\/\/jeaken.com\/fr\/produit\/capsules-de-racine-de-maca-pour-augmenter-lendurance-et-equilibrer-les-hormones-180-capsules\/#primaryimage"},"thumbnailUrl":"https:\/\/jeaken.com\/wp-content\/uploads\/2022\/07\/Maca.jpg","datePublished":"2022-07-21T18:18:17+00:00","dateModified":"2022-08-09T14:14:36+00:00","breadcrumb":{"@id":"https:\/\/jeaken.com\/fr\/produit\/capsules-de-racine-de-maca-pour-augmenter-lendurance-et-equilibrer-les-hormones-180-capsules\/#breadcrumb"},"inLanguage":"fr-FR","potentialAction":[{"@type":"ReadAction","target":["https:\/\/jeaken.com\/fr\/produit\/capsules-de-racine-de-maca-pour-augmenter-lendurance-et-equilibrer-les-hormones-180-capsules\/"]}]},{"@type":"ImageObject","inLanguage":"fr-FR","@id":"https:\/\/jeaken.com\/fr\/produit\/capsules-de-racine-de-maca-pour-augmenter-lendurance-et-equilibrer-les-hormones-180-capsules\/#primaryimage","url":"https:\/\/jeaken.com\/wp-content\/uploads\/2022\/07\/Maca.jpg","contentUrl":"https:\/\/jeaken.com\/wp-content\/uploads\/2022\/07\/Maca.jpg","width":512,"height":600,"caption":"Maca Root Capsules for Increased Stamina and Hormone Balancing"},{"@type":"BreadcrumbList","@id":"https:\/\/jeaken.com\/fr\/produit\/capsules-de-racine-de-maca-pour-augmenter-lendurance-et-equilibrer-les-hormones-180-capsules\/#breadcrumb","itemListElement":[{"@type":"ListItem","position":1,"name":"Home","item":"https:\/\/jeaken.com\/fr\/"},{"@type":"ListItem","position":2,"name":"Private: Shop","item":"https:\/\/jeaken.com\/shop\/"},{"@type":"ListItem","position":3,"name":"Capsules de racine de maca pour augmenter l&#8217;endurance et \u00e9quilibrer les hormones (180 Capsules)"}]},{"@type":"WebSite","@id":"https:\/\/jeaken.com\/fr\/#website","url":"https:\/\/jeaken.com\/fr\/","name":"JeaKen","description":"Organic Supplements for Health, Fitness and Nutrition","publisher":{"@id":"https:\/\/jeaken.com\/fr\/#organization"},"potentialAction":[{"@type":"SearchAction","target":{"@type":"EntryPoint","urlTemplate":"https:\/\/jeaken.com\/fr\/?s={search_term_string}"},"query-input":"required name=search_term_string"}],"inLanguage":"fr-FR"},{"@type":"Organization","@id":"https:\/\/jeaken.com\/fr\/#organization","name":"JeaKen","url":"https:\/\/jeaken.com\/fr\/","logo":{"@type":"ImageObject","inLanguage":"fr-FR","@id":"https:\/\/jeaken.com\/fr\/#\/schema\/logo\/image\/","url":"https:\/\/jeaken.com\/wp-content\/uploads\/2022\/06\/jeaken-logo-23.png","contentUrl":"https:\/\/jeaken.com\/wp-content\/uploads\/2022\/06\/jeaken-logo-23.png","width":2486,"height":736,"caption":"JeaKen"},"image":{"@id":"https:\/\/jeaken.com\/fr\/#\/schema\/logo\/image\/"}}]}},"jetpack_sharing_enabled":true,"_links":{"self":[{"href":"https:\/\/jeaken.com\/fr\/wp-json\/wp\/v2\/product\/6869","targetHints":{"allow":["GET"]}}],"collection":[{"href":"https:\/\/jeaken.com\/fr\/wp-json\/wp\/v2\/product"}],"about":[{"href":"https:\/\/jeaken.com\/fr\/wp-json\/wp\/v2\/types\/product"}],"wp:featuredmedia":[{"embeddable":true,"href":"https:\/\/jeaken.com\/fr\/wp-json\/wp\/v2\/media\/15726"}],"wp:attachment":[{"href":"https:\/\/jeaken.com\/fr\/wp-json\/wp\/v2\/media?parent=6869"}],"wp:term":[{"taxonomy":"product_cat","embeddable":true,"href":"https:\/\/jeaken.com\/fr\/wp-json\/wp\/v2\/product_cat?post=6869"},{"taxonomy":"product_tag","embeddable":true,"href":"https:\/\/jeaken.com\/fr\/wp-json\/wp\/v2\/product_tag?post=6869"}],"curies":[{"name":"wp","href":"https:\/\/api.w.org\/{rel}","templated":true}]}}