{"id":6848,"date":"2022-07-21T19:18:17","date_gmt":"2022-07-21T18:18:17","guid":{"rendered":"https:\/1658920591610?product=apple-cider-vinegar-booster-du-metabolisme-et-desintoxication-enrichi-en-seagreens-the-vert-et-chrome-120-capsules"},"modified":"2022-08-09T15:13:57","modified_gmt":"2022-08-09T14:13:57","slug":"apple-cider-vinegar-booster-du-metabolisme-et-desintoxication-enrichi-en-seagreens-the-vert-et-chrome-120-capsules","status":"publish","type":"product","link":"https:\/\/jeaken.com\/fr\/produit\/apple-cider-vinegar-booster-du-metabolisme-et-desintoxication-enrichi-en-seagreens-the-vert-et-chrome-120-capsules\/","title":{"rendered":"Apple Cider Vinegar &#8211; Booster du m\u00e9tabolisme et d\u00e9sintoxication &#8211; enrichi en Seagreens, th\u00e9 vert et chrome (120 Capsules)"},"content":{"rendered":"<p><strong>DE MULTIPLES AVANTAGES POUR LA SANT\u00c9  <\/strong><\/p>\n<p>Utilis\u00e9 par Hippocrate (le &#8220;p\u00e8re de la m\u00e9decine moderne&#8221;) il y a plus de 2000 ans, le vinaigre de cidre de pomme contribuerait \u00e0 une vari\u00e9t\u00e9 de bienfaits \u00e9tonnants pour la sant\u00e9, notamment une meilleure sant\u00e9 digestive, des niveaux d&#8217;\u00e9nergie accrus et un m\u00e9tabolisme am\u00e9lior\u00e9. Nos g\u00e9lules de vinaigre de cidre de pomme \u00e0 haute concentration offrent ces avantages puissants dans des g\u00e9lules faciles \u00e0 avaler.<\/p>\n<p><strong>FAVORISE UNE PERTE DE POIDS SAINE  <\/strong><\/p>\n<p>Plusieurs \u00e9tudes r\u00e9centes ont montr\u00e9 que le vinaigre de cidre de pomme peut aider \u00e0 perdre du poids lorsqu&#8217;il est consomm\u00e9 dans le cadre d&#8217;un r\u00e9gime alimentaire sain. Il peut \u00e9galement faciliter la digestion et am\u00e9liorer votre sant\u00e9 g\u00e9n\u00e9rale en vous aidant \u00e0 absorber davantage de nutriments dans vos aliments.<\/p>\n<p><strong>M\u00c9LANGE UNIQUE  <\/strong><\/p>\n<p>Nos capsules de vinaigre de cidre de pomme de qualit\u00e9 sup\u00e9rieure offrent des r\u00e9sultats optimaux gr\u00e2ce \u00e0 leur m\u00e9lange unique de seagreens, de th\u00e9 vert et de chrome. Votre sant\u00e9 est notre priorit\u00e9. Nos g\u00e9lules sont fabriqu\u00e9es au Royaume-Uni selon des directives de s\u00e9curit\u00e9 strictes (code de pratique GMP) afin de garantir la puissance, la qualit\u00e9 et l&#8217;efficacit\u00e9.<\/p>\n<p><strong>CONVIENT AUX V\u00c9G\u00c9TALIENS ET AUX V\u00c9G\u00c9TARIENS  <\/strong><\/p>\n<p>Nos capsules de vinaigre de cidre de pomme sont fabriqu\u00e9es \u00e0 partir d&#8217;ingr\u00e9dients 100% v\u00e9g\u00e9taux de premi\u00e8re qualit\u00e9. Nos capsules sont sans gluten, sans lactose, conformes aux BPF, sans OGM et 100% v\u00e9g\u00e9taliennes.<\/p>\n","protected":false},"excerpt":{"rendered":"<h4><strong>Un m\u00e9lange naturel de premi\u00e8re qualit\u00e9 pour une meilleure sant\u00e9 et une plus grande minceur !  <\/strong><\/h4>\n","protected":false},"featured_media":15870,"template":"","meta":{"site-sidebar-layout":"default","site-content-layout":"default","ast-site-content-layout":"default","site-content-style":"default","site-sidebar-style":"default","ast-global-header-display":"","ast-banner-title-visibility":"","ast-main-header-display":"","ast-hfb-above-header-display":"","ast-hfb-below-header-display":"","ast-hfb-mobile-header-display":"","site-post-title":"","ast-breadcrumbs-content":"","ast-featured-img":"","footer-sml-layout":"","theme-transparent-header-meta":"default","adv-header-id-meta":"","stick-header-meta":"default","header-above-stick-meta":"","header-main-stick-meta":"","header-below-stick-meta":"","astra-migrate-meta-layouts":"default","ast-page-background-enabled":"default","ast-page-background-meta":{"desktop":{"background-color":"","background-image":"","background-repeat":"repeat","background-position":"center center","background-size":"auto","background-attachment":"scroll","background-type":"","background-media":"","overlay-type":"","overlay-color":"","overlay-opacity":"","overlay-gradient":""},"tablet":{"background-color":"","background-image":"","background-repeat":"repeat","background-position":"center center","background-size":"auto","background-attachment":"scroll","background-type":"","background-media":"","overlay-type":"","overlay-color":"","overlay-opacity":"","overlay-gradient":""},"mobile":{"background-color":"","background-image":"","background-repeat":"repeat","background-position":"center center","background-size":"auto","background-attachment":"scroll","background-type":"","background-media":"","overlay-type":"","overlay-color":"","overlay-opacity":"","overlay-gradient":""}},"ast-content-background-meta":{"desktop":{"background-color":"var(--ast-global-color-5)","background-image":"","background-repeat":"repeat","background-position":"center center","background-size":"auto","background-attachment":"scroll","background-type":"","background-media":"","overlay-type":"","overlay-color":"","overlay-opacity":"","overlay-gradient":""},"tablet":{"background-color":"var(--ast-global-color-5)","background-image":"","background-repeat":"repeat","background-position":"center center","background-size":"auto","background-attachment":"scroll","background-type":"","background-media":"","overlay-type":"","overlay-color":"","overlay-opacity":"","overlay-gradient":""},"mobile":{"background-color":"var(--ast-global-color-5)","background-image":"","background-repeat":"repeat","background-position":"center center","background-size":"auto","background-attachment":"scroll","background-type":"","background-media":"","overlay-type":"","overlay-color":"","overlay-opacity":"","overlay-gradient":""}}},"product_cat":[702,692,693],"product_tag":[806,819,830,826,811,821,803,804,814,820,822,812,809,824,828,813,823,817],"class_list":{"0":"post-6848","1":"product","2":"type-product","3":"status-publish","4":"has-post-thumbnail","6":"product_cat-perte-de-poids","7":"product_cat-sante-digestive","8":"product_cat-soulagement-des-ballonnements","9":"product_tag-bruleurs-de-graisse-pour-hommes-perte-de-poids","10":"product_tag-capsules-de-vinaigre-de-cidre-de-pomme","11":"product_tag-ceto-pur","12":"product_tag-comprimes-de-regime-ceto","13":"product_tag-comprimes-de-retention-deau","14":"product_tag-comprimes-de-vinaigre-de-cidre-de-pomme","15":"product_tag-coupe-faim","16":"product_tag-coupe-faim-pour-la-perte-de-poids","17":"product_tag-gommes-a-macher","18":"product_tag-gummies-au-vinaigre-de-cidre-de-pomme","19":"product_tag-gummies-au-vinaigre-de-cidre-de-pomme-goli","20":"product_tag-pilules-amaigrissantes-fr","21":"product_tag-pilules-amaigrissantes","22":"product_tag-pilules-amaigrissantes-keto-lantre-des-dragons","23":"product_tag-pilules-ceto","24":"product_tag-pilules-de-perte-de-poids-qui-agissent-rapidement","25":"product_tag-pilules-de-regime-ceto","26":"product_tag-vinaigre-de-cidre-de-pomme","27":"has-subscription-plans","28":"desktop-align-left","29":"tablet-align-left","30":"mobile-align-left","32":"first","33":"instock","34":"sale","35":"taxable","36":"shipping-taxable","37":"purchasable","38":"product-type-simple"},"yoast_head":"<!-- This site is optimized with the Yoast SEO plugin v22.7 - https:\/\/yoast.com\/wordpress\/plugins\/seo\/ -->\n<title>Apple Cider Vinegar - Booster du m\u00e9tabolisme et d\u00e9sintoxication - enrichi en Seagreens, th\u00e9 vert et chrome (120 Capsules) - JeaKen<\/title>\n<meta name=\"robots\" content=\"index, follow, max-snippet:-1, max-image-preview:large, max-video-preview:-1\" \/>\n<link rel=\"canonical\" href=\"https:\/\/jeaken.com\/fr\/produit\/apple-cider-vinegar-booster-du-metabolisme-et-desintoxication-enrichi-en-seagreens-the-vert-et-chrome-120-capsules\/\" \/>\n<meta property=\"og:locale\" content=\"fr_FR\" \/>\n<meta property=\"og:type\" content=\"article\" \/>\n<meta property=\"og:title\" content=\"Apple Cider Vinegar - Booster du m\u00e9tabolisme et d\u00e9sintoxication - enrichi en Seagreens, th\u00e9 vert et chrome (120 Capsules) - JeaKen\" \/>\n<meta property=\"og:description\" content=\"Un m\u00e9lange naturel de premi\u00e8re qualit\u00e9 pour une meilleure sant\u00e9 et une plus grande minceur !\" \/>\n<meta property=\"og:url\" content=\"https:\/\/jeaken.com\/fr\/produit\/apple-cider-vinegar-booster-du-metabolisme-et-desintoxication-enrichi-en-seagreens-the-vert-et-chrome-120-capsules\/\" \/>\n<meta property=\"og:site_name\" content=\"JeaKen\" \/>\n<meta property=\"article:modified_time\" content=\"2022-08-09T14:13:57+00:00\" \/>\n<meta property=\"og:image\" content=\"https:\/\/jeaken.com\/wp-content\/uploads\/2022\/07\/510x600.jpg\" \/>\n\t<meta property=\"og:image:width\" content=\"512\" \/>\n\t<meta property=\"og:image:height\" content=\"600\" \/>\n\t<meta property=\"og:image:type\" content=\"image\/jpeg\" \/>\n<meta name=\"twitter:card\" content=\"summary_large_image\" \/>\n<meta name=\"twitter:label1\" content=\"Est. reading time\" \/>\n\t<meta name=\"twitter:data1\" content=\"1 minute\" \/>\n<script type=\"application\/ld+json\" class=\"yoast-schema-graph\">{\"@context\":\"https:\/\/schema.org\",\"@graph\":[{\"@type\":\"WebPage\",\"@id\":\"https:\/\/jeaken.com\/fr\/produit\/apple-cider-vinegar-booster-du-metabolisme-et-desintoxication-enrichi-en-seagreens-the-vert-et-chrome-120-capsules\/\",\"url\":\"https:\/\/jeaken.com\/fr\/produit\/apple-cider-vinegar-booster-du-metabolisme-et-desintoxication-enrichi-en-seagreens-the-vert-et-chrome-120-capsules\/\",\"name\":\"Apple Cider Vinegar - Booster du m\u00e9tabolisme et d\u00e9sintoxication - enrichi en Seagreens, th\u00e9 vert et chrome (120 Capsules) - JeaKen\",\"isPartOf\":{\"@id\":\"https:\/\/jeaken.com\/fr\/#website\"},\"primaryImageOfPage\":{\"@id\":\"https:\/\/jeaken.com\/fr\/produit\/apple-cider-vinegar-booster-du-metabolisme-et-desintoxication-enrichi-en-seagreens-the-vert-et-chrome-120-capsules\/#primaryimage\"},\"image\":{\"@id\":\"https:\/\/jeaken.com\/fr\/produit\/apple-cider-vinegar-booster-du-metabolisme-et-desintoxication-enrichi-en-seagreens-the-vert-et-chrome-120-capsules\/#primaryimage\"},\"thumbnailUrl\":\"https:\/\/jeaken.com\/wp-content\/uploads\/2022\/07\/510x600.jpg\",\"datePublished\":\"2022-07-21T18:18:17+00:00\",\"dateModified\":\"2022-08-09T14:13:57+00:00\",\"breadcrumb\":{\"@id\":\"https:\/\/jeaken.com\/fr\/produit\/apple-cider-vinegar-booster-du-metabolisme-et-desintoxication-enrichi-en-seagreens-the-vert-et-chrome-120-capsules\/#breadcrumb\"},\"inLanguage\":\"fr-FR\",\"potentialAction\":[{\"@type\":\"ReadAction\",\"target\":[\"https:\/\/jeaken.com\/fr\/produit\/apple-cider-vinegar-booster-du-metabolisme-et-desintoxication-enrichi-en-seagreens-the-vert-et-chrome-120-capsules\/\"]}]},{\"@type\":\"ImageObject\",\"inLanguage\":\"fr-FR\",\"@id\":\"https:\/\/jeaken.com\/fr\/produit\/apple-cider-vinegar-booster-du-metabolisme-et-desintoxication-enrichi-en-seagreens-the-vert-et-chrome-120-capsules\/#primaryimage\",\"url\":\"https:\/\/jeaken.com\/wp-content\/uploads\/2022\/07\/510x600.jpg\",\"contentUrl\":\"https:\/\/jeaken.com\/wp-content\/uploads\/2022\/07\/510x600.jpg\",\"width\":512,\"height\":600,\"caption\":\"Apple Cider Vinegar - Metabolism Booster and Detox - Enhanced with Seagreens, Green Tea and Chromium\"},{\"@type\":\"BreadcrumbList\",\"@id\":\"https:\/\/jeaken.com\/fr\/produit\/apple-cider-vinegar-booster-du-metabolisme-et-desintoxication-enrichi-en-seagreens-the-vert-et-chrome-120-capsules\/#breadcrumb\",\"itemListElement\":[{\"@type\":\"ListItem\",\"position\":1,\"name\":\"Home\",\"item\":\"https:\/\/jeaken.com\/fr\/\"},{\"@type\":\"ListItem\",\"position\":2,\"name\":\"Private: Shop\",\"item\":\"https:\/\/jeaken.com\/shop\/\"},{\"@type\":\"ListItem\",\"position\":3,\"name\":\"Apple Cider Vinegar &#8211; Booster du m\u00e9tabolisme et d\u00e9sintoxication &#8211; enrichi en Seagreens, th\u00e9 vert et chrome (120 Capsules)\"}]},{\"@type\":\"WebSite\",\"@id\":\"https:\/\/jeaken.com\/fr\/#website\",\"url\":\"https:\/\/jeaken.com\/fr\/\",\"name\":\"JeaKen\",\"description\":\"Organic Supplements for Health, Fitness and Nutrition\",\"publisher\":{\"@id\":\"https:\/\/jeaken.com\/fr\/#organization\"},\"potentialAction\":[{\"@type\":\"SearchAction\",\"target\":{\"@type\":\"EntryPoint\",\"urlTemplate\":\"https:\/\/jeaken.com\/fr\/?s={search_term_string}\"},\"query-input\":\"required name=search_term_string\"}],\"inLanguage\":\"fr-FR\"},{\"@type\":\"Organization\",\"@id\":\"https:\/\/jeaken.com\/fr\/#organization\",\"name\":\"JeaKen\",\"url\":\"https:\/\/jeaken.com\/fr\/\",\"logo\":{\"@type\":\"ImageObject\",\"inLanguage\":\"fr-FR\",\"@id\":\"https:\/\/jeaken.com\/fr\/#\/schema\/logo\/image\/\",\"url\":\"https:\/\/jeaken.com\/wp-content\/uploads\/2022\/06\/jeaken-logo-23.png\",\"contentUrl\":\"https:\/\/jeaken.com\/wp-content\/uploads\/2022\/06\/jeaken-logo-23.png\",\"width\":2486,\"height\":736,\"caption\":\"JeaKen\"},\"image\":{\"@id\":\"https:\/\/jeaken.com\/fr\/#\/schema\/logo\/image\/\"}}]}<\/script>\n<!-- \/ Yoast SEO plugin. -->","yoast_head_json":{"title":"Apple Cider Vinegar - Booster du m\u00e9tabolisme et d\u00e9sintoxication - enrichi en Seagreens, th\u00e9 vert et chrome (120 Capsules) - JeaKen","robots":{"index":"index","follow":"follow","max-snippet":"max-snippet:-1","max-image-preview":"max-image-preview:large","max-video-preview":"max-video-preview:-1"},"canonical":"https:\/\/jeaken.com\/fr\/produit\/apple-cider-vinegar-booster-du-metabolisme-et-desintoxication-enrichi-en-seagreens-the-vert-et-chrome-120-capsules\/","og_locale":"fr_FR","og_type":"article","og_title":"Apple Cider Vinegar - Booster du m\u00e9tabolisme et d\u00e9sintoxication - enrichi en Seagreens, th\u00e9 vert et chrome (120 Capsules) - JeaKen","og_description":"Un m\u00e9lange naturel de premi\u00e8re qualit\u00e9 pour une meilleure sant\u00e9 et une plus grande minceur !","og_url":"https:\/\/jeaken.com\/fr\/produit\/apple-cider-vinegar-booster-du-metabolisme-et-desintoxication-enrichi-en-seagreens-the-vert-et-chrome-120-capsules\/","og_site_name":"JeaKen","article_modified_time":"2022-08-09T14:13:57+00:00","og_image":[{"width":512,"height":600,"url":"https:\/\/jeaken.com\/wp-content\/uploads\/2022\/07\/510x600.jpg","type":"image\/jpeg"}],"twitter_card":"summary_large_image","twitter_misc":{"Est. reading time":"1 minute"},"schema":{"@context":"https:\/\/schema.org","@graph":[{"@type":"WebPage","@id":"https:\/\/jeaken.com\/fr\/produit\/apple-cider-vinegar-booster-du-metabolisme-et-desintoxication-enrichi-en-seagreens-the-vert-et-chrome-120-capsules\/","url":"https:\/\/jeaken.com\/fr\/produit\/apple-cider-vinegar-booster-du-metabolisme-et-desintoxication-enrichi-en-seagreens-the-vert-et-chrome-120-capsules\/","name":"Apple Cider Vinegar - Booster du m\u00e9tabolisme et d\u00e9sintoxication - enrichi en Seagreens, th\u00e9 vert et chrome (120 Capsules) - JeaKen","isPartOf":{"@id":"https:\/\/jeaken.com\/fr\/#website"},"primaryImageOfPage":{"@id":"https:\/\/jeaken.com\/fr\/produit\/apple-cider-vinegar-booster-du-metabolisme-et-desintoxication-enrichi-en-seagreens-the-vert-et-chrome-120-capsules\/#primaryimage"},"image":{"@id":"https:\/\/jeaken.com\/fr\/produit\/apple-cider-vinegar-booster-du-metabolisme-et-desintoxication-enrichi-en-seagreens-the-vert-et-chrome-120-capsules\/#primaryimage"},"thumbnailUrl":"https:\/\/jeaken.com\/wp-content\/uploads\/2022\/07\/510x600.jpg","datePublished":"2022-07-21T18:18:17+00:00","dateModified":"2022-08-09T14:13:57+00:00","breadcrumb":{"@id":"https:\/\/jeaken.com\/fr\/produit\/apple-cider-vinegar-booster-du-metabolisme-et-desintoxication-enrichi-en-seagreens-the-vert-et-chrome-120-capsules\/#breadcrumb"},"inLanguage":"fr-FR","potentialAction":[{"@type":"ReadAction","target":["https:\/\/jeaken.com\/fr\/produit\/apple-cider-vinegar-booster-du-metabolisme-et-desintoxication-enrichi-en-seagreens-the-vert-et-chrome-120-capsules\/"]}]},{"@type":"ImageObject","inLanguage":"fr-FR","@id":"https:\/\/jeaken.com\/fr\/produit\/apple-cider-vinegar-booster-du-metabolisme-et-desintoxication-enrichi-en-seagreens-the-vert-et-chrome-120-capsules\/#primaryimage","url":"https:\/\/jeaken.com\/wp-content\/uploads\/2022\/07\/510x600.jpg","contentUrl":"https:\/\/jeaken.com\/wp-content\/uploads\/2022\/07\/510x600.jpg","width":512,"height":600,"caption":"Apple Cider Vinegar - Metabolism Booster and Detox - Enhanced with Seagreens, Green Tea and Chromium"},{"@type":"BreadcrumbList","@id":"https:\/\/jeaken.com\/fr\/produit\/apple-cider-vinegar-booster-du-metabolisme-et-desintoxication-enrichi-en-seagreens-the-vert-et-chrome-120-capsules\/#breadcrumb","itemListElement":[{"@type":"ListItem","position":1,"name":"Home","item":"https:\/\/jeaken.com\/fr\/"},{"@type":"ListItem","position":2,"name":"Private: Shop","item":"https:\/\/jeaken.com\/shop\/"},{"@type":"ListItem","position":3,"name":"Apple Cider Vinegar &#8211; Booster du m\u00e9tabolisme et d\u00e9sintoxication &#8211; enrichi en Seagreens, th\u00e9 vert et chrome (120 Capsules)"}]},{"@type":"WebSite","@id":"https:\/\/jeaken.com\/fr\/#website","url":"https:\/\/jeaken.com\/fr\/","name":"JeaKen","description":"Organic Supplements for Health, Fitness and Nutrition","publisher":{"@id":"https:\/\/jeaken.com\/fr\/#organization"},"potentialAction":[{"@type":"SearchAction","target":{"@type":"EntryPoint","urlTemplate":"https:\/\/jeaken.com\/fr\/?s={search_term_string}"},"query-input":"required name=search_term_string"}],"inLanguage":"fr-FR"},{"@type":"Organization","@id":"https:\/\/jeaken.com\/fr\/#organization","name":"JeaKen","url":"https:\/\/jeaken.com\/fr\/","logo":{"@type":"ImageObject","inLanguage":"fr-FR","@id":"https:\/\/jeaken.com\/fr\/#\/schema\/logo\/image\/","url":"https:\/\/jeaken.com\/wp-content\/uploads\/2022\/06\/jeaken-logo-23.png","contentUrl":"https:\/\/jeaken.com\/wp-content\/uploads\/2022\/06\/jeaken-logo-23.png","width":2486,"height":736,"caption":"JeaKen"},"image":{"@id":"https:\/\/jeaken.com\/fr\/#\/schema\/logo\/image\/"}}]}},"jetpack_sharing_enabled":true,"_links":{"self":[{"href":"https:\/\/jeaken.com\/fr\/wp-json\/wp\/v2\/product\/6848","targetHints":{"allow":["GET"]}}],"collection":[{"href":"https:\/\/jeaken.com\/fr\/wp-json\/wp\/v2\/product"}],"about":[{"href":"https:\/\/jeaken.com\/fr\/wp-json\/wp\/v2\/types\/product"}],"wp:featuredmedia":[{"embeddable":true,"href":"https:\/\/jeaken.com\/fr\/wp-json\/wp\/v2\/media\/15870"}],"wp:attachment":[{"href":"https:\/\/jeaken.com\/fr\/wp-json\/wp\/v2\/media?parent=6848"}],"wp:term":[{"taxonomy":"product_cat","embeddable":true,"href":"https:\/\/jeaken.com\/fr\/wp-json\/wp\/v2\/product_cat?post=6848"},{"taxonomy":"product_tag","embeddable":true,"href":"https:\/\/jeaken.com\/fr\/wp-json\/wp\/v2\/product_tag?post=6848"}],"curies":[{"name":"wp","href":"https:\/\/api.w.org\/{rel}","templated":true}]}}