{"id":6843,"date":"2022-07-21T19:18:22","date_gmt":"2022-07-21T18:18:22","guid":{"rendered":"https:\/1658920591610?product=d-mannose-en-poudre-en-gelules-enrichi-en-extrait-de-canneberge"},"modified":"2022-09-08T16:00:55","modified_gmt":"2022-09-08T15:00:55","slug":"d-mannose-poudre-en-capsules-renforcee-avec-lextrait-de-canneberge-2","status":"publish","type":"product","link":"https:\/\/jeaken.com\/fr\/produit\/d-mannose-poudre-en-capsules-renforcee-avec-lextrait-de-canneberge-2\/","title":{"rendered":"D-Mannose en poudre en g\u00e9lules &#8211; enrichi en extrait de canneberge"},"content":{"rendered":"<p><strong><span class=\"a-list-item a-size-base\">SUCRE PR\u00c9SENT \u00c0 L&#8217;\u00c9TAT NATUREL<\/span><\/strong><\/p>\n<p><span class=\"a-list-item a-size-base\">  Le D-Mannose est un sucre naturel pr\u00e9sent dans certains fruits et plantes. Il permet d&#8217;\u00e9viter que des substances \u00e9trang\u00e8res ind\u00e9sirables n&#8217;adh\u00e8rent \u00e0 la paroi de la vessie.<\/span><\/p>\n<p>&nbsp;<\/p>\n<p><strong><span class=\"a-list-item\"><span class=\"a-list-item\">PR\u00c9VIENT LES INFECTIONS DES VOIES URINAIRES  <\/span><\/span><\/strong><\/p>\n<p><span class=\"a-list-item\"><span class=\"a-list-item\">Notre combinaison gagnante favorise la sant\u00e9 des voies urinaires et vous aide \u00e0 \u00e9viter ou \u00e0 r\u00e9duire naturellement les infections urinaires ou v\u00e9sicales ind\u00e9sirables. Le D-Mannose n&#8217;est pas m\u00e9tabolis\u00e9 ni utilis\u00e9 par l&#8217;organisme comme source d&#8217;\u00e9nergie. Au contraire, il s&#8217;attache aux bact\u00e9ries responsables des infections, les \u00e9vacuant de l&#8217;organisme et contribuant \u00e0 \u00e9liminer et \u00e0 pr\u00e9venir les infections des voies urinaires. Avec une simple prise quotidienne de seulement deux capsules faciles \u00e0 avaler, vous pouvez<\/span><\/span><span class=\"a-list-item\">  r\u00e9duire et \u00e9liminer les bact\u00e9ries dans les voies urinaires.<\/span><\/p>\n<p>&nbsp;<\/p>\n<p><strong><span class=\"a-list-item\"><span class=\"a-list-item\">DOUBLE PUISSANCE  <\/span><\/span><\/strong><\/p>\n<p><span class=\"a-list-item\"><span class=\"a-list-item\">  Notre D-Mannose pur (\u00e9galement connu sous le nom de sucre simple) est renforc\u00e9 par un extrait de canneberge (Vaccinium Macrocarpon). Tous deux sont des compl\u00e9ments alimentaires populaires et efficaces, notamment pour le traitement de la cystite.<\/span><\/span><\/p>\n<p>&nbsp;<\/p>\n<p><strong><span class=\"a-list-item\"><span class=\"a-list-item\">SANS ALLERG\u00c8NES  <\/span><\/span><\/strong><\/p>\n<p><span class=\"a-list-item\"><span class=\"a-list-item\">  Nos g\u00e9lules de D-Mannose tr\u00e8s puissantes constituent une source fiable de D-Mannose et conviennent aux v\u00e9g\u00e9tariens et aux v\u00e9g\u00e9taliens. nos Capsules sont exemptes d&#8217;allerg\u00e8nes, notamment : lait, lactose, gluten, OGM, bl\u00e9, \u0153ufs, crustac\u00e9s, poissons, noix, graines et moutarde.<\/span><\/span><\/p>\n<p>&nbsp;<\/p>\n<p>&nbsp;<\/p>\n","protected":false},"excerpt":{"rendered":"<h4 id=\"title\" class=\"a-size-large a-spacing-none\"><span id=\"productTitle\" class=\"a-size-large product-title-word-break\">Traitement naturel et s\u00fbr de l&#8217;infection urinaire et soulagement de la cystite<\/span><\/h4>\n","protected":false},"featured_media":15175,"template":"","meta":{"site-sidebar-layout":"default","site-content-layout":"default","ast-site-content-layout":"default","site-content-style":"default","site-sidebar-style":"default","ast-global-header-display":"","ast-banner-title-visibility":"","ast-main-header-display":"","ast-hfb-above-header-display":"","ast-hfb-below-header-display":"","ast-hfb-mobile-header-display":"","site-post-title":"","ast-breadcrumbs-content":"","ast-featured-img":"","footer-sml-layout":"","theme-transparent-header-meta":"default","adv-header-id-meta":"","stick-header-meta":"default","header-above-stick-meta":"","header-main-stick-meta":"","header-below-stick-meta":"","astra-migrate-meta-layouts":"default","ast-page-background-enabled":"default","ast-page-background-meta":{"desktop":{"background-color":"","background-image":"","background-repeat":"repeat","background-position":"center center","background-size":"auto","background-attachment":"scroll","background-type":"","background-media":"","overlay-type":"","overlay-color":"","overlay-opacity":"","overlay-gradient":""},"tablet":{"background-color":"","background-image":"","background-repeat":"repeat","background-position":"center center","background-size":"auto","background-attachment":"scroll","background-type":"","background-media":"","overlay-type":"","overlay-color":"","overlay-opacity":"","overlay-gradient":""},"mobile":{"background-color":"","background-image":"","background-repeat":"repeat","background-position":"center center","background-size":"auto","background-attachment":"scroll","background-type":"","background-media":"","overlay-type":"","overlay-color":"","overlay-opacity":"","overlay-gradient":""}},"ast-content-background-meta":{"desktop":{"background-color":"var(--ast-global-color-5)","background-image":"","background-repeat":"repeat","background-position":"center center","background-size":"auto","background-attachment":"scroll","background-type":"","background-media":"","overlay-type":"","overlay-color":"","overlay-opacity":"","overlay-gradient":""},"tablet":{"background-color":"var(--ast-global-color-5)","background-image":"","background-repeat":"repeat","background-position":"center center","background-size":"auto","background-attachment":"scroll","background-type":"","background-media":"","overlay-type":"","overlay-color":"","overlay-opacity":"","overlay-gradient":""},"mobile":{"background-color":"var(--ast-global-color-5)","background-image":"","background-repeat":"repeat","background-position":"center center","background-size":"auto","background-attachment":"scroll","background-type":"","background-media":"","overlay-type":"","overlay-color":"","overlay-opacity":"","overlay-gradient":""}}},"product_cat":[692,779],"product_tag":[],"class_list":{"0":"post-6843","1":"product","2":"type-product","3":"status-publish","4":"has-post-thumbnail","6":"product_cat-sante-digestive","7":"product_cat-uti-fr","8":"has-subscription-plans","9":"desktop-align-left","10":"tablet-align-left","11":"mobile-align-left","13":"first","14":"instock","15":"taxable","16":"shipping-taxable","17":"purchasable","18":"product-type-simple"},"yoast_head":"<!-- This site is optimized with the Yoast SEO plugin v22.7 - https:\/\/yoast.com\/wordpress\/plugins\/seo\/ -->\n<title>D-Mannose en poudre en g\u00e9lules - enrichi en extrait de canneberge - JeaKen<\/title>\n<meta name=\"robots\" content=\"index, follow, max-snippet:-1, max-image-preview:large, max-video-preview:-1\" \/>\n<link rel=\"canonical\" href=\"https:\/\/jeaken.com\/fr\/produit\/d-mannose-poudre-en-capsules-renforcee-avec-lextrait-de-canneberge-2\/\" \/>\n<meta property=\"og:locale\" content=\"fr_FR\" \/>\n<meta property=\"og:type\" content=\"article\" \/>\n<meta property=\"og:title\" content=\"D-Mannose en poudre en g\u00e9lules - enrichi en extrait de canneberge - JeaKen\" \/>\n<meta property=\"og:description\" content=\"Traitement naturel et s\u00fbr de l&#039;infection urinaire et soulagement de la cystite\" \/>\n<meta property=\"og:url\" content=\"https:\/\/jeaken.com\/fr\/produit\/d-mannose-poudre-en-capsules-renforcee-avec-lextrait-de-canneberge-2\/\" \/>\n<meta property=\"og:site_name\" content=\"JeaKen\" \/>\n<meta property=\"article:modified_time\" content=\"2022-09-08T15:00:55+00:00\" \/>\n<meta property=\"og:image\" content=\"https:\/\/jeaken.com\/wp-content\/uploads\/2022\/07\/Front-11.jpg\" \/>\n\t<meta property=\"og:image:width\" content=\"635\" \/>\n\t<meta property=\"og:image:height\" content=\"744\" \/>\n\t<meta property=\"og:image:type\" content=\"image\/jpeg\" \/>\n<meta name=\"twitter:card\" content=\"summary_large_image\" \/>\n<meta name=\"twitter:label1\" content=\"Est. reading time\" \/>\n\t<meta name=\"twitter:data1\" content=\"1 minute\" \/>\n<script type=\"application\/ld+json\" class=\"yoast-schema-graph\">{\"@context\":\"https:\/\/schema.org\",\"@graph\":[{\"@type\":\"WebPage\",\"@id\":\"https:\/\/jeaken.com\/fr\/produit\/d-mannose-poudre-en-capsules-renforcee-avec-lextrait-de-canneberge-2\/\",\"url\":\"https:\/\/jeaken.com\/fr\/produit\/d-mannose-poudre-en-capsules-renforcee-avec-lextrait-de-canneberge-2\/\",\"name\":\"D-Mannose en poudre en g\u00e9lules - enrichi en extrait de canneberge - JeaKen\",\"isPartOf\":{\"@id\":\"https:\/\/jeaken.com\/fr\/#website\"},\"primaryImageOfPage\":{\"@id\":\"https:\/\/jeaken.com\/fr\/produit\/d-mannose-poudre-en-capsules-renforcee-avec-lextrait-de-canneberge-2\/#primaryimage\"},\"image\":{\"@id\":\"https:\/\/jeaken.com\/fr\/produit\/d-mannose-poudre-en-capsules-renforcee-avec-lextrait-de-canneberge-2\/#primaryimage\"},\"thumbnailUrl\":\"https:\/\/jeaken.com\/wp-content\/uploads\/2022\/07\/Front-11.jpg\",\"datePublished\":\"2022-07-21T18:18:22+00:00\",\"dateModified\":\"2022-09-08T15:00:55+00:00\",\"breadcrumb\":{\"@id\":\"https:\/\/jeaken.com\/fr\/produit\/d-mannose-poudre-en-capsules-renforcee-avec-lextrait-de-canneberge-2\/#breadcrumb\"},\"inLanguage\":\"fr-FR\",\"potentialAction\":[{\"@type\":\"ReadAction\",\"target\":[\"https:\/\/jeaken.com\/fr\/produit\/d-mannose-poudre-en-capsules-renforcee-avec-lextrait-de-canneberge-2\/\"]}]},{\"@type\":\"ImageObject\",\"inLanguage\":\"fr-FR\",\"@id\":\"https:\/\/jeaken.com\/fr\/produit\/d-mannose-poudre-en-capsules-renforcee-avec-lextrait-de-canneberge-2\/#primaryimage\",\"url\":\"https:\/\/jeaken.com\/wp-content\/uploads\/2022\/07\/Front-11.jpg\",\"contentUrl\":\"https:\/\/jeaken.com\/wp-content\/uploads\/2022\/07\/Front-11.jpg\",\"width\":635,\"height\":744,\"caption\":\"D-Mannose Powder\"},{\"@type\":\"BreadcrumbList\",\"@id\":\"https:\/\/jeaken.com\/fr\/produit\/d-mannose-poudre-en-capsules-renforcee-avec-lextrait-de-canneberge-2\/#breadcrumb\",\"itemListElement\":[{\"@type\":\"ListItem\",\"position\":1,\"name\":\"Home\",\"item\":\"https:\/\/jeaken.com\/fr\/\"},{\"@type\":\"ListItem\",\"position\":2,\"name\":\"Private: Shop\",\"item\":\"https:\/\/jeaken.com\/shop\/\"},{\"@type\":\"ListItem\",\"position\":3,\"name\":\"D-Mannose en poudre en g\u00e9lules &#8211; enrichi en extrait de canneberge\"}]},{\"@type\":\"WebSite\",\"@id\":\"https:\/\/jeaken.com\/fr\/#website\",\"url\":\"https:\/\/jeaken.com\/fr\/\",\"name\":\"JeaKen\",\"description\":\"Organic Supplements for Health, Fitness and Nutrition\",\"publisher\":{\"@id\":\"https:\/\/jeaken.com\/fr\/#organization\"},\"potentialAction\":[{\"@type\":\"SearchAction\",\"target\":{\"@type\":\"EntryPoint\",\"urlTemplate\":\"https:\/\/jeaken.com\/fr\/?s={search_term_string}\"},\"query-input\":\"required name=search_term_string\"}],\"inLanguage\":\"fr-FR\"},{\"@type\":\"Organization\",\"@id\":\"https:\/\/jeaken.com\/fr\/#organization\",\"name\":\"JeaKen\",\"url\":\"https:\/\/jeaken.com\/fr\/\",\"logo\":{\"@type\":\"ImageObject\",\"inLanguage\":\"fr-FR\",\"@id\":\"https:\/\/jeaken.com\/fr\/#\/schema\/logo\/image\/\",\"url\":\"https:\/\/jeaken.com\/wp-content\/uploads\/2022\/06\/jeaken-logo-23.png\",\"contentUrl\":\"https:\/\/jeaken.com\/wp-content\/uploads\/2022\/06\/jeaken-logo-23.png\",\"width\":2486,\"height\":736,\"caption\":\"JeaKen\"},\"image\":{\"@id\":\"https:\/\/jeaken.com\/fr\/#\/schema\/logo\/image\/\"}}]}<\/script>\n<!-- \/ Yoast SEO plugin. -->","yoast_head_json":{"title":"D-Mannose en poudre en g\u00e9lules - enrichi en extrait de canneberge - JeaKen","robots":{"index":"index","follow":"follow","max-snippet":"max-snippet:-1","max-image-preview":"max-image-preview:large","max-video-preview":"max-video-preview:-1"},"canonical":"https:\/\/jeaken.com\/fr\/produit\/d-mannose-poudre-en-capsules-renforcee-avec-lextrait-de-canneberge-2\/","og_locale":"fr_FR","og_type":"article","og_title":"D-Mannose en poudre en g\u00e9lules - enrichi en extrait de canneberge - JeaKen","og_description":"Traitement naturel et s\u00fbr de l'infection urinaire et soulagement de la cystite","og_url":"https:\/\/jeaken.com\/fr\/produit\/d-mannose-poudre-en-capsules-renforcee-avec-lextrait-de-canneberge-2\/","og_site_name":"JeaKen","article_modified_time":"2022-09-08T15:00:55+00:00","og_image":[{"width":635,"height":744,"url":"https:\/\/jeaken.com\/wp-content\/uploads\/2022\/07\/Front-11.jpg","type":"image\/jpeg"}],"twitter_card":"summary_large_image","twitter_misc":{"Est. reading time":"1 minute"},"schema":{"@context":"https:\/\/schema.org","@graph":[{"@type":"WebPage","@id":"https:\/\/jeaken.com\/fr\/produit\/d-mannose-poudre-en-capsules-renforcee-avec-lextrait-de-canneberge-2\/","url":"https:\/\/jeaken.com\/fr\/produit\/d-mannose-poudre-en-capsules-renforcee-avec-lextrait-de-canneberge-2\/","name":"D-Mannose en poudre en g\u00e9lules - enrichi en extrait de canneberge - JeaKen","isPartOf":{"@id":"https:\/\/jeaken.com\/fr\/#website"},"primaryImageOfPage":{"@id":"https:\/\/jeaken.com\/fr\/produit\/d-mannose-poudre-en-capsules-renforcee-avec-lextrait-de-canneberge-2\/#primaryimage"},"image":{"@id":"https:\/\/jeaken.com\/fr\/produit\/d-mannose-poudre-en-capsules-renforcee-avec-lextrait-de-canneberge-2\/#primaryimage"},"thumbnailUrl":"https:\/\/jeaken.com\/wp-content\/uploads\/2022\/07\/Front-11.jpg","datePublished":"2022-07-21T18:18:22+00:00","dateModified":"2022-09-08T15:00:55+00:00","breadcrumb":{"@id":"https:\/\/jeaken.com\/fr\/produit\/d-mannose-poudre-en-capsules-renforcee-avec-lextrait-de-canneberge-2\/#breadcrumb"},"inLanguage":"fr-FR","potentialAction":[{"@type":"ReadAction","target":["https:\/\/jeaken.com\/fr\/produit\/d-mannose-poudre-en-capsules-renforcee-avec-lextrait-de-canneberge-2\/"]}]},{"@type":"ImageObject","inLanguage":"fr-FR","@id":"https:\/\/jeaken.com\/fr\/produit\/d-mannose-poudre-en-capsules-renforcee-avec-lextrait-de-canneberge-2\/#primaryimage","url":"https:\/\/jeaken.com\/wp-content\/uploads\/2022\/07\/Front-11.jpg","contentUrl":"https:\/\/jeaken.com\/wp-content\/uploads\/2022\/07\/Front-11.jpg","width":635,"height":744,"caption":"D-Mannose Powder"},{"@type":"BreadcrumbList","@id":"https:\/\/jeaken.com\/fr\/produit\/d-mannose-poudre-en-capsules-renforcee-avec-lextrait-de-canneberge-2\/#breadcrumb","itemListElement":[{"@type":"ListItem","position":1,"name":"Home","item":"https:\/\/jeaken.com\/fr\/"},{"@type":"ListItem","position":2,"name":"Private: Shop","item":"https:\/\/jeaken.com\/shop\/"},{"@type":"ListItem","position":3,"name":"D-Mannose en poudre en g\u00e9lules &#8211; enrichi en extrait de canneberge"}]},{"@type":"WebSite","@id":"https:\/\/jeaken.com\/fr\/#website","url":"https:\/\/jeaken.com\/fr\/","name":"JeaKen","description":"Organic Supplements for Health, Fitness and Nutrition","publisher":{"@id":"https:\/\/jeaken.com\/fr\/#organization"},"potentialAction":[{"@type":"SearchAction","target":{"@type":"EntryPoint","urlTemplate":"https:\/\/jeaken.com\/fr\/?s={search_term_string}"},"query-input":"required name=search_term_string"}],"inLanguage":"fr-FR"},{"@type":"Organization","@id":"https:\/\/jeaken.com\/fr\/#organization","name":"JeaKen","url":"https:\/\/jeaken.com\/fr\/","logo":{"@type":"ImageObject","inLanguage":"fr-FR","@id":"https:\/\/jeaken.com\/fr\/#\/schema\/logo\/image\/","url":"https:\/\/jeaken.com\/wp-content\/uploads\/2022\/06\/jeaken-logo-23.png","contentUrl":"https:\/\/jeaken.com\/wp-content\/uploads\/2022\/06\/jeaken-logo-23.png","width":2486,"height":736,"caption":"JeaKen"},"image":{"@id":"https:\/\/jeaken.com\/fr\/#\/schema\/logo\/image\/"}}]}},"jetpack_sharing_enabled":true,"_links":{"self":[{"href":"https:\/\/jeaken.com\/fr\/wp-json\/wp\/v2\/product\/6843","targetHints":{"allow":["GET"]}}],"collection":[{"href":"https:\/\/jeaken.com\/fr\/wp-json\/wp\/v2\/product"}],"about":[{"href":"https:\/\/jeaken.com\/fr\/wp-json\/wp\/v2\/types\/product"}],"wp:featuredmedia":[{"embeddable":true,"href":"https:\/\/jeaken.com\/fr\/wp-json\/wp\/v2\/media\/15175"}],"wp:attachment":[{"href":"https:\/\/jeaken.com\/fr\/wp-json\/wp\/v2\/media?parent=6843"}],"wp:term":[{"taxonomy":"product_cat","embeddable":true,"href":"https:\/\/jeaken.com\/fr\/wp-json\/wp\/v2\/product_cat?post=6843"},{"taxonomy":"product_tag","embeddable":true,"href":"https:\/\/jeaken.com\/fr\/wp-json\/wp\/v2\/product_tag?post=6843"}],"curies":[{"name":"wp","href":"https:\/\/api.w.org\/{rel}","templated":true}]}}