{"id":6838,"date":"2022-07-21T19:18:17","date_gmt":"2022-07-21T18:18:17","guid":{"rendered":"https:\/1658920591610?product=full-spectrum-chaga-mushroom-powder-extract-41-90-vegan-capsules"},"modified":"2022-08-09T15:13:54","modified_gmt":"2022-08-09T14:13:54","slug":"full-spectrum-chaga-mushroom-powder-extract-41-90-vegan-capsules","status":"publish","type":"product","link":"https:\/\/jeaken.com\/fr\/produit\/full-spectrum-chaga-mushroom-powder-extract-41-90-vegan-capsules\/","title":{"rendered":"Full Spectrum Chaga Mushroom Powder Extract 4:1 (90 Vegan Capsules)"},"content":{"rendered":"<p><strong>DE MULTIPLES AVANTAGES POUR LA SANT\u00c9  <\/strong><\/p>\n<p>Nos g\u00e9lules de champignon chaga sans gluten, sans produits laitiers et sans soja offrent un certain nombre de bienfaits pour la sant\u00e9. Depuis des si\u00e8cles, le Chaga est utilis\u00e9 traditionnellement pour aider le fonctionnement du syst\u00e8me immunitaire et aussi pour renforcer la sant\u00e9 g\u00e9n\u00e9rale. Notre extrait de qualit\u00e9 sup\u00e9rieure regorge de pouvoir antioxydant, aidant le corps \u00e0 combattre les radicaux libres qui attaquent les cellules.<\/p>\n<p><strong>BOOSTER D&#8217;\u00c9NERGIE NATUREL  <\/strong><\/p>\n<p>Les champignons chaga sont surcharg\u00e9s d&#8217;antioxydants. Cet adaptog\u00e8ne \u00e9nergisant renforce naturellement l&#8217;\u00e9nergie, l&#8217;endurance et aide \u00e0 ralentir le processus de vieillissement. Il est \u00e9galement largement admis que<br \/>\nLes champignons chaga contiennent des propri\u00e9t\u00e9s anticanc\u00e9reuses.<\/p>\n<p><strong>SOUTIENT UN SYST\u00c8ME IMMUNITAIRE SAIN<\/strong><\/p>\n<p>Le champignon Chaga contribue \u00e0 r\u00e9duire l&#8217;inflammation et ses propri\u00e9t\u00e9s antioxydantes et de soutien immunitaire aident \u00e0 r\u00e9duire le stress oxydatif de l&#8217;organisme. Ce puissant compl\u00e9ment est un excellent tonique et d\u00e9toxifiant pour la sant\u00e9, avec des compos\u00e9s importants pour stimuler la fonction du syst\u00e8me immunitaire et une pression sanguine saine.<\/p>\n<p><strong>RAPIDE ET PRATIQUE  <\/strong><\/p>\n<p>L&#8217;utilisation de ces capsules ne peut \u00eatre plus simple ! Il suffit de les ajouter directement dans votre caf\u00e9 ou de les utiliser pour pr\u00e9parer une tisane saine, un smoothie ou un shake post-entra\u00eenement.<\/p>\n","protected":false},"excerpt":{"rendered":"<h4><b>Suppl\u00e9ment traditionnel stimulant la sant\u00e9 pour une \u00e9nergie accrue et un syst\u00e8me immunitaire sain.<\/b><\/h4>\n","protected":false},"featured_media":15926,"template":"","meta":{"site-sidebar-layout":"default","site-content-layout":"default","ast-site-content-layout":"default","site-content-style":"default","site-sidebar-style":"default","ast-global-header-display":"","ast-banner-title-visibility":"","ast-main-header-display":"","ast-hfb-above-header-display":"","ast-hfb-below-header-display":"","ast-hfb-mobile-header-display":"","site-post-title":"","ast-breadcrumbs-content":"","ast-featured-img":"","footer-sml-layout":"","theme-transparent-header-meta":"default","adv-header-id-meta":"","stick-header-meta":"default","header-above-stick-meta":"","header-main-stick-meta":"","header-below-stick-meta":"","astra-migrate-meta-layouts":"default","ast-page-background-enabled":"default","ast-page-background-meta":{"desktop":{"background-color":"","background-image":"","background-repeat":"repeat","background-position":"center center","background-size":"auto","background-attachment":"scroll","background-type":"","background-media":"","overlay-type":"","overlay-color":"","overlay-opacity":"","overlay-gradient":""},"tablet":{"background-color":"","background-image":"","background-repeat":"repeat","background-position":"center center","background-size":"auto","background-attachment":"scroll","background-type":"","background-media":"","overlay-type":"","overlay-color":"","overlay-opacity":"","overlay-gradient":""},"mobile":{"background-color":"","background-image":"","background-repeat":"repeat","background-position":"center center","background-size":"auto","background-attachment":"scroll","background-type":"","background-media":"","overlay-type":"","overlay-color":"","overlay-opacity":"","overlay-gradient":""}},"ast-content-background-meta":{"desktop":{"background-color":"var(--ast-global-color-5)","background-image":"","background-repeat":"repeat","background-position":"center center","background-size":"auto","background-attachment":"scroll","background-type":"","background-media":"","overlay-type":"","overlay-color":"","overlay-opacity":"","overlay-gradient":""},"tablet":{"background-color":"var(--ast-global-color-5)","background-image":"","background-repeat":"repeat","background-position":"center center","background-size":"auto","background-attachment":"scroll","background-type":"","background-media":"","overlay-type":"","overlay-color":"","overlay-opacity":"","overlay-gradient":""},"mobile":{"background-color":"var(--ast-global-color-5)","background-image":"","background-repeat":"repeat","background-position":"center center","background-size":"auto","background-attachment":"scroll","background-type":"","background-media":"","overlay-type":"","overlay-color":"","overlay-opacity":"","overlay-gradient":""}}},"product_cat":[621],"product_tag":[769,778,789,786,800,791,775,781,771,770,773,798,788,796,793,783],"class_list":{"0":"post-6838","1":"product","2":"type-product","3":"status-publish","4":"has-post-thumbnail","6":"product_cat-sante-immunitaire","7":"product_tag-champignon-chaga","8":"product_tag-champignons-chaga","9":"product_tag-de-la-poudre-de-la-gousse-de-vanille-en-poudre","10":"product_tag-feuilles-de-curry","11":"product_tag-gousse-de-vanille-en-poudre","12":"product_tag-herbes-indigo","13":"product_tag-poudre-de-cardamome","14":"product_tag-poudre-de-chaga","15":"product_tag-poudre-de-champignon","16":"product_tag-poudre-de-champignon-chaga","17":"product_tag-poudre-de-myrtille","18":"product_tag-poudre-de-vanille-pure","19":"product_tag-quatre-sigmatiques","20":"product_tag-safran-persan","21":"product_tag-the-aux-champignons","22":"product_tag-the-chaga","23":"has-subscription-plans","24":"desktop-align-left","25":"tablet-align-left","26":"mobile-align-left","28":"first","29":"instock","30":"sale","31":"taxable","32":"shipping-taxable","33":"purchasable","34":"product-type-simple"},"yoast_head":"<!-- This site is optimized with the Yoast SEO plugin v22.7 - https:\/\/yoast.com\/wordpress\/plugins\/seo\/ -->\n<title>Full Spectrum Chaga Mushroom Powder Extract 4:1 (90 Vegan Capsules) - JeaKen<\/title>\n<meta name=\"robots\" content=\"index, follow, max-snippet:-1, max-image-preview:large, max-video-preview:-1\" \/>\n<link rel=\"canonical\" href=\"https:\/\/jeaken.com\/fr\/produit\/full-spectrum-chaga-mushroom-powder-extract-41-90-vegan-capsules\/\" \/>\n<meta property=\"og:locale\" content=\"fr_FR\" \/>\n<meta property=\"og:type\" content=\"article\" \/>\n<meta property=\"og:title\" content=\"Full Spectrum Chaga Mushroom Powder Extract 4:1 (90 Vegan Capsules) - JeaKen\" \/>\n<meta property=\"og:description\" content=\"Suppl\u00e9ment traditionnel stimulant la sant\u00e9 pour une \u00e9nergie accrue et un syst\u00e8me immunitaire sain.\" \/>\n<meta property=\"og:url\" content=\"https:\/\/jeaken.com\/fr\/produit\/full-spectrum-chaga-mushroom-powder-extract-41-90-vegan-capsules\/\" \/>\n<meta property=\"og:site_name\" content=\"JeaKen\" \/>\n<meta property=\"article:modified_time\" content=\"2022-08-09T14:13:54+00:00\" \/>\n<meta property=\"og:image\" content=\"https:\/\/jeaken.com\/wp-content\/uploads\/2022\/07\/Chaga.jpg\" \/>\n\t<meta property=\"og:image:width\" content=\"512\" \/>\n\t<meta property=\"og:image:height\" content=\"600\" \/>\n\t<meta property=\"og:image:type\" content=\"image\/jpeg\" \/>\n<meta name=\"twitter:card\" content=\"summary_large_image\" \/>\n<meta name=\"twitter:label1\" content=\"Est. reading time\" \/>\n\t<meta name=\"twitter:data1\" content=\"1 minute\" \/>\n<script type=\"application\/ld+json\" class=\"yoast-schema-graph\">{\"@context\":\"https:\/\/schema.org\",\"@graph\":[{\"@type\":\"WebPage\",\"@id\":\"https:\/\/jeaken.com\/fr\/produit\/full-spectrum-chaga-mushroom-powder-extract-41-90-vegan-capsules\/\",\"url\":\"https:\/\/jeaken.com\/fr\/produit\/full-spectrum-chaga-mushroom-powder-extract-41-90-vegan-capsules\/\",\"name\":\"Full Spectrum Chaga Mushroom Powder Extract 4:1 (90 Vegan Capsules) - JeaKen\",\"isPartOf\":{\"@id\":\"https:\/\/jeaken.com\/fr\/#website\"},\"primaryImageOfPage\":{\"@id\":\"https:\/\/jeaken.com\/fr\/produit\/full-spectrum-chaga-mushroom-powder-extract-41-90-vegan-capsules\/#primaryimage\"},\"image\":{\"@id\":\"https:\/\/jeaken.com\/fr\/produit\/full-spectrum-chaga-mushroom-powder-extract-41-90-vegan-capsules\/#primaryimage\"},\"thumbnailUrl\":\"https:\/\/jeaken.com\/wp-content\/uploads\/2022\/07\/Chaga.jpg\",\"datePublished\":\"2022-07-21T18:18:17+00:00\",\"dateModified\":\"2022-08-09T14:13:54+00:00\",\"breadcrumb\":{\"@id\":\"https:\/\/jeaken.com\/fr\/produit\/full-spectrum-chaga-mushroom-powder-extract-41-90-vegan-capsules\/#breadcrumb\"},\"inLanguage\":\"fr-FR\",\"potentialAction\":[{\"@type\":\"ReadAction\",\"target\":[\"https:\/\/jeaken.com\/fr\/produit\/full-spectrum-chaga-mushroom-powder-extract-41-90-vegan-capsules\/\"]}]},{\"@type\":\"ImageObject\",\"inLanguage\":\"fr-FR\",\"@id\":\"https:\/\/jeaken.com\/fr\/produit\/full-spectrum-chaga-mushroom-powder-extract-41-90-vegan-capsules\/#primaryimage\",\"url\":\"https:\/\/jeaken.com\/wp-content\/uploads\/2022\/07\/Chaga.jpg\",\"contentUrl\":\"https:\/\/jeaken.com\/wp-content\/uploads\/2022\/07\/Chaga.jpg\",\"width\":512,\"height\":600,\"caption\":\"Full Spectrum Chaga Mushroom Powder Extract 4:1\"},{\"@type\":\"BreadcrumbList\",\"@id\":\"https:\/\/jeaken.com\/fr\/produit\/full-spectrum-chaga-mushroom-powder-extract-41-90-vegan-capsules\/#breadcrumb\",\"itemListElement\":[{\"@type\":\"ListItem\",\"position\":1,\"name\":\"Home\",\"item\":\"https:\/\/jeaken.com\/fr\/\"},{\"@type\":\"ListItem\",\"position\":2,\"name\":\"Private: Shop\",\"item\":\"https:\/\/jeaken.com\/shop\/\"},{\"@type\":\"ListItem\",\"position\":3,\"name\":\"Full Spectrum Chaga Mushroom Powder Extract 4:1 (90 Vegan Capsules)\"}]},{\"@type\":\"WebSite\",\"@id\":\"https:\/\/jeaken.com\/fr\/#website\",\"url\":\"https:\/\/jeaken.com\/fr\/\",\"name\":\"JeaKen\",\"description\":\"Organic Supplements for Health, Fitness and Nutrition\",\"publisher\":{\"@id\":\"https:\/\/jeaken.com\/fr\/#organization\"},\"potentialAction\":[{\"@type\":\"SearchAction\",\"target\":{\"@type\":\"EntryPoint\",\"urlTemplate\":\"https:\/\/jeaken.com\/fr\/?s={search_term_string}\"},\"query-input\":\"required name=search_term_string\"}],\"inLanguage\":\"fr-FR\"},{\"@type\":\"Organization\",\"@id\":\"https:\/\/jeaken.com\/fr\/#organization\",\"name\":\"JeaKen\",\"url\":\"https:\/\/jeaken.com\/fr\/\",\"logo\":{\"@type\":\"ImageObject\",\"inLanguage\":\"fr-FR\",\"@id\":\"https:\/\/jeaken.com\/fr\/#\/schema\/logo\/image\/\",\"url\":\"https:\/\/jeaken.com\/wp-content\/uploads\/2022\/06\/jeaken-logo-23.png\",\"contentUrl\":\"https:\/\/jeaken.com\/wp-content\/uploads\/2022\/06\/jeaken-logo-23.png\",\"width\":2486,\"height\":736,\"caption\":\"JeaKen\"},\"image\":{\"@id\":\"https:\/\/jeaken.com\/fr\/#\/schema\/logo\/image\/\"}}]}<\/script>\n<!-- \/ Yoast SEO plugin. -->","yoast_head_json":{"title":"Full Spectrum Chaga Mushroom Powder Extract 4:1 (90 Vegan Capsules) - JeaKen","robots":{"index":"index","follow":"follow","max-snippet":"max-snippet:-1","max-image-preview":"max-image-preview:large","max-video-preview":"max-video-preview:-1"},"canonical":"https:\/\/jeaken.com\/fr\/produit\/full-spectrum-chaga-mushroom-powder-extract-41-90-vegan-capsules\/","og_locale":"fr_FR","og_type":"article","og_title":"Full Spectrum Chaga Mushroom Powder Extract 4:1 (90 Vegan Capsules) - JeaKen","og_description":"Suppl\u00e9ment traditionnel stimulant la sant\u00e9 pour une \u00e9nergie accrue et un syst\u00e8me immunitaire sain.","og_url":"https:\/\/jeaken.com\/fr\/produit\/full-spectrum-chaga-mushroom-powder-extract-41-90-vegan-capsules\/","og_site_name":"JeaKen","article_modified_time":"2022-08-09T14:13:54+00:00","og_image":[{"width":512,"height":600,"url":"https:\/\/jeaken.com\/wp-content\/uploads\/2022\/07\/Chaga.jpg","type":"image\/jpeg"}],"twitter_card":"summary_large_image","twitter_misc":{"Est. reading time":"1 minute"},"schema":{"@context":"https:\/\/schema.org","@graph":[{"@type":"WebPage","@id":"https:\/\/jeaken.com\/fr\/produit\/full-spectrum-chaga-mushroom-powder-extract-41-90-vegan-capsules\/","url":"https:\/\/jeaken.com\/fr\/produit\/full-spectrum-chaga-mushroom-powder-extract-41-90-vegan-capsules\/","name":"Full Spectrum Chaga Mushroom Powder Extract 4:1 (90 Vegan Capsules) - JeaKen","isPartOf":{"@id":"https:\/\/jeaken.com\/fr\/#website"},"primaryImageOfPage":{"@id":"https:\/\/jeaken.com\/fr\/produit\/full-spectrum-chaga-mushroom-powder-extract-41-90-vegan-capsules\/#primaryimage"},"image":{"@id":"https:\/\/jeaken.com\/fr\/produit\/full-spectrum-chaga-mushroom-powder-extract-41-90-vegan-capsules\/#primaryimage"},"thumbnailUrl":"https:\/\/jeaken.com\/wp-content\/uploads\/2022\/07\/Chaga.jpg","datePublished":"2022-07-21T18:18:17+00:00","dateModified":"2022-08-09T14:13:54+00:00","breadcrumb":{"@id":"https:\/\/jeaken.com\/fr\/produit\/full-spectrum-chaga-mushroom-powder-extract-41-90-vegan-capsules\/#breadcrumb"},"inLanguage":"fr-FR","potentialAction":[{"@type":"ReadAction","target":["https:\/\/jeaken.com\/fr\/produit\/full-spectrum-chaga-mushroom-powder-extract-41-90-vegan-capsules\/"]}]},{"@type":"ImageObject","inLanguage":"fr-FR","@id":"https:\/\/jeaken.com\/fr\/produit\/full-spectrum-chaga-mushroom-powder-extract-41-90-vegan-capsules\/#primaryimage","url":"https:\/\/jeaken.com\/wp-content\/uploads\/2022\/07\/Chaga.jpg","contentUrl":"https:\/\/jeaken.com\/wp-content\/uploads\/2022\/07\/Chaga.jpg","width":512,"height":600,"caption":"Full Spectrum Chaga Mushroom Powder Extract 4:1"},{"@type":"BreadcrumbList","@id":"https:\/\/jeaken.com\/fr\/produit\/full-spectrum-chaga-mushroom-powder-extract-41-90-vegan-capsules\/#breadcrumb","itemListElement":[{"@type":"ListItem","position":1,"name":"Home","item":"https:\/\/jeaken.com\/fr\/"},{"@type":"ListItem","position":2,"name":"Private: Shop","item":"https:\/\/jeaken.com\/shop\/"},{"@type":"ListItem","position":3,"name":"Full Spectrum Chaga Mushroom Powder Extract 4:1 (90 Vegan Capsules)"}]},{"@type":"WebSite","@id":"https:\/\/jeaken.com\/fr\/#website","url":"https:\/\/jeaken.com\/fr\/","name":"JeaKen","description":"Organic Supplements for Health, Fitness and Nutrition","publisher":{"@id":"https:\/\/jeaken.com\/fr\/#organization"},"potentialAction":[{"@type":"SearchAction","target":{"@type":"EntryPoint","urlTemplate":"https:\/\/jeaken.com\/fr\/?s={search_term_string}"},"query-input":"required name=search_term_string"}],"inLanguage":"fr-FR"},{"@type":"Organization","@id":"https:\/\/jeaken.com\/fr\/#organization","name":"JeaKen","url":"https:\/\/jeaken.com\/fr\/","logo":{"@type":"ImageObject","inLanguage":"fr-FR","@id":"https:\/\/jeaken.com\/fr\/#\/schema\/logo\/image\/","url":"https:\/\/jeaken.com\/wp-content\/uploads\/2022\/06\/jeaken-logo-23.png","contentUrl":"https:\/\/jeaken.com\/wp-content\/uploads\/2022\/06\/jeaken-logo-23.png","width":2486,"height":736,"caption":"JeaKen"},"image":{"@id":"https:\/\/jeaken.com\/fr\/#\/schema\/logo\/image\/"}}]}},"jetpack_sharing_enabled":true,"_links":{"self":[{"href":"https:\/\/jeaken.com\/fr\/wp-json\/wp\/v2\/product\/6838","targetHints":{"allow":["GET"]}}],"collection":[{"href":"https:\/\/jeaken.com\/fr\/wp-json\/wp\/v2\/product"}],"about":[{"href":"https:\/\/jeaken.com\/fr\/wp-json\/wp\/v2\/types\/product"}],"wp:featuredmedia":[{"embeddable":true,"href":"https:\/\/jeaken.com\/fr\/wp-json\/wp\/v2\/media\/15926"}],"wp:attachment":[{"href":"https:\/\/jeaken.com\/fr\/wp-json\/wp\/v2\/media?parent=6838"}],"wp:term":[{"taxonomy":"product_cat","embeddable":true,"href":"https:\/\/jeaken.com\/fr\/wp-json\/wp\/v2\/product_cat?post=6838"},{"taxonomy":"product_tag","embeddable":true,"href":"https:\/\/jeaken.com\/fr\/wp-json\/wp\/v2\/product_tag?post=6838"}],"curies":[{"name":"wp","href":"https:\/\/api.w.org\/{rel}","templated":true}]}}