{"id":6824,"date":"2022-07-21T19:18:22","date_gmt":"2022-07-21T18:18:22","guid":{"rendered":"https:\/1658920591610?product=vitamine-b12-high-strength-1000mcg-b12-methylcobalamin-120-capsules"},"modified":"2022-08-09T15:13:47","modified_gmt":"2022-08-09T14:13:47","slug":"vitamine-b12-high-strength-1000mcg-b12-methylcobalamin-120-capsules","status":"publish","type":"product","link":"https:\/\/jeaken.com\/fr\/produit\/vitamine-b12-high-strength-1000mcg-b12-methylcobalamin-120-capsules\/","title":{"rendered":"Vitamine B12 High Strength &#8211; 1000mcg B12 Methylcobalamin (120 capsules)"},"content":{"rendered":"<p><span class=\"a-list-item\"><strong>BIODISPONIBILIT\u00c9 ET PUISSANCE \u00c9LEV\u00c9ES<\/strong> <\/span><\/p>\n<p><span class=\"a-list-item\">Nos capsules de vitamine B12 n&#8217;utilisent que des ingr\u00e9dients de la plus haute qualit\u00e9 pour une meilleure biodisponibilit\u00e9. Chaque comprim\u00e9 contient 1000mcg de m\u00e9thylcobalamine pure (une forme sup\u00e9rieure de vitamine B12 qui offre des taux d&#8217;absorption efficaces et \u00e9lev\u00e9s par l&#8217;organisme). Nos comprim\u00e9s ont \u00e9t\u00e9 sp\u00e9cialement formul\u00e9s pour offrir une lib\u00e9ration programm\u00e9e de la vitamine B12 afin de combattre la fatigue et l&#8217;\u00e9puisement et de vous assurer que vous vous sentez plein d&#8217;\u00e9nergie pour toute la journ\u00e9e.<\/span><\/p>\n<p><strong>FAVORISE LA FORMATION DE GLOBULES ROUGES<\/strong><\/p>\n<p>Nos g\u00e9lules sont con\u00e7ues pour favoriser la formation de globules rouges qui facilitent l&#8217;apport d&#8217;oxyg\u00e8ne vital dans le corps.<\/p>\n<p><strong>FAVORISE UN SYST\u00c8ME IMMUNITAIRE ET NERVEUX SAIN  <\/strong><\/p>\n<p>Nous utilisons la <span class=\"a-list-item\">vitamine B12 <\/span> de la plus haute qualit\u00e9 <span class=\"a-list-item\">, qui favorise un syst\u00e8me immunitaire et nerveux fort. <\/span> <\/p>\n<p><strong><span class=\"a-list-item\">CONVIENT AUX HOMMES ET AUX FEMMES  <\/span><\/strong><\/p>\n<p><span class=\"a-list-item\">Nos capsules de vitamine B12 peuvent \u00eatre prises par les hommes et les femmes.<\/span><\/p>\n<p><strong><span style=\"font-size: 16px;\">ADAPT\u00c9 AUX V\u00c9G\u00c9TARIENS ET AUX V\u00c9G\u00c9TALIENS  <\/span><\/strong><\/p>\n<p><span style=\"font-size: 16px;\">Nos capsules conviennent aux v\u00e9g\u00e9tariens et aux v\u00e9g\u00e9taliens et sont exemptes d&#8217;ingr\u00e9dients OGM et d&#8217;allerg\u00e8nes tels que le gluten, le lactose, le soja, les noix et les traces de noix.<\/span><\/p>\n<p><strong><span class=\"a-list-item\">FORMUL\u00c9 PAR DES PROFESSIONNELS  <\/span><\/strong><\/p>\n<p><span class=\"a-list-item\">Nos comprim\u00e9s de compl\u00e9ment B12 \u00e0 haute concentration ont \u00e9t\u00e9 formul\u00e9s par des professionnels de la sant\u00e9 et produits selon des normes de contr\u00f4le de qualit\u00e9 \u00e9lev\u00e9es, conform\u00e9ment aux directives des BPF.<\/span><\/p>\n","protected":false},"excerpt":{"rendered":"<h4><strong><span id=\"productTitle\" class=\"a-size-large product-title-word-break\">Chaque g\u00e9lule tr\u00e8s forte contient <\/span><span class=\"a-size-large product-title-word-break\">1000mcg de B12 M\u00e9thylcobalamine pour combattre la fatigue et la lassitude, favoriser la formation des globules rouges et encourager un syst\u00e8me immunitaire et nerveux sain.<\/span><\/strong><\/h4>\n<p>&nbsp;<\/p>\n","protected":false},"featured_media":2773,"template":"","meta":{"site-sidebar-layout":"default","site-content-layout":"default","ast-site-content-layout":"default","site-content-style":"default","site-sidebar-style":"default","ast-global-header-display":"","ast-banner-title-visibility":"","ast-main-header-display":"","ast-hfb-above-header-display":"","ast-hfb-below-header-display":"","ast-hfb-mobile-header-display":"","site-post-title":"","ast-breadcrumbs-content":"","ast-featured-img":"","footer-sml-layout":"","theme-transparent-header-meta":"default","adv-header-id-meta":"","stick-header-meta":"default","header-above-stick-meta":"","header-main-stick-meta":"","header-below-stick-meta":"","astra-migrate-meta-layouts":"default","ast-page-background-enabled":"default","ast-page-background-meta":{"desktop":{"background-color":"","background-image":"","background-repeat":"repeat","background-position":"center center","background-size":"auto","background-attachment":"scroll","background-type":"","background-media":"","overlay-type":"","overlay-color":"","overlay-opacity":"","overlay-gradient":""},"tablet":{"background-color":"","background-image":"","background-repeat":"repeat","background-position":"center center","background-size":"auto","background-attachment":"scroll","background-type":"","background-media":"","overlay-type":"","overlay-color":"","overlay-opacity":"","overlay-gradient":""},"mobile":{"background-color":"","background-image":"","background-repeat":"repeat","background-position":"center center","background-size":"auto","background-attachment":"scroll","background-type":"","background-media":"","overlay-type":"","overlay-color":"","overlay-opacity":"","overlay-gradient":""}},"ast-content-background-meta":{"desktop":{"background-color":"var(--ast-global-color-5)","background-image":"","background-repeat":"repeat","background-position":"center center","background-size":"auto","background-attachment":"scroll","background-type":"","background-media":"","overlay-type":"","overlay-color":"","overlay-opacity":"","overlay-gradient":""},"tablet":{"background-color":"var(--ast-global-color-5)","background-image":"","background-repeat":"repeat","background-position":"center center","background-size":"auto","background-attachment":"scroll","background-type":"","background-media":"","overlay-type":"","overlay-color":"","overlay-opacity":"","overlay-gradient":""},"mobile":{"background-color":"var(--ast-global-color-5)","background-image":"","background-repeat":"repeat","background-position":"center center","background-size":"auto","background-attachment":"scroll","background-type":"","background-media":"","overlay-type":"","overlay-color":"","overlay-opacity":"","overlay-gradient":""}}},"product_cat":[520,604],"product_tag":[],"class_list":{"0":"post-6824","1":"product","2":"type-product","3":"status-publish","4":"has-post-thumbnail","6":"product_cat-fatigue-fr","7":"product_cat-vitamines-et-mineraux","8":"has-subscription-plans","9":"desktop-align-left","10":"tablet-align-left","11":"mobile-align-left","13":"first","14":"instock","15":"taxable","16":"shipping-taxable","17":"purchasable","18":"product-type-simple"},"yoast_head":"<!-- This site is optimized with the Yoast SEO plugin v22.7 - https:\/\/yoast.com\/wordpress\/plugins\/seo\/ -->\n<title>Vitamine B12 High Strength - 1000mcg B12 Methylcobalamin (120 capsules) - JeaKen<\/title>\n<meta name=\"robots\" content=\"index, follow, max-snippet:-1, max-image-preview:large, max-video-preview:-1\" \/>\n<link rel=\"canonical\" href=\"https:\/\/jeaken.com\/fr\/produit\/vitamine-b12-high-strength-1000mcg-b12-methylcobalamin-120-capsules\/\" \/>\n<meta property=\"og:locale\" content=\"fr_FR\" \/>\n<meta property=\"og:type\" content=\"article\" \/>\n<meta property=\"og:title\" content=\"Vitamine B12 High Strength - 1000mcg B12 Methylcobalamin (120 capsules) - JeaKen\" \/>\n<meta property=\"og:description\" content=\"Chaque g\u00e9lule tr\u00e8s forte contient 1000mcg de B12 M\u00e9thylcobalamine pour combattre la fatigue et la lassitude, favoriser la formation des globules rouges et encourager un syst\u00e8me immunitaire et nerveux sain. &nbsp;\" \/>\n<meta property=\"og:url\" content=\"https:\/\/jeaken.com\/fr\/produit\/vitamine-b12-high-strength-1000mcg-b12-methylcobalamin-120-capsules\/\" \/>\n<meta property=\"og:site_name\" content=\"JeaKen\" \/>\n<meta property=\"article:modified_time\" content=\"2022-08-09T14:13:47+00:00\" \/>\n<meta property=\"og:image\" content=\"https:\/\/jeaken.com\/wp-content\/uploads\/2022\/07\/81UZrfAZwML._AC_SL1500_-1-1.jpg\" \/>\n\t<meta property=\"og:image:width\" content=\"600\" \/>\n\t<meta property=\"og:image:height\" content=\"600\" \/>\n\t<meta property=\"og:image:type\" content=\"image\/jpeg\" \/>\n<meta name=\"twitter:card\" content=\"summary_large_image\" \/>\n<meta name=\"twitter:label1\" content=\"Est. reading time\" \/>\n\t<meta name=\"twitter:data1\" content=\"1 minute\" \/>\n<script type=\"application\/ld+json\" class=\"yoast-schema-graph\">{\"@context\":\"https:\/\/schema.org\",\"@graph\":[{\"@type\":\"WebPage\",\"@id\":\"https:\/\/jeaken.com\/fr\/produit\/vitamine-b12-high-strength-1000mcg-b12-methylcobalamin-120-capsules\/\",\"url\":\"https:\/\/jeaken.com\/fr\/produit\/vitamine-b12-high-strength-1000mcg-b12-methylcobalamin-120-capsules\/\",\"name\":\"Vitamine B12 High Strength - 1000mcg B12 Methylcobalamin (120 capsules) - JeaKen\",\"isPartOf\":{\"@id\":\"https:\/\/jeaken.com\/fr\/#website\"},\"primaryImageOfPage\":{\"@id\":\"https:\/\/jeaken.com\/fr\/produit\/vitamine-b12-high-strength-1000mcg-b12-methylcobalamin-120-capsules\/#primaryimage\"},\"image\":{\"@id\":\"https:\/\/jeaken.com\/fr\/produit\/vitamine-b12-high-strength-1000mcg-b12-methylcobalamin-120-capsules\/#primaryimage\"},\"thumbnailUrl\":\"https:\/\/jeaken.com\/wp-content\/uploads\/2022\/07\/81UZrfAZwML._AC_SL1500_-1-1.jpg\",\"datePublished\":\"2022-07-21T18:18:22+00:00\",\"dateModified\":\"2022-08-09T14:13:47+00:00\",\"breadcrumb\":{\"@id\":\"https:\/\/jeaken.com\/fr\/produit\/vitamine-b12-high-strength-1000mcg-b12-methylcobalamin-120-capsules\/#breadcrumb\"},\"inLanguage\":\"fr-FR\",\"potentialAction\":[{\"@type\":\"ReadAction\",\"target\":[\"https:\/\/jeaken.com\/fr\/produit\/vitamine-b12-high-strength-1000mcg-b12-methylcobalamin-120-capsules\/\"]}]},{\"@type\":\"ImageObject\",\"inLanguage\":\"fr-FR\",\"@id\":\"https:\/\/jeaken.com\/fr\/produit\/vitamine-b12-high-strength-1000mcg-b12-methylcobalamin-120-capsules\/#primaryimage\",\"url\":\"https:\/\/jeaken.com\/wp-content\/uploads\/2022\/07\/81UZrfAZwML._AC_SL1500_-1-1.jpg\",\"contentUrl\":\"https:\/\/jeaken.com\/wp-content\/uploads\/2022\/07\/81UZrfAZwML._AC_SL1500_-1-1.jpg\",\"width\":600,\"height\":600,\"caption\":\"Vitamin B12 High Strength - 1000mcg B12 Methylcobalamin\"},{\"@type\":\"BreadcrumbList\",\"@id\":\"https:\/\/jeaken.com\/fr\/produit\/vitamine-b12-high-strength-1000mcg-b12-methylcobalamin-120-capsules\/#breadcrumb\",\"itemListElement\":[{\"@type\":\"ListItem\",\"position\":1,\"name\":\"Home\",\"item\":\"https:\/\/jeaken.com\/fr\/\"},{\"@type\":\"ListItem\",\"position\":2,\"name\":\"Private: Shop\",\"item\":\"https:\/\/jeaken.com\/shop\/\"},{\"@type\":\"ListItem\",\"position\":3,\"name\":\"Vitamine B12 High Strength &#8211; 1000mcg B12 Methylcobalamin (120 capsules)\"}]},{\"@type\":\"WebSite\",\"@id\":\"https:\/\/jeaken.com\/fr\/#website\",\"url\":\"https:\/\/jeaken.com\/fr\/\",\"name\":\"JeaKen\",\"description\":\"Organic Supplements for Health, Fitness and Nutrition\",\"publisher\":{\"@id\":\"https:\/\/jeaken.com\/fr\/#organization\"},\"potentialAction\":[{\"@type\":\"SearchAction\",\"target\":{\"@type\":\"EntryPoint\",\"urlTemplate\":\"https:\/\/jeaken.com\/fr\/?s={search_term_string}\"},\"query-input\":\"required name=search_term_string\"}],\"inLanguage\":\"fr-FR\"},{\"@type\":\"Organization\",\"@id\":\"https:\/\/jeaken.com\/fr\/#organization\",\"name\":\"JeaKen\",\"url\":\"https:\/\/jeaken.com\/fr\/\",\"logo\":{\"@type\":\"ImageObject\",\"inLanguage\":\"fr-FR\",\"@id\":\"https:\/\/jeaken.com\/fr\/#\/schema\/logo\/image\/\",\"url\":\"https:\/\/jeaken.com\/wp-content\/uploads\/2022\/06\/jeaken-logo-23.png\",\"contentUrl\":\"https:\/\/jeaken.com\/wp-content\/uploads\/2022\/06\/jeaken-logo-23.png\",\"width\":2486,\"height\":736,\"caption\":\"JeaKen\"},\"image\":{\"@id\":\"https:\/\/jeaken.com\/fr\/#\/schema\/logo\/image\/\"}}]}<\/script>\n<!-- \/ Yoast SEO plugin. -->","yoast_head_json":{"title":"Vitamine B12 High Strength - 1000mcg B12 Methylcobalamin (120 capsules) - JeaKen","robots":{"index":"index","follow":"follow","max-snippet":"max-snippet:-1","max-image-preview":"max-image-preview:large","max-video-preview":"max-video-preview:-1"},"canonical":"https:\/\/jeaken.com\/fr\/produit\/vitamine-b12-high-strength-1000mcg-b12-methylcobalamin-120-capsules\/","og_locale":"fr_FR","og_type":"article","og_title":"Vitamine B12 High Strength - 1000mcg B12 Methylcobalamin (120 capsules) - JeaKen","og_description":"Chaque g\u00e9lule tr\u00e8s forte contient 1000mcg de B12 M\u00e9thylcobalamine pour combattre la fatigue et la lassitude, favoriser la formation des globules rouges et encourager un syst\u00e8me immunitaire et nerveux sain. &nbsp;","og_url":"https:\/\/jeaken.com\/fr\/produit\/vitamine-b12-high-strength-1000mcg-b12-methylcobalamin-120-capsules\/","og_site_name":"JeaKen","article_modified_time":"2022-08-09T14:13:47+00:00","og_image":[{"width":600,"height":600,"url":"https:\/\/jeaken.com\/wp-content\/uploads\/2022\/07\/81UZrfAZwML._AC_SL1500_-1-1.jpg","type":"image\/jpeg"}],"twitter_card":"summary_large_image","twitter_misc":{"Est. reading time":"1 minute"},"schema":{"@context":"https:\/\/schema.org","@graph":[{"@type":"WebPage","@id":"https:\/\/jeaken.com\/fr\/produit\/vitamine-b12-high-strength-1000mcg-b12-methylcobalamin-120-capsules\/","url":"https:\/\/jeaken.com\/fr\/produit\/vitamine-b12-high-strength-1000mcg-b12-methylcobalamin-120-capsules\/","name":"Vitamine B12 High Strength - 1000mcg B12 Methylcobalamin (120 capsules) - JeaKen","isPartOf":{"@id":"https:\/\/jeaken.com\/fr\/#website"},"primaryImageOfPage":{"@id":"https:\/\/jeaken.com\/fr\/produit\/vitamine-b12-high-strength-1000mcg-b12-methylcobalamin-120-capsules\/#primaryimage"},"image":{"@id":"https:\/\/jeaken.com\/fr\/produit\/vitamine-b12-high-strength-1000mcg-b12-methylcobalamin-120-capsules\/#primaryimage"},"thumbnailUrl":"https:\/\/jeaken.com\/wp-content\/uploads\/2022\/07\/81UZrfAZwML._AC_SL1500_-1-1.jpg","datePublished":"2022-07-21T18:18:22+00:00","dateModified":"2022-08-09T14:13:47+00:00","breadcrumb":{"@id":"https:\/\/jeaken.com\/fr\/produit\/vitamine-b12-high-strength-1000mcg-b12-methylcobalamin-120-capsules\/#breadcrumb"},"inLanguage":"fr-FR","potentialAction":[{"@type":"ReadAction","target":["https:\/\/jeaken.com\/fr\/produit\/vitamine-b12-high-strength-1000mcg-b12-methylcobalamin-120-capsules\/"]}]},{"@type":"ImageObject","inLanguage":"fr-FR","@id":"https:\/\/jeaken.com\/fr\/produit\/vitamine-b12-high-strength-1000mcg-b12-methylcobalamin-120-capsules\/#primaryimage","url":"https:\/\/jeaken.com\/wp-content\/uploads\/2022\/07\/81UZrfAZwML._AC_SL1500_-1-1.jpg","contentUrl":"https:\/\/jeaken.com\/wp-content\/uploads\/2022\/07\/81UZrfAZwML._AC_SL1500_-1-1.jpg","width":600,"height":600,"caption":"Vitamin B12 High Strength - 1000mcg B12 Methylcobalamin"},{"@type":"BreadcrumbList","@id":"https:\/\/jeaken.com\/fr\/produit\/vitamine-b12-high-strength-1000mcg-b12-methylcobalamin-120-capsules\/#breadcrumb","itemListElement":[{"@type":"ListItem","position":1,"name":"Home","item":"https:\/\/jeaken.com\/fr\/"},{"@type":"ListItem","position":2,"name":"Private: Shop","item":"https:\/\/jeaken.com\/shop\/"},{"@type":"ListItem","position":3,"name":"Vitamine B12 High Strength &#8211; 1000mcg B12 Methylcobalamin (120 capsules)"}]},{"@type":"WebSite","@id":"https:\/\/jeaken.com\/fr\/#website","url":"https:\/\/jeaken.com\/fr\/","name":"JeaKen","description":"Organic Supplements for Health, Fitness and Nutrition","publisher":{"@id":"https:\/\/jeaken.com\/fr\/#organization"},"potentialAction":[{"@type":"SearchAction","target":{"@type":"EntryPoint","urlTemplate":"https:\/\/jeaken.com\/fr\/?s={search_term_string}"},"query-input":"required name=search_term_string"}],"inLanguage":"fr-FR"},{"@type":"Organization","@id":"https:\/\/jeaken.com\/fr\/#organization","name":"JeaKen","url":"https:\/\/jeaken.com\/fr\/","logo":{"@type":"ImageObject","inLanguage":"fr-FR","@id":"https:\/\/jeaken.com\/fr\/#\/schema\/logo\/image\/","url":"https:\/\/jeaken.com\/wp-content\/uploads\/2022\/06\/jeaken-logo-23.png","contentUrl":"https:\/\/jeaken.com\/wp-content\/uploads\/2022\/06\/jeaken-logo-23.png","width":2486,"height":736,"caption":"JeaKen"},"image":{"@id":"https:\/\/jeaken.com\/fr\/#\/schema\/logo\/image\/"}}]}},"jetpack_sharing_enabled":true,"_links":{"self":[{"href":"https:\/\/jeaken.com\/fr\/wp-json\/wp\/v2\/product\/6824","targetHints":{"allow":["GET"]}}],"collection":[{"href":"https:\/\/jeaken.com\/fr\/wp-json\/wp\/v2\/product"}],"about":[{"href":"https:\/\/jeaken.com\/fr\/wp-json\/wp\/v2\/types\/product"}],"wp:featuredmedia":[{"embeddable":true,"href":"https:\/\/jeaken.com\/fr\/wp-json\/wp\/v2\/media\/2773"}],"wp:attachment":[{"href":"https:\/\/jeaken.com\/fr\/wp-json\/wp\/v2\/media?parent=6824"}],"wp:term":[{"taxonomy":"product_cat","embeddable":true,"href":"https:\/\/jeaken.com\/fr\/wp-json\/wp\/v2\/product_cat?post=6824"},{"taxonomy":"product_tag","embeddable":true,"href":"https:\/\/jeaken.com\/fr\/wp-json\/wp\/v2\/product_tag?post=6824"}],"curies":[{"name":"wp","href":"https:\/\/api.w.org\/{rel}","templated":true}]}}