{"id":6821,"date":"2022-07-21T19:18:21","date_gmt":"2022-07-21T18:18:21","guid":{"rendered":"https:\/1658920591610?product=acide-linoleique-conjugue-en-gelules-pour-augmenter-la-masse-musculaire-et-perdre-de-la-graisse-90-gelules"},"modified":"2022-08-09T15:13:45","modified_gmt":"2022-08-09T14:13:45","slug":"acide-linoleique-conjugue-en-gelules-pour-augmenter-la-masse-musculaire-et-perdre-de-la-graisse-90-gelules","status":"publish","type":"product","link":"https:\/\/jeaken.com\/fr\/produit\/acide-linoleique-conjugue-en-gelules-pour-augmenter-la-masse-musculaire-et-perdre-de-la-graisse-90-gelules\/","title":{"rendered":"Acide linol\u00e9ique conjugu\u00e9 en g\u00e9lules pour augmenter la masse musculaire et perdre de la graisse (90 g\u00e9lules)"},"content":{"rendered":"<p><strong><span class=\"a-list-item\">R\u00c9DUIT LA GRAISSE CORPORELLE ET D\u00c9VELOPPE LES MUSCLES MAIGRES  <\/span><\/strong><\/p>\n<p><span class=\"a-list-item\">  L&#8217;acide linol\u00e9ique conjugu\u00e9 (ALC) est un acide gras om\u00e9ga-6 pr\u00e9sent naturellement dans l&#8217;organisme et que l&#8217;on trouve dans la viande et les produits laitiers. Il a \u00e9t\u00e9 prouv\u00e9 qu&#8217;il r\u00e9duit la graisse corporelle tout en augmentant la masse musculaire.  <\/span><\/p>\n<p><strong><span class=\"a-list-item\">AUGMENTE L&#8217;\u00c9NERGIE  <\/span><\/strong><\/p>\n<p><span class=\"a-list-item\">L&#8217;ALC contribue \u00e0 augmenter votre taux m\u00e9tabolique afin que vous puissiez b\u00e9n\u00e9ficier d&#8217;un niveau d&#8217;\u00e9nergie accru du matin au soir. Notre puissant compl\u00e9ment CLA peut vous aider \u00e0 vous entra\u00eener plus longtemps avec moins d&#8217;\u00e9puisement et un temps de r\u00e9cup\u00e9ration plus rapide.<\/span><\/p>\n<p><strong><span class=\"a-list-item\">RENFORCE L&#8217;IMMUNIT\u00c9<\/span><\/strong><\/p>\n<p><span class=\"a-list-item\">L&#8217;ALC stimule le syst\u00e8me immunitaire et aide \u00e0 renforcer la r\u00e9sistance aux infections, aux probl\u00e8mes inflammatoires et \u00e0 d&#8217;autres d\u00e9s\u00e9quilibres du syst\u00e8me immunitaire tels que les probl\u00e8mes auto-immuns et les allergies.<\/span><\/p>\n<p><strong><span class=\"a-list-item\">IMPORTANT POUR LES V\u00c9G\u00c9TALIENS ET LES V\u00c9G\u00c9TARIENS  <\/span><\/strong><\/p>\n<p><span class=\"a-list-item\">L&#8217;ALC ne peut pas \u00eatre cr\u00e9\u00e9 dans le corps humain mais se trouve dans les produits animaux et laitiers. Nos capsules d&#8217;ALC offrent une alternative saine aux v\u00e9g\u00e9tariens ou \u00e0 ceux qui veulent \u00e9viter de manger de la viande.<\/span><\/p>\n<p>&nbsp;<\/p>\n","protected":false},"excerpt":{"rendered":"<h4>Un moyen efficace de se muscler, de r\u00e9duire les graisses et de renforcer l&#8217;immunit\u00e9.<\/h4>\n","protected":false},"featured_media":4665,"template":"","meta":{"site-sidebar-layout":"default","site-content-layout":"default","ast-site-content-layout":"default","site-content-style":"default","site-sidebar-style":"default","ast-global-header-display":"","ast-banner-title-visibility":"","ast-main-header-display":"","ast-hfb-above-header-display":"","ast-hfb-below-header-display":"","ast-hfb-mobile-header-display":"","site-post-title":"","ast-breadcrumbs-content":"","ast-featured-img":"","footer-sml-layout":"","theme-transparent-header-meta":"default","adv-header-id-meta":"","stick-header-meta":"default","header-above-stick-meta":"","header-main-stick-meta":"","header-below-stick-meta":"","astra-migrate-meta-layouts":"default","ast-page-background-enabled":"default","ast-page-background-meta":{"desktop":{"background-color":"","background-image":"","background-repeat":"repeat","background-position":"center center","background-size":"auto","background-attachment":"scroll","background-type":"","background-media":"","overlay-type":"","overlay-color":"","overlay-opacity":"","overlay-gradient":""},"tablet":{"background-color":"","background-image":"","background-repeat":"repeat","background-position":"center center","background-size":"auto","background-attachment":"scroll","background-type":"","background-media":"","overlay-type":"","overlay-color":"","overlay-opacity":"","overlay-gradient":""},"mobile":{"background-color":"","background-image":"","background-repeat":"repeat","background-position":"center center","background-size":"auto","background-attachment":"scroll","background-type":"","background-media":"","overlay-type":"","overlay-color":"","overlay-opacity":"","overlay-gradient":""}},"ast-content-background-meta":{"desktop":{"background-color":"var(--ast-global-color-5)","background-image":"","background-repeat":"repeat","background-position":"center center","background-size":"auto","background-attachment":"scroll","background-type":"","background-media":"","overlay-type":"","overlay-color":"","overlay-opacity":"","overlay-gradient":""},"tablet":{"background-color":"var(--ast-global-color-5)","background-image":"","background-repeat":"repeat","background-position":"center center","background-size":"auto","background-attachment":"scroll","background-type":"","background-media":"","overlay-type":"","overlay-color":"","overlay-opacity":"","overlay-gradient":""},"mobile":{"background-color":"var(--ast-global-color-5)","background-image":"","background-repeat":"repeat","background-position":"center center","background-size":"auto","background-attachment":"scroll","background-type":"","background-media":"","overlay-type":"","overlay-color":"","overlay-opacity":"","overlay-gradient":""}}},"product_cat":[519,702,701,514],"product_tag":[1145],"class_list":{"0":"post-6821","1":"product","2":"type-product","3":"status-publish","4":"has-post-thumbnail","6":"product_cat-nutrition-sportive","7":"product_cat-perte-de-poids","8":"product_cat-sante-des-os-et-des-articulations","9":"product_cat-sante-du-coeur-et-du-cerveau","10":"product_tag-perte-de-graisse","11":"has-subscription-plans","12":"desktop-align-left","13":"tablet-align-left","14":"mobile-align-left","16":"first","17":"instock","18":"taxable","19":"shipping-taxable","20":"purchasable","21":"product-type-simple"},"yoast_head":"<!-- This site is optimized with the Yoast SEO plugin v22.7 - https:\/\/yoast.com\/wordpress\/plugins\/seo\/ -->\n<title>Acide linol\u00e9ique conjugu\u00e9 en g\u00e9lules pour augmenter la masse musculaire et perdre de la graisse (90 g\u00e9lules) - JeaKen<\/title>\n<meta name=\"robots\" content=\"index, follow, max-snippet:-1, max-image-preview:large, max-video-preview:-1\" \/>\n<link rel=\"canonical\" href=\"https:\/\/jeaken.com\/fr\/produit\/acide-linoleique-conjugue-en-gelules-pour-augmenter-la-masse-musculaire-et-perdre-de-la-graisse-90-gelules\/\" \/>\n<meta property=\"og:locale\" content=\"fr_FR\" \/>\n<meta property=\"og:type\" content=\"article\" \/>\n<meta property=\"og:title\" content=\"Acide linol\u00e9ique conjugu\u00e9 en g\u00e9lules pour augmenter la masse musculaire et perdre de la graisse (90 g\u00e9lules) - JeaKen\" \/>\n<meta property=\"og:description\" content=\"Un moyen efficace de se muscler, de r\u00e9duire les graisses et de renforcer l&#039;immunit\u00e9.\" \/>\n<meta property=\"og:url\" content=\"https:\/\/jeaken.com\/fr\/produit\/acide-linoleique-conjugue-en-gelules-pour-augmenter-la-masse-musculaire-et-perdre-de-la-graisse-90-gelules\/\" \/>\n<meta property=\"og:site_name\" content=\"JeaKen\" \/>\n<meta property=\"article:modified_time\" content=\"2022-08-09T14:13:45+00:00\" \/>\n<meta property=\"og:image\" content=\"https:\/\/jeaken.com\/wp-content\/uploads\/2022\/07\/71Exwa8OxML._AC_SL1500_.jpg\" \/>\n\t<meta property=\"og:image:width\" content=\"600\" \/>\n\t<meta property=\"og:image:height\" content=\"600\" \/>\n\t<meta property=\"og:image:type\" content=\"image\/jpeg\" \/>\n<meta name=\"twitter:card\" content=\"summary_large_image\" \/>\n<meta name=\"twitter:label1\" content=\"Est. reading time\" \/>\n\t<meta name=\"twitter:data1\" content=\"1 minute\" \/>\n<script type=\"application\/ld+json\" class=\"yoast-schema-graph\">{\"@context\":\"https:\/\/schema.org\",\"@graph\":[{\"@type\":\"WebPage\",\"@id\":\"https:\/\/jeaken.com\/fr\/produit\/acide-linoleique-conjugue-en-gelules-pour-augmenter-la-masse-musculaire-et-perdre-de-la-graisse-90-gelules\/\",\"url\":\"https:\/\/jeaken.com\/fr\/produit\/acide-linoleique-conjugue-en-gelules-pour-augmenter-la-masse-musculaire-et-perdre-de-la-graisse-90-gelules\/\",\"name\":\"Acide linol\u00e9ique conjugu\u00e9 en g\u00e9lules pour augmenter la masse musculaire et perdre de la graisse (90 g\u00e9lules) - JeaKen\",\"isPartOf\":{\"@id\":\"https:\/\/jeaken.com\/fr\/#website\"},\"primaryImageOfPage\":{\"@id\":\"https:\/\/jeaken.com\/fr\/produit\/acide-linoleique-conjugue-en-gelules-pour-augmenter-la-masse-musculaire-et-perdre-de-la-graisse-90-gelules\/#primaryimage\"},\"image\":{\"@id\":\"https:\/\/jeaken.com\/fr\/produit\/acide-linoleique-conjugue-en-gelules-pour-augmenter-la-masse-musculaire-et-perdre-de-la-graisse-90-gelules\/#primaryimage\"},\"thumbnailUrl\":\"https:\/\/jeaken.com\/wp-content\/uploads\/2022\/07\/71Exwa8OxML._AC_SL1500_.jpg\",\"datePublished\":\"2022-07-21T18:18:21+00:00\",\"dateModified\":\"2022-08-09T14:13:45+00:00\",\"breadcrumb\":{\"@id\":\"https:\/\/jeaken.com\/fr\/produit\/acide-linoleique-conjugue-en-gelules-pour-augmenter-la-masse-musculaire-et-perdre-de-la-graisse-90-gelules\/#breadcrumb\"},\"inLanguage\":\"fr-FR\",\"potentialAction\":[{\"@type\":\"ReadAction\",\"target\":[\"https:\/\/jeaken.com\/fr\/produit\/acide-linoleique-conjugue-en-gelules-pour-augmenter-la-masse-musculaire-et-perdre-de-la-graisse-90-gelules\/\"]}]},{\"@type\":\"ImageObject\",\"inLanguage\":\"fr-FR\",\"@id\":\"https:\/\/jeaken.com\/fr\/produit\/acide-linoleique-conjugue-en-gelules-pour-augmenter-la-masse-musculaire-et-perdre-de-la-graisse-90-gelules\/#primaryimage\",\"url\":\"https:\/\/jeaken.com\/wp-content\/uploads\/2022\/07\/71Exwa8OxML._AC_SL1500_.jpg\",\"contentUrl\":\"https:\/\/jeaken.com\/wp-content\/uploads\/2022\/07\/71Exwa8OxML._AC_SL1500_.jpg\",\"width\":600,\"height\":600,\"caption\":\"Conjugated Linoleic Acid Softgels for Increased Muscle Mass and Fat Loss\"},{\"@type\":\"BreadcrumbList\",\"@id\":\"https:\/\/jeaken.com\/fr\/produit\/acide-linoleique-conjugue-en-gelules-pour-augmenter-la-masse-musculaire-et-perdre-de-la-graisse-90-gelules\/#breadcrumb\",\"itemListElement\":[{\"@type\":\"ListItem\",\"position\":1,\"name\":\"Home\",\"item\":\"https:\/\/jeaken.com\/fr\/\"},{\"@type\":\"ListItem\",\"position\":2,\"name\":\"Private: Shop\",\"item\":\"https:\/\/jeaken.com\/shop\/\"},{\"@type\":\"ListItem\",\"position\":3,\"name\":\"Acide linol\u00e9ique conjugu\u00e9 en g\u00e9lules pour augmenter la masse musculaire et perdre de la graisse (90 g\u00e9lules)\"}]},{\"@type\":\"WebSite\",\"@id\":\"https:\/\/jeaken.com\/fr\/#website\",\"url\":\"https:\/\/jeaken.com\/fr\/\",\"name\":\"JeaKen\",\"description\":\"Organic Supplements for Health, Fitness and Nutrition\",\"publisher\":{\"@id\":\"https:\/\/jeaken.com\/fr\/#organization\"},\"potentialAction\":[{\"@type\":\"SearchAction\",\"target\":{\"@type\":\"EntryPoint\",\"urlTemplate\":\"https:\/\/jeaken.com\/fr\/?s={search_term_string}\"},\"query-input\":\"required name=search_term_string\"}],\"inLanguage\":\"fr-FR\"},{\"@type\":\"Organization\",\"@id\":\"https:\/\/jeaken.com\/fr\/#organization\",\"name\":\"JeaKen\",\"url\":\"https:\/\/jeaken.com\/fr\/\",\"logo\":{\"@type\":\"ImageObject\",\"inLanguage\":\"fr-FR\",\"@id\":\"https:\/\/jeaken.com\/fr\/#\/schema\/logo\/image\/\",\"url\":\"https:\/\/jeaken.com\/wp-content\/uploads\/2022\/06\/jeaken-logo-23.png\",\"contentUrl\":\"https:\/\/jeaken.com\/wp-content\/uploads\/2022\/06\/jeaken-logo-23.png\",\"width\":2486,\"height\":736,\"caption\":\"JeaKen\"},\"image\":{\"@id\":\"https:\/\/jeaken.com\/fr\/#\/schema\/logo\/image\/\"}}]}<\/script>\n<!-- \/ Yoast SEO plugin. -->","yoast_head_json":{"title":"Acide linol\u00e9ique conjugu\u00e9 en g\u00e9lules pour augmenter la masse musculaire et perdre de la graisse (90 g\u00e9lules) - JeaKen","robots":{"index":"index","follow":"follow","max-snippet":"max-snippet:-1","max-image-preview":"max-image-preview:large","max-video-preview":"max-video-preview:-1"},"canonical":"https:\/\/jeaken.com\/fr\/produit\/acide-linoleique-conjugue-en-gelules-pour-augmenter-la-masse-musculaire-et-perdre-de-la-graisse-90-gelules\/","og_locale":"fr_FR","og_type":"article","og_title":"Acide linol\u00e9ique conjugu\u00e9 en g\u00e9lules pour augmenter la masse musculaire et perdre de la graisse (90 g\u00e9lules) - JeaKen","og_description":"Un moyen efficace de se muscler, de r\u00e9duire les graisses et de renforcer l'immunit\u00e9.","og_url":"https:\/\/jeaken.com\/fr\/produit\/acide-linoleique-conjugue-en-gelules-pour-augmenter-la-masse-musculaire-et-perdre-de-la-graisse-90-gelules\/","og_site_name":"JeaKen","article_modified_time":"2022-08-09T14:13:45+00:00","og_image":[{"width":600,"height":600,"url":"https:\/\/jeaken.com\/wp-content\/uploads\/2022\/07\/71Exwa8OxML._AC_SL1500_.jpg","type":"image\/jpeg"}],"twitter_card":"summary_large_image","twitter_misc":{"Est. reading time":"1 minute"},"schema":{"@context":"https:\/\/schema.org","@graph":[{"@type":"WebPage","@id":"https:\/\/jeaken.com\/fr\/produit\/acide-linoleique-conjugue-en-gelules-pour-augmenter-la-masse-musculaire-et-perdre-de-la-graisse-90-gelules\/","url":"https:\/\/jeaken.com\/fr\/produit\/acide-linoleique-conjugue-en-gelules-pour-augmenter-la-masse-musculaire-et-perdre-de-la-graisse-90-gelules\/","name":"Acide linol\u00e9ique conjugu\u00e9 en g\u00e9lules pour augmenter la masse musculaire et perdre de la graisse (90 g\u00e9lules) - JeaKen","isPartOf":{"@id":"https:\/\/jeaken.com\/fr\/#website"},"primaryImageOfPage":{"@id":"https:\/\/jeaken.com\/fr\/produit\/acide-linoleique-conjugue-en-gelules-pour-augmenter-la-masse-musculaire-et-perdre-de-la-graisse-90-gelules\/#primaryimage"},"image":{"@id":"https:\/\/jeaken.com\/fr\/produit\/acide-linoleique-conjugue-en-gelules-pour-augmenter-la-masse-musculaire-et-perdre-de-la-graisse-90-gelules\/#primaryimage"},"thumbnailUrl":"https:\/\/jeaken.com\/wp-content\/uploads\/2022\/07\/71Exwa8OxML._AC_SL1500_.jpg","datePublished":"2022-07-21T18:18:21+00:00","dateModified":"2022-08-09T14:13:45+00:00","breadcrumb":{"@id":"https:\/\/jeaken.com\/fr\/produit\/acide-linoleique-conjugue-en-gelules-pour-augmenter-la-masse-musculaire-et-perdre-de-la-graisse-90-gelules\/#breadcrumb"},"inLanguage":"fr-FR","potentialAction":[{"@type":"ReadAction","target":["https:\/\/jeaken.com\/fr\/produit\/acide-linoleique-conjugue-en-gelules-pour-augmenter-la-masse-musculaire-et-perdre-de-la-graisse-90-gelules\/"]}]},{"@type":"ImageObject","inLanguage":"fr-FR","@id":"https:\/\/jeaken.com\/fr\/produit\/acide-linoleique-conjugue-en-gelules-pour-augmenter-la-masse-musculaire-et-perdre-de-la-graisse-90-gelules\/#primaryimage","url":"https:\/\/jeaken.com\/wp-content\/uploads\/2022\/07\/71Exwa8OxML._AC_SL1500_.jpg","contentUrl":"https:\/\/jeaken.com\/wp-content\/uploads\/2022\/07\/71Exwa8OxML._AC_SL1500_.jpg","width":600,"height":600,"caption":"Conjugated Linoleic Acid Softgels for Increased Muscle Mass and Fat Loss"},{"@type":"BreadcrumbList","@id":"https:\/\/jeaken.com\/fr\/produit\/acide-linoleique-conjugue-en-gelules-pour-augmenter-la-masse-musculaire-et-perdre-de-la-graisse-90-gelules\/#breadcrumb","itemListElement":[{"@type":"ListItem","position":1,"name":"Home","item":"https:\/\/jeaken.com\/fr\/"},{"@type":"ListItem","position":2,"name":"Private: Shop","item":"https:\/\/jeaken.com\/shop\/"},{"@type":"ListItem","position":3,"name":"Acide linol\u00e9ique conjugu\u00e9 en g\u00e9lules pour augmenter la masse musculaire et perdre de la graisse (90 g\u00e9lules)"}]},{"@type":"WebSite","@id":"https:\/\/jeaken.com\/fr\/#website","url":"https:\/\/jeaken.com\/fr\/","name":"JeaKen","description":"Organic Supplements for Health, Fitness and Nutrition","publisher":{"@id":"https:\/\/jeaken.com\/fr\/#organization"},"potentialAction":[{"@type":"SearchAction","target":{"@type":"EntryPoint","urlTemplate":"https:\/\/jeaken.com\/fr\/?s={search_term_string}"},"query-input":"required name=search_term_string"}],"inLanguage":"fr-FR"},{"@type":"Organization","@id":"https:\/\/jeaken.com\/fr\/#organization","name":"JeaKen","url":"https:\/\/jeaken.com\/fr\/","logo":{"@type":"ImageObject","inLanguage":"fr-FR","@id":"https:\/\/jeaken.com\/fr\/#\/schema\/logo\/image\/","url":"https:\/\/jeaken.com\/wp-content\/uploads\/2022\/06\/jeaken-logo-23.png","contentUrl":"https:\/\/jeaken.com\/wp-content\/uploads\/2022\/06\/jeaken-logo-23.png","width":2486,"height":736,"caption":"JeaKen"},"image":{"@id":"https:\/\/jeaken.com\/fr\/#\/schema\/logo\/image\/"}}]}},"jetpack_sharing_enabled":true,"_links":{"self":[{"href":"https:\/\/jeaken.com\/fr\/wp-json\/wp\/v2\/product\/6821","targetHints":{"allow":["GET"]}}],"collection":[{"href":"https:\/\/jeaken.com\/fr\/wp-json\/wp\/v2\/product"}],"about":[{"href":"https:\/\/jeaken.com\/fr\/wp-json\/wp\/v2\/types\/product"}],"wp:featuredmedia":[{"embeddable":true,"href":"https:\/\/jeaken.com\/fr\/wp-json\/wp\/v2\/media\/4665"}],"wp:attachment":[{"href":"https:\/\/jeaken.com\/fr\/wp-json\/wp\/v2\/media?parent=6821"}],"wp:term":[{"taxonomy":"product_cat","embeddable":true,"href":"https:\/\/jeaken.com\/fr\/wp-json\/wp\/v2\/product_cat?post=6821"},{"taxonomy":"product_tag","embeddable":true,"href":"https:\/\/jeaken.com\/fr\/wp-json\/wp\/v2\/product_tag?post=6821"}],"curies":[{"name":"wp","href":"https:\/\/api.w.org\/{rel}","templated":true}]}}