{"id":6816,"date":"2022-07-21T19:18:22","date_gmt":"2022-07-21T18:18:22","guid":{"rendered":"https:\/1658920591610?product=lotion-anti-cellulite-et-raffermissante-pour-la-peau-saturee-dextraits-de-fruits-naturels-pour-des-resultats-optimaux-50ml"},"modified":"2022-08-09T15:13:45","modified_gmt":"2022-08-09T14:13:45","slug":"lotion-anti-cellulite-et-raffermissante-pour-la-peau-saturee-dextraits-de-fruits-naturels-pour-des-resultats-optimaux-50ml","status":"publish","type":"product","link":"https:\/\/jeaken.com\/fr\/produit\/lotion-anti-cellulite-et-raffermissante-pour-la-peau-saturee-dextraits-de-fruits-naturels-pour-des-resultats-optimaux-50ml\/","title":{"rendered":"Lotion anti-cellulite et raffermissante pour la peau &#8211; satur\u00e9e d&#8217;extraits de fruits naturels pour des r\u00e9sultats optimaux. 50ml"},"content":{"rendered":"<p><strong>AM\u00c9LIORE L&#8217;APPARENCE DE LA PEAU<\/strong><\/p>\n<p><span style=\"font-weight: 400;\">Cette lotion de haute qualit\u00e9 peut rapidement am\u00e9liorer l&#8217;apparence de votre peau dans toutes les zones de votre choix !  <\/span><\/p>\n<p><strong>RAFFERMIT, TONIFIE ET HYDRATE  <\/strong><\/p>\n<p><span style=\"font-weight: 400;\">Notre lotion facile \u00e0 absorber contient des extraits de fruits naturels tels que le melon, la fraise et la papaye qui tonifient, raffermissent et exfolient la peau.<\/span><\/p>\n<p><strong>TRAITEMENT ANTICELLULITE EFFICACE  <\/strong><\/p>\n<p><span style=\"font-weight: 400;\">Cette lotion r\u00e9duit visiblement la cellulite, stimule la combustion plus rapide des graisses sous-cutan\u00e9es, \u00e9limine la cellulite persistante, br\u00fble les cellules graisseuses ind\u00e9sirables et pr\u00e9vient l&#8217;accumulation future de tissus graisseux et la r\u00e9apparition de la cellulite.<\/span><\/p>\n<p><strong>FACILE \u00c0 UTILISER  <\/strong><\/p>\n<p><span style=\"font-weight: 400;\">Ce produit convient aux peaux sensibles et est facile \u00e0 utiliser. Il suffit de masser la peau avec des mouvements circulaires jusqu&#8217;\u00e0 ce que la lotion soit compl\u00e8tement absorb\u00e9e. Appliquez une fois par jour sur tout le corps pendant au moins trois mois.<\/span><\/p>\n<p>&nbsp;<\/p>\n","protected":false},"excerpt":{"rendered":"<h4><span style=\"font-weight: 400;\">Traitement anti-cellulite \u00e0 action rapide qui am\u00e9liore visiblement l&#8217;aspect de la peau.<\/span><\/h4>\n","protected":false},"featured_media":5130,"template":"","meta":{"site-sidebar-layout":"default","site-content-layout":"default","ast-site-content-layout":"default","site-content-style":"default","site-sidebar-style":"default","ast-global-header-display":"","ast-banner-title-visibility":"","ast-main-header-display":"","ast-hfb-above-header-display":"","ast-hfb-below-header-display":"","ast-hfb-mobile-header-display":"","site-post-title":"","ast-breadcrumbs-content":"","ast-featured-img":"","footer-sml-layout":"","theme-transparent-header-meta":"default","adv-header-id-meta":"","stick-header-meta":"default","header-above-stick-meta":"","header-main-stick-meta":"","header-below-stick-meta":"","astra-migrate-meta-layouts":"default","ast-page-background-enabled":"default","ast-page-background-meta":{"desktop":{"background-color":"","background-image":"","background-repeat":"repeat","background-position":"center center","background-size":"auto","background-attachment":"scroll","background-type":"","background-media":"","overlay-type":"","overlay-color":"","overlay-opacity":"","overlay-gradient":""},"tablet":{"background-color":"","background-image":"","background-repeat":"repeat","background-position":"center center","background-size":"auto","background-attachment":"scroll","background-type":"","background-media":"","overlay-type":"","overlay-color":"","overlay-opacity":"","overlay-gradient":""},"mobile":{"background-color":"","background-image":"","background-repeat":"repeat","background-position":"center center","background-size":"auto","background-attachment":"scroll","background-type":"","background-media":"","overlay-type":"","overlay-color":"","overlay-opacity":"","overlay-gradient":""}},"ast-content-background-meta":{"desktop":{"background-color":"var(--ast-global-color-5)","background-image":"","background-repeat":"repeat","background-position":"center center","background-size":"auto","background-attachment":"scroll","background-type":"","background-media":"","overlay-type":"","overlay-color":"","overlay-opacity":"","overlay-gradient":""},"tablet":{"background-color":"var(--ast-global-color-5)","background-image":"","background-repeat":"repeat","background-position":"center center","background-size":"auto","background-attachment":"scroll","background-type":"","background-media":"","overlay-type":"","overlay-color":"","overlay-opacity":"","overlay-gradient":""},"mobile":{"background-color":"var(--ast-global-color-5)","background-image":"","background-repeat":"repeat","background-position":"center center","background-size":"auto","background-attachment":"scroll","background-type":"","background-media":"","overlay-type":"","overlay-color":"","overlay-opacity":"","overlay-gradient":""}}},"product_cat":[556,518,698,558],"product_tag":[],"class_list":{"0":"post-6816","1":"product","2":"type-product","3":"status-publish","4":"has-post-thumbnail","6":"product_cat-beaute-naturelle","7":"product_cat-mineraux","8":"product_cat-nutrition-fr","9":"product_cat-vergetures-et-cellulite","10":"has-subscription-plans","11":"desktop-align-left","12":"tablet-align-left","13":"mobile-align-left","15":"first","16":"instock","17":"taxable","18":"shipping-taxable","19":"purchasable","20":"product-type-simple"},"yoast_head":"<!-- This site is optimized with the Yoast SEO plugin v22.7 - https:\/\/yoast.com\/wordpress\/plugins\/seo\/ -->\n<title>Lotion anti-cellulite et raffermissante pour la peau - satur\u00e9e d&#039;extraits de fruits naturels pour des r\u00e9sultats optimaux. 50ml - JeaKen<\/title>\n<meta name=\"robots\" content=\"index, follow, max-snippet:-1, max-image-preview:large, max-video-preview:-1\" \/>\n<link rel=\"canonical\" href=\"https:\/\/jeaken.com\/fr\/produit\/lotion-anti-cellulite-et-raffermissante-pour-la-peau-saturee-dextraits-de-fruits-naturels-pour-des-resultats-optimaux-50ml\/\" \/>\n<meta property=\"og:locale\" content=\"fr_FR\" \/>\n<meta property=\"og:type\" content=\"article\" \/>\n<meta property=\"og:title\" content=\"Lotion anti-cellulite et raffermissante pour la peau - satur\u00e9e d&#039;extraits de fruits naturels pour des r\u00e9sultats optimaux. 50ml - JeaKen\" \/>\n<meta property=\"og:description\" content=\"Traitement anti-cellulite \u00e0 action rapide qui am\u00e9liore visiblement l&#039;aspect de la peau.\" \/>\n<meta property=\"og:url\" content=\"https:\/\/jeaken.com\/fr\/produit\/lotion-anti-cellulite-et-raffermissante-pour-la-peau-saturee-dextraits-de-fruits-naturels-pour-des-resultats-optimaux-50ml\/\" \/>\n<meta property=\"og:site_name\" content=\"JeaKen\" \/>\n<meta property=\"article:modified_time\" content=\"2022-08-09T14:13:45+00:00\" \/>\n<meta property=\"og:image\" content=\"https:\/\/jeaken.com\/wp-content\/uploads\/2022\/07\/81xl-3cqTTL._AC_SL1500_.jpg\" \/>\n\t<meta property=\"og:image:width\" content=\"600\" \/>\n\t<meta property=\"og:image:height\" content=\"600\" \/>\n\t<meta property=\"og:image:type\" content=\"image\/jpeg\" \/>\n<meta name=\"twitter:card\" content=\"summary_large_image\" \/>\n<meta name=\"twitter:label1\" content=\"Est. reading time\" \/>\n\t<meta name=\"twitter:data1\" content=\"1 minute\" \/>\n<script type=\"application\/ld+json\" class=\"yoast-schema-graph\">{\"@context\":\"https:\/\/schema.org\",\"@graph\":[{\"@type\":\"WebPage\",\"@id\":\"https:\/\/jeaken.com\/fr\/produit\/lotion-anti-cellulite-et-raffermissante-pour-la-peau-saturee-dextraits-de-fruits-naturels-pour-des-resultats-optimaux-50ml\/\",\"url\":\"https:\/\/jeaken.com\/fr\/produit\/lotion-anti-cellulite-et-raffermissante-pour-la-peau-saturee-dextraits-de-fruits-naturels-pour-des-resultats-optimaux-50ml\/\",\"name\":\"Lotion anti-cellulite et raffermissante pour la peau - satur\u00e9e d'extraits de fruits naturels pour des r\u00e9sultats optimaux. 50ml - JeaKen\",\"isPartOf\":{\"@id\":\"https:\/\/jeaken.com\/fr\/#website\"},\"primaryImageOfPage\":{\"@id\":\"https:\/\/jeaken.com\/fr\/produit\/lotion-anti-cellulite-et-raffermissante-pour-la-peau-saturee-dextraits-de-fruits-naturels-pour-des-resultats-optimaux-50ml\/#primaryimage\"},\"image\":{\"@id\":\"https:\/\/jeaken.com\/fr\/produit\/lotion-anti-cellulite-et-raffermissante-pour-la-peau-saturee-dextraits-de-fruits-naturels-pour-des-resultats-optimaux-50ml\/#primaryimage\"},\"thumbnailUrl\":\"https:\/\/jeaken.com\/wp-content\/uploads\/2022\/07\/81xl-3cqTTL._AC_SL1500_.jpg\",\"datePublished\":\"2022-07-21T18:18:22+00:00\",\"dateModified\":\"2022-08-09T14:13:45+00:00\",\"breadcrumb\":{\"@id\":\"https:\/\/jeaken.com\/fr\/produit\/lotion-anti-cellulite-et-raffermissante-pour-la-peau-saturee-dextraits-de-fruits-naturels-pour-des-resultats-optimaux-50ml\/#breadcrumb\"},\"inLanguage\":\"fr-FR\",\"potentialAction\":[{\"@type\":\"ReadAction\",\"target\":[\"https:\/\/jeaken.com\/fr\/produit\/lotion-anti-cellulite-et-raffermissante-pour-la-peau-saturee-dextraits-de-fruits-naturels-pour-des-resultats-optimaux-50ml\/\"]}]},{\"@type\":\"ImageObject\",\"inLanguage\":\"fr-FR\",\"@id\":\"https:\/\/jeaken.com\/fr\/produit\/lotion-anti-cellulite-et-raffermissante-pour-la-peau-saturee-dextraits-de-fruits-naturels-pour-des-resultats-optimaux-50ml\/#primaryimage\",\"url\":\"https:\/\/jeaken.com\/wp-content\/uploads\/2022\/07\/81xl-3cqTTL._AC_SL1500_.jpg\",\"contentUrl\":\"https:\/\/jeaken.com\/wp-content\/uploads\/2022\/07\/81xl-3cqTTL._AC_SL1500_.jpg\",\"width\":600,\"height\":600,\"caption\":\"Anti-Cellulite and Skin Firming Lotion\"},{\"@type\":\"BreadcrumbList\",\"@id\":\"https:\/\/jeaken.com\/fr\/produit\/lotion-anti-cellulite-et-raffermissante-pour-la-peau-saturee-dextraits-de-fruits-naturels-pour-des-resultats-optimaux-50ml\/#breadcrumb\",\"itemListElement\":[{\"@type\":\"ListItem\",\"position\":1,\"name\":\"Home\",\"item\":\"https:\/\/jeaken.com\/fr\/\"},{\"@type\":\"ListItem\",\"position\":2,\"name\":\"Private: Shop\",\"item\":\"https:\/\/jeaken.com\/shop\/\"},{\"@type\":\"ListItem\",\"position\":3,\"name\":\"Lotion anti-cellulite et raffermissante pour la peau &#8211; satur\u00e9e d&#8217;extraits de fruits naturels pour des r\u00e9sultats optimaux. 50ml\"}]},{\"@type\":\"WebSite\",\"@id\":\"https:\/\/jeaken.com\/fr\/#website\",\"url\":\"https:\/\/jeaken.com\/fr\/\",\"name\":\"JeaKen\",\"description\":\"Organic Supplements for Health, Fitness and Nutrition\",\"publisher\":{\"@id\":\"https:\/\/jeaken.com\/fr\/#organization\"},\"potentialAction\":[{\"@type\":\"SearchAction\",\"target\":{\"@type\":\"EntryPoint\",\"urlTemplate\":\"https:\/\/jeaken.com\/fr\/?s={search_term_string}\"},\"query-input\":\"required name=search_term_string\"}],\"inLanguage\":\"fr-FR\"},{\"@type\":\"Organization\",\"@id\":\"https:\/\/jeaken.com\/fr\/#organization\",\"name\":\"JeaKen\",\"url\":\"https:\/\/jeaken.com\/fr\/\",\"logo\":{\"@type\":\"ImageObject\",\"inLanguage\":\"fr-FR\",\"@id\":\"https:\/\/jeaken.com\/fr\/#\/schema\/logo\/image\/\",\"url\":\"https:\/\/jeaken.com\/wp-content\/uploads\/2022\/06\/jeaken-logo-23.png\",\"contentUrl\":\"https:\/\/jeaken.com\/wp-content\/uploads\/2022\/06\/jeaken-logo-23.png\",\"width\":2486,\"height\":736,\"caption\":\"JeaKen\"},\"image\":{\"@id\":\"https:\/\/jeaken.com\/fr\/#\/schema\/logo\/image\/\"}}]}<\/script>\n<!-- \/ Yoast SEO plugin. -->","yoast_head_json":{"title":"Lotion anti-cellulite et raffermissante pour la peau - satur\u00e9e d'extraits de fruits naturels pour des r\u00e9sultats optimaux. 50ml - JeaKen","robots":{"index":"index","follow":"follow","max-snippet":"max-snippet:-1","max-image-preview":"max-image-preview:large","max-video-preview":"max-video-preview:-1"},"canonical":"https:\/\/jeaken.com\/fr\/produit\/lotion-anti-cellulite-et-raffermissante-pour-la-peau-saturee-dextraits-de-fruits-naturels-pour-des-resultats-optimaux-50ml\/","og_locale":"fr_FR","og_type":"article","og_title":"Lotion anti-cellulite et raffermissante pour la peau - satur\u00e9e d'extraits de fruits naturels pour des r\u00e9sultats optimaux. 50ml - JeaKen","og_description":"Traitement anti-cellulite \u00e0 action rapide qui am\u00e9liore visiblement l'aspect de la peau.","og_url":"https:\/\/jeaken.com\/fr\/produit\/lotion-anti-cellulite-et-raffermissante-pour-la-peau-saturee-dextraits-de-fruits-naturels-pour-des-resultats-optimaux-50ml\/","og_site_name":"JeaKen","article_modified_time":"2022-08-09T14:13:45+00:00","og_image":[{"width":600,"height":600,"url":"https:\/\/jeaken.com\/wp-content\/uploads\/2022\/07\/81xl-3cqTTL._AC_SL1500_.jpg","type":"image\/jpeg"}],"twitter_card":"summary_large_image","twitter_misc":{"Est. reading time":"1 minute"},"schema":{"@context":"https:\/\/schema.org","@graph":[{"@type":"WebPage","@id":"https:\/\/jeaken.com\/fr\/produit\/lotion-anti-cellulite-et-raffermissante-pour-la-peau-saturee-dextraits-de-fruits-naturels-pour-des-resultats-optimaux-50ml\/","url":"https:\/\/jeaken.com\/fr\/produit\/lotion-anti-cellulite-et-raffermissante-pour-la-peau-saturee-dextraits-de-fruits-naturels-pour-des-resultats-optimaux-50ml\/","name":"Lotion anti-cellulite et raffermissante pour la peau - satur\u00e9e d'extraits de fruits naturels pour des r\u00e9sultats optimaux. 50ml - JeaKen","isPartOf":{"@id":"https:\/\/jeaken.com\/fr\/#website"},"primaryImageOfPage":{"@id":"https:\/\/jeaken.com\/fr\/produit\/lotion-anti-cellulite-et-raffermissante-pour-la-peau-saturee-dextraits-de-fruits-naturels-pour-des-resultats-optimaux-50ml\/#primaryimage"},"image":{"@id":"https:\/\/jeaken.com\/fr\/produit\/lotion-anti-cellulite-et-raffermissante-pour-la-peau-saturee-dextraits-de-fruits-naturels-pour-des-resultats-optimaux-50ml\/#primaryimage"},"thumbnailUrl":"https:\/\/jeaken.com\/wp-content\/uploads\/2022\/07\/81xl-3cqTTL._AC_SL1500_.jpg","datePublished":"2022-07-21T18:18:22+00:00","dateModified":"2022-08-09T14:13:45+00:00","breadcrumb":{"@id":"https:\/\/jeaken.com\/fr\/produit\/lotion-anti-cellulite-et-raffermissante-pour-la-peau-saturee-dextraits-de-fruits-naturels-pour-des-resultats-optimaux-50ml\/#breadcrumb"},"inLanguage":"fr-FR","potentialAction":[{"@type":"ReadAction","target":["https:\/\/jeaken.com\/fr\/produit\/lotion-anti-cellulite-et-raffermissante-pour-la-peau-saturee-dextraits-de-fruits-naturels-pour-des-resultats-optimaux-50ml\/"]}]},{"@type":"ImageObject","inLanguage":"fr-FR","@id":"https:\/\/jeaken.com\/fr\/produit\/lotion-anti-cellulite-et-raffermissante-pour-la-peau-saturee-dextraits-de-fruits-naturels-pour-des-resultats-optimaux-50ml\/#primaryimage","url":"https:\/\/jeaken.com\/wp-content\/uploads\/2022\/07\/81xl-3cqTTL._AC_SL1500_.jpg","contentUrl":"https:\/\/jeaken.com\/wp-content\/uploads\/2022\/07\/81xl-3cqTTL._AC_SL1500_.jpg","width":600,"height":600,"caption":"Anti-Cellulite and Skin Firming Lotion"},{"@type":"BreadcrumbList","@id":"https:\/\/jeaken.com\/fr\/produit\/lotion-anti-cellulite-et-raffermissante-pour-la-peau-saturee-dextraits-de-fruits-naturels-pour-des-resultats-optimaux-50ml\/#breadcrumb","itemListElement":[{"@type":"ListItem","position":1,"name":"Home","item":"https:\/\/jeaken.com\/fr\/"},{"@type":"ListItem","position":2,"name":"Private: Shop","item":"https:\/\/jeaken.com\/shop\/"},{"@type":"ListItem","position":3,"name":"Lotion anti-cellulite et raffermissante pour la peau &#8211; satur\u00e9e d&#8217;extraits de fruits naturels pour des r\u00e9sultats optimaux. 50ml"}]},{"@type":"WebSite","@id":"https:\/\/jeaken.com\/fr\/#website","url":"https:\/\/jeaken.com\/fr\/","name":"JeaKen","description":"Organic Supplements for Health, Fitness and Nutrition","publisher":{"@id":"https:\/\/jeaken.com\/fr\/#organization"},"potentialAction":[{"@type":"SearchAction","target":{"@type":"EntryPoint","urlTemplate":"https:\/\/jeaken.com\/fr\/?s={search_term_string}"},"query-input":"required name=search_term_string"}],"inLanguage":"fr-FR"},{"@type":"Organization","@id":"https:\/\/jeaken.com\/fr\/#organization","name":"JeaKen","url":"https:\/\/jeaken.com\/fr\/","logo":{"@type":"ImageObject","inLanguage":"fr-FR","@id":"https:\/\/jeaken.com\/fr\/#\/schema\/logo\/image\/","url":"https:\/\/jeaken.com\/wp-content\/uploads\/2022\/06\/jeaken-logo-23.png","contentUrl":"https:\/\/jeaken.com\/wp-content\/uploads\/2022\/06\/jeaken-logo-23.png","width":2486,"height":736,"caption":"JeaKen"},"image":{"@id":"https:\/\/jeaken.com\/fr\/#\/schema\/logo\/image\/"}}]}},"jetpack_sharing_enabled":true,"_links":{"self":[{"href":"https:\/\/jeaken.com\/fr\/wp-json\/wp\/v2\/product\/6816","targetHints":{"allow":["GET"]}}],"collection":[{"href":"https:\/\/jeaken.com\/fr\/wp-json\/wp\/v2\/product"}],"about":[{"href":"https:\/\/jeaken.com\/fr\/wp-json\/wp\/v2\/types\/product"}],"wp:featuredmedia":[{"embeddable":true,"href":"https:\/\/jeaken.com\/fr\/wp-json\/wp\/v2\/media\/5130"}],"wp:attachment":[{"href":"https:\/\/jeaken.com\/fr\/wp-json\/wp\/v2\/media?parent=6816"}],"wp:term":[{"taxonomy":"product_cat","embeddable":true,"href":"https:\/\/jeaken.com\/fr\/wp-json\/wp\/v2\/product_cat?post=6816"},{"taxonomy":"product_tag","embeddable":true,"href":"https:\/\/jeaken.com\/fr\/wp-json\/wp\/v2\/product_tag?post=6816"}],"curies":[{"name":"wp","href":"https:\/\/api.w.org\/{rel}","templated":true}]}}