{"id":6811,"date":"2022-07-21T19:18:22","date_gmt":"2022-07-21T18:18:22","guid":{"rendered":"https:\/1658920591610?product=probiotiques-et-prebiotiques"},"modified":"2022-09-08T13:57:48","modified_gmt":"2022-09-08T12:57:48","slug":"probiotiques-avec-prebiotiques","status":"publish","type":"product","link":"https:\/\/jeaken.com\/fr\/produit\/probiotiques-avec-prebiotiques\/","title":{"rendered":"Probiotiques et pr\u00e9biotiques"},"content":{"rendered":"<p><strong><span class=\"a-list-item a-size-base\">23 STRAINS ACTIFS DE 40 MILLIARDS DE CFUs<\/span><\/strong><\/p>\n<p><span class=\"a-list-item a-size-base\">Nous proposons le seul complexe de cultures biologiques comprenant 23 souches, qui sont tr\u00e8s appr\u00e9ci\u00e9es pour leur contribution au maintien d&#8217;un syst\u00e8me digestif sain.  <\/span><\/p>\n<p>&nbsp;<\/p>\n<p><strong><span class=\"a-list-item a-size-base\">SURVIVRE \u00c0 L&#8217;ACIDIT\u00c9 DE L&#8217;ESTOMAC  <\/span><\/strong><\/p>\n<p><span class=\"a-list-item a-size-base\">  Saccharomyces boullardii est l&#8217;une des souches les mieux document\u00e9es, une souche bien \u00e9tudi\u00e9e et reconnue au niveau international, dont il est prouv\u00e9 qu&#8217;elle survit \u00e0 l&#8217;acidit\u00e9 de l&#8217;estomac pour atteindre l&#8217;intestin en vie.<\/span><\/p>\n<p>&nbsp;<\/p>\n<p><strong><span class=\"a-list-item a-size-base\">ENRICHI EN PR\u00c9BIOTIQUE  <\/span><\/strong><\/p>\n<p><span class=\"a-list-item a-size-base\">Contrairement aux autres marques, notre<\/span><span class=\"a-list-item a-size-base\">  La formule premium contient de l&#8217;Inuline (Fructo-Oligosaccharide) ajout\u00e9e, une poudre pr\u00e9biotique bien connue, riche en fibres. Nous \u00e9liminons la n\u00e9cessit\u00e9 de prendre plusieurs suppl\u00e9ments, nous avons tout combin\u00e9 en un seul !<\/span><\/p>\n<p>&nbsp;<\/p>\n<p><strong>OFFRE DE MULTIPLES AVANTAGES POUR LA SANT\u00c9<\/strong><\/p>\n<p class=\"a-spacing-base\">Chacune de nos formules haut de gamme est cr\u00e9\u00e9e par une \u00e9quipe de professionnels tr\u00e8s exp\u00e9riment\u00e9s afin de garantir les plus grands b\u00e9n\u00e9fices. Il s&#8217;agit notamment d&#8217;une meilleure<span style=\"font-size: 16px;\">sant\u00e9 digestive, d&#8217;une n<\/span><span style=\"font-size: 16px;\">\u00e9quilibre structurel. am\u00e9lioration de la sant\u00e9 du syst\u00e8me immunitaire, meilleure absorption des nutriments, r\u00e9duction des ballonnements, perte de poids, r\u00e9duction de la fatigue et am\u00e9lioration de l&#8217;humeur.<\/span><\/p>\n<div class=\"amp-centerthirdcol-listbox\">\n<div class=\"a-box a-spacing-small a-color-alternate-background apm-listbox amp-centerthirdcol-listbox\">\n<div class=\"a-box-inner\"><\/div>\n<\/div>\n<\/div>\n<p>&nbsp;<\/p>\n<p><strong>FABRIQU\u00c9S \u00c0 PARTIR D&#8217;INGR\u00c9DIENTS NATURELS<\/strong><\/p>\n<p>Nos capsules v\u00e9g\u00e9taliennes sont 100 % pures et naturelles et contiennent des ingr\u00e9dients sans OGM.<\/p>\n<p>&nbsp;<\/p>\n","protected":false},"excerpt":{"rendered":"<p class=\"a-spacing-small a-size-small a-color-secondary\"><strong>40 milliards de cultures biologiques avanc\u00e9es CFU pour le soulagement des ballonnements et la sant\u00e9 intestinale  <\/strong><\/p>\n<h4 class=\"a-spacing-small a-size-small a-color-secondary\"><\/h4>\n","protected":false},"featured_media":15806,"template":"","meta":{"site-sidebar-layout":"default","site-content-layout":"default","ast-site-content-layout":"default","site-content-style":"default","site-sidebar-style":"default","ast-global-header-display":"","ast-banner-title-visibility":"","ast-main-header-display":"","ast-hfb-above-header-display":"","ast-hfb-below-header-display":"","ast-hfb-mobile-header-display":"","site-post-title":"","ast-breadcrumbs-content":"","ast-featured-img":"","footer-sml-layout":"","theme-transparent-header-meta":"default","adv-header-id-meta":"","stick-header-meta":"default","header-above-stick-meta":"","header-main-stick-meta":"","header-below-stick-meta":"","astra-migrate-meta-layouts":"default","ast-page-background-enabled":"default","ast-page-background-meta":{"desktop":{"background-color":"","background-image":"","background-repeat":"repeat","background-position":"center center","background-size":"auto","background-attachment":"scroll","background-type":"","background-media":"","overlay-type":"","overlay-color":"","overlay-opacity":"","overlay-gradient":""},"tablet":{"background-color":"","background-image":"","background-repeat":"repeat","background-position":"center center","background-size":"auto","background-attachment":"scroll","background-type":"","background-media":"","overlay-type":"","overlay-color":"","overlay-opacity":"","overlay-gradient":""},"mobile":{"background-color":"","background-image":"","background-repeat":"repeat","background-position":"center center","background-size":"auto","background-attachment":"scroll","background-type":"","background-media":"","overlay-type":"","overlay-color":"","overlay-opacity":"","overlay-gradient":""}},"ast-content-background-meta":{"desktop":{"background-color":"var(--ast-global-color-5)","background-image":"","background-repeat":"repeat","background-position":"center center","background-size":"auto","background-attachment":"scroll","background-type":"","background-media":"","overlay-type":"","overlay-color":"","overlay-opacity":"","overlay-gradient":""},"tablet":{"background-color":"var(--ast-global-color-5)","background-image":"","background-repeat":"repeat","background-position":"center center","background-size":"auto","background-attachment":"scroll","background-type":"","background-media":"","overlay-type":"","overlay-color":"","overlay-opacity":"","overlay-gradient":""},"mobile":{"background-color":"var(--ast-global-color-5)","background-image":"","background-repeat":"repeat","background-position":"center center","background-size":"auto","background-attachment":"scroll","background-type":"","background-media":"","overlay-type":"","overlay-color":"","overlay-opacity":"","overlay-gradient":""}}},"product_cat":[692,693],"product_tag":[1662,1683,1678,1671,1673,1675,1680,1682,1669,1665,1676,1667],"class_list":{"0":"post-6811","1":"product","2":"type-product","3":"status-publish","4":"has-post-thumbnail","6":"product_cat-sante-digestive","7":"product_cat-soulagement-des-ballonnements","8":"product_tag-capsules-dacidophilus","9":"product_tag-comprimes-contre-le-muguet","10":"product_tag-comprimes-probiotiques","11":"product_tag-lactobacillus-rhamnosus-fr","12":"product_tag-prebiotiques-pour-adultes","13":"product_tag-pro-biotics-capsules-fr","14":"product_tag-probiotiques-pour-adultes","15":"product_tag-probiotiques-pour-les-femmes","16":"product_tag-sante-intestinale","17":"product_tag-soulagement-du-ballonnement","18":"product_tag-supplement-probiotique","19":"product_tag-traitement-de-la-candidose","20":"has-subscription-plans","21":"desktop-align-left","22":"tablet-align-left","23":"mobile-align-left","25":"first","26":"instock","27":"sale","28":"taxable","29":"shipping-taxable","30":"purchasable","31":"product-type-simple"},"yoast_head":"<!-- This site is optimized with the Yoast SEO plugin v22.7 - https:\/\/yoast.com\/wordpress\/plugins\/seo\/ -->\n<title>Probiotiques et pr\u00e9biotiques - JeaKen<\/title>\n<meta name=\"robots\" content=\"index, follow, max-snippet:-1, max-image-preview:large, max-video-preview:-1\" \/>\n<link rel=\"canonical\" href=\"https:\/\/jeaken.com\/fr\/produit\/probiotiques-avec-prebiotiques\/\" \/>\n<meta property=\"og:locale\" content=\"fr_FR\" \/>\n<meta property=\"og:type\" content=\"article\" \/>\n<meta property=\"og:title\" content=\"Probiotiques et pr\u00e9biotiques - JeaKen\" \/>\n<meta property=\"og:description\" content=\"40 milliards de cultures biologiques avanc\u00e9es CFU pour le soulagement des ballonnements et la sant\u00e9 intestinale\" \/>\n<meta property=\"og:url\" content=\"https:\/\/jeaken.com\/fr\/produit\/probiotiques-avec-prebiotiques\/\" \/>\n<meta property=\"og:site_name\" content=\"JeaKen\" \/>\n<meta property=\"article:modified_time\" content=\"2022-09-08T12:57:48+00:00\" \/>\n<meta property=\"og:image\" content=\"https:\/\/jeaken.com\/wp-content\/uploads\/2022\/07\/Probiotics-60-1.jpg\" \/>\n\t<meta property=\"og:image:width\" content=\"512\" \/>\n\t<meta property=\"og:image:height\" content=\"600\" \/>\n\t<meta property=\"og:image:type\" content=\"image\/jpeg\" \/>\n<meta name=\"twitter:card\" content=\"summary_large_image\" \/>\n<meta name=\"twitter:label1\" content=\"Est. reading time\" \/>\n\t<meta name=\"twitter:data1\" content=\"1 minute\" \/>\n<script type=\"application\/ld+json\" class=\"yoast-schema-graph\">{\"@context\":\"https:\/\/schema.org\",\"@graph\":[{\"@type\":\"WebPage\",\"@id\":\"https:\/\/jeaken.com\/fr\/produit\/probiotiques-avec-prebiotiques\/\",\"url\":\"https:\/\/jeaken.com\/fr\/produit\/probiotiques-avec-prebiotiques\/\",\"name\":\"Probiotiques et pr\u00e9biotiques - JeaKen\",\"isPartOf\":{\"@id\":\"https:\/\/jeaken.com\/fr\/#website\"},\"primaryImageOfPage\":{\"@id\":\"https:\/\/jeaken.com\/fr\/produit\/probiotiques-avec-prebiotiques\/#primaryimage\"},\"image\":{\"@id\":\"https:\/\/jeaken.com\/fr\/produit\/probiotiques-avec-prebiotiques\/#primaryimage\"},\"thumbnailUrl\":\"https:\/\/jeaken.com\/wp-content\/uploads\/2022\/07\/Probiotics-60-1.jpg\",\"datePublished\":\"2022-07-21T18:18:22+00:00\",\"dateModified\":\"2022-09-08T12:57:48+00:00\",\"breadcrumb\":{\"@id\":\"https:\/\/jeaken.com\/fr\/produit\/probiotiques-avec-prebiotiques\/#breadcrumb\"},\"inLanguage\":\"fr-FR\",\"potentialAction\":[{\"@type\":\"ReadAction\",\"target\":[\"https:\/\/jeaken.com\/fr\/produit\/probiotiques-avec-prebiotiques\/\"]}]},{\"@type\":\"ImageObject\",\"inLanguage\":\"fr-FR\",\"@id\":\"https:\/\/jeaken.com\/fr\/produit\/probiotiques-avec-prebiotiques\/#primaryimage\",\"url\":\"https:\/\/jeaken.com\/wp-content\/uploads\/2022\/07\/Probiotics-60-1.jpg\",\"contentUrl\":\"https:\/\/jeaken.com\/wp-content\/uploads\/2022\/07\/Probiotics-60-1.jpg\",\"width\":512,\"height\":600,\"caption\":\"23 Strains Probiotics with Prebiotics\"},{\"@type\":\"BreadcrumbList\",\"@id\":\"https:\/\/jeaken.com\/fr\/produit\/probiotiques-avec-prebiotiques\/#breadcrumb\",\"itemListElement\":[{\"@type\":\"ListItem\",\"position\":1,\"name\":\"Home\",\"item\":\"https:\/\/jeaken.com\/fr\/\"},{\"@type\":\"ListItem\",\"position\":2,\"name\":\"Private: Shop\",\"item\":\"https:\/\/jeaken.com\/shop\/\"},{\"@type\":\"ListItem\",\"position\":3,\"name\":\"Probiotiques et pr\u00e9biotiques\"}]},{\"@type\":\"WebSite\",\"@id\":\"https:\/\/jeaken.com\/fr\/#website\",\"url\":\"https:\/\/jeaken.com\/fr\/\",\"name\":\"JeaKen\",\"description\":\"Organic Supplements for Health, Fitness and Nutrition\",\"publisher\":{\"@id\":\"https:\/\/jeaken.com\/fr\/#organization\"},\"potentialAction\":[{\"@type\":\"SearchAction\",\"target\":{\"@type\":\"EntryPoint\",\"urlTemplate\":\"https:\/\/jeaken.com\/fr\/?s={search_term_string}\"},\"query-input\":\"required name=search_term_string\"}],\"inLanguage\":\"fr-FR\"},{\"@type\":\"Organization\",\"@id\":\"https:\/\/jeaken.com\/fr\/#organization\",\"name\":\"JeaKen\",\"url\":\"https:\/\/jeaken.com\/fr\/\",\"logo\":{\"@type\":\"ImageObject\",\"inLanguage\":\"fr-FR\",\"@id\":\"https:\/\/jeaken.com\/fr\/#\/schema\/logo\/image\/\",\"url\":\"https:\/\/jeaken.com\/wp-content\/uploads\/2022\/06\/jeaken-logo-23.png\",\"contentUrl\":\"https:\/\/jeaken.com\/wp-content\/uploads\/2022\/06\/jeaken-logo-23.png\",\"width\":2486,\"height\":736,\"caption\":\"JeaKen\"},\"image\":{\"@id\":\"https:\/\/jeaken.com\/fr\/#\/schema\/logo\/image\/\"}}]}<\/script>\n<!-- \/ Yoast SEO plugin. -->","yoast_head_json":{"title":"Probiotiques et pr\u00e9biotiques - JeaKen","robots":{"index":"index","follow":"follow","max-snippet":"max-snippet:-1","max-image-preview":"max-image-preview:large","max-video-preview":"max-video-preview:-1"},"canonical":"https:\/\/jeaken.com\/fr\/produit\/probiotiques-avec-prebiotiques\/","og_locale":"fr_FR","og_type":"article","og_title":"Probiotiques et pr\u00e9biotiques - JeaKen","og_description":"40 milliards de cultures biologiques avanc\u00e9es CFU pour le soulagement des ballonnements et la sant\u00e9 intestinale","og_url":"https:\/\/jeaken.com\/fr\/produit\/probiotiques-avec-prebiotiques\/","og_site_name":"JeaKen","article_modified_time":"2022-09-08T12:57:48+00:00","og_image":[{"width":512,"height":600,"url":"https:\/\/jeaken.com\/wp-content\/uploads\/2022\/07\/Probiotics-60-1.jpg","type":"image\/jpeg"}],"twitter_card":"summary_large_image","twitter_misc":{"Est. reading time":"1 minute"},"schema":{"@context":"https:\/\/schema.org","@graph":[{"@type":"WebPage","@id":"https:\/\/jeaken.com\/fr\/produit\/probiotiques-avec-prebiotiques\/","url":"https:\/\/jeaken.com\/fr\/produit\/probiotiques-avec-prebiotiques\/","name":"Probiotiques et pr\u00e9biotiques - JeaKen","isPartOf":{"@id":"https:\/\/jeaken.com\/fr\/#website"},"primaryImageOfPage":{"@id":"https:\/\/jeaken.com\/fr\/produit\/probiotiques-avec-prebiotiques\/#primaryimage"},"image":{"@id":"https:\/\/jeaken.com\/fr\/produit\/probiotiques-avec-prebiotiques\/#primaryimage"},"thumbnailUrl":"https:\/\/jeaken.com\/wp-content\/uploads\/2022\/07\/Probiotics-60-1.jpg","datePublished":"2022-07-21T18:18:22+00:00","dateModified":"2022-09-08T12:57:48+00:00","breadcrumb":{"@id":"https:\/\/jeaken.com\/fr\/produit\/probiotiques-avec-prebiotiques\/#breadcrumb"},"inLanguage":"fr-FR","potentialAction":[{"@type":"ReadAction","target":["https:\/\/jeaken.com\/fr\/produit\/probiotiques-avec-prebiotiques\/"]}]},{"@type":"ImageObject","inLanguage":"fr-FR","@id":"https:\/\/jeaken.com\/fr\/produit\/probiotiques-avec-prebiotiques\/#primaryimage","url":"https:\/\/jeaken.com\/wp-content\/uploads\/2022\/07\/Probiotics-60-1.jpg","contentUrl":"https:\/\/jeaken.com\/wp-content\/uploads\/2022\/07\/Probiotics-60-1.jpg","width":512,"height":600,"caption":"23 Strains Probiotics with Prebiotics"},{"@type":"BreadcrumbList","@id":"https:\/\/jeaken.com\/fr\/produit\/probiotiques-avec-prebiotiques\/#breadcrumb","itemListElement":[{"@type":"ListItem","position":1,"name":"Home","item":"https:\/\/jeaken.com\/fr\/"},{"@type":"ListItem","position":2,"name":"Private: Shop","item":"https:\/\/jeaken.com\/shop\/"},{"@type":"ListItem","position":3,"name":"Probiotiques et pr\u00e9biotiques"}]},{"@type":"WebSite","@id":"https:\/\/jeaken.com\/fr\/#website","url":"https:\/\/jeaken.com\/fr\/","name":"JeaKen","description":"Organic Supplements for Health, Fitness and Nutrition","publisher":{"@id":"https:\/\/jeaken.com\/fr\/#organization"},"potentialAction":[{"@type":"SearchAction","target":{"@type":"EntryPoint","urlTemplate":"https:\/\/jeaken.com\/fr\/?s={search_term_string}"},"query-input":"required name=search_term_string"}],"inLanguage":"fr-FR"},{"@type":"Organization","@id":"https:\/\/jeaken.com\/fr\/#organization","name":"JeaKen","url":"https:\/\/jeaken.com\/fr\/","logo":{"@type":"ImageObject","inLanguage":"fr-FR","@id":"https:\/\/jeaken.com\/fr\/#\/schema\/logo\/image\/","url":"https:\/\/jeaken.com\/wp-content\/uploads\/2022\/06\/jeaken-logo-23.png","contentUrl":"https:\/\/jeaken.com\/wp-content\/uploads\/2022\/06\/jeaken-logo-23.png","width":2486,"height":736,"caption":"JeaKen"},"image":{"@id":"https:\/\/jeaken.com\/fr\/#\/schema\/logo\/image\/"}}]}},"jetpack_sharing_enabled":true,"_links":{"self":[{"href":"https:\/\/jeaken.com\/fr\/wp-json\/wp\/v2\/product\/6811","targetHints":{"allow":["GET"]}}],"collection":[{"href":"https:\/\/jeaken.com\/fr\/wp-json\/wp\/v2\/product"}],"about":[{"href":"https:\/\/jeaken.com\/fr\/wp-json\/wp\/v2\/types\/product"}],"wp:featuredmedia":[{"embeddable":true,"href":"https:\/\/jeaken.com\/fr\/wp-json\/wp\/v2\/media\/15806"}],"wp:attachment":[{"href":"https:\/\/jeaken.com\/fr\/wp-json\/wp\/v2\/media?parent=6811"}],"wp:term":[{"taxonomy":"product_cat","embeddable":true,"href":"https:\/\/jeaken.com\/fr\/wp-json\/wp\/v2\/product_cat?post=6811"},{"taxonomy":"product_tag","embeddable":true,"href":"https:\/\/jeaken.com\/fr\/wp-json\/wp\/v2\/product_tag?post=6811"}],"curies":[{"name":"wp","href":"https:\/\/api.w.org\/{rel}","templated":true}]}}