{"id":6768,"date":"2022-07-21T19:18:22","date_gmt":"2022-07-21T18:18:22","guid":{"rendered":"https:\/1658920591610?product=lions-mane-mushroom-capsules-supplement-nootropique-pour-ameliorer-les-fonctions-cognitives-et-le-systeme-immunitaire-5000mg"},"modified":"2022-09-08T13:46:37","modified_gmt":"2022-09-08T12:46:37","slug":"gelules-de-champignons-lions","status":"publish","type":"product","link":"https:\/\/jeaken.com\/fr\/produit\/gelules-de-champignons-lions\/","title":{"rendered":"Lion&#8217;s Mane Mushroom Capsules &#8211; Suppl\u00e9ment nootropique pour am\u00e9liorer les fonctions cognitives et le syst\u00e8me immunitaire. 5000mg."},"content":{"rendered":"<p><strong><span class=\"a-list-item a-size-base\">SOUTIENT LA FONCTION COGNITIVE  <\/span><\/strong><\/p>\n<p><span class=\"a-list-item a-size-base\">  La crini\u00e8re de lion est un stimulant c\u00e9r\u00e9bral reconnu, ce qui en fait un compl\u00e9ment populaire pour ceux qui travaillent ou \u00e9tudient. En plus de stimuler votre m\u00e9moire, nos g\u00e9lules peuvent aider \u00e0 dissiper le brouillard mental et \u00e0 soutenir le syst\u00e8me c\u00e9r\u00e9bral et nerveux.<\/span><\/p>\n<p><strong style=\"font-size: 16px;\"><br \/>\nFAVORISE LA SANT\u00c9 DES ARTICULATIONS<\/strong><\/p>\n<p><span style=\"font-size: 16px;\">Nos g\u00e9lules \u00e9prouv\u00e9es sont efficaces pour soutenir la sant\u00e9 des articulations ainsi que pour renforcer le syst\u00e8me immunitaire.<\/span><\/p>\n<p>&nbsp;<\/p>\n<p><strong>AM\u00c9LIORE LA SANT\u00c9 RESPIRATOIRE<\/strong><\/p>\n<p>L&#8217;extrait de reishi est connu pour son action sur les affections respiratoires chroniques.<\/p>\n<p>&nbsp;<\/p>\n<p><strong>R\u00c9GULE LES HORMONES<\/strong><\/p>\n<p>Nos capsules sont tr\u00e8s efficaces pour aider \u00e0 r\u00e9guler les hormones. L&#8217;\u00e9quilibre hormonal est la cl\u00e9 de la r\u00e9gulation de la fonction sensuelle, de la r\u00e9gulation de l&#8217;humeur et de bien d&#8217;autres choses encore.<\/p>\n<p>&nbsp;<\/p>\n<p><strong>EXTRAIT DE CHAMPIGNON 10:1<\/strong><\/p>\n<p>Les champignons ont une paroi cellulaire r\u00e9sistante compos\u00e9e de chitine que l&#8217;homme a du mal \u00e0 dig\u00e9rer. Cette paroi cellulaire limite notre acc\u00e8s aux importants compos\u00e9s m\u00e9dicinaux qui conf\u00e8rent aux champignons leurs merveilleux bienfaits.<\/p>\n<p>&nbsp;<\/p>\n<p><strong>REMPLISSAGES SANS GRAIN<\/strong><\/p>\n<p>De nombreux produits \u00e0 base de champignons m\u00e9dicinaux ne contiennent pas r\u00e9ellement de champignons. Ils sont fabriqu\u00e9s \u00e0 partir du syst\u00e8me racinaire du champignon, appel\u00e9 myc\u00e9lium, et ce myc\u00e9lium est cultiv\u00e9 sur des c\u00e9r\u00e9ales comme le riz, l&#8217;avoine et le sorgho.<\/p>\n<p>&nbsp;<\/p>\n<p><strong>SOUTIENT LA FONCTION COGNITIVE  <\/strong><\/p>\n<p><span style=\"font-weight: 400;\">Le Lion&#8217;s Mane est un stimulant cognitif \u00e9prouv\u00e9 qui est efficace pour dissiper le brouillard mental et apporter un soutien au syst\u00e8me c\u00e9r\u00e9bral et nerveux.<\/span><\/p>\n<p>&nbsp;<\/p>\n<p><strong>STIMULE LE SYST\u00c8ME IMMUNITAIRE  <\/strong><\/p>\n<p><span style=\"font-weight: 400;\">Le champignon Lion&#8217;s Mane est cens\u00e9 am\u00e9liorer la fonction immunitaire et encourager la croissance des bonnes bact\u00e9ries dans l&#8217;intestin.<\/span><\/p>\n<p>&nbsp;<\/p>\n<p><strong>AIDE \u00c0 \u00c9QUILIBRER NATURELLEMENT L&#8217;HUMEUR  <\/strong><\/p>\n<p><span style=\"font-weight: 400;\">Les recherches indiquent que le champignon Lion&#8217;s Mane peut aider \u00e0 promouvoir une humeur calme et d\u00e9tendue. Il poss\u00e8de \u00e9galement des propri\u00e9t\u00e9s r\u00e9g\u00e9n\u00e9ratrices des nerfs qui peuvent contribuer \u00e0 une bonne sant\u00e9 cardiaque.  <\/span><\/p>\n<p>&nbsp;<\/p>\n","protected":false},"excerpt":{"rendered":"<h4><strong>Suppl\u00e9ment cognitif efficace pour am\u00e9liorer la concentration et la focalisation.  <\/strong><\/h4>\n","protected":false},"featured_media":16166,"template":"","meta":{"site-sidebar-layout":"default","site-content-layout":"default","ast-site-content-layout":"default","site-content-style":"default","site-sidebar-style":"default","ast-global-header-display":"","ast-banner-title-visibility":"","ast-main-header-display":"","ast-hfb-above-header-display":"","ast-hfb-below-header-display":"","ast-hfb-mobile-header-display":"","site-post-title":"","ast-breadcrumbs-content":"","ast-featured-img":"","footer-sml-layout":"","theme-transparent-header-meta":"default","adv-header-id-meta":"","stick-header-meta":"default","header-above-stick-meta":"","header-main-stick-meta":"","header-below-stick-meta":"","astra-migrate-meta-layouts":"default","ast-page-background-enabled":"default","ast-page-background-meta":{"desktop":{"background-color":"","background-image":"","background-repeat":"repeat","background-position":"center center","background-size":"auto","background-attachment":"scroll","background-type":"","background-media":"","overlay-type":"","overlay-color":"","overlay-opacity":"","overlay-gradient":""},"tablet":{"background-color":"","background-image":"","background-repeat":"repeat","background-position":"center center","background-size":"auto","background-attachment":"scroll","background-type":"","background-media":"","overlay-type":"","overlay-color":"","overlay-opacity":"","overlay-gradient":""},"mobile":{"background-color":"","background-image":"","background-repeat":"repeat","background-position":"center center","background-size":"auto","background-attachment":"scroll","background-type":"","background-media":"","overlay-type":"","overlay-color":"","overlay-opacity":"","overlay-gradient":""}},"ast-content-background-meta":{"desktop":{"background-color":"var(--ast-global-color-5)","background-image":"","background-repeat":"repeat","background-position":"center center","background-size":"auto","background-attachment":"scroll","background-type":"","background-media":"","overlay-type":"","overlay-color":"","overlay-opacity":"","overlay-gradient":""},"tablet":{"background-color":"var(--ast-global-color-5)","background-image":"","background-repeat":"repeat","background-position":"center center","background-size":"auto","background-attachment":"scroll","background-type":"","background-media":"","overlay-type":"","overlay-color":"","overlay-opacity":"","overlay-gradient":""},"mobile":{"background-color":"var(--ast-global-color-5)","background-image":"","background-repeat":"repeat","background-position":"center center","background-size":"auto","background-attachment":"scroll","background-type":"","background-media":"","overlay-type":"","overlay-color":"","overlay-opacity":"","overlay-gradient":""}}},"product_cat":[516,621,643,644],"product_tag":[],"class_list":{"0":"post-6768","1":"product","2":"type-product","3":"status-publish","4":"has-post-thumbnail","6":"product_cat-humeur-et-bien-etre","7":"product_cat-sante-immunitaire","8":"product_cat-stimulants-pour-le-cerveau","9":"product_cat-supplements-alimentaires","10":"has-subscription-plans","11":"desktop-align-left","12":"tablet-align-left","13":"mobile-align-left","15":"first","16":"instock","17":"sale","18":"taxable","19":"shipping-taxable","20":"purchasable","21":"product-type-simple"},"yoast_head":"<!-- This site is optimized with the Yoast SEO plugin v22.7 - https:\/\/yoast.com\/wordpress\/plugins\/seo\/ -->\n<title>Lion&#039;s Mane Mushroom Capsules - Suppl\u00e9ment nootropique pour am\u00e9liorer les fonctions cognitives et le syst\u00e8me immunitaire. 5000mg. - JeaKen<\/title>\n<meta name=\"robots\" content=\"index, follow, max-snippet:-1, max-image-preview:large, max-video-preview:-1\" \/>\n<link rel=\"canonical\" href=\"https:\/\/jeaken.com\/fr\/produit\/gelules-de-champignons-lions\/\" \/>\n<meta property=\"og:locale\" content=\"fr_FR\" \/>\n<meta property=\"og:type\" content=\"article\" \/>\n<meta property=\"og:title\" content=\"Lion&#039;s Mane Mushroom Capsules - Suppl\u00e9ment nootropique pour am\u00e9liorer les fonctions cognitives et le syst\u00e8me immunitaire. 5000mg. - JeaKen\" \/>\n<meta property=\"og:description\" content=\"Suppl\u00e9ment cognitif efficace pour am\u00e9liorer la concentration et la focalisation.\" \/>\n<meta property=\"og:url\" content=\"https:\/\/jeaken.com\/fr\/produit\/gelules-de-champignons-lions\/\" \/>\n<meta property=\"og:site_name\" content=\"JeaKen\" \/>\n<meta property=\"article:modified_time\" content=\"2022-09-08T12:46:37+00:00\" \/>\n<meta property=\"og:image\" content=\"https:\/\/jeaken.com\/wp-content\/uploads\/2022\/07\/Lions-Mane.jpg\" \/>\n\t<meta property=\"og:image:width\" content=\"512\" \/>\n\t<meta property=\"og:image:height\" content=\"600\" \/>\n\t<meta property=\"og:image:type\" content=\"image\/jpeg\" \/>\n<meta name=\"twitter:card\" content=\"summary_large_image\" \/>\n<meta name=\"twitter:label1\" content=\"Est. reading time\" \/>\n\t<meta name=\"twitter:data1\" content=\"2 minutes\" \/>\n<script type=\"application\/ld+json\" class=\"yoast-schema-graph\">{\"@context\":\"https:\/\/schema.org\",\"@graph\":[{\"@type\":\"WebPage\",\"@id\":\"https:\/\/jeaken.com\/fr\/produit\/gelules-de-champignons-lions\/\",\"url\":\"https:\/\/jeaken.com\/fr\/produit\/gelules-de-champignons-lions\/\",\"name\":\"Lion's Mane Mushroom Capsules - Suppl\u00e9ment nootropique pour am\u00e9liorer les fonctions cognitives et le syst\u00e8me immunitaire. 5000mg. - JeaKen\",\"isPartOf\":{\"@id\":\"https:\/\/jeaken.com\/fr\/#website\"},\"primaryImageOfPage\":{\"@id\":\"https:\/\/jeaken.com\/fr\/produit\/gelules-de-champignons-lions\/#primaryimage\"},\"image\":{\"@id\":\"https:\/\/jeaken.com\/fr\/produit\/gelules-de-champignons-lions\/#primaryimage\"},\"thumbnailUrl\":\"https:\/\/jeaken.com\/wp-content\/uploads\/2022\/07\/Lions-Mane.jpg\",\"datePublished\":\"2022-07-21T18:18:22+00:00\",\"dateModified\":\"2022-09-08T12:46:37+00:00\",\"breadcrumb\":{\"@id\":\"https:\/\/jeaken.com\/fr\/produit\/gelules-de-champignons-lions\/#breadcrumb\"},\"inLanguage\":\"fr-FR\",\"potentialAction\":[{\"@type\":\"ReadAction\",\"target\":[\"https:\/\/jeaken.com\/fr\/produit\/gelules-de-champignons-lions\/\"]}]},{\"@type\":\"ImageObject\",\"inLanguage\":\"fr-FR\",\"@id\":\"https:\/\/jeaken.com\/fr\/produit\/gelules-de-champignons-lions\/#primaryimage\",\"url\":\"https:\/\/jeaken.com\/wp-content\/uploads\/2022\/07\/Lions-Mane.jpg\",\"contentUrl\":\"https:\/\/jeaken.com\/wp-content\/uploads\/2022\/07\/Lions-Mane.jpg\",\"width\":512,\"height\":600,\"caption\":\"Lion\u2019s Mane\"},{\"@type\":\"BreadcrumbList\",\"@id\":\"https:\/\/jeaken.com\/fr\/produit\/gelules-de-champignons-lions\/#breadcrumb\",\"itemListElement\":[{\"@type\":\"ListItem\",\"position\":1,\"name\":\"Home\",\"item\":\"https:\/\/jeaken.com\/fr\/\"},{\"@type\":\"ListItem\",\"position\":2,\"name\":\"Private: Shop\",\"item\":\"https:\/\/jeaken.com\/shop\/\"},{\"@type\":\"ListItem\",\"position\":3,\"name\":\"Lion&#8217;s Mane Mushroom Capsules &#8211; Suppl\u00e9ment nootropique pour am\u00e9liorer les fonctions cognitives et le syst\u00e8me immunitaire. 5000mg.\"}]},{\"@type\":\"WebSite\",\"@id\":\"https:\/\/jeaken.com\/fr\/#website\",\"url\":\"https:\/\/jeaken.com\/fr\/\",\"name\":\"JeaKen\",\"description\":\"Organic Supplements for Health, Fitness and Nutrition\",\"publisher\":{\"@id\":\"https:\/\/jeaken.com\/fr\/#organization\"},\"potentialAction\":[{\"@type\":\"SearchAction\",\"target\":{\"@type\":\"EntryPoint\",\"urlTemplate\":\"https:\/\/jeaken.com\/fr\/?s={search_term_string}\"},\"query-input\":\"required name=search_term_string\"}],\"inLanguage\":\"fr-FR\"},{\"@type\":\"Organization\",\"@id\":\"https:\/\/jeaken.com\/fr\/#organization\",\"name\":\"JeaKen\",\"url\":\"https:\/\/jeaken.com\/fr\/\",\"logo\":{\"@type\":\"ImageObject\",\"inLanguage\":\"fr-FR\",\"@id\":\"https:\/\/jeaken.com\/fr\/#\/schema\/logo\/image\/\",\"url\":\"https:\/\/jeaken.com\/wp-content\/uploads\/2022\/06\/jeaken-logo-23.png\",\"contentUrl\":\"https:\/\/jeaken.com\/wp-content\/uploads\/2022\/06\/jeaken-logo-23.png\",\"width\":2486,\"height\":736,\"caption\":\"JeaKen\"},\"image\":{\"@id\":\"https:\/\/jeaken.com\/fr\/#\/schema\/logo\/image\/\"}}]}<\/script>\n<!-- \/ Yoast SEO plugin. -->","yoast_head_json":{"title":"Lion's Mane Mushroom Capsules - Suppl\u00e9ment nootropique pour am\u00e9liorer les fonctions cognitives et le syst\u00e8me immunitaire. 5000mg. - JeaKen","robots":{"index":"index","follow":"follow","max-snippet":"max-snippet:-1","max-image-preview":"max-image-preview:large","max-video-preview":"max-video-preview:-1"},"canonical":"https:\/\/jeaken.com\/fr\/produit\/gelules-de-champignons-lions\/","og_locale":"fr_FR","og_type":"article","og_title":"Lion's Mane Mushroom Capsules - Suppl\u00e9ment nootropique pour am\u00e9liorer les fonctions cognitives et le syst\u00e8me immunitaire. 5000mg. - JeaKen","og_description":"Suppl\u00e9ment cognitif efficace pour am\u00e9liorer la concentration et la focalisation.","og_url":"https:\/\/jeaken.com\/fr\/produit\/gelules-de-champignons-lions\/","og_site_name":"JeaKen","article_modified_time":"2022-09-08T12:46:37+00:00","og_image":[{"width":512,"height":600,"url":"https:\/\/jeaken.com\/wp-content\/uploads\/2022\/07\/Lions-Mane.jpg","type":"image\/jpeg"}],"twitter_card":"summary_large_image","twitter_misc":{"Est. reading time":"2 minutes"},"schema":{"@context":"https:\/\/schema.org","@graph":[{"@type":"WebPage","@id":"https:\/\/jeaken.com\/fr\/produit\/gelules-de-champignons-lions\/","url":"https:\/\/jeaken.com\/fr\/produit\/gelules-de-champignons-lions\/","name":"Lion's Mane Mushroom Capsules - Suppl\u00e9ment nootropique pour am\u00e9liorer les fonctions cognitives et le syst\u00e8me immunitaire. 5000mg. - JeaKen","isPartOf":{"@id":"https:\/\/jeaken.com\/fr\/#website"},"primaryImageOfPage":{"@id":"https:\/\/jeaken.com\/fr\/produit\/gelules-de-champignons-lions\/#primaryimage"},"image":{"@id":"https:\/\/jeaken.com\/fr\/produit\/gelules-de-champignons-lions\/#primaryimage"},"thumbnailUrl":"https:\/\/jeaken.com\/wp-content\/uploads\/2022\/07\/Lions-Mane.jpg","datePublished":"2022-07-21T18:18:22+00:00","dateModified":"2022-09-08T12:46:37+00:00","breadcrumb":{"@id":"https:\/\/jeaken.com\/fr\/produit\/gelules-de-champignons-lions\/#breadcrumb"},"inLanguage":"fr-FR","potentialAction":[{"@type":"ReadAction","target":["https:\/\/jeaken.com\/fr\/produit\/gelules-de-champignons-lions\/"]}]},{"@type":"ImageObject","inLanguage":"fr-FR","@id":"https:\/\/jeaken.com\/fr\/produit\/gelules-de-champignons-lions\/#primaryimage","url":"https:\/\/jeaken.com\/wp-content\/uploads\/2022\/07\/Lions-Mane.jpg","contentUrl":"https:\/\/jeaken.com\/wp-content\/uploads\/2022\/07\/Lions-Mane.jpg","width":512,"height":600,"caption":"Lion\u2019s Mane"},{"@type":"BreadcrumbList","@id":"https:\/\/jeaken.com\/fr\/produit\/gelules-de-champignons-lions\/#breadcrumb","itemListElement":[{"@type":"ListItem","position":1,"name":"Home","item":"https:\/\/jeaken.com\/fr\/"},{"@type":"ListItem","position":2,"name":"Private: Shop","item":"https:\/\/jeaken.com\/shop\/"},{"@type":"ListItem","position":3,"name":"Lion&#8217;s Mane Mushroom Capsules &#8211; Suppl\u00e9ment nootropique pour am\u00e9liorer les fonctions cognitives et le syst\u00e8me immunitaire. 5000mg."}]},{"@type":"WebSite","@id":"https:\/\/jeaken.com\/fr\/#website","url":"https:\/\/jeaken.com\/fr\/","name":"JeaKen","description":"Organic Supplements for Health, Fitness and Nutrition","publisher":{"@id":"https:\/\/jeaken.com\/fr\/#organization"},"potentialAction":[{"@type":"SearchAction","target":{"@type":"EntryPoint","urlTemplate":"https:\/\/jeaken.com\/fr\/?s={search_term_string}"},"query-input":"required name=search_term_string"}],"inLanguage":"fr-FR"},{"@type":"Organization","@id":"https:\/\/jeaken.com\/fr\/#organization","name":"JeaKen","url":"https:\/\/jeaken.com\/fr\/","logo":{"@type":"ImageObject","inLanguage":"fr-FR","@id":"https:\/\/jeaken.com\/fr\/#\/schema\/logo\/image\/","url":"https:\/\/jeaken.com\/wp-content\/uploads\/2022\/06\/jeaken-logo-23.png","contentUrl":"https:\/\/jeaken.com\/wp-content\/uploads\/2022\/06\/jeaken-logo-23.png","width":2486,"height":736,"caption":"JeaKen"},"image":{"@id":"https:\/\/jeaken.com\/fr\/#\/schema\/logo\/image\/"}}]}},"jetpack_sharing_enabled":true,"_links":{"self":[{"href":"https:\/\/jeaken.com\/fr\/wp-json\/wp\/v2\/product\/6768","targetHints":{"allow":["GET"]}}],"collection":[{"href":"https:\/\/jeaken.com\/fr\/wp-json\/wp\/v2\/product"}],"about":[{"href":"https:\/\/jeaken.com\/fr\/wp-json\/wp\/v2\/types\/product"}],"wp:featuredmedia":[{"embeddable":true,"href":"https:\/\/jeaken.com\/fr\/wp-json\/wp\/v2\/media\/16166"}],"wp:attachment":[{"href":"https:\/\/jeaken.com\/fr\/wp-json\/wp\/v2\/media?parent=6768"}],"wp:term":[{"taxonomy":"product_cat","embeddable":true,"href":"https:\/\/jeaken.com\/fr\/wp-json\/wp\/v2\/product_cat?post=6768"},{"taxonomy":"product_tag","embeddable":true,"href":"https:\/\/jeaken.com\/fr\/wp-json\/wp\/v2\/product_tag?post=6768"}],"curies":[{"name":"wp","href":"https:\/\/api.w.org\/{rel}","templated":true}]}}