{"id":6767,"date":"2022-07-21T19:18:22","date_gmt":"2022-07-21T18:18:22","guid":{"rendered":"https:\/1658920591610?product=comprimes-de-vitamine-c-et-de-zinc-de-haute-qualite-pour-le-maintien-de-la-peau-des-cheveux-et-du-fonctionnement-du-systeme-immunitaire"},"modified":"2022-08-09T14:41:52","modified_gmt":"2022-08-09T13:41:52","slug":"comprimes-de-vitamine-c-et-de-zinc-de-haute-qualite-pour-le-maintien-de-la-peau-des-cheveux-et-du-fonctionnement-du-systeme-immunitaire","status":"publish","type":"product","link":"https:\/\/jeaken.com\/fr\/produit\/comprimes-de-vitamine-c-et-de-zinc-de-haute-qualite-pour-le-maintien-de-la-peau-des-cheveux-et-du-fonctionnement-du-systeme-immunitaire\/","title":{"rendered":"Comprim\u00e9s de vitamine C et de zinc de haute qualit\u00e9 &#8211; pour le maintien de la peau, des cheveux et du fonctionnement du syst\u00e8me immunitaire."},"content":{"rendered":"<p><strong>FOURNIT DES VITAMINES ESSENTIELLES<\/strong><\/p>\n<p><span style=\"font-weight: 400;\">La vitamine C et le zinc contribuent tous deux au fonctionnement normal du syst\u00e8me immunitaire tout en contribuant \u00e0 la protection des cellules contre le stress oxydatif.<\/span><\/p>\n<p><strong>FAVORISE UNE PRODUCTION SAINE D&#8217;HORMONES<\/strong><\/p>\n<p><span style=\"font-weight: 400;\">Le zinc est consid\u00e9r\u00e9 comme l&#8217;un des nutriments les plus importants pour la sant\u00e9 de la prostate. Le zinc contribue \u00e9galement \u00e0 une production accrue de testost\u00e9rone, qui joue un r\u00f4le important dans la production de sperme et le maintien de la viabilit\u00e9 des spermatozo\u00efdes.<\/span><\/p>\n<p><strong>RICHE EN VITAMINE C<\/strong><\/p>\n<p><span style=\"font-weight: 400;\">La vitamine C contribue \u00e0 la protection des cellules contre les dommages oxydatifs et \u00e0 la formation normale de collag\u00e8ne pour le bon fonctionnement des cartilages, des os, des vaisseaux sanguins, des gencives, des dents et de la peau. La vitamine C contribue \u00e9galement \u00e0 faciliter le fonctionnement normal du syst\u00e8me immunitaire pendant et apr\u00e8s l&#8217;exercice physique.  <\/span><\/p>\n<p><strong>SANS OGM ET SANS GLUTEN<\/strong><\/p>\n<p><span style=\"font-weight: 400;\">Nos comprim\u00e9s de vitamine C et de zinc conviennent aux v\u00e9g\u00e9taliens et sont exempts de gluten, de bl\u00e9, de produits laitiers, de soja, de levure, de sucre, de sodium, d&#8217;ar\u00f4mes artificiels et d&#8217;\u00e9dulcorants.<\/span><\/p>\n<p>&nbsp;<\/p>\n","protected":false},"excerpt":{"rendered":"<h4>Apporte des vitamines essentielles pour am\u00e9liorer le fonctionnement du syst\u00e8me immunitaire et la sant\u00e9 hormonale.<\/h4>\n<p>&nbsp;<\/p>\n","protected":false},"featured_media":4965,"template":"","meta":{"site-sidebar-layout":"default","site-content-layout":"default","ast-site-content-layout":"default","site-content-style":"default","site-sidebar-style":"default","ast-global-header-display":"","ast-banner-title-visibility":"","ast-main-header-display":"","ast-hfb-above-header-display":"","ast-hfb-below-header-display":"","ast-hfb-mobile-header-display":"","site-post-title":"","ast-breadcrumbs-content":"","ast-featured-img":"","footer-sml-layout":"","theme-transparent-header-meta":"default","adv-header-id-meta":"","stick-header-meta":"default","header-above-stick-meta":"","header-main-stick-meta":"","header-below-stick-meta":"","astra-migrate-meta-layouts":"default","ast-page-background-enabled":"default","ast-page-background-meta":{"desktop":{"background-color":"","background-image":"","background-repeat":"repeat","background-position":"center center","background-size":"auto","background-attachment":"scroll","background-type":"","background-media":"","overlay-type":"","overlay-color":"","overlay-opacity":"","overlay-gradient":""},"tablet":{"background-color":"","background-image":"","background-repeat":"repeat","background-position":"center center","background-size":"auto","background-attachment":"scroll","background-type":"","background-media":"","overlay-type":"","overlay-color":"","overlay-opacity":"","overlay-gradient":""},"mobile":{"background-color":"","background-image":"","background-repeat":"repeat","background-position":"center center","background-size":"auto","background-attachment":"scroll","background-type":"","background-media":"","overlay-type":"","overlay-color":"","overlay-opacity":"","overlay-gradient":""}},"ast-content-background-meta":{"desktop":{"background-color":"var(--ast-global-color-5)","background-image":"","background-repeat":"repeat","background-position":"center center","background-size":"auto","background-attachment":"scroll","background-type":"","background-media":"","overlay-type":"","overlay-color":"","overlay-opacity":"","overlay-gradient":""},"tablet":{"background-color":"var(--ast-global-color-5)","background-image":"","background-repeat":"repeat","background-position":"center center","background-size":"auto","background-attachment":"scroll","background-type":"","background-media":"","overlay-type":"","overlay-color":"","overlay-opacity":"","overlay-gradient":""},"mobile":{"background-color":"var(--ast-global-color-5)","background-image":"","background-repeat":"repeat","background-position":"center center","background-size":"auto","background-attachment":"scroll","background-type":"","background-media":"","overlay-type":"","overlay-color":"","overlay-opacity":"","overlay-gradient":""}}},"product_cat":[518,621,604],"product_tag":[],"class_list":{"0":"post-6767","1":"product","2":"type-product","3":"status-publish","4":"has-post-thumbnail","6":"product_cat-mineraux","7":"product_cat-sante-immunitaire","8":"product_cat-vitamines-et-mineraux","9":"has-subscription-plans","10":"desktop-align-left","11":"tablet-align-left","12":"mobile-align-left","14":"first","15":"outofstock","16":"taxable","17":"shipping-taxable","18":"purchasable","19":"product-type-simple"},"yoast_head":"<!-- This site is optimized with the Yoast SEO plugin v22.7 - https:\/\/yoast.com\/wordpress\/plugins\/seo\/ -->\n<title>Comprim\u00e9s de vitamine C et de zinc de haute qualit\u00e9 - pour le maintien de la peau, des cheveux et du fonctionnement du syst\u00e8me immunitaire. - JeaKen<\/title>\n<meta name=\"robots\" content=\"index, follow, max-snippet:-1, max-image-preview:large, max-video-preview:-1\" \/>\n<link rel=\"canonical\" href=\"https:\/\/jeaken.com\/fr\/produit\/comprimes-de-vitamine-c-et-de-zinc-de-haute-qualite-pour-le-maintien-de-la-peau-des-cheveux-et-du-fonctionnement-du-systeme-immunitaire\/\" \/>\n<meta property=\"og:locale\" content=\"fr_FR\" \/>\n<meta property=\"og:type\" content=\"article\" \/>\n<meta property=\"og:title\" content=\"Comprim\u00e9s de vitamine C et de zinc de haute qualit\u00e9 - pour le maintien de la peau, des cheveux et du fonctionnement du syst\u00e8me immunitaire. - JeaKen\" \/>\n<meta property=\"og:description\" content=\"Apporte des vitamines essentielles pour am\u00e9liorer le fonctionnement du syst\u00e8me immunitaire et la sant\u00e9 hormonale. &nbsp;\" \/>\n<meta property=\"og:url\" content=\"https:\/\/jeaken.com\/fr\/produit\/comprimes-de-vitamine-c-et-de-zinc-de-haute-qualite-pour-le-maintien-de-la-peau-des-cheveux-et-du-fonctionnement-du-systeme-immunitaire\/\" \/>\n<meta property=\"og:site_name\" content=\"JeaKen\" \/>\n<meta property=\"article:modified_time\" content=\"2022-08-09T13:41:52+00:00\" \/>\n<meta property=\"og:image\" content=\"https:\/\/jeaken.com\/wp-content\/uploads\/2022\/07\/71AtqG94rvL._AC_SL1500_.jpg\" \/>\n\t<meta property=\"og:image:width\" content=\"600\" \/>\n\t<meta property=\"og:image:height\" content=\"600\" \/>\n\t<meta property=\"og:image:type\" content=\"image\/jpeg\" \/>\n<meta name=\"twitter:card\" content=\"summary_large_image\" \/>\n<meta name=\"twitter:label1\" content=\"Est. reading time\" \/>\n\t<meta name=\"twitter:data1\" content=\"1 minute\" \/>\n<script type=\"application\/ld+json\" class=\"yoast-schema-graph\">{\"@context\":\"https:\/\/schema.org\",\"@graph\":[{\"@type\":\"WebPage\",\"@id\":\"https:\/\/jeaken.com\/fr\/produit\/comprimes-de-vitamine-c-et-de-zinc-de-haute-qualite-pour-le-maintien-de-la-peau-des-cheveux-et-du-fonctionnement-du-systeme-immunitaire\/\",\"url\":\"https:\/\/jeaken.com\/fr\/produit\/comprimes-de-vitamine-c-et-de-zinc-de-haute-qualite-pour-le-maintien-de-la-peau-des-cheveux-et-du-fonctionnement-du-systeme-immunitaire\/\",\"name\":\"Comprim\u00e9s de vitamine C et de zinc de haute qualit\u00e9 - pour le maintien de la peau, des cheveux et du fonctionnement du syst\u00e8me immunitaire. - JeaKen\",\"isPartOf\":{\"@id\":\"https:\/\/jeaken.com\/fr\/#website\"},\"primaryImageOfPage\":{\"@id\":\"https:\/\/jeaken.com\/fr\/produit\/comprimes-de-vitamine-c-et-de-zinc-de-haute-qualite-pour-le-maintien-de-la-peau-des-cheveux-et-du-fonctionnement-du-systeme-immunitaire\/#primaryimage\"},\"image\":{\"@id\":\"https:\/\/jeaken.com\/fr\/produit\/comprimes-de-vitamine-c-et-de-zinc-de-haute-qualite-pour-le-maintien-de-la-peau-des-cheveux-et-du-fonctionnement-du-systeme-immunitaire\/#primaryimage\"},\"thumbnailUrl\":\"https:\/\/jeaken.com\/wp-content\/uploads\/2022\/07\/71AtqG94rvL._AC_SL1500_.jpg\",\"datePublished\":\"2022-07-21T18:18:22+00:00\",\"dateModified\":\"2022-08-09T13:41:52+00:00\",\"breadcrumb\":{\"@id\":\"https:\/\/jeaken.com\/fr\/produit\/comprimes-de-vitamine-c-et-de-zinc-de-haute-qualite-pour-le-maintien-de-la-peau-des-cheveux-et-du-fonctionnement-du-systeme-immunitaire\/#breadcrumb\"},\"inLanguage\":\"fr-FR\",\"potentialAction\":[{\"@type\":\"ReadAction\",\"target\":[\"https:\/\/jeaken.com\/fr\/produit\/comprimes-de-vitamine-c-et-de-zinc-de-haute-qualite-pour-le-maintien-de-la-peau-des-cheveux-et-du-fonctionnement-du-systeme-immunitaire\/\"]}]},{\"@type\":\"ImageObject\",\"inLanguage\":\"fr-FR\",\"@id\":\"https:\/\/jeaken.com\/fr\/produit\/comprimes-de-vitamine-c-et-de-zinc-de-haute-qualite-pour-le-maintien-de-la-peau-des-cheveux-et-du-fonctionnement-du-systeme-immunitaire\/#primaryimage\",\"url\":\"https:\/\/jeaken.com\/wp-content\/uploads\/2022\/07\/71AtqG94rvL._AC_SL1500_.jpg\",\"contentUrl\":\"https:\/\/jeaken.com\/wp-content\/uploads\/2022\/07\/71AtqG94rvL._AC_SL1500_.jpg\",\"width\":600,\"height\":600,\"caption\":\"Vitamin C and Zinc\"},{\"@type\":\"BreadcrumbList\",\"@id\":\"https:\/\/jeaken.com\/fr\/produit\/comprimes-de-vitamine-c-et-de-zinc-de-haute-qualite-pour-le-maintien-de-la-peau-des-cheveux-et-du-fonctionnement-du-systeme-immunitaire\/#breadcrumb\",\"itemListElement\":[{\"@type\":\"ListItem\",\"position\":1,\"name\":\"Home\",\"item\":\"https:\/\/jeaken.com\/fr\/\"},{\"@type\":\"ListItem\",\"position\":2,\"name\":\"Private: Shop\",\"item\":\"https:\/\/jeaken.com\/shop\/\"},{\"@type\":\"ListItem\",\"position\":3,\"name\":\"Comprim\u00e9s de vitamine C et de zinc de haute qualit\u00e9 &#8211; pour le maintien de la peau, des cheveux et du fonctionnement du syst\u00e8me immunitaire.\"}]},{\"@type\":\"WebSite\",\"@id\":\"https:\/\/jeaken.com\/fr\/#website\",\"url\":\"https:\/\/jeaken.com\/fr\/\",\"name\":\"JeaKen\",\"description\":\"Organic Supplements for Health, Fitness and Nutrition\",\"publisher\":{\"@id\":\"https:\/\/jeaken.com\/fr\/#organization\"},\"potentialAction\":[{\"@type\":\"SearchAction\",\"target\":{\"@type\":\"EntryPoint\",\"urlTemplate\":\"https:\/\/jeaken.com\/fr\/?s={search_term_string}\"},\"query-input\":\"required name=search_term_string\"}],\"inLanguage\":\"fr-FR\"},{\"@type\":\"Organization\",\"@id\":\"https:\/\/jeaken.com\/fr\/#organization\",\"name\":\"JeaKen\",\"url\":\"https:\/\/jeaken.com\/fr\/\",\"logo\":{\"@type\":\"ImageObject\",\"inLanguage\":\"fr-FR\",\"@id\":\"https:\/\/jeaken.com\/fr\/#\/schema\/logo\/image\/\",\"url\":\"https:\/\/jeaken.com\/wp-content\/uploads\/2022\/06\/jeaken-logo-23.png\",\"contentUrl\":\"https:\/\/jeaken.com\/wp-content\/uploads\/2022\/06\/jeaken-logo-23.png\",\"width\":2486,\"height\":736,\"caption\":\"JeaKen\"},\"image\":{\"@id\":\"https:\/\/jeaken.com\/fr\/#\/schema\/logo\/image\/\"}}]}<\/script>\n<!-- \/ Yoast SEO plugin. -->","yoast_head_json":{"title":"Comprim\u00e9s de vitamine C et de zinc de haute qualit\u00e9 - pour le maintien de la peau, des cheveux et du fonctionnement du syst\u00e8me immunitaire. - JeaKen","robots":{"index":"index","follow":"follow","max-snippet":"max-snippet:-1","max-image-preview":"max-image-preview:large","max-video-preview":"max-video-preview:-1"},"canonical":"https:\/\/jeaken.com\/fr\/produit\/comprimes-de-vitamine-c-et-de-zinc-de-haute-qualite-pour-le-maintien-de-la-peau-des-cheveux-et-du-fonctionnement-du-systeme-immunitaire\/","og_locale":"fr_FR","og_type":"article","og_title":"Comprim\u00e9s de vitamine C et de zinc de haute qualit\u00e9 - pour le maintien de la peau, des cheveux et du fonctionnement du syst\u00e8me immunitaire. - JeaKen","og_description":"Apporte des vitamines essentielles pour am\u00e9liorer le fonctionnement du syst\u00e8me immunitaire et la sant\u00e9 hormonale. &nbsp;","og_url":"https:\/\/jeaken.com\/fr\/produit\/comprimes-de-vitamine-c-et-de-zinc-de-haute-qualite-pour-le-maintien-de-la-peau-des-cheveux-et-du-fonctionnement-du-systeme-immunitaire\/","og_site_name":"JeaKen","article_modified_time":"2022-08-09T13:41:52+00:00","og_image":[{"width":600,"height":600,"url":"https:\/\/jeaken.com\/wp-content\/uploads\/2022\/07\/71AtqG94rvL._AC_SL1500_.jpg","type":"image\/jpeg"}],"twitter_card":"summary_large_image","twitter_misc":{"Est. reading time":"1 minute"},"schema":{"@context":"https:\/\/schema.org","@graph":[{"@type":"WebPage","@id":"https:\/\/jeaken.com\/fr\/produit\/comprimes-de-vitamine-c-et-de-zinc-de-haute-qualite-pour-le-maintien-de-la-peau-des-cheveux-et-du-fonctionnement-du-systeme-immunitaire\/","url":"https:\/\/jeaken.com\/fr\/produit\/comprimes-de-vitamine-c-et-de-zinc-de-haute-qualite-pour-le-maintien-de-la-peau-des-cheveux-et-du-fonctionnement-du-systeme-immunitaire\/","name":"Comprim\u00e9s de vitamine C et de zinc de haute qualit\u00e9 - pour le maintien de la peau, des cheveux et du fonctionnement du syst\u00e8me immunitaire. - JeaKen","isPartOf":{"@id":"https:\/\/jeaken.com\/fr\/#website"},"primaryImageOfPage":{"@id":"https:\/\/jeaken.com\/fr\/produit\/comprimes-de-vitamine-c-et-de-zinc-de-haute-qualite-pour-le-maintien-de-la-peau-des-cheveux-et-du-fonctionnement-du-systeme-immunitaire\/#primaryimage"},"image":{"@id":"https:\/\/jeaken.com\/fr\/produit\/comprimes-de-vitamine-c-et-de-zinc-de-haute-qualite-pour-le-maintien-de-la-peau-des-cheveux-et-du-fonctionnement-du-systeme-immunitaire\/#primaryimage"},"thumbnailUrl":"https:\/\/jeaken.com\/wp-content\/uploads\/2022\/07\/71AtqG94rvL._AC_SL1500_.jpg","datePublished":"2022-07-21T18:18:22+00:00","dateModified":"2022-08-09T13:41:52+00:00","breadcrumb":{"@id":"https:\/\/jeaken.com\/fr\/produit\/comprimes-de-vitamine-c-et-de-zinc-de-haute-qualite-pour-le-maintien-de-la-peau-des-cheveux-et-du-fonctionnement-du-systeme-immunitaire\/#breadcrumb"},"inLanguage":"fr-FR","potentialAction":[{"@type":"ReadAction","target":["https:\/\/jeaken.com\/fr\/produit\/comprimes-de-vitamine-c-et-de-zinc-de-haute-qualite-pour-le-maintien-de-la-peau-des-cheveux-et-du-fonctionnement-du-systeme-immunitaire\/"]}]},{"@type":"ImageObject","inLanguage":"fr-FR","@id":"https:\/\/jeaken.com\/fr\/produit\/comprimes-de-vitamine-c-et-de-zinc-de-haute-qualite-pour-le-maintien-de-la-peau-des-cheveux-et-du-fonctionnement-du-systeme-immunitaire\/#primaryimage","url":"https:\/\/jeaken.com\/wp-content\/uploads\/2022\/07\/71AtqG94rvL._AC_SL1500_.jpg","contentUrl":"https:\/\/jeaken.com\/wp-content\/uploads\/2022\/07\/71AtqG94rvL._AC_SL1500_.jpg","width":600,"height":600,"caption":"Vitamin C and Zinc"},{"@type":"BreadcrumbList","@id":"https:\/\/jeaken.com\/fr\/produit\/comprimes-de-vitamine-c-et-de-zinc-de-haute-qualite-pour-le-maintien-de-la-peau-des-cheveux-et-du-fonctionnement-du-systeme-immunitaire\/#breadcrumb","itemListElement":[{"@type":"ListItem","position":1,"name":"Home","item":"https:\/\/jeaken.com\/fr\/"},{"@type":"ListItem","position":2,"name":"Private: Shop","item":"https:\/\/jeaken.com\/shop\/"},{"@type":"ListItem","position":3,"name":"Comprim\u00e9s de vitamine C et de zinc de haute qualit\u00e9 &#8211; pour le maintien de la peau, des cheveux et du fonctionnement du syst\u00e8me immunitaire."}]},{"@type":"WebSite","@id":"https:\/\/jeaken.com\/fr\/#website","url":"https:\/\/jeaken.com\/fr\/","name":"JeaKen","description":"Organic Supplements for Health, Fitness and Nutrition","publisher":{"@id":"https:\/\/jeaken.com\/fr\/#organization"},"potentialAction":[{"@type":"SearchAction","target":{"@type":"EntryPoint","urlTemplate":"https:\/\/jeaken.com\/fr\/?s={search_term_string}"},"query-input":"required name=search_term_string"}],"inLanguage":"fr-FR"},{"@type":"Organization","@id":"https:\/\/jeaken.com\/fr\/#organization","name":"JeaKen","url":"https:\/\/jeaken.com\/fr\/","logo":{"@type":"ImageObject","inLanguage":"fr-FR","@id":"https:\/\/jeaken.com\/fr\/#\/schema\/logo\/image\/","url":"https:\/\/jeaken.com\/wp-content\/uploads\/2022\/06\/jeaken-logo-23.png","contentUrl":"https:\/\/jeaken.com\/wp-content\/uploads\/2022\/06\/jeaken-logo-23.png","width":2486,"height":736,"caption":"JeaKen"},"image":{"@id":"https:\/\/jeaken.com\/fr\/#\/schema\/logo\/image\/"}}]}},"jetpack_sharing_enabled":true,"_links":{"self":[{"href":"https:\/\/jeaken.com\/fr\/wp-json\/wp\/v2\/product\/6767","targetHints":{"allow":["GET"]}}],"collection":[{"href":"https:\/\/jeaken.com\/fr\/wp-json\/wp\/v2\/product"}],"about":[{"href":"https:\/\/jeaken.com\/fr\/wp-json\/wp\/v2\/types\/product"}],"wp:featuredmedia":[{"embeddable":true,"href":"https:\/\/jeaken.com\/fr\/wp-json\/wp\/v2\/media\/4965"}],"wp:attachment":[{"href":"https:\/\/jeaken.com\/fr\/wp-json\/wp\/v2\/media?parent=6767"}],"wp:term":[{"taxonomy":"product_cat","embeddable":true,"href":"https:\/\/jeaken.com\/fr\/wp-json\/wp\/v2\/product_cat?post=6767"},{"taxonomy":"product_tag","embeddable":true,"href":"https:\/\/jeaken.com\/fr\/wp-json\/wp\/v2\/product_tag?post=6767"}],"curies":[{"name":"wp","href":"https:\/\/api.w.org\/{rel}","templated":true}]}}