{"id":6754,"date":"2022-07-21T19:18:22","date_gmt":"2022-07-21T18:18:22","guid":{"rendered":"https:\/1658920591610?product=creme-anti-rides-pour-le-visage-au-collagene-a-lacide-hyaluronique-aux-acides-de-fruits-aha-et-aux-vitamines-a-c-et-e-50ml"},"modified":"2022-08-09T14:41:47","modified_gmt":"2022-08-09T13:41:47","slug":"creme-anti-rides-pour-le-visage-au-collagene-a-lacide-hyaluronique-aux-acides-de-fruits-aha-et-aux-vitamines-a-c-et-e-50ml","status":"publish","type":"product","link":"https:\/\/jeaken.com\/fr\/produit\/creme-anti-rides-pour-le-visage-au-collagene-a-lacide-hyaluronique-aux-acides-de-fruits-aha-et-aux-vitamines-a-c-et-e-50ml\/","title":{"rendered":"Cr\u00e8me anti-rides pour le visage au collag\u00e8ne, \u00e0 l&#8217;acide hyaluronique, aux acides de fruits AHA et aux vitamines A, C et E. 50ml"},"content":{"rendered":"<p><strong>ENRICHI EN VITAMINES A, C ET E, EN ACIDES HYALURONIQUES ET EN ACIDES DE FRUITS AHA.<\/strong><\/p>\n<p><span style=\"font-weight: 400;\">Les vitamines A, C et E constituent une excellente combinaison anti-\u00e2ge. Riche en antioxydants, cette cr\u00e8me aidera \u00e0 stimuler la production de collag\u00e8ne, ce qui se traduira par une peau plus tendue et plus ferme. Il contribuera \u00e9galement \u00e0 r\u00e9duire l&#8217;apparence des rides et des ridules. Gr\u00e2ce \u00e0 l&#8217;ajout d&#8217;acides de fruits Hyaluronique et AHA, notre hydratant \u00e0 la vitamine ACE \u00e9claircira et hydratera la peau, la laissant douce et soyeuse.<\/span><\/p>\n<p><strong>ABSORPTION RAPIDE<\/strong><\/p>\n<p><span style=\"font-weight: 400;\">Notre cr\u00e8me anti-rides pour le visage, l\u00e9g\u00e8re et de qualit\u00e9 sup\u00e9rieure, procure une hydratation rapide. Il est con\u00e7u pour \u00eatre absorb\u00e9 rapidement sans laisser de sensation lourde ou grasse sur votre peau.<\/span><\/p>\n<p><strong>CONVIENT \u00c0 TOUS LES TYPES DE PEAU<\/strong><\/p>\n<p><span style=\"font-weight: 400;\">Notre cr\u00e8me pour la peau, facile \u00e0 appliquer, convient \u00e0 tous les types de peau, y compris les plus sensibles. Il laisse votre peau hydrat\u00e9e, douce et souple, avec une odeur agr\u00e9able et fra\u00eeche.<\/span><\/p>\n<p><strong>RESPECTUEUX DE L&#8217;ENVIRONNEMENT ET SANS CRUAUT\u00c9  <\/strong><\/p>\n<p><span style=\"font-weight: 400;\">Inspir\u00e9s par la nature, nous n&#8217;utilisons que des ingr\u00e9dients naturels de la plus haute qualit\u00e9 dans nos produits de soins de la peau. Tous nos produits sont 100% v\u00e9g\u00e9taliens et sans cruaut\u00e9.<\/span><\/p>\n","protected":false},"excerpt":{"rendered":"<h4><span style=\"font-weight: 400;\">Cr\u00e8me anti-\u00e2ge puissante \u00e0 action rapide pour tous les types de peau<\/span><\/h4>\n","protected":false},"featured_media":4850,"template":"","meta":{"site-sidebar-layout":"default","site-content-layout":"default","ast-site-content-layout":"default","site-content-style":"default","site-sidebar-style":"default","ast-global-header-display":"","ast-banner-title-visibility":"","ast-main-header-display":"","ast-hfb-above-header-display":"","ast-hfb-below-header-display":"","ast-hfb-mobile-header-display":"","site-post-title":"","ast-breadcrumbs-content":"","ast-featured-img":"","footer-sml-layout":"","theme-transparent-header-meta":"default","adv-header-id-meta":"","stick-header-meta":"default","header-above-stick-meta":"","header-main-stick-meta":"","header-below-stick-meta":"","astra-migrate-meta-layouts":"default","ast-page-background-enabled":"default","ast-page-background-meta":{"desktop":{"background-color":"","background-image":"","background-repeat":"repeat","background-position":"center center","background-size":"auto","background-attachment":"scroll","background-type":"","background-media":"","overlay-type":"","overlay-color":"","overlay-opacity":"","overlay-gradient":""},"tablet":{"background-color":"","background-image":"","background-repeat":"repeat","background-position":"center center","background-size":"auto","background-attachment":"scroll","background-type":"","background-media":"","overlay-type":"","overlay-color":"","overlay-opacity":"","overlay-gradient":""},"mobile":{"background-color":"","background-image":"","background-repeat":"repeat","background-position":"center center","background-size":"auto","background-attachment":"scroll","background-type":"","background-media":"","overlay-type":"","overlay-color":"","overlay-opacity":"","overlay-gradient":""}},"ast-content-background-meta":{"desktop":{"background-color":"var(--ast-global-color-5)","background-image":"","background-repeat":"repeat","background-position":"center center","background-size":"auto","background-attachment":"scroll","background-type":"","background-media":"","overlay-type":"","overlay-color":"","overlay-opacity":"","overlay-gradient":""},"tablet":{"background-color":"var(--ast-global-color-5)","background-image":"","background-repeat":"repeat","background-position":"center center","background-size":"auto","background-attachment":"scroll","background-type":"","background-media":"","overlay-type":"","overlay-color":"","overlay-opacity":"","overlay-gradient":""},"mobile":{"background-color":"var(--ast-global-color-5)","background-image":"","background-repeat":"repeat","background-position":"center center","background-size":"auto","background-attachment":"scroll","background-type":"","background-media":"","overlay-type":"","overlay-color":"","overlay-opacity":"","overlay-gradient":""}}},"product_cat":[557,556],"product_tag":[],"class_list":{"0":"post-6754","1":"product","2":"type-product","3":"status-publish","4":"has-post-thumbnail","6":"product_cat-anti-age","7":"product_cat-beaute-naturelle","8":"has-subscription-plans","9":"desktop-align-left","10":"tablet-align-left","11":"mobile-align-left","13":"first","14":"instock","15":"taxable","16":"shipping-taxable","17":"purchasable","18":"product-type-simple"},"yoast_head":"<!-- This site is optimized with the Yoast SEO plugin v22.7 - https:\/\/yoast.com\/wordpress\/plugins\/seo\/ -->\n<title>Cr\u00e8me anti-rides pour le visage au collag\u00e8ne, \u00e0 l&#039;acide hyaluronique, aux acides de fruits AHA et aux vitamines A, C et E. 50ml - JeaKen<\/title>\n<meta name=\"robots\" content=\"index, follow, max-snippet:-1, max-image-preview:large, max-video-preview:-1\" \/>\n<link rel=\"canonical\" href=\"https:\/\/jeaken.com\/fr\/produit\/creme-anti-rides-pour-le-visage-au-collagene-a-lacide-hyaluronique-aux-acides-de-fruits-aha-et-aux-vitamines-a-c-et-e-50ml\/\" \/>\n<meta property=\"og:locale\" content=\"fr_FR\" \/>\n<meta property=\"og:type\" content=\"article\" \/>\n<meta property=\"og:title\" content=\"Cr\u00e8me anti-rides pour le visage au collag\u00e8ne, \u00e0 l&#039;acide hyaluronique, aux acides de fruits AHA et aux vitamines A, C et E. 50ml - JeaKen\" \/>\n<meta property=\"og:description\" content=\"Cr\u00e8me anti-\u00e2ge puissante \u00e0 action rapide pour tous les types de peau\" \/>\n<meta property=\"og:url\" content=\"https:\/\/jeaken.com\/fr\/produit\/creme-anti-rides-pour-le-visage-au-collagene-a-lacide-hyaluronique-aux-acides-de-fruits-aha-et-aux-vitamines-a-c-et-e-50ml\/\" \/>\n<meta property=\"og:site_name\" content=\"JeaKen\" \/>\n<meta property=\"article:modified_time\" content=\"2022-08-09T13:41:47+00:00\" \/>\n<meta property=\"og:image\" content=\"https:\/\/jeaken.com\/wp-content\/uploads\/2022\/07\/81cdwEgUL._AC_SL1500_.jpg\" \/>\n\t<meta property=\"og:image:width\" content=\"600\" \/>\n\t<meta property=\"og:image:height\" content=\"600\" \/>\n\t<meta property=\"og:image:type\" content=\"image\/jpeg\" \/>\n<meta name=\"twitter:card\" content=\"summary_large_image\" \/>\n<meta name=\"twitter:label1\" content=\"Est. reading time\" \/>\n\t<meta name=\"twitter:data1\" content=\"1 minute\" \/>\n<script type=\"application\/ld+json\" class=\"yoast-schema-graph\">{\"@context\":\"https:\/\/schema.org\",\"@graph\":[{\"@type\":\"WebPage\",\"@id\":\"https:\/\/jeaken.com\/fr\/produit\/creme-anti-rides-pour-le-visage-au-collagene-a-lacide-hyaluronique-aux-acides-de-fruits-aha-et-aux-vitamines-a-c-et-e-50ml\/\",\"url\":\"https:\/\/jeaken.com\/fr\/produit\/creme-anti-rides-pour-le-visage-au-collagene-a-lacide-hyaluronique-aux-acides-de-fruits-aha-et-aux-vitamines-a-c-et-e-50ml\/\",\"name\":\"Cr\u00e8me anti-rides pour le visage au collag\u00e8ne, \u00e0 l'acide hyaluronique, aux acides de fruits AHA et aux vitamines A, C et E. 50ml - JeaKen\",\"isPartOf\":{\"@id\":\"https:\/\/jeaken.com\/fr\/#website\"},\"primaryImageOfPage\":{\"@id\":\"https:\/\/jeaken.com\/fr\/produit\/creme-anti-rides-pour-le-visage-au-collagene-a-lacide-hyaluronique-aux-acides-de-fruits-aha-et-aux-vitamines-a-c-et-e-50ml\/#primaryimage\"},\"image\":{\"@id\":\"https:\/\/jeaken.com\/fr\/produit\/creme-anti-rides-pour-le-visage-au-collagene-a-lacide-hyaluronique-aux-acides-de-fruits-aha-et-aux-vitamines-a-c-et-e-50ml\/#primaryimage\"},\"thumbnailUrl\":\"https:\/\/jeaken.com\/wp-content\/uploads\/2022\/07\/81cdwEgUL._AC_SL1500_.jpg\",\"datePublished\":\"2022-07-21T18:18:22+00:00\",\"dateModified\":\"2022-08-09T13:41:47+00:00\",\"breadcrumb\":{\"@id\":\"https:\/\/jeaken.com\/fr\/produit\/creme-anti-rides-pour-le-visage-au-collagene-a-lacide-hyaluronique-aux-acides-de-fruits-aha-et-aux-vitamines-a-c-et-e-50ml\/#breadcrumb\"},\"inLanguage\":\"fr-FR\",\"potentialAction\":[{\"@type\":\"ReadAction\",\"target\":[\"https:\/\/jeaken.com\/fr\/produit\/creme-anti-rides-pour-le-visage-au-collagene-a-lacide-hyaluronique-aux-acides-de-fruits-aha-et-aux-vitamines-a-c-et-e-50ml\/\"]}]},{\"@type\":\"ImageObject\",\"inLanguage\":\"fr-FR\",\"@id\":\"https:\/\/jeaken.com\/fr\/produit\/creme-anti-rides-pour-le-visage-au-collagene-a-lacide-hyaluronique-aux-acides-de-fruits-aha-et-aux-vitamines-a-c-et-e-50ml\/#primaryimage\",\"url\":\"https:\/\/jeaken.com\/wp-content\/uploads\/2022\/07\/81cdwEgUL._AC_SL1500_.jpg\",\"contentUrl\":\"https:\/\/jeaken.com\/wp-content\/uploads\/2022\/07\/81cdwEgUL._AC_SL1500_.jpg\",\"width\":600,\"height\":600,\"caption\":\"Collagen-Boosting Anti Wrinkle Face Cream\"},{\"@type\":\"BreadcrumbList\",\"@id\":\"https:\/\/jeaken.com\/fr\/produit\/creme-anti-rides-pour-le-visage-au-collagene-a-lacide-hyaluronique-aux-acides-de-fruits-aha-et-aux-vitamines-a-c-et-e-50ml\/#breadcrumb\",\"itemListElement\":[{\"@type\":\"ListItem\",\"position\":1,\"name\":\"Home\",\"item\":\"https:\/\/jeaken.com\/fr\/\"},{\"@type\":\"ListItem\",\"position\":2,\"name\":\"Private: Shop\",\"item\":\"https:\/\/jeaken.com\/shop\/\"},{\"@type\":\"ListItem\",\"position\":3,\"name\":\"Cr\u00e8me anti-rides pour le visage au collag\u00e8ne, \u00e0 l&#8217;acide hyaluronique, aux acides de fruits AHA et aux vitamines A, C et E. 50ml\"}]},{\"@type\":\"WebSite\",\"@id\":\"https:\/\/jeaken.com\/fr\/#website\",\"url\":\"https:\/\/jeaken.com\/fr\/\",\"name\":\"JeaKen\",\"description\":\"Organic Supplements for Health, Fitness and Nutrition\",\"publisher\":{\"@id\":\"https:\/\/jeaken.com\/fr\/#organization\"},\"potentialAction\":[{\"@type\":\"SearchAction\",\"target\":{\"@type\":\"EntryPoint\",\"urlTemplate\":\"https:\/\/jeaken.com\/fr\/?s={search_term_string}\"},\"query-input\":\"required name=search_term_string\"}],\"inLanguage\":\"fr-FR\"},{\"@type\":\"Organization\",\"@id\":\"https:\/\/jeaken.com\/fr\/#organization\",\"name\":\"JeaKen\",\"url\":\"https:\/\/jeaken.com\/fr\/\",\"logo\":{\"@type\":\"ImageObject\",\"inLanguage\":\"fr-FR\",\"@id\":\"https:\/\/jeaken.com\/fr\/#\/schema\/logo\/image\/\",\"url\":\"https:\/\/jeaken.com\/wp-content\/uploads\/2022\/06\/jeaken-logo-23.png\",\"contentUrl\":\"https:\/\/jeaken.com\/wp-content\/uploads\/2022\/06\/jeaken-logo-23.png\",\"width\":2486,\"height\":736,\"caption\":\"JeaKen\"},\"image\":{\"@id\":\"https:\/\/jeaken.com\/fr\/#\/schema\/logo\/image\/\"}}]}<\/script>\n<!-- \/ Yoast SEO plugin. -->","yoast_head_json":{"title":"Cr\u00e8me anti-rides pour le visage au collag\u00e8ne, \u00e0 l'acide hyaluronique, aux acides de fruits AHA et aux vitamines A, C et E. 50ml - JeaKen","robots":{"index":"index","follow":"follow","max-snippet":"max-snippet:-1","max-image-preview":"max-image-preview:large","max-video-preview":"max-video-preview:-1"},"canonical":"https:\/\/jeaken.com\/fr\/produit\/creme-anti-rides-pour-le-visage-au-collagene-a-lacide-hyaluronique-aux-acides-de-fruits-aha-et-aux-vitamines-a-c-et-e-50ml\/","og_locale":"fr_FR","og_type":"article","og_title":"Cr\u00e8me anti-rides pour le visage au collag\u00e8ne, \u00e0 l'acide hyaluronique, aux acides de fruits AHA et aux vitamines A, C et E. 50ml - JeaKen","og_description":"Cr\u00e8me anti-\u00e2ge puissante \u00e0 action rapide pour tous les types de peau","og_url":"https:\/\/jeaken.com\/fr\/produit\/creme-anti-rides-pour-le-visage-au-collagene-a-lacide-hyaluronique-aux-acides-de-fruits-aha-et-aux-vitamines-a-c-et-e-50ml\/","og_site_name":"JeaKen","article_modified_time":"2022-08-09T13:41:47+00:00","og_image":[{"width":600,"height":600,"url":"https:\/\/jeaken.com\/wp-content\/uploads\/2022\/07\/81cdwEgUL._AC_SL1500_.jpg","type":"image\/jpeg"}],"twitter_card":"summary_large_image","twitter_misc":{"Est. reading time":"1 minute"},"schema":{"@context":"https:\/\/schema.org","@graph":[{"@type":"WebPage","@id":"https:\/\/jeaken.com\/fr\/produit\/creme-anti-rides-pour-le-visage-au-collagene-a-lacide-hyaluronique-aux-acides-de-fruits-aha-et-aux-vitamines-a-c-et-e-50ml\/","url":"https:\/\/jeaken.com\/fr\/produit\/creme-anti-rides-pour-le-visage-au-collagene-a-lacide-hyaluronique-aux-acides-de-fruits-aha-et-aux-vitamines-a-c-et-e-50ml\/","name":"Cr\u00e8me anti-rides pour le visage au collag\u00e8ne, \u00e0 l'acide hyaluronique, aux acides de fruits AHA et aux vitamines A, C et E. 50ml - JeaKen","isPartOf":{"@id":"https:\/\/jeaken.com\/fr\/#website"},"primaryImageOfPage":{"@id":"https:\/\/jeaken.com\/fr\/produit\/creme-anti-rides-pour-le-visage-au-collagene-a-lacide-hyaluronique-aux-acides-de-fruits-aha-et-aux-vitamines-a-c-et-e-50ml\/#primaryimage"},"image":{"@id":"https:\/\/jeaken.com\/fr\/produit\/creme-anti-rides-pour-le-visage-au-collagene-a-lacide-hyaluronique-aux-acides-de-fruits-aha-et-aux-vitamines-a-c-et-e-50ml\/#primaryimage"},"thumbnailUrl":"https:\/\/jeaken.com\/wp-content\/uploads\/2022\/07\/81cdwEgUL._AC_SL1500_.jpg","datePublished":"2022-07-21T18:18:22+00:00","dateModified":"2022-08-09T13:41:47+00:00","breadcrumb":{"@id":"https:\/\/jeaken.com\/fr\/produit\/creme-anti-rides-pour-le-visage-au-collagene-a-lacide-hyaluronique-aux-acides-de-fruits-aha-et-aux-vitamines-a-c-et-e-50ml\/#breadcrumb"},"inLanguage":"fr-FR","potentialAction":[{"@type":"ReadAction","target":["https:\/\/jeaken.com\/fr\/produit\/creme-anti-rides-pour-le-visage-au-collagene-a-lacide-hyaluronique-aux-acides-de-fruits-aha-et-aux-vitamines-a-c-et-e-50ml\/"]}]},{"@type":"ImageObject","inLanguage":"fr-FR","@id":"https:\/\/jeaken.com\/fr\/produit\/creme-anti-rides-pour-le-visage-au-collagene-a-lacide-hyaluronique-aux-acides-de-fruits-aha-et-aux-vitamines-a-c-et-e-50ml\/#primaryimage","url":"https:\/\/jeaken.com\/wp-content\/uploads\/2022\/07\/81cdwEgUL._AC_SL1500_.jpg","contentUrl":"https:\/\/jeaken.com\/wp-content\/uploads\/2022\/07\/81cdwEgUL._AC_SL1500_.jpg","width":600,"height":600,"caption":"Collagen-Boosting Anti Wrinkle Face Cream"},{"@type":"BreadcrumbList","@id":"https:\/\/jeaken.com\/fr\/produit\/creme-anti-rides-pour-le-visage-au-collagene-a-lacide-hyaluronique-aux-acides-de-fruits-aha-et-aux-vitamines-a-c-et-e-50ml\/#breadcrumb","itemListElement":[{"@type":"ListItem","position":1,"name":"Home","item":"https:\/\/jeaken.com\/fr\/"},{"@type":"ListItem","position":2,"name":"Private: Shop","item":"https:\/\/jeaken.com\/shop\/"},{"@type":"ListItem","position":3,"name":"Cr\u00e8me anti-rides pour le visage au collag\u00e8ne, \u00e0 l&#8217;acide hyaluronique, aux acides de fruits AHA et aux vitamines A, C et E. 50ml"}]},{"@type":"WebSite","@id":"https:\/\/jeaken.com\/fr\/#website","url":"https:\/\/jeaken.com\/fr\/","name":"JeaKen","description":"Organic Supplements for Health, Fitness and Nutrition","publisher":{"@id":"https:\/\/jeaken.com\/fr\/#organization"},"potentialAction":[{"@type":"SearchAction","target":{"@type":"EntryPoint","urlTemplate":"https:\/\/jeaken.com\/fr\/?s={search_term_string}"},"query-input":"required name=search_term_string"}],"inLanguage":"fr-FR"},{"@type":"Organization","@id":"https:\/\/jeaken.com\/fr\/#organization","name":"JeaKen","url":"https:\/\/jeaken.com\/fr\/","logo":{"@type":"ImageObject","inLanguage":"fr-FR","@id":"https:\/\/jeaken.com\/fr\/#\/schema\/logo\/image\/","url":"https:\/\/jeaken.com\/wp-content\/uploads\/2022\/06\/jeaken-logo-23.png","contentUrl":"https:\/\/jeaken.com\/wp-content\/uploads\/2022\/06\/jeaken-logo-23.png","width":2486,"height":736,"caption":"JeaKen"},"image":{"@id":"https:\/\/jeaken.com\/fr\/#\/schema\/logo\/image\/"}}]}},"jetpack_sharing_enabled":true,"_links":{"self":[{"href":"https:\/\/jeaken.com\/fr\/wp-json\/wp\/v2\/product\/6754","targetHints":{"allow":["GET"]}}],"collection":[{"href":"https:\/\/jeaken.com\/fr\/wp-json\/wp\/v2\/product"}],"about":[{"href":"https:\/\/jeaken.com\/fr\/wp-json\/wp\/v2\/types\/product"}],"wp:featuredmedia":[{"embeddable":true,"href":"https:\/\/jeaken.com\/fr\/wp-json\/wp\/v2\/media\/4850"}],"wp:attachment":[{"href":"https:\/\/jeaken.com\/fr\/wp-json\/wp\/v2\/media?parent=6754"}],"wp:term":[{"taxonomy":"product_cat","embeddable":true,"href":"https:\/\/jeaken.com\/fr\/wp-json\/wp\/v2\/product_cat?post=6754"},{"taxonomy":"product_tag","embeddable":true,"href":"https:\/\/jeaken.com\/fr\/wp-json\/wp\/v2\/product_tag?post=6754"}],"curies":[{"name":"wp","href":"https:\/\/api.w.org\/{rel}","templated":true}]}}