{"id":6753,"date":"2022-07-21T19:18:22","date_gmt":"2022-07-21T18:18:22","guid":{"rendered":"https:\/1658920591610?product=lotion-anti-vergetures-infusee-dhuiles-essentielles-et-dextraits-pour-reduire-les-cicatrices-et-les-vergetures-50ml"},"modified":"2022-08-09T14:41:47","modified_gmt":"2022-08-09T13:41:47","slug":"lotion-anti-vergetures-infusee-dhuiles-essentielles-et-dextraits-pour-reduire-les-cicatrices-et-les-vergetures-50ml","status":"publish","type":"product","link":"https:\/\/jeaken.com\/fr\/produit\/lotion-anti-vergetures-infusee-dhuiles-essentielles-et-dextraits-pour-reduire-les-cicatrices-et-les-vergetures-50ml\/","title":{"rendered":"Lotion anti-vergetures &#8211; Infus\u00e9e d&#8217;huiles essentielles et d&#8217;extraits pour r\u00e9duire les cicatrices et les vergetures. 50ml"},"content":{"rendered":"<p><strong><span class=\"a-list-item\">OFFRE DE MULTIPLES AVANTAGES<\/span><\/strong><\/p>\n<p><span class=\"a-list-item\">Con\u00e7ue pour le traitement des vergetures avant et apr\u00e8s la naissance, cette lotion puissante tonifie et resserre les tissus tout en favorisant la r\u00e9g\u00e9n\u00e9ration cellulaire et en am\u00e9liorant l&#8217;\u00e9lasticit\u00e9 de la peau.<\/span><\/p>\n<p><strong><span class=\"a-list-item\">\u00c9CLAIRCIT ET FAIT DISPARA\u00ceTRE LES CICATRICES  <\/span><\/strong><\/p>\n<p><span class=\"a-list-item\">Notre s\u00e9rum unique convient \u00e0 tous les types de peau et aux femmes enceintes. Il aide \u00e0 am\u00e9liorer l&#8217;apparence des cicatrices nouvelles et anciennes, des vergetures et du teint in\u00e9gal.<\/span><\/p>\n<p><strong><span class=\"a-list-item\">CONTIENT DES INGR\u00c9DIENTS NATURELS  <\/span><\/strong><\/p>\n<p><span class=\"a-list-item\">Cette lotion corporelle douce contient une gamme d&#8217;extraits de fruits et d&#8217;huiles essentielles qui agissent de plusieurs fa\u00e7ons pour adoucir et r\u00e9duire les tissus cicatriciels et les vergetures.  <\/span><\/p>\n<p><strong><span class=\"a-list-item\">RAPIDEMENT ABSORB\u00c9  <\/span><\/strong><\/p>\n<p><span class=\"a-list-item\">Nous avons combin\u00e9 les huiles essentielles et les extraits les plus doux pour cr\u00e9er une lotion d\u00e9licate qui est rapidement absorb\u00e9e par la peau.<\/span><\/p>\n<p>&nbsp;<\/p>\n","protected":false},"excerpt":{"rendered":"<h4 id=\"title\" class=\"a-size-large a-spacing-none\"><span id=\"productTitle\" class=\"a-size-large product-title-word-break\">Une formule douce et naturelle qui am\u00e9liore l&#8217;apparence des imperfections cutan\u00e9es ind\u00e9sirables.<\/span><\/h4>\n<h4 class=\"a-size-large a-spacing-none\"><\/h4>\n","protected":false},"featured_media":5204,"template":"","meta":{"site-sidebar-layout":"default","site-content-layout":"default","ast-site-content-layout":"default","site-content-style":"default","site-sidebar-style":"default","ast-global-header-display":"","ast-banner-title-visibility":"","ast-main-header-display":"","ast-hfb-above-header-display":"","ast-hfb-below-header-display":"","ast-hfb-mobile-header-display":"","site-post-title":"","ast-breadcrumbs-content":"","ast-featured-img":"","footer-sml-layout":"","theme-transparent-header-meta":"default","adv-header-id-meta":"","stick-header-meta":"default","header-above-stick-meta":"","header-main-stick-meta":"","header-below-stick-meta":"","astra-migrate-meta-layouts":"default","ast-page-background-enabled":"default","ast-page-background-meta":{"desktop":{"background-color":"","background-image":"","background-repeat":"repeat","background-position":"center center","background-size":"auto","background-attachment":"scroll","background-type":"","background-media":"","overlay-type":"","overlay-color":"","overlay-opacity":"","overlay-gradient":""},"tablet":{"background-color":"","background-image":"","background-repeat":"repeat","background-position":"center center","background-size":"auto","background-attachment":"scroll","background-type":"","background-media":"","overlay-type":"","overlay-color":"","overlay-opacity":"","overlay-gradient":""},"mobile":{"background-color":"","background-image":"","background-repeat":"repeat","background-position":"center center","background-size":"auto","background-attachment":"scroll","background-type":"","background-media":"","overlay-type":"","overlay-color":"","overlay-opacity":"","overlay-gradient":""}},"ast-content-background-meta":{"desktop":{"background-color":"var(--ast-global-color-5)","background-image":"","background-repeat":"repeat","background-position":"center center","background-size":"auto","background-attachment":"scroll","background-type":"","background-media":"","overlay-type":"","overlay-color":"","overlay-opacity":"","overlay-gradient":""},"tablet":{"background-color":"var(--ast-global-color-5)","background-image":"","background-repeat":"repeat","background-position":"center center","background-size":"auto","background-attachment":"scroll","background-type":"","background-media":"","overlay-type":"","overlay-color":"","overlay-opacity":"","overlay-gradient":""},"mobile":{"background-color":"var(--ast-global-color-5)","background-image":"","background-repeat":"repeat","background-position":"center center","background-size":"auto","background-attachment":"scroll","background-type":"","background-media":"","overlay-type":"","overlay-color":"","overlay-opacity":"","overlay-gradient":""}}},"product_cat":[556,518,558],"product_tag":[],"class_list":{"0":"post-6753","1":"product","2":"type-product","3":"status-publish","4":"has-post-thumbnail","6":"product_cat-beaute-naturelle","7":"product_cat-mineraux","8":"product_cat-vergetures-et-cellulite","9":"has-subscription-plans","10":"desktop-align-left","11":"tablet-align-left","12":"mobile-align-left","14":"first","15":"instock","16":"taxable","17":"shipping-taxable","18":"purchasable","19":"product-type-simple"},"yoast_head":"<!-- This site is optimized with the Yoast SEO plugin v22.7 - https:\/\/yoast.com\/wordpress\/plugins\/seo\/ -->\n<title>Lotion anti-vergetures - Infus\u00e9e d&#039;huiles essentielles et d&#039;extraits pour r\u00e9duire les cicatrices et les vergetures. 50ml - JeaKen<\/title>\n<meta name=\"robots\" content=\"index, follow, max-snippet:-1, max-image-preview:large, max-video-preview:-1\" \/>\n<link rel=\"canonical\" href=\"https:\/\/jeaken.com\/fr\/produit\/lotion-anti-vergetures-infusee-dhuiles-essentielles-et-dextraits-pour-reduire-les-cicatrices-et-les-vergetures-50ml\/\" \/>\n<meta property=\"og:locale\" content=\"fr_FR\" \/>\n<meta property=\"og:type\" content=\"article\" \/>\n<meta property=\"og:title\" content=\"Lotion anti-vergetures - Infus\u00e9e d&#039;huiles essentielles et d&#039;extraits pour r\u00e9duire les cicatrices et les vergetures. 50ml - JeaKen\" \/>\n<meta property=\"og:description\" content=\"Une formule douce et naturelle qui am\u00e9liore l&#039;apparence des imperfections cutan\u00e9es ind\u00e9sirables.\" \/>\n<meta property=\"og:url\" content=\"https:\/\/jeaken.com\/fr\/produit\/lotion-anti-vergetures-infusee-dhuiles-essentielles-et-dextraits-pour-reduire-les-cicatrices-et-les-vergetures-50ml\/\" \/>\n<meta property=\"og:site_name\" content=\"JeaKen\" \/>\n<meta property=\"article:modified_time\" content=\"2022-08-09T13:41:47+00:00\" \/>\n<meta property=\"og:image\" content=\"https:\/\/jeaken.com\/wp-content\/uploads\/2022\/07\/81dxVnM0XyL._AC_SL1500_.jpg\" \/>\n\t<meta property=\"og:image:width\" content=\"600\" \/>\n\t<meta property=\"og:image:height\" content=\"600\" \/>\n\t<meta property=\"og:image:type\" content=\"image\/jpeg\" \/>\n<meta name=\"twitter:card\" content=\"summary_large_image\" \/>\n<meta name=\"twitter:label1\" content=\"Est. reading time\" \/>\n\t<meta name=\"twitter:data1\" content=\"1 minute\" \/>\n<script type=\"application\/ld+json\" class=\"yoast-schema-graph\">{\"@context\":\"https:\/\/schema.org\",\"@graph\":[{\"@type\":\"WebPage\",\"@id\":\"https:\/\/jeaken.com\/fr\/produit\/lotion-anti-vergetures-infusee-dhuiles-essentielles-et-dextraits-pour-reduire-les-cicatrices-et-les-vergetures-50ml\/\",\"url\":\"https:\/\/jeaken.com\/fr\/produit\/lotion-anti-vergetures-infusee-dhuiles-essentielles-et-dextraits-pour-reduire-les-cicatrices-et-les-vergetures-50ml\/\",\"name\":\"Lotion anti-vergetures - Infus\u00e9e d'huiles essentielles et d'extraits pour r\u00e9duire les cicatrices et les vergetures. 50ml - JeaKen\",\"isPartOf\":{\"@id\":\"https:\/\/jeaken.com\/fr\/#website\"},\"primaryImageOfPage\":{\"@id\":\"https:\/\/jeaken.com\/fr\/produit\/lotion-anti-vergetures-infusee-dhuiles-essentielles-et-dextraits-pour-reduire-les-cicatrices-et-les-vergetures-50ml\/#primaryimage\"},\"image\":{\"@id\":\"https:\/\/jeaken.com\/fr\/produit\/lotion-anti-vergetures-infusee-dhuiles-essentielles-et-dextraits-pour-reduire-les-cicatrices-et-les-vergetures-50ml\/#primaryimage\"},\"thumbnailUrl\":\"https:\/\/jeaken.com\/wp-content\/uploads\/2022\/07\/81dxVnM0XyL._AC_SL1500_.jpg\",\"datePublished\":\"2022-07-21T18:18:22+00:00\",\"dateModified\":\"2022-08-09T13:41:47+00:00\",\"breadcrumb\":{\"@id\":\"https:\/\/jeaken.com\/fr\/produit\/lotion-anti-vergetures-infusee-dhuiles-essentielles-et-dextraits-pour-reduire-les-cicatrices-et-les-vergetures-50ml\/#breadcrumb\"},\"inLanguage\":\"fr-FR\",\"potentialAction\":[{\"@type\":\"ReadAction\",\"target\":[\"https:\/\/jeaken.com\/fr\/produit\/lotion-anti-vergetures-infusee-dhuiles-essentielles-et-dextraits-pour-reduire-les-cicatrices-et-les-vergetures-50ml\/\"]}]},{\"@type\":\"ImageObject\",\"inLanguage\":\"fr-FR\",\"@id\":\"https:\/\/jeaken.com\/fr\/produit\/lotion-anti-vergetures-infusee-dhuiles-essentielles-et-dextraits-pour-reduire-les-cicatrices-et-les-vergetures-50ml\/#primaryimage\",\"url\":\"https:\/\/jeaken.com\/wp-content\/uploads\/2022\/07\/81dxVnM0XyL._AC_SL1500_.jpg\",\"contentUrl\":\"https:\/\/jeaken.com\/wp-content\/uploads\/2022\/07\/81dxVnM0XyL._AC_SL1500_.jpg\",\"width\":600,\"height\":600,\"caption\":\"Stretch Mark Removal Lotion\"},{\"@type\":\"BreadcrumbList\",\"@id\":\"https:\/\/jeaken.com\/fr\/produit\/lotion-anti-vergetures-infusee-dhuiles-essentielles-et-dextraits-pour-reduire-les-cicatrices-et-les-vergetures-50ml\/#breadcrumb\",\"itemListElement\":[{\"@type\":\"ListItem\",\"position\":1,\"name\":\"Home\",\"item\":\"https:\/\/jeaken.com\/fr\/\"},{\"@type\":\"ListItem\",\"position\":2,\"name\":\"Private: Shop\",\"item\":\"https:\/\/jeaken.com\/shop\/\"},{\"@type\":\"ListItem\",\"position\":3,\"name\":\"Lotion anti-vergetures &#8211; Infus\u00e9e d&#8217;huiles essentielles et d&#8217;extraits pour r\u00e9duire les cicatrices et les vergetures. 50ml\"}]},{\"@type\":\"WebSite\",\"@id\":\"https:\/\/jeaken.com\/fr\/#website\",\"url\":\"https:\/\/jeaken.com\/fr\/\",\"name\":\"JeaKen\",\"description\":\"Organic Supplements for Health, Fitness and Nutrition\",\"publisher\":{\"@id\":\"https:\/\/jeaken.com\/fr\/#organization\"},\"potentialAction\":[{\"@type\":\"SearchAction\",\"target\":{\"@type\":\"EntryPoint\",\"urlTemplate\":\"https:\/\/jeaken.com\/fr\/?s={search_term_string}\"},\"query-input\":\"required name=search_term_string\"}],\"inLanguage\":\"fr-FR\"},{\"@type\":\"Organization\",\"@id\":\"https:\/\/jeaken.com\/fr\/#organization\",\"name\":\"JeaKen\",\"url\":\"https:\/\/jeaken.com\/fr\/\",\"logo\":{\"@type\":\"ImageObject\",\"inLanguage\":\"fr-FR\",\"@id\":\"https:\/\/jeaken.com\/fr\/#\/schema\/logo\/image\/\",\"url\":\"https:\/\/jeaken.com\/wp-content\/uploads\/2022\/06\/jeaken-logo-23.png\",\"contentUrl\":\"https:\/\/jeaken.com\/wp-content\/uploads\/2022\/06\/jeaken-logo-23.png\",\"width\":2486,\"height\":736,\"caption\":\"JeaKen\"},\"image\":{\"@id\":\"https:\/\/jeaken.com\/fr\/#\/schema\/logo\/image\/\"}}]}<\/script>\n<!-- \/ Yoast SEO plugin. -->","yoast_head_json":{"title":"Lotion anti-vergetures - Infus\u00e9e d'huiles essentielles et d'extraits pour r\u00e9duire les cicatrices et les vergetures. 50ml - JeaKen","robots":{"index":"index","follow":"follow","max-snippet":"max-snippet:-1","max-image-preview":"max-image-preview:large","max-video-preview":"max-video-preview:-1"},"canonical":"https:\/\/jeaken.com\/fr\/produit\/lotion-anti-vergetures-infusee-dhuiles-essentielles-et-dextraits-pour-reduire-les-cicatrices-et-les-vergetures-50ml\/","og_locale":"fr_FR","og_type":"article","og_title":"Lotion anti-vergetures - Infus\u00e9e d'huiles essentielles et d'extraits pour r\u00e9duire les cicatrices et les vergetures. 50ml - JeaKen","og_description":"Une formule douce et naturelle qui am\u00e9liore l'apparence des imperfections cutan\u00e9es ind\u00e9sirables.","og_url":"https:\/\/jeaken.com\/fr\/produit\/lotion-anti-vergetures-infusee-dhuiles-essentielles-et-dextraits-pour-reduire-les-cicatrices-et-les-vergetures-50ml\/","og_site_name":"JeaKen","article_modified_time":"2022-08-09T13:41:47+00:00","og_image":[{"width":600,"height":600,"url":"https:\/\/jeaken.com\/wp-content\/uploads\/2022\/07\/81dxVnM0XyL._AC_SL1500_.jpg","type":"image\/jpeg"}],"twitter_card":"summary_large_image","twitter_misc":{"Est. reading time":"1 minute"},"schema":{"@context":"https:\/\/schema.org","@graph":[{"@type":"WebPage","@id":"https:\/\/jeaken.com\/fr\/produit\/lotion-anti-vergetures-infusee-dhuiles-essentielles-et-dextraits-pour-reduire-les-cicatrices-et-les-vergetures-50ml\/","url":"https:\/\/jeaken.com\/fr\/produit\/lotion-anti-vergetures-infusee-dhuiles-essentielles-et-dextraits-pour-reduire-les-cicatrices-et-les-vergetures-50ml\/","name":"Lotion anti-vergetures - Infus\u00e9e d'huiles essentielles et d'extraits pour r\u00e9duire les cicatrices et les vergetures. 50ml - JeaKen","isPartOf":{"@id":"https:\/\/jeaken.com\/fr\/#website"},"primaryImageOfPage":{"@id":"https:\/\/jeaken.com\/fr\/produit\/lotion-anti-vergetures-infusee-dhuiles-essentielles-et-dextraits-pour-reduire-les-cicatrices-et-les-vergetures-50ml\/#primaryimage"},"image":{"@id":"https:\/\/jeaken.com\/fr\/produit\/lotion-anti-vergetures-infusee-dhuiles-essentielles-et-dextraits-pour-reduire-les-cicatrices-et-les-vergetures-50ml\/#primaryimage"},"thumbnailUrl":"https:\/\/jeaken.com\/wp-content\/uploads\/2022\/07\/81dxVnM0XyL._AC_SL1500_.jpg","datePublished":"2022-07-21T18:18:22+00:00","dateModified":"2022-08-09T13:41:47+00:00","breadcrumb":{"@id":"https:\/\/jeaken.com\/fr\/produit\/lotion-anti-vergetures-infusee-dhuiles-essentielles-et-dextraits-pour-reduire-les-cicatrices-et-les-vergetures-50ml\/#breadcrumb"},"inLanguage":"fr-FR","potentialAction":[{"@type":"ReadAction","target":["https:\/\/jeaken.com\/fr\/produit\/lotion-anti-vergetures-infusee-dhuiles-essentielles-et-dextraits-pour-reduire-les-cicatrices-et-les-vergetures-50ml\/"]}]},{"@type":"ImageObject","inLanguage":"fr-FR","@id":"https:\/\/jeaken.com\/fr\/produit\/lotion-anti-vergetures-infusee-dhuiles-essentielles-et-dextraits-pour-reduire-les-cicatrices-et-les-vergetures-50ml\/#primaryimage","url":"https:\/\/jeaken.com\/wp-content\/uploads\/2022\/07\/81dxVnM0XyL._AC_SL1500_.jpg","contentUrl":"https:\/\/jeaken.com\/wp-content\/uploads\/2022\/07\/81dxVnM0XyL._AC_SL1500_.jpg","width":600,"height":600,"caption":"Stretch Mark Removal Lotion"},{"@type":"BreadcrumbList","@id":"https:\/\/jeaken.com\/fr\/produit\/lotion-anti-vergetures-infusee-dhuiles-essentielles-et-dextraits-pour-reduire-les-cicatrices-et-les-vergetures-50ml\/#breadcrumb","itemListElement":[{"@type":"ListItem","position":1,"name":"Home","item":"https:\/\/jeaken.com\/fr\/"},{"@type":"ListItem","position":2,"name":"Private: Shop","item":"https:\/\/jeaken.com\/shop\/"},{"@type":"ListItem","position":3,"name":"Lotion anti-vergetures &#8211; Infus\u00e9e d&#8217;huiles essentielles et d&#8217;extraits pour r\u00e9duire les cicatrices et les vergetures. 50ml"}]},{"@type":"WebSite","@id":"https:\/\/jeaken.com\/fr\/#website","url":"https:\/\/jeaken.com\/fr\/","name":"JeaKen","description":"Organic Supplements for Health, Fitness and Nutrition","publisher":{"@id":"https:\/\/jeaken.com\/fr\/#organization"},"potentialAction":[{"@type":"SearchAction","target":{"@type":"EntryPoint","urlTemplate":"https:\/\/jeaken.com\/fr\/?s={search_term_string}"},"query-input":"required name=search_term_string"}],"inLanguage":"fr-FR"},{"@type":"Organization","@id":"https:\/\/jeaken.com\/fr\/#organization","name":"JeaKen","url":"https:\/\/jeaken.com\/fr\/","logo":{"@type":"ImageObject","inLanguage":"fr-FR","@id":"https:\/\/jeaken.com\/fr\/#\/schema\/logo\/image\/","url":"https:\/\/jeaken.com\/wp-content\/uploads\/2022\/06\/jeaken-logo-23.png","contentUrl":"https:\/\/jeaken.com\/wp-content\/uploads\/2022\/06\/jeaken-logo-23.png","width":2486,"height":736,"caption":"JeaKen"},"image":{"@id":"https:\/\/jeaken.com\/fr\/#\/schema\/logo\/image\/"}}]}},"jetpack_sharing_enabled":true,"_links":{"self":[{"href":"https:\/\/jeaken.com\/fr\/wp-json\/wp\/v2\/product\/6753","targetHints":{"allow":["GET"]}}],"collection":[{"href":"https:\/\/jeaken.com\/fr\/wp-json\/wp\/v2\/product"}],"about":[{"href":"https:\/\/jeaken.com\/fr\/wp-json\/wp\/v2\/types\/product"}],"wp:featuredmedia":[{"embeddable":true,"href":"https:\/\/jeaken.com\/fr\/wp-json\/wp\/v2\/media\/5204"}],"wp:attachment":[{"href":"https:\/\/jeaken.com\/fr\/wp-json\/wp\/v2\/media?parent=6753"}],"wp:term":[{"taxonomy":"product_cat","embeddable":true,"href":"https:\/\/jeaken.com\/fr\/wp-json\/wp\/v2\/product_cat?post=6753"},{"taxonomy":"product_tag","embeddable":true,"href":"https:\/\/jeaken.com\/fr\/wp-json\/wp\/v2\/product_tag?post=6753"}],"curies":[{"name":"wp","href":"https:\/\/api.w.org\/{rel}","templated":true}]}}