{"id":6751,"date":"2022-07-21T19:18:22","date_gmt":"2022-07-21T18:18:22","guid":{"rendered":"https:\/1658920591610?product=vitamine-b-complexe-haute-puissance-365-comprimes"},"modified":"2022-08-09T14:41:47","modified_gmt":"2022-08-09T13:41:47","slug":"vitamine-b-complexe-haute-puissance-365-comprimes","status":"publish","type":"product","link":"https:\/\/jeaken.com\/fr\/produit\/vitamine-b-complexe-haute-puissance-365-comprimes\/","title":{"rendered":"Vitamine B-Complexe haute puissance (365 comprim\u00e9s)"},"content":{"rendered":"<p><strong><span class=\"a-list-item\">AUGMENTE L&#8217;\u00c9NERGIE  <\/span><\/strong><\/p>\n<p><span class=\"a-list-item\">La famille des vitamines B comprend les suppl\u00e9ments courants que sont la vitamine B12, la biotine et l&#8217;acide folique. Les vitamines B jouent un r\u00f4le dans le m\u00e9tabolisme \u00e9nerg\u00e9tique en transformant les aliments en \u00e9nergie et en favorisant la sant\u00e9 du c\u0153ur et du syst\u00e8me nerveux.<\/span><\/p>\n<p><strong><span class=\"a-list-item\">SOUTIENT VOTRE CORPS  <\/span><\/strong><\/p>\n<p><span class=\"a-list-item\">  Le complexe de vitamines B contribue au maintien de cheveux, d&#8217;une peau et d&#8217;os normaux. Il augmente \u00e9galement l&#8217;absorption du calcium, r\u00e9duit la fatigue, normalise le m\u00e9tabolisme \u00e9nerg\u00e9tique et soutient la fonction des globules rouges et du syst\u00e8me immunitaire.<\/span><\/p>\n<p><strong><span class=\"a-list-item\">FACILE \u00c0 PRENDRE  <\/span><\/strong><\/p>\n<p><span class=\"a-list-item\">Ce suppl\u00e9ment contient les 8 vitamines B, y compris la biotine et l&#8217;acide folique. Il suffit de prendre un comprim\u00e9 facile \u00e0 avaler par jour pour obtenir un bon \u00e9quilibre en vitamine B.<\/span><\/p>\n","protected":false},"excerpt":{"rendered":"<h4>Fournit toutes les vitamines B quotidiennes dont votre corps a besoin pour une sant\u00e9 et un bien-\u00eatre optimaux.<\/h4>\n","protected":false},"featured_media":15669,"template":"","meta":{"site-sidebar-layout":"default","site-content-layout":"default","ast-site-content-layout":"default","site-content-style":"default","site-sidebar-style":"default","ast-global-header-display":"","ast-banner-title-visibility":"","ast-main-header-display":"","ast-hfb-above-header-display":"","ast-hfb-below-header-display":"","ast-hfb-mobile-header-display":"","site-post-title":"","ast-breadcrumbs-content":"","ast-featured-img":"","footer-sml-layout":"","theme-transparent-header-meta":"default","adv-header-id-meta":"","stick-header-meta":"default","header-above-stick-meta":"","header-main-stick-meta":"","header-below-stick-meta":"","astra-migrate-meta-layouts":"default","ast-page-background-enabled":"default","ast-page-background-meta":{"desktop":{"background-color":"","background-image":"","background-repeat":"repeat","background-position":"center center","background-size":"auto","background-attachment":"scroll","background-type":"","background-media":"","overlay-type":"","overlay-color":"","overlay-opacity":"","overlay-gradient":""},"tablet":{"background-color":"","background-image":"","background-repeat":"repeat","background-position":"center center","background-size":"auto","background-attachment":"scroll","background-type":"","background-media":"","overlay-type":"","overlay-color":"","overlay-opacity":"","overlay-gradient":""},"mobile":{"background-color":"","background-image":"","background-repeat":"repeat","background-position":"center center","background-size":"auto","background-attachment":"scroll","background-type":"","background-media":"","overlay-type":"","overlay-color":"","overlay-opacity":"","overlay-gradient":""}},"ast-content-background-meta":{"desktop":{"background-color":"var(--ast-global-color-5)","background-image":"","background-repeat":"repeat","background-position":"center center","background-size":"auto","background-attachment":"scroll","background-type":"","background-media":"","overlay-type":"","overlay-color":"","overlay-opacity":"","overlay-gradient":""},"tablet":{"background-color":"var(--ast-global-color-5)","background-image":"","background-repeat":"repeat","background-position":"center center","background-size":"auto","background-attachment":"scroll","background-type":"","background-media":"","overlay-type":"","overlay-color":"","overlay-opacity":"","overlay-gradient":""},"mobile":{"background-color":"var(--ast-global-color-5)","background-image":"","background-repeat":"repeat","background-position":"center center","background-size":"auto","background-attachment":"scroll","background-type":"","background-media":"","overlay-type":"","overlay-color":"","overlay-opacity":"","overlay-gradient":""}}},"product_cat":[520,519,604],"product_tag":[],"class_list":{"0":"post-6751","1":"product","2":"type-product","3":"status-publish","4":"has-post-thumbnail","6":"product_cat-fatigue-fr","7":"product_cat-nutrition-sportive","8":"product_cat-vitamines-et-mineraux","9":"has-subscription-plans","10":"desktop-align-left","11":"tablet-align-left","12":"mobile-align-left","14":"first","15":"instock","16":"taxable","17":"shipping-taxable","18":"purchasable","19":"product-type-simple"},"yoast_head":"<!-- This site is optimized with the Yoast SEO plugin v22.7 - https:\/\/yoast.com\/wordpress\/plugins\/seo\/ -->\n<title>Vitamine B-Complexe haute puissance (365 comprim\u00e9s) - JeaKen<\/title>\n<meta name=\"robots\" content=\"index, follow, max-snippet:-1, max-image-preview:large, max-video-preview:-1\" \/>\n<link rel=\"canonical\" href=\"https:\/\/jeaken.com\/fr\/produit\/vitamine-b-complexe-haute-puissance-365-comprimes\/\" \/>\n<meta property=\"og:locale\" content=\"fr_FR\" \/>\n<meta property=\"og:type\" content=\"article\" \/>\n<meta property=\"og:title\" content=\"Vitamine B-Complexe haute puissance (365 comprim\u00e9s) - JeaKen\" \/>\n<meta property=\"og:description\" content=\"Fournit toutes les vitamines B quotidiennes dont votre corps a besoin pour une sant\u00e9 et un bien-\u00eatre optimaux.\" \/>\n<meta property=\"og:url\" content=\"https:\/\/jeaken.com\/fr\/produit\/vitamine-b-complexe-haute-puissance-365-comprimes\/\" \/>\n<meta property=\"og:site_name\" content=\"JeaKen\" \/>\n<meta property=\"article:modified_time\" content=\"2022-08-09T13:41:47+00:00\" \/>\n<meta property=\"og:image\" content=\"https:\/\/jeaken.com\/wp-content\/uploads\/2022\/07\/Vitamin-B-Complex.jpg\" \/>\n\t<meta property=\"og:image:width\" content=\"512\" \/>\n\t<meta property=\"og:image:height\" content=\"600\" \/>\n\t<meta property=\"og:image:type\" content=\"image\/jpeg\" \/>\n<meta name=\"twitter:card\" content=\"summary_large_image\" \/>\n<meta name=\"twitter:label1\" content=\"Est. reading time\" \/>\n\t<meta name=\"twitter:data1\" content=\"1 minute\" \/>\n<script type=\"application\/ld+json\" class=\"yoast-schema-graph\">{\"@context\":\"https:\/\/schema.org\",\"@graph\":[{\"@type\":\"WebPage\",\"@id\":\"https:\/\/jeaken.com\/fr\/produit\/vitamine-b-complexe-haute-puissance-365-comprimes\/\",\"url\":\"https:\/\/jeaken.com\/fr\/produit\/vitamine-b-complexe-haute-puissance-365-comprimes\/\",\"name\":\"Vitamine B-Complexe haute puissance (365 comprim\u00e9s) - JeaKen\",\"isPartOf\":{\"@id\":\"https:\/\/jeaken.com\/fr\/#website\"},\"primaryImageOfPage\":{\"@id\":\"https:\/\/jeaken.com\/fr\/produit\/vitamine-b-complexe-haute-puissance-365-comprimes\/#primaryimage\"},\"image\":{\"@id\":\"https:\/\/jeaken.com\/fr\/produit\/vitamine-b-complexe-haute-puissance-365-comprimes\/#primaryimage\"},\"thumbnailUrl\":\"https:\/\/jeaken.com\/wp-content\/uploads\/2022\/07\/Vitamin-B-Complex.jpg\",\"datePublished\":\"2022-07-21T18:18:22+00:00\",\"dateModified\":\"2022-08-09T13:41:47+00:00\",\"breadcrumb\":{\"@id\":\"https:\/\/jeaken.com\/fr\/produit\/vitamine-b-complexe-haute-puissance-365-comprimes\/#breadcrumb\"},\"inLanguage\":\"fr-FR\",\"potentialAction\":[{\"@type\":\"ReadAction\",\"target\":[\"https:\/\/jeaken.com\/fr\/produit\/vitamine-b-complexe-haute-puissance-365-comprimes\/\"]}]},{\"@type\":\"ImageObject\",\"inLanguage\":\"fr-FR\",\"@id\":\"https:\/\/jeaken.com\/fr\/produit\/vitamine-b-complexe-haute-puissance-365-comprimes\/#primaryimage\",\"url\":\"https:\/\/jeaken.com\/wp-content\/uploads\/2022\/07\/Vitamin-B-Complex.jpg\",\"contentUrl\":\"https:\/\/jeaken.com\/wp-content\/uploads\/2022\/07\/Vitamin-B-Complex.jpg\",\"width\":512,\"height\":600,\"caption\":\"High-Strength Vitamin B-Complex (365 Tablets)\"},{\"@type\":\"BreadcrumbList\",\"@id\":\"https:\/\/jeaken.com\/fr\/produit\/vitamine-b-complexe-haute-puissance-365-comprimes\/#breadcrumb\",\"itemListElement\":[{\"@type\":\"ListItem\",\"position\":1,\"name\":\"Home\",\"item\":\"https:\/\/jeaken.com\/fr\/\"},{\"@type\":\"ListItem\",\"position\":2,\"name\":\"Private: Shop\",\"item\":\"https:\/\/jeaken.com\/shop\/\"},{\"@type\":\"ListItem\",\"position\":3,\"name\":\"Vitamine B-Complexe haute puissance (365 comprim\u00e9s)\"}]},{\"@type\":\"WebSite\",\"@id\":\"https:\/\/jeaken.com\/fr\/#website\",\"url\":\"https:\/\/jeaken.com\/fr\/\",\"name\":\"JeaKen\",\"description\":\"Organic Supplements for Health, Fitness and Nutrition\",\"publisher\":{\"@id\":\"https:\/\/jeaken.com\/fr\/#organization\"},\"potentialAction\":[{\"@type\":\"SearchAction\",\"target\":{\"@type\":\"EntryPoint\",\"urlTemplate\":\"https:\/\/jeaken.com\/fr\/?s={search_term_string}\"},\"query-input\":\"required name=search_term_string\"}],\"inLanguage\":\"fr-FR\"},{\"@type\":\"Organization\",\"@id\":\"https:\/\/jeaken.com\/fr\/#organization\",\"name\":\"JeaKen\",\"url\":\"https:\/\/jeaken.com\/fr\/\",\"logo\":{\"@type\":\"ImageObject\",\"inLanguage\":\"fr-FR\",\"@id\":\"https:\/\/jeaken.com\/fr\/#\/schema\/logo\/image\/\",\"url\":\"https:\/\/jeaken.com\/wp-content\/uploads\/2022\/06\/jeaken-logo-23.png\",\"contentUrl\":\"https:\/\/jeaken.com\/wp-content\/uploads\/2022\/06\/jeaken-logo-23.png\",\"width\":2486,\"height\":736,\"caption\":\"JeaKen\"},\"image\":{\"@id\":\"https:\/\/jeaken.com\/fr\/#\/schema\/logo\/image\/\"}}]}<\/script>\n<!-- \/ Yoast SEO plugin. -->","yoast_head_json":{"title":"Vitamine B-Complexe haute puissance (365 comprim\u00e9s) - JeaKen","robots":{"index":"index","follow":"follow","max-snippet":"max-snippet:-1","max-image-preview":"max-image-preview:large","max-video-preview":"max-video-preview:-1"},"canonical":"https:\/\/jeaken.com\/fr\/produit\/vitamine-b-complexe-haute-puissance-365-comprimes\/","og_locale":"fr_FR","og_type":"article","og_title":"Vitamine B-Complexe haute puissance (365 comprim\u00e9s) - JeaKen","og_description":"Fournit toutes les vitamines B quotidiennes dont votre corps a besoin pour une sant\u00e9 et un bien-\u00eatre optimaux.","og_url":"https:\/\/jeaken.com\/fr\/produit\/vitamine-b-complexe-haute-puissance-365-comprimes\/","og_site_name":"JeaKen","article_modified_time":"2022-08-09T13:41:47+00:00","og_image":[{"width":512,"height":600,"url":"https:\/\/jeaken.com\/wp-content\/uploads\/2022\/07\/Vitamin-B-Complex.jpg","type":"image\/jpeg"}],"twitter_card":"summary_large_image","twitter_misc":{"Est. reading time":"1 minute"},"schema":{"@context":"https:\/\/schema.org","@graph":[{"@type":"WebPage","@id":"https:\/\/jeaken.com\/fr\/produit\/vitamine-b-complexe-haute-puissance-365-comprimes\/","url":"https:\/\/jeaken.com\/fr\/produit\/vitamine-b-complexe-haute-puissance-365-comprimes\/","name":"Vitamine B-Complexe haute puissance (365 comprim\u00e9s) - JeaKen","isPartOf":{"@id":"https:\/\/jeaken.com\/fr\/#website"},"primaryImageOfPage":{"@id":"https:\/\/jeaken.com\/fr\/produit\/vitamine-b-complexe-haute-puissance-365-comprimes\/#primaryimage"},"image":{"@id":"https:\/\/jeaken.com\/fr\/produit\/vitamine-b-complexe-haute-puissance-365-comprimes\/#primaryimage"},"thumbnailUrl":"https:\/\/jeaken.com\/wp-content\/uploads\/2022\/07\/Vitamin-B-Complex.jpg","datePublished":"2022-07-21T18:18:22+00:00","dateModified":"2022-08-09T13:41:47+00:00","breadcrumb":{"@id":"https:\/\/jeaken.com\/fr\/produit\/vitamine-b-complexe-haute-puissance-365-comprimes\/#breadcrumb"},"inLanguage":"fr-FR","potentialAction":[{"@type":"ReadAction","target":["https:\/\/jeaken.com\/fr\/produit\/vitamine-b-complexe-haute-puissance-365-comprimes\/"]}]},{"@type":"ImageObject","inLanguage":"fr-FR","@id":"https:\/\/jeaken.com\/fr\/produit\/vitamine-b-complexe-haute-puissance-365-comprimes\/#primaryimage","url":"https:\/\/jeaken.com\/wp-content\/uploads\/2022\/07\/Vitamin-B-Complex.jpg","contentUrl":"https:\/\/jeaken.com\/wp-content\/uploads\/2022\/07\/Vitamin-B-Complex.jpg","width":512,"height":600,"caption":"High-Strength Vitamin B-Complex (365 Tablets)"},{"@type":"BreadcrumbList","@id":"https:\/\/jeaken.com\/fr\/produit\/vitamine-b-complexe-haute-puissance-365-comprimes\/#breadcrumb","itemListElement":[{"@type":"ListItem","position":1,"name":"Home","item":"https:\/\/jeaken.com\/fr\/"},{"@type":"ListItem","position":2,"name":"Private: Shop","item":"https:\/\/jeaken.com\/shop\/"},{"@type":"ListItem","position":3,"name":"Vitamine B-Complexe haute puissance (365 comprim\u00e9s)"}]},{"@type":"WebSite","@id":"https:\/\/jeaken.com\/fr\/#website","url":"https:\/\/jeaken.com\/fr\/","name":"JeaKen","description":"Organic Supplements for Health, Fitness and Nutrition","publisher":{"@id":"https:\/\/jeaken.com\/fr\/#organization"},"potentialAction":[{"@type":"SearchAction","target":{"@type":"EntryPoint","urlTemplate":"https:\/\/jeaken.com\/fr\/?s={search_term_string}"},"query-input":"required name=search_term_string"}],"inLanguage":"fr-FR"},{"@type":"Organization","@id":"https:\/\/jeaken.com\/fr\/#organization","name":"JeaKen","url":"https:\/\/jeaken.com\/fr\/","logo":{"@type":"ImageObject","inLanguage":"fr-FR","@id":"https:\/\/jeaken.com\/fr\/#\/schema\/logo\/image\/","url":"https:\/\/jeaken.com\/wp-content\/uploads\/2022\/06\/jeaken-logo-23.png","contentUrl":"https:\/\/jeaken.com\/wp-content\/uploads\/2022\/06\/jeaken-logo-23.png","width":2486,"height":736,"caption":"JeaKen"},"image":{"@id":"https:\/\/jeaken.com\/fr\/#\/schema\/logo\/image\/"}}]}},"jetpack_sharing_enabled":true,"_links":{"self":[{"href":"https:\/\/jeaken.com\/fr\/wp-json\/wp\/v2\/product\/6751","targetHints":{"allow":["GET"]}}],"collection":[{"href":"https:\/\/jeaken.com\/fr\/wp-json\/wp\/v2\/product"}],"about":[{"href":"https:\/\/jeaken.com\/fr\/wp-json\/wp\/v2\/types\/product"}],"wp:featuredmedia":[{"embeddable":true,"href":"https:\/\/jeaken.com\/fr\/wp-json\/wp\/v2\/media\/15669"}],"wp:attachment":[{"href":"https:\/\/jeaken.com\/fr\/wp-json\/wp\/v2\/media?parent=6751"}],"wp:term":[{"taxonomy":"product_cat","embeddable":true,"href":"https:\/\/jeaken.com\/fr\/wp-json\/wp\/v2\/product_cat?post=6751"},{"taxonomy":"product_tag","embeddable":true,"href":"https:\/\/jeaken.com\/fr\/wp-json\/wp\/v2\/product_tag?post=6751"}],"curies":[{"name":"wp","href":"https:\/\/api.w.org\/{rel}","templated":true}]}}