{"id":6749,"date":"2022-07-21T19:18:22","date_gmt":"2022-07-21T18:18:22","guid":{"rendered":"https:\/1658920591610?product=gelules-de-vitamine-d-a-absorption-elevee-enrichies-en-huile-dolive-pour-la-sante-des-os-des-dents-et-de-la-fonction-immunitaire"},"modified":"2022-08-09T14:41:47","modified_gmt":"2022-08-09T13:41:47","slug":"gelules-de-vitamine-d-a-absorption-elevee-enrichies-en-huile-dolive-pour-la-sante-des-os-des-dents-et-de-la-fonction-immunitaire","status":"publish","type":"product","link":"https:\/\/jeaken.com\/fr\/produit\/gelules-de-vitamine-d-a-absorption-elevee-enrichies-en-huile-dolive-pour-la-sante-des-os-des-dents-et-de-la-fonction-immunitaire\/","title":{"rendered":"G\u00e9lules de vitamine D \u00e0 absorption \u00e9lev\u00e9e &#8211; enrichies en huile d&#8217;olive pour la sant\u00e9 des os, des dents et de la fonction immunitaire."},"content":{"rendered":"<p><span style=\"font-weight: 400;\"><strong>VITAMINE D3 HAUTE PUISSANCE<\/strong> <\/span><\/p>\n<p><span style=\"font-weight: 400;\">Il peut \u00eatre difficile d&#8217;obtenir une quantit\u00e9 suffisante de vitamine D, c&#8217;est pourquoi notre suppl\u00e9ment de vitamine D fournit 4 000 UI par softgel dans une petite capsule facile \u00e0 avaler que votre corps peut facilement absorber. Nos capsules sont quatre fois plus fortes que les produits de vitamine D ordinaires.<\/span><\/p>\n<p><strong>FAVORISE LA SANT\u00c9 DES DENTS, DES OS ET DU SYST\u00c8ME IMMUNITAIRE<\/strong><\/p>\n<p><span style=\"font-weight: 400;\">La vitamine D aide \u00e0 r\u00e9guler la quantit\u00e9 de calcium et de phosphate dans l&#8217;organisme et contribue au maintien de la normalit\u00e9 des os, des dents, de la fonction musculaire et du fonctionnement du syst\u00e8me immunitaire.<\/span><\/p>\n","protected":false},"excerpt":{"rendered":"<h4>Contribue efficacement \u00e0 la sant\u00e9 du syst\u00e8me immunitaire et \u00e0 la solidit\u00e9 des dents et des os.<\/h4>\n","protected":false},"featured_media":5014,"template":"","meta":{"site-sidebar-layout":"default","site-content-layout":"default","ast-site-content-layout":"default","site-content-style":"default","site-sidebar-style":"default","ast-global-header-display":"","ast-banner-title-visibility":"","ast-main-header-display":"","ast-hfb-above-header-display":"","ast-hfb-below-header-display":"","ast-hfb-mobile-header-display":"","site-post-title":"","ast-breadcrumbs-content":"","ast-featured-img":"","footer-sml-layout":"","theme-transparent-header-meta":"default","adv-header-id-meta":"","stick-header-meta":"default","header-above-stick-meta":"","header-main-stick-meta":"","header-below-stick-meta":"","astra-migrate-meta-layouts":"default","ast-page-background-enabled":"default","ast-page-background-meta":{"desktop":{"background-color":"","background-image":"","background-repeat":"repeat","background-position":"center center","background-size":"auto","background-attachment":"scroll","background-type":"","background-media":"","overlay-type":"","overlay-color":"","overlay-opacity":"","overlay-gradient":""},"tablet":{"background-color":"","background-image":"","background-repeat":"repeat","background-position":"center center","background-size":"auto","background-attachment":"scroll","background-type":"","background-media":"","overlay-type":"","overlay-color":"","overlay-opacity":"","overlay-gradient":""},"mobile":{"background-color":"","background-image":"","background-repeat":"repeat","background-position":"center center","background-size":"auto","background-attachment":"scroll","background-type":"","background-media":"","overlay-type":"","overlay-color":"","overlay-opacity":"","overlay-gradient":""}},"ast-content-background-meta":{"desktop":{"background-color":"var(--ast-global-color-5)","background-image":"","background-repeat":"repeat","background-position":"center center","background-size":"auto","background-attachment":"scroll","background-type":"","background-media":"","overlay-type":"","overlay-color":"","overlay-opacity":"","overlay-gradient":""},"tablet":{"background-color":"var(--ast-global-color-5)","background-image":"","background-repeat":"repeat","background-position":"center center","background-size":"auto","background-attachment":"scroll","background-type":"","background-media":"","overlay-type":"","overlay-color":"","overlay-opacity":"","overlay-gradient":""},"mobile":{"background-color":"var(--ast-global-color-5)","background-image":"","background-repeat":"repeat","background-position":"center center","background-size":"auto","background-attachment":"scroll","background-type":"","background-media":"","overlay-type":"","overlay-color":"","overlay-opacity":"","overlay-gradient":""}}},"product_cat":[621,604],"product_tag":[],"class_list":{"0":"post-6749","1":"product","2":"type-product","3":"status-publish","4":"has-post-thumbnail","6":"product_cat-sante-immunitaire","7":"product_cat-vitamines-et-mineraux","8":"has-subscription-plans","9":"desktop-align-left","10":"tablet-align-left","11":"mobile-align-left","13":"first","14":"instock","15":"taxable","16":"shipping-taxable","17":"purchasable","18":"product-type-simple"},"yoast_head":"<!-- This site is optimized with the Yoast SEO plugin v22.7 - https:\/\/yoast.com\/wordpress\/plugins\/seo\/ -->\n<title>G\u00e9lules de vitamine D \u00e0 absorption \u00e9lev\u00e9e - enrichies en huile d&#039;olive pour la sant\u00e9 des os, des dents et de la fonction immunitaire. - JeaKen<\/title>\n<meta name=\"robots\" content=\"index, follow, max-snippet:-1, max-image-preview:large, max-video-preview:-1\" \/>\n<link rel=\"canonical\" href=\"https:\/\/jeaken.com\/fr\/produit\/gelules-de-vitamine-d-a-absorption-elevee-enrichies-en-huile-dolive-pour-la-sante-des-os-des-dents-et-de-la-fonction-immunitaire\/\" \/>\n<meta property=\"og:locale\" content=\"fr_FR\" \/>\n<meta property=\"og:type\" content=\"article\" \/>\n<meta property=\"og:title\" content=\"G\u00e9lules de vitamine D \u00e0 absorption \u00e9lev\u00e9e - enrichies en huile d&#039;olive pour la sant\u00e9 des os, des dents et de la fonction immunitaire. - JeaKen\" \/>\n<meta property=\"og:description\" content=\"Contribue efficacement \u00e0 la sant\u00e9 du syst\u00e8me immunitaire et \u00e0 la solidit\u00e9 des dents et des os.\" \/>\n<meta property=\"og:url\" content=\"https:\/\/jeaken.com\/fr\/produit\/gelules-de-vitamine-d-a-absorption-elevee-enrichies-en-huile-dolive-pour-la-sante-des-os-des-dents-et-de-la-fonction-immunitaire\/\" \/>\n<meta property=\"og:site_name\" content=\"JeaKen\" \/>\n<meta property=\"article:modified_time\" content=\"2022-08-09T13:41:47+00:00\" \/>\n<meta property=\"og:image\" content=\"https:\/\/jeaken.com\/wp-content\/uploads\/2022\/07\/71O56XrsW9L._AC_SL1500_.jpg\" \/>\n\t<meta property=\"og:image:width\" content=\"600\" \/>\n\t<meta property=\"og:image:height\" content=\"600\" \/>\n\t<meta property=\"og:image:type\" content=\"image\/jpeg\" \/>\n<meta name=\"twitter:card\" content=\"summary_large_image\" \/>\n<meta name=\"twitter:label1\" content=\"Est. reading time\" \/>\n\t<meta name=\"twitter:data1\" content=\"1 minute\" \/>\n<script type=\"application\/ld+json\" class=\"yoast-schema-graph\">{\"@context\":\"https:\/\/schema.org\",\"@graph\":[{\"@type\":\"WebPage\",\"@id\":\"https:\/\/jeaken.com\/fr\/produit\/gelules-de-vitamine-d-a-absorption-elevee-enrichies-en-huile-dolive-pour-la-sante-des-os-des-dents-et-de-la-fonction-immunitaire\/\",\"url\":\"https:\/\/jeaken.com\/fr\/produit\/gelules-de-vitamine-d-a-absorption-elevee-enrichies-en-huile-dolive-pour-la-sante-des-os-des-dents-et-de-la-fonction-immunitaire\/\",\"name\":\"G\u00e9lules de vitamine D \u00e0 absorption \u00e9lev\u00e9e - enrichies en huile d'olive pour la sant\u00e9 des os, des dents et de la fonction immunitaire. - JeaKen\",\"isPartOf\":{\"@id\":\"https:\/\/jeaken.com\/fr\/#website\"},\"primaryImageOfPage\":{\"@id\":\"https:\/\/jeaken.com\/fr\/produit\/gelules-de-vitamine-d-a-absorption-elevee-enrichies-en-huile-dolive-pour-la-sante-des-os-des-dents-et-de-la-fonction-immunitaire\/#primaryimage\"},\"image\":{\"@id\":\"https:\/\/jeaken.com\/fr\/produit\/gelules-de-vitamine-d-a-absorption-elevee-enrichies-en-huile-dolive-pour-la-sante-des-os-des-dents-et-de-la-fonction-immunitaire\/#primaryimage\"},\"thumbnailUrl\":\"https:\/\/jeaken.com\/wp-content\/uploads\/2022\/07\/71O56XrsW9L._AC_SL1500_.jpg\",\"datePublished\":\"2022-07-21T18:18:22+00:00\",\"dateModified\":\"2022-08-09T13:41:47+00:00\",\"breadcrumb\":{\"@id\":\"https:\/\/jeaken.com\/fr\/produit\/gelules-de-vitamine-d-a-absorption-elevee-enrichies-en-huile-dolive-pour-la-sante-des-os-des-dents-et-de-la-fonction-immunitaire\/#breadcrumb\"},\"inLanguage\":\"fr-FR\",\"potentialAction\":[{\"@type\":\"ReadAction\",\"target\":[\"https:\/\/jeaken.com\/fr\/produit\/gelules-de-vitamine-d-a-absorption-elevee-enrichies-en-huile-dolive-pour-la-sante-des-os-des-dents-et-de-la-fonction-immunitaire\/\"]}]},{\"@type\":\"ImageObject\",\"inLanguage\":\"fr-FR\",\"@id\":\"https:\/\/jeaken.com\/fr\/produit\/gelules-de-vitamine-d-a-absorption-elevee-enrichies-en-huile-dolive-pour-la-sante-des-os-des-dents-et-de-la-fonction-immunitaire\/#primaryimage\",\"url\":\"https:\/\/jeaken.com\/wp-content\/uploads\/2022\/07\/71O56XrsW9L._AC_SL1500_.jpg\",\"contentUrl\":\"https:\/\/jeaken.com\/wp-content\/uploads\/2022\/07\/71O56XrsW9L._AC_SL1500_.jpg\",\"width\":600,\"height\":600,\"caption\":\"High-Absorption Vitamin D Softgels\"},{\"@type\":\"BreadcrumbList\",\"@id\":\"https:\/\/jeaken.com\/fr\/produit\/gelules-de-vitamine-d-a-absorption-elevee-enrichies-en-huile-dolive-pour-la-sante-des-os-des-dents-et-de-la-fonction-immunitaire\/#breadcrumb\",\"itemListElement\":[{\"@type\":\"ListItem\",\"position\":1,\"name\":\"Home\",\"item\":\"https:\/\/jeaken.com\/fr\/\"},{\"@type\":\"ListItem\",\"position\":2,\"name\":\"Private: Shop\",\"item\":\"https:\/\/jeaken.com\/shop\/\"},{\"@type\":\"ListItem\",\"position\":3,\"name\":\"G\u00e9lules de vitamine D \u00e0 absorption \u00e9lev\u00e9e &#8211; enrichies en huile d&#8217;olive pour la sant\u00e9 des os, des dents et de la fonction immunitaire.\"}]},{\"@type\":\"WebSite\",\"@id\":\"https:\/\/jeaken.com\/fr\/#website\",\"url\":\"https:\/\/jeaken.com\/fr\/\",\"name\":\"JeaKen\",\"description\":\"Organic Supplements for Health, Fitness and Nutrition\",\"publisher\":{\"@id\":\"https:\/\/jeaken.com\/fr\/#organization\"},\"potentialAction\":[{\"@type\":\"SearchAction\",\"target\":{\"@type\":\"EntryPoint\",\"urlTemplate\":\"https:\/\/jeaken.com\/fr\/?s={search_term_string}\"},\"query-input\":\"required name=search_term_string\"}],\"inLanguage\":\"fr-FR\"},{\"@type\":\"Organization\",\"@id\":\"https:\/\/jeaken.com\/fr\/#organization\",\"name\":\"JeaKen\",\"url\":\"https:\/\/jeaken.com\/fr\/\",\"logo\":{\"@type\":\"ImageObject\",\"inLanguage\":\"fr-FR\",\"@id\":\"https:\/\/jeaken.com\/fr\/#\/schema\/logo\/image\/\",\"url\":\"https:\/\/jeaken.com\/wp-content\/uploads\/2022\/06\/jeaken-logo-23.png\",\"contentUrl\":\"https:\/\/jeaken.com\/wp-content\/uploads\/2022\/06\/jeaken-logo-23.png\",\"width\":2486,\"height\":736,\"caption\":\"JeaKen\"},\"image\":{\"@id\":\"https:\/\/jeaken.com\/fr\/#\/schema\/logo\/image\/\"}}]}<\/script>\n<!-- \/ Yoast SEO plugin. -->","yoast_head_json":{"title":"G\u00e9lules de vitamine D \u00e0 absorption \u00e9lev\u00e9e - enrichies en huile d'olive pour la sant\u00e9 des os, des dents et de la fonction immunitaire. - JeaKen","robots":{"index":"index","follow":"follow","max-snippet":"max-snippet:-1","max-image-preview":"max-image-preview:large","max-video-preview":"max-video-preview:-1"},"canonical":"https:\/\/jeaken.com\/fr\/produit\/gelules-de-vitamine-d-a-absorption-elevee-enrichies-en-huile-dolive-pour-la-sante-des-os-des-dents-et-de-la-fonction-immunitaire\/","og_locale":"fr_FR","og_type":"article","og_title":"G\u00e9lules de vitamine D \u00e0 absorption \u00e9lev\u00e9e - enrichies en huile d'olive pour la sant\u00e9 des os, des dents et de la fonction immunitaire. - JeaKen","og_description":"Contribue efficacement \u00e0 la sant\u00e9 du syst\u00e8me immunitaire et \u00e0 la solidit\u00e9 des dents et des os.","og_url":"https:\/\/jeaken.com\/fr\/produit\/gelules-de-vitamine-d-a-absorption-elevee-enrichies-en-huile-dolive-pour-la-sante-des-os-des-dents-et-de-la-fonction-immunitaire\/","og_site_name":"JeaKen","article_modified_time":"2022-08-09T13:41:47+00:00","og_image":[{"width":600,"height":600,"url":"https:\/\/jeaken.com\/wp-content\/uploads\/2022\/07\/71O56XrsW9L._AC_SL1500_.jpg","type":"image\/jpeg"}],"twitter_card":"summary_large_image","twitter_misc":{"Est. reading time":"1 minute"},"schema":{"@context":"https:\/\/schema.org","@graph":[{"@type":"WebPage","@id":"https:\/\/jeaken.com\/fr\/produit\/gelules-de-vitamine-d-a-absorption-elevee-enrichies-en-huile-dolive-pour-la-sante-des-os-des-dents-et-de-la-fonction-immunitaire\/","url":"https:\/\/jeaken.com\/fr\/produit\/gelules-de-vitamine-d-a-absorption-elevee-enrichies-en-huile-dolive-pour-la-sante-des-os-des-dents-et-de-la-fonction-immunitaire\/","name":"G\u00e9lules de vitamine D \u00e0 absorption \u00e9lev\u00e9e - enrichies en huile d'olive pour la sant\u00e9 des os, des dents et de la fonction immunitaire. - JeaKen","isPartOf":{"@id":"https:\/\/jeaken.com\/fr\/#website"},"primaryImageOfPage":{"@id":"https:\/\/jeaken.com\/fr\/produit\/gelules-de-vitamine-d-a-absorption-elevee-enrichies-en-huile-dolive-pour-la-sante-des-os-des-dents-et-de-la-fonction-immunitaire\/#primaryimage"},"image":{"@id":"https:\/\/jeaken.com\/fr\/produit\/gelules-de-vitamine-d-a-absorption-elevee-enrichies-en-huile-dolive-pour-la-sante-des-os-des-dents-et-de-la-fonction-immunitaire\/#primaryimage"},"thumbnailUrl":"https:\/\/jeaken.com\/wp-content\/uploads\/2022\/07\/71O56XrsW9L._AC_SL1500_.jpg","datePublished":"2022-07-21T18:18:22+00:00","dateModified":"2022-08-09T13:41:47+00:00","breadcrumb":{"@id":"https:\/\/jeaken.com\/fr\/produit\/gelules-de-vitamine-d-a-absorption-elevee-enrichies-en-huile-dolive-pour-la-sante-des-os-des-dents-et-de-la-fonction-immunitaire\/#breadcrumb"},"inLanguage":"fr-FR","potentialAction":[{"@type":"ReadAction","target":["https:\/\/jeaken.com\/fr\/produit\/gelules-de-vitamine-d-a-absorption-elevee-enrichies-en-huile-dolive-pour-la-sante-des-os-des-dents-et-de-la-fonction-immunitaire\/"]}]},{"@type":"ImageObject","inLanguage":"fr-FR","@id":"https:\/\/jeaken.com\/fr\/produit\/gelules-de-vitamine-d-a-absorption-elevee-enrichies-en-huile-dolive-pour-la-sante-des-os-des-dents-et-de-la-fonction-immunitaire\/#primaryimage","url":"https:\/\/jeaken.com\/wp-content\/uploads\/2022\/07\/71O56XrsW9L._AC_SL1500_.jpg","contentUrl":"https:\/\/jeaken.com\/wp-content\/uploads\/2022\/07\/71O56XrsW9L._AC_SL1500_.jpg","width":600,"height":600,"caption":"High-Absorption Vitamin D Softgels"},{"@type":"BreadcrumbList","@id":"https:\/\/jeaken.com\/fr\/produit\/gelules-de-vitamine-d-a-absorption-elevee-enrichies-en-huile-dolive-pour-la-sante-des-os-des-dents-et-de-la-fonction-immunitaire\/#breadcrumb","itemListElement":[{"@type":"ListItem","position":1,"name":"Home","item":"https:\/\/jeaken.com\/fr\/"},{"@type":"ListItem","position":2,"name":"Private: Shop","item":"https:\/\/jeaken.com\/shop\/"},{"@type":"ListItem","position":3,"name":"G\u00e9lules de vitamine D \u00e0 absorption \u00e9lev\u00e9e &#8211; enrichies en huile d&#8217;olive pour la sant\u00e9 des os, des dents et de la fonction immunitaire."}]},{"@type":"WebSite","@id":"https:\/\/jeaken.com\/fr\/#website","url":"https:\/\/jeaken.com\/fr\/","name":"JeaKen","description":"Organic Supplements for Health, Fitness and Nutrition","publisher":{"@id":"https:\/\/jeaken.com\/fr\/#organization"},"potentialAction":[{"@type":"SearchAction","target":{"@type":"EntryPoint","urlTemplate":"https:\/\/jeaken.com\/fr\/?s={search_term_string}"},"query-input":"required name=search_term_string"}],"inLanguage":"fr-FR"},{"@type":"Organization","@id":"https:\/\/jeaken.com\/fr\/#organization","name":"JeaKen","url":"https:\/\/jeaken.com\/fr\/","logo":{"@type":"ImageObject","inLanguage":"fr-FR","@id":"https:\/\/jeaken.com\/fr\/#\/schema\/logo\/image\/","url":"https:\/\/jeaken.com\/wp-content\/uploads\/2022\/06\/jeaken-logo-23.png","contentUrl":"https:\/\/jeaken.com\/wp-content\/uploads\/2022\/06\/jeaken-logo-23.png","width":2486,"height":736,"caption":"JeaKen"},"image":{"@id":"https:\/\/jeaken.com\/fr\/#\/schema\/logo\/image\/"}}]}},"jetpack_sharing_enabled":true,"_links":{"self":[{"href":"https:\/\/jeaken.com\/fr\/wp-json\/wp\/v2\/product\/6749","targetHints":{"allow":["GET"]}}],"collection":[{"href":"https:\/\/jeaken.com\/fr\/wp-json\/wp\/v2\/product"}],"about":[{"href":"https:\/\/jeaken.com\/fr\/wp-json\/wp\/v2\/types\/product"}],"wp:featuredmedia":[{"embeddable":true,"href":"https:\/\/jeaken.com\/fr\/wp-json\/wp\/v2\/media\/5014"}],"wp:attachment":[{"href":"https:\/\/jeaken.com\/fr\/wp-json\/wp\/v2\/media?parent=6749"}],"wp:term":[{"taxonomy":"product_cat","embeddable":true,"href":"https:\/\/jeaken.com\/fr\/wp-json\/wp\/v2\/product_cat?post=6749"},{"taxonomy":"product_tag","embeddable":true,"href":"https:\/\/jeaken.com\/fr\/wp-json\/wp\/v2\/product_tag?post=6749"}],"curies":[{"name":"wp","href":"https:\/\/api.w.org\/{rel}","templated":true}]}}