{"id":6746,"date":"2022-07-21T19:18:22","date_gmt":"2022-07-21T18:18:22","guid":{"rendered":"https:\/1658920591610?product=creme-visage-serum-a-la-vitamine-c-avec-acide-hyaluronique-50ml"},"modified":"2022-08-14T11:16:30","modified_gmt":"2022-08-14T10:16:30","slug":"serum-a-la-vitamine-c-pour-le-visage-a-lacide-hyaluronique-serums-pour-le-visage-pour-le-peaux-matures-enrichis-de-vitamines-a-e-meilleur-serum-anti-age-pour-le-visage-que-le-serum-au-retinol-et-le","status":"publish","type":"product","link":"https:\/\/jeaken.com\/fr\/produit\/serum-a-la-vitamine-c-pour-le-visage-a-lacide-hyaluronique-serums-pour-le-visage-pour-le-peaux-matures-enrichis-de-vitamines-a-e-meilleur-serum-anti-age-pour-le-visage-que-le-serum-au-retinol-et-le\/","title":{"rendered":"Cr\u00e8me visage s\u00e9rum \u00e0 la vitamine C avec acide hyaluronique (50ml)"},"content":{"rendered":"<p id=\"tw-target-text\" class=\"tw-data-text tw-text-large tw-ta\" dir=\"ltr\" data-placeholder=\"Translation\"><strong>PUISSANT ANTIOXYDANT<\/strong><\/p>\n<p class=\"tw-data-text tw-text-large tw-ta\" dir=\"ltr\" data-placeholder=\"Translation\"><span class=\"Y2IQFc\" lang=\"en\">  Ce produit offre un puissant antioxydant pour votre peau qui est extr\u00eamement facile \u00e0 ajouter \u00e0 votre routine de soins existante. Utilisez-le le matin avant votre cr\u00e8me hydratante pour prot\u00e9ger votre peau de l&#8217;impact n\u00e9gatif du soleil, de la pollution et du maquillage. R\u00e9p\u00e9tez l&#8217;op\u00e9ration le soir pour aider votre peau \u00e0 se d\u00e9barrasser de tous ces radicaux libres, caus\u00e9s par le stress et les polluants atmosph\u00e9riques nocifs pour la peau.  <\/span><\/p>\n<p class=\"tw-data-text tw-text-large tw-ta\" dir=\"ltr\" data-placeholder=\"Translation\"><strong><span class=\"Y2IQFc\" lang=\"en\">RENFORC\u00c9E EN VITAMINES A, C ET E<\/span><\/strong><\/p>\n<p class=\"tw-data-text tw-text-large tw-ta\" dir=\"ltr\" data-placeholder=\"Translation\"><span class=\"Y2IQFc\" lang=\"en\">Ce s\u00e9rum contient un complexe multivitamin\u00e9 associant les vitamines A, C et E qui renforcent l&#8217;\u00e9clat et la vitalit\u00e9 de la peau. M\u00e9lang\u00e9 \u00e0 une infusion de carotte, le s\u00e9rum stimule la production de collag\u00e8ne et r\u00e9duit l&#8217;apparence des rides et ridules.  <\/span><\/p>\n<p class=\"tw-data-text tw-text-large tw-ta\" dir=\"ltr\" data-placeholder=\"Translation\"><strong><span class=\"Y2IQFc\" lang=\"en\">FORMULE ANTI-\u00c2GE EFFICACE  <\/span><\/strong><\/p>\n<p class=\"tw-data-text tw-text-large tw-ta\" dir=\"ltr\" data-placeholder=\"Translation\"><span class=\"Y2IQFc\" lang=\"en\">Gr\u00e2ce \u00e0 ses propri\u00e9t\u00e9s anti-\u00e2ge et anti-rides naturelles, ce s\u00e9rum peut r\u00e9duire efficacement l&#8217;apparence des taches de vieillesse, des imperfections, des rides et des ridules. Il resserre \u00e9galement les pores et am\u00e9liore l&#8217;efficacit\u00e9 de votre cr\u00e8me solaire et de vos lotions, vous donnant ainsi un \u00e9clat radieux et sain.  <\/span><\/p>\n<p class=\"tw-data-text tw-text-large tw-ta\" dir=\"ltr\" data-placeholder=\"Translation\"><strong><span class=\"Y2IQFc\" lang=\"en\">UN SUPER ALIMENT POUR VOTRE PEAU, SANS R\u00c9SIDU HUILEUX  <\/span><\/strong><\/p>\n<p class=\"tw-data-text tw-text-large tw-ta\" dir=\"ltr\" data-placeholder=\"Translation\"><span class=\"Y2IQFc\" lang=\"en\">Notre s\u00e9rum de qualit\u00e9 sup\u00e9rieure est agr\u00e9able sur la peau, p\u00e9n\u00e8tre rapidement et convient \u00e0 tous les types de peau.<\/span><\/p>\n<p class=\"tw-data-text tw-text-large tw-ta\" dir=\"ltr\" data-placeholder=\"Translation\">\n","protected":false},"excerpt":{"rendered":"<h4>S\u00e9rum anti-\u00e2ge pour le visage \u00e0 action rapide, respectueux de l&#8217;environnement et destin\u00e9 aux peaux matures.<\/h4>\n","protected":false},"featured_media":4908,"template":"","meta":{"site-sidebar-layout":"default","site-content-layout":"default","ast-site-content-layout":"default","site-content-style":"default","site-sidebar-style":"default","ast-global-header-display":"","ast-banner-title-visibility":"","ast-main-header-display":"","ast-hfb-above-header-display":"","ast-hfb-below-header-display":"","ast-hfb-mobile-header-display":"","site-post-title":"","ast-breadcrumbs-content":"","ast-featured-img":"","footer-sml-layout":"","theme-transparent-header-meta":"default","adv-header-id-meta":"","stick-header-meta":"default","header-above-stick-meta":"","header-main-stick-meta":"","header-below-stick-meta":"","astra-migrate-meta-layouts":"default","ast-page-background-enabled":"default","ast-page-background-meta":{"desktop":{"background-color":"","background-image":"","background-repeat":"repeat","background-position":"center center","background-size":"auto","background-attachment":"scroll","background-type":"","background-media":"","overlay-type":"","overlay-color":"","overlay-opacity":"","overlay-gradient":""},"tablet":{"background-color":"","background-image":"","background-repeat":"repeat","background-position":"center center","background-size":"auto","background-attachment":"scroll","background-type":"","background-media":"","overlay-type":"","overlay-color":"","overlay-opacity":"","overlay-gradient":""},"mobile":{"background-color":"","background-image":"","background-repeat":"repeat","background-position":"center center","background-size":"auto","background-attachment":"scroll","background-type":"","background-media":"","overlay-type":"","overlay-color":"","overlay-opacity":"","overlay-gradient":""}},"ast-content-background-meta":{"desktop":{"background-color":"var(--ast-global-color-5)","background-image":"","background-repeat":"repeat","background-position":"center center","background-size":"auto","background-attachment":"scroll","background-type":"","background-media":"","overlay-type":"","overlay-color":"","overlay-opacity":"","overlay-gradient":""},"tablet":{"background-color":"var(--ast-global-color-5)","background-image":"","background-repeat":"repeat","background-position":"center center","background-size":"auto","background-attachment":"scroll","background-type":"","background-media":"","overlay-type":"","overlay-color":"","overlay-opacity":"","overlay-gradient":""},"mobile":{"background-color":"var(--ast-global-color-5)","background-image":"","background-repeat":"repeat","background-position":"center center","background-size":"auto","background-attachment":"scroll","background-type":"","background-media":"","overlay-type":"","overlay-color":"","overlay-opacity":"","overlay-gradient":""}}},"product_cat":[557,556],"product_tag":[],"class_list":{"0":"post-6746","1":"product","2":"type-product","3":"status-publish","4":"has-post-thumbnail","6":"product_cat-anti-age","7":"product_cat-beaute-naturelle","8":"has-subscription-plans","9":"desktop-align-left","10":"tablet-align-left","11":"mobile-align-left","13":"first","14":"outofstock","15":"taxable","16":"shipping-taxable","17":"purchasable","18":"product-type-simple"},"yoast_head":"<!-- This site is optimized with the Yoast SEO plugin v22.7 - https:\/\/yoast.com\/wordpress\/plugins\/seo\/ -->\n<title>Cr\u00e8me visage s\u00e9rum \u00e0 la vitamine C avec acide hyaluronique (50ml) - JeaKen<\/title>\n<meta name=\"robots\" content=\"index, follow, max-snippet:-1, max-image-preview:large, max-video-preview:-1\" \/>\n<link rel=\"canonical\" href=\"https:\/\/jeaken.com\/fr\/produit\/serum-a-la-vitamine-c-pour-le-visage-a-lacide-hyaluronique-serums-pour-le-visage-pour-le-peaux-matures-enrichis-de-vitamines-a-e-meilleur-serum-anti-age-pour-le-visage-que-le-serum-au-retinol-et-le\/\" \/>\n<meta property=\"og:locale\" content=\"fr_FR\" \/>\n<meta property=\"og:type\" content=\"article\" \/>\n<meta property=\"og:title\" content=\"Cr\u00e8me visage s\u00e9rum \u00e0 la vitamine C avec acide hyaluronique (50ml) - JeaKen\" \/>\n<meta property=\"og:description\" content=\"S\u00e9rum anti-\u00e2ge pour le visage \u00e0 action rapide, respectueux de l&#039;environnement et destin\u00e9 aux peaux matures.\" \/>\n<meta property=\"og:url\" content=\"https:\/\/jeaken.com\/fr\/produit\/serum-a-la-vitamine-c-pour-le-visage-a-lacide-hyaluronique-serums-pour-le-visage-pour-le-peaux-matures-enrichis-de-vitamines-a-e-meilleur-serum-anti-age-pour-le-visage-que-le-serum-au-retinol-et-le\/\" \/>\n<meta property=\"og:site_name\" content=\"JeaKen\" \/>\n<meta property=\"article:modified_time\" content=\"2022-08-14T10:16:30+00:00\" \/>\n<meta property=\"og:image\" content=\"https:\/\/jeaken.com\/wp-content\/uploads\/2022\/07\/71IAOcJXCiL._AC_SL1500_.jpg\" \/>\n\t<meta property=\"og:image:width\" content=\"600\" \/>\n\t<meta property=\"og:image:height\" content=\"600\" \/>\n\t<meta property=\"og:image:type\" content=\"image\/jpeg\" \/>\n<meta name=\"twitter:card\" content=\"summary_large_image\" \/>\n<meta name=\"twitter:label1\" content=\"Est. reading time\" \/>\n\t<meta name=\"twitter:data1\" content=\"1 minute\" \/>\n<script type=\"application\/ld+json\" class=\"yoast-schema-graph\">{\"@context\":\"https:\/\/schema.org\",\"@graph\":[{\"@type\":\"WebPage\",\"@id\":\"https:\/\/jeaken.com\/fr\/produit\/serum-a-la-vitamine-c-pour-le-visage-a-lacide-hyaluronique-serums-pour-le-visage-pour-le-peaux-matures-enrichis-de-vitamines-a-e-meilleur-serum-anti-age-pour-le-visage-que-le-serum-au-retinol-et-le\/\",\"url\":\"https:\/\/jeaken.com\/fr\/produit\/serum-a-la-vitamine-c-pour-le-visage-a-lacide-hyaluronique-serums-pour-le-visage-pour-le-peaux-matures-enrichis-de-vitamines-a-e-meilleur-serum-anti-age-pour-le-visage-que-le-serum-au-retinol-et-le\/\",\"name\":\"Cr\u00e8me visage s\u00e9rum \u00e0 la vitamine C avec acide hyaluronique (50ml) - JeaKen\",\"isPartOf\":{\"@id\":\"https:\/\/jeaken.com\/fr\/#website\"},\"primaryImageOfPage\":{\"@id\":\"https:\/\/jeaken.com\/fr\/produit\/serum-a-la-vitamine-c-pour-le-visage-a-lacide-hyaluronique-serums-pour-le-visage-pour-le-peaux-matures-enrichis-de-vitamines-a-e-meilleur-serum-anti-age-pour-le-visage-que-le-serum-au-retinol-et-le\/#primaryimage\"},\"image\":{\"@id\":\"https:\/\/jeaken.com\/fr\/produit\/serum-a-la-vitamine-c-pour-le-visage-a-lacide-hyaluronique-serums-pour-le-visage-pour-le-peaux-matures-enrichis-de-vitamines-a-e-meilleur-serum-anti-age-pour-le-visage-que-le-serum-au-retinol-et-le\/#primaryimage\"},\"thumbnailUrl\":\"https:\/\/jeaken.com\/wp-content\/uploads\/2022\/07\/71IAOcJXCiL._AC_SL1500_.jpg\",\"datePublished\":\"2022-07-21T18:18:22+00:00\",\"dateModified\":\"2022-08-14T10:16:30+00:00\",\"breadcrumb\":{\"@id\":\"https:\/\/jeaken.com\/fr\/produit\/serum-a-la-vitamine-c-pour-le-visage-a-lacide-hyaluronique-serums-pour-le-visage-pour-le-peaux-matures-enrichis-de-vitamines-a-e-meilleur-serum-anti-age-pour-le-visage-que-le-serum-au-retinol-et-le\/#breadcrumb\"},\"inLanguage\":\"fr-FR\",\"potentialAction\":[{\"@type\":\"ReadAction\",\"target\":[\"https:\/\/jeaken.com\/fr\/produit\/serum-a-la-vitamine-c-pour-le-visage-a-lacide-hyaluronique-serums-pour-le-visage-pour-le-peaux-matures-enrichis-de-vitamines-a-e-meilleur-serum-anti-age-pour-le-visage-que-le-serum-au-retinol-et-le\/\"]}]},{\"@type\":\"ImageObject\",\"inLanguage\":\"fr-FR\",\"@id\":\"https:\/\/jeaken.com\/fr\/produit\/serum-a-la-vitamine-c-pour-le-visage-a-lacide-hyaluronique-serums-pour-le-visage-pour-le-peaux-matures-enrichis-de-vitamines-a-e-meilleur-serum-anti-age-pour-le-visage-que-le-serum-au-retinol-et-le\/#primaryimage\",\"url\":\"https:\/\/jeaken.com\/wp-content\/uploads\/2022\/07\/71IAOcJXCiL._AC_SL1500_.jpg\",\"contentUrl\":\"https:\/\/jeaken.com\/wp-content\/uploads\/2022\/07\/71IAOcJXCiL._AC_SL1500_.jpg\",\"width\":600,\"height\":600,\"caption\":\"Vitamin C Serum Face Cream\"},{\"@type\":\"BreadcrumbList\",\"@id\":\"https:\/\/jeaken.com\/fr\/produit\/serum-a-la-vitamine-c-pour-le-visage-a-lacide-hyaluronique-serums-pour-le-visage-pour-le-peaux-matures-enrichis-de-vitamines-a-e-meilleur-serum-anti-age-pour-le-visage-que-le-serum-au-retinol-et-le\/#breadcrumb\",\"itemListElement\":[{\"@type\":\"ListItem\",\"position\":1,\"name\":\"Home\",\"item\":\"https:\/\/jeaken.com\/fr\/\"},{\"@type\":\"ListItem\",\"position\":2,\"name\":\"Private: Shop\",\"item\":\"https:\/\/jeaken.com\/shop\/\"},{\"@type\":\"ListItem\",\"position\":3,\"name\":\"Cr\u00e8me visage s\u00e9rum \u00e0 la vitamine C avec acide hyaluronique (50ml)\"}]},{\"@type\":\"WebSite\",\"@id\":\"https:\/\/jeaken.com\/fr\/#website\",\"url\":\"https:\/\/jeaken.com\/fr\/\",\"name\":\"JeaKen\",\"description\":\"Organic Supplements for Health, Fitness and Nutrition\",\"publisher\":{\"@id\":\"https:\/\/jeaken.com\/fr\/#organization\"},\"potentialAction\":[{\"@type\":\"SearchAction\",\"target\":{\"@type\":\"EntryPoint\",\"urlTemplate\":\"https:\/\/jeaken.com\/fr\/?s={search_term_string}\"},\"query-input\":\"required name=search_term_string\"}],\"inLanguage\":\"fr-FR\"},{\"@type\":\"Organization\",\"@id\":\"https:\/\/jeaken.com\/fr\/#organization\",\"name\":\"JeaKen\",\"url\":\"https:\/\/jeaken.com\/fr\/\",\"logo\":{\"@type\":\"ImageObject\",\"inLanguage\":\"fr-FR\",\"@id\":\"https:\/\/jeaken.com\/fr\/#\/schema\/logo\/image\/\",\"url\":\"https:\/\/jeaken.com\/wp-content\/uploads\/2022\/06\/jeaken-logo-23.png\",\"contentUrl\":\"https:\/\/jeaken.com\/wp-content\/uploads\/2022\/06\/jeaken-logo-23.png\",\"width\":2486,\"height\":736,\"caption\":\"JeaKen\"},\"image\":{\"@id\":\"https:\/\/jeaken.com\/fr\/#\/schema\/logo\/image\/\"}}]}<\/script>\n<!-- \/ Yoast SEO plugin. -->","yoast_head_json":{"title":"Cr\u00e8me visage s\u00e9rum \u00e0 la vitamine C avec acide hyaluronique (50ml) - JeaKen","robots":{"index":"index","follow":"follow","max-snippet":"max-snippet:-1","max-image-preview":"max-image-preview:large","max-video-preview":"max-video-preview:-1"},"canonical":"https:\/\/jeaken.com\/fr\/produit\/serum-a-la-vitamine-c-pour-le-visage-a-lacide-hyaluronique-serums-pour-le-visage-pour-le-peaux-matures-enrichis-de-vitamines-a-e-meilleur-serum-anti-age-pour-le-visage-que-le-serum-au-retinol-et-le\/","og_locale":"fr_FR","og_type":"article","og_title":"Cr\u00e8me visage s\u00e9rum \u00e0 la vitamine C avec acide hyaluronique (50ml) - JeaKen","og_description":"S\u00e9rum anti-\u00e2ge pour le visage \u00e0 action rapide, respectueux de l'environnement et destin\u00e9 aux peaux matures.","og_url":"https:\/\/jeaken.com\/fr\/produit\/serum-a-la-vitamine-c-pour-le-visage-a-lacide-hyaluronique-serums-pour-le-visage-pour-le-peaux-matures-enrichis-de-vitamines-a-e-meilleur-serum-anti-age-pour-le-visage-que-le-serum-au-retinol-et-le\/","og_site_name":"JeaKen","article_modified_time":"2022-08-14T10:16:30+00:00","og_image":[{"width":600,"height":600,"url":"https:\/\/jeaken.com\/wp-content\/uploads\/2022\/07\/71IAOcJXCiL._AC_SL1500_.jpg","type":"image\/jpeg"}],"twitter_card":"summary_large_image","twitter_misc":{"Est. reading time":"1 minute"},"schema":{"@context":"https:\/\/schema.org","@graph":[{"@type":"WebPage","@id":"https:\/\/jeaken.com\/fr\/produit\/serum-a-la-vitamine-c-pour-le-visage-a-lacide-hyaluronique-serums-pour-le-visage-pour-le-peaux-matures-enrichis-de-vitamines-a-e-meilleur-serum-anti-age-pour-le-visage-que-le-serum-au-retinol-et-le\/","url":"https:\/\/jeaken.com\/fr\/produit\/serum-a-la-vitamine-c-pour-le-visage-a-lacide-hyaluronique-serums-pour-le-visage-pour-le-peaux-matures-enrichis-de-vitamines-a-e-meilleur-serum-anti-age-pour-le-visage-que-le-serum-au-retinol-et-le\/","name":"Cr\u00e8me visage s\u00e9rum \u00e0 la vitamine C avec acide hyaluronique (50ml) - JeaKen","isPartOf":{"@id":"https:\/\/jeaken.com\/fr\/#website"},"primaryImageOfPage":{"@id":"https:\/\/jeaken.com\/fr\/produit\/serum-a-la-vitamine-c-pour-le-visage-a-lacide-hyaluronique-serums-pour-le-visage-pour-le-peaux-matures-enrichis-de-vitamines-a-e-meilleur-serum-anti-age-pour-le-visage-que-le-serum-au-retinol-et-le\/#primaryimage"},"image":{"@id":"https:\/\/jeaken.com\/fr\/produit\/serum-a-la-vitamine-c-pour-le-visage-a-lacide-hyaluronique-serums-pour-le-visage-pour-le-peaux-matures-enrichis-de-vitamines-a-e-meilleur-serum-anti-age-pour-le-visage-que-le-serum-au-retinol-et-le\/#primaryimage"},"thumbnailUrl":"https:\/\/jeaken.com\/wp-content\/uploads\/2022\/07\/71IAOcJXCiL._AC_SL1500_.jpg","datePublished":"2022-07-21T18:18:22+00:00","dateModified":"2022-08-14T10:16:30+00:00","breadcrumb":{"@id":"https:\/\/jeaken.com\/fr\/produit\/serum-a-la-vitamine-c-pour-le-visage-a-lacide-hyaluronique-serums-pour-le-visage-pour-le-peaux-matures-enrichis-de-vitamines-a-e-meilleur-serum-anti-age-pour-le-visage-que-le-serum-au-retinol-et-le\/#breadcrumb"},"inLanguage":"fr-FR","potentialAction":[{"@type":"ReadAction","target":["https:\/\/jeaken.com\/fr\/produit\/serum-a-la-vitamine-c-pour-le-visage-a-lacide-hyaluronique-serums-pour-le-visage-pour-le-peaux-matures-enrichis-de-vitamines-a-e-meilleur-serum-anti-age-pour-le-visage-que-le-serum-au-retinol-et-le\/"]}]},{"@type":"ImageObject","inLanguage":"fr-FR","@id":"https:\/\/jeaken.com\/fr\/produit\/serum-a-la-vitamine-c-pour-le-visage-a-lacide-hyaluronique-serums-pour-le-visage-pour-le-peaux-matures-enrichis-de-vitamines-a-e-meilleur-serum-anti-age-pour-le-visage-que-le-serum-au-retinol-et-le\/#primaryimage","url":"https:\/\/jeaken.com\/wp-content\/uploads\/2022\/07\/71IAOcJXCiL._AC_SL1500_.jpg","contentUrl":"https:\/\/jeaken.com\/wp-content\/uploads\/2022\/07\/71IAOcJXCiL._AC_SL1500_.jpg","width":600,"height":600,"caption":"Vitamin C Serum Face Cream"},{"@type":"BreadcrumbList","@id":"https:\/\/jeaken.com\/fr\/produit\/serum-a-la-vitamine-c-pour-le-visage-a-lacide-hyaluronique-serums-pour-le-visage-pour-le-peaux-matures-enrichis-de-vitamines-a-e-meilleur-serum-anti-age-pour-le-visage-que-le-serum-au-retinol-et-le\/#breadcrumb","itemListElement":[{"@type":"ListItem","position":1,"name":"Home","item":"https:\/\/jeaken.com\/fr\/"},{"@type":"ListItem","position":2,"name":"Private: Shop","item":"https:\/\/jeaken.com\/shop\/"},{"@type":"ListItem","position":3,"name":"Cr\u00e8me visage s\u00e9rum \u00e0 la vitamine C avec acide hyaluronique (50ml)"}]},{"@type":"WebSite","@id":"https:\/\/jeaken.com\/fr\/#website","url":"https:\/\/jeaken.com\/fr\/","name":"JeaKen","description":"Organic Supplements for Health, Fitness and Nutrition","publisher":{"@id":"https:\/\/jeaken.com\/fr\/#organization"},"potentialAction":[{"@type":"SearchAction","target":{"@type":"EntryPoint","urlTemplate":"https:\/\/jeaken.com\/fr\/?s={search_term_string}"},"query-input":"required name=search_term_string"}],"inLanguage":"fr-FR"},{"@type":"Organization","@id":"https:\/\/jeaken.com\/fr\/#organization","name":"JeaKen","url":"https:\/\/jeaken.com\/fr\/","logo":{"@type":"ImageObject","inLanguage":"fr-FR","@id":"https:\/\/jeaken.com\/fr\/#\/schema\/logo\/image\/","url":"https:\/\/jeaken.com\/wp-content\/uploads\/2022\/06\/jeaken-logo-23.png","contentUrl":"https:\/\/jeaken.com\/wp-content\/uploads\/2022\/06\/jeaken-logo-23.png","width":2486,"height":736,"caption":"JeaKen"},"image":{"@id":"https:\/\/jeaken.com\/fr\/#\/schema\/logo\/image\/"}}]}},"jetpack_sharing_enabled":true,"_links":{"self":[{"href":"https:\/\/jeaken.com\/fr\/wp-json\/wp\/v2\/product\/6746","targetHints":{"allow":["GET"]}}],"collection":[{"href":"https:\/\/jeaken.com\/fr\/wp-json\/wp\/v2\/product"}],"about":[{"href":"https:\/\/jeaken.com\/fr\/wp-json\/wp\/v2\/types\/product"}],"wp:featuredmedia":[{"embeddable":true,"href":"https:\/\/jeaken.com\/fr\/wp-json\/wp\/v2\/media\/4908"}],"wp:attachment":[{"href":"https:\/\/jeaken.com\/fr\/wp-json\/wp\/v2\/media?parent=6746"}],"wp:term":[{"taxonomy":"product_cat","embeddable":true,"href":"https:\/\/jeaken.com\/fr\/wp-json\/wp\/v2\/product_cat?post=6746"},{"taxonomy":"product_tag","embeddable":true,"href":"https:\/\/jeaken.com\/fr\/wp-json\/wp\/v2\/product_tag?post=6746"}],"curies":[{"name":"wp","href":"https:\/\/api.w.org\/{rel}","templated":true}]}}