{"id":6744,"date":"2022-07-21T19:18:22","date_gmt":"2022-07-21T18:18:22","guid":{"rendered":"https:\/1658920591610?product=high-calorie-mass-gainer-4kg-advanced-high-calorie-protein-shake-with-glutamine-140g-per-serving"},"modified":"2022-08-09T13:28:42","modified_gmt":"2022-08-09T12:28:42","slug":"high-calorie-mass-gainer-4kg-advanced-high-calorie-protein-shake-with-glutamine-140g-per-serving","status":"publish","type":"product","link":"https:\/\/jeaken.com\/fr\/produit\/high-calorie-mass-gainer-4kg-advanced-high-calorie-protein-shake-with-glutamine-140g-per-serving\/","title":{"rendered":"High Calorie Mass Gainer &#8211; 4Kg Advanced High Calorie Protein Shake with Glutamine -(140g Per Serving)"},"content":{"rendered":"<div class=\"a-cardui feature\" data-a-card-type=\"basic\" data-cel-widget=\"\">\n<div id=\"productDescription_feature_div\" class=\"a-section a-spacing-none\" data-feature-name=\"productDescription\" data-template-name=\"productDescription\">\n<div id=\"productDescription_fullView\">\n<div class=\"a-section a-spacing-large text-direction-override\" dir=\"auto\">\n<p><strong>AM\u00c9LIORE LA PRISE DE POIDS ET LA MASSE MUSCULAIRE<\/strong><\/p>\n<p>Nous savons ce qu&#8217;il faut pour obtenir une prise de poids rapide et durable : un surplus calorique important, plus les prot\u00e9ines et les nutriments dont votre corps a besoin pour se construire et se d\u00e9velopper ! Avec 517 calories par portion de 2 doses et 7 grammes de fibres par portion, ce produit puissant apporte la formule de masse ultime pour le vrai hard-gainer.<\/p>\n<p><strong>RICHE EN PROT\u00c9INES POUR LA CONSTRUCTION ET LA R\u00c9G\u00c9N\u00c9RATION DES MUSCLES<\/strong><\/p>\n<p><span class=\"a-list-item\">Notre puissante poudre d&#8217;isolat de prot\u00e9ines contient 34 grammes de prot\u00e9ines de haute qualit\u00e9 par portion. Utilis\u00e9 apr\u00e8s l&#8217;entra\u00eenement, il peut aider \u00e0 gu\u00e9rir rapidement les micro-d\u00e9chirures des tissus musculaires, ce qui acc\u00e9l\u00e8re la r\u00e9cup\u00e9ration, r\u00e9duit les douleurs musculaires et permet d&#8217;obtenir des muscles plus forts et plus volumineux au fil du temps.  <\/span>Notre formule unique assure un apport r\u00e9gulier de prot\u00e9ines \u00e0 l&#8217;organisme sur une plus longue p\u00e9riode afin de faciliter la r\u00e9g\u00e9n\u00e9ration musculaire.<\/p>\n<\/div>\n<div class=\"a-section a-spacing-large text-direction-override\" dir=\"auto\">\n<p><strong>GO\u00dbT D\u00c9LICIEUX<\/strong><\/p>\n<p>Mass gainer est fait pour s&#8217;amuser. Vous voulez un shake prot\u00e9in\u00e9 contenant les nutriments et les ingr\u00e9dients actifs dont vous avez besoin pour prendre du poids, mais vous voulez aussi qu&#8217;il ait bon go\u00fbt. Ce produit<span class=\"a-list-item\">  peut \u00eatre appr\u00e9ci\u00e9e dans les smoothies, avec de l&#8217;avoine ou ajout\u00e9e \u00e0 une pr\u00e9paration pour cr\u00eapes. Les poudres prot\u00e9in\u00e9es ne doivent pas \u00eatre ennuyeuses.<\/span><\/p>\n<p><b>R\u00c9SULTATS RAPIDES<\/b><\/p>\n<p>L&#8217;obtention d&#8217;un corps parfait ne doit pas n\u00e9cessairement prendre du temps ! Chaque portion de notre Mass Gainer pr\u00e9sente le profil nutritionnel optimal pour alimenter une croissance et des gains rapides.<\/p>\n<p>&nbsp;<\/p>\n<\/div>\n<\/div>\n<\/div>\n<\/div>\n<div class=\"a-cardui feature\" data-a-card-type=\"basic\" data-cel-widget=\"\">\n<div id=\"featureBulletsAndDetailBullets_feature_div\" class=\"a-section a-spacing-none\" data-feature-name=\"featureBulletsAndDetailBullets\" data-template-name=\"featureBulletsAndDetailBullets\">\n<div id=\"featurebullets_secondary_view_div\" class=\"a-section\">\n<div id=\"feature-bullets\" class=\"a-section a-spacing-small\">\n<p>&nbsp;<\/p>\n<p>&nbsp;<\/p>\n<\/div>\n<\/div>\n<\/div>\n<\/div>\n","protected":false},"excerpt":{"rendered":"<h4>Musculation et prise de poids &#8211; 517Kcal &#8211; 85g de glucides &#8211; 34g d&#8217;hyperprot\u00e9ines &#8211; 7g de fibres &#8211; 28 portions<\/h4>\n<p>&nbsp;<\/p>\n","protected":false},"featured_media":2780,"template":"","meta":{"site-sidebar-layout":"default","site-content-layout":"default","ast-site-content-layout":"default","site-content-style":"default","site-sidebar-style":"default","ast-global-header-display":"","ast-banner-title-visibility":"","ast-main-header-display":"","ast-hfb-above-header-display":"","ast-hfb-below-header-display":"","ast-hfb-mobile-header-display":"","site-post-title":"","ast-breadcrumbs-content":"","ast-featured-img":"","footer-sml-layout":"","theme-transparent-header-meta":"default","adv-header-id-meta":"","stick-header-meta":"default","header-above-stick-meta":"","header-main-stick-meta":"","header-below-stick-meta":"","astra-migrate-meta-layouts":"default","ast-page-background-enabled":"default","ast-page-background-meta":{"desktop":{"background-color":"","background-image":"","background-repeat":"repeat","background-position":"center center","background-size":"auto","background-attachment":"scroll","background-type":"","background-media":"","overlay-type":"","overlay-color":"","overlay-opacity":"","overlay-gradient":""},"tablet":{"background-color":"","background-image":"","background-repeat":"repeat","background-position":"center center","background-size":"auto","background-attachment":"scroll","background-type":"","background-media":"","overlay-type":"","overlay-color":"","overlay-opacity":"","overlay-gradient":""},"mobile":{"background-color":"","background-image":"","background-repeat":"repeat","background-position":"center center","background-size":"auto","background-attachment":"scroll","background-type":"","background-media":"","overlay-type":"","overlay-color":"","overlay-opacity":"","overlay-gradient":""}},"ast-content-background-meta":{"desktop":{"background-color":"var(--ast-global-color-5)","background-image":"","background-repeat":"repeat","background-position":"center center","background-size":"auto","background-attachment":"scroll","background-type":"","background-media":"","overlay-type":"","overlay-color":"","overlay-opacity":"","overlay-gradient":""},"tablet":{"background-color":"var(--ast-global-color-5)","background-image":"","background-repeat":"repeat","background-position":"center center","background-size":"auto","background-attachment":"scroll","background-type":"","background-media":"","overlay-type":"","overlay-color":"","overlay-opacity":"","overlay-gradient":""},"mobile":{"background-color":"var(--ast-global-color-5)","background-image":"","background-repeat":"repeat","background-position":"center center","background-size":"auto","background-attachment":"scroll","background-type":"","background-media":"","overlay-type":"","overlay-color":"","overlay-opacity":"","overlay-gradient":""}}},"product_cat":[585,519],"product_tag":[],"class_list":{"0":"post-6744","1":"product","2":"type-product","3":"status-publish","4":"has-post-thumbnail","6":"product_cat-musculation","7":"product_cat-nutrition-sportive","8":"has-subscription-plans","9":"desktop-align-left","10":"tablet-align-left","11":"mobile-align-left","13":"first","14":"instock","15":"taxable","16":"shipping-taxable","17":"purchasable","18":"product-type-simple"},"yoast_head":"<!-- This site is optimized with the Yoast SEO plugin v22.7 - https:\/\/yoast.com\/wordpress\/plugins\/seo\/ -->\n<title>High Calorie Mass Gainer - 4Kg Advanced High Calorie Protein Shake with Glutamine -(140g Per Serving) - JeaKen<\/title>\n<meta name=\"robots\" content=\"index, follow, max-snippet:-1, max-image-preview:large, max-video-preview:-1\" \/>\n<link rel=\"canonical\" href=\"https:\/\/jeaken.com\/fr\/produit\/high-calorie-mass-gainer-4kg-advanced-high-calorie-protein-shake-with-glutamine-140g-per-serving\/\" \/>\n<meta property=\"og:locale\" content=\"fr_FR\" \/>\n<meta property=\"og:type\" content=\"article\" \/>\n<meta property=\"og:title\" content=\"High Calorie Mass Gainer - 4Kg Advanced High Calorie Protein Shake with Glutamine -(140g Per Serving) - JeaKen\" \/>\n<meta property=\"og:description\" content=\"Musculation et prise de poids - 517Kcal - 85g de glucides - 34g d&#039;hyperprot\u00e9ines - 7g de fibres - 28 portions &nbsp;\" \/>\n<meta property=\"og:url\" content=\"https:\/\/jeaken.com\/fr\/produit\/high-calorie-mass-gainer-4kg-advanced-high-calorie-protein-shake-with-glutamine-140g-per-serving\/\" \/>\n<meta property=\"og:site_name\" content=\"JeaKen\" \/>\n<meta property=\"article:modified_time\" content=\"2022-08-09T12:28:42+00:00\" \/>\n<meta property=\"og:image\" content=\"https:\/\/jeaken.com\/wp-content\/uploads\/2022\/07\/1.png\" \/>\n\t<meta property=\"og:image:width\" content=\"600\" \/>\n\t<meta property=\"og:image:height\" content=\"600\" \/>\n\t<meta property=\"og:image:type\" content=\"image\/png\" \/>\n<meta name=\"twitter:card\" content=\"summary_large_image\" \/>\n<meta name=\"twitter:label1\" content=\"Est. reading time\" \/>\n\t<meta name=\"twitter:data1\" content=\"1 minute\" \/>\n<script type=\"application\/ld+json\" class=\"yoast-schema-graph\">{\"@context\":\"https:\/\/schema.org\",\"@graph\":[{\"@type\":\"WebPage\",\"@id\":\"https:\/\/jeaken.com\/fr\/produit\/high-calorie-mass-gainer-4kg-advanced-high-calorie-protein-shake-with-glutamine-140g-per-serving\/\",\"url\":\"https:\/\/jeaken.com\/fr\/produit\/high-calorie-mass-gainer-4kg-advanced-high-calorie-protein-shake-with-glutamine-140g-per-serving\/\",\"name\":\"High Calorie Mass Gainer - 4Kg Advanced High Calorie Protein Shake with Glutamine -(140g Per Serving) - JeaKen\",\"isPartOf\":{\"@id\":\"https:\/\/jeaken.com\/fr\/#website\"},\"primaryImageOfPage\":{\"@id\":\"https:\/\/jeaken.com\/fr\/produit\/high-calorie-mass-gainer-4kg-advanced-high-calorie-protein-shake-with-glutamine-140g-per-serving\/#primaryimage\"},\"image\":{\"@id\":\"https:\/\/jeaken.com\/fr\/produit\/high-calorie-mass-gainer-4kg-advanced-high-calorie-protein-shake-with-glutamine-140g-per-serving\/#primaryimage\"},\"thumbnailUrl\":\"https:\/\/jeaken.com\/wp-content\/uploads\/2022\/07\/1.png\",\"datePublished\":\"2022-07-21T18:18:22+00:00\",\"dateModified\":\"2022-08-09T12:28:42+00:00\",\"breadcrumb\":{\"@id\":\"https:\/\/jeaken.com\/fr\/produit\/high-calorie-mass-gainer-4kg-advanced-high-calorie-protein-shake-with-glutamine-140g-per-serving\/#breadcrumb\"},\"inLanguage\":\"fr-FR\",\"potentialAction\":[{\"@type\":\"ReadAction\",\"target\":[\"https:\/\/jeaken.com\/fr\/produit\/high-calorie-mass-gainer-4kg-advanced-high-calorie-protein-shake-with-glutamine-140g-per-serving\/\"]}]},{\"@type\":\"ImageObject\",\"inLanguage\":\"fr-FR\",\"@id\":\"https:\/\/jeaken.com\/fr\/produit\/high-calorie-mass-gainer-4kg-advanced-high-calorie-protein-shake-with-glutamine-140g-per-serving\/#primaryimage\",\"url\":\"https:\/\/jeaken.com\/wp-content\/uploads\/2022\/07\/1.png\",\"contentUrl\":\"https:\/\/jeaken.com\/wp-content\/uploads\/2022\/07\/1.png\",\"width\":600,\"height\":600,\"caption\":\"High Calorie Mass Gainer - 4Kg Advanced High Calorie Protein Shake with Glutamine )\"},{\"@type\":\"BreadcrumbList\",\"@id\":\"https:\/\/jeaken.com\/fr\/produit\/high-calorie-mass-gainer-4kg-advanced-high-calorie-protein-shake-with-glutamine-140g-per-serving\/#breadcrumb\",\"itemListElement\":[{\"@type\":\"ListItem\",\"position\":1,\"name\":\"Home\",\"item\":\"https:\/\/jeaken.com\/fr\/\"},{\"@type\":\"ListItem\",\"position\":2,\"name\":\"Private: Shop\",\"item\":\"https:\/\/jeaken.com\/shop\/\"},{\"@type\":\"ListItem\",\"position\":3,\"name\":\"High Calorie Mass Gainer &#8211; 4Kg Advanced High Calorie Protein Shake with Glutamine -(140g Per Serving)\"}]},{\"@type\":\"WebSite\",\"@id\":\"https:\/\/jeaken.com\/fr\/#website\",\"url\":\"https:\/\/jeaken.com\/fr\/\",\"name\":\"JeaKen\",\"description\":\"Organic Supplements for Health, Fitness and Nutrition\",\"publisher\":{\"@id\":\"https:\/\/jeaken.com\/fr\/#organization\"},\"potentialAction\":[{\"@type\":\"SearchAction\",\"target\":{\"@type\":\"EntryPoint\",\"urlTemplate\":\"https:\/\/jeaken.com\/fr\/?s={search_term_string}\"},\"query-input\":\"required name=search_term_string\"}],\"inLanguage\":\"fr-FR\"},{\"@type\":\"Organization\",\"@id\":\"https:\/\/jeaken.com\/fr\/#organization\",\"name\":\"JeaKen\",\"url\":\"https:\/\/jeaken.com\/fr\/\",\"logo\":{\"@type\":\"ImageObject\",\"inLanguage\":\"fr-FR\",\"@id\":\"https:\/\/jeaken.com\/fr\/#\/schema\/logo\/image\/\",\"url\":\"https:\/\/jeaken.com\/wp-content\/uploads\/2022\/06\/jeaken-logo-23.png\",\"contentUrl\":\"https:\/\/jeaken.com\/wp-content\/uploads\/2022\/06\/jeaken-logo-23.png\",\"width\":2486,\"height\":736,\"caption\":\"JeaKen\"},\"image\":{\"@id\":\"https:\/\/jeaken.com\/fr\/#\/schema\/logo\/image\/\"}}]}<\/script>\n<!-- \/ Yoast SEO plugin. -->","yoast_head_json":{"title":"High Calorie Mass Gainer - 4Kg Advanced High Calorie Protein Shake with Glutamine -(140g Per Serving) - JeaKen","robots":{"index":"index","follow":"follow","max-snippet":"max-snippet:-1","max-image-preview":"max-image-preview:large","max-video-preview":"max-video-preview:-1"},"canonical":"https:\/\/jeaken.com\/fr\/produit\/high-calorie-mass-gainer-4kg-advanced-high-calorie-protein-shake-with-glutamine-140g-per-serving\/","og_locale":"fr_FR","og_type":"article","og_title":"High Calorie Mass Gainer - 4Kg Advanced High Calorie Protein Shake with Glutamine -(140g Per Serving) - JeaKen","og_description":"Musculation et prise de poids - 517Kcal - 85g de glucides - 34g d'hyperprot\u00e9ines - 7g de fibres - 28 portions &nbsp;","og_url":"https:\/\/jeaken.com\/fr\/produit\/high-calorie-mass-gainer-4kg-advanced-high-calorie-protein-shake-with-glutamine-140g-per-serving\/","og_site_name":"JeaKen","article_modified_time":"2022-08-09T12:28:42+00:00","og_image":[{"width":600,"height":600,"url":"https:\/\/jeaken.com\/wp-content\/uploads\/2022\/07\/1.png","type":"image\/png"}],"twitter_card":"summary_large_image","twitter_misc":{"Est. reading time":"1 minute"},"schema":{"@context":"https:\/\/schema.org","@graph":[{"@type":"WebPage","@id":"https:\/\/jeaken.com\/fr\/produit\/high-calorie-mass-gainer-4kg-advanced-high-calorie-protein-shake-with-glutamine-140g-per-serving\/","url":"https:\/\/jeaken.com\/fr\/produit\/high-calorie-mass-gainer-4kg-advanced-high-calorie-protein-shake-with-glutamine-140g-per-serving\/","name":"High Calorie Mass Gainer - 4Kg Advanced High Calorie Protein Shake with Glutamine -(140g Per Serving) - JeaKen","isPartOf":{"@id":"https:\/\/jeaken.com\/fr\/#website"},"primaryImageOfPage":{"@id":"https:\/\/jeaken.com\/fr\/produit\/high-calorie-mass-gainer-4kg-advanced-high-calorie-protein-shake-with-glutamine-140g-per-serving\/#primaryimage"},"image":{"@id":"https:\/\/jeaken.com\/fr\/produit\/high-calorie-mass-gainer-4kg-advanced-high-calorie-protein-shake-with-glutamine-140g-per-serving\/#primaryimage"},"thumbnailUrl":"https:\/\/jeaken.com\/wp-content\/uploads\/2022\/07\/1.png","datePublished":"2022-07-21T18:18:22+00:00","dateModified":"2022-08-09T12:28:42+00:00","breadcrumb":{"@id":"https:\/\/jeaken.com\/fr\/produit\/high-calorie-mass-gainer-4kg-advanced-high-calorie-protein-shake-with-glutamine-140g-per-serving\/#breadcrumb"},"inLanguage":"fr-FR","potentialAction":[{"@type":"ReadAction","target":["https:\/\/jeaken.com\/fr\/produit\/high-calorie-mass-gainer-4kg-advanced-high-calorie-protein-shake-with-glutamine-140g-per-serving\/"]}]},{"@type":"ImageObject","inLanguage":"fr-FR","@id":"https:\/\/jeaken.com\/fr\/produit\/high-calorie-mass-gainer-4kg-advanced-high-calorie-protein-shake-with-glutamine-140g-per-serving\/#primaryimage","url":"https:\/\/jeaken.com\/wp-content\/uploads\/2022\/07\/1.png","contentUrl":"https:\/\/jeaken.com\/wp-content\/uploads\/2022\/07\/1.png","width":600,"height":600,"caption":"High Calorie Mass Gainer - 4Kg Advanced High Calorie Protein Shake with Glutamine )"},{"@type":"BreadcrumbList","@id":"https:\/\/jeaken.com\/fr\/produit\/high-calorie-mass-gainer-4kg-advanced-high-calorie-protein-shake-with-glutamine-140g-per-serving\/#breadcrumb","itemListElement":[{"@type":"ListItem","position":1,"name":"Home","item":"https:\/\/jeaken.com\/fr\/"},{"@type":"ListItem","position":2,"name":"Private: Shop","item":"https:\/\/jeaken.com\/shop\/"},{"@type":"ListItem","position":3,"name":"High Calorie Mass Gainer &#8211; 4Kg Advanced High Calorie Protein Shake with Glutamine -(140g Per Serving)"}]},{"@type":"WebSite","@id":"https:\/\/jeaken.com\/fr\/#website","url":"https:\/\/jeaken.com\/fr\/","name":"JeaKen","description":"Organic Supplements for Health, Fitness and Nutrition","publisher":{"@id":"https:\/\/jeaken.com\/fr\/#organization"},"potentialAction":[{"@type":"SearchAction","target":{"@type":"EntryPoint","urlTemplate":"https:\/\/jeaken.com\/fr\/?s={search_term_string}"},"query-input":"required name=search_term_string"}],"inLanguage":"fr-FR"},{"@type":"Organization","@id":"https:\/\/jeaken.com\/fr\/#organization","name":"JeaKen","url":"https:\/\/jeaken.com\/fr\/","logo":{"@type":"ImageObject","inLanguage":"fr-FR","@id":"https:\/\/jeaken.com\/fr\/#\/schema\/logo\/image\/","url":"https:\/\/jeaken.com\/wp-content\/uploads\/2022\/06\/jeaken-logo-23.png","contentUrl":"https:\/\/jeaken.com\/wp-content\/uploads\/2022\/06\/jeaken-logo-23.png","width":2486,"height":736,"caption":"JeaKen"},"image":{"@id":"https:\/\/jeaken.com\/fr\/#\/schema\/logo\/image\/"}}]}},"jetpack_sharing_enabled":true,"_links":{"self":[{"href":"https:\/\/jeaken.com\/fr\/wp-json\/wp\/v2\/product\/6744","targetHints":{"allow":["GET"]}}],"collection":[{"href":"https:\/\/jeaken.com\/fr\/wp-json\/wp\/v2\/product"}],"about":[{"href":"https:\/\/jeaken.com\/fr\/wp-json\/wp\/v2\/types\/product"}],"wp:featuredmedia":[{"embeddable":true,"href":"https:\/\/jeaken.com\/fr\/wp-json\/wp\/v2\/media\/2780"}],"wp:attachment":[{"href":"https:\/\/jeaken.com\/fr\/wp-json\/wp\/v2\/media?parent=6744"}],"wp:term":[{"taxonomy":"product_cat","embeddable":true,"href":"https:\/\/jeaken.com\/fr\/wp-json\/wp\/v2\/product_cat?post=6744"},{"taxonomy":"product_tag","embeddable":true,"href":"https:\/\/jeaken.com\/fr\/wp-json\/wp\/v2\/product_tag?post=6744"}],"curies":[{"name":"wp","href":"https:\/\/api.w.org\/{rel}","templated":true}]}}