{"id":6735,"date":"2022-07-21T19:18:22","date_gmt":"2022-07-21T18:18:22","guid":{"rendered":"https:\/1658920591610?product=supplement-unique-de-pre-entrainement-avec-citrulline-creatine-cafeine-beta-alanine-et-aakg-500g"},"modified":"2022-08-09T13:28:38","modified_gmt":"2022-08-09T12:28:38","slug":"supplement-unique-de-pre-entrainement-avec-citrulline-creatine-cafeine-beta-alanine-et-aakg-500g","status":"publish","type":"product","link":"https:\/\/jeaken.com\/fr\/produit\/supplement-unique-de-pre-entrainement-avec-citrulline-creatine-cafeine-beta-alanine-et-aakg-500g\/","title":{"rendered":"Suppl\u00e9ment unique de pr\u00e9-entra\u00eenement avec Citrulline Cr\u00e9atine, Caf\u00e9ine B\u00eata-Alanine et AAKG. 500g"},"content":{"rendered":"<p><strong><span class=\"a-list-item\">SOUTIENT L&#8217;\u00c9NERGIE EXPLOSIVE  <\/span><\/strong><\/p>\n<p><span class=\"a-list-item\">Ce puissant suppl\u00e9ment offre un m\u00e9lange unique de BCAA, de cr\u00e9atine, de malate de citrulline, de b\u00eata-alanine, d&#8217;AAKG, de caf\u00e9ine, de vitamine B6 et bien plus encore pour aider votre corps \u00e0 s&#8217;entra\u00eener au plus haut niveau, \u00e0 augmenter ses performances physiques et \u00e0 r\u00e9duire la fatigue.<\/span><\/p>\n<p><strong><span class=\"a-list-item\">FAVORISE DES POMPES PLUS DURABLES  <\/span><\/strong><\/p>\n<p><span class=\"a-list-item\">Notre formule \u00e9prouv\u00e9e est cr\u00e9\u00e9e avec de la L-citrulline au lieu de la L-Arginine, pour des pompes musculaires intenses et durables. Il a \u00e9t\u00e9 d\u00e9montr\u00e9 que la L-Citrulline permet d&#8217;atteindre des pics plasmatiques d&#8217;arginine sup\u00e9rieurs \u00e0 ceux d&#8217;une dose plus importante de L-Arginine.<\/span><\/p>\n<p><strong><span class=\"a-list-item\">AMPLIFIE LA FORCE ET LES PERFORMANCES  <\/span><\/strong><\/p>\n<p><span class=\"a-list-item\">Une cr\u00e9atine tr\u00e8s puissante et unique connue sous le nom de Tri-Creatine Malate a \u00e9t\u00e9 infus\u00e9e dans cette formule pour amplifier les gains en taille et en force. Cela signifie des s\u00e9ances d&#8217;entra\u00eenement plus longues et plus efficaces.<\/span><\/p>\n<p><strong><span class=\"a-list-item\">POUDRE D&#8217;ENTRA\u00ceNEMENT FACILE ET PRATIQUE  <\/span><\/strong><\/p>\n<p><span class=\"a-list-item\">Notre poudre de pr\u00e9-entra\u00eenement est une formule au go\u00fbt agr\u00e9able, facile et pratique \u00e0 utiliser. Il suffit de le prendre 30 minutes avant l&#8217;entra\u00eenement et l&#8217;exp\u00e9rience et de constater les r\u00e9sultats par vous-m\u00eame.  <\/span><\/p>\n<p>&nbsp;<\/p>\n","protected":false},"excerpt":{"rendered":"<h4>R\u00e9sultats des bottes. Amplifie les gains. Am\u00e9liore les performances.<\/h4>\n","protected":false},"featured_media":2745,"template":"","meta":{"site-sidebar-layout":"default","site-content-layout":"default","ast-site-content-layout":"default","site-content-style":"default","site-sidebar-style":"default","ast-global-header-display":"","ast-banner-title-visibility":"","ast-main-header-display":"","ast-hfb-above-header-display":"","ast-hfb-below-header-display":"","ast-hfb-mobile-header-display":"","site-post-title":"","ast-breadcrumbs-content":"","ast-featured-img":"","footer-sml-layout":"","theme-transparent-header-meta":"default","adv-header-id-meta":"","stick-header-meta":"default","header-above-stick-meta":"","header-main-stick-meta":"","header-below-stick-meta":"","astra-migrate-meta-layouts":"default","ast-page-background-enabled":"default","ast-page-background-meta":{"desktop":{"background-color":"","background-image":"","background-repeat":"repeat","background-position":"center center","background-size":"auto","background-attachment":"scroll","background-type":"","background-media":"","overlay-type":"","overlay-color":"","overlay-opacity":"","overlay-gradient":""},"tablet":{"background-color":"","background-image":"","background-repeat":"repeat","background-position":"center center","background-size":"auto","background-attachment":"scroll","background-type":"","background-media":"","overlay-type":"","overlay-color":"","overlay-opacity":"","overlay-gradient":""},"mobile":{"background-color":"","background-image":"","background-repeat":"repeat","background-position":"center center","background-size":"auto","background-attachment":"scroll","background-type":"","background-media":"","overlay-type":"","overlay-color":"","overlay-opacity":"","overlay-gradient":""}},"ast-content-background-meta":{"desktop":{"background-color":"var(--ast-global-color-5)","background-image":"","background-repeat":"repeat","background-position":"center center","background-size":"auto","background-attachment":"scroll","background-type":"","background-media":"","overlay-type":"","overlay-color":"","overlay-opacity":"","overlay-gradient":""},"tablet":{"background-color":"var(--ast-global-color-5)","background-image":"","background-repeat":"repeat","background-position":"center center","background-size":"auto","background-attachment":"scroll","background-type":"","background-media":"","overlay-type":"","overlay-color":"","overlay-opacity":"","overlay-gradient":""},"mobile":{"background-color":"var(--ast-global-color-5)","background-image":"","background-repeat":"repeat","background-position":"center center","background-size":"auto","background-attachment":"scroll","background-type":"","background-media":"","overlay-type":"","overlay-color":"","overlay-opacity":"","overlay-gradient":""}}},"product_cat":[585,519],"product_tag":[],"class_list":{"0":"post-6735","1":"product","2":"type-product","3":"status-publish","4":"has-post-thumbnail","6":"product_cat-musculation","7":"product_cat-nutrition-sportive","8":"has-subscription-plans","9":"desktop-align-left","10":"tablet-align-left","11":"mobile-align-left","13":"first","14":"instock","15":"taxable","16":"shipping-taxable","17":"purchasable","18":"product-type-simple"},"yoast_head":"<!-- This site is optimized with the Yoast SEO plugin v22.7 - https:\/\/yoast.com\/wordpress\/plugins\/seo\/ -->\n<title>Suppl\u00e9ment unique de pr\u00e9-entra\u00eenement avec Citrulline Cr\u00e9atine, Caf\u00e9ine B\u00eata-Alanine et AAKG. 500g - JeaKen<\/title>\n<meta name=\"robots\" content=\"index, follow, max-snippet:-1, max-image-preview:large, max-video-preview:-1\" \/>\n<link rel=\"canonical\" href=\"https:\/\/jeaken.com\/fr\/produit\/supplement-unique-de-pre-entrainement-avec-citrulline-creatine-cafeine-beta-alanine-et-aakg-500g\/\" \/>\n<meta property=\"og:locale\" content=\"fr_FR\" \/>\n<meta property=\"og:type\" content=\"article\" \/>\n<meta property=\"og:title\" content=\"Suppl\u00e9ment unique de pr\u00e9-entra\u00eenement avec Citrulline Cr\u00e9atine, Caf\u00e9ine B\u00eata-Alanine et AAKG. 500g - JeaKen\" \/>\n<meta property=\"og:description\" content=\"R\u00e9sultats des bottes. Amplifie les gains. Am\u00e9liore les performances.\" \/>\n<meta property=\"og:url\" content=\"https:\/\/jeaken.com\/fr\/produit\/supplement-unique-de-pre-entrainement-avec-citrulline-creatine-cafeine-beta-alanine-et-aakg-500g\/\" \/>\n<meta property=\"og:site_name\" content=\"JeaKen\" \/>\n<meta property=\"article:modified_time\" content=\"2022-08-09T12:28:38+00:00\" \/>\n<meta property=\"og:image\" content=\"https:\/\/jeaken.com\/wp-content\/uploads\/2022\/07\/81qFu636vqL._AC_SL1500_.jpg\" \/>\n\t<meta property=\"og:image:width\" content=\"600\" \/>\n\t<meta property=\"og:image:height\" content=\"600\" \/>\n\t<meta property=\"og:image:type\" content=\"image\/jpeg\" \/>\n<meta name=\"twitter:card\" content=\"summary_large_image\" \/>\n<meta name=\"twitter:label1\" content=\"Est. reading time\" \/>\n\t<meta name=\"twitter:data1\" content=\"1 minute\" \/>\n<script type=\"application\/ld+json\" class=\"yoast-schema-graph\">{\"@context\":\"https:\/\/schema.org\",\"@graph\":[{\"@type\":\"WebPage\",\"@id\":\"https:\/\/jeaken.com\/fr\/produit\/supplement-unique-de-pre-entrainement-avec-citrulline-creatine-cafeine-beta-alanine-et-aakg-500g\/\",\"url\":\"https:\/\/jeaken.com\/fr\/produit\/supplement-unique-de-pre-entrainement-avec-citrulline-creatine-cafeine-beta-alanine-et-aakg-500g\/\",\"name\":\"Suppl\u00e9ment unique de pr\u00e9-entra\u00eenement avec Citrulline Cr\u00e9atine, Caf\u00e9ine B\u00eata-Alanine et AAKG. 500g - JeaKen\",\"isPartOf\":{\"@id\":\"https:\/\/jeaken.com\/fr\/#website\"},\"primaryImageOfPage\":{\"@id\":\"https:\/\/jeaken.com\/fr\/produit\/supplement-unique-de-pre-entrainement-avec-citrulline-creatine-cafeine-beta-alanine-et-aakg-500g\/#primaryimage\"},\"image\":{\"@id\":\"https:\/\/jeaken.com\/fr\/produit\/supplement-unique-de-pre-entrainement-avec-citrulline-creatine-cafeine-beta-alanine-et-aakg-500g\/#primaryimage\"},\"thumbnailUrl\":\"https:\/\/jeaken.com\/wp-content\/uploads\/2022\/07\/81qFu636vqL._AC_SL1500_.jpg\",\"datePublished\":\"2022-07-21T18:18:22+00:00\",\"dateModified\":\"2022-08-09T12:28:38+00:00\",\"breadcrumb\":{\"@id\":\"https:\/\/jeaken.com\/fr\/produit\/supplement-unique-de-pre-entrainement-avec-citrulline-creatine-cafeine-beta-alanine-et-aakg-500g\/#breadcrumb\"},\"inLanguage\":\"fr-FR\",\"potentialAction\":[{\"@type\":\"ReadAction\",\"target\":[\"https:\/\/jeaken.com\/fr\/produit\/supplement-unique-de-pre-entrainement-avec-citrulline-creatine-cafeine-beta-alanine-et-aakg-500g\/\"]}]},{\"@type\":\"ImageObject\",\"inLanguage\":\"fr-FR\",\"@id\":\"https:\/\/jeaken.com\/fr\/produit\/supplement-unique-de-pre-entrainement-avec-citrulline-creatine-cafeine-beta-alanine-et-aakg-500g\/#primaryimage\",\"url\":\"https:\/\/jeaken.com\/wp-content\/uploads\/2022\/07\/81qFu636vqL._AC_SL1500_.jpg\",\"contentUrl\":\"https:\/\/jeaken.com\/wp-content\/uploads\/2022\/07\/81qFu636vqL._AC_SL1500_.jpg\",\"width\":600,\"height\":600,\"caption\":\"Unique Pre-Workout Supplement with Citrulline Creatine, Caffeine Beta-Alanine and AAKG. 500g\"},{\"@type\":\"BreadcrumbList\",\"@id\":\"https:\/\/jeaken.com\/fr\/produit\/supplement-unique-de-pre-entrainement-avec-citrulline-creatine-cafeine-beta-alanine-et-aakg-500g\/#breadcrumb\",\"itemListElement\":[{\"@type\":\"ListItem\",\"position\":1,\"name\":\"Home\",\"item\":\"https:\/\/jeaken.com\/fr\/\"},{\"@type\":\"ListItem\",\"position\":2,\"name\":\"Private: Shop\",\"item\":\"https:\/\/jeaken.com\/shop\/\"},{\"@type\":\"ListItem\",\"position\":3,\"name\":\"Suppl\u00e9ment unique de pr\u00e9-entra\u00eenement avec Citrulline Cr\u00e9atine, Caf\u00e9ine B\u00eata-Alanine et AAKG. 500g\"}]},{\"@type\":\"WebSite\",\"@id\":\"https:\/\/jeaken.com\/fr\/#website\",\"url\":\"https:\/\/jeaken.com\/fr\/\",\"name\":\"JeaKen\",\"description\":\"Organic Supplements for Health, Fitness and Nutrition\",\"publisher\":{\"@id\":\"https:\/\/jeaken.com\/fr\/#organization\"},\"potentialAction\":[{\"@type\":\"SearchAction\",\"target\":{\"@type\":\"EntryPoint\",\"urlTemplate\":\"https:\/\/jeaken.com\/fr\/?s={search_term_string}\"},\"query-input\":\"required name=search_term_string\"}],\"inLanguage\":\"fr-FR\"},{\"@type\":\"Organization\",\"@id\":\"https:\/\/jeaken.com\/fr\/#organization\",\"name\":\"JeaKen\",\"url\":\"https:\/\/jeaken.com\/fr\/\",\"logo\":{\"@type\":\"ImageObject\",\"inLanguage\":\"fr-FR\",\"@id\":\"https:\/\/jeaken.com\/fr\/#\/schema\/logo\/image\/\",\"url\":\"https:\/\/jeaken.com\/wp-content\/uploads\/2022\/06\/jeaken-logo-23.png\",\"contentUrl\":\"https:\/\/jeaken.com\/wp-content\/uploads\/2022\/06\/jeaken-logo-23.png\",\"width\":2486,\"height\":736,\"caption\":\"JeaKen\"},\"image\":{\"@id\":\"https:\/\/jeaken.com\/fr\/#\/schema\/logo\/image\/\"}}]}<\/script>\n<!-- \/ Yoast SEO plugin. -->","yoast_head_json":{"title":"Suppl\u00e9ment unique de pr\u00e9-entra\u00eenement avec Citrulline Cr\u00e9atine, Caf\u00e9ine B\u00eata-Alanine et AAKG. 500g - JeaKen","robots":{"index":"index","follow":"follow","max-snippet":"max-snippet:-1","max-image-preview":"max-image-preview:large","max-video-preview":"max-video-preview:-1"},"canonical":"https:\/\/jeaken.com\/fr\/produit\/supplement-unique-de-pre-entrainement-avec-citrulline-creatine-cafeine-beta-alanine-et-aakg-500g\/","og_locale":"fr_FR","og_type":"article","og_title":"Suppl\u00e9ment unique de pr\u00e9-entra\u00eenement avec Citrulline Cr\u00e9atine, Caf\u00e9ine B\u00eata-Alanine et AAKG. 500g - JeaKen","og_description":"R\u00e9sultats des bottes. Amplifie les gains. Am\u00e9liore les performances.","og_url":"https:\/\/jeaken.com\/fr\/produit\/supplement-unique-de-pre-entrainement-avec-citrulline-creatine-cafeine-beta-alanine-et-aakg-500g\/","og_site_name":"JeaKen","article_modified_time":"2022-08-09T12:28:38+00:00","og_image":[{"width":600,"height":600,"url":"https:\/\/jeaken.com\/wp-content\/uploads\/2022\/07\/81qFu636vqL._AC_SL1500_.jpg","type":"image\/jpeg"}],"twitter_card":"summary_large_image","twitter_misc":{"Est. reading time":"1 minute"},"schema":{"@context":"https:\/\/schema.org","@graph":[{"@type":"WebPage","@id":"https:\/\/jeaken.com\/fr\/produit\/supplement-unique-de-pre-entrainement-avec-citrulline-creatine-cafeine-beta-alanine-et-aakg-500g\/","url":"https:\/\/jeaken.com\/fr\/produit\/supplement-unique-de-pre-entrainement-avec-citrulline-creatine-cafeine-beta-alanine-et-aakg-500g\/","name":"Suppl\u00e9ment unique de pr\u00e9-entra\u00eenement avec Citrulline Cr\u00e9atine, Caf\u00e9ine B\u00eata-Alanine et AAKG. 500g - JeaKen","isPartOf":{"@id":"https:\/\/jeaken.com\/fr\/#website"},"primaryImageOfPage":{"@id":"https:\/\/jeaken.com\/fr\/produit\/supplement-unique-de-pre-entrainement-avec-citrulline-creatine-cafeine-beta-alanine-et-aakg-500g\/#primaryimage"},"image":{"@id":"https:\/\/jeaken.com\/fr\/produit\/supplement-unique-de-pre-entrainement-avec-citrulline-creatine-cafeine-beta-alanine-et-aakg-500g\/#primaryimage"},"thumbnailUrl":"https:\/\/jeaken.com\/wp-content\/uploads\/2022\/07\/81qFu636vqL._AC_SL1500_.jpg","datePublished":"2022-07-21T18:18:22+00:00","dateModified":"2022-08-09T12:28:38+00:00","breadcrumb":{"@id":"https:\/\/jeaken.com\/fr\/produit\/supplement-unique-de-pre-entrainement-avec-citrulline-creatine-cafeine-beta-alanine-et-aakg-500g\/#breadcrumb"},"inLanguage":"fr-FR","potentialAction":[{"@type":"ReadAction","target":["https:\/\/jeaken.com\/fr\/produit\/supplement-unique-de-pre-entrainement-avec-citrulline-creatine-cafeine-beta-alanine-et-aakg-500g\/"]}]},{"@type":"ImageObject","inLanguage":"fr-FR","@id":"https:\/\/jeaken.com\/fr\/produit\/supplement-unique-de-pre-entrainement-avec-citrulline-creatine-cafeine-beta-alanine-et-aakg-500g\/#primaryimage","url":"https:\/\/jeaken.com\/wp-content\/uploads\/2022\/07\/81qFu636vqL._AC_SL1500_.jpg","contentUrl":"https:\/\/jeaken.com\/wp-content\/uploads\/2022\/07\/81qFu636vqL._AC_SL1500_.jpg","width":600,"height":600,"caption":"Unique Pre-Workout Supplement with Citrulline Creatine, Caffeine Beta-Alanine and AAKG. 500g"},{"@type":"BreadcrumbList","@id":"https:\/\/jeaken.com\/fr\/produit\/supplement-unique-de-pre-entrainement-avec-citrulline-creatine-cafeine-beta-alanine-et-aakg-500g\/#breadcrumb","itemListElement":[{"@type":"ListItem","position":1,"name":"Home","item":"https:\/\/jeaken.com\/fr\/"},{"@type":"ListItem","position":2,"name":"Private: Shop","item":"https:\/\/jeaken.com\/shop\/"},{"@type":"ListItem","position":3,"name":"Suppl\u00e9ment unique de pr\u00e9-entra\u00eenement avec Citrulline Cr\u00e9atine, Caf\u00e9ine B\u00eata-Alanine et AAKG. 500g"}]},{"@type":"WebSite","@id":"https:\/\/jeaken.com\/fr\/#website","url":"https:\/\/jeaken.com\/fr\/","name":"JeaKen","description":"Organic Supplements for Health, Fitness and Nutrition","publisher":{"@id":"https:\/\/jeaken.com\/fr\/#organization"},"potentialAction":[{"@type":"SearchAction","target":{"@type":"EntryPoint","urlTemplate":"https:\/\/jeaken.com\/fr\/?s={search_term_string}"},"query-input":"required name=search_term_string"}],"inLanguage":"fr-FR"},{"@type":"Organization","@id":"https:\/\/jeaken.com\/fr\/#organization","name":"JeaKen","url":"https:\/\/jeaken.com\/fr\/","logo":{"@type":"ImageObject","inLanguage":"fr-FR","@id":"https:\/\/jeaken.com\/fr\/#\/schema\/logo\/image\/","url":"https:\/\/jeaken.com\/wp-content\/uploads\/2022\/06\/jeaken-logo-23.png","contentUrl":"https:\/\/jeaken.com\/wp-content\/uploads\/2022\/06\/jeaken-logo-23.png","width":2486,"height":736,"caption":"JeaKen"},"image":{"@id":"https:\/\/jeaken.com\/fr\/#\/schema\/logo\/image\/"}}]}},"jetpack_sharing_enabled":true,"_links":{"self":[{"href":"https:\/\/jeaken.com\/fr\/wp-json\/wp\/v2\/product\/6735","targetHints":{"allow":["GET"]}}],"collection":[{"href":"https:\/\/jeaken.com\/fr\/wp-json\/wp\/v2\/product"}],"about":[{"href":"https:\/\/jeaken.com\/fr\/wp-json\/wp\/v2\/types\/product"}],"wp:featuredmedia":[{"embeddable":true,"href":"https:\/\/jeaken.com\/fr\/wp-json\/wp\/v2\/media\/2745"}],"wp:attachment":[{"href":"https:\/\/jeaken.com\/fr\/wp-json\/wp\/v2\/media?parent=6735"}],"wp:term":[{"taxonomy":"product_cat","embeddable":true,"href":"https:\/\/jeaken.com\/fr\/wp-json\/wp\/v2\/product_cat?post=6735"},{"taxonomy":"product_tag","embeddable":true,"href":"https:\/\/jeaken.com\/fr\/wp-json\/wp\/v2\/product_tag?post=6735"}],"curies":[{"name":"wp","href":"https:\/\/api.w.org\/{rel}","templated":true}]}}