{"id":6724,"date":"2022-07-21T19:18:22","date_gmt":"2022-07-21T18:18:22","guid":{"rendered":"https:\/1658920591610?product=lotion-naturelle-anti-age-au-coenzyme-q10-pour-les-peaux-tres-seches-bouteille-de-50-ml"},"modified":"2022-08-09T13:27:38","modified_gmt":"2022-08-09T12:27:38","slug":"lotion-naturelle-anti-age-au-coenzyme-q10-pour-les-peaux-tres-seches-bouteille-de-50-ml","status":"publish","type":"product","link":"https:\/\/jeaken.com\/fr\/produit\/lotion-naturelle-anti-age-au-coenzyme-q10-pour-les-peaux-tres-seches-bouteille-de-50-ml\/","title":{"rendered":"Lotion naturelle anti-\u00e2ge au coenzyme Q10 pour les peaux tr\u00e8s s\u00e8ches. Bouteille de 50 ml"},"content":{"rendered":"<p><strong><span class=\"a-list-item\">FORMULE ANTI-\u00c2GE AVANC\u00c9E  <\/span><\/strong><\/p>\n<p><span class=\"a-list-item\">Notre luxueuse lotion botanique Q10 pour le corps est con\u00e7ue pour \u00e9loigner les rides et les ridules. Le coenzyme Q10 est r\u00e9put\u00e9 pour ses propri\u00e9t\u00e9s anti-\u00e2ge. C&#8217;est un puissant antioxydant qui am\u00e9liore l&#8217;apparence de la peau en stoppant la d\u00e9t\u00e9rioration cellulaire et en facilitant la r\u00e9paration des cellules endommag\u00e9es.<\/span><\/p>\n<p><strong><span class=\"a-list-item\">LIFTE ET ILLUMINE LA PEAU  <\/span><\/strong><\/p>\n<p><span class=\"a-list-item\">Cette lotion naturelle pour le corps est parfaite pour dynamiser, prot\u00e9ger et stimuler la peau, ce qui lui donne une apparence plus jeune. Il est si cr\u00e9meux que seule une petite quantit\u00e9 est n\u00e9cessaire pour obtenir une peau parfaitement lisse.<\/span><\/p>\n<p><strong><span class=\"a-list-item\">TONER \u00c0 ABSORPTION RAPIDE  <\/span><\/strong><\/p>\n<p><span class=\"a-list-item\">La lotion Coenzyme Q10, un tonique rafra\u00eechissant \u00e0 absorption rapide, est suffisamment douce pour tous les types de peau, mais particuli\u00e8rement b\u00e9n\u00e9fique pour les personnes dont la peau est endommag\u00e9e par le soleil ou qui vieillit.<\/span><\/p>\n<p><strong><span class=\"a-list-item\">INGR\u00c9DIENTS NATURELS  <\/span><\/strong><\/p>\n<p><span class=\"a-list-item\">Notre lotion Coenzyme Q10 est v\u00e9g\u00e9talienne et sans parab\u00e8ne ni alcool. Les ingr\u00e9dients actifs contenus dans notre lotion Coenzyme Q10 travaillent en synergie avec votre peau. Cette lotion corporelle puissante, fabriqu\u00e9e \u00e0 partir d&#8217;ingr\u00e9dients naturels et rivalisant avec les lotions anti-\u00e2ge de grandes marques les plus ch\u00e8res, fera ressortir votre beaut\u00e9 de mani\u00e8re naturelle.<\/span><\/p>\n<p>&nbsp;<\/p>\n","protected":false},"excerpt":{"rendered":"<h4 id=\"title\" class=\"a-size-large a-spacing-none\"><span id=\"productTitle\" class=\"a-size-large product-title-word-break\">Une formule naturelle et hydratante pour une peau plus lumineuse, plus lisse et plus jeune.<\/span><\/h4>\n<h4 class=\"a-size-large a-spacing-none\"><\/h4>\n","protected":false},"featured_media":5275,"template":"","meta":{"site-sidebar-layout":"default","site-content-layout":"default","ast-site-content-layout":"default","site-content-style":"default","site-sidebar-style":"default","ast-global-header-display":"","ast-banner-title-visibility":"","ast-main-header-display":"","ast-hfb-above-header-display":"","ast-hfb-below-header-display":"","ast-hfb-mobile-header-display":"","site-post-title":"","ast-breadcrumbs-content":"","ast-featured-img":"","footer-sml-layout":"","theme-transparent-header-meta":"default","adv-header-id-meta":"","stick-header-meta":"default","header-above-stick-meta":"","header-main-stick-meta":"","header-below-stick-meta":"","astra-migrate-meta-layouts":"default","ast-page-background-enabled":"default","ast-page-background-meta":{"desktop":{"background-color":"","background-image":"","background-repeat":"repeat","background-position":"center center","background-size":"auto","background-attachment":"scroll","background-type":"","background-media":"","overlay-type":"","overlay-color":"","overlay-opacity":"","overlay-gradient":""},"tablet":{"background-color":"","background-image":"","background-repeat":"repeat","background-position":"center center","background-size":"auto","background-attachment":"scroll","background-type":"","background-media":"","overlay-type":"","overlay-color":"","overlay-opacity":"","overlay-gradient":""},"mobile":{"background-color":"","background-image":"","background-repeat":"repeat","background-position":"center center","background-size":"auto","background-attachment":"scroll","background-type":"","background-media":"","overlay-type":"","overlay-color":"","overlay-opacity":"","overlay-gradient":""}},"ast-content-background-meta":{"desktop":{"background-color":"var(--ast-global-color-5)","background-image":"","background-repeat":"repeat","background-position":"center center","background-size":"auto","background-attachment":"scroll","background-type":"","background-media":"","overlay-type":"","overlay-color":"","overlay-opacity":"","overlay-gradient":""},"tablet":{"background-color":"var(--ast-global-color-5)","background-image":"","background-repeat":"repeat","background-position":"center center","background-size":"auto","background-attachment":"scroll","background-type":"","background-media":"","overlay-type":"","overlay-color":"","overlay-opacity":"","overlay-gradient":""},"mobile":{"background-color":"var(--ast-global-color-5)","background-image":"","background-repeat":"repeat","background-position":"center center","background-size":"auto","background-attachment":"scroll","background-type":"","background-media":"","overlay-type":"","overlay-color":"","overlay-opacity":"","overlay-gradient":""}}},"product_cat":[557,556,558],"product_tag":[],"class_list":{"0":"post-6724","1":"product","2":"type-product","3":"status-publish","4":"has-post-thumbnail","6":"product_cat-anti-age","7":"product_cat-beaute-naturelle","8":"product_cat-vergetures-et-cellulite","9":"has-subscription-plans","10":"desktop-align-left","11":"tablet-align-left","12":"mobile-align-left","14":"first","15":"instock","16":"taxable","17":"shipping-taxable","18":"purchasable","19":"product-type-simple"},"yoast_head":"<!-- This site is optimized with the Yoast SEO plugin v22.7 - https:\/\/yoast.com\/wordpress\/plugins\/seo\/ -->\n<title>Lotion naturelle anti-\u00e2ge au coenzyme Q10 pour les peaux tr\u00e8s s\u00e8ches. Bouteille de 50 ml - JeaKen<\/title>\n<meta name=\"robots\" content=\"index, follow, max-snippet:-1, max-image-preview:large, max-video-preview:-1\" \/>\n<link rel=\"canonical\" href=\"https:\/\/jeaken.com\/fr\/produit\/lotion-naturelle-anti-age-au-coenzyme-q10-pour-les-peaux-tres-seches-bouteille-de-50-ml\/\" \/>\n<meta property=\"og:locale\" content=\"fr_FR\" \/>\n<meta property=\"og:type\" content=\"article\" \/>\n<meta property=\"og:title\" content=\"Lotion naturelle anti-\u00e2ge au coenzyme Q10 pour les peaux tr\u00e8s s\u00e8ches. Bouteille de 50 ml - JeaKen\" \/>\n<meta property=\"og:description\" content=\"Une formule naturelle et hydratante pour une peau plus lumineuse, plus lisse et plus jeune.\" \/>\n<meta property=\"og:url\" content=\"https:\/\/jeaken.com\/fr\/produit\/lotion-naturelle-anti-age-au-coenzyme-q10-pour-les-peaux-tres-seches-bouteille-de-50-ml\/\" \/>\n<meta property=\"og:site_name\" content=\"JeaKen\" \/>\n<meta property=\"article:modified_time\" content=\"2022-08-09T12:27:38+00:00\" \/>\n<meta property=\"og:image\" content=\"https:\/\/jeaken.com\/wp-content\/uploads\/2022\/07\/81aPlWEAuWL._AC_SL1500_.jpg\" \/>\n\t<meta property=\"og:image:width\" content=\"600\" \/>\n\t<meta property=\"og:image:height\" content=\"600\" \/>\n\t<meta property=\"og:image:type\" content=\"image\/jpeg\" \/>\n<meta name=\"twitter:card\" content=\"summary_large_image\" \/>\n<meta name=\"twitter:label1\" content=\"Est. reading time\" \/>\n\t<meta name=\"twitter:data1\" content=\"1 minute\" \/>\n<script type=\"application\/ld+json\" class=\"yoast-schema-graph\">{\"@context\":\"https:\/\/schema.org\",\"@graph\":[{\"@type\":\"WebPage\",\"@id\":\"https:\/\/jeaken.com\/fr\/produit\/lotion-naturelle-anti-age-au-coenzyme-q10-pour-les-peaux-tres-seches-bouteille-de-50-ml\/\",\"url\":\"https:\/\/jeaken.com\/fr\/produit\/lotion-naturelle-anti-age-au-coenzyme-q10-pour-les-peaux-tres-seches-bouteille-de-50-ml\/\",\"name\":\"Lotion naturelle anti-\u00e2ge au coenzyme Q10 pour les peaux tr\u00e8s s\u00e8ches. Bouteille de 50 ml - JeaKen\",\"isPartOf\":{\"@id\":\"https:\/\/jeaken.com\/fr\/#website\"},\"primaryImageOfPage\":{\"@id\":\"https:\/\/jeaken.com\/fr\/produit\/lotion-naturelle-anti-age-au-coenzyme-q10-pour-les-peaux-tres-seches-bouteille-de-50-ml\/#primaryimage\"},\"image\":{\"@id\":\"https:\/\/jeaken.com\/fr\/produit\/lotion-naturelle-anti-age-au-coenzyme-q10-pour-les-peaux-tres-seches-bouteille-de-50-ml\/#primaryimage\"},\"thumbnailUrl\":\"https:\/\/jeaken.com\/wp-content\/uploads\/2022\/07\/81aPlWEAuWL._AC_SL1500_.jpg\",\"datePublished\":\"2022-07-21T18:18:22+00:00\",\"dateModified\":\"2022-08-09T12:27:38+00:00\",\"breadcrumb\":{\"@id\":\"https:\/\/jeaken.com\/fr\/produit\/lotion-naturelle-anti-age-au-coenzyme-q10-pour-les-peaux-tres-seches-bouteille-de-50-ml\/#breadcrumb\"},\"inLanguage\":\"fr-FR\",\"potentialAction\":[{\"@type\":\"ReadAction\",\"target\":[\"https:\/\/jeaken.com\/fr\/produit\/lotion-naturelle-anti-age-au-coenzyme-q10-pour-les-peaux-tres-seches-bouteille-de-50-ml\/\"]}]},{\"@type\":\"ImageObject\",\"inLanguage\":\"fr-FR\",\"@id\":\"https:\/\/jeaken.com\/fr\/produit\/lotion-naturelle-anti-age-au-coenzyme-q10-pour-les-peaux-tres-seches-bouteille-de-50-ml\/#primaryimage\",\"url\":\"https:\/\/jeaken.com\/wp-content\/uploads\/2022\/07\/81aPlWEAuWL._AC_SL1500_.jpg\",\"contentUrl\":\"https:\/\/jeaken.com\/wp-content\/uploads\/2022\/07\/81aPlWEAuWL._AC_SL1500_.jpg\",\"width\":600,\"height\":600,\"caption\":\"Coenzyme Q10\"},{\"@type\":\"BreadcrumbList\",\"@id\":\"https:\/\/jeaken.com\/fr\/produit\/lotion-naturelle-anti-age-au-coenzyme-q10-pour-les-peaux-tres-seches-bouteille-de-50-ml\/#breadcrumb\",\"itemListElement\":[{\"@type\":\"ListItem\",\"position\":1,\"name\":\"Home\",\"item\":\"https:\/\/jeaken.com\/fr\/\"},{\"@type\":\"ListItem\",\"position\":2,\"name\":\"Private: Shop\",\"item\":\"https:\/\/jeaken.com\/shop\/\"},{\"@type\":\"ListItem\",\"position\":3,\"name\":\"Lotion naturelle anti-\u00e2ge au coenzyme Q10 pour les peaux tr\u00e8s s\u00e8ches. Bouteille de 50 ml\"}]},{\"@type\":\"WebSite\",\"@id\":\"https:\/\/jeaken.com\/fr\/#website\",\"url\":\"https:\/\/jeaken.com\/fr\/\",\"name\":\"JeaKen\",\"description\":\"Organic Supplements for Health, Fitness and Nutrition\",\"publisher\":{\"@id\":\"https:\/\/jeaken.com\/fr\/#organization\"},\"potentialAction\":[{\"@type\":\"SearchAction\",\"target\":{\"@type\":\"EntryPoint\",\"urlTemplate\":\"https:\/\/jeaken.com\/fr\/?s={search_term_string}\"},\"query-input\":\"required name=search_term_string\"}],\"inLanguage\":\"fr-FR\"},{\"@type\":\"Organization\",\"@id\":\"https:\/\/jeaken.com\/fr\/#organization\",\"name\":\"JeaKen\",\"url\":\"https:\/\/jeaken.com\/fr\/\",\"logo\":{\"@type\":\"ImageObject\",\"inLanguage\":\"fr-FR\",\"@id\":\"https:\/\/jeaken.com\/fr\/#\/schema\/logo\/image\/\",\"url\":\"https:\/\/jeaken.com\/wp-content\/uploads\/2022\/06\/jeaken-logo-23.png\",\"contentUrl\":\"https:\/\/jeaken.com\/wp-content\/uploads\/2022\/06\/jeaken-logo-23.png\",\"width\":2486,\"height\":736,\"caption\":\"JeaKen\"},\"image\":{\"@id\":\"https:\/\/jeaken.com\/fr\/#\/schema\/logo\/image\/\"}}]}<\/script>\n<!-- \/ Yoast SEO plugin. -->","yoast_head_json":{"title":"Lotion naturelle anti-\u00e2ge au coenzyme Q10 pour les peaux tr\u00e8s s\u00e8ches. Bouteille de 50 ml - JeaKen","robots":{"index":"index","follow":"follow","max-snippet":"max-snippet:-1","max-image-preview":"max-image-preview:large","max-video-preview":"max-video-preview:-1"},"canonical":"https:\/\/jeaken.com\/fr\/produit\/lotion-naturelle-anti-age-au-coenzyme-q10-pour-les-peaux-tres-seches-bouteille-de-50-ml\/","og_locale":"fr_FR","og_type":"article","og_title":"Lotion naturelle anti-\u00e2ge au coenzyme Q10 pour les peaux tr\u00e8s s\u00e8ches. Bouteille de 50 ml - JeaKen","og_description":"Une formule naturelle et hydratante pour une peau plus lumineuse, plus lisse et plus jeune.","og_url":"https:\/\/jeaken.com\/fr\/produit\/lotion-naturelle-anti-age-au-coenzyme-q10-pour-les-peaux-tres-seches-bouteille-de-50-ml\/","og_site_name":"JeaKen","article_modified_time":"2022-08-09T12:27:38+00:00","og_image":[{"width":600,"height":600,"url":"https:\/\/jeaken.com\/wp-content\/uploads\/2022\/07\/81aPlWEAuWL._AC_SL1500_.jpg","type":"image\/jpeg"}],"twitter_card":"summary_large_image","twitter_misc":{"Est. reading time":"1 minute"},"schema":{"@context":"https:\/\/schema.org","@graph":[{"@type":"WebPage","@id":"https:\/\/jeaken.com\/fr\/produit\/lotion-naturelle-anti-age-au-coenzyme-q10-pour-les-peaux-tres-seches-bouteille-de-50-ml\/","url":"https:\/\/jeaken.com\/fr\/produit\/lotion-naturelle-anti-age-au-coenzyme-q10-pour-les-peaux-tres-seches-bouteille-de-50-ml\/","name":"Lotion naturelle anti-\u00e2ge au coenzyme Q10 pour les peaux tr\u00e8s s\u00e8ches. Bouteille de 50 ml - JeaKen","isPartOf":{"@id":"https:\/\/jeaken.com\/fr\/#website"},"primaryImageOfPage":{"@id":"https:\/\/jeaken.com\/fr\/produit\/lotion-naturelle-anti-age-au-coenzyme-q10-pour-les-peaux-tres-seches-bouteille-de-50-ml\/#primaryimage"},"image":{"@id":"https:\/\/jeaken.com\/fr\/produit\/lotion-naturelle-anti-age-au-coenzyme-q10-pour-les-peaux-tres-seches-bouteille-de-50-ml\/#primaryimage"},"thumbnailUrl":"https:\/\/jeaken.com\/wp-content\/uploads\/2022\/07\/81aPlWEAuWL._AC_SL1500_.jpg","datePublished":"2022-07-21T18:18:22+00:00","dateModified":"2022-08-09T12:27:38+00:00","breadcrumb":{"@id":"https:\/\/jeaken.com\/fr\/produit\/lotion-naturelle-anti-age-au-coenzyme-q10-pour-les-peaux-tres-seches-bouteille-de-50-ml\/#breadcrumb"},"inLanguage":"fr-FR","potentialAction":[{"@type":"ReadAction","target":["https:\/\/jeaken.com\/fr\/produit\/lotion-naturelle-anti-age-au-coenzyme-q10-pour-les-peaux-tres-seches-bouteille-de-50-ml\/"]}]},{"@type":"ImageObject","inLanguage":"fr-FR","@id":"https:\/\/jeaken.com\/fr\/produit\/lotion-naturelle-anti-age-au-coenzyme-q10-pour-les-peaux-tres-seches-bouteille-de-50-ml\/#primaryimage","url":"https:\/\/jeaken.com\/wp-content\/uploads\/2022\/07\/81aPlWEAuWL._AC_SL1500_.jpg","contentUrl":"https:\/\/jeaken.com\/wp-content\/uploads\/2022\/07\/81aPlWEAuWL._AC_SL1500_.jpg","width":600,"height":600,"caption":"Coenzyme Q10"},{"@type":"BreadcrumbList","@id":"https:\/\/jeaken.com\/fr\/produit\/lotion-naturelle-anti-age-au-coenzyme-q10-pour-les-peaux-tres-seches-bouteille-de-50-ml\/#breadcrumb","itemListElement":[{"@type":"ListItem","position":1,"name":"Home","item":"https:\/\/jeaken.com\/fr\/"},{"@type":"ListItem","position":2,"name":"Private: Shop","item":"https:\/\/jeaken.com\/shop\/"},{"@type":"ListItem","position":3,"name":"Lotion naturelle anti-\u00e2ge au coenzyme Q10 pour les peaux tr\u00e8s s\u00e8ches. Bouteille de 50 ml"}]},{"@type":"WebSite","@id":"https:\/\/jeaken.com\/fr\/#website","url":"https:\/\/jeaken.com\/fr\/","name":"JeaKen","description":"Organic Supplements for Health, Fitness and Nutrition","publisher":{"@id":"https:\/\/jeaken.com\/fr\/#organization"},"potentialAction":[{"@type":"SearchAction","target":{"@type":"EntryPoint","urlTemplate":"https:\/\/jeaken.com\/fr\/?s={search_term_string}"},"query-input":"required name=search_term_string"}],"inLanguage":"fr-FR"},{"@type":"Organization","@id":"https:\/\/jeaken.com\/fr\/#organization","name":"JeaKen","url":"https:\/\/jeaken.com\/fr\/","logo":{"@type":"ImageObject","inLanguage":"fr-FR","@id":"https:\/\/jeaken.com\/fr\/#\/schema\/logo\/image\/","url":"https:\/\/jeaken.com\/wp-content\/uploads\/2022\/06\/jeaken-logo-23.png","contentUrl":"https:\/\/jeaken.com\/wp-content\/uploads\/2022\/06\/jeaken-logo-23.png","width":2486,"height":736,"caption":"JeaKen"},"image":{"@id":"https:\/\/jeaken.com\/fr\/#\/schema\/logo\/image\/"}}]}},"jetpack_sharing_enabled":true,"_links":{"self":[{"href":"https:\/\/jeaken.com\/fr\/wp-json\/wp\/v2\/product\/6724","targetHints":{"allow":["GET"]}}],"collection":[{"href":"https:\/\/jeaken.com\/fr\/wp-json\/wp\/v2\/product"}],"about":[{"href":"https:\/\/jeaken.com\/fr\/wp-json\/wp\/v2\/types\/product"}],"wp:featuredmedia":[{"embeddable":true,"href":"https:\/\/jeaken.com\/fr\/wp-json\/wp\/v2\/media\/5275"}],"wp:attachment":[{"href":"https:\/\/jeaken.com\/fr\/wp-json\/wp\/v2\/media?parent=6724"}],"wp:term":[{"taxonomy":"product_cat","embeddable":true,"href":"https:\/\/jeaken.com\/fr\/wp-json\/wp\/v2\/product_cat?post=6724"},{"taxonomy":"product_tag","embeddable":true,"href":"https:\/\/jeaken.com\/fr\/wp-json\/wp\/v2\/product_tag?post=6724"}],"curies":[{"name":"wp","href":"https:\/\/api.w.org\/{rel}","templated":true}]}}