{"id":6688,"date":"2022-07-21T19:18:22","date_gmt":"2022-07-21T18:18:22","guid":{"rendered":"https:\/1658920591610?product=coenzyme-q10-200-mg-supplement-de-coq10-ubiquinone-pure-120-capsules"},"modified":"2022-08-09T13:26:40","modified_gmt":"2022-08-09T12:26:40","slug":"coenzyme-q10-200-mg-supplement-de-coq10-ubiquinone-pure-120-capsules","status":"publish","type":"product","link":"https:\/\/jeaken.com\/fr\/produit\/coenzyme-q10-200-mg-supplement-de-coq10-ubiquinone-pure-120-capsules\/","title":{"rendered":"Coenzyme Q10 200 mg &#8211; Suppl\u00e9ment de CoQ10 Ubiquinone pure (120 Capsules)"},"content":{"rendered":"<p id=\"tw-target-text\" class=\"tw-data-text tw-text-large tw-ta\" dir=\"ltr\" data-placeholder=\"Translation\"><strong><span class=\"Y2IQFc\" lang=\"en\">N\u00c9CESSAIRES \u00c0 LA PRODUCTION D&#8217;\u00c9NERGIE  <\/span><\/strong><\/p>\n<p class=\"tw-data-text tw-text-large tw-ta\" dir=\"ltr\" data-placeholder=\"Translation\"><span class=\"Y2IQFc\" lang=\"en\">La CoQ10 joue un r\u00f4le important dans la production d&#8217;\u00e9nergie dans le corps. La prise d&#8217;un suppl\u00e9ment de CoQ10 permet d&#8217;augmenter les niveaux naturels de CoQ10 qui peuvent \u00eatre \u00e9puis\u00e9s par l&#8217;\u00e2ge et les statines hypocholest\u00e9rol\u00e9miantes.  <\/span><\/p>\n<p class=\"tw-data-text tw-text-large tw-ta\" dir=\"ltr\" data-placeholder=\"Translation\"><strong><span class=\"Y2IQFc\" lang=\"en\">CoQ10 EFFICACE ET HAUTE ABSORPTION  <\/span><\/strong><\/p>\n<p class=\"tw-data-text tw-text-large tw-ta\" dir=\"ltr\" data-placeholder=\"Translation\"><span class=\"Y2IQFc\" lang=\"en\">Notre puissant produit offre une forme facilement absorbable d&#8217;un nutriment essentiel qui stimule et prot\u00e8ge la vitalit\u00e9 cardiaque, la sant\u00e9 cardiovasculaire et l&#8217;\u00e9nergie cellulaire. Notre CoQ10 a \u00e9t\u00e9 con\u00e7u dans un souci d&#8217;absorption efficace. Nous n&#8217;utilisons que de la CoQ10 100% ferment\u00e9e naturellement, ce qui donne une forme &#8220;trans&#8221; pure de coenzyme Q10 qui est absorb\u00e9e de mani\u00e8re optimale par l&#8217;organisme.  <\/span><\/p>\n<p class=\"tw-data-text tw-text-large tw-ta\" dir=\"ltr\" data-placeholder=\"Translation\"><strong><span class=\"Y2IQFc\" lang=\"en\">AVANTAGES POUR LES UTILISATEURS DE STATINES  <\/span><\/strong><\/p>\n<p class=\"tw-data-text tw-text-large tw-ta\" dir=\"ltr\" data-placeholder=\"Translation\"><span class=\"Y2IQFc\" lang=\"en\">Il a \u00e9t\u00e9 d\u00e9montr\u00e9 que les statines r\u00e9duisent les niveaux de CoQ10 jusqu&#8217;\u00e0 40 %. L&#8217;ajout d&#8217;un suppl\u00e9ment de CoQ10 au traitement par statines peut aider \u00e0 r\u00e9tablir les niveaux de CoQ10.  <\/span><\/p>\n<p class=\"tw-data-text tw-text-large tw-ta\" dir=\"ltr\" data-placeholder=\"Translation\"><strong><span class=\"Y2IQFc\" lang=\"en\">CONVIENT AUX V\u00c9G\u00c9TARIENS ET AUX V\u00c9G\u00c9TALIENS<\/span><\/strong><\/p>\n<p class=\"tw-data-text tw-text-large tw-ta\" dir=\"ltr\" data-placeholder=\"Translation\"><span class=\"Y2IQFc\" lang=\"en\">En plus d&#8217;\u00eatre naturellement ferment\u00e9 pour une meilleure biodisponibilit\u00e9, notre suppl\u00e9ment de CoQ10 200mg se pr\u00e9sente sous la forme de g\u00e9lules faciles \u00e0 avaler qui conviennent aux v\u00e9g\u00e9taliens et aux v\u00e9g\u00e9tariens ; elles sont sans OGM et exemptes d&#8217;allerg\u00e8nes tels que le gluten, le soja, le lactose, les noix ou les traces de noix.  <\/span><\/p>\n","protected":false},"excerpt":{"rendered":"<h4>Suppl\u00e9ments \u00e0 absorption \u00e9lev\u00e9e pour une \u00e9nergie accrue et une meilleure sant\u00e9 cardiovasculaire.<\/h4>\n","protected":false},"featured_media":2759,"template":"","meta":{"site-sidebar-layout":"default","site-content-layout":"default","ast-site-content-layout":"default","site-content-style":"default","site-sidebar-style":"default","ast-global-header-display":"","ast-banner-title-visibility":"","ast-main-header-display":"","ast-hfb-above-header-display":"","ast-hfb-below-header-display":"","ast-hfb-mobile-header-display":"","site-post-title":"","ast-breadcrumbs-content":"","ast-featured-img":"","footer-sml-layout":"","theme-transparent-header-meta":"default","adv-header-id-meta":"","stick-header-meta":"default","header-above-stick-meta":"","header-main-stick-meta":"","header-below-stick-meta":"","astra-migrate-meta-layouts":"default","ast-page-background-enabled":"default","ast-page-background-meta":{"desktop":{"background-color":"","background-image":"","background-repeat":"repeat","background-position":"center center","background-size":"auto","background-attachment":"scroll","background-type":"","background-media":"","overlay-type":"","overlay-color":"","overlay-opacity":"","overlay-gradient":""},"tablet":{"background-color":"","background-image":"","background-repeat":"repeat","background-position":"center center","background-size":"auto","background-attachment":"scroll","background-type":"","background-media":"","overlay-type":"","overlay-color":"","overlay-opacity":"","overlay-gradient":""},"mobile":{"background-color":"","background-image":"","background-repeat":"repeat","background-position":"center center","background-size":"auto","background-attachment":"scroll","background-type":"","background-media":"","overlay-type":"","overlay-color":"","overlay-opacity":"","overlay-gradient":""}},"ast-content-background-meta":{"desktop":{"background-color":"var(--ast-global-color-5)","background-image":"","background-repeat":"repeat","background-position":"center center","background-size":"auto","background-attachment":"scroll","background-type":"","background-media":"","overlay-type":"","overlay-color":"","overlay-opacity":"","overlay-gradient":""},"tablet":{"background-color":"var(--ast-global-color-5)","background-image":"","background-repeat":"repeat","background-position":"center center","background-size":"auto","background-attachment":"scroll","background-type":"","background-media":"","overlay-type":"","overlay-color":"","overlay-opacity":"","overlay-gradient":""},"mobile":{"background-color":"var(--ast-global-color-5)","background-image":"","background-repeat":"repeat","background-position":"center center","background-size":"auto","background-attachment":"scroll","background-type":"","background-media":"","overlay-type":"","overlay-color":"","overlay-opacity":"","overlay-gradient":""}}},"product_cat":[520,516,518,519,514],"product_tag":[],"class_list":{"0":"post-6688","1":"product","2":"type-product","3":"status-publish","4":"has-post-thumbnail","6":"product_cat-fatigue-fr","7":"product_cat-humeur-et-bien-etre","8":"product_cat-mineraux","9":"product_cat-nutrition-sportive","10":"product_cat-sante-du-coeur-et-du-cerveau","11":"has-subscription-plans","12":"desktop-align-left","13":"tablet-align-left","14":"mobile-align-left","16":"first","17":"instock","18":"taxable","19":"shipping-taxable","20":"purchasable","21":"product-type-simple"},"yoast_head":"<!-- This site is optimized with the Yoast SEO plugin v22.7 - https:\/\/yoast.com\/wordpress\/plugins\/seo\/ -->\n<title>Coenzyme Q10 200 mg - Suppl\u00e9ment de CoQ10 Ubiquinone pure (120 Capsules) - JeaKen<\/title>\n<meta name=\"robots\" content=\"index, follow, max-snippet:-1, max-image-preview:large, max-video-preview:-1\" \/>\n<link rel=\"canonical\" href=\"https:\/\/jeaken.com\/fr\/produit\/coenzyme-q10-200-mg-supplement-de-coq10-ubiquinone-pure-120-capsules\/\" \/>\n<meta property=\"og:locale\" content=\"fr_FR\" \/>\n<meta property=\"og:type\" content=\"article\" \/>\n<meta property=\"og:title\" content=\"Coenzyme Q10 200 mg - Suppl\u00e9ment de CoQ10 Ubiquinone pure (120 Capsules) - JeaKen\" \/>\n<meta property=\"og:description\" content=\"Suppl\u00e9ments \u00e0 absorption \u00e9lev\u00e9e pour une \u00e9nergie accrue et une meilleure sant\u00e9 cardiovasculaire.\" \/>\n<meta property=\"og:url\" content=\"https:\/\/jeaken.com\/fr\/produit\/coenzyme-q10-200-mg-supplement-de-coq10-ubiquinone-pure-120-capsules\/\" \/>\n<meta property=\"og:site_name\" content=\"JeaKen\" \/>\n<meta property=\"article:modified_time\" content=\"2022-08-09T12:26:40+00:00\" \/>\n<meta property=\"og:image\" content=\"https:\/\/jeaken.com\/wp-content\/uploads\/2022\/07\/71xQMaVJaZL._AC_SL1500_.jpg\" \/>\n\t<meta property=\"og:image:width\" content=\"600\" \/>\n\t<meta property=\"og:image:height\" content=\"600\" \/>\n\t<meta property=\"og:image:type\" content=\"image\/jpeg\" \/>\n<meta name=\"twitter:card\" content=\"summary_large_image\" \/>\n<meta name=\"twitter:label1\" content=\"Est. reading time\" \/>\n\t<meta name=\"twitter:data1\" content=\"1 minute\" \/>\n<script type=\"application\/ld+json\" class=\"yoast-schema-graph\">{\"@context\":\"https:\/\/schema.org\",\"@graph\":[{\"@type\":\"WebPage\",\"@id\":\"https:\/\/jeaken.com\/fr\/produit\/coenzyme-q10-200-mg-supplement-de-coq10-ubiquinone-pure-120-capsules\/\",\"url\":\"https:\/\/jeaken.com\/fr\/produit\/coenzyme-q10-200-mg-supplement-de-coq10-ubiquinone-pure-120-capsules\/\",\"name\":\"Coenzyme Q10 200 mg - Suppl\u00e9ment de CoQ10 Ubiquinone pure (120 Capsules) - JeaKen\",\"isPartOf\":{\"@id\":\"https:\/\/jeaken.com\/fr\/#website\"},\"primaryImageOfPage\":{\"@id\":\"https:\/\/jeaken.com\/fr\/produit\/coenzyme-q10-200-mg-supplement-de-coq10-ubiquinone-pure-120-capsules\/#primaryimage\"},\"image\":{\"@id\":\"https:\/\/jeaken.com\/fr\/produit\/coenzyme-q10-200-mg-supplement-de-coq10-ubiquinone-pure-120-capsules\/#primaryimage\"},\"thumbnailUrl\":\"https:\/\/jeaken.com\/wp-content\/uploads\/2022\/07\/71xQMaVJaZL._AC_SL1500_.jpg\",\"datePublished\":\"2022-07-21T18:18:22+00:00\",\"dateModified\":\"2022-08-09T12:26:40+00:00\",\"breadcrumb\":{\"@id\":\"https:\/\/jeaken.com\/fr\/produit\/coenzyme-q10-200-mg-supplement-de-coq10-ubiquinone-pure-120-capsules\/#breadcrumb\"},\"inLanguage\":\"fr-FR\",\"potentialAction\":[{\"@type\":\"ReadAction\",\"target\":[\"https:\/\/jeaken.com\/fr\/produit\/coenzyme-q10-200-mg-supplement-de-coq10-ubiquinone-pure-120-capsules\/\"]}]},{\"@type\":\"ImageObject\",\"inLanguage\":\"fr-FR\",\"@id\":\"https:\/\/jeaken.com\/fr\/produit\/coenzyme-q10-200-mg-supplement-de-coq10-ubiquinone-pure-120-capsules\/#primaryimage\",\"url\":\"https:\/\/jeaken.com\/wp-content\/uploads\/2022\/07\/71xQMaVJaZL._AC_SL1500_.jpg\",\"contentUrl\":\"https:\/\/jeaken.com\/wp-content\/uploads\/2022\/07\/71xQMaVJaZL._AC_SL1500_.jpg\",\"width\":600,\"height\":600,\"caption\":\"Coenzyme Q10 200 mg - Pure Ubiquinone CoQ10 Supplement\"},{\"@type\":\"BreadcrumbList\",\"@id\":\"https:\/\/jeaken.com\/fr\/produit\/coenzyme-q10-200-mg-supplement-de-coq10-ubiquinone-pure-120-capsules\/#breadcrumb\",\"itemListElement\":[{\"@type\":\"ListItem\",\"position\":1,\"name\":\"Home\",\"item\":\"https:\/\/jeaken.com\/fr\/\"},{\"@type\":\"ListItem\",\"position\":2,\"name\":\"Private: Shop\",\"item\":\"https:\/\/jeaken.com\/shop\/\"},{\"@type\":\"ListItem\",\"position\":3,\"name\":\"Coenzyme Q10 200 mg &#8211; Suppl\u00e9ment de CoQ10 Ubiquinone pure (120 Capsules)\"}]},{\"@type\":\"WebSite\",\"@id\":\"https:\/\/jeaken.com\/fr\/#website\",\"url\":\"https:\/\/jeaken.com\/fr\/\",\"name\":\"JeaKen\",\"description\":\"Organic Supplements for Health, Fitness and Nutrition\",\"publisher\":{\"@id\":\"https:\/\/jeaken.com\/fr\/#organization\"},\"potentialAction\":[{\"@type\":\"SearchAction\",\"target\":{\"@type\":\"EntryPoint\",\"urlTemplate\":\"https:\/\/jeaken.com\/fr\/?s={search_term_string}\"},\"query-input\":\"required name=search_term_string\"}],\"inLanguage\":\"fr-FR\"},{\"@type\":\"Organization\",\"@id\":\"https:\/\/jeaken.com\/fr\/#organization\",\"name\":\"JeaKen\",\"url\":\"https:\/\/jeaken.com\/fr\/\",\"logo\":{\"@type\":\"ImageObject\",\"inLanguage\":\"fr-FR\",\"@id\":\"https:\/\/jeaken.com\/fr\/#\/schema\/logo\/image\/\",\"url\":\"https:\/\/jeaken.com\/wp-content\/uploads\/2022\/06\/jeaken-logo-23.png\",\"contentUrl\":\"https:\/\/jeaken.com\/wp-content\/uploads\/2022\/06\/jeaken-logo-23.png\",\"width\":2486,\"height\":736,\"caption\":\"JeaKen\"},\"image\":{\"@id\":\"https:\/\/jeaken.com\/fr\/#\/schema\/logo\/image\/\"}}]}<\/script>\n<!-- \/ Yoast SEO plugin. -->","yoast_head_json":{"title":"Coenzyme Q10 200 mg - Suppl\u00e9ment de CoQ10 Ubiquinone pure (120 Capsules) - JeaKen","robots":{"index":"index","follow":"follow","max-snippet":"max-snippet:-1","max-image-preview":"max-image-preview:large","max-video-preview":"max-video-preview:-1"},"canonical":"https:\/\/jeaken.com\/fr\/produit\/coenzyme-q10-200-mg-supplement-de-coq10-ubiquinone-pure-120-capsules\/","og_locale":"fr_FR","og_type":"article","og_title":"Coenzyme Q10 200 mg - Suppl\u00e9ment de CoQ10 Ubiquinone pure (120 Capsules) - JeaKen","og_description":"Suppl\u00e9ments \u00e0 absorption \u00e9lev\u00e9e pour une \u00e9nergie accrue et une meilleure sant\u00e9 cardiovasculaire.","og_url":"https:\/\/jeaken.com\/fr\/produit\/coenzyme-q10-200-mg-supplement-de-coq10-ubiquinone-pure-120-capsules\/","og_site_name":"JeaKen","article_modified_time":"2022-08-09T12:26:40+00:00","og_image":[{"width":600,"height":600,"url":"https:\/\/jeaken.com\/wp-content\/uploads\/2022\/07\/71xQMaVJaZL._AC_SL1500_.jpg","type":"image\/jpeg"}],"twitter_card":"summary_large_image","twitter_misc":{"Est. reading time":"1 minute"},"schema":{"@context":"https:\/\/schema.org","@graph":[{"@type":"WebPage","@id":"https:\/\/jeaken.com\/fr\/produit\/coenzyme-q10-200-mg-supplement-de-coq10-ubiquinone-pure-120-capsules\/","url":"https:\/\/jeaken.com\/fr\/produit\/coenzyme-q10-200-mg-supplement-de-coq10-ubiquinone-pure-120-capsules\/","name":"Coenzyme Q10 200 mg - Suppl\u00e9ment de CoQ10 Ubiquinone pure (120 Capsules) - JeaKen","isPartOf":{"@id":"https:\/\/jeaken.com\/fr\/#website"},"primaryImageOfPage":{"@id":"https:\/\/jeaken.com\/fr\/produit\/coenzyme-q10-200-mg-supplement-de-coq10-ubiquinone-pure-120-capsules\/#primaryimage"},"image":{"@id":"https:\/\/jeaken.com\/fr\/produit\/coenzyme-q10-200-mg-supplement-de-coq10-ubiquinone-pure-120-capsules\/#primaryimage"},"thumbnailUrl":"https:\/\/jeaken.com\/wp-content\/uploads\/2022\/07\/71xQMaVJaZL._AC_SL1500_.jpg","datePublished":"2022-07-21T18:18:22+00:00","dateModified":"2022-08-09T12:26:40+00:00","breadcrumb":{"@id":"https:\/\/jeaken.com\/fr\/produit\/coenzyme-q10-200-mg-supplement-de-coq10-ubiquinone-pure-120-capsules\/#breadcrumb"},"inLanguage":"fr-FR","potentialAction":[{"@type":"ReadAction","target":["https:\/\/jeaken.com\/fr\/produit\/coenzyme-q10-200-mg-supplement-de-coq10-ubiquinone-pure-120-capsules\/"]}]},{"@type":"ImageObject","inLanguage":"fr-FR","@id":"https:\/\/jeaken.com\/fr\/produit\/coenzyme-q10-200-mg-supplement-de-coq10-ubiquinone-pure-120-capsules\/#primaryimage","url":"https:\/\/jeaken.com\/wp-content\/uploads\/2022\/07\/71xQMaVJaZL._AC_SL1500_.jpg","contentUrl":"https:\/\/jeaken.com\/wp-content\/uploads\/2022\/07\/71xQMaVJaZL._AC_SL1500_.jpg","width":600,"height":600,"caption":"Coenzyme Q10 200 mg - Pure Ubiquinone CoQ10 Supplement"},{"@type":"BreadcrumbList","@id":"https:\/\/jeaken.com\/fr\/produit\/coenzyme-q10-200-mg-supplement-de-coq10-ubiquinone-pure-120-capsules\/#breadcrumb","itemListElement":[{"@type":"ListItem","position":1,"name":"Home","item":"https:\/\/jeaken.com\/fr\/"},{"@type":"ListItem","position":2,"name":"Private: Shop","item":"https:\/\/jeaken.com\/shop\/"},{"@type":"ListItem","position":3,"name":"Coenzyme Q10 200 mg &#8211; Suppl\u00e9ment de CoQ10 Ubiquinone pure (120 Capsules)"}]},{"@type":"WebSite","@id":"https:\/\/jeaken.com\/fr\/#website","url":"https:\/\/jeaken.com\/fr\/","name":"JeaKen","description":"Organic Supplements for Health, Fitness and Nutrition","publisher":{"@id":"https:\/\/jeaken.com\/fr\/#organization"},"potentialAction":[{"@type":"SearchAction","target":{"@type":"EntryPoint","urlTemplate":"https:\/\/jeaken.com\/fr\/?s={search_term_string}"},"query-input":"required name=search_term_string"}],"inLanguage":"fr-FR"},{"@type":"Organization","@id":"https:\/\/jeaken.com\/fr\/#organization","name":"JeaKen","url":"https:\/\/jeaken.com\/fr\/","logo":{"@type":"ImageObject","inLanguage":"fr-FR","@id":"https:\/\/jeaken.com\/fr\/#\/schema\/logo\/image\/","url":"https:\/\/jeaken.com\/wp-content\/uploads\/2022\/06\/jeaken-logo-23.png","contentUrl":"https:\/\/jeaken.com\/wp-content\/uploads\/2022\/06\/jeaken-logo-23.png","width":2486,"height":736,"caption":"JeaKen"},"image":{"@id":"https:\/\/jeaken.com\/fr\/#\/schema\/logo\/image\/"}}]}},"jetpack_sharing_enabled":true,"_links":{"self":[{"href":"https:\/\/jeaken.com\/fr\/wp-json\/wp\/v2\/product\/6688","targetHints":{"allow":["GET"]}}],"collection":[{"href":"https:\/\/jeaken.com\/fr\/wp-json\/wp\/v2\/product"}],"about":[{"href":"https:\/\/jeaken.com\/fr\/wp-json\/wp\/v2\/types\/product"}],"wp:featuredmedia":[{"embeddable":true,"href":"https:\/\/jeaken.com\/fr\/wp-json\/wp\/v2\/media\/2759"}],"wp:attachment":[{"href":"https:\/\/jeaken.com\/fr\/wp-json\/wp\/v2\/media?parent=6688"}],"wp:term":[{"taxonomy":"product_cat","embeddable":true,"href":"https:\/\/jeaken.com\/fr\/wp-json\/wp\/v2\/product_cat?post=6688"},{"taxonomy":"product_tag","embeddable":true,"href":"https:\/\/jeaken.com\/fr\/wp-json\/wp\/v2\/product_tag?post=6688"}],"curies":[{"name":"wp","href":"https:\/\/api.w.org\/{rel}","templated":true}]}}