{"id":14539,"date":"2023-03-19T16:19:16","date_gmt":"2023-03-19T16:19:16","guid":{"rendered":"https:\/?post_type=product&#038;p=14539"},"modified":"2023-04-06T12:31:00","modified_gmt":"2023-04-06T11:31:00","slug":"loffre-groupee-pour-la-perte-de-poids-et-la-clarte-mentale","status":"publish","type":"product","link":"https:\/\/jeaken.com\/fr\/produit\/loffre-groupee-pour-la-perte-de-poids-et-la-clarte-mentale\/","title":{"rendered":"Offre group\u00e9e perte de poids et clart\u00e9 mentale"},"content":{"rendered":"<h2>Offre group\u00e9e perte de poids et clart\u00e9 mentale<\/h2>\n<p><span data-sheets-value=\"{\"1\":2,\"2\":\"The Weight Loss and Mental Clarity &amp; Focus Bundle is a powerful combination of three high-quality supplements designed to support your weight loss journey while also boosting cognitive function. The Apple Cider Vinegar Capsules offer additional digestive support and may aid in weight loss. The Super Mind Nootropics contain a blend of natural ingredients that help support cognitive function, including memory, focus, and mental clarity. Lastly, Green Tea Capsules provide a natural source of antioxidants and energy to support weight loss efforts. Whether you're looking to shed some extra pounds or improve your mental performance, this bundle can help you reach your goals.\"}\" data-sheets-userformat=\"{\"2\":897,\"3\":{\"1\":0},\"10\":0,\"11\":4,\"12\":0}\">L&#8217;ensemble perte de poids et clart\u00e9 mentale est une combinaison puissante de trois suppl\u00e9ments de haute qualit\u00e9 con\u00e7us pour vous aider dans votre d\u00e9marche de perte de poids tout en stimulant vos fonctions cognitives. Les g\u00e9lules de vinaigre de cidre de pomme offrent un soutien digestif suppl\u00e9mentaire et peuvent contribuer \u00e0 la perte de poids. Les Super Mind Nootropics contiennent un m\u00e9lange d&#8217;ingr\u00e9dients naturels qui aident \u00e0 soutenir les fonctions cognitives, y compris la m\u00e9moire, la concentration et la clart\u00e9 mentale. Enfin, les g\u00e9lules de th\u00e9 vert constituent une source naturelle d&#8217;antioxydants et d&#8217;\u00e9nergie pour soutenir les efforts de perte de poids. Que vous souhaitiez vous d\u00e9barrasser de quelques kilos superflus ou am\u00e9liorer vos performances mentales, cette offre group\u00e9e peut vous aider \u00e0 atteindre vos objectifs.<\/span><\/p>\n<p>&nbsp;<\/p>\n<h4 class=\"product_title entry-title elementor-heading-title elementor-size-default\"><strong>Capsules de th\u00e9 vert &#8211; 850mg Suppl\u00e9ments antioxydants pour la perte de poids (120 comprim\u00e9s)<\/strong><\/h4>\n<p>&nbsp;<\/p>\n<p><strong>OFFRE DE MULTIPLES AVANTAGES POUR LA SANT\u00c9<\/strong><\/p>\n<p>Le th\u00e9 vert est utilis\u00e9 dans la m\u00e9decine chinoise depuis environ 4 000 ans. Elle offre de nombreux avantages pour la sant\u00e9, notamment en contribuant \u00e0 r\u00e9duire le risque de maladies cardiaques et de certains types de cancer, en augmentant le rapport entre le bon cholest\u00e9rol (HDL) et le mauvais cholest\u00e9rol (LDL) dans le sang, en renfor\u00e7ant le syst\u00e8me immunitaire et en fournissant des antioxydants.<\/p>\n<p><strong>AIDE \u00c0 LA PERTE DE POIDS<\/strong><\/p>\n<p>Associ\u00e9 \u00e0 un r\u00e9gime alimentaire sain, notre th\u00e9 vert v\u00e9g\u00e9tarien constitue une aide efficace pour perdre du poids en augmentant votre taux m\u00e9tabolique et en supprimant votre app\u00e9tit.<\/p>\n<p><strong>ANTIOXYDANT NATUREL PUISSANT<\/strong><\/p>\n<p>L&#8217;EGCG pr\u00e9sent dans le th\u00e9 vert est responsable de la plupart de ses propri\u00e9t\u00e9s antioxydantes, qui emp\u00eachent les radicaux libres d&#8217;endommager vos cellules.<\/p>\n<p><strong>AM\u00c9LIORE LA M\u00c9MOIRE ET LA CONCENTRATION<\/strong><\/p>\n<p>Les propri\u00e9t\u00e9s de l&#8217;extrait de th\u00e9 vert peuvent contribuer \u00e0 am\u00e9liorer la cognition et la m\u00e9moire, vous aidant ainsi \u00e0 rester vif et concentr\u00e9 toute la journ\u00e9e.<\/p>\n<p>&nbsp;<\/p>\n<h4 class=\"product_title entry-title elementor-heading-title elementor-size-default\"><strong>Vinaigre de Cidre de Pommes &#8211; Booster du M\u00e9tabolisme et D\u00e9tox &#8211; Am\u00e9lior\u00e9 avec Seagreens, Th\u00e9 Vert et Chrome (120 Capsules)<\/strong><\/h4>\n<p>&nbsp;<\/p>\n<p><strong>DE MULTIPLES AVANTAGES POUR LA SANT\u00c9  <\/strong><\/p>\n<p>Utilis\u00e9 par Hippocrate (le &#8220;p\u00e8re de la m\u00e9decine moderne&#8221;) il y a plus de 2000 ans, le vinaigre de cidre de pomme contribuerait \u00e0 une vari\u00e9t\u00e9 de bienfaits \u00e9tonnants pour la sant\u00e9, notamment une meilleure sant\u00e9 digestive, des niveaux d&#8217;\u00e9nergie accrus et un m\u00e9tabolisme am\u00e9lior\u00e9. Nos g\u00e9lules de vinaigre de cidre de pomme \u00e0 haute concentration offrent ces avantages puissants dans des g\u00e9lules faciles \u00e0 avaler.<\/p>\n<p><strong>FAVORISE UNE PERTE DE POIDS SAINE  <\/strong><\/p>\n<p>Plusieurs \u00e9tudes r\u00e9centes ont montr\u00e9 que le vinaigre de cidre de pomme peut aider \u00e0 perdre du poids lorsqu&#8217;il est consomm\u00e9 dans le cadre d&#8217;un r\u00e9gime alimentaire sain. Il peut \u00e9galement faciliter la digestion et am\u00e9liorer votre sant\u00e9 g\u00e9n\u00e9rale en vous aidant \u00e0 absorber davantage de nutriments dans vos aliments.<\/p>\n<p><strong>M\u00c9LANGE UNIQUE  <\/strong><\/p>\n<p>Nos capsules de vinaigre de cidre de pomme de qualit\u00e9 sup\u00e9rieure offrent des r\u00e9sultats optimaux gr\u00e2ce \u00e0 leur m\u00e9lange unique de seagreens, de th\u00e9 vert et de chrome. Votre sant\u00e9 est notre priorit\u00e9. Nos g\u00e9lules sont fabriqu\u00e9es au Royaume-Uni selon des directives de s\u00e9curit\u00e9 strictes (code de pratique GMP) afin de garantir la puissance, la qualit\u00e9 et l&#8217;efficacit\u00e9.<\/p>\n<p><strong>CONVIENT AUX V\u00c9G\u00c9TALIENS ET AUX V\u00c9G\u00c9TARIENS  <\/strong><\/p>\n<p>Nos capsules de vinaigre de cidre de pomme sont fabriqu\u00e9es \u00e0 partir d&#8217;ingr\u00e9dients 100% v\u00e9g\u00e9taux de premi\u00e8re qualit\u00e9. Nos capsules sont sans gluten, sans lactose, conformes aux BPF, sans OGM et 100% v\u00e9g\u00e9taliennes.<\/p>\n<p>&nbsp;<\/p>\n<h4 class=\"product_title entry-title elementor-heading-title elementor-size-default\"><strong>Super Mind Nootropics &#8211; 60 capsules v\u00e9g\u00e9taliennes<\/strong><\/h4>\n<p>&nbsp;<\/p>\n<ul class=\"a-unordered-list a-vertical a-spacing-none\">\n<li class=\"a-spacing-small\"><span class=\"a-list-item a-size-base\">RENFORCER LA MEMOIRE, LA CONCENTRATION ET LA PERFORMANCE &#8211; Contrairement \u00e0 de nombreux compl\u00e9ments alimentaires pour le cerveau, les g\u00e9lules JeaKen nootropics brain boost sont fabriqu\u00e9es \u00e0 partir d&#8217;ingr\u00e9dients naturels tels que la Rhodiola Rosea, qui aident \u00e0 augmenter la concentration et la perplexit\u00e9, \u00e0 renforcer l&#8217;\u00e9nergie mentale et \u00e0 am\u00e9liorer la m\u00e9moire.  <\/span><\/li>\n<li class=\"a-spacing-small\"><span class=\"a-list-item a-size-base\">R\u00c9DUIT LA FATIGUE, AM\u00c9LIORE LA FOCUS &#8211; Le guarana, une plante originaire d&#8217;Amazonie, contient naturellement de la caf\u00e9ine, qui s&#8217;est r\u00e9v\u00e9l\u00e9e tr\u00e8s efficace pour r\u00e9duire la fatigue et am\u00e9liorer la concentration mentale. L&#8217;association de la caf\u00e9ine et de la th\u00e9anine s&#8217;av\u00e8re tr\u00e8s efficace pour am\u00e9liorer les performances cognitives.  <\/span><\/li>\n<li class=\"a-spacing-small\"><span class=\"a-list-item a-size-base\">SEULS LES MEILLEURS INGR\u00c9DIENTS &#8211; Notre compl\u00e9ment alimentaire pour la m\u00e9moire est compos\u00e9 de vitamines, de min\u00e9raux et d&#8217;extraits de plantes enti\u00e8rement naturels, sans additifs nocifs ; sans OGM, sans hormones et sans gluten.  <\/span><\/li>\n<li class=\"a-spacing-small\"><span class=\"a-list-item a-size-base\">SOUTENU PAR LA SCIENCE &#8211; Un soin particulier a \u00e9t\u00e9 apport\u00e9 \u00e0 la combinaison de la juste quantit\u00e9 de chaque ingr\u00e9dient dans une formule avanc\u00e9e con\u00e7ue pour aider \u00e0 soutenir l&#8217;oxyg\u00e8ne et la circulation dans les cellules c\u00e9r\u00e9brales, et les neurones con\u00e7us pour soutenir la m\u00e9moire, la concentration et la clart\u00e9.<\/span><\/li>\n<\/ul>\n","protected":false},"excerpt":{"rendered":"<div class=\"group w-full text-gray-800 dark:text-gray-100 border-b border-black\/10 dark:border-gray-900\/50 bg-gray-50 dark:bg-[#444654]\">\n<div class=\"text-base gap-4 md:gap-6 md:max-w-2xl lg:max-w-2xl xl:max-w-3xl p-4 md:py-6 flex lg:px-0 m-auto\">\n<div class=\"relative flex w-[calc(100%-50px)] flex-col gap-1 md:gap-3 lg:w-[calc(100%-115px)]\">\n<div class=\"flex flex-grow flex-col gap-3\">\n<div class=\"min-h-[20px] flex flex-col items-start gap-4 whitespace-pre-wrap\">\n<div class=\"markdown prose w-full break-words dark:prose-invert dark\">\n<p>L&#8217;ensemble perte de poids et clart\u00e9 mentale comprend du vinaigre de cidre de pomme, des nootropiques Super Mind et des g\u00e9lules de th\u00e9 vert pour am\u00e9liorer la digestion, la cognition et le soutien \u00e0 la perte de poids, afin d&#8217;aider \u00e0 atteindre les objectifs fix\u00e9s.<\/p>\n<\/div>\n<\/div>\n<\/div>\n<\/div>\n<\/div>\n<\/div>\n","protected":false},"featured_media":16273,"template":"","meta":{"site-sidebar-layout":"default","site-content-layout":"default","ast-site-content-layout":"default","site-content-style":"default","site-sidebar-style":"default","ast-global-header-display":"","ast-banner-title-visibility":"","ast-main-header-display":"","ast-hfb-above-header-display":"","ast-hfb-below-header-display":"","ast-hfb-mobile-header-display":"","site-post-title":"","ast-breadcrumbs-content":"","ast-featured-img":"","footer-sml-layout":"","theme-transparent-header-meta":"default","adv-header-id-meta":"","stick-header-meta":"default","header-above-stick-meta":"","header-main-stick-meta":"","header-below-stick-meta":"","astra-migrate-meta-layouts":"default","ast-page-background-enabled":"default","ast-page-background-meta":{"desktop":{"background-color":"","background-image":"","background-repeat":"repeat","background-position":"center center","background-size":"auto","background-attachment":"scroll","background-type":"","background-media":"","overlay-type":"","overlay-color":"","overlay-opacity":"","overlay-gradient":""},"tablet":{"background-color":"","background-image":"","background-repeat":"repeat","background-position":"center center","background-size":"auto","background-attachment":"scroll","background-type":"","background-media":"","overlay-type":"","overlay-color":"","overlay-opacity":"","overlay-gradient":""},"mobile":{"background-color":"","background-image":"","background-repeat":"repeat","background-position":"center center","background-size":"auto","background-attachment":"scroll","background-type":"","background-media":"","overlay-type":"","overlay-color":"","overlay-opacity":"","overlay-gradient":""}},"ast-content-background-meta":{"desktop":{"background-color":"var(--ast-global-color-5)","background-image":"","background-repeat":"repeat","background-position":"center center","background-size":"auto","background-attachment":"scroll","background-type":"","background-media":"","overlay-type":"","overlay-color":"","overlay-opacity":"","overlay-gradient":""},"tablet":{"background-color":"var(--ast-global-color-5)","background-image":"","background-repeat":"repeat","background-position":"center center","background-size":"auto","background-attachment":"scroll","background-type":"","background-media":"","overlay-type":"","overlay-color":"","overlay-opacity":"","overlay-gradient":""},"mobile":{"background-color":"var(--ast-global-color-5)","background-image":"","background-repeat":"repeat","background-position":"center center","background-size":"auto","background-attachment":"scroll","background-type":"","background-media":"","overlay-type":"","overlay-color":"","overlay-opacity":"","overlay-gradient":""}}},"product_cat":[702,643],"product_tag":[],"class_list":{"0":"post-14539","1":"product","2":"type-product","3":"status-publish","4":"has-post-thumbnail","6":"product_cat-perte-de-poids","7":"product_cat-stimulants-pour-le-cerveau","8":"has-subscription-plans","9":"desktop-align-left","10":"tablet-align-left","11":"mobile-align-left","13":"first","14":"instock","15":"taxable","16":"shipping-taxable","17":"purchasable","18":"product-type-simple"},"yoast_head":"<!-- This site is optimized with the Yoast SEO plugin v22.7 - https:\/\/yoast.com\/wordpress\/plugins\/seo\/ -->\n<title>Offre group\u00e9e perte de poids et clart\u00e9 mentale - JeaKen<\/title>\n<meta name=\"robots\" content=\"index, follow, max-snippet:-1, max-image-preview:large, max-video-preview:-1\" \/>\n<link rel=\"canonical\" href=\"https:\/\/jeaken.com\/fr\/produit\/loffre-groupee-pour-la-perte-de-poids-et-la-clarte-mentale\/\" \/>\n<meta property=\"og:locale\" content=\"fr_FR\" \/>\n<meta property=\"og:type\" content=\"article\" \/>\n<meta property=\"og:title\" content=\"Offre group\u00e9e perte de poids et clart\u00e9 mentale - JeaKen\" \/>\n<meta property=\"og:description\" content=\"L&#039;ensemble perte de poids et clart\u00e9 mentale comprend du vinaigre de cidre de pomme, des nootropiques Super Mind et des g\u00e9lules de th\u00e9 vert pour am\u00e9liorer la digestion, la cognition et le soutien \u00e0 la perte de poids, afin d&#039;aider \u00e0 atteindre les objectifs fix\u00e9s.\" \/>\n<meta property=\"og:url\" content=\"https:\/\/jeaken.com\/fr\/produit\/loffre-groupee-pour-la-perte-de-poids-et-la-clarte-mentale\/\" \/>\n<meta property=\"og:site_name\" content=\"JeaKen\" \/>\n<meta property=\"article:modified_time\" content=\"2023-04-06T11:31:00+00:00\" \/>\n<meta property=\"og:image\" content=\"https:\/\/jeaken.com\/wp-content\/uploads\/2023\/03\/Combine4.jpg\" \/>\n\t<meta property=\"og:image:width\" content=\"972\" \/>\n\t<meta property=\"og:image:height\" content=\"972\" \/>\n\t<meta property=\"og:image:type\" content=\"image\/jpeg\" \/>\n<meta name=\"twitter:card\" content=\"summary_large_image\" \/>\n<script type=\"application\/ld+json\" class=\"yoast-schema-graph\">{\"@context\":\"https:\/\/schema.org\",\"@graph\":[{\"@type\":\"WebPage\",\"@id\":\"https:\/\/jeaken.com\/fr\/produit\/loffre-groupee-pour-la-perte-de-poids-et-la-clarte-mentale\/\",\"url\":\"https:\/\/jeaken.com\/fr\/produit\/loffre-groupee-pour-la-perte-de-poids-et-la-clarte-mentale\/\",\"name\":\"Offre group\u00e9e perte de poids et clart\u00e9 mentale - JeaKen\",\"isPartOf\":{\"@id\":\"https:\/\/jeaken.com\/fr\/#website\"},\"primaryImageOfPage\":{\"@id\":\"https:\/\/jeaken.com\/fr\/produit\/loffre-groupee-pour-la-perte-de-poids-et-la-clarte-mentale\/#primaryimage\"},\"image\":{\"@id\":\"https:\/\/jeaken.com\/fr\/produit\/loffre-groupee-pour-la-perte-de-poids-et-la-clarte-mentale\/#primaryimage\"},\"thumbnailUrl\":\"https:\/\/jeaken.com\/wp-content\/uploads\/2023\/03\/Combine4.jpg\",\"datePublished\":\"2023-03-19T16:19:16+00:00\",\"dateModified\":\"2023-04-06T11:31:00+00:00\",\"breadcrumb\":{\"@id\":\"https:\/\/jeaken.com\/fr\/produit\/loffre-groupee-pour-la-perte-de-poids-et-la-clarte-mentale\/#breadcrumb\"},\"inLanguage\":\"fr-FR\",\"potentialAction\":[{\"@type\":\"ReadAction\",\"target\":[\"https:\/\/jeaken.com\/fr\/produit\/loffre-groupee-pour-la-perte-de-poids-et-la-clarte-mentale\/\"]}]},{\"@type\":\"ImageObject\",\"inLanguage\":\"fr-FR\",\"@id\":\"https:\/\/jeaken.com\/fr\/produit\/loffre-groupee-pour-la-perte-de-poids-et-la-clarte-mentale\/#primaryimage\",\"url\":\"https:\/\/jeaken.com\/wp-content\/uploads\/2023\/03\/Combine4.jpg\",\"contentUrl\":\"https:\/\/jeaken.com\/wp-content\/uploads\/2023\/03\/Combine4.jpg\",\"width\":972,\"height\":972,\"caption\":\"Weight Loss And Mental Clarity Bundle\"},{\"@type\":\"BreadcrumbList\",\"@id\":\"https:\/\/jeaken.com\/fr\/produit\/loffre-groupee-pour-la-perte-de-poids-et-la-clarte-mentale\/#breadcrumb\",\"itemListElement\":[{\"@type\":\"ListItem\",\"position\":1,\"name\":\"Home\",\"item\":\"https:\/\/jeaken.com\/fr\/\"},{\"@type\":\"ListItem\",\"position\":2,\"name\":\"Private: Shop\",\"item\":\"https:\/\/jeaken.com\/shop\/\"},{\"@type\":\"ListItem\",\"position\":3,\"name\":\"Offre group\u00e9e perte de poids et clart\u00e9 mentale\"}]},{\"@type\":\"WebSite\",\"@id\":\"https:\/\/jeaken.com\/fr\/#website\",\"url\":\"https:\/\/jeaken.com\/fr\/\",\"name\":\"JeaKen\",\"description\":\"Organic Supplements for Health, Fitness and Nutrition\",\"publisher\":{\"@id\":\"https:\/\/jeaken.com\/fr\/#organization\"},\"potentialAction\":[{\"@type\":\"SearchAction\",\"target\":{\"@type\":\"EntryPoint\",\"urlTemplate\":\"https:\/\/jeaken.com\/fr\/?s={search_term_string}\"},\"query-input\":\"required name=search_term_string\"}],\"inLanguage\":\"fr-FR\"},{\"@type\":\"Organization\",\"@id\":\"https:\/\/jeaken.com\/fr\/#organization\",\"name\":\"JeaKen\",\"url\":\"https:\/\/jeaken.com\/fr\/\",\"logo\":{\"@type\":\"ImageObject\",\"inLanguage\":\"fr-FR\",\"@id\":\"https:\/\/jeaken.com\/fr\/#\/schema\/logo\/image\/\",\"url\":\"https:\/\/jeaken.com\/wp-content\/uploads\/2022\/06\/jeaken-logo-23.png\",\"contentUrl\":\"https:\/\/jeaken.com\/wp-content\/uploads\/2022\/06\/jeaken-logo-23.png\",\"width\":2486,\"height\":736,\"caption\":\"JeaKen\"},\"image\":{\"@id\":\"https:\/\/jeaken.com\/fr\/#\/schema\/logo\/image\/\"}}]}<\/script>\n<!-- \/ Yoast SEO plugin. -->","yoast_head_json":{"title":"Offre group\u00e9e perte de poids et clart\u00e9 mentale - JeaKen","robots":{"index":"index","follow":"follow","max-snippet":"max-snippet:-1","max-image-preview":"max-image-preview:large","max-video-preview":"max-video-preview:-1"},"canonical":"https:\/\/jeaken.com\/fr\/produit\/loffre-groupee-pour-la-perte-de-poids-et-la-clarte-mentale\/","og_locale":"fr_FR","og_type":"article","og_title":"Offre group\u00e9e perte de poids et clart\u00e9 mentale - JeaKen","og_description":"L'ensemble perte de poids et clart\u00e9 mentale comprend du vinaigre de cidre de pomme, des nootropiques Super Mind et des g\u00e9lules de th\u00e9 vert pour am\u00e9liorer la digestion, la cognition et le soutien \u00e0 la perte de poids, afin d'aider \u00e0 atteindre les objectifs fix\u00e9s.","og_url":"https:\/\/jeaken.com\/fr\/produit\/loffre-groupee-pour-la-perte-de-poids-et-la-clarte-mentale\/","og_site_name":"JeaKen","article_modified_time":"2023-04-06T11:31:00+00:00","og_image":[{"width":972,"height":972,"url":"https:\/\/jeaken.com\/wp-content\/uploads\/2023\/03\/Combine4.jpg","type":"image\/jpeg"}],"twitter_card":"summary_large_image","schema":{"@context":"https:\/\/schema.org","@graph":[{"@type":"WebPage","@id":"https:\/\/jeaken.com\/fr\/produit\/loffre-groupee-pour-la-perte-de-poids-et-la-clarte-mentale\/","url":"https:\/\/jeaken.com\/fr\/produit\/loffre-groupee-pour-la-perte-de-poids-et-la-clarte-mentale\/","name":"Offre group\u00e9e perte de poids et clart\u00e9 mentale - JeaKen","isPartOf":{"@id":"https:\/\/jeaken.com\/fr\/#website"},"primaryImageOfPage":{"@id":"https:\/\/jeaken.com\/fr\/produit\/loffre-groupee-pour-la-perte-de-poids-et-la-clarte-mentale\/#primaryimage"},"image":{"@id":"https:\/\/jeaken.com\/fr\/produit\/loffre-groupee-pour-la-perte-de-poids-et-la-clarte-mentale\/#primaryimage"},"thumbnailUrl":"https:\/\/jeaken.com\/wp-content\/uploads\/2023\/03\/Combine4.jpg","datePublished":"2023-03-19T16:19:16+00:00","dateModified":"2023-04-06T11:31:00+00:00","breadcrumb":{"@id":"https:\/\/jeaken.com\/fr\/produit\/loffre-groupee-pour-la-perte-de-poids-et-la-clarte-mentale\/#breadcrumb"},"inLanguage":"fr-FR","potentialAction":[{"@type":"ReadAction","target":["https:\/\/jeaken.com\/fr\/produit\/loffre-groupee-pour-la-perte-de-poids-et-la-clarte-mentale\/"]}]},{"@type":"ImageObject","inLanguage":"fr-FR","@id":"https:\/\/jeaken.com\/fr\/produit\/loffre-groupee-pour-la-perte-de-poids-et-la-clarte-mentale\/#primaryimage","url":"https:\/\/jeaken.com\/wp-content\/uploads\/2023\/03\/Combine4.jpg","contentUrl":"https:\/\/jeaken.com\/wp-content\/uploads\/2023\/03\/Combine4.jpg","width":972,"height":972,"caption":"Weight Loss And Mental Clarity Bundle"},{"@type":"BreadcrumbList","@id":"https:\/\/jeaken.com\/fr\/produit\/loffre-groupee-pour-la-perte-de-poids-et-la-clarte-mentale\/#breadcrumb","itemListElement":[{"@type":"ListItem","position":1,"name":"Home","item":"https:\/\/jeaken.com\/fr\/"},{"@type":"ListItem","position":2,"name":"Private: Shop","item":"https:\/\/jeaken.com\/shop\/"},{"@type":"ListItem","position":3,"name":"Offre group\u00e9e perte de poids et clart\u00e9 mentale"}]},{"@type":"WebSite","@id":"https:\/\/jeaken.com\/fr\/#website","url":"https:\/\/jeaken.com\/fr\/","name":"JeaKen","description":"Organic Supplements for Health, Fitness and Nutrition","publisher":{"@id":"https:\/\/jeaken.com\/fr\/#organization"},"potentialAction":[{"@type":"SearchAction","target":{"@type":"EntryPoint","urlTemplate":"https:\/\/jeaken.com\/fr\/?s={search_term_string}"},"query-input":"required name=search_term_string"}],"inLanguage":"fr-FR"},{"@type":"Organization","@id":"https:\/\/jeaken.com\/fr\/#organization","name":"JeaKen","url":"https:\/\/jeaken.com\/fr\/","logo":{"@type":"ImageObject","inLanguage":"fr-FR","@id":"https:\/\/jeaken.com\/fr\/#\/schema\/logo\/image\/","url":"https:\/\/jeaken.com\/wp-content\/uploads\/2022\/06\/jeaken-logo-23.png","contentUrl":"https:\/\/jeaken.com\/wp-content\/uploads\/2022\/06\/jeaken-logo-23.png","width":2486,"height":736,"caption":"JeaKen"},"image":{"@id":"https:\/\/jeaken.com\/fr\/#\/schema\/logo\/image\/"}}]}},"jetpack_sharing_enabled":true,"_links":{"self":[{"href":"https:\/\/jeaken.com\/fr\/wp-json\/wp\/v2\/product\/14539","targetHints":{"allow":["GET"]}}],"collection":[{"href":"https:\/\/jeaken.com\/fr\/wp-json\/wp\/v2\/product"}],"about":[{"href":"https:\/\/jeaken.com\/fr\/wp-json\/wp\/v2\/types\/product"}],"wp:featuredmedia":[{"embeddable":true,"href":"https:\/\/jeaken.com\/fr\/wp-json\/wp\/v2\/media\/16273"}],"wp:attachment":[{"href":"https:\/\/jeaken.com\/fr\/wp-json\/wp\/v2\/media?parent=14539"}],"wp:term":[{"taxonomy":"product_cat","embeddable":true,"href":"https:\/\/jeaken.com\/fr\/wp-json\/wp\/v2\/product_cat?post=14539"},{"taxonomy":"product_tag","embeddable":true,"href":"https:\/\/jeaken.com\/fr\/wp-json\/wp\/v2\/product_tag?post=14539"}],"curies":[{"name":"wp","href":"https:\/\/api.w.org\/{rel}","templated":true}]}}