{"id":14507,"date":"2023-03-19T16:08:57","date_gmt":"2023-03-19T16:08:57","guid":{"rendered":"https:\/?post_type=product&#038;p=14507"},"modified":"2023-04-06T12:31:01","modified_gmt":"2023-04-06T11:31:01","slug":"offre-groupee-pour-la-perte-de-poids","status":"publish","type":"product","link":"https:\/\/jeaken.com\/fr\/produit\/offre-groupee-pour-la-perte-de-poids\/","title":{"rendered":"Offre group\u00e9e sur la perte de poids"},"content":{"rendered":"<h2>Offre group\u00e9e sur la perte de poids<\/h2>\n<p><span data-sheets-value=\"{\"1\":2,\"2\":\"The Weight Loss Bundle is a comprehensive package that includes three high-quality products to support your weight loss journey. The Apple Cider Vinegar Capsules provide additional digestive support and may help with weight loss efforts. The Colon Cleanse Capsules are designed to help cleanse and detoxify the body, supporting healthy digestion and elimination. Finally, the Green Tea Capsules offer a natural source of antioxidants and energy to support weight loss goals. Whether you're just starting out or looking for an extra boost, this bundle can help you achieve your weight loss goals.\"}\" data-sheets-userformat=\"{\"2\":2945,\"3\":{\"1\":0},\"10\":0,\"11\":4,\"12\":0,\"14\":{\"1\":2,\"2\":16711935}}\">L&#8217;offre group\u00e9e sur la perte de poids est un ensemble complet qui comprend trois produits de haute qualit\u00e9 pour vous aider dans votre d\u00e9marche de perte de poids. Les g\u00e9lules de vinaigre de cidre de pomme apportent un soutien digestif suppl\u00e9mentaire et peuvent contribuer aux efforts de perte de poids. Les g\u00e9lules Colon Cleanse sont con\u00e7ues pour aider \u00e0 nettoyer et \u00e0 d\u00e9toxifier l&#8217;organisme, en favorisant une digestion et une \u00e9limination saines. Enfin, les g\u00e9lules de th\u00e9 vert constituent une source naturelle d&#8217;antioxydants et d&#8217;\u00e9nergie pour soutenir les objectifs de perte de poids. Que vous d\u00e9butiez ou que vous cherchiez un coup de pouce suppl\u00e9mentaire, cette offre group\u00e9e peut vous aider \u00e0 atteindre vos objectifs de perte de poids.<\/span><\/p>\n<p>&nbsp;<\/p>\n<h4 class=\"product_title entry-title elementor-heading-title elementor-size-default\"><strong>Body Cleanse And Detox Capsules &#8211; Pour la Perte de Poids et le Nettoyage du C\u00f4lon (90 Capsules)<\/strong><\/h4>\n<p>&nbsp;<\/p>\n<p><span class=\"a-list-item\"><strong>\u00c9LIMINE LES TOXINES<\/strong> <\/span><\/p>\n<p><span class=\"a-list-item\">Ce produit puissant contient 14 ingr\u00e9dients essentiels pour aider \u00e0 \u00e9liminer les toxines de l&#8217;organisme.<\/span><\/p>\n<p><span class=\"a-list-item\"><strong>R\u00c9DUIT LES BALLONNEMENTS<\/strong> <\/span><\/p>\n<p><span class=\"a-list-item\">Notre compl\u00e9ment aide \u00e0 r\u00e9duire les ballonnements tout en r\u00e9gulant la prise alimentaire. La prise r\u00e9guli\u00e8re de ce compl\u00e9ment peut avoir un effet \u00e9quilibrant sur le syst\u00e8me digestif et soulager les sympt\u00f4mes de la constipation et de l&#8217;indigestion.<\/span><\/p>\n<p><strong><span class=\"a-list-item\">MAXIMISE LA PERTE DE POIDS  <\/span><\/strong><\/p>\n<p><span class=\"a-list-item\">Non seulement nos g\u00e9lules Cleanse Detox vous d\u00e9barrassent des toxines, mais elles optimisent \u00e9galement votre perte de poids pour atteindre vos objectifs de d\u00e9finition de la masse maigre.<\/span><\/p>\n<p><strong><span class=\"a-list-item\">COMBINAISON \u00c9PROUV\u00c9E DE PROBIOTIQUES  <\/span><\/strong><\/p>\n<p><span class=\"a-list-item\">Pour des r\u00e9sultats optimaux, nous avons combin\u00e9 les qualit\u00e9s prouv\u00e9es de l&#8217;enveloppe de psyllium et de l&#8217;inuline pour \u00e9liminer les d\u00e9chets de votre syst\u00e8me et le rafra\u00eechir avec les &#8220;bact\u00e9ries amicales&#8221; du probiotique Lactobacillus Acidophilus.<\/span><\/p>\n<p>&nbsp;<\/p>\n<h4 class=\"product_title entry-title elementor-heading-title elementor-size-default\"><strong>Capsules de th\u00e9 vert &#8211; 850mg Suppl\u00e9ments antioxydants pour la perte de poids (120 comprim\u00e9s)<\/strong><\/h4>\n<p>&nbsp;<\/p>\n<p><strong>OFFRE DE MULTIPLES AVANTAGES POUR LA SANT\u00c9<\/strong><\/p>\n<p>Le th\u00e9 vert est utilis\u00e9 dans la m\u00e9decine chinoise depuis environ 4 000 ans. Elle offre de nombreux avantages pour la sant\u00e9, notamment en contribuant \u00e0 r\u00e9duire le risque de maladies cardiaques et de certains types de cancer, en augmentant le rapport entre le bon cholest\u00e9rol (HDL) et le mauvais cholest\u00e9rol (LDL) dans le sang, en renfor\u00e7ant le syst\u00e8me immunitaire et en fournissant des antioxydants.<\/p>\n<p><strong>AIDE \u00c0 LA PERTE DE POIDS<\/strong><\/p>\n<p>Associ\u00e9 \u00e0 un r\u00e9gime alimentaire sain, notre th\u00e9 vert v\u00e9g\u00e9tarien constitue une aide efficace pour perdre du poids en augmentant votre taux m\u00e9tabolique et en supprimant votre app\u00e9tit.<\/p>\n<p><strong>ANTIOXYDANT NATUREL PUISSANT<\/strong><\/p>\n<p>L&#8217;EGCG pr\u00e9sent dans le th\u00e9 vert est responsable de la plupart de ses propri\u00e9t\u00e9s antioxydantes, qui emp\u00eachent les radicaux libres d&#8217;endommager vos cellules.<\/p>\n<p><strong>AM\u00c9LIORE LA M\u00c9MOIRE ET LA CONCENTRATION<\/strong><\/p>\n<p>Les propri\u00e9t\u00e9s de l&#8217;extrait de th\u00e9 vert peuvent contribuer \u00e0 am\u00e9liorer la cognition et la m\u00e9moire, vous aidant ainsi \u00e0 rester vif et concentr\u00e9 toute la journ\u00e9e.<\/p>\n<p>&nbsp;<\/p>\n<h4 class=\"product_title entry-title elementor-heading-title elementor-size-default\"><strong>Vinaigre de Cidre de Pommes &#8211; Booster du M\u00e9tabolisme et D\u00e9tox &#8211; Am\u00e9lior\u00e9 avec Seagreens, Th\u00e9 Vert et Chrome (120 Capsules)<\/strong><\/h4>\n<p>&nbsp;<\/p>\n<p><strong>DE MULTIPLES AVANTAGES POUR LA SANT\u00c9  <\/strong><\/p>\n<p>Utilis\u00e9 par Hippocrate (le &#8220;p\u00e8re de la m\u00e9decine moderne&#8221;) il y a plus de 2000 ans, le vinaigre de cidre de pomme contribuerait \u00e0 une vari\u00e9t\u00e9 de bienfaits \u00e9tonnants pour la sant\u00e9, notamment une meilleure sant\u00e9 digestive, des niveaux d&#8217;\u00e9nergie accrus et un m\u00e9tabolisme am\u00e9lior\u00e9. Nos g\u00e9lules de vinaigre de cidre de pomme \u00e0 haute concentration offrent ces avantages puissants dans des g\u00e9lules faciles \u00e0 avaler.<\/p>\n<p><strong>FAVORISE UNE PERTE DE POIDS SAINE  <\/strong><\/p>\n<p>Plusieurs \u00e9tudes r\u00e9centes ont montr\u00e9 que le vinaigre de cidre de pomme peut aider \u00e0 perdre du poids lorsqu&#8217;il est consomm\u00e9 dans le cadre d&#8217;un r\u00e9gime alimentaire sain. Il peut \u00e9galement faciliter la digestion et am\u00e9liorer votre sant\u00e9 g\u00e9n\u00e9rale en vous aidant \u00e0 absorber davantage de nutriments dans vos aliments.<\/p>\n<p><strong>M\u00c9LANGE UNIQUE  <\/strong><\/p>\n<p>Nos capsules de vinaigre de cidre de pomme de qualit\u00e9 sup\u00e9rieure offrent des r\u00e9sultats optimaux gr\u00e2ce \u00e0 leur m\u00e9lange unique de seagreens, de th\u00e9 vert et de chrome. Votre sant\u00e9 est notre priorit\u00e9. Nos g\u00e9lules sont fabriqu\u00e9es au Royaume-Uni selon des directives de s\u00e9curit\u00e9 strictes (code de pratique GMP) afin de garantir la puissance, la qualit\u00e9 et l&#8217;efficacit\u00e9.<\/p>\n<p><strong>CONVIENT AUX V\u00c9G\u00c9TALIENS ET AUX V\u00c9G\u00c9TARIENS  <\/strong><\/p>\n<p>Nos capsules de vinaigre de cidre de pomme sont fabriqu\u00e9es \u00e0 partir d&#8217;ingr\u00e9dients 100% v\u00e9g\u00e9taux de premi\u00e8re qualit\u00e9. Nos capsules sont sans gluten, sans lactose, conformes aux BPF, sans OGM et 100% v\u00e9g\u00e9taliennes.<\/p>\n","protected":false},"excerpt":{"rendered":"<p>L&#8217;Ensemble perte de poids combine le vinaigre de cidre de pomme, la purification du c\u00f4lon et les g\u00e9lules de th\u00e9 vert pour favoriser la digestion, la d\u00e9sintoxication et l&#8217;\u00e9nergie, afin de vous aider dans votre d\u00e9marche de perte de poids.<\/p>\n","protected":false},"featured_media":16257,"template":"","meta":{"site-sidebar-layout":"default","site-content-layout":"default","ast-site-content-layout":"default","site-content-style":"default","site-sidebar-style":"default","ast-global-header-display":"","ast-banner-title-visibility":"","ast-main-header-display":"","ast-hfb-above-header-display":"","ast-hfb-below-header-display":"","ast-hfb-mobile-header-display":"","site-post-title":"","ast-breadcrumbs-content":"","ast-featured-img":"","footer-sml-layout":"","theme-transparent-header-meta":"default","adv-header-id-meta":"","stick-header-meta":"default","header-above-stick-meta":"","header-main-stick-meta":"","header-below-stick-meta":"","astra-migrate-meta-layouts":"default","ast-page-background-enabled":"default","ast-page-background-meta":{"desktop":{"background-color":"","background-image":"","background-repeat":"repeat","background-position":"center center","background-size":"auto","background-attachment":"scroll","background-type":"","background-media":"","overlay-type":"","overlay-color":"","overlay-opacity":"","overlay-gradient":""},"tablet":{"background-color":"","background-image":"","background-repeat":"repeat","background-position":"center center","background-size":"auto","background-attachment":"scroll","background-type":"","background-media":"","overlay-type":"","overlay-color":"","overlay-opacity":"","overlay-gradient":""},"mobile":{"background-color":"","background-image":"","background-repeat":"repeat","background-position":"center center","background-size":"auto","background-attachment":"scroll","background-type":"","background-media":"","overlay-type":"","overlay-color":"","overlay-opacity":"","overlay-gradient":""}},"ast-content-background-meta":{"desktop":{"background-color":"var(--ast-global-color-5)","background-image":"","background-repeat":"repeat","background-position":"center center","background-size":"auto","background-attachment":"scroll","background-type":"","background-media":"","overlay-type":"","overlay-color":"","overlay-opacity":"","overlay-gradient":""},"tablet":{"background-color":"var(--ast-global-color-5)","background-image":"","background-repeat":"repeat","background-position":"center center","background-size":"auto","background-attachment":"scroll","background-type":"","background-media":"","overlay-type":"","overlay-color":"","overlay-opacity":"","overlay-gradient":""},"mobile":{"background-color":"var(--ast-global-color-5)","background-image":"","background-repeat":"repeat","background-position":"center center","background-size":"auto","background-attachment":"scroll","background-type":"","background-media":"","overlay-type":"","overlay-color":"","overlay-opacity":"","overlay-gradient":""}}},"product_cat":[516,698,702,644],"product_tag":[],"class_list":{"0":"post-14507","1":"product","2":"type-product","3":"status-publish","4":"has-post-thumbnail","6":"product_cat-humeur-et-bien-etre","7":"product_cat-nutrition-fr","8":"product_cat-perte-de-poids","9":"product_cat-supplements-alimentaires","10":"has-subscription-plans","11":"desktop-align-left","12":"tablet-align-left","13":"mobile-align-left","15":"first","16":"instock","17":"taxable","18":"shipping-taxable","19":"purchasable","20":"product-type-simple"},"yoast_head":"<!-- This site is optimized with the Yoast SEO plugin v22.7 - https:\/\/yoast.com\/wordpress\/plugins\/seo\/ -->\n<title>Offre group\u00e9e sur la perte de poids - JeaKen<\/title>\n<meta name=\"robots\" content=\"index, follow, max-snippet:-1, max-image-preview:large, max-video-preview:-1\" \/>\n<link rel=\"canonical\" href=\"https:\/\/jeaken.com\/fr\/produit\/offre-groupee-pour-la-perte-de-poids\/\" \/>\n<meta property=\"og:locale\" content=\"fr_FR\" \/>\n<meta property=\"og:type\" content=\"article\" \/>\n<meta property=\"og:title\" content=\"Offre group\u00e9e sur la perte de poids - JeaKen\" \/>\n<meta property=\"og:description\" content=\"L&#039;Ensemble perte de poids combine le vinaigre de cidre de pomme, la purification du c\u00f4lon et les g\u00e9lules de th\u00e9 vert pour favoriser la digestion, la d\u00e9sintoxication et l&#039;\u00e9nergie, afin de vous aider dans votre d\u00e9marche de perte de poids.\" \/>\n<meta property=\"og:url\" content=\"https:\/\/jeaken.com\/fr\/produit\/offre-groupee-pour-la-perte-de-poids\/\" \/>\n<meta property=\"og:site_name\" content=\"JeaKen\" \/>\n<meta property=\"article:modified_time\" content=\"2023-04-06T11:31:01+00:00\" \/>\n<meta property=\"og:image\" content=\"https:\/\/jeaken.com\/wp-content\/uploads\/2023\/03\/Combine3.jpg\" \/>\n\t<meta property=\"og:image:width\" content=\"972\" \/>\n\t<meta property=\"og:image:height\" content=\"972\" \/>\n\t<meta property=\"og:image:type\" content=\"image\/jpeg\" \/>\n<meta name=\"twitter:card\" content=\"summary_large_image\" \/>\n<script type=\"application\/ld+json\" class=\"yoast-schema-graph\">{\"@context\":\"https:\/\/schema.org\",\"@graph\":[{\"@type\":\"WebPage\",\"@id\":\"https:\/\/jeaken.com\/fr\/produit\/offre-groupee-pour-la-perte-de-poids\/\",\"url\":\"https:\/\/jeaken.com\/fr\/produit\/offre-groupee-pour-la-perte-de-poids\/\",\"name\":\"Offre group\u00e9e sur la perte de poids - JeaKen\",\"isPartOf\":{\"@id\":\"https:\/\/jeaken.com\/fr\/#website\"},\"primaryImageOfPage\":{\"@id\":\"https:\/\/jeaken.com\/fr\/produit\/offre-groupee-pour-la-perte-de-poids\/#primaryimage\"},\"image\":{\"@id\":\"https:\/\/jeaken.com\/fr\/produit\/offre-groupee-pour-la-perte-de-poids\/#primaryimage\"},\"thumbnailUrl\":\"https:\/\/jeaken.com\/wp-content\/uploads\/2023\/03\/Combine3.jpg\",\"datePublished\":\"2023-03-19T16:08:57+00:00\",\"dateModified\":\"2023-04-06T11:31:01+00:00\",\"breadcrumb\":{\"@id\":\"https:\/\/jeaken.com\/fr\/produit\/offre-groupee-pour-la-perte-de-poids\/#breadcrumb\"},\"inLanguage\":\"fr-FR\",\"potentialAction\":[{\"@type\":\"ReadAction\",\"target\":[\"https:\/\/jeaken.com\/fr\/produit\/offre-groupee-pour-la-perte-de-poids\/\"]}]},{\"@type\":\"ImageObject\",\"inLanguage\":\"fr-FR\",\"@id\":\"https:\/\/jeaken.com\/fr\/produit\/offre-groupee-pour-la-perte-de-poids\/#primaryimage\",\"url\":\"https:\/\/jeaken.com\/wp-content\/uploads\/2023\/03\/Combine3.jpg\",\"contentUrl\":\"https:\/\/jeaken.com\/wp-content\/uploads\/2023\/03\/Combine3.jpg\",\"width\":972,\"height\":972,\"caption\":\"Weight Loss and Gut Health Bundle\"},{\"@type\":\"BreadcrumbList\",\"@id\":\"https:\/\/jeaken.com\/fr\/produit\/offre-groupee-pour-la-perte-de-poids\/#breadcrumb\",\"itemListElement\":[{\"@type\":\"ListItem\",\"position\":1,\"name\":\"Home\",\"item\":\"https:\/\/jeaken.com\/fr\/\"},{\"@type\":\"ListItem\",\"position\":2,\"name\":\"Private: Shop\",\"item\":\"https:\/\/jeaken.com\/shop\/\"},{\"@type\":\"ListItem\",\"position\":3,\"name\":\"Offre group\u00e9e sur la perte de poids\"}]},{\"@type\":\"WebSite\",\"@id\":\"https:\/\/jeaken.com\/fr\/#website\",\"url\":\"https:\/\/jeaken.com\/fr\/\",\"name\":\"JeaKen\",\"description\":\"Organic Supplements for Health, Fitness and Nutrition\",\"publisher\":{\"@id\":\"https:\/\/jeaken.com\/fr\/#organization\"},\"potentialAction\":[{\"@type\":\"SearchAction\",\"target\":{\"@type\":\"EntryPoint\",\"urlTemplate\":\"https:\/\/jeaken.com\/fr\/?s={search_term_string}\"},\"query-input\":\"required name=search_term_string\"}],\"inLanguage\":\"fr-FR\"},{\"@type\":\"Organization\",\"@id\":\"https:\/\/jeaken.com\/fr\/#organization\",\"name\":\"JeaKen\",\"url\":\"https:\/\/jeaken.com\/fr\/\",\"logo\":{\"@type\":\"ImageObject\",\"inLanguage\":\"fr-FR\",\"@id\":\"https:\/\/jeaken.com\/fr\/#\/schema\/logo\/image\/\",\"url\":\"https:\/\/jeaken.com\/wp-content\/uploads\/2022\/06\/jeaken-logo-23.png\",\"contentUrl\":\"https:\/\/jeaken.com\/wp-content\/uploads\/2022\/06\/jeaken-logo-23.png\",\"width\":2486,\"height\":736,\"caption\":\"JeaKen\"},\"image\":{\"@id\":\"https:\/\/jeaken.com\/fr\/#\/schema\/logo\/image\/\"}}]}<\/script>\n<!-- \/ Yoast SEO plugin. -->","yoast_head_json":{"title":"Offre group\u00e9e sur la perte de poids - JeaKen","robots":{"index":"index","follow":"follow","max-snippet":"max-snippet:-1","max-image-preview":"max-image-preview:large","max-video-preview":"max-video-preview:-1"},"canonical":"https:\/\/jeaken.com\/fr\/produit\/offre-groupee-pour-la-perte-de-poids\/","og_locale":"fr_FR","og_type":"article","og_title":"Offre group\u00e9e sur la perte de poids - JeaKen","og_description":"L'Ensemble perte de poids combine le vinaigre de cidre de pomme, la purification du c\u00f4lon et les g\u00e9lules de th\u00e9 vert pour favoriser la digestion, la d\u00e9sintoxication et l'\u00e9nergie, afin de vous aider dans votre d\u00e9marche de perte de poids.","og_url":"https:\/\/jeaken.com\/fr\/produit\/offre-groupee-pour-la-perte-de-poids\/","og_site_name":"JeaKen","article_modified_time":"2023-04-06T11:31:01+00:00","og_image":[{"width":972,"height":972,"url":"https:\/\/jeaken.com\/wp-content\/uploads\/2023\/03\/Combine3.jpg","type":"image\/jpeg"}],"twitter_card":"summary_large_image","schema":{"@context":"https:\/\/schema.org","@graph":[{"@type":"WebPage","@id":"https:\/\/jeaken.com\/fr\/produit\/offre-groupee-pour-la-perte-de-poids\/","url":"https:\/\/jeaken.com\/fr\/produit\/offre-groupee-pour-la-perte-de-poids\/","name":"Offre group\u00e9e sur la perte de poids - JeaKen","isPartOf":{"@id":"https:\/\/jeaken.com\/fr\/#website"},"primaryImageOfPage":{"@id":"https:\/\/jeaken.com\/fr\/produit\/offre-groupee-pour-la-perte-de-poids\/#primaryimage"},"image":{"@id":"https:\/\/jeaken.com\/fr\/produit\/offre-groupee-pour-la-perte-de-poids\/#primaryimage"},"thumbnailUrl":"https:\/\/jeaken.com\/wp-content\/uploads\/2023\/03\/Combine3.jpg","datePublished":"2023-03-19T16:08:57+00:00","dateModified":"2023-04-06T11:31:01+00:00","breadcrumb":{"@id":"https:\/\/jeaken.com\/fr\/produit\/offre-groupee-pour-la-perte-de-poids\/#breadcrumb"},"inLanguage":"fr-FR","potentialAction":[{"@type":"ReadAction","target":["https:\/\/jeaken.com\/fr\/produit\/offre-groupee-pour-la-perte-de-poids\/"]}]},{"@type":"ImageObject","inLanguage":"fr-FR","@id":"https:\/\/jeaken.com\/fr\/produit\/offre-groupee-pour-la-perte-de-poids\/#primaryimage","url":"https:\/\/jeaken.com\/wp-content\/uploads\/2023\/03\/Combine3.jpg","contentUrl":"https:\/\/jeaken.com\/wp-content\/uploads\/2023\/03\/Combine3.jpg","width":972,"height":972,"caption":"Weight Loss and Gut Health Bundle"},{"@type":"BreadcrumbList","@id":"https:\/\/jeaken.com\/fr\/produit\/offre-groupee-pour-la-perte-de-poids\/#breadcrumb","itemListElement":[{"@type":"ListItem","position":1,"name":"Home","item":"https:\/\/jeaken.com\/fr\/"},{"@type":"ListItem","position":2,"name":"Private: Shop","item":"https:\/\/jeaken.com\/shop\/"},{"@type":"ListItem","position":3,"name":"Offre group\u00e9e sur la perte de poids"}]},{"@type":"WebSite","@id":"https:\/\/jeaken.com\/fr\/#website","url":"https:\/\/jeaken.com\/fr\/","name":"JeaKen","description":"Organic Supplements for Health, Fitness and Nutrition","publisher":{"@id":"https:\/\/jeaken.com\/fr\/#organization"},"potentialAction":[{"@type":"SearchAction","target":{"@type":"EntryPoint","urlTemplate":"https:\/\/jeaken.com\/fr\/?s={search_term_string}"},"query-input":"required name=search_term_string"}],"inLanguage":"fr-FR"},{"@type":"Organization","@id":"https:\/\/jeaken.com\/fr\/#organization","name":"JeaKen","url":"https:\/\/jeaken.com\/fr\/","logo":{"@type":"ImageObject","inLanguage":"fr-FR","@id":"https:\/\/jeaken.com\/fr\/#\/schema\/logo\/image\/","url":"https:\/\/jeaken.com\/wp-content\/uploads\/2022\/06\/jeaken-logo-23.png","contentUrl":"https:\/\/jeaken.com\/wp-content\/uploads\/2022\/06\/jeaken-logo-23.png","width":2486,"height":736,"caption":"JeaKen"},"image":{"@id":"https:\/\/jeaken.com\/fr\/#\/schema\/logo\/image\/"}}]}},"jetpack_sharing_enabled":true,"_links":{"self":[{"href":"https:\/\/jeaken.com\/fr\/wp-json\/wp\/v2\/product\/14507","targetHints":{"allow":["GET"]}}],"collection":[{"href":"https:\/\/jeaken.com\/fr\/wp-json\/wp\/v2\/product"}],"about":[{"href":"https:\/\/jeaken.com\/fr\/wp-json\/wp\/v2\/types\/product"}],"wp:featuredmedia":[{"embeddable":true,"href":"https:\/\/jeaken.com\/fr\/wp-json\/wp\/v2\/media\/16257"}],"wp:attachment":[{"href":"https:\/\/jeaken.com\/fr\/wp-json\/wp\/v2\/media?parent=14507"}],"wp:term":[{"taxonomy":"product_cat","embeddable":true,"href":"https:\/\/jeaken.com\/fr\/wp-json\/wp\/v2\/product_cat?post=14507"},{"taxonomy":"product_tag","embeddable":true,"href":"https:\/\/jeaken.com\/fr\/wp-json\/wp\/v2\/product_tag?post=14507"}],"curies":[{"name":"wp","href":"https:\/\/api.w.org\/{rel}","templated":true}]}}