{"id":14475,"date":"2023-03-19T15:46:15","date_gmt":"2023-03-19T15:46:15","guid":{"rendered":"https:\/?post_type=product&#038;p=14475"},"modified":"2023-04-06T12:31:00","modified_gmt":"2023-04-06T11:31:00","slug":"offre-groupee-sur-la-sante-intestinale-et-la-perte-de-poids","status":"publish","type":"product","link":"https:\/\/jeaken.com\/fr\/produit\/offre-groupee-sur-la-sante-intestinale-et-la-perte-de-poids\/","title":{"rendered":"Offre group\u00e9e sur la sant\u00e9 intestinale et la perte de poids"},"content":{"rendered":"<h2>Offre group\u00e9e sur la sant\u00e9 intestinale et la perte de poids<\/h2>\n<p>L&#8217;offre group\u00e9e sur la sant\u00e9 intestinale et la perte de poids comprend une s\u00e9lection soigneusement choisie de trois produits cl\u00e9s pour vous aider dans votre d\u00e9marche de bien-\u00eatre. Cette offre comprend des g\u00e9lules de probiotiques, un m\u00e9lange de 6 souches de probiotiques et de pr\u00e9biotiques pour une sant\u00e9 digestive optimale. En outre, les g\u00e9lules de th\u00e9 vert constituent une source naturelle d&#8217;\u00e9nergie et d&#8217;antioxydants qui contribuent aux efforts de perte de poids. Enfin, les g\u00e9lules de vinaigre de cidre de pomme apportent un soutien digestif suppl\u00e9mentaire et peuvent contribuer \u00e0 la perte de poids. Cette offre group\u00e9e contient tout ce dont vous avez besoin pour favoriser une sant\u00e9 digestive optimale et vous aider \u00e0 atteindre vos objectifs de perte de poids.<\/p>\n<p>&nbsp;<\/p>\n<h4 class=\"product_title entry-title elementor-heading-title elementor-size-default\"><strong>6 Souches Probiotiques Avec Pr\u00e9biotiques &#8211; (90 Capsules)<\/strong><\/h4>\n<p>&nbsp;<\/p>\n<p><strong>SOULAGEMENT DU BALLONNEMENT  <\/strong><\/p>\n<p>Nos g\u00e9lules sont issues de la famille des probiotiques Lactobacillus, qui sont les probiotiques les plus efficaces pour aider \u00e0 maintenir un syst\u00e8me digestif sain.<span class=\"a-list-item a-size-base\">  Nos souches bact\u00e9riennes soigneusement s\u00e9lectionn\u00e9es sont parmi les plus connues pour aider \u00e0 soulager les sensations de ballonnement et de pl\u00e9nitude.  <\/span><\/p>\n<p><span class=\"a-list-item a-size-base\"><strong>6 SOUCHES ACTIVES DE 10 MILLIARDS DE CFU PAR PORTION<\/strong> <\/span><\/p>\n<p><span class=\"a-list-item a-size-base\">Nos probiotiques complexes offrent 6 souches les plus efficaces : lactobacillus acidophillus, lactobacillus rhamnosus, lactobacillus gasseri, bifidobacterium lactis, bifidobacterium bifidus et saccharomyces boullardii.<\/span><\/p>\n<p><strong>SURVIT GR\u00c2CE \u00c0 L&#8217;ACIDIT\u00c9 DE L&#8217;ESTOMAC <\/strong><\/p>\n<p>Le Saccharomyces boulardii est un probiotique <span class=\"a-list-item a-size-base\">bien \u00e9tudi\u00e9,<\/span> de renomm\u00e9e internationale, dont il est prouv\u00e9 qu&#8217;il survit \u00e0 l&#8217;acidit\u00e9 de l&#8217;estomac pour atteindre l&#8217;intestin vivant.<\/p>\n<p><b>DE MULTIPLES AVANTAGES POUR LA SANT\u00c9<\/b><\/p>\n<p>Notre formule innovante est enrichie en inuline, une fibre pr\u00e9biotique qui pr\u00e9sente de puissants avantages pour la sant\u00e9, notamment une am\u00e9lioration de l&#8217;immunit\u00e9, une augmentation des taux de cholest\u00e9rol et un meilleur m\u00e9tabolisme.<span class=\"a-list-item\"><br \/>\n  <span class=\"a-size-base\">egularit\u00e9, une meilleure n<\/span><br \/>\n<\/span><span class=\"a-list-item\"><br \/>\n  <span class=\"a-size-base\">utriments, perte de poids, am\u00e9lioration de la sant\u00e9 des voies urinaires, am\u00e9lioration du taux de cholest\u00e9rol et am\u00e9lioration du m\u00e9tabolisme.<\/span><br \/>\n<\/span><\/p>\n<p><strong>FABRIQU\u00c9S \u00c0 PARTIR D&#8217;INGR\u00c9DIENTS NATURELS<\/strong><\/p>\n<p>Nos capsules v\u00e9g\u00e9taliennes sont 100 % pures et naturelles et contiennent des ingr\u00e9dients sans OGM.<\/p>\n<p>&nbsp;<\/p>\n<h4 class=\"product_title entry-title elementor-heading-title elementor-size-default\"><strong>Capsules de th\u00e9 vert &#8211; 850mg Suppl\u00e9ments antioxydants pour la perte de poids (120 comprim\u00e9s)<\/strong><\/h4>\n<p>&nbsp;<\/p>\n<p><strong>OFFRE DE MULTIPLES AVANTAGES POUR LA SANT\u00c9<\/strong><\/p>\n<p>Le th\u00e9 vert est utilis\u00e9 dans la m\u00e9decine chinoise depuis environ 4 000 ans. Elle offre de nombreux avantages pour la sant\u00e9, notamment en contribuant \u00e0 r\u00e9duire le risque de maladies cardiaques et de certains types de cancer, en augmentant le rapport entre le bon cholest\u00e9rol (HDL) et le mauvais cholest\u00e9rol (LDL) dans le sang, en renfor\u00e7ant le syst\u00e8me immunitaire et en fournissant des antioxydants.<\/p>\n<p><strong>AIDE \u00c0 LA PERTE DE POIDS<\/strong><\/p>\n<p>Associ\u00e9 \u00e0 un r\u00e9gime alimentaire sain, notre th\u00e9 vert v\u00e9g\u00e9tarien constitue une aide efficace pour perdre du poids en augmentant votre taux m\u00e9tabolique et en supprimant votre app\u00e9tit.<\/p>\n<p><strong>ANTIOXYDANT NATUREL PUISSANT<\/strong><\/p>\n<p>L&#8217;EGCG pr\u00e9sent dans le th\u00e9 vert est responsable de la plupart de ses propri\u00e9t\u00e9s antioxydantes, qui emp\u00eachent les radicaux libres d&#8217;endommager vos cellules.<\/p>\n<p><strong>AM\u00c9LIORE LA M\u00c9MOIRE ET LA CONCENTRATION<\/strong><\/p>\n<p>Les propri\u00e9t\u00e9s de l&#8217;extrait de th\u00e9 vert peuvent contribuer \u00e0 am\u00e9liorer la cognition et la m\u00e9moire, vous aidant ainsi \u00e0 rester vif et concentr\u00e9 toute la journ\u00e9e.<\/p>\n<p>&nbsp;<\/p>\n<h4 class=\"product_title entry-title elementor-heading-title elementor-size-default\"><strong>Vinaigre de Cidre de Pommes &#8211; Booster du M\u00e9tabolisme et D\u00e9tox &#8211; Am\u00e9lior\u00e9 avec Seagreens, Th\u00e9 Vert et Chrome (120 Capsules)<\/strong><\/h4>\n<p>&nbsp;<\/p>\n<p><strong>DE MULTIPLES AVANTAGES POUR LA SANT\u00c9  <\/strong><\/p>\n<p>Utilis\u00e9 par Hippocrate (le &#8220;p\u00e8re de la m\u00e9decine moderne&#8221;) il y a plus de 2000 ans, le vinaigre de cidre de pomme contribuerait \u00e0 une vari\u00e9t\u00e9 de bienfaits \u00e9tonnants pour la sant\u00e9, notamment une meilleure sant\u00e9 digestive, des niveaux d&#8217;\u00e9nergie accrus et un m\u00e9tabolisme am\u00e9lior\u00e9. Nos g\u00e9lules de vinaigre de cidre de pomme \u00e0 haute concentration offrent ces avantages puissants dans des g\u00e9lules faciles \u00e0 avaler.<\/p>\n<p><strong>FAVORISE UNE PERTE DE POIDS SAINE  <\/strong><\/p>\n<p>Plusieurs \u00e9tudes r\u00e9centes ont montr\u00e9 que le vinaigre de cidre de pomme peut aider \u00e0 perdre du poids lorsqu&#8217;il est consomm\u00e9 dans le cadre d&#8217;un r\u00e9gime alimentaire sain. Il peut \u00e9galement faciliter la digestion et am\u00e9liorer votre sant\u00e9 g\u00e9n\u00e9rale en vous aidant \u00e0 absorber davantage de nutriments dans vos aliments.<\/p>\n<p><strong>M\u00c9LANGE UNIQUE  <\/strong><\/p>\n<p>Nos capsules de vinaigre de cidre de pomme de qualit\u00e9 sup\u00e9rieure offrent des r\u00e9sultats optimaux gr\u00e2ce \u00e0 leur m\u00e9lange unique de seagreens, de th\u00e9 vert et de chrome. Votre sant\u00e9 est notre priorit\u00e9. Nos g\u00e9lules sont fabriqu\u00e9es au Royaume-Uni selon des directives de s\u00e9curit\u00e9 strictes (code de pratique GMP) afin de garantir la puissance, la qualit\u00e9 et l&#8217;efficacit\u00e9.<\/p>\n<p><strong>CONVIENT AUX V\u00c9G\u00c9TALIENS ET AUX V\u00c9G\u00c9TARIENS  <\/strong><\/p>\n<p>Nos capsules de vinaigre de cidre de pomme sont fabriqu\u00e9es \u00e0 partir d&#8217;ingr\u00e9dients 100% v\u00e9g\u00e9taux de premi\u00e8re qualit\u00e9. Nos capsules sont sans gluten, sans lactose, conformes aux BPF, sans OGM et 100% v\u00e9g\u00e9taliennes.<\/p>\n","protected":false},"excerpt":{"rendered":"<div class=\"group w-full text-gray-800 dark:text-gray-100 border-b border-black\/10 dark:border-gray-900\/50 bg-gray-50 dark:bg-[#444654]\">\n<div class=\"text-base gap-4 md:gap-6 md:max-w-2xl lg:max-w-2xl xl:max-w-3xl p-4 md:py-6 flex lg:px-0 m-auto\">\n<div class=\"relative flex w-[calc(100%-50px)] flex-col gap-1 md:gap-3 lg:w-[calc(100%-115px)]\">\n<div class=\"flex flex-grow flex-col gap-3\">\n<div class=\"min-h-[20px] flex flex-col items-start gap-4 whitespace-pre-wrap\">\n<div class=\"markdown prose w-full break-words dark:prose-invert dark\">\n<p>L&#8217;ensemble Sant\u00e9 intestinale et perte de poids combine des g\u00e9lules de probiotiques, des g\u00e9lules de th\u00e9 vert et des g\u00e9lules de vinaigre de cidre de pomme pour am\u00e9liorer la digestion, l&#8217;\u00e9nergie et le soutien \u00e0 la perte de poids, favorisant ainsi le bien-\u00eatre g\u00e9n\u00e9ral.<\/p>\n<\/div>\n<\/div>\n<\/div>\n<\/div>\n<\/div>\n<\/div>\n","protected":false},"featured_media":16230,"template":"","meta":{"site-sidebar-layout":"default","site-content-layout":"default","ast-site-content-layout":"default","site-content-style":"default","site-sidebar-style":"default","ast-global-header-display":"","ast-banner-title-visibility":"","ast-main-header-display":"","ast-hfb-above-header-display":"","ast-hfb-below-header-display":"","ast-hfb-mobile-header-display":"","site-post-title":"","ast-breadcrumbs-content":"","ast-featured-img":"","footer-sml-layout":"","theme-transparent-header-meta":"default","adv-header-id-meta":"","stick-header-meta":"default","header-above-stick-meta":"","header-main-stick-meta":"","header-below-stick-meta":"","astra-migrate-meta-layouts":"default","ast-page-background-enabled":"default","ast-page-background-meta":{"desktop":{"background-color":"","background-image":"","background-repeat":"repeat","background-position":"center center","background-size":"auto","background-attachment":"scroll","background-type":"","background-media":"","overlay-type":"","overlay-color":"","overlay-opacity":"","overlay-gradient":""},"tablet":{"background-color":"","background-image":"","background-repeat":"repeat","background-position":"center center","background-size":"auto","background-attachment":"scroll","background-type":"","background-media":"","overlay-type":"","overlay-color":"","overlay-opacity":"","overlay-gradient":""},"mobile":{"background-color":"","background-image":"","background-repeat":"repeat","background-position":"center center","background-size":"auto","background-attachment":"scroll","background-type":"","background-media":"","overlay-type":"","overlay-color":"","overlay-opacity":"","overlay-gradient":""}},"ast-content-background-meta":{"desktop":{"background-color":"var(--ast-global-color-5)","background-image":"","background-repeat":"repeat","background-position":"center center","background-size":"auto","background-attachment":"scroll","background-type":"","background-media":"","overlay-type":"","overlay-color":"","overlay-opacity":"","overlay-gradient":""},"tablet":{"background-color":"var(--ast-global-color-5)","background-image":"","background-repeat":"repeat","background-position":"center center","background-size":"auto","background-attachment":"scroll","background-type":"","background-media":"","overlay-type":"","overlay-color":"","overlay-opacity":"","overlay-gradient":""},"mobile":{"background-color":"var(--ast-global-color-5)","background-image":"","background-repeat":"repeat","background-position":"center center","background-size":"auto","background-attachment":"scroll","background-type":"","background-media":"","overlay-type":"","overlay-color":"","overlay-opacity":"","overlay-gradient":""}}},"product_cat":[698,702,693,644,604],"product_tag":[],"class_list":{"0":"post-14475","1":"product","2":"type-product","3":"status-publish","4":"has-post-thumbnail","6":"product_cat-nutrition-fr","7":"product_cat-perte-de-poids","8":"product_cat-soulagement-des-ballonnements","9":"product_cat-supplements-alimentaires","10":"product_cat-vitamines-et-mineraux","11":"has-subscription-plans","12":"desktop-align-left","13":"tablet-align-left","14":"mobile-align-left","16":"first","17":"instock","18":"taxable","19":"shipping-taxable","20":"purchasable","21":"product-type-simple"},"yoast_head":"<!-- This site is optimized with the Yoast SEO plugin v22.7 - https:\/\/yoast.com\/wordpress\/plugins\/seo\/ -->\n<title>Offre group\u00e9e sur la sant\u00e9 intestinale et la perte de poids - JeaKen<\/title>\n<meta name=\"robots\" content=\"index, follow, max-snippet:-1, max-image-preview:large, max-video-preview:-1\" \/>\n<link rel=\"canonical\" href=\"https:\/\/jeaken.com\/fr\/produit\/offre-groupee-sur-la-sante-intestinale-et-la-perte-de-poids\/\" \/>\n<meta property=\"og:locale\" content=\"fr_FR\" \/>\n<meta property=\"og:type\" content=\"article\" \/>\n<meta property=\"og:title\" content=\"Offre group\u00e9e sur la sant\u00e9 intestinale et la perte de poids - JeaKen\" \/>\n<meta property=\"og:description\" content=\"L&#039;ensemble Sant\u00e9 intestinale et perte de poids combine des g\u00e9lules de probiotiques, des g\u00e9lules de th\u00e9 vert et des g\u00e9lules de vinaigre de cidre de pomme pour am\u00e9liorer la digestion, l&#039;\u00e9nergie et le soutien \u00e0 la perte de poids, favorisant ainsi le bien-\u00eatre g\u00e9n\u00e9ral.\" \/>\n<meta property=\"og:url\" content=\"https:\/\/jeaken.com\/fr\/produit\/offre-groupee-sur-la-sante-intestinale-et-la-perte-de-poids\/\" \/>\n<meta property=\"og:site_name\" content=\"JeaKen\" \/>\n<meta property=\"article:modified_time\" content=\"2023-04-06T11:31:00+00:00\" \/>\n<meta property=\"og:image\" content=\"https:\/\/jeaken.com\/wp-content\/uploads\/2023\/03\/Sans-titre-1.jpg\" \/>\n\t<meta property=\"og:image:width\" content=\"972\" \/>\n\t<meta property=\"og:image:height\" content=\"972\" \/>\n\t<meta property=\"og:image:type\" content=\"image\/jpeg\" \/>\n<meta name=\"twitter:card\" content=\"summary_large_image\" \/>\n<meta name=\"twitter:label1\" content=\"Est. reading time\" \/>\n\t<meta name=\"twitter:data1\" content=\"4 minutes\" \/>\n<script type=\"application\/ld+json\" class=\"yoast-schema-graph\">{\"@context\":\"https:\/\/schema.org\",\"@graph\":[{\"@type\":\"WebPage\",\"@id\":\"https:\/\/jeaken.com\/fr\/produit\/offre-groupee-sur-la-sante-intestinale-et-la-perte-de-poids\/\",\"url\":\"https:\/\/jeaken.com\/fr\/produit\/offre-groupee-sur-la-sante-intestinale-et-la-perte-de-poids\/\",\"name\":\"Offre group\u00e9e sur la sant\u00e9 intestinale et la perte de poids - JeaKen\",\"isPartOf\":{\"@id\":\"https:\/\/jeaken.com\/fr\/#website\"},\"primaryImageOfPage\":{\"@id\":\"https:\/\/jeaken.com\/fr\/produit\/offre-groupee-sur-la-sante-intestinale-et-la-perte-de-poids\/#primaryimage\"},\"image\":{\"@id\":\"https:\/\/jeaken.com\/fr\/produit\/offre-groupee-sur-la-sante-intestinale-et-la-perte-de-poids\/#primaryimage\"},\"thumbnailUrl\":\"https:\/\/jeaken.com\/wp-content\/uploads\/2023\/03\/Sans-titre-1.jpg\",\"datePublished\":\"2023-03-19T15:46:15+00:00\",\"dateModified\":\"2023-04-06T11:31:00+00:00\",\"breadcrumb\":{\"@id\":\"https:\/\/jeaken.com\/fr\/produit\/offre-groupee-sur-la-sante-intestinale-et-la-perte-de-poids\/#breadcrumb\"},\"inLanguage\":\"fr-FR\",\"potentialAction\":[{\"@type\":\"ReadAction\",\"target\":[\"https:\/\/jeaken.com\/fr\/produit\/offre-groupee-sur-la-sante-intestinale-et-la-perte-de-poids\/\"]}]},{\"@type\":\"ImageObject\",\"inLanguage\":\"fr-FR\",\"@id\":\"https:\/\/jeaken.com\/fr\/produit\/offre-groupee-sur-la-sante-intestinale-et-la-perte-de-poids\/#primaryimage\",\"url\":\"https:\/\/jeaken.com\/wp-content\/uploads\/2023\/03\/Sans-titre-1.jpg\",\"contentUrl\":\"https:\/\/jeaken.com\/wp-content\/uploads\/2023\/03\/Sans-titre-1.jpg\",\"width\":972,\"height\":972,\"caption\":\"Gut Health and Weight Loss Bundle\"},{\"@type\":\"BreadcrumbList\",\"@id\":\"https:\/\/jeaken.com\/fr\/produit\/offre-groupee-sur-la-sante-intestinale-et-la-perte-de-poids\/#breadcrumb\",\"itemListElement\":[{\"@type\":\"ListItem\",\"position\":1,\"name\":\"Home\",\"item\":\"https:\/\/jeaken.com\/fr\/\"},{\"@type\":\"ListItem\",\"position\":2,\"name\":\"Private: Shop\",\"item\":\"https:\/\/jeaken.com\/shop\/\"},{\"@type\":\"ListItem\",\"position\":3,\"name\":\"Offre group\u00e9e sur la sant\u00e9 intestinale et la perte de poids\"}]},{\"@type\":\"WebSite\",\"@id\":\"https:\/\/jeaken.com\/fr\/#website\",\"url\":\"https:\/\/jeaken.com\/fr\/\",\"name\":\"JeaKen\",\"description\":\"Organic Supplements for Health, Fitness and Nutrition\",\"publisher\":{\"@id\":\"https:\/\/jeaken.com\/fr\/#organization\"},\"potentialAction\":[{\"@type\":\"SearchAction\",\"target\":{\"@type\":\"EntryPoint\",\"urlTemplate\":\"https:\/\/jeaken.com\/fr\/?s={search_term_string}\"},\"query-input\":\"required name=search_term_string\"}],\"inLanguage\":\"fr-FR\"},{\"@type\":\"Organization\",\"@id\":\"https:\/\/jeaken.com\/fr\/#organization\",\"name\":\"JeaKen\",\"url\":\"https:\/\/jeaken.com\/fr\/\",\"logo\":{\"@type\":\"ImageObject\",\"inLanguage\":\"fr-FR\",\"@id\":\"https:\/\/jeaken.com\/fr\/#\/schema\/logo\/image\/\",\"url\":\"https:\/\/jeaken.com\/wp-content\/uploads\/2022\/06\/jeaken-logo-23.png\",\"contentUrl\":\"https:\/\/jeaken.com\/wp-content\/uploads\/2022\/06\/jeaken-logo-23.png\",\"width\":2486,\"height\":736,\"caption\":\"JeaKen\"},\"image\":{\"@id\":\"https:\/\/jeaken.com\/fr\/#\/schema\/logo\/image\/\"}}]}<\/script>\n<!-- \/ Yoast SEO plugin. -->","yoast_head_json":{"title":"Offre group\u00e9e sur la sant\u00e9 intestinale et la perte de poids - JeaKen","robots":{"index":"index","follow":"follow","max-snippet":"max-snippet:-1","max-image-preview":"max-image-preview:large","max-video-preview":"max-video-preview:-1"},"canonical":"https:\/\/jeaken.com\/fr\/produit\/offre-groupee-sur-la-sante-intestinale-et-la-perte-de-poids\/","og_locale":"fr_FR","og_type":"article","og_title":"Offre group\u00e9e sur la sant\u00e9 intestinale et la perte de poids - JeaKen","og_description":"L'ensemble Sant\u00e9 intestinale et perte de poids combine des g\u00e9lules de probiotiques, des g\u00e9lules de th\u00e9 vert et des g\u00e9lules de vinaigre de cidre de pomme pour am\u00e9liorer la digestion, l'\u00e9nergie et le soutien \u00e0 la perte de poids, favorisant ainsi le bien-\u00eatre g\u00e9n\u00e9ral.","og_url":"https:\/\/jeaken.com\/fr\/produit\/offre-groupee-sur-la-sante-intestinale-et-la-perte-de-poids\/","og_site_name":"JeaKen","article_modified_time":"2023-04-06T11:31:00+00:00","og_image":[{"width":972,"height":972,"url":"https:\/\/jeaken.com\/wp-content\/uploads\/2023\/03\/Sans-titre-1.jpg","type":"image\/jpeg"}],"twitter_card":"summary_large_image","twitter_misc":{"Est. reading time":"4 minutes"},"schema":{"@context":"https:\/\/schema.org","@graph":[{"@type":"WebPage","@id":"https:\/\/jeaken.com\/fr\/produit\/offre-groupee-sur-la-sante-intestinale-et-la-perte-de-poids\/","url":"https:\/\/jeaken.com\/fr\/produit\/offre-groupee-sur-la-sante-intestinale-et-la-perte-de-poids\/","name":"Offre group\u00e9e sur la sant\u00e9 intestinale et la perte de poids - JeaKen","isPartOf":{"@id":"https:\/\/jeaken.com\/fr\/#website"},"primaryImageOfPage":{"@id":"https:\/\/jeaken.com\/fr\/produit\/offre-groupee-sur-la-sante-intestinale-et-la-perte-de-poids\/#primaryimage"},"image":{"@id":"https:\/\/jeaken.com\/fr\/produit\/offre-groupee-sur-la-sante-intestinale-et-la-perte-de-poids\/#primaryimage"},"thumbnailUrl":"https:\/\/jeaken.com\/wp-content\/uploads\/2023\/03\/Sans-titre-1.jpg","datePublished":"2023-03-19T15:46:15+00:00","dateModified":"2023-04-06T11:31:00+00:00","breadcrumb":{"@id":"https:\/\/jeaken.com\/fr\/produit\/offre-groupee-sur-la-sante-intestinale-et-la-perte-de-poids\/#breadcrumb"},"inLanguage":"fr-FR","potentialAction":[{"@type":"ReadAction","target":["https:\/\/jeaken.com\/fr\/produit\/offre-groupee-sur-la-sante-intestinale-et-la-perte-de-poids\/"]}]},{"@type":"ImageObject","inLanguage":"fr-FR","@id":"https:\/\/jeaken.com\/fr\/produit\/offre-groupee-sur-la-sante-intestinale-et-la-perte-de-poids\/#primaryimage","url":"https:\/\/jeaken.com\/wp-content\/uploads\/2023\/03\/Sans-titre-1.jpg","contentUrl":"https:\/\/jeaken.com\/wp-content\/uploads\/2023\/03\/Sans-titre-1.jpg","width":972,"height":972,"caption":"Gut Health and Weight Loss Bundle"},{"@type":"BreadcrumbList","@id":"https:\/\/jeaken.com\/fr\/produit\/offre-groupee-sur-la-sante-intestinale-et-la-perte-de-poids\/#breadcrumb","itemListElement":[{"@type":"ListItem","position":1,"name":"Home","item":"https:\/\/jeaken.com\/fr\/"},{"@type":"ListItem","position":2,"name":"Private: Shop","item":"https:\/\/jeaken.com\/shop\/"},{"@type":"ListItem","position":3,"name":"Offre group\u00e9e sur la sant\u00e9 intestinale et la perte de poids"}]},{"@type":"WebSite","@id":"https:\/\/jeaken.com\/fr\/#website","url":"https:\/\/jeaken.com\/fr\/","name":"JeaKen","description":"Organic Supplements for Health, Fitness and Nutrition","publisher":{"@id":"https:\/\/jeaken.com\/fr\/#organization"},"potentialAction":[{"@type":"SearchAction","target":{"@type":"EntryPoint","urlTemplate":"https:\/\/jeaken.com\/fr\/?s={search_term_string}"},"query-input":"required name=search_term_string"}],"inLanguage":"fr-FR"},{"@type":"Organization","@id":"https:\/\/jeaken.com\/fr\/#organization","name":"JeaKen","url":"https:\/\/jeaken.com\/fr\/","logo":{"@type":"ImageObject","inLanguage":"fr-FR","@id":"https:\/\/jeaken.com\/fr\/#\/schema\/logo\/image\/","url":"https:\/\/jeaken.com\/wp-content\/uploads\/2022\/06\/jeaken-logo-23.png","contentUrl":"https:\/\/jeaken.com\/wp-content\/uploads\/2022\/06\/jeaken-logo-23.png","width":2486,"height":736,"caption":"JeaKen"},"image":{"@id":"https:\/\/jeaken.com\/fr\/#\/schema\/logo\/image\/"}}]}},"jetpack_sharing_enabled":true,"_links":{"self":[{"href":"https:\/\/jeaken.com\/fr\/wp-json\/wp\/v2\/product\/14475","targetHints":{"allow":["GET"]}}],"collection":[{"href":"https:\/\/jeaken.com\/fr\/wp-json\/wp\/v2\/product"}],"about":[{"href":"https:\/\/jeaken.com\/fr\/wp-json\/wp\/v2\/types\/product"}],"wp:featuredmedia":[{"embeddable":true,"href":"https:\/\/jeaken.com\/fr\/wp-json\/wp\/v2\/media\/16230"}],"wp:attachment":[{"href":"https:\/\/jeaken.com\/fr\/wp-json\/wp\/v2\/media?parent=14475"}],"wp:term":[{"taxonomy":"product_cat","embeddable":true,"href":"https:\/\/jeaken.com\/fr\/wp-json\/wp\/v2\/product_cat?post=14475"},{"taxonomy":"product_tag","embeddable":true,"href":"https:\/\/jeaken.com\/fr\/wp-json\/wp\/v2\/product_tag?post=14475"}],"curies":[{"name":"wp","href":"https:\/\/api.w.org\/{rel}","templated":true}]}}