{"id":14425,"date":"2023-03-16T15:37:26","date_gmt":"2023-03-16T15:37:26","guid":{"rendered":"https:\/?post_type=product&#038;p=14425"},"modified":"2023-04-06T12:31:01","modified_gmt":"2023-04-06T11:31:01","slug":"offre-groupee-sur-la-sante-intestinale-et-la-clarte-mentale","status":"publish","type":"product","link":"https:\/\/jeaken.com\/fr\/produit\/offre-groupee-sur-la-sante-intestinale-et-la-clarte-mentale\/","title":{"rendered":"Ensemble sant\u00e9 intestinale et clart\u00e9 mentale"},"content":{"rendered":"<h2>L&#8217;offre group\u00e9e sur la sant\u00e9 intestinale et la clart\u00e9 mentale<\/h2>\n<p><span data-sheets-value=\"{\"1\":2,\"2\":\"The Digestive Health and Mental Clarity &amp; Focus Bundle is a potent combination of three key products designed to support your overall wellness. This bundle includes 6 Strains Probiotics with Prebiotics, a high-quality probiotic supplement that promotes healthy digestion and supports immune function. Green Tea Capsules are also included, providing a natural source of antioxidants to promote overall health and well-being. Additionally, Super Mind Nootropics, a vegan-friendly nootropic supplement, helps to support mental clarity and focus, promoting overall cognitive function. With this bundle, you'll have everything you need to support your digestive health and enhance your mental clarity and focus.\"}\" data-sheets-userformat=\"{\"2\":897,\"3\":{\"1\":0},\"10\":0,\"11\":4,\"12\":0}\">L&#8217;ensemble Sant\u00e9 intestinale et clart\u00e9 mentale est une combinaison puissante de trois produits cl\u00e9s con\u00e7us pour favoriser votre bien-\u00eatre g\u00e9n\u00e9ral. Cet ensemble comprend 6 souches de probiotiques avec pr\u00e9biotiques, un suppl\u00e9ment probiotique de haute qualit\u00e9 qui favorise une digestion saine et soutient la fonction immunitaire. Des g\u00e9lules de th\u00e9 vert sont \u00e9galement incluses, fournissant une source naturelle d&#8217;antioxydants pour promouvoir la sant\u00e9 et le bien-\u00eatre en g\u00e9n\u00e9ral. En outre, Super Mind Nootropics, un suppl\u00e9ment nootropique v\u00e9g\u00e9talien, aide \u00e0 soutenir la clart\u00e9 mentale et la concentration, favorisant ainsi la fonction cognitive globale. Avec cette offre group\u00e9e, vous aurez tout ce dont vous avez besoin pour soutenir votre sant\u00e9 digestive et am\u00e9liorer votre clart\u00e9 mentale et votre concentration.<\/span><\/p>\n<p>&nbsp;<\/p>\n<h4 class=\"product_title entry-title elementor-heading-title elementor-size-default\"><strong>6 Souches Probiotiques Avec Pr\u00e9biotiques &#8211; (90 Capsules)<\/strong><\/h4>\n<p>&nbsp;<\/p>\n<p><strong>SOULAGEMENT DU BALLONNEMENT  <\/strong><\/p>\n<p>Nos g\u00e9lules sont issues de la famille des probiotiques Lactobacillus, qui sont les probiotiques les plus efficaces pour aider \u00e0 maintenir un syst\u00e8me digestif sain.<span class=\"a-list-item a-size-base\">  Nos souches bact\u00e9riennes soigneusement s\u00e9lectionn\u00e9es sont parmi les plus connues pour aider \u00e0 soulager les sensations de ballonnement et de pl\u00e9nitude.  <\/span><\/p>\n<p><span class=\"a-list-item a-size-base\"><strong>6 SOUCHES ACTIVES DE 10 MILLIARDS DE CFU PAR PORTION<\/strong> <\/span><\/p>\n<p><span class=\"a-list-item a-size-base\">Nos probiotiques complexes offrent 6 souches les plus efficaces : lactobacillus acidophillus, lactobacillus rhamnosus, lactobacillus gasseri, bifidobacterium lactis, bifidobacterium bifidus et saccharomyces boullardii.<\/span><\/p>\n<p><strong>SURVIT GR\u00c2CE \u00c0 L&#8217;ACIDIT\u00c9 DE L&#8217;ESTOMAC <\/strong><\/p>\n<p>Le Saccharomyces boulardii est un probiotique <span class=\"a-list-item a-size-base\">bien \u00e9tudi\u00e9,<\/span> de renomm\u00e9e internationale, dont il est prouv\u00e9 qu&#8217;il survit \u00e0 l&#8217;acidit\u00e9 de l&#8217;estomac pour atteindre l&#8217;intestin vivant.<\/p>\n<p><b>DE MULTIPLES AVANTAGES POUR LA SANT\u00c9<\/b><\/p>\n<p>Notre formule innovante est enrichie en inuline, une fibre pr\u00e9biotique qui pr\u00e9sente de puissants avantages pour la sant\u00e9, notamment une am\u00e9lioration de l&#8217;immunit\u00e9, une augmentation des taux de cholest\u00e9rol et un meilleur m\u00e9tabolisme.<span class=\"a-list-item\"><br \/>\n  <span class=\"a-size-base\">egularit\u00e9, une meilleure n<\/span><br \/>\n<\/span><span class=\"a-list-item\"><br \/>\n  <span class=\"a-size-base\">utriments, perte de poids, am\u00e9lioration de la sant\u00e9 des voies urinaires, am\u00e9lioration du taux de cholest\u00e9rol et am\u00e9lioration du m\u00e9tabolisme.<\/span><br \/>\n<\/span><\/p>\n<p><strong>FABRIQU\u00c9S \u00c0 PARTIR D&#8217;INGR\u00c9DIENTS NATURELS<\/strong><\/p>\n<p>Nos capsules v\u00e9g\u00e9taliennes sont 100 % pures et naturelles et contiennent des ingr\u00e9dients sans OGM.<\/p>\n<p>&nbsp;<\/p>\n<h4 class=\"product_title entry-title elementor-heading-title elementor-size-default\"><strong>Capsules de th\u00e9 vert &#8211; 850mg Suppl\u00e9ments antioxydants pour la perte de poids (120 comprim\u00e9s)<\/strong><\/h4>\n<p>&nbsp;<\/p>\n<p><strong>OFFRE DE MULTIPLES AVANTAGES POUR LA SANT\u00c9<\/strong><\/p>\n<p>Le th\u00e9 vert est utilis\u00e9 dans la m\u00e9decine chinoise depuis environ 4 000 ans. Elle offre de nombreux avantages pour la sant\u00e9, notamment en contribuant \u00e0 r\u00e9duire le risque de maladies cardiaques et de certains types de cancer, en augmentant le rapport entre le bon cholest\u00e9rol (HDL) et le mauvais cholest\u00e9rol (LDL) dans le sang, en renfor\u00e7ant le syst\u00e8me immunitaire et en fournissant des antioxydants.<\/p>\n<p><strong>AIDE \u00c0 LA PERTE DE POIDS<\/strong><\/p>\n<p>Associ\u00e9 \u00e0 un r\u00e9gime alimentaire sain, notre th\u00e9 vert v\u00e9g\u00e9tarien constitue une aide efficace pour perdre du poids en augmentant votre taux m\u00e9tabolique et en supprimant votre app\u00e9tit.<\/p>\n<p><strong>ANTIOXYDANT NATUREL PUISSANT<\/strong><\/p>\n<p>L&#8217;EGCG pr\u00e9sent dans le th\u00e9 vert est responsable de la plupart de ses propri\u00e9t\u00e9s antioxydantes, qui emp\u00eachent les radicaux libres d&#8217;endommager vos cellules.<\/p>\n<p><strong>AM\u00c9LIORE LA M\u00c9MOIRE ET LA CONCENTRATION<\/strong><\/p>\n<p>Les propri\u00e9t\u00e9s de l&#8217;extrait de th\u00e9 vert peuvent contribuer \u00e0 am\u00e9liorer la cognition et la m\u00e9moire, vous aidant ainsi \u00e0 rester vif et concentr\u00e9 toute la journ\u00e9e.<\/p>\n<h4 class=\"product_title entry-title elementor-heading-title elementor-size-default\"><strong>Super Mind Nootropics &#8211; 60 capsules v\u00e9g\u00e9taliennes<\/strong><\/h4>\n<p>&nbsp;<\/p>\n<ul class=\"a-unordered-list a-vertical a-spacing-none\">\n<li class=\"a-spacing-small\"><span class=\"a-list-item a-size-base\">RENFORCER LA MEMOIRE, LA CONCENTRATION ET LA PERFORMANCE &#8211; Contrairement \u00e0 de nombreux compl\u00e9ments alimentaires pour le cerveau, les g\u00e9lules JeaKen nootropics brain boost sont fabriqu\u00e9es \u00e0 partir d&#8217;ingr\u00e9dients naturels tels que la Rhodiola Rosea, qui aident \u00e0 augmenter la concentration et la perplexit\u00e9, \u00e0 renforcer l&#8217;\u00e9nergie mentale et \u00e0 am\u00e9liorer la m\u00e9moire.  <\/span><\/li>\n<li class=\"a-spacing-small\"><span class=\"a-list-item a-size-base\">R\u00c9DUIT LA FATIGUE, AM\u00c9LIORE LA FOCUS &#8211; Le guarana, une plante originaire d&#8217;Amazonie, contient naturellement de la caf\u00e9ine, qui s&#8217;est r\u00e9v\u00e9l\u00e9e tr\u00e8s efficace pour r\u00e9duire la fatigue et am\u00e9liorer la concentration mentale. L&#8217;association de la caf\u00e9ine et de la th\u00e9anine s&#8217;av\u00e8re tr\u00e8s efficace pour am\u00e9liorer les performances cognitives.  <\/span><\/li>\n<li class=\"a-spacing-small\"><span class=\"a-list-item a-size-base\">SEULS LES MEILLEURS INGR\u00c9DIENTS &#8211; Notre compl\u00e9ment alimentaire pour la m\u00e9moire est compos\u00e9 de vitamines, de min\u00e9raux et d&#8217;extraits de plantes enti\u00e8rement naturels, sans additifs nocifs ; sans OGM, sans hormones et sans gluten.  <\/span><\/li>\n<li class=\"a-spacing-small\"><span class=\"a-list-item a-size-base\">SOUTENU PAR LA SCIENCE &#8211; Un soin particulier a \u00e9t\u00e9 apport\u00e9 \u00e0 la combinaison de la juste quantit\u00e9 de chaque ingr\u00e9dient dans une formule avanc\u00e9e con\u00e7ue pour aider \u00e0 soutenir l&#8217;oxyg\u00e8ne et la circulation dans les cellules c\u00e9r\u00e9brales, et les neurones con\u00e7us pour soutenir la m\u00e9moire, la concentration et la clart\u00e9.<\/span><\/li>\n<\/ul>\n","protected":false},"excerpt":{"rendered":"<p>Boostez votre digestion et vos fonctions cognitives avec l&#8217;offre group\u00e9e Sant\u00e9 intestinale et clart\u00e9 mentale, qui comprend des probiotiques, du th\u00e9 vert et des nootropiques pour un bien-\u00eatre global.<\/p>\n","protected":false},"featured_media":16283,"template":"","meta":{"site-sidebar-layout":"default","site-content-layout":"default","ast-site-content-layout":"default","site-content-style":"default","site-sidebar-style":"default","ast-global-header-display":"","ast-banner-title-visibility":"","ast-main-header-display":"","ast-hfb-above-header-display":"","ast-hfb-below-header-display":"","ast-hfb-mobile-header-display":"","site-post-title":"","ast-breadcrumbs-content":"","ast-featured-img":"","footer-sml-layout":"","theme-transparent-header-meta":"default","adv-header-id-meta":"","stick-header-meta":"default","header-above-stick-meta":"","header-main-stick-meta":"","header-below-stick-meta":"","astra-migrate-meta-layouts":"default","ast-page-background-enabled":"default","ast-page-background-meta":{"desktop":{"background-color":"","background-image":"","background-repeat":"repeat","background-position":"center center","background-size":"auto","background-attachment":"scroll","background-type":"","background-media":"","overlay-type":"","overlay-color":"","overlay-opacity":"","overlay-gradient":""},"tablet":{"background-color":"","background-image":"","background-repeat":"repeat","background-position":"center center","background-size":"auto","background-attachment":"scroll","background-type":"","background-media":"","overlay-type":"","overlay-color":"","overlay-opacity":"","overlay-gradient":""},"mobile":{"background-color":"","background-image":"","background-repeat":"repeat","background-position":"center center","background-size":"auto","background-attachment":"scroll","background-type":"","background-media":"","overlay-type":"","overlay-color":"","overlay-opacity":"","overlay-gradient":""}},"ast-content-background-meta":{"desktop":{"background-color":"var(--ast-global-color-5)","background-image":"","background-repeat":"repeat","background-position":"center center","background-size":"auto","background-attachment":"scroll","background-type":"","background-media":"","overlay-type":"","overlay-color":"","overlay-opacity":"","overlay-gradient":""},"tablet":{"background-color":"var(--ast-global-color-5)","background-image":"","background-repeat":"repeat","background-position":"center center","background-size":"auto","background-attachment":"scroll","background-type":"","background-media":"","overlay-type":"","overlay-color":"","overlay-opacity":"","overlay-gradient":""},"mobile":{"background-color":"var(--ast-global-color-5)","background-image":"","background-repeat":"repeat","background-position":"center center","background-size":"auto","background-attachment":"scroll","background-type":"","background-media":"","overlay-type":"","overlay-color":"","overlay-opacity":"","overlay-gradient":""}}},"product_cat":[516,698,692,621,643,644],"product_tag":[],"class_list":{"0":"post-14425","1":"product","2":"type-product","3":"status-publish","4":"has-post-thumbnail","6":"product_cat-humeur-et-bien-etre","7":"product_cat-nutrition-fr","8":"product_cat-sante-digestive","9":"product_cat-sante-immunitaire","10":"product_cat-stimulants-pour-le-cerveau","11":"product_cat-supplements-alimentaires","12":"has-subscription-plans","13":"desktop-align-left","14":"tablet-align-left","15":"mobile-align-left","17":"first","18":"instock","19":"taxable","20":"shipping-taxable","21":"purchasable","22":"product-type-simple"},"yoast_head":"<!-- This site is optimized with the Yoast SEO plugin v22.7 - https:\/\/yoast.com\/wordpress\/plugins\/seo\/ -->\n<title>Ensemble sant\u00e9 intestinale et clart\u00e9 mentale - JeaKen<\/title>\n<meta name=\"robots\" content=\"index, follow, max-snippet:-1, max-image-preview:large, max-video-preview:-1\" \/>\n<link rel=\"canonical\" href=\"https:\/\/jeaken.com\/fr\/produit\/offre-groupee-sur-la-sante-intestinale-et-la-clarte-mentale\/\" \/>\n<meta property=\"og:locale\" content=\"fr_FR\" \/>\n<meta property=\"og:type\" content=\"article\" \/>\n<meta property=\"og:title\" content=\"Ensemble sant\u00e9 intestinale et clart\u00e9 mentale - JeaKen\" \/>\n<meta property=\"og:description\" content=\"Boostez votre digestion et vos fonctions cognitives avec l&#039;offre group\u00e9e Sant\u00e9 intestinale et clart\u00e9 mentale, qui comprend des probiotiques, du th\u00e9 vert et des nootropiques pour un bien-\u00eatre global.\" \/>\n<meta property=\"og:url\" content=\"https:\/\/jeaken.com\/fr\/produit\/offre-groupee-sur-la-sante-intestinale-et-la-clarte-mentale\/\" \/>\n<meta property=\"og:site_name\" content=\"JeaKen\" \/>\n<meta property=\"article:modified_time\" content=\"2023-04-06T11:31:01+00:00\" \/>\n<meta property=\"og:image\" content=\"https:\/\/jeaken.com\/wp-content\/uploads\/2023\/03\/Combine5.jpg\" \/>\n\t<meta property=\"og:image:width\" content=\"972\" \/>\n\t<meta property=\"og:image:height\" content=\"972\" \/>\n\t<meta property=\"og:image:type\" content=\"image\/jpeg\" \/>\n<meta name=\"twitter:card\" content=\"summary_large_image\" \/>\n<script type=\"application\/ld+json\" class=\"yoast-schema-graph\">{\"@context\":\"https:\/\/schema.org\",\"@graph\":[{\"@type\":\"WebPage\",\"@id\":\"https:\/\/jeaken.com\/fr\/produit\/offre-groupee-sur-la-sante-intestinale-et-la-clarte-mentale\/\",\"url\":\"https:\/\/jeaken.com\/fr\/produit\/offre-groupee-sur-la-sante-intestinale-et-la-clarte-mentale\/\",\"name\":\"Ensemble sant\u00e9 intestinale et clart\u00e9 mentale - JeaKen\",\"isPartOf\":{\"@id\":\"https:\/\/jeaken.com\/fr\/#website\"},\"primaryImageOfPage\":{\"@id\":\"https:\/\/jeaken.com\/fr\/produit\/offre-groupee-sur-la-sante-intestinale-et-la-clarte-mentale\/#primaryimage\"},\"image\":{\"@id\":\"https:\/\/jeaken.com\/fr\/produit\/offre-groupee-sur-la-sante-intestinale-et-la-clarte-mentale\/#primaryimage\"},\"thumbnailUrl\":\"https:\/\/jeaken.com\/wp-content\/uploads\/2023\/03\/Combine5.jpg\",\"datePublished\":\"2023-03-16T15:37:26+00:00\",\"dateModified\":\"2023-04-06T11:31:01+00:00\",\"breadcrumb\":{\"@id\":\"https:\/\/jeaken.com\/fr\/produit\/offre-groupee-sur-la-sante-intestinale-et-la-clarte-mentale\/#breadcrumb\"},\"inLanguage\":\"fr-FR\",\"potentialAction\":[{\"@type\":\"ReadAction\",\"target\":[\"https:\/\/jeaken.com\/fr\/produit\/offre-groupee-sur-la-sante-intestinale-et-la-clarte-mentale\/\"]}]},{\"@type\":\"ImageObject\",\"inLanguage\":\"fr-FR\",\"@id\":\"https:\/\/jeaken.com\/fr\/produit\/offre-groupee-sur-la-sante-intestinale-et-la-clarte-mentale\/#primaryimage\",\"url\":\"https:\/\/jeaken.com\/wp-content\/uploads\/2023\/03\/Combine5.jpg\",\"contentUrl\":\"https:\/\/jeaken.com\/wp-content\/uploads\/2023\/03\/Combine5.jpg\",\"width\":972,\"height\":972,\"caption\":\"\u00a0Gut Health and Mental Clarity Bundle\"},{\"@type\":\"BreadcrumbList\",\"@id\":\"https:\/\/jeaken.com\/fr\/produit\/offre-groupee-sur-la-sante-intestinale-et-la-clarte-mentale\/#breadcrumb\",\"itemListElement\":[{\"@type\":\"ListItem\",\"position\":1,\"name\":\"Home\",\"item\":\"https:\/\/jeaken.com\/fr\/\"},{\"@type\":\"ListItem\",\"position\":2,\"name\":\"Private: Shop\",\"item\":\"https:\/\/jeaken.com\/shop\/\"},{\"@type\":\"ListItem\",\"position\":3,\"name\":\"Ensemble sant\u00e9 intestinale et clart\u00e9 mentale\"}]},{\"@type\":\"WebSite\",\"@id\":\"https:\/\/jeaken.com\/fr\/#website\",\"url\":\"https:\/\/jeaken.com\/fr\/\",\"name\":\"JeaKen\",\"description\":\"Organic Supplements for Health, Fitness and Nutrition\",\"publisher\":{\"@id\":\"https:\/\/jeaken.com\/fr\/#organization\"},\"potentialAction\":[{\"@type\":\"SearchAction\",\"target\":{\"@type\":\"EntryPoint\",\"urlTemplate\":\"https:\/\/jeaken.com\/fr\/?s={search_term_string}\"},\"query-input\":\"required name=search_term_string\"}],\"inLanguage\":\"fr-FR\"},{\"@type\":\"Organization\",\"@id\":\"https:\/\/jeaken.com\/fr\/#organization\",\"name\":\"JeaKen\",\"url\":\"https:\/\/jeaken.com\/fr\/\",\"logo\":{\"@type\":\"ImageObject\",\"inLanguage\":\"fr-FR\",\"@id\":\"https:\/\/jeaken.com\/fr\/#\/schema\/logo\/image\/\",\"url\":\"https:\/\/jeaken.com\/wp-content\/uploads\/2022\/06\/jeaken-logo-23.png\",\"contentUrl\":\"https:\/\/jeaken.com\/wp-content\/uploads\/2022\/06\/jeaken-logo-23.png\",\"width\":2486,\"height\":736,\"caption\":\"JeaKen\"},\"image\":{\"@id\":\"https:\/\/jeaken.com\/fr\/#\/schema\/logo\/image\/\"}}]}<\/script>\n<!-- \/ Yoast SEO plugin. -->","yoast_head_json":{"title":"Ensemble sant\u00e9 intestinale et clart\u00e9 mentale - JeaKen","robots":{"index":"index","follow":"follow","max-snippet":"max-snippet:-1","max-image-preview":"max-image-preview:large","max-video-preview":"max-video-preview:-1"},"canonical":"https:\/\/jeaken.com\/fr\/produit\/offre-groupee-sur-la-sante-intestinale-et-la-clarte-mentale\/","og_locale":"fr_FR","og_type":"article","og_title":"Ensemble sant\u00e9 intestinale et clart\u00e9 mentale - JeaKen","og_description":"Boostez votre digestion et vos fonctions cognitives avec l'offre group\u00e9e Sant\u00e9 intestinale et clart\u00e9 mentale, qui comprend des probiotiques, du th\u00e9 vert et des nootropiques pour un bien-\u00eatre global.","og_url":"https:\/\/jeaken.com\/fr\/produit\/offre-groupee-sur-la-sante-intestinale-et-la-clarte-mentale\/","og_site_name":"JeaKen","article_modified_time":"2023-04-06T11:31:01+00:00","og_image":[{"width":972,"height":972,"url":"https:\/\/jeaken.com\/wp-content\/uploads\/2023\/03\/Combine5.jpg","type":"image\/jpeg"}],"twitter_card":"summary_large_image","schema":{"@context":"https:\/\/schema.org","@graph":[{"@type":"WebPage","@id":"https:\/\/jeaken.com\/fr\/produit\/offre-groupee-sur-la-sante-intestinale-et-la-clarte-mentale\/","url":"https:\/\/jeaken.com\/fr\/produit\/offre-groupee-sur-la-sante-intestinale-et-la-clarte-mentale\/","name":"Ensemble sant\u00e9 intestinale et clart\u00e9 mentale - JeaKen","isPartOf":{"@id":"https:\/\/jeaken.com\/fr\/#website"},"primaryImageOfPage":{"@id":"https:\/\/jeaken.com\/fr\/produit\/offre-groupee-sur-la-sante-intestinale-et-la-clarte-mentale\/#primaryimage"},"image":{"@id":"https:\/\/jeaken.com\/fr\/produit\/offre-groupee-sur-la-sante-intestinale-et-la-clarte-mentale\/#primaryimage"},"thumbnailUrl":"https:\/\/jeaken.com\/wp-content\/uploads\/2023\/03\/Combine5.jpg","datePublished":"2023-03-16T15:37:26+00:00","dateModified":"2023-04-06T11:31:01+00:00","breadcrumb":{"@id":"https:\/\/jeaken.com\/fr\/produit\/offre-groupee-sur-la-sante-intestinale-et-la-clarte-mentale\/#breadcrumb"},"inLanguage":"fr-FR","potentialAction":[{"@type":"ReadAction","target":["https:\/\/jeaken.com\/fr\/produit\/offre-groupee-sur-la-sante-intestinale-et-la-clarte-mentale\/"]}]},{"@type":"ImageObject","inLanguage":"fr-FR","@id":"https:\/\/jeaken.com\/fr\/produit\/offre-groupee-sur-la-sante-intestinale-et-la-clarte-mentale\/#primaryimage","url":"https:\/\/jeaken.com\/wp-content\/uploads\/2023\/03\/Combine5.jpg","contentUrl":"https:\/\/jeaken.com\/wp-content\/uploads\/2023\/03\/Combine5.jpg","width":972,"height":972,"caption":"\u00a0Gut Health and Mental Clarity Bundle"},{"@type":"BreadcrumbList","@id":"https:\/\/jeaken.com\/fr\/produit\/offre-groupee-sur-la-sante-intestinale-et-la-clarte-mentale\/#breadcrumb","itemListElement":[{"@type":"ListItem","position":1,"name":"Home","item":"https:\/\/jeaken.com\/fr\/"},{"@type":"ListItem","position":2,"name":"Private: Shop","item":"https:\/\/jeaken.com\/shop\/"},{"@type":"ListItem","position":3,"name":"Ensemble sant\u00e9 intestinale et clart\u00e9 mentale"}]},{"@type":"WebSite","@id":"https:\/\/jeaken.com\/fr\/#website","url":"https:\/\/jeaken.com\/fr\/","name":"JeaKen","description":"Organic Supplements for Health, Fitness and Nutrition","publisher":{"@id":"https:\/\/jeaken.com\/fr\/#organization"},"potentialAction":[{"@type":"SearchAction","target":{"@type":"EntryPoint","urlTemplate":"https:\/\/jeaken.com\/fr\/?s={search_term_string}"},"query-input":"required name=search_term_string"}],"inLanguage":"fr-FR"},{"@type":"Organization","@id":"https:\/\/jeaken.com\/fr\/#organization","name":"JeaKen","url":"https:\/\/jeaken.com\/fr\/","logo":{"@type":"ImageObject","inLanguage":"fr-FR","@id":"https:\/\/jeaken.com\/fr\/#\/schema\/logo\/image\/","url":"https:\/\/jeaken.com\/wp-content\/uploads\/2022\/06\/jeaken-logo-23.png","contentUrl":"https:\/\/jeaken.com\/wp-content\/uploads\/2022\/06\/jeaken-logo-23.png","width":2486,"height":736,"caption":"JeaKen"},"image":{"@id":"https:\/\/jeaken.com\/fr\/#\/schema\/logo\/image\/"}}]}},"jetpack_sharing_enabled":true,"_links":{"self":[{"href":"https:\/\/jeaken.com\/fr\/wp-json\/wp\/v2\/product\/14425","targetHints":{"allow":["GET"]}}],"collection":[{"href":"https:\/\/jeaken.com\/fr\/wp-json\/wp\/v2\/product"}],"about":[{"href":"https:\/\/jeaken.com\/fr\/wp-json\/wp\/v2\/types\/product"}],"wp:featuredmedia":[{"embeddable":true,"href":"https:\/\/jeaken.com\/fr\/wp-json\/wp\/v2\/media\/16283"}],"wp:attachment":[{"href":"https:\/\/jeaken.com\/fr\/wp-json\/wp\/v2\/media?parent=14425"}],"wp:term":[{"taxonomy":"product_cat","embeddable":true,"href":"https:\/\/jeaken.com\/fr\/wp-json\/wp\/v2\/product_cat?post=14425"},{"taxonomy":"product_tag","embeddable":true,"href":"https:\/\/jeaken.com\/fr\/wp-json\/wp\/v2\/product_tag?post=14425"}],"curies":[{"name":"wp","href":"https:\/\/api.w.org\/{rel}","templated":true}]}}