{"id":14401,"date":"2023-03-16T11:56:11","date_gmt":"2023-03-16T11:56:11","guid":{"rendered":"https:\/?post_type=product&#038;p=14401"},"modified":"2023-04-06T12:31:01","modified_gmt":"2023-04-06T11:31:01","slug":"offre-groupee-sante-intestinale","status":"publish","type":"product","link":"https:\/\/jeaken.com\/fr\/produit\/offre-groupee-sante-intestinale\/","title":{"rendered":"Offre group\u00e9e sur la sant\u00e9 intestinale"},"content":{"rendered":"<h2>Offre group\u00e9e sur la sant\u00e9 intestinale<\/h2>\n<p><span data-sheets-value=\"{\"1\":2,\"2\":\"The Gut Health Bundle is a comprehensive package containing three essential supplements to support your digestive system. The Probiotics Capsules provide 6 strains of probiotics and prebiotics to support the growth of healthy gut bacteria. The Colon Cleanse helps to eliminate toxins and improve bowel movement. Lastly, the Green Tea Capsules provide natural antioxidants and energy to support digestive health. By incorporating this bundle into your daily routine, you can promote optimal digestive function and overall wellness.\"}\" data-sheets-userformat=\"{\"2\":2945,\"3\":{\"1\":0},\"10\":0,\"11\":4,\"12\":0,\"14\":{\"1\":2,\"2\":16497668}}\">L&#8217;offre group\u00e9e Sant\u00e9 intestinale est un ensemble complet contenant trois suppl\u00e9ments essentiels pour soutenir votre syst\u00e8me digestif. Les g\u00e9lules de probiotiques contiennent 6 souches de probiotiques et de pr\u00e9biotiques pour favoriser la croissance de bact\u00e9ries intestinales saines. Le nettoyage du c\u00f4lon aide \u00e0 \u00e9liminer les toxines et \u00e0 am\u00e9liorer le transit intestinal. Enfin, les g\u00e9lules de th\u00e9 vert fournissent des antioxydants naturels et de l&#8217;\u00e9nergie pour soutenir la sant\u00e9 digestive. En int\u00e9grant cette offre \u00e0 votre routine quotidienne, vous pouvez favoriser une fonction digestive optimale et un bien-\u00eatre g\u00e9n\u00e9ral.<\/span><\/p>\n<h4 class=\"product_title entry-title elementor-heading-title elementor-size-default\"><strong>6 Souches Probiotiques Avec Pr\u00e9biotiques &#8211; (90 Capsules)<\/strong><\/h4>\n<p>&nbsp;<\/p>\n<p><strong>SOULAGEMENT DU BALLONNEMENT  <\/strong><\/p>\n<p>Nos g\u00e9lules sont issues de la famille des probiotiques Lactobacillus, qui sont les probiotiques les plus efficaces pour aider \u00e0 maintenir un syst\u00e8me digestif sain.<span class=\"a-list-item a-size-base\">  Nos souches bact\u00e9riennes soigneusement s\u00e9lectionn\u00e9es sont parmi les plus connues pour aider \u00e0 soulager les sensations de ballonnement et de pl\u00e9nitude.  <\/span><\/p>\n<p><span class=\"a-list-item a-size-base\"><strong>6 SOUCHES ACTIVES DE 10 MILLIARDS DE CFU PAR PORTION<\/strong> <\/span><\/p>\n<p><span class=\"a-list-item a-size-base\">Nos probiotiques complexes offrent 6 souches les plus efficaces : lactobacillus acidophillus, lactobacillus rhamnosus, lactobacillus gasseri, bifidobacterium lactis, bifidobacterium bifidus et saccharomyces boullardii.<\/span><\/p>\n<p><strong>SURVIT GR\u00c2CE \u00c0 L&#8217;ACIDIT\u00c9 DE L&#8217;ESTOMAC <\/strong><\/p>\n<p>Le Saccharomyces boulardii est un probiotique <span class=\"a-list-item a-size-base\">bien \u00e9tudi\u00e9,<\/span> de renomm\u00e9e internationale, dont il est prouv\u00e9 qu&#8217;il survit \u00e0 l&#8217;acidit\u00e9 de l&#8217;estomac pour atteindre l&#8217;intestin vivant.<\/p>\n<p><b>DE MULTIPLES AVANTAGES POUR LA SANT\u00c9<\/b><\/p>\n<p>Notre formule innovante est enrichie en inuline, une fibre pr\u00e9biotique qui pr\u00e9sente de puissants avantages pour la sant\u00e9, notamment une am\u00e9lioration de l&#8217;immunit\u00e9, une augmentation des taux de cholest\u00e9rol et un meilleur m\u00e9tabolisme.<span class=\"a-list-item\"><br \/>\n  <span class=\"a-size-base\">egularit\u00e9, une meilleure n<\/span><br \/>\n<\/span><span class=\"a-list-item\"><br \/>\n  <span class=\"a-size-base\">utriments, perte de poids, am\u00e9lioration de la sant\u00e9 des voies urinaires, am\u00e9lioration du taux de cholest\u00e9rol et am\u00e9lioration du m\u00e9tabolisme.<\/span><br \/>\n<\/span><\/p>\n<p><strong>FABRIQU\u00c9S \u00c0 PARTIR D&#8217;INGR\u00c9DIENTS NATURELS<\/strong><\/p>\n<p>Nos capsules v\u00e9g\u00e9taliennes sont 100 % pures et naturelles et contiennent des ingr\u00e9dients sans OGM.<\/p>\n<p>&nbsp;<\/p>\n<h4 class=\"product_title entry-title elementor-heading-title elementor-size-default\"><strong>Body Cleanse And Detox Capsules &#8211; Pour la Perte de Poids et le Nettoyage du C\u00f4lon (90 Capsules)<\/strong><\/h4>\n<p>&nbsp;<\/p>\n<p><span class=\"a-list-item\"><strong>\u00c9LIMINE LES TOXINES<\/strong> <\/span><\/p>\n<p><span class=\"a-list-item\">Ce produit puissant contient 14 ingr\u00e9dients essentiels pour aider \u00e0 \u00e9liminer les toxines de l&#8217;organisme.<\/span><\/p>\n<p><span class=\"a-list-item\"><strong>R\u00c9DUIT LES BALLONNEMENTS<\/strong> <\/span><\/p>\n<p><span class=\"a-list-item\">Notre compl\u00e9ment aide \u00e0 r\u00e9duire les ballonnements tout en r\u00e9gulant la prise alimentaire. La prise r\u00e9guli\u00e8re de ce compl\u00e9ment peut avoir un effet \u00e9quilibrant sur le syst\u00e8me digestif et soulager les sympt\u00f4mes de la constipation et de l&#8217;indigestion.<\/span><\/p>\n<p><strong><span class=\"a-list-item\">MAXIMISE LA PERTE DE POIDS  <\/span><\/strong><\/p>\n<p><span class=\"a-list-item\">Non seulement nos g\u00e9lules Cleanse Detox vous d\u00e9barrassent des toxines, mais elles optimisent \u00e9galement votre perte de poids pour atteindre vos objectifs de d\u00e9finition de la masse maigre.<\/span><\/p>\n<p><strong><span class=\"a-list-item\">COMBINAISON \u00c9PROUV\u00c9E DE PROBIOTIQUES  <\/span><\/strong><\/p>\n<p><span class=\"a-list-item\">Pour des r\u00e9sultats optimaux, nous avons combin\u00e9 les qualit\u00e9s prouv\u00e9es de l&#8217;enveloppe de psyllium et de l&#8217;inuline pour \u00e9liminer les d\u00e9chets de votre syst\u00e8me et le rafra\u00eechir avec les &#8220;bact\u00e9ries amicales&#8221; du probiotique Lactobacillus Acidophilus.<\/span><\/p>\n<p>&nbsp;<\/p>\n<h4 class=\"product_title entry-title elementor-heading-title elementor-size-default\"><strong>Capsules de th\u00e9 vert &#8211; 850mg Suppl\u00e9ments antioxydants pour la perte de poids (120 comprim\u00e9s)<\/strong><\/h4>\n<p>&nbsp;<\/p>\n<p><strong>OFFRE DE MULTIPLES AVANTAGES POUR LA SANT\u00c9<\/strong><\/p>\n<p>Le th\u00e9 vert est utilis\u00e9 dans la m\u00e9decine chinoise depuis environ 4 000 ans. Elle offre de nombreux avantages pour la sant\u00e9, notamment en contribuant \u00e0 r\u00e9duire le risque de maladies cardiaques et de certains types de cancer, en augmentant le rapport entre le bon cholest\u00e9rol (HDL) et le mauvais cholest\u00e9rol (LDL) dans le sang, en renfor\u00e7ant le syst\u00e8me immunitaire et en fournissant des antioxydants.<\/p>\n<p><strong>AIDE \u00c0 LA PERTE DE POIDS<\/strong><\/p>\n<p>Associ\u00e9 \u00e0 un r\u00e9gime alimentaire sain, notre th\u00e9 vert v\u00e9g\u00e9tarien constitue une aide efficace pour perdre du poids en augmentant votre taux m\u00e9tabolique et en supprimant votre app\u00e9tit.<\/p>\n<p><strong>ANTIOXYDANT NATUREL PUISSANT<\/strong><\/p>\n<p>L&#8217;EGCG pr\u00e9sent dans le th\u00e9 vert est responsable de la plupart de ses propri\u00e9t\u00e9s antioxydantes, qui emp\u00eachent les radicaux libres d&#8217;endommager vos cellules.<\/p>\n<p><strong>AM\u00c9LIORE LA M\u00c9MOIRE ET LA CONCENTRATION<\/strong><\/p>\n<p>Les propri\u00e9t\u00e9s de l&#8217;extrait de th\u00e9 vert peuvent contribuer \u00e0 am\u00e9liorer la cognition et la m\u00e9moire, vous aidant ainsi \u00e0 rester vif et concentr\u00e9 toute la journ\u00e9e.<\/p>\n","protected":false},"excerpt":{"rendered":"<p>L&#8217;ensemble Sant\u00e9 des intestins comprend des g\u00e9lules de probiotiques, un nettoyage du c\u00f4lon et des g\u00e9lules de th\u00e9 vert pour am\u00e9liorer le soutien digestif, l&#8217;\u00e9limination des toxines et l&#8217;\u00e9nergie. Am\u00e9liore la digestion et le bien-\u00eatre g\u00e9n\u00e9ral gr\u00e2ce \u00e0 une utilisation quotidienne.<\/p>\n","protected":false},"featured_media":16247,"template":"","meta":{"site-sidebar-layout":"default","site-content-layout":"default","ast-site-content-layout":"default","site-content-style":"default","site-sidebar-style":"default","ast-global-header-display":"","ast-banner-title-visibility":"","ast-main-header-display":"","ast-hfb-above-header-display":"","ast-hfb-below-header-display":"","ast-hfb-mobile-header-display":"","site-post-title":"","ast-breadcrumbs-content":"","ast-featured-img":"","footer-sml-layout":"","theme-transparent-header-meta":"default","adv-header-id-meta":"","stick-header-meta":"default","header-above-stick-meta":"","header-main-stick-meta":"","header-below-stick-meta":"","astra-migrate-meta-layouts":"default","ast-page-background-enabled":"default","ast-page-background-meta":{"desktop":{"background-color":"","background-image":"","background-repeat":"repeat","background-position":"center center","background-size":"auto","background-attachment":"scroll","background-type":"","background-media":"","overlay-type":"","overlay-color":"","overlay-opacity":"","overlay-gradient":""},"tablet":{"background-color":"","background-image":"","background-repeat":"repeat","background-position":"center center","background-size":"auto","background-attachment":"scroll","background-type":"","background-media":"","overlay-type":"","overlay-color":"","overlay-opacity":"","overlay-gradient":""},"mobile":{"background-color":"","background-image":"","background-repeat":"repeat","background-position":"center center","background-size":"auto","background-attachment":"scroll","background-type":"","background-media":"","overlay-type":"","overlay-color":"","overlay-opacity":"","overlay-gradient":""}},"ast-content-background-meta":{"desktop":{"background-color":"var(--ast-global-color-5)","background-image":"","background-repeat":"repeat","background-position":"center center","background-size":"auto","background-attachment":"scroll","background-type":"","background-media":"","overlay-type":"","overlay-color":"","overlay-opacity":"","overlay-gradient":""},"tablet":{"background-color":"var(--ast-global-color-5)","background-image":"","background-repeat":"repeat","background-position":"center center","background-size":"auto","background-attachment":"scroll","background-type":"","background-media":"","overlay-type":"","overlay-color":"","overlay-opacity":"","overlay-gradient":""},"mobile":{"background-color":"var(--ast-global-color-5)","background-image":"","background-repeat":"repeat","background-position":"center center","background-size":"auto","background-attachment":"scroll","background-type":"","background-media":"","overlay-type":"","overlay-color":"","overlay-opacity":"","overlay-gradient":""}}},"product_cat":[698,692,644],"product_tag":[],"class_list":{"0":"post-14401","1":"product","2":"type-product","3":"status-publish","4":"has-post-thumbnail","6":"product_cat-nutrition-fr","7":"product_cat-sante-digestive","8":"product_cat-supplements-alimentaires","9":"has-subscription-plans","10":"desktop-align-left","11":"tablet-align-left","12":"mobile-align-left","14":"first","15":"instock","16":"taxable","17":"shipping-taxable","18":"purchasable","19":"product-type-simple"},"yoast_head":"<!-- This site is optimized with the Yoast SEO plugin v22.7 - https:\/\/yoast.com\/wordpress\/plugins\/seo\/ -->\n<title>Offre group\u00e9e sur la sant\u00e9 intestinale - JeaKen<\/title>\n<meta name=\"robots\" content=\"index, follow, max-snippet:-1, max-image-preview:large, max-video-preview:-1\" \/>\n<link rel=\"canonical\" href=\"https:\/\/jeaken.com\/fr\/produit\/offre-groupee-sante-intestinale\/\" \/>\n<meta property=\"og:locale\" content=\"fr_FR\" \/>\n<meta property=\"og:type\" content=\"article\" \/>\n<meta property=\"og:title\" content=\"Offre group\u00e9e sur la sant\u00e9 intestinale - JeaKen\" \/>\n<meta property=\"og:description\" content=\"L&#039;ensemble Sant\u00e9 des intestins comprend des g\u00e9lules de probiotiques, un nettoyage du c\u00f4lon et des g\u00e9lules de th\u00e9 vert pour am\u00e9liorer le soutien digestif, l&#039;\u00e9limination des toxines et l&#039;\u00e9nergie. Am\u00e9liore la digestion et le bien-\u00eatre g\u00e9n\u00e9ral gr\u00e2ce \u00e0 une utilisation quotidienne.\" \/>\n<meta property=\"og:url\" content=\"https:\/\/jeaken.com\/fr\/produit\/offre-groupee-sante-intestinale\/\" \/>\n<meta property=\"og:site_name\" content=\"JeaKen\" \/>\n<meta property=\"article:modified_time\" content=\"2023-04-06T11:31:01+00:00\" \/>\n<meta property=\"og:image\" content=\"https:\/\/jeaken.com\/wp-content\/uploads\/2023\/03\/Combine2.jpg\" \/>\n\t<meta property=\"og:image:width\" content=\"972\" \/>\n\t<meta property=\"og:image:height\" content=\"972\" \/>\n\t<meta property=\"og:image:type\" content=\"image\/jpeg\" \/>\n<meta name=\"twitter:card\" content=\"summary_large_image\" \/>\n<meta name=\"twitter:label1\" content=\"Est. reading time\" \/>\n\t<meta name=\"twitter:data1\" content=\"3 minutes\" \/>\n<script type=\"application\/ld+json\" class=\"yoast-schema-graph\">{\"@context\":\"https:\/\/schema.org\",\"@graph\":[{\"@type\":\"WebPage\",\"@id\":\"https:\/\/jeaken.com\/fr\/produit\/offre-groupee-sante-intestinale\/\",\"url\":\"https:\/\/jeaken.com\/fr\/produit\/offre-groupee-sante-intestinale\/\",\"name\":\"Offre group\u00e9e sur la sant\u00e9 intestinale - JeaKen\",\"isPartOf\":{\"@id\":\"https:\/\/jeaken.com\/fr\/#website\"},\"primaryImageOfPage\":{\"@id\":\"https:\/\/jeaken.com\/fr\/produit\/offre-groupee-sante-intestinale\/#primaryimage\"},\"image\":{\"@id\":\"https:\/\/jeaken.com\/fr\/produit\/offre-groupee-sante-intestinale\/#primaryimage\"},\"thumbnailUrl\":\"https:\/\/jeaken.com\/wp-content\/uploads\/2023\/03\/Combine2.jpg\",\"datePublished\":\"2023-03-16T11:56:11+00:00\",\"dateModified\":\"2023-04-06T11:31:01+00:00\",\"breadcrumb\":{\"@id\":\"https:\/\/jeaken.com\/fr\/produit\/offre-groupee-sante-intestinale\/#breadcrumb\"},\"inLanguage\":\"fr-FR\",\"potentialAction\":[{\"@type\":\"ReadAction\",\"target\":[\"https:\/\/jeaken.com\/fr\/produit\/offre-groupee-sante-intestinale\/\"]}]},{\"@type\":\"ImageObject\",\"inLanguage\":\"fr-FR\",\"@id\":\"https:\/\/jeaken.com\/fr\/produit\/offre-groupee-sante-intestinale\/#primaryimage\",\"url\":\"https:\/\/jeaken.com\/wp-content\/uploads\/2023\/03\/Combine2.jpg\",\"contentUrl\":\"https:\/\/jeaken.com\/wp-content\/uploads\/2023\/03\/Combine2.jpg\",\"width\":972,\"height\":972,\"caption\":\"Gut Health\"},{\"@type\":\"BreadcrumbList\",\"@id\":\"https:\/\/jeaken.com\/fr\/produit\/offre-groupee-sante-intestinale\/#breadcrumb\",\"itemListElement\":[{\"@type\":\"ListItem\",\"position\":1,\"name\":\"Home\",\"item\":\"https:\/\/jeaken.com\/fr\/\"},{\"@type\":\"ListItem\",\"position\":2,\"name\":\"Private: Shop\",\"item\":\"https:\/\/jeaken.com\/shop\/\"},{\"@type\":\"ListItem\",\"position\":3,\"name\":\"Offre group\u00e9e sur la sant\u00e9 intestinale\"}]},{\"@type\":\"WebSite\",\"@id\":\"https:\/\/jeaken.com\/fr\/#website\",\"url\":\"https:\/\/jeaken.com\/fr\/\",\"name\":\"JeaKen\",\"description\":\"Organic Supplements for Health, Fitness and Nutrition\",\"publisher\":{\"@id\":\"https:\/\/jeaken.com\/fr\/#organization\"},\"potentialAction\":[{\"@type\":\"SearchAction\",\"target\":{\"@type\":\"EntryPoint\",\"urlTemplate\":\"https:\/\/jeaken.com\/fr\/?s={search_term_string}\"},\"query-input\":\"required name=search_term_string\"}],\"inLanguage\":\"fr-FR\"},{\"@type\":\"Organization\",\"@id\":\"https:\/\/jeaken.com\/fr\/#organization\",\"name\":\"JeaKen\",\"url\":\"https:\/\/jeaken.com\/fr\/\",\"logo\":{\"@type\":\"ImageObject\",\"inLanguage\":\"fr-FR\",\"@id\":\"https:\/\/jeaken.com\/fr\/#\/schema\/logo\/image\/\",\"url\":\"https:\/\/jeaken.com\/wp-content\/uploads\/2022\/06\/jeaken-logo-23.png\",\"contentUrl\":\"https:\/\/jeaken.com\/wp-content\/uploads\/2022\/06\/jeaken-logo-23.png\",\"width\":2486,\"height\":736,\"caption\":\"JeaKen\"},\"image\":{\"@id\":\"https:\/\/jeaken.com\/fr\/#\/schema\/logo\/image\/\"}}]}<\/script>\n<!-- \/ Yoast SEO plugin. -->","yoast_head_json":{"title":"Offre group\u00e9e sur la sant\u00e9 intestinale - JeaKen","robots":{"index":"index","follow":"follow","max-snippet":"max-snippet:-1","max-image-preview":"max-image-preview:large","max-video-preview":"max-video-preview:-1"},"canonical":"https:\/\/jeaken.com\/fr\/produit\/offre-groupee-sante-intestinale\/","og_locale":"fr_FR","og_type":"article","og_title":"Offre group\u00e9e sur la sant\u00e9 intestinale - JeaKen","og_description":"L'ensemble Sant\u00e9 des intestins comprend des g\u00e9lules de probiotiques, un nettoyage du c\u00f4lon et des g\u00e9lules de th\u00e9 vert pour am\u00e9liorer le soutien digestif, l'\u00e9limination des toxines et l'\u00e9nergie. Am\u00e9liore la digestion et le bien-\u00eatre g\u00e9n\u00e9ral gr\u00e2ce \u00e0 une utilisation quotidienne.","og_url":"https:\/\/jeaken.com\/fr\/produit\/offre-groupee-sante-intestinale\/","og_site_name":"JeaKen","article_modified_time":"2023-04-06T11:31:01+00:00","og_image":[{"width":972,"height":972,"url":"https:\/\/jeaken.com\/wp-content\/uploads\/2023\/03\/Combine2.jpg","type":"image\/jpeg"}],"twitter_card":"summary_large_image","twitter_misc":{"Est. reading time":"3 minutes"},"schema":{"@context":"https:\/\/schema.org","@graph":[{"@type":"WebPage","@id":"https:\/\/jeaken.com\/fr\/produit\/offre-groupee-sante-intestinale\/","url":"https:\/\/jeaken.com\/fr\/produit\/offre-groupee-sante-intestinale\/","name":"Offre group\u00e9e sur la sant\u00e9 intestinale - JeaKen","isPartOf":{"@id":"https:\/\/jeaken.com\/fr\/#website"},"primaryImageOfPage":{"@id":"https:\/\/jeaken.com\/fr\/produit\/offre-groupee-sante-intestinale\/#primaryimage"},"image":{"@id":"https:\/\/jeaken.com\/fr\/produit\/offre-groupee-sante-intestinale\/#primaryimage"},"thumbnailUrl":"https:\/\/jeaken.com\/wp-content\/uploads\/2023\/03\/Combine2.jpg","datePublished":"2023-03-16T11:56:11+00:00","dateModified":"2023-04-06T11:31:01+00:00","breadcrumb":{"@id":"https:\/\/jeaken.com\/fr\/produit\/offre-groupee-sante-intestinale\/#breadcrumb"},"inLanguage":"fr-FR","potentialAction":[{"@type":"ReadAction","target":["https:\/\/jeaken.com\/fr\/produit\/offre-groupee-sante-intestinale\/"]}]},{"@type":"ImageObject","inLanguage":"fr-FR","@id":"https:\/\/jeaken.com\/fr\/produit\/offre-groupee-sante-intestinale\/#primaryimage","url":"https:\/\/jeaken.com\/wp-content\/uploads\/2023\/03\/Combine2.jpg","contentUrl":"https:\/\/jeaken.com\/wp-content\/uploads\/2023\/03\/Combine2.jpg","width":972,"height":972,"caption":"Gut Health"},{"@type":"BreadcrumbList","@id":"https:\/\/jeaken.com\/fr\/produit\/offre-groupee-sante-intestinale\/#breadcrumb","itemListElement":[{"@type":"ListItem","position":1,"name":"Home","item":"https:\/\/jeaken.com\/fr\/"},{"@type":"ListItem","position":2,"name":"Private: Shop","item":"https:\/\/jeaken.com\/shop\/"},{"@type":"ListItem","position":3,"name":"Offre group\u00e9e sur la sant\u00e9 intestinale"}]},{"@type":"WebSite","@id":"https:\/\/jeaken.com\/fr\/#website","url":"https:\/\/jeaken.com\/fr\/","name":"JeaKen","description":"Organic Supplements for Health, Fitness and Nutrition","publisher":{"@id":"https:\/\/jeaken.com\/fr\/#organization"},"potentialAction":[{"@type":"SearchAction","target":{"@type":"EntryPoint","urlTemplate":"https:\/\/jeaken.com\/fr\/?s={search_term_string}"},"query-input":"required name=search_term_string"}],"inLanguage":"fr-FR"},{"@type":"Organization","@id":"https:\/\/jeaken.com\/fr\/#organization","name":"JeaKen","url":"https:\/\/jeaken.com\/fr\/","logo":{"@type":"ImageObject","inLanguage":"fr-FR","@id":"https:\/\/jeaken.com\/fr\/#\/schema\/logo\/image\/","url":"https:\/\/jeaken.com\/wp-content\/uploads\/2022\/06\/jeaken-logo-23.png","contentUrl":"https:\/\/jeaken.com\/wp-content\/uploads\/2022\/06\/jeaken-logo-23.png","width":2486,"height":736,"caption":"JeaKen"},"image":{"@id":"https:\/\/jeaken.com\/fr\/#\/schema\/logo\/image\/"}}]}},"jetpack_sharing_enabled":true,"_links":{"self":[{"href":"https:\/\/jeaken.com\/fr\/wp-json\/wp\/v2\/product\/14401","targetHints":{"allow":["GET"]}}],"collection":[{"href":"https:\/\/jeaken.com\/fr\/wp-json\/wp\/v2\/product"}],"about":[{"href":"https:\/\/jeaken.com\/fr\/wp-json\/wp\/v2\/types\/product"}],"wp:featuredmedia":[{"embeddable":true,"href":"https:\/\/jeaken.com\/fr\/wp-json\/wp\/v2\/media\/16247"}],"wp:attachment":[{"href":"https:\/\/jeaken.com\/fr\/wp-json\/wp\/v2\/media?parent=14401"}],"wp:term":[{"taxonomy":"product_cat","embeddable":true,"href":"https:\/\/jeaken.com\/fr\/wp-json\/wp\/v2\/product_cat?post=14401"},{"taxonomy":"product_tag","embeddable":true,"href":"https:\/\/jeaken.com\/fr\/wp-json\/wp\/v2\/product_tag?post=14401"}],"curies":[{"name":"wp","href":"https:\/\/api.w.org\/{rel}","templated":true}]}}