{"id":14393,"date":"2023-03-16T11:43:40","date_gmt":"2023-03-16T11:43:40","guid":{"rendered":"https:\/?post_type=product&#038;p=14393"},"modified":"2023-04-06T12:31:27","modified_gmt":"2023-04-06T11:31:27","slug":"offre-groupee-clarte-mentale-et-sante-intestinale","status":"publish","type":"product","link":"https:\/\/jeaken.com\/fr\/produit\/offre-groupee-clarte-mentale-et-sante-intestinale\/","title":{"rendered":"Ensemble clart\u00e9 mentale et sant\u00e9 intestinale"},"content":{"rendered":"<h2>Ensemble clart\u00e9 mentale et sant\u00e9 intestinale<\/h2>\n<p><span data-sheets-value=\"{\"1\":2,\"2\":\"The Mental Clarity &amp; Focus and Digestive Health Bundle is a powerful combination of three key products designed to optimize your overall wellness. This bundle includes Super Mind Nootropics, a potent supplement that contains a blend of natural ingredients that support cognitive function and mental clarity. Lion's Mane Mushroom Capsules are also included in this bundle, providing a natural way to support brain function and enhance focus. Finally, 6 Strains Probiotics with Prebiotics Capsules offer a natural way to support healthy digestion and promote overall wellness. With this bundle, you'll have everything you need to take your mental clarity and digestive health to the next level.\"}\" data-sheets-userformat=\"{\"2\":897,\"3\":{\"1\":0},\"10\":0,\"11\":4,\"12\":0}\">L&#8217;ensemble clart\u00e9 mentale et sant\u00e9 digestive\/intestinale est une combinaison puissante de trois produits cl\u00e9s con\u00e7us pour optimiser votre bien-\u00eatre g\u00e9n\u00e9ral. Cette offre comprend Super Mind Nootropics, un suppl\u00e9ment puissant qui contient un m\u00e9lange d&#8217;ingr\u00e9dients naturels qui soutiennent les fonctions cognitives et la clart\u00e9 mentale. Les g\u00e9lules de champignon Lion&#8217;s Mane sont \u00e9galement incluses dans cette offre, fournissant un moyen naturel de soutenir les fonctions c\u00e9r\u00e9brales et d&#8217;am\u00e9liorer la concentration. Enfin, les g\u00e9lules de 6 Strains Probiotics with Prebiotics offrent un moyen naturel de favoriser une digestion saine et de promouvoir le bien-\u00eatre g\u00e9n\u00e9ral. Avec cette offre group\u00e9e, vous aurez tout ce dont vous avez besoin pour am\u00e9liorer votre clart\u00e9 mentale et votre sant\u00e9 digestive.<\/span><\/p>\n<p>&nbsp;<\/p>\n<h4 class=\"product_title entry-title elementor-heading-title elementor-size-default\"><strong>Super Mind Nootropics &#8211; 60 capsules v\u00e9g\u00e9taliennes<\/strong><\/h4>\n<ul class=\"a-unordered-list a-vertical a-spacing-none\">\n<li class=\"a-spacing-small\"><span class=\"a-list-item a-size-base\">RENFORCER LA MEMOIRE, LA CONCENTRATION ET LA PERFORMANCE &#8211; Contrairement \u00e0 de nombreux compl\u00e9ments alimentaires pour le cerveau, les g\u00e9lules JeaKen nootropics brain boost sont fabriqu\u00e9es \u00e0 partir d&#8217;ingr\u00e9dients naturels tels que la Rhodiola Rosea, qui aident \u00e0 augmenter la concentration et la perplexit\u00e9, \u00e0 renforcer l&#8217;\u00e9nergie mentale et \u00e0 am\u00e9liorer la m\u00e9moire.  <\/span><\/li>\n<li class=\"a-spacing-small\"><span class=\"a-list-item a-size-base\">R\u00c9DUIT LA FATIGUE, AM\u00c9LIORE LA FOCUS &#8211; Le guarana, une plante originaire d&#8217;Amazonie, contient naturellement de la caf\u00e9ine, qui s&#8217;est r\u00e9v\u00e9l\u00e9e tr\u00e8s efficace pour r\u00e9duire la fatigue et am\u00e9liorer la concentration mentale. L&#8217;association de la caf\u00e9ine et de la th\u00e9anine s&#8217;av\u00e8re tr\u00e8s efficace pour am\u00e9liorer les performances cognitives.  <\/span><\/li>\n<li class=\"a-spacing-small\"><span class=\"a-list-item a-size-base\">SEULS LES MEILLEURS INGR\u00c9DIENTS &#8211; Notre compl\u00e9ment alimentaire pour la m\u00e9moire est compos\u00e9 de vitamines, de min\u00e9raux et d&#8217;extraits de plantes enti\u00e8rement naturels, sans additifs nocifs ; sans OGM, sans hormones et sans gluten.  <\/span><\/li>\n<li class=\"a-spacing-small\"><span class=\"a-list-item a-size-base\">SOUTENU PAR LA SCIENCE &#8211; Un soin particulier a \u00e9t\u00e9 apport\u00e9 \u00e0 la combinaison de la juste quantit\u00e9 de chaque ingr\u00e9dient dans une formule avanc\u00e9e con\u00e7ue pour aider \u00e0 soutenir l&#8217;oxyg\u00e8ne et la circulation dans les cellules c\u00e9r\u00e9brales, et les neurones con\u00e7us pour soutenir la m\u00e9moire, la concentration et la clart\u00e9.<\/span><\/li>\n<\/ul>\n<h4 class=\"product_title entry-title elementor-heading-title elementor-size-default\"><strong>Lion&#8217;s Mane Mushroom Capsules &#8211; Suppl\u00e9ment nootropique pour l&#8217;am\u00e9lioration des fonctions cognitives et du syst\u00e8me immunitaire. 5000mg<\/strong><\/h4>\n<p>&nbsp;<\/p>\n<p><strong><span class=\"a-list-item a-size-base\">SOUTIENT LA FONCTION COGNITIVE  <\/span><\/strong><\/p>\n<p><span class=\"a-list-item a-size-base\">Le crin de lion est un stimulant c\u00e9r\u00e9bral reconnu, ce qui en fait un compl\u00e9ment populaire pour les personnes qui travaillent ou \u00e9tudient. En plus de stimuler votre m\u00e9moire, nos g\u00e9lules peuvent aider \u00e0 dissiper le brouillard mental et \u00e0 soutenir le syst\u00e8me c\u00e9r\u00e9bral et nerveux.<\/span><\/p>\n<p><strong><br \/>\nFAVORISE LA SANT\u00c9 DES ARTICULATIONS<\/strong><\/p>\n<p>Nos g\u00e9lules \u00e9prouv\u00e9es sont efficaces pour soutenir la sant\u00e9 des articulations ainsi que pour renforcer le syst\u00e8me immunitaire.<\/p>\n<p>&nbsp;<\/p>\n<p><strong>AM\u00c9LIORE LA SANT\u00c9 RESPIRATOIRE<\/strong><\/p>\n<p>L&#8217;extrait de reishi est connu pour son action sur les affections respiratoires chroniques.<\/p>\n<p>&nbsp;<\/p>\n<p><strong>R\u00c9GULE LES HORMONES<\/strong><\/p>\n<p>Nos capsules sont tr\u00e8s efficaces pour aider \u00e0 r\u00e9guler les hormones. L&#8217;\u00e9quilibre hormonal est la cl\u00e9 de la r\u00e9gulation de la fonction sensuelle, de la r\u00e9gulation de l&#8217;humeur et de bien d&#8217;autres choses encore.<\/p>\n<p>&nbsp;<\/p>\n<p><strong>EXTRAIT DE CHAMPIGNON 10:1<\/strong><\/p>\n<p>Les champignons ont une paroi cellulaire r\u00e9sistante compos\u00e9e de chitine que l&#8217;homme a du mal \u00e0 dig\u00e9rer. Cette paroi cellulaire limite notre acc\u00e8s aux importants compos\u00e9s m\u00e9dicinaux qui conf\u00e8rent aux champignons leurs merveilleux bienfaits.<\/p>\n<p>&nbsp;<\/p>\n<p><strong>REMPLISSAGES SANS GRAIN<\/strong><\/p>\n<p>De nombreux produits \u00e0 base de champignons m\u00e9dicinaux ne contiennent pas r\u00e9ellement de champignons. Ils sont fabriqu\u00e9s \u00e0 partir du syst\u00e8me racinaire du champignon, appel\u00e9 myc\u00e9lium, et ce myc\u00e9lium est cultiv\u00e9 sur des c\u00e9r\u00e9ales telles que le riz, l&#8217;avoine et le sorgho.<\/p>\n<p>&nbsp;<\/p>\n<p><strong>SOUTIENT LA FONCTION COGNITIVE  <\/strong><\/p>\n<p>Le crin de lion est un stimulant cognitif \u00e9prouv\u00e9 qui est efficace pour \u00e9liminer le brouillard mental et fournir un soutien au syst\u00e8me c\u00e9r\u00e9bral et nerveux.<\/p>\n<p>&nbsp;<\/p>\n<p><strong>STIMULE LE SYST\u00c8ME IMMUNITAIRE  <\/strong><\/p>\n<p>Le champignon crini\u00e8re de lion am\u00e9liorerait la fonction immunitaire et favoriserait la croissance de bonnes bact\u00e9ries dans l&#8217;intestin.<\/p>\n<p>&nbsp;<\/p>\n<p><strong>AIDE \u00c0 \u00c9QUILIBRER NATURELLEMENT L&#8217;HUMEUR  <\/strong><\/p>\n<p>La recherche indique que le champignon Lion&#8217;s Mane peut aider \u00e0 promouvoir une humeur calme et d\u00e9tendue. Il poss\u00e8de \u00e9galement des propri\u00e9t\u00e9s r\u00e9g\u00e9n\u00e9ratrices des nerfs qui peuvent contribuer \u00e0 une bonne sant\u00e9 cardiaque.<\/p>\n<h4 class=\"product_title entry-title elementor-heading-title elementor-size-default\"><strong>6 Souches Probiotiques Avec Pr\u00e9biotiques &#8211; (90 Capsules)<\/strong><\/h4>\n<p>&nbsp;<\/p>\n<p><strong>SOULAGEMENT DU BALLONNEMENT  <\/strong><\/p>\n<p>Nos g\u00e9lules sont issues de la famille des probiotiques Lactobacillus, qui sont les probiotiques les plus efficaces pour aider \u00e0 maintenir un syst\u00e8me digestif sain.<span class=\"a-list-item a-size-base\">  Nos souches bact\u00e9riennes soigneusement s\u00e9lectionn\u00e9es sont parmi les plus connues pour aider \u00e0 soulager les sensations de ballonnement et de pl\u00e9nitude.  <\/span><\/p>\n<p><span class=\"a-list-item a-size-base\"><strong>6 SOUCHES ACTIVES DE 10 MILLIARDS DE CFU PAR PORTION<\/strong> <\/span><\/p>\n<p><span class=\"a-list-item a-size-base\">Nos probiotiques complexes offrent 6 souches les plus efficaces : lactobacillus acidophillus, lactobacillus rhamnosus, lactobacillus gasseri, bifidobacterium lactis, bifidobacterium bifidus et saccharomyces boullardii.<\/span><\/p>\n<p><strong>SURVIT GR\u00c2CE \u00c0 L&#8217;ACIDIT\u00c9 DE L&#8217;ESTOMAC <\/strong><\/p>\n<p>Le Saccharomyces boulardii est un probiotique <span class=\"a-list-item a-size-base\">bien \u00e9tudi\u00e9,<\/span> de renomm\u00e9e internationale, dont il est prouv\u00e9 qu&#8217;il survit \u00e0 l&#8217;acidit\u00e9 de l&#8217;estomac pour atteindre l&#8217;intestin vivant.<\/p>\n<p><b>DE MULTIPLES AVANTAGES POUR LA SANT\u00c9<\/b><\/p>\n<p>Notre formule innovante est enrichie en inuline, une fibre pr\u00e9biotique qui pr\u00e9sente de puissants avantages pour la sant\u00e9, notamment une am\u00e9lioration de l&#8217;immunit\u00e9, une augmentation des taux de cholest\u00e9rol et un meilleur m\u00e9tabolisme.<span class=\"a-list-item\"><br \/>\n  <span class=\"a-size-base\">egularit\u00e9, une meilleure n<\/span><br \/>\n<\/span><span class=\"a-list-item\"><br \/>\n  <span class=\"a-size-base\">utriments, perte de poids, am\u00e9lioration de la sant\u00e9 des voies urinaires, am\u00e9lioration du taux de cholest\u00e9rol et am\u00e9lioration du m\u00e9tabolisme.<\/span><br \/>\n<\/span><\/p>\n<p><strong>FABRIQU\u00c9S \u00c0 PARTIR D&#8217;INGR\u00c9DIENTS NATURELS<\/strong><\/p>\n<p>Nos capsules v\u00e9g\u00e9taliennes sont 100 % pures et naturelles et contiennent des ingr\u00e9dients sans OGM.<\/p>\n","protected":false},"excerpt":{"rendered":"<p>L&#8217;offre group\u00e9e Clart\u00e9 mentale et sant\u00e9 intestinale permet d&#8217;am\u00e9liorer efficacement la clart\u00e9 mentale et la sant\u00e9 digestive. L&#8217;offre comprend Super Mind Nootropics, Lion&#8217;s Mane Mushroom Capsules, et 6 Strains Probiotics with Prebiotics Capsules pour am\u00e9liorer les fonctions cognitives, la concentration et la digestion pour un bien-\u00eatre global.<\/p>\n","protected":false},"featured_media":16292,"template":"","meta":{"site-sidebar-layout":"default","site-content-layout":"default","ast-site-content-layout":"default","site-content-style":"default","site-sidebar-style":"default","ast-global-header-display":"","ast-banner-title-visibility":"","ast-main-header-display":"","ast-hfb-above-header-display":"","ast-hfb-below-header-display":"","ast-hfb-mobile-header-display":"","site-post-title":"","ast-breadcrumbs-content":"","ast-featured-img":"","footer-sml-layout":"","theme-transparent-header-meta":"default","adv-header-id-meta":"","stick-header-meta":"default","header-above-stick-meta":"","header-main-stick-meta":"","header-below-stick-meta":"","astra-migrate-meta-layouts":"default","ast-page-background-enabled":"default","ast-page-background-meta":{"desktop":{"background-color":"","background-image":"","background-repeat":"repeat","background-position":"center center","background-size":"auto","background-attachment":"scroll","background-type":"","background-media":"","overlay-type":"","overlay-color":"","overlay-opacity":"","overlay-gradient":""},"tablet":{"background-color":"","background-image":"","background-repeat":"repeat","background-position":"center center","background-size":"auto","background-attachment":"scroll","background-type":"","background-media":"","overlay-type":"","overlay-color":"","overlay-opacity":"","overlay-gradient":""},"mobile":{"background-color":"","background-image":"","background-repeat":"repeat","background-position":"center center","background-size":"auto","background-attachment":"scroll","background-type":"","background-media":"","overlay-type":"","overlay-color":"","overlay-opacity":"","overlay-gradient":""}},"ast-content-background-meta":{"desktop":{"background-color":"var(--ast-global-color-5)","background-image":"","background-repeat":"repeat","background-position":"center center","background-size":"auto","background-attachment":"scroll","background-type":"","background-media":"","overlay-type":"","overlay-color":"","overlay-opacity":"","overlay-gradient":""},"tablet":{"background-color":"var(--ast-global-color-5)","background-image":"","background-repeat":"repeat","background-position":"center center","background-size":"auto","background-attachment":"scroll","background-type":"","background-media":"","overlay-type":"","overlay-color":"","overlay-opacity":"","overlay-gradient":""},"mobile":{"background-color":"var(--ast-global-color-5)","background-image":"","background-repeat":"repeat","background-position":"center center","background-size":"auto","background-attachment":"scroll","background-type":"","background-media":"","overlay-type":"","overlay-color":"","overlay-opacity":"","overlay-gradient":""}}},"product_cat":[516,698,643,644],"product_tag":[1669],"class_list":{"0":"post-14393","1":"product","2":"type-product","3":"status-publish","4":"has-post-thumbnail","6":"product_cat-humeur-et-bien-etre","7":"product_cat-nutrition-fr","8":"product_cat-stimulants-pour-le-cerveau","9":"product_cat-supplements-alimentaires","10":"product_tag-sante-intestinale","11":"has-subscription-plans","12":"desktop-align-left","13":"tablet-align-left","14":"mobile-align-left","16":"first","17":"instock","18":"taxable","19":"shipping-taxable","20":"purchasable","21":"product-type-simple"},"yoast_head":"<!-- This site is optimized with the Yoast SEO plugin v22.7 - https:\/\/yoast.com\/wordpress\/plugins\/seo\/ -->\n<title>Ensemble clart\u00e9 mentale et sant\u00e9 intestinale - JeaKen<\/title>\n<meta name=\"robots\" content=\"index, follow, max-snippet:-1, max-image-preview:large, max-video-preview:-1\" \/>\n<link rel=\"canonical\" href=\"https:\/\/jeaken.com\/fr\/produit\/offre-groupee-clarte-mentale-et-sante-intestinale\/\" \/>\n<meta property=\"og:locale\" content=\"fr_FR\" \/>\n<meta property=\"og:type\" content=\"article\" \/>\n<meta property=\"og:title\" content=\"Ensemble clart\u00e9 mentale et sant\u00e9 intestinale - JeaKen\" \/>\n<meta property=\"og:description\" content=\"L&#039;offre group\u00e9e Clart\u00e9 mentale et sant\u00e9 intestinale permet d&#039;am\u00e9liorer efficacement la clart\u00e9 mentale et la sant\u00e9 digestive. L&#039;offre comprend Super Mind Nootropics, Lion&#039;s Mane Mushroom Capsules, et 6 Strains Probiotics with Prebiotics Capsules pour am\u00e9liorer les fonctions cognitives, la concentration et la digestion pour un bien-\u00eatre global.\" \/>\n<meta property=\"og:url\" content=\"https:\/\/jeaken.com\/fr\/produit\/offre-groupee-clarte-mentale-et-sante-intestinale\/\" \/>\n<meta property=\"og:site_name\" content=\"JeaKen\" \/>\n<meta property=\"article:modified_time\" content=\"2023-04-06T11:31:27+00:00\" \/>\n<meta property=\"og:image\" content=\"https:\/\/jeaken.com\/wp-content\/uploads\/2023\/03\/Combine6.jpg\" \/>\n\t<meta property=\"og:image:width\" content=\"972\" \/>\n\t<meta property=\"og:image:height\" content=\"972\" \/>\n\t<meta property=\"og:image:type\" content=\"image\/jpeg\" \/>\n<meta name=\"twitter:card\" content=\"summary_large_image\" \/>\n<meta name=\"twitter:label1\" content=\"Est. reading time\" \/>\n\t<meta name=\"twitter:data1\" content=\"5 minutes\" \/>\n<script type=\"application\/ld+json\" class=\"yoast-schema-graph\">{\"@context\":\"https:\/\/schema.org\",\"@graph\":[{\"@type\":\"WebPage\",\"@id\":\"https:\/\/jeaken.com\/fr\/produit\/offre-groupee-clarte-mentale-et-sante-intestinale\/\",\"url\":\"https:\/\/jeaken.com\/fr\/produit\/offre-groupee-clarte-mentale-et-sante-intestinale\/\",\"name\":\"Ensemble clart\u00e9 mentale et sant\u00e9 intestinale - JeaKen\",\"isPartOf\":{\"@id\":\"https:\/\/jeaken.com\/fr\/#website\"},\"primaryImageOfPage\":{\"@id\":\"https:\/\/jeaken.com\/fr\/produit\/offre-groupee-clarte-mentale-et-sante-intestinale\/#primaryimage\"},\"image\":{\"@id\":\"https:\/\/jeaken.com\/fr\/produit\/offre-groupee-clarte-mentale-et-sante-intestinale\/#primaryimage\"},\"thumbnailUrl\":\"https:\/\/jeaken.com\/wp-content\/uploads\/2023\/03\/Combine6.jpg\",\"datePublished\":\"2023-03-16T11:43:40+00:00\",\"dateModified\":\"2023-04-06T11:31:27+00:00\",\"breadcrumb\":{\"@id\":\"https:\/\/jeaken.com\/fr\/produit\/offre-groupee-clarte-mentale-et-sante-intestinale\/#breadcrumb\"},\"inLanguage\":\"fr-FR\",\"potentialAction\":[{\"@type\":\"ReadAction\",\"target\":[\"https:\/\/jeaken.com\/fr\/produit\/offre-groupee-clarte-mentale-et-sante-intestinale\/\"]}]},{\"@type\":\"ImageObject\",\"inLanguage\":\"fr-FR\",\"@id\":\"https:\/\/jeaken.com\/fr\/produit\/offre-groupee-clarte-mentale-et-sante-intestinale\/#primaryimage\",\"url\":\"https:\/\/jeaken.com\/wp-content\/uploads\/2023\/03\/Combine6.jpg\",\"contentUrl\":\"https:\/\/jeaken.com\/wp-content\/uploads\/2023\/03\/Combine6.jpg\",\"width\":972,\"height\":972,\"caption\":\"Mental Clarity and Gut Health Bundle\"},{\"@type\":\"BreadcrumbList\",\"@id\":\"https:\/\/jeaken.com\/fr\/produit\/offre-groupee-clarte-mentale-et-sante-intestinale\/#breadcrumb\",\"itemListElement\":[{\"@type\":\"ListItem\",\"position\":1,\"name\":\"Home\",\"item\":\"https:\/\/jeaken.com\/fr\/\"},{\"@type\":\"ListItem\",\"position\":2,\"name\":\"Private: Shop\",\"item\":\"https:\/\/jeaken.com\/shop\/\"},{\"@type\":\"ListItem\",\"position\":3,\"name\":\"Ensemble clart\u00e9 mentale et sant\u00e9 intestinale\"}]},{\"@type\":\"WebSite\",\"@id\":\"https:\/\/jeaken.com\/fr\/#website\",\"url\":\"https:\/\/jeaken.com\/fr\/\",\"name\":\"JeaKen\",\"description\":\"Organic Supplements for Health, Fitness and Nutrition\",\"publisher\":{\"@id\":\"https:\/\/jeaken.com\/fr\/#organization\"},\"potentialAction\":[{\"@type\":\"SearchAction\",\"target\":{\"@type\":\"EntryPoint\",\"urlTemplate\":\"https:\/\/jeaken.com\/fr\/?s={search_term_string}\"},\"query-input\":\"required name=search_term_string\"}],\"inLanguage\":\"fr-FR\"},{\"@type\":\"Organization\",\"@id\":\"https:\/\/jeaken.com\/fr\/#organization\",\"name\":\"JeaKen\",\"url\":\"https:\/\/jeaken.com\/fr\/\",\"logo\":{\"@type\":\"ImageObject\",\"inLanguage\":\"fr-FR\",\"@id\":\"https:\/\/jeaken.com\/fr\/#\/schema\/logo\/image\/\",\"url\":\"https:\/\/jeaken.com\/wp-content\/uploads\/2022\/06\/jeaken-logo-23.png\",\"contentUrl\":\"https:\/\/jeaken.com\/wp-content\/uploads\/2022\/06\/jeaken-logo-23.png\",\"width\":2486,\"height\":736,\"caption\":\"JeaKen\"},\"image\":{\"@id\":\"https:\/\/jeaken.com\/fr\/#\/schema\/logo\/image\/\"}}]}<\/script>\n<!-- \/ Yoast SEO plugin. -->","yoast_head_json":{"title":"Ensemble clart\u00e9 mentale et sant\u00e9 intestinale - JeaKen","robots":{"index":"index","follow":"follow","max-snippet":"max-snippet:-1","max-image-preview":"max-image-preview:large","max-video-preview":"max-video-preview:-1"},"canonical":"https:\/\/jeaken.com\/fr\/produit\/offre-groupee-clarte-mentale-et-sante-intestinale\/","og_locale":"fr_FR","og_type":"article","og_title":"Ensemble clart\u00e9 mentale et sant\u00e9 intestinale - JeaKen","og_description":"L'offre group\u00e9e Clart\u00e9 mentale et sant\u00e9 intestinale permet d'am\u00e9liorer efficacement la clart\u00e9 mentale et la sant\u00e9 digestive. L'offre comprend Super Mind Nootropics, Lion's Mane Mushroom Capsules, et 6 Strains Probiotics with Prebiotics Capsules pour am\u00e9liorer les fonctions cognitives, la concentration et la digestion pour un bien-\u00eatre global.","og_url":"https:\/\/jeaken.com\/fr\/produit\/offre-groupee-clarte-mentale-et-sante-intestinale\/","og_site_name":"JeaKen","article_modified_time":"2023-04-06T11:31:27+00:00","og_image":[{"width":972,"height":972,"url":"https:\/\/jeaken.com\/wp-content\/uploads\/2023\/03\/Combine6.jpg","type":"image\/jpeg"}],"twitter_card":"summary_large_image","twitter_misc":{"Est. reading time":"5 minutes"},"schema":{"@context":"https:\/\/schema.org","@graph":[{"@type":"WebPage","@id":"https:\/\/jeaken.com\/fr\/produit\/offre-groupee-clarte-mentale-et-sante-intestinale\/","url":"https:\/\/jeaken.com\/fr\/produit\/offre-groupee-clarte-mentale-et-sante-intestinale\/","name":"Ensemble clart\u00e9 mentale et sant\u00e9 intestinale - JeaKen","isPartOf":{"@id":"https:\/\/jeaken.com\/fr\/#website"},"primaryImageOfPage":{"@id":"https:\/\/jeaken.com\/fr\/produit\/offre-groupee-clarte-mentale-et-sante-intestinale\/#primaryimage"},"image":{"@id":"https:\/\/jeaken.com\/fr\/produit\/offre-groupee-clarte-mentale-et-sante-intestinale\/#primaryimage"},"thumbnailUrl":"https:\/\/jeaken.com\/wp-content\/uploads\/2023\/03\/Combine6.jpg","datePublished":"2023-03-16T11:43:40+00:00","dateModified":"2023-04-06T11:31:27+00:00","breadcrumb":{"@id":"https:\/\/jeaken.com\/fr\/produit\/offre-groupee-clarte-mentale-et-sante-intestinale\/#breadcrumb"},"inLanguage":"fr-FR","potentialAction":[{"@type":"ReadAction","target":["https:\/\/jeaken.com\/fr\/produit\/offre-groupee-clarte-mentale-et-sante-intestinale\/"]}]},{"@type":"ImageObject","inLanguage":"fr-FR","@id":"https:\/\/jeaken.com\/fr\/produit\/offre-groupee-clarte-mentale-et-sante-intestinale\/#primaryimage","url":"https:\/\/jeaken.com\/wp-content\/uploads\/2023\/03\/Combine6.jpg","contentUrl":"https:\/\/jeaken.com\/wp-content\/uploads\/2023\/03\/Combine6.jpg","width":972,"height":972,"caption":"Mental Clarity and Gut Health Bundle"},{"@type":"BreadcrumbList","@id":"https:\/\/jeaken.com\/fr\/produit\/offre-groupee-clarte-mentale-et-sante-intestinale\/#breadcrumb","itemListElement":[{"@type":"ListItem","position":1,"name":"Home","item":"https:\/\/jeaken.com\/fr\/"},{"@type":"ListItem","position":2,"name":"Private: Shop","item":"https:\/\/jeaken.com\/shop\/"},{"@type":"ListItem","position":3,"name":"Ensemble clart\u00e9 mentale et sant\u00e9 intestinale"}]},{"@type":"WebSite","@id":"https:\/\/jeaken.com\/fr\/#website","url":"https:\/\/jeaken.com\/fr\/","name":"JeaKen","description":"Organic Supplements for Health, Fitness and Nutrition","publisher":{"@id":"https:\/\/jeaken.com\/fr\/#organization"},"potentialAction":[{"@type":"SearchAction","target":{"@type":"EntryPoint","urlTemplate":"https:\/\/jeaken.com\/fr\/?s={search_term_string}"},"query-input":"required name=search_term_string"}],"inLanguage":"fr-FR"},{"@type":"Organization","@id":"https:\/\/jeaken.com\/fr\/#organization","name":"JeaKen","url":"https:\/\/jeaken.com\/fr\/","logo":{"@type":"ImageObject","inLanguage":"fr-FR","@id":"https:\/\/jeaken.com\/fr\/#\/schema\/logo\/image\/","url":"https:\/\/jeaken.com\/wp-content\/uploads\/2022\/06\/jeaken-logo-23.png","contentUrl":"https:\/\/jeaken.com\/wp-content\/uploads\/2022\/06\/jeaken-logo-23.png","width":2486,"height":736,"caption":"JeaKen"},"image":{"@id":"https:\/\/jeaken.com\/fr\/#\/schema\/logo\/image\/"}}]}},"jetpack_sharing_enabled":true,"_links":{"self":[{"href":"https:\/\/jeaken.com\/fr\/wp-json\/wp\/v2\/product\/14393","targetHints":{"allow":["GET"]}}],"collection":[{"href":"https:\/\/jeaken.com\/fr\/wp-json\/wp\/v2\/product"}],"about":[{"href":"https:\/\/jeaken.com\/fr\/wp-json\/wp\/v2\/types\/product"}],"wp:featuredmedia":[{"embeddable":true,"href":"https:\/\/jeaken.com\/fr\/wp-json\/wp\/v2\/media\/16292"}],"wp:attachment":[{"href":"https:\/\/jeaken.com\/fr\/wp-json\/wp\/v2\/media?parent=14393"}],"wp:term":[{"taxonomy":"product_cat","embeddable":true,"href":"https:\/\/jeaken.com\/fr\/wp-json\/wp\/v2\/product_cat?post=14393"},{"taxonomy":"product_tag","embeddable":true,"href":"https:\/\/jeaken.com\/fr\/wp-json\/wp\/v2\/product_tag?post=14393"}],"curies":[{"name":"wp","href":"https:\/\/api.w.org\/{rel}","templated":true}]}}