{"id":14369,"date":"2023-03-16T11:24:54","date_gmt":"2023-03-16T11:24:54","guid":{"rendered":"https:\/?post_type=product&#038;p=14369"},"modified":"2023-04-06T12:31:30","modified_gmt":"2023-04-06T11:31:30","slug":"offre-groupee-clarte-mentale-et-perte-de-poids","status":"publish","type":"product","link":"https:\/\/jeaken.com\/fr\/produit\/offre-groupee-clarte-mentale-et-perte-de-poids\/","title":{"rendered":"Offre group\u00e9e clart\u00e9 mentale et perte de poids"},"content":{"rendered":"<h2>Offre group\u00e9e clart\u00e9 mentale et perte de poids<\/h2>\n<p>L&#8217;offre group\u00e9e Clart\u00e9 mentale et perte de poids est une combinaison puissante de trois produits cl\u00e9s con\u00e7us pour vous aider \u00e0 atteindre vos objectifs de bien-\u00eatre. Cette offre comprend Super Mind Nootropics, un suppl\u00e9ment puissant qui favorise la clart\u00e9 mentale et la concentration, ce qui vous permet de rester sur la bonne voie dans votre programme de perte de poids. L&#8217;offre comprend \u00e9galement des g\u00e9lules de champignon \u00e0 crini\u00e8re de lion, qui contiennent des compos\u00e9s susceptibles de contribuer \u00e0 la perte de poids en r\u00e9gulant la glyc\u00e9mie et en r\u00e9duisant l&#8217;inflammation. En outre, l&#8217;offre comprend des g\u00e9lules de vinaigre de cidre de pomme, qui peuvent contribuer \u00e0 une digestion et un m\u00e9tabolisme sains. Avec cette offre group\u00e9e, vous aurez tout ce dont vous avez besoin pour soutenir \u00e0 la fois votre clart\u00e9 mentale et votre d\u00e9marche de perte de poids.<\/p>\n<h4 class=\"product_title entry-title elementor-heading-title elementor-size-default\"><strong>Super Mind Nootropics &#8211; 60 capsules v\u00e9g\u00e9taliennes<\/strong><\/h4>\n<ul class=\"a-unordered-list a-vertical a-spacing-none\">\n<li class=\"a-spacing-small\"><span class=\"a-list-item a-size-base\">RENFORCER LA MEMOIRE, LA CONCENTRATION ET LA PERFORMANCE &#8211; Contrairement \u00e0 de nombreux compl\u00e9ments alimentaires pour le cerveau, les g\u00e9lules JeaKen nootropics brain boost sont fabriqu\u00e9es \u00e0 partir d&#8217;ingr\u00e9dients naturels tels que la Rhodiola Rosea, qui aident \u00e0 augmenter la concentration et la perplexit\u00e9, \u00e0 renforcer l&#8217;\u00e9nergie mentale et \u00e0 am\u00e9liorer la m\u00e9moire.  <\/span><\/li>\n<li class=\"a-spacing-small\"><span class=\"a-list-item a-size-base\">R\u00c9DUIT LA FATIGUE, AM\u00c9LIORE LA FOCUS &#8211; Le guarana, une plante originaire d&#8217;Amazonie, contient naturellement de la caf\u00e9ine, qui s&#8217;est r\u00e9v\u00e9l\u00e9e tr\u00e8s efficace pour r\u00e9duire la fatigue et am\u00e9liorer la concentration mentale. L&#8217;association de la caf\u00e9ine et de la th\u00e9anine s&#8217;av\u00e8re tr\u00e8s efficace pour am\u00e9liorer les performances cognitives.  <\/span><\/li>\n<li class=\"a-spacing-small\"><span class=\"a-list-item a-size-base\">SEULS LES MEILLEURS INGR\u00c9DIENTS &#8211; Notre compl\u00e9ment alimentaire pour la m\u00e9moire est compos\u00e9 de vitamines, de min\u00e9raux et d&#8217;extraits de plantes enti\u00e8rement naturels, sans additifs nocifs ; sans OGM, sans hormones et sans gluten.  <\/span><\/li>\n<li class=\"a-spacing-small\"><span class=\"a-list-item a-size-base\">SOUTENU PAR LA SCIENCE &#8211; Un soin particulier a \u00e9t\u00e9 apport\u00e9 \u00e0 la combinaison de la juste quantit\u00e9 de chaque ingr\u00e9dient dans une formule avanc\u00e9e con\u00e7ue pour aider \u00e0 soutenir l&#8217;oxyg\u00e8ne et la circulation dans les cellules c\u00e9r\u00e9brales, et les neurones con\u00e7us pour soutenir la m\u00e9moire, la concentration et la clart\u00e9.<\/span><\/li>\n<\/ul>\n<h4 class=\"product_title entry-title elementor-heading-title elementor-size-default\"><strong>Lion&#8217;s Mane Mushroom Capsules &#8211; Suppl\u00e9ment nootropique pour l&#8217;am\u00e9lioration des fonctions cognitives et du syst\u00e8me immunitaire. 5000mg<\/strong><\/h4>\n<p>&nbsp;<\/p>\n<p><strong><span class=\"a-list-item a-size-base\">SOUTIENT LA FONCTION COGNITIVE  <\/span><\/strong><\/p>\n<p><span class=\"a-list-item a-size-base\">Le crin de lion est un stimulant c\u00e9r\u00e9bral reconnu, ce qui en fait un compl\u00e9ment populaire pour les personnes qui travaillent ou \u00e9tudient. En plus de stimuler votre m\u00e9moire, nos g\u00e9lules peuvent aider \u00e0 dissiper le brouillard mental et \u00e0 soutenir le syst\u00e8me c\u00e9r\u00e9bral et nerveux.<\/span><\/p>\n<p><strong><br \/>\nFAVORISE LA SANT\u00c9 DES ARTICULATIONS<\/strong><\/p>\n<p>Nos g\u00e9lules \u00e9prouv\u00e9es sont efficaces pour soutenir la sant\u00e9 des articulations ainsi que pour renforcer le syst\u00e8me immunitaire.<\/p>\n<p>&nbsp;<\/p>\n<p><strong>AM\u00c9LIORE LA SANT\u00c9 RESPIRATOIRE<\/strong><\/p>\n<p>L&#8217;extrait de reishi est connu pour son action sur les affections respiratoires chroniques.<\/p>\n<p>&nbsp;<\/p>\n<p><strong>R\u00c9GULE LES HORMONES<\/strong><\/p>\n<p>Nos capsules sont tr\u00e8s efficaces pour aider \u00e0 r\u00e9guler les hormones. L&#8217;\u00e9quilibre hormonal est la cl\u00e9 de la r\u00e9gulation de la fonction sensuelle, de la r\u00e9gulation de l&#8217;humeur et de bien d&#8217;autres choses encore.<\/p>\n<p>&nbsp;<\/p>\n<p><strong>EXTRAIT DE CHAMPIGNON 10:1<\/strong><\/p>\n<p>Les champignons ont une paroi cellulaire r\u00e9sistante compos\u00e9e de chitine que l&#8217;homme a du mal \u00e0 dig\u00e9rer. Cette paroi cellulaire limite notre acc\u00e8s aux importants compos\u00e9s m\u00e9dicinaux qui conf\u00e8rent aux champignons leurs merveilleux bienfaits.<\/p>\n<p>&nbsp;<\/p>\n<p><strong>REMPLISSAGES SANS GRAIN<\/strong><\/p>\n<p>De nombreux produits \u00e0 base de champignons m\u00e9dicinaux ne contiennent pas r\u00e9ellement de champignons. Ils sont fabriqu\u00e9s \u00e0 partir du syst\u00e8me racinaire du champignon, appel\u00e9 myc\u00e9lium, et ce myc\u00e9lium est cultiv\u00e9 sur des c\u00e9r\u00e9ales telles que le riz, l&#8217;avoine et le sorgho.<\/p>\n<p>&nbsp;<\/p>\n<p><strong>SOUTIENT LA FONCTION COGNITIVE  <\/strong><\/p>\n<p>Le crin de lion est un stimulant cognitif \u00e9prouv\u00e9 qui est efficace pour \u00e9liminer le brouillard mental et fournir un soutien au syst\u00e8me c\u00e9r\u00e9bral et nerveux.<\/p>\n<p>&nbsp;<\/p>\n<p><strong>STIMULE LE SYST\u00c8ME IMMUNITAIRE  <\/strong><\/p>\n<p>Le champignon crini\u00e8re de lion am\u00e9liorerait la fonction immunitaire et favoriserait la croissance de bonnes bact\u00e9ries dans l&#8217;intestin.<\/p>\n<p>&nbsp;<\/p>\n<p><strong>AIDE \u00c0 \u00c9QUILIBRER NATURELLEMENT L&#8217;HUMEUR  <\/strong><\/p>\n<p>La recherche indique que le champignon Lion&#8217;s Mane peut aider \u00e0 promouvoir une humeur calme et d\u00e9tendue. Il poss\u00e8de \u00e9galement des propri\u00e9t\u00e9s r\u00e9g\u00e9n\u00e9ratrices des nerfs qui peuvent contribuer \u00e0 une bonne sant\u00e9 cardiaque.<\/p>\n<p>&nbsp;<\/p>\n<h4 class=\"product_title entry-title elementor-heading-title elementor-size-default\"><strong>Vinaigre de Cidre de Pommes &#8211; Booster du M\u00e9tabolisme et D\u00e9tox &#8211; Am\u00e9lior\u00e9 avec Seagreens, Th\u00e9 Vert et Chrome (120 Capsules)<\/strong><\/h4>\n<p>&nbsp;<\/p>\n<p><strong>DE MULTIPLES AVANTAGES POUR LA SANT\u00c9  <\/strong><\/p>\n<p>Utilis\u00e9 par Hippocrate (le &#8220;p\u00e8re de la m\u00e9decine moderne&#8221;) il y a plus de 2000 ans, le vinaigre de cidre de pomme contribuerait \u00e0 une vari\u00e9t\u00e9 de bienfaits \u00e9tonnants pour la sant\u00e9, notamment une meilleure sant\u00e9 digestive, des niveaux d&#8217;\u00e9nergie accrus et un m\u00e9tabolisme am\u00e9lior\u00e9. Nos g\u00e9lules de vinaigre de cidre de pomme \u00e0 haute concentration offrent ces avantages puissants dans des g\u00e9lules faciles \u00e0 avaler.<\/p>\n<p><strong>FAVORISE UNE PERTE DE POIDS SAINE  <\/strong><\/p>\n<p>Plusieurs \u00e9tudes r\u00e9centes ont montr\u00e9 que le vinaigre de cidre de pomme peut aider \u00e0 perdre du poids lorsqu&#8217;il est consomm\u00e9 dans le cadre d&#8217;un r\u00e9gime alimentaire sain. Il peut \u00e9galement faciliter la digestion et am\u00e9liorer votre sant\u00e9 g\u00e9n\u00e9rale en vous aidant \u00e0 absorber davantage de nutriments dans vos aliments.<\/p>\n<p><strong>M\u00c9LANGE UNIQUE  <\/strong><\/p>\n<p>Nos capsules de vinaigre de cidre de pomme de qualit\u00e9 sup\u00e9rieure offrent des r\u00e9sultats optimaux gr\u00e2ce \u00e0 leur m\u00e9lange unique de seagreens, de th\u00e9 vert et de chrome. Votre sant\u00e9 est notre priorit\u00e9. Nos g\u00e9lules sont fabriqu\u00e9es au Royaume-Uni selon des directives de s\u00e9curit\u00e9 strictes (code de pratique GMP) afin de garantir la puissance, la qualit\u00e9 et l&#8217;efficacit\u00e9.<\/p>\n<p><strong>CONVIENT AUX V\u00c9G\u00c9TALIENS ET AUX V\u00c9G\u00c9TARIENS  <\/strong><\/p>\n<p>Nos capsules de vinaigre de cidre de pomme sont fabriqu\u00e9es \u00e0 partir d&#8217;ingr\u00e9dients 100% v\u00e9g\u00e9taux de premi\u00e8re qualit\u00e9. Nos capsules sont sans gluten, sans lactose, conformes aux BPF, sans OGM et 100% v\u00e9g\u00e9taliennes.<\/p>\n","protected":false},"excerpt":{"rendered":"<p>L&#8217;offre group\u00e9e &#8220;Clart\u00e9 mentale et perte de poids&#8221; propose une combinaison unique de produits con\u00e7us pour am\u00e9liorer la clart\u00e9 mentale et favoriser la perte de poids, en encourageant un mode de vie \u00e9quilibr\u00e9 et une gestion efficace du stress.<\/p>\n","protected":false},"featured_media":16292,"template":"","meta":{"site-sidebar-layout":"default","site-content-layout":"default","ast-site-content-layout":"default","site-content-style":"default","site-sidebar-style":"default","ast-global-header-display":"","ast-banner-title-visibility":"","ast-main-header-display":"","ast-hfb-above-header-display":"","ast-hfb-below-header-display":"","ast-hfb-mobile-header-display":"","site-post-title":"","ast-breadcrumbs-content":"","ast-featured-img":"","footer-sml-layout":"","theme-transparent-header-meta":"default","adv-header-id-meta":"","stick-header-meta":"default","header-above-stick-meta":"","header-main-stick-meta":"","header-below-stick-meta":"","astra-migrate-meta-layouts":"default","ast-page-background-enabled":"default","ast-page-background-meta":{"desktop":{"background-color":"","background-image":"","background-repeat":"repeat","background-position":"center center","background-size":"auto","background-attachment":"scroll","background-type":"","background-media":"","overlay-type":"","overlay-color":"","overlay-opacity":"","overlay-gradient":""},"tablet":{"background-color":"","background-image":"","background-repeat":"repeat","background-position":"center center","background-size":"auto","background-attachment":"scroll","background-type":"","background-media":"","overlay-type":"","overlay-color":"","overlay-opacity":"","overlay-gradient":""},"mobile":{"background-color":"","background-image":"","background-repeat":"repeat","background-position":"center center","background-size":"auto","background-attachment":"scroll","background-type":"","background-media":"","overlay-type":"","overlay-color":"","overlay-opacity":"","overlay-gradient":""}},"ast-content-background-meta":{"desktop":{"background-color":"var(--ast-global-color-5)","background-image":"","background-repeat":"repeat","background-position":"center center","background-size":"auto","background-attachment":"scroll","background-type":"","background-media":"","overlay-type":"","overlay-color":"","overlay-opacity":"","overlay-gradient":""},"tablet":{"background-color":"var(--ast-global-color-5)","background-image":"","background-repeat":"repeat","background-position":"center center","background-size":"auto","background-attachment":"scroll","background-type":"","background-media":"","overlay-type":"","overlay-color":"","overlay-opacity":"","overlay-gradient":""},"mobile":{"background-color":"var(--ast-global-color-5)","background-image":"","background-repeat":"repeat","background-position":"center center","background-size":"auto","background-attachment":"scroll","background-type":"","background-media":"","overlay-type":"","overlay-color":"","overlay-opacity":"","overlay-gradient":""}}},"product_cat":[516,698,702,643,644],"product_tag":[],"class_list":{"0":"post-14369","1":"product","2":"type-product","3":"status-publish","4":"has-post-thumbnail","6":"product_cat-humeur-et-bien-etre","7":"product_cat-nutrition-fr","8":"product_cat-perte-de-poids","9":"product_cat-stimulants-pour-le-cerveau","10":"product_cat-supplements-alimentaires","11":"has-subscription-plans","12":"desktop-align-left","13":"tablet-align-left","14":"mobile-align-left","16":"first","17":"instock","18":"taxable","19":"shipping-taxable","20":"purchasable","21":"product-type-simple"},"yoast_head":"<!-- This site is optimized with the Yoast SEO plugin v22.7 - https:\/\/yoast.com\/wordpress\/plugins\/seo\/ -->\n<title>Offre group\u00e9e clart\u00e9 mentale et perte de poids - JeaKen<\/title>\n<meta name=\"robots\" content=\"index, follow, max-snippet:-1, max-image-preview:large, max-video-preview:-1\" \/>\n<link rel=\"canonical\" href=\"https:\/\/jeaken.com\/fr\/produit\/offre-groupee-clarte-mentale-et-perte-de-poids\/\" \/>\n<meta property=\"og:locale\" content=\"fr_FR\" \/>\n<meta property=\"og:type\" content=\"article\" \/>\n<meta property=\"og:title\" content=\"Offre group\u00e9e clart\u00e9 mentale et perte de poids - JeaKen\" \/>\n<meta property=\"og:description\" content=\"L&#039;offre group\u00e9e &quot;Clart\u00e9 mentale et perte de poids&quot; propose une combinaison unique de produits con\u00e7us pour am\u00e9liorer la clart\u00e9 mentale et favoriser la perte de poids, en encourageant un mode de vie \u00e9quilibr\u00e9 et une gestion efficace du stress.\" \/>\n<meta property=\"og:url\" content=\"https:\/\/jeaken.com\/fr\/produit\/offre-groupee-clarte-mentale-et-perte-de-poids\/\" \/>\n<meta property=\"og:site_name\" content=\"JeaKen\" \/>\n<meta property=\"article:modified_time\" content=\"2023-04-06T11:31:30+00:00\" \/>\n<meta property=\"og:image\" content=\"https:\/\/jeaken.com\/wp-content\/uploads\/2023\/03\/Combine6.jpg\" \/>\n\t<meta property=\"og:image:width\" content=\"972\" \/>\n\t<meta property=\"og:image:height\" content=\"972\" \/>\n\t<meta property=\"og:image:type\" content=\"image\/jpeg\" \/>\n<meta name=\"twitter:card\" content=\"summary_large_image\" \/>\n<meta name=\"twitter:label1\" content=\"Est. reading time\" \/>\n\t<meta name=\"twitter:data1\" content=\"5 minutes\" \/>\n<script type=\"application\/ld+json\" class=\"yoast-schema-graph\">{\"@context\":\"https:\/\/schema.org\",\"@graph\":[{\"@type\":\"WebPage\",\"@id\":\"https:\/\/jeaken.com\/fr\/produit\/offre-groupee-clarte-mentale-et-perte-de-poids\/\",\"url\":\"https:\/\/jeaken.com\/fr\/produit\/offre-groupee-clarte-mentale-et-perte-de-poids\/\",\"name\":\"Offre group\u00e9e clart\u00e9 mentale et perte de poids - JeaKen\",\"isPartOf\":{\"@id\":\"https:\/\/jeaken.com\/fr\/#website\"},\"primaryImageOfPage\":{\"@id\":\"https:\/\/jeaken.com\/fr\/produit\/offre-groupee-clarte-mentale-et-perte-de-poids\/#primaryimage\"},\"image\":{\"@id\":\"https:\/\/jeaken.com\/fr\/produit\/offre-groupee-clarte-mentale-et-perte-de-poids\/#primaryimage\"},\"thumbnailUrl\":\"https:\/\/jeaken.com\/wp-content\/uploads\/2023\/03\/Combine6.jpg\",\"datePublished\":\"2023-03-16T11:24:54+00:00\",\"dateModified\":\"2023-04-06T11:31:30+00:00\",\"breadcrumb\":{\"@id\":\"https:\/\/jeaken.com\/fr\/produit\/offre-groupee-clarte-mentale-et-perte-de-poids\/#breadcrumb\"},\"inLanguage\":\"fr-FR\",\"potentialAction\":[{\"@type\":\"ReadAction\",\"target\":[\"https:\/\/jeaken.com\/fr\/produit\/offre-groupee-clarte-mentale-et-perte-de-poids\/\"]}]},{\"@type\":\"ImageObject\",\"inLanguage\":\"fr-FR\",\"@id\":\"https:\/\/jeaken.com\/fr\/produit\/offre-groupee-clarte-mentale-et-perte-de-poids\/#primaryimage\",\"url\":\"https:\/\/jeaken.com\/wp-content\/uploads\/2023\/03\/Combine6.jpg\",\"contentUrl\":\"https:\/\/jeaken.com\/wp-content\/uploads\/2023\/03\/Combine6.jpg\",\"width\":972,\"height\":972,\"caption\":\"Mental Clarity and Gut Health Bundle\"},{\"@type\":\"BreadcrumbList\",\"@id\":\"https:\/\/jeaken.com\/fr\/produit\/offre-groupee-clarte-mentale-et-perte-de-poids\/#breadcrumb\",\"itemListElement\":[{\"@type\":\"ListItem\",\"position\":1,\"name\":\"Home\",\"item\":\"https:\/\/jeaken.com\/fr\/\"},{\"@type\":\"ListItem\",\"position\":2,\"name\":\"Private: Shop\",\"item\":\"https:\/\/jeaken.com\/shop\/\"},{\"@type\":\"ListItem\",\"position\":3,\"name\":\"Offre group\u00e9e clart\u00e9 mentale et perte de poids\"}]},{\"@type\":\"WebSite\",\"@id\":\"https:\/\/jeaken.com\/fr\/#website\",\"url\":\"https:\/\/jeaken.com\/fr\/\",\"name\":\"JeaKen\",\"description\":\"Organic Supplements for Health, Fitness and Nutrition\",\"publisher\":{\"@id\":\"https:\/\/jeaken.com\/fr\/#organization\"},\"potentialAction\":[{\"@type\":\"SearchAction\",\"target\":{\"@type\":\"EntryPoint\",\"urlTemplate\":\"https:\/\/jeaken.com\/fr\/?s={search_term_string}\"},\"query-input\":\"required name=search_term_string\"}],\"inLanguage\":\"fr-FR\"},{\"@type\":\"Organization\",\"@id\":\"https:\/\/jeaken.com\/fr\/#organization\",\"name\":\"JeaKen\",\"url\":\"https:\/\/jeaken.com\/fr\/\",\"logo\":{\"@type\":\"ImageObject\",\"inLanguage\":\"fr-FR\",\"@id\":\"https:\/\/jeaken.com\/fr\/#\/schema\/logo\/image\/\",\"url\":\"https:\/\/jeaken.com\/wp-content\/uploads\/2022\/06\/jeaken-logo-23.png\",\"contentUrl\":\"https:\/\/jeaken.com\/wp-content\/uploads\/2022\/06\/jeaken-logo-23.png\",\"width\":2486,\"height\":736,\"caption\":\"JeaKen\"},\"image\":{\"@id\":\"https:\/\/jeaken.com\/fr\/#\/schema\/logo\/image\/\"}}]}<\/script>\n<!-- \/ Yoast SEO plugin. -->","yoast_head_json":{"title":"Offre group\u00e9e clart\u00e9 mentale et perte de poids - JeaKen","robots":{"index":"index","follow":"follow","max-snippet":"max-snippet:-1","max-image-preview":"max-image-preview:large","max-video-preview":"max-video-preview:-1"},"canonical":"https:\/\/jeaken.com\/fr\/produit\/offre-groupee-clarte-mentale-et-perte-de-poids\/","og_locale":"fr_FR","og_type":"article","og_title":"Offre group\u00e9e clart\u00e9 mentale et perte de poids - JeaKen","og_description":"L'offre group\u00e9e \"Clart\u00e9 mentale et perte de poids\" propose une combinaison unique de produits con\u00e7us pour am\u00e9liorer la clart\u00e9 mentale et favoriser la perte de poids, en encourageant un mode de vie \u00e9quilibr\u00e9 et une gestion efficace du stress.","og_url":"https:\/\/jeaken.com\/fr\/produit\/offre-groupee-clarte-mentale-et-perte-de-poids\/","og_site_name":"JeaKen","article_modified_time":"2023-04-06T11:31:30+00:00","og_image":[{"width":972,"height":972,"url":"https:\/\/jeaken.com\/wp-content\/uploads\/2023\/03\/Combine6.jpg","type":"image\/jpeg"}],"twitter_card":"summary_large_image","twitter_misc":{"Est. reading time":"5 minutes"},"schema":{"@context":"https:\/\/schema.org","@graph":[{"@type":"WebPage","@id":"https:\/\/jeaken.com\/fr\/produit\/offre-groupee-clarte-mentale-et-perte-de-poids\/","url":"https:\/\/jeaken.com\/fr\/produit\/offre-groupee-clarte-mentale-et-perte-de-poids\/","name":"Offre group\u00e9e clart\u00e9 mentale et perte de poids - JeaKen","isPartOf":{"@id":"https:\/\/jeaken.com\/fr\/#website"},"primaryImageOfPage":{"@id":"https:\/\/jeaken.com\/fr\/produit\/offre-groupee-clarte-mentale-et-perte-de-poids\/#primaryimage"},"image":{"@id":"https:\/\/jeaken.com\/fr\/produit\/offre-groupee-clarte-mentale-et-perte-de-poids\/#primaryimage"},"thumbnailUrl":"https:\/\/jeaken.com\/wp-content\/uploads\/2023\/03\/Combine6.jpg","datePublished":"2023-03-16T11:24:54+00:00","dateModified":"2023-04-06T11:31:30+00:00","breadcrumb":{"@id":"https:\/\/jeaken.com\/fr\/produit\/offre-groupee-clarte-mentale-et-perte-de-poids\/#breadcrumb"},"inLanguage":"fr-FR","potentialAction":[{"@type":"ReadAction","target":["https:\/\/jeaken.com\/fr\/produit\/offre-groupee-clarte-mentale-et-perte-de-poids\/"]}]},{"@type":"ImageObject","inLanguage":"fr-FR","@id":"https:\/\/jeaken.com\/fr\/produit\/offre-groupee-clarte-mentale-et-perte-de-poids\/#primaryimage","url":"https:\/\/jeaken.com\/wp-content\/uploads\/2023\/03\/Combine6.jpg","contentUrl":"https:\/\/jeaken.com\/wp-content\/uploads\/2023\/03\/Combine6.jpg","width":972,"height":972,"caption":"Mental Clarity and Gut Health Bundle"},{"@type":"BreadcrumbList","@id":"https:\/\/jeaken.com\/fr\/produit\/offre-groupee-clarte-mentale-et-perte-de-poids\/#breadcrumb","itemListElement":[{"@type":"ListItem","position":1,"name":"Home","item":"https:\/\/jeaken.com\/fr\/"},{"@type":"ListItem","position":2,"name":"Private: Shop","item":"https:\/\/jeaken.com\/shop\/"},{"@type":"ListItem","position":3,"name":"Offre group\u00e9e clart\u00e9 mentale et perte de poids"}]},{"@type":"WebSite","@id":"https:\/\/jeaken.com\/fr\/#website","url":"https:\/\/jeaken.com\/fr\/","name":"JeaKen","description":"Organic Supplements for Health, Fitness and Nutrition","publisher":{"@id":"https:\/\/jeaken.com\/fr\/#organization"},"potentialAction":[{"@type":"SearchAction","target":{"@type":"EntryPoint","urlTemplate":"https:\/\/jeaken.com\/fr\/?s={search_term_string}"},"query-input":"required name=search_term_string"}],"inLanguage":"fr-FR"},{"@type":"Organization","@id":"https:\/\/jeaken.com\/fr\/#organization","name":"JeaKen","url":"https:\/\/jeaken.com\/fr\/","logo":{"@type":"ImageObject","inLanguage":"fr-FR","@id":"https:\/\/jeaken.com\/fr\/#\/schema\/logo\/image\/","url":"https:\/\/jeaken.com\/wp-content\/uploads\/2022\/06\/jeaken-logo-23.png","contentUrl":"https:\/\/jeaken.com\/wp-content\/uploads\/2022\/06\/jeaken-logo-23.png","width":2486,"height":736,"caption":"JeaKen"},"image":{"@id":"https:\/\/jeaken.com\/fr\/#\/schema\/logo\/image\/"}}]}},"jetpack_sharing_enabled":true,"_links":{"self":[{"href":"https:\/\/jeaken.com\/fr\/wp-json\/wp\/v2\/product\/14369","targetHints":{"allow":["GET"]}}],"collection":[{"href":"https:\/\/jeaken.com\/fr\/wp-json\/wp\/v2\/product"}],"about":[{"href":"https:\/\/jeaken.com\/fr\/wp-json\/wp\/v2\/types\/product"}],"wp:featuredmedia":[{"embeddable":true,"href":"https:\/\/jeaken.com\/fr\/wp-json\/wp\/v2\/media\/16292"}],"wp:attachment":[{"href":"https:\/\/jeaken.com\/fr\/wp-json\/wp\/v2\/media?parent=14369"}],"wp:term":[{"taxonomy":"product_cat","embeddable":true,"href":"https:\/\/jeaken.com\/fr\/wp-json\/wp\/v2\/product_cat?post=14369"},{"taxonomy":"product_tag","embeddable":true,"href":"https:\/\/jeaken.com\/fr\/wp-json\/wp\/v2\/product_tag?post=14369"}],"curies":[{"name":"wp","href":"https:\/\/api.w.org\/{rel}","templated":true}]}}