{"id":14353,"date":"2023-03-16T10:28:24","date_gmt":"2023-03-16T10:28:24","guid":{"rendered":"https:\/?post_type=product&#038;p=14353"},"modified":"2023-04-06T12:31:02","modified_gmt":"2023-04-06T11:31:02","slug":"groupe-clarite-mentale","status":"publish","type":"product","link":"https:\/\/jeaken.com\/fr\/produit\/groupe-clarite-mentale\/","title":{"rendered":"Offre group\u00e9e sur la clart\u00e9 mentale"},"content":{"rendered":"<h2>Offre group\u00e9e sur la clart\u00e9 mentale<\/h2>\n<p><span data-sheets-value=\"{\"1\":2,\"2\":\"Looking to improve their mental clarity and focus, combining the Mental Clarity &amp; Focus Bundle with the right lifestyle changes can yield excellent results. In addition to incorporating a healthy diet and exercise regimen, taking regular breaks to reduce stress and staying hydrated can help. When using the Super Mind Nootropics and Mushroom Capsules in this bundle, it's important to follow the recommended dosages and take them consistently for optimal results. Additionally, the Nootropics Cognitive Enhancer can provide an extra boost to your cognitive function, especially when used in conjunction with the other supplements in this bundle. Remember to consult with a healthcare professional before starting any new supplement regimen.\"}\" data-sheets-userformat=\"{\"2\":2947,\"3\":{\"1\":0},\"4\":{\"1\":3,\"3\":2},\"10\":0,\"11\":4,\"12\":0,\"14\":{\"1\":2,\"2\":65280}}\">Si vous cherchez \u00e0 am\u00e9liorer votre clart\u00e9 mentale et votre concentration, la combinaison de l&#8217;offre group\u00e9e Clart\u00e9 mentale et des changements de mode de vie appropri\u00e9s peut donner d&#8217;excellents r\u00e9sultats. Outre l&#8217;adoption d&#8217;un r\u00e9gime alimentaire sain et d&#8217;un programme d&#8217;exercices physiques, il peut \u00eatre utile de faire des pauses r\u00e9guli\u00e8res pour r\u00e9duire le stress et de s&#8217;hydrater. Lorsque vous utilisez les g\u00e9lules Super Mind Nootropics et Mushroom Capsules de cette offre group\u00e9e, il est important de respecter les dosages recommand\u00e9s et de les prendre r\u00e9guli\u00e8rement pour obtenir des r\u00e9sultats optimaux. En outre, le Nootropics Cognitive Enhancer peut donner un coup de pouce suppl\u00e9mentaire \u00e0 vos fonctions cognitives, en particulier lorsqu&#8217;il est utilis\u00e9 en association avec les autres compl\u00e9ments de cette offre. N&#8217;oubliez pas de consulter un professionnel de la sant\u00e9 avant de commencer tout nouveau r\u00e9gime de suppl\u00e9mentation.<\/span><\/p>\n<h4 class=\"product_title entry-title elementor-heading-title elementor-size-default\"><strong>Super Mind Nootropics &#8211; 60 capsules v\u00e9g\u00e9taliennes<\/strong><\/h4>\n<p>&nbsp;<\/p>\n<ul class=\"a-unordered-list a-vertical a-spacing-none\">\n<li class=\"a-spacing-small\"><span class=\"a-list-item a-size-base\">RENFORCEMENT DE LA M\u00c9MOIRE, DE LA CONCENTRATION ET DE LA PERFORMANCE &#8211; Contrairement \u00e0 de nombreux compl\u00e9ments c\u00e9r\u00e9braux, les capsules JeaKen nootropics brain boost sont fabriqu\u00e9es \u00e0 partir d&#8217;ingr\u00e9dients naturels tels que la Rhodiola Rosea, qui aident \u00e0 augmenter la concentration et la vigilance, \u00e0 renforcer l&#8217;\u00e9nergie mentale et \u00e0 am\u00e9liorer la m\u00e9moire.  <\/span><\/li>\n<li class=\"a-spacing-small\"><span class=\"a-list-item a-size-base\">R\u00c9DUIT LA FATIGUE, AM\u00c9LIORE LA FOCALIT\u00c9 &#8211; Le guarana, une plante originaire d&#8217;Amazonie, contient naturellement de la caf\u00e9ine, qui s&#8217;est av\u00e9r\u00e9e tr\u00e8s efficace pour r\u00e9duire la fatigue et am\u00e9liorer la concentration mentale. L&#8217;association de la caf\u00e9ine et de la th\u00e9anine s&#8217;av\u00e8re tr\u00e8s efficace pour am\u00e9liorer les performances cognitives.  <\/span><\/li>\n<li class=\"a-spacing-small\"><span class=\"a-list-item a-size-base\">SEULEMENT LES MEILLEURS INGR\u00c9DIENTS &#8211; Notre suppl\u00e9ment de m\u00e9moire est fabriqu\u00e9 \u00e0 partir de vitamines, de min\u00e9raux et d&#8217;extraits de plantes enti\u00e8rement naturels, sans utilisation d&#8217;additifs nocifs ; sans OGM, sans hormones et sans gluten.  <\/span><\/li>\n<li class=\"a-spacing-small\"><span class=\"a-list-item a-size-base\">SOUTENU PAR LA SCIENCE &#8211; Un soin particulier a \u00e9t\u00e9 apport\u00e9 \u00e0 la combinaison de la juste quantit\u00e9 de chaque ingr\u00e9dient dans une formule avanc\u00e9e con\u00e7ue pour aider \u00e0 soutenir l&#8217;oxyg\u00e8ne et la circulation dans les cellules c\u00e9r\u00e9brales, et les neurones con\u00e7us pour soutenir la m\u00e9moire, la concentration et la clart\u00e9.<\/span><\/li>\n<\/ul>\n<h4><strong>Lion&#8217;s Mane Mushroom Capsules &#8211; Suppl\u00e9ment nootropique pour l&#8217;am\u00e9lioration des fonctions cognitives et du syst\u00e8me immunitaire. 5000mg.<\/strong><\/h4>\n<p>&nbsp;<\/p>\n<p><strong><span class=\"a-list-item a-size-base\">SOUTIENT LA FONCTION COGNITIVE  <\/span><\/strong><\/p>\n<p><span class=\"a-list-item a-size-base\">Le crin de lion est un stimulant c\u00e9r\u00e9bral reconnu, ce qui en fait un compl\u00e9ment populaire pour les personnes qui travaillent ou \u00e9tudient. En plus de stimuler votre m\u00e9moire, nos g\u00e9lules peuvent aider \u00e0 dissiper le brouillard mental et \u00e0 soutenir le syst\u00e8me c\u00e9r\u00e9bral et nerveux.<\/span><\/p>\n<p><strong>FAVORISE LA SANT\u00c9 DES ARTICULATIONS<\/strong><\/p>\n<p>Nos g\u00e9lules \u00e9prouv\u00e9es sont efficaces pour soutenir la sant\u00e9 des articulations ainsi que pour renforcer le syst\u00e8me immunitaire.<\/p>\n<p><strong>AM\u00c9LIORE LA SANT\u00c9 RESPIRATOIRE<\/strong><\/p>\n<p>L&#8217;extrait de reishi est connu pour son action sur les affections respiratoires chroniques.<\/p>\n<p><strong>R\u00c9GULE LES HORMONES<\/strong><\/p>\n<p>Nos capsules sont tr\u00e8s efficaces pour aider \u00e0 r\u00e9guler les hormones. L&#8217;\u00e9quilibre hormonal est la cl\u00e9 de la r\u00e9gulation de la fonction sensuelle, de la r\u00e9gulation de l&#8217;humeur et de bien d&#8217;autres choses encore.<\/p>\n<p><strong>EXTRAIT DE CHAMPIGNON 10:1<\/strong><\/p>\n<p>Les champignons ont une paroi cellulaire r\u00e9sistante compos\u00e9e de chitine que l&#8217;homme a du mal \u00e0 dig\u00e9rer. Cette paroi cellulaire limite notre acc\u00e8s aux importants compos\u00e9s m\u00e9dicinaux qui conf\u00e8rent aux champignons leurs merveilleux bienfaits.<\/p>\n<p><strong>REMPLISSAGES SANS GRAIN<\/strong><\/p>\n<p>De nombreux produits \u00e0 base de champignons m\u00e9dicinaux ne contiennent pas r\u00e9ellement de champignons. Ils sont fabriqu\u00e9s \u00e0 partir du syst\u00e8me racinaire du champignon, appel\u00e9 myc\u00e9lium, et ce myc\u00e9lium est cultiv\u00e9 sur des c\u00e9r\u00e9ales telles que le riz, l&#8217;avoine et le sorgho.<\/p>\n<p><strong>SOUTIENT LA FONCTION COGNITIVE  <\/strong><\/p>\n<p>Le crin de lion est un stimulant cognitif \u00e9prouv\u00e9 qui est efficace pour \u00e9liminer le brouillard mental et fournir un soutien au syst\u00e8me c\u00e9r\u00e9bral et nerveux.<\/p>\n<p><strong>STIMULE LE SYST\u00c8ME IMMUNITAIRE  <\/strong><\/p>\n<p>Le champignon crini\u00e8re de lion am\u00e9liorerait la fonction immunitaire et favoriserait la croissance de bonnes bact\u00e9ries dans l&#8217;intestin.<\/p>\n<p><strong>AIDE \u00c0 \u00c9QUILIBRER NATURELLEMENT L&#8217;HUMEUR  <\/strong><\/p>\n<p>La recherche indique que le champignon Lion&#8217;s Mane peut aider \u00e0 promouvoir une humeur calme et d\u00e9tendue. Il poss\u00e8de \u00e9galement des propri\u00e9t\u00e9s r\u00e9g\u00e9n\u00e9ratrices des nerfs qui peuvent contribuer \u00e0 une bonne sant\u00e9 cardiaque.<\/p>\n<h4 class=\"product_title entry-title elementor-heading-title elementor-size-default\"><strong>Nootropics Cognitive Enhancer &#8211; Premium Concentration and Memory Enhancers (60 Capsules)<\/strong><\/h4>\n<p><strong><span class=\"a-list-item\">STIMULER LA M\u00c9MOIRE, LA CONCENTRATION ET LA VIGILANCE  <\/span><\/strong><\/p>\n<p><span class=\"a-list-item\">Nos g\u00e9lules nootropiques pour stimuler le cerveau sont fabriqu\u00e9es \u00e0 partir d&#8217;ingr\u00e9dients naturels qui aident \u00e0 accro\u00eetre la concentration et la vigilance, \u00e0 stimuler l&#8217;\u00e9nergie mentale et \u00e0 am\u00e9liorer la m\u00e9moire.<\/span><\/p>\n<p><strong><span class=\"a-list-item\">R\u00c9DUIT LA FATIGUE ET AM\u00c9LIORE LA CONCENTRATION  <\/span><\/strong><\/p>\n<p><span class=\"a-list-item\">Le guarana, une plante originaire de l&#8217;Amazonie, contient naturellement de la caf\u00e9ine et s&#8217;av\u00e8re efficace pour r\u00e9duire la fatigue et am\u00e9liorer la concentration mentale. La puissante combinaison de caf\u00e9ine et de th\u00e9anine est extr\u00eamement efficace pour am\u00e9liorer les performances cognitives.<\/span><\/p>\n<p><strong><span class=\"a-list-item\">INGR\u00c9DIENTS NATURELS  <\/span><\/strong><\/p>\n<p><span class=\"a-list-item\">Notre compl\u00e9ment de m\u00e9moire est fabriqu\u00e9 \u00e0 partir de vitamines, de min\u00e9raux et d&#8217;extraits de plantes enti\u00e8rement naturels, sans utilisation d&#8217;additifs nocifs. Nos compl\u00e9ments sont non OGM et exempts d&#8217;hormones et de gluten.<\/span><\/p>\n<p><strong><span class=\"a-list-item\">SOUTENU PAR LA SCIENCE  <\/span><\/strong><\/p>\n<p><span class=\"a-list-item\">Un grand soin a \u00e9t\u00e9 apport\u00e9 \u00e0 la combinaison de la bonne quantit\u00e9 de chaque ingr\u00e9dient dans une formule avanc\u00e9e. Il a \u00e9t\u00e9 soigneusement con\u00e7u pour aider \u00e0 soutenir l&#8217;oxyg\u00e8ne et la circulation dans les cellules du cerveau, et les neurones con\u00e7us pour soutenir la m\u00e9moire, la concentration et la clart\u00e9.<\/span><\/p>\n<p class=\"a-spacing-mini\"><strong>AM\u00c9LIORE L&#8217;HUMEUR<\/strong><\/p>\n<p class=\"a-size-small\">Nos ingr\u00e9dients de qualit\u00e9 sup\u00e9rieure favorisent des niveaux sains de s\u00e9rotonine et de dopamine, qui contribuent \u00e0 maintenir une humeur positive.<\/p>\n","protected":false},"excerpt":{"rendered":"<p>L&#8217;offre group\u00e9e &#8220;Clart\u00e9 mentale&#8221; est id\u00e9ale pour am\u00e9liorer la concentration, un mode de vie sain et la gestion du stress. L&#8217;offre comprend les capsules de champignons Lion&#8217;s Mane, Super Mind Nootropics et Nootropics Cognitive Enhancers.<\/p>\n","protected":false},"featured_media":16310,"template":"","meta":{"site-sidebar-layout":"default","site-content-layout":"default","ast-site-content-layout":"default","site-content-style":"default","site-sidebar-style":"default","ast-global-header-display":"","ast-banner-title-visibility":"","ast-main-header-display":"","ast-hfb-above-header-display":"","ast-hfb-below-header-display":"","ast-hfb-mobile-header-display":"","site-post-title":"","ast-breadcrumbs-content":"","ast-featured-img":"","footer-sml-layout":"","theme-transparent-header-meta":"default","adv-header-id-meta":"","stick-header-meta":"default","header-above-stick-meta":"","header-main-stick-meta":"","header-below-stick-meta":"","astra-migrate-meta-layouts":"default","ast-page-background-enabled":"default","ast-page-background-meta":{"desktop":{"background-color":"","background-image":"","background-repeat":"repeat","background-position":"center center","background-size":"auto","background-attachment":"scroll","background-type":"","background-media":"","overlay-type":"","overlay-color":"","overlay-opacity":"","overlay-gradient":""},"tablet":{"background-color":"","background-image":"","background-repeat":"repeat","background-position":"center center","background-size":"auto","background-attachment":"scroll","background-type":"","background-media":"","overlay-type":"","overlay-color":"","overlay-opacity":"","overlay-gradient":""},"mobile":{"background-color":"","background-image":"","background-repeat":"repeat","background-position":"center center","background-size":"auto","background-attachment":"scroll","background-type":"","background-media":"","overlay-type":"","overlay-color":"","overlay-opacity":"","overlay-gradient":""}},"ast-content-background-meta":{"desktop":{"background-color":"var(--ast-global-color-5)","background-image":"","background-repeat":"repeat","background-position":"center center","background-size":"auto","background-attachment":"scroll","background-type":"","background-media":"","overlay-type":"","overlay-color":"","overlay-opacity":"","overlay-gradient":""},"tablet":{"background-color":"var(--ast-global-color-5)","background-image":"","background-repeat":"repeat","background-position":"center center","background-size":"auto","background-attachment":"scroll","background-type":"","background-media":"","overlay-type":"","overlay-color":"","overlay-opacity":"","overlay-gradient":""},"mobile":{"background-color":"var(--ast-global-color-5)","background-image":"","background-repeat":"repeat","background-position":"center center","background-size":"auto","background-attachment":"scroll","background-type":"","background-media":"","overlay-type":"","overlay-color":"","overlay-opacity":"","overlay-gradient":""}}},"product_cat":[516,643],"product_tag":[],"class_list":{"0":"post-14353","1":"product","2":"type-product","3":"status-publish","4":"has-post-thumbnail","6":"product_cat-humeur-et-bien-etre","7":"product_cat-stimulants-pour-le-cerveau","8":"has-subscription-plans","9":"desktop-align-left","10":"tablet-align-left","11":"mobile-align-left","13":"first","14":"instock","15":"taxable","16":"shipping-taxable","17":"purchasable","18":"product-type-simple"},"yoast_head":"<!-- This site is optimized with the Yoast SEO plugin v22.7 - https:\/\/yoast.com\/wordpress\/plugins\/seo\/ -->\n<title>Offre group\u00e9e sur la clart\u00e9 mentale - JeaKen<\/title>\n<meta name=\"robots\" content=\"index, follow, max-snippet:-1, max-image-preview:large, max-video-preview:-1\" \/>\n<link rel=\"canonical\" href=\"https:\/\/jeaken.com\/fr\/produit\/groupe-clarite-mentale\/\" \/>\n<meta property=\"og:locale\" content=\"fr_FR\" \/>\n<meta property=\"og:type\" content=\"article\" \/>\n<meta property=\"og:title\" content=\"Offre group\u00e9e sur la clart\u00e9 mentale - JeaKen\" \/>\n<meta property=\"og:description\" content=\"L&#039;offre group\u00e9e &quot;Clart\u00e9 mentale&quot; est id\u00e9ale pour am\u00e9liorer la concentration, un mode de vie sain et la gestion du stress. L&#039;offre comprend les capsules de champignons Lion&#039;s Mane, Super Mind Nootropics et Nootropics Cognitive Enhancers.\" \/>\n<meta property=\"og:url\" content=\"https:\/\/jeaken.com\/fr\/produit\/groupe-clarite-mentale\/\" \/>\n<meta property=\"og:site_name\" content=\"JeaKen\" \/>\n<meta property=\"article:modified_time\" content=\"2023-04-06T11:31:02+00:00\" \/>\n<meta property=\"og:image\" content=\"https:\/\/jeaken.com\/wp-content\/uploads\/2023\/03\/Combine7.jpg\" \/>\n\t<meta property=\"og:image:width\" content=\"972\" \/>\n\t<meta property=\"og:image:height\" content=\"972\" \/>\n\t<meta property=\"og:image:type\" content=\"image\/jpeg\" \/>\n<meta name=\"twitter:card\" content=\"summary_large_image\" \/>\n<script type=\"application\/ld+json\" class=\"yoast-schema-graph\">{\"@context\":\"https:\/\/schema.org\",\"@graph\":[{\"@type\":\"WebPage\",\"@id\":\"https:\/\/jeaken.com\/fr\/produit\/groupe-clarite-mentale\/\",\"url\":\"https:\/\/jeaken.com\/fr\/produit\/groupe-clarite-mentale\/\",\"name\":\"Offre group\u00e9e sur la clart\u00e9 mentale - JeaKen\",\"isPartOf\":{\"@id\":\"https:\/\/jeaken.com\/fr\/#website\"},\"primaryImageOfPage\":{\"@id\":\"https:\/\/jeaken.com\/fr\/produit\/groupe-clarite-mentale\/#primaryimage\"},\"image\":{\"@id\":\"https:\/\/jeaken.com\/fr\/produit\/groupe-clarite-mentale\/#primaryimage\"},\"thumbnailUrl\":\"https:\/\/jeaken.com\/wp-content\/uploads\/2023\/03\/Combine7.jpg\",\"datePublished\":\"2023-03-16T10:28:24+00:00\",\"dateModified\":\"2023-04-06T11:31:02+00:00\",\"breadcrumb\":{\"@id\":\"https:\/\/jeaken.com\/fr\/produit\/groupe-clarite-mentale\/#breadcrumb\"},\"inLanguage\":\"fr-FR\",\"potentialAction\":[{\"@type\":\"ReadAction\",\"target\":[\"https:\/\/jeaken.com\/fr\/produit\/groupe-clarite-mentale\/\"]}]},{\"@type\":\"ImageObject\",\"inLanguage\":\"fr-FR\",\"@id\":\"https:\/\/jeaken.com\/fr\/produit\/groupe-clarite-mentale\/#primaryimage\",\"url\":\"https:\/\/jeaken.com\/wp-content\/uploads\/2023\/03\/Combine7.jpg\",\"contentUrl\":\"https:\/\/jeaken.com\/wp-content\/uploads\/2023\/03\/Combine7.jpg\",\"width\":972,\"height\":972,\"caption\":\"Mental Clarity Bundle\"},{\"@type\":\"BreadcrumbList\",\"@id\":\"https:\/\/jeaken.com\/fr\/produit\/groupe-clarite-mentale\/#breadcrumb\",\"itemListElement\":[{\"@type\":\"ListItem\",\"position\":1,\"name\":\"Home\",\"item\":\"https:\/\/jeaken.com\/fr\/\"},{\"@type\":\"ListItem\",\"position\":2,\"name\":\"Private: Shop\",\"item\":\"https:\/\/jeaken.com\/shop\/\"},{\"@type\":\"ListItem\",\"position\":3,\"name\":\"Offre group\u00e9e sur la clart\u00e9 mentale\"}]},{\"@type\":\"WebSite\",\"@id\":\"https:\/\/jeaken.com\/fr\/#website\",\"url\":\"https:\/\/jeaken.com\/fr\/\",\"name\":\"JeaKen\",\"description\":\"Organic Supplements for Health, Fitness and Nutrition\",\"publisher\":{\"@id\":\"https:\/\/jeaken.com\/fr\/#organization\"},\"potentialAction\":[{\"@type\":\"SearchAction\",\"target\":{\"@type\":\"EntryPoint\",\"urlTemplate\":\"https:\/\/jeaken.com\/fr\/?s={search_term_string}\"},\"query-input\":\"required name=search_term_string\"}],\"inLanguage\":\"fr-FR\"},{\"@type\":\"Organization\",\"@id\":\"https:\/\/jeaken.com\/fr\/#organization\",\"name\":\"JeaKen\",\"url\":\"https:\/\/jeaken.com\/fr\/\",\"logo\":{\"@type\":\"ImageObject\",\"inLanguage\":\"fr-FR\",\"@id\":\"https:\/\/jeaken.com\/fr\/#\/schema\/logo\/image\/\",\"url\":\"https:\/\/jeaken.com\/wp-content\/uploads\/2022\/06\/jeaken-logo-23.png\",\"contentUrl\":\"https:\/\/jeaken.com\/wp-content\/uploads\/2022\/06\/jeaken-logo-23.png\",\"width\":2486,\"height\":736,\"caption\":\"JeaKen\"},\"image\":{\"@id\":\"https:\/\/jeaken.com\/fr\/#\/schema\/logo\/image\/\"}}]}<\/script>\n<!-- \/ Yoast SEO plugin. -->","yoast_head_json":{"title":"Offre group\u00e9e sur la clart\u00e9 mentale - JeaKen","robots":{"index":"index","follow":"follow","max-snippet":"max-snippet:-1","max-image-preview":"max-image-preview:large","max-video-preview":"max-video-preview:-1"},"canonical":"https:\/\/jeaken.com\/fr\/produit\/groupe-clarite-mentale\/","og_locale":"fr_FR","og_type":"article","og_title":"Offre group\u00e9e sur la clart\u00e9 mentale - JeaKen","og_description":"L'offre group\u00e9e \"Clart\u00e9 mentale\" est id\u00e9ale pour am\u00e9liorer la concentration, un mode de vie sain et la gestion du stress. L'offre comprend les capsules de champignons Lion's Mane, Super Mind Nootropics et Nootropics Cognitive Enhancers.","og_url":"https:\/\/jeaken.com\/fr\/produit\/groupe-clarite-mentale\/","og_site_name":"JeaKen","article_modified_time":"2023-04-06T11:31:02+00:00","og_image":[{"width":972,"height":972,"url":"https:\/\/jeaken.com\/wp-content\/uploads\/2023\/03\/Combine7.jpg","type":"image\/jpeg"}],"twitter_card":"summary_large_image","schema":{"@context":"https:\/\/schema.org","@graph":[{"@type":"WebPage","@id":"https:\/\/jeaken.com\/fr\/produit\/groupe-clarite-mentale\/","url":"https:\/\/jeaken.com\/fr\/produit\/groupe-clarite-mentale\/","name":"Offre group\u00e9e sur la clart\u00e9 mentale - JeaKen","isPartOf":{"@id":"https:\/\/jeaken.com\/fr\/#website"},"primaryImageOfPage":{"@id":"https:\/\/jeaken.com\/fr\/produit\/groupe-clarite-mentale\/#primaryimage"},"image":{"@id":"https:\/\/jeaken.com\/fr\/produit\/groupe-clarite-mentale\/#primaryimage"},"thumbnailUrl":"https:\/\/jeaken.com\/wp-content\/uploads\/2023\/03\/Combine7.jpg","datePublished":"2023-03-16T10:28:24+00:00","dateModified":"2023-04-06T11:31:02+00:00","breadcrumb":{"@id":"https:\/\/jeaken.com\/fr\/produit\/groupe-clarite-mentale\/#breadcrumb"},"inLanguage":"fr-FR","potentialAction":[{"@type":"ReadAction","target":["https:\/\/jeaken.com\/fr\/produit\/groupe-clarite-mentale\/"]}]},{"@type":"ImageObject","inLanguage":"fr-FR","@id":"https:\/\/jeaken.com\/fr\/produit\/groupe-clarite-mentale\/#primaryimage","url":"https:\/\/jeaken.com\/wp-content\/uploads\/2023\/03\/Combine7.jpg","contentUrl":"https:\/\/jeaken.com\/wp-content\/uploads\/2023\/03\/Combine7.jpg","width":972,"height":972,"caption":"Mental Clarity Bundle"},{"@type":"BreadcrumbList","@id":"https:\/\/jeaken.com\/fr\/produit\/groupe-clarite-mentale\/#breadcrumb","itemListElement":[{"@type":"ListItem","position":1,"name":"Home","item":"https:\/\/jeaken.com\/fr\/"},{"@type":"ListItem","position":2,"name":"Private: Shop","item":"https:\/\/jeaken.com\/shop\/"},{"@type":"ListItem","position":3,"name":"Offre group\u00e9e sur la clart\u00e9 mentale"}]},{"@type":"WebSite","@id":"https:\/\/jeaken.com\/fr\/#website","url":"https:\/\/jeaken.com\/fr\/","name":"JeaKen","description":"Organic Supplements for Health, Fitness and Nutrition","publisher":{"@id":"https:\/\/jeaken.com\/fr\/#organization"},"potentialAction":[{"@type":"SearchAction","target":{"@type":"EntryPoint","urlTemplate":"https:\/\/jeaken.com\/fr\/?s={search_term_string}"},"query-input":"required name=search_term_string"}],"inLanguage":"fr-FR"},{"@type":"Organization","@id":"https:\/\/jeaken.com\/fr\/#organization","name":"JeaKen","url":"https:\/\/jeaken.com\/fr\/","logo":{"@type":"ImageObject","inLanguage":"fr-FR","@id":"https:\/\/jeaken.com\/fr\/#\/schema\/logo\/image\/","url":"https:\/\/jeaken.com\/wp-content\/uploads\/2022\/06\/jeaken-logo-23.png","contentUrl":"https:\/\/jeaken.com\/wp-content\/uploads\/2022\/06\/jeaken-logo-23.png","width":2486,"height":736,"caption":"JeaKen"},"image":{"@id":"https:\/\/jeaken.com\/fr\/#\/schema\/logo\/image\/"}}]}},"jetpack_sharing_enabled":true,"_links":{"self":[{"href":"https:\/\/jeaken.com\/fr\/wp-json\/wp\/v2\/product\/14353","targetHints":{"allow":["GET"]}}],"collection":[{"href":"https:\/\/jeaken.com\/fr\/wp-json\/wp\/v2\/product"}],"about":[{"href":"https:\/\/jeaken.com\/fr\/wp-json\/wp\/v2\/types\/product"}],"wp:featuredmedia":[{"embeddable":true,"href":"https:\/\/jeaken.com\/fr\/wp-json\/wp\/v2\/media\/16310"}],"wp:attachment":[{"href":"https:\/\/jeaken.com\/fr\/wp-json\/wp\/v2\/media?parent=14353"}],"wp:term":[{"taxonomy":"product_cat","embeddable":true,"href":"https:\/\/jeaken.com\/fr\/wp-json\/wp\/v2\/product_cat?post=14353"},{"taxonomy":"product_tag","embeddable":true,"href":"https:\/\/jeaken.com\/fr\/wp-json\/wp\/v2\/product_tag?post=14353"}],"curies":[{"name":"wp","href":"https:\/\/api.w.org\/{rel}","templated":true}]}}