{"id":9325,"date":"2022-10-17T19:33:11","date_gmt":"2022-10-17T18:33:11","guid":{"rendered":"https:\/product\/super-mind-nootropics-60-capsulas-veganas\/"},"modified":"2022-10-17T19:43:27","modified_gmt":"2022-10-17T18:43:27","slug":"super-mind-nootropics-60-capsulas-veganas","status":"publish","type":"product","link":"https:\/\/jeaken.com\/es\/producto\/super-mind-nootropics-60-capsulas-veganas\/","title":{"rendered":"Super Mind Nootropics &#8211; 60 C\u00e1psulas Veganas"},"content":{"rendered":"<ul class=\"a-unordered-list a-vertical a-spacing-none\">\n<li class=\"a-spacing-small\"><span class=\"a-list-item a-size-base\">Aumentar la memoria, la concentraci\u00f3n y el estado de alerta &#8211; A diferencia de muchos suplementos para el cerebro, las c\u00e1psulas JeaKen nootropics brain boost est\u00e1n hechas con ingredientes naturales como la Rhodiola Rosea, que ayudan a aumentar la concentraci\u00f3n y el estado de alerta, a potenciar la energ\u00eda mental y a mejorar la memoria.  <\/span><\/li>\n<li class=\"a-spacing-small\"><span class=\"a-list-item a-size-base\">REDUCE LA FATIGA, MEJORA LA CONCENTRACI\u00d3N &#8211; El Guaran\u00e1, una planta nativa del Amazonas, contiene naturalmente cafe\u00edna, y ha demostrado ser muy eficaz para reducir la fatiga y mejorar la concentraci\u00f3n mental. La combinaci\u00f3n de cafe\u00edna y teanina ha demostrado ser muy eficaz para mejorar el rendimiento cognitivo.  <\/span><\/li>\n<li class=\"a-spacing-small\"><span class=\"a-list-item a-size-base\">S\u00d3LO LOS MEJORES INGREDIENTES &#8211; Nuestro suplemento para la memoria est\u00e1 hecho de vitaminas, minerales y extractos de hierbas totalmente naturales, sin el uso de aditivos da\u00f1inos; no GMO, y libre de hormonas, gluten.  <\/span><\/li>\n<li class=\"a-spacing-small\"><span class=\"a-list-item a-size-base\">RESPALDADO POR LA CIENCIA &#8211; Se ha tenido mucho cuidado en combinar la cantidad justa de cada ingrediente en una f\u00f3rmula avanzada elaborada para ayudar a apoyar el ox\u00edgeno y la circulaci\u00f3n en las c\u00e9lulas del cerebro, y las neuronas dise\u00f1adas para apoyar la memoria, la concentraci\u00f3n y la claridad<\/span><\/li>\n<\/ul>\n","protected":false},"excerpt":{"rendered":"<p>Potenciador cognitivo &#8211; Potenciadores del cerebro que aumentan la concentraci\u00f3n, el estado de alerta y la memoria &#8211; P\u00edldoras de concentraci\u00f3n repletas de ingredientes naturales<\/p>\n","protected":false},"featured_media":16269,"template":"","meta":{"site-sidebar-layout":"default","site-content-layout":"default","ast-site-content-layout":"default","site-content-style":"default","site-sidebar-style":"default","ast-global-header-display":"","ast-banner-title-visibility":"","ast-main-header-display":"","ast-hfb-above-header-display":"","ast-hfb-below-header-display":"","ast-hfb-mobile-header-display":"","site-post-title":"","ast-breadcrumbs-content":"","ast-featured-img":"","footer-sml-layout":"","theme-transparent-header-meta":"default","adv-header-id-meta":"","stick-header-meta":"default","header-above-stick-meta":"","header-main-stick-meta":"","header-below-stick-meta":"","astra-migrate-meta-layouts":"default","ast-page-background-enabled":"default","ast-page-background-meta":{"desktop":{"background-color":"","background-image":"","background-repeat":"repeat","background-position":"center center","background-size":"auto","background-attachment":"scroll","background-type":"","background-media":"","overlay-type":"","overlay-color":"","overlay-opacity":"","overlay-gradient":""},"tablet":{"background-color":"","background-image":"","background-repeat":"repeat","background-position":"center center","background-size":"auto","background-attachment":"scroll","background-type":"","background-media":"","overlay-type":"","overlay-color":"","overlay-opacity":"","overlay-gradient":""},"mobile":{"background-color":"","background-image":"","background-repeat":"repeat","background-position":"center center","background-size":"auto","background-attachment":"scroll","background-type":"","background-media":"","overlay-type":"","overlay-color":"","overlay-opacity":"","overlay-gradient":""}},"ast-content-background-meta":{"desktop":{"background-color":"var(--ast-global-color-5)","background-image":"","background-repeat":"repeat","background-position":"center center","background-size":"auto","background-attachment":"scroll","background-type":"","background-media":"","overlay-type":"","overlay-color":"","overlay-opacity":"","overlay-gradient":""},"tablet":{"background-color":"var(--ast-global-color-5)","background-image":"","background-repeat":"repeat","background-position":"center center","background-size":"auto","background-attachment":"scroll","background-type":"","background-media":"","overlay-type":"","overlay-color":"","overlay-opacity":"","overlay-gradient":""},"mobile":{"background-color":"var(--ast-global-color-5)","background-image":"","background-repeat":"repeat","background-position":"center center","background-size":"auto","background-attachment":"scroll","background-type":"","background-media":"","overlay-type":"","overlay-color":"","overlay-opacity":"","overlay-gradient":""}}},"product_cat":[574,571,1311,573],"product_tag":[],"class_list":{"0":"post-9325","1":"product","2":"type-product","3":"status-publish","4":"has-post-thumbnail","6":"product_cat-complementos-alimenticios","7":"product_cat-estado-de-animo-y-bienestar","8":"product_cat-nutricion","9":"product_cat-potenciadores-del-cerebro","10":"has-subscription-plans","11":"desktop-align-left","12":"tablet-align-left","13":"mobile-align-left","15":"first","16":"instock","17":"sale","18":"taxable","19":"shipping-taxable","20":"purchasable","21":"product-type-simple"},"yoast_head":"<!-- This site is optimized with the Yoast SEO plugin v22.7 - https:\/\/yoast.com\/wordpress\/plugins\/seo\/ -->\n<title>Super Mind Nootropics - 60 C\u00e1psulas Veganas - JeaKen<\/title>\n<meta name=\"robots\" content=\"index, follow, max-snippet:-1, max-image-preview:large, max-video-preview:-1\" \/>\n<link rel=\"canonical\" href=\"https:\/\/jeaken.com\/es\/producto\/super-mind-nootropics-60-capsulas-veganas\/\" \/>\n<meta property=\"og:locale\" content=\"es_ES\" \/>\n<meta property=\"og:type\" content=\"article\" \/>\n<meta property=\"og:title\" content=\"Super Mind Nootropics - 60 C\u00e1psulas Veganas - JeaKen\" \/>\n<meta property=\"og:description\" content=\"Potenciador cognitivo - Potenciadores del cerebro que aumentan la concentraci\u00f3n, el estado de alerta y la memoria - P\u00edldoras de concentraci\u00f3n repletas de ingredientes naturales\" \/>\n<meta property=\"og:url\" content=\"https:\/\/jeaken.com\/es\/producto\/super-mind-nootropics-60-capsulas-veganas\/\" \/>\n<meta property=\"og:site_name\" content=\"JeaKen\" \/>\n<meta property=\"article:modified_time\" content=\"2022-10-17T18:43:27+00:00\" \/>\n<meta property=\"og:image\" content=\"https:\/\/jeaken.com\/wp-content\/uploads\/2023\/03\/Super-Mind.jpg\" \/>\n\t<meta property=\"og:image:width\" content=\"512\" \/>\n\t<meta property=\"og:image:height\" content=\"600\" \/>\n\t<meta property=\"og:image:type\" content=\"image\/jpeg\" \/>\n<meta name=\"twitter:card\" content=\"summary_large_image\" \/>\n<meta name=\"twitter:label1\" content=\"Est. reading time\" \/>\n\t<meta name=\"twitter:data1\" content=\"1 minute\" \/>\n<script type=\"application\/ld+json\" class=\"yoast-schema-graph\">{\"@context\":\"https:\/\/schema.org\",\"@graph\":[{\"@type\":\"WebPage\",\"@id\":\"https:\/\/jeaken.com\/es\/producto\/super-mind-nootropics-60-capsulas-veganas\/\",\"url\":\"https:\/\/jeaken.com\/es\/producto\/super-mind-nootropics-60-capsulas-veganas\/\",\"name\":\"Super Mind Nootropics - 60 C\u00e1psulas Veganas - JeaKen\",\"isPartOf\":{\"@id\":\"https:\/\/jeaken.com\/es\/#website\"},\"primaryImageOfPage\":{\"@id\":\"https:\/\/jeaken.com\/es\/producto\/super-mind-nootropics-60-capsulas-veganas\/#primaryimage\"},\"image\":{\"@id\":\"https:\/\/jeaken.com\/es\/producto\/super-mind-nootropics-60-capsulas-veganas\/#primaryimage\"},\"thumbnailUrl\":\"https:\/\/jeaken.com\/wp-content\/uploads\/2023\/03\/Super-Mind.jpg\",\"datePublished\":\"2022-10-17T18:33:11+00:00\",\"dateModified\":\"2022-10-17T18:43:27+00:00\",\"breadcrumb\":{\"@id\":\"https:\/\/jeaken.com\/es\/producto\/super-mind-nootropics-60-capsulas-veganas\/#breadcrumb\"},\"inLanguage\":\"es-ES\",\"potentialAction\":[{\"@type\":\"ReadAction\",\"target\":[\"https:\/\/jeaken.com\/es\/producto\/super-mind-nootropics-60-capsulas-veganas\/\"]}]},{\"@type\":\"ImageObject\",\"inLanguage\":\"es-ES\",\"@id\":\"https:\/\/jeaken.com\/es\/producto\/super-mind-nootropics-60-capsulas-veganas\/#primaryimage\",\"url\":\"https:\/\/jeaken.com\/wp-content\/uploads\/2023\/03\/Super-Mind.jpg\",\"contentUrl\":\"https:\/\/jeaken.com\/wp-content\/uploads\/2023\/03\/Super-Mind.jpg\",\"width\":512,\"height\":600,\"caption\":\"Super Mind Supplement\"},{\"@type\":\"BreadcrumbList\",\"@id\":\"https:\/\/jeaken.com\/es\/producto\/super-mind-nootropics-60-capsulas-veganas\/#breadcrumb\",\"itemListElement\":[{\"@type\":\"ListItem\",\"position\":1,\"name\":\"Home\",\"item\":\"https:\/\/jeaken.com\/es\/\"},{\"@type\":\"ListItem\",\"position\":2,\"name\":\"Private: Shop\",\"item\":\"https:\/\/jeaken.com\/shop\/\"},{\"@type\":\"ListItem\",\"position\":3,\"name\":\"Super Mind Nootropics &#8211; 60 C\u00e1psulas Veganas\"}]},{\"@type\":\"WebSite\",\"@id\":\"https:\/\/jeaken.com\/es\/#website\",\"url\":\"https:\/\/jeaken.com\/es\/\",\"name\":\"JeaKen\",\"description\":\"Organic Supplements for Health, Fitness and Nutrition\",\"publisher\":{\"@id\":\"https:\/\/jeaken.com\/es\/#organization\"},\"potentialAction\":[{\"@type\":\"SearchAction\",\"target\":{\"@type\":\"EntryPoint\",\"urlTemplate\":\"https:\/\/jeaken.com\/es\/?s={search_term_string}\"},\"query-input\":\"required name=search_term_string\"}],\"inLanguage\":\"es-ES\"},{\"@type\":\"Organization\",\"@id\":\"https:\/\/jeaken.com\/es\/#organization\",\"name\":\"JeaKen\",\"url\":\"https:\/\/jeaken.com\/es\/\",\"logo\":{\"@type\":\"ImageObject\",\"inLanguage\":\"es-ES\",\"@id\":\"https:\/\/jeaken.com\/es\/#\/schema\/logo\/image\/\",\"url\":\"https:\/\/jeaken.com\/wp-content\/uploads\/2022\/06\/jeaken-logo-23.png\",\"contentUrl\":\"https:\/\/jeaken.com\/wp-content\/uploads\/2022\/06\/jeaken-logo-23.png\",\"width\":2486,\"height\":736,\"caption\":\"JeaKen\"},\"image\":{\"@id\":\"https:\/\/jeaken.com\/es\/#\/schema\/logo\/image\/\"}}]}<\/script>\n<!-- \/ Yoast SEO plugin. -->","yoast_head_json":{"title":"Super Mind Nootropics - 60 C\u00e1psulas Veganas - JeaKen","robots":{"index":"index","follow":"follow","max-snippet":"max-snippet:-1","max-image-preview":"max-image-preview:large","max-video-preview":"max-video-preview:-1"},"canonical":"https:\/\/jeaken.com\/es\/producto\/super-mind-nootropics-60-capsulas-veganas\/","og_locale":"es_ES","og_type":"article","og_title":"Super Mind Nootropics - 60 C\u00e1psulas Veganas - JeaKen","og_description":"Potenciador cognitivo - Potenciadores del cerebro que aumentan la concentraci\u00f3n, el estado de alerta y la memoria - P\u00edldoras de concentraci\u00f3n repletas de ingredientes naturales","og_url":"https:\/\/jeaken.com\/es\/producto\/super-mind-nootropics-60-capsulas-veganas\/","og_site_name":"JeaKen","article_modified_time":"2022-10-17T18:43:27+00:00","og_image":[{"width":512,"height":600,"url":"https:\/\/jeaken.com\/wp-content\/uploads\/2023\/03\/Super-Mind.jpg","type":"image\/jpeg"}],"twitter_card":"summary_large_image","twitter_misc":{"Est. reading time":"1 minute"},"schema":{"@context":"https:\/\/schema.org","@graph":[{"@type":"WebPage","@id":"https:\/\/jeaken.com\/es\/producto\/super-mind-nootropics-60-capsulas-veganas\/","url":"https:\/\/jeaken.com\/es\/producto\/super-mind-nootropics-60-capsulas-veganas\/","name":"Super Mind Nootropics - 60 C\u00e1psulas Veganas - JeaKen","isPartOf":{"@id":"https:\/\/jeaken.com\/es\/#website"},"primaryImageOfPage":{"@id":"https:\/\/jeaken.com\/es\/producto\/super-mind-nootropics-60-capsulas-veganas\/#primaryimage"},"image":{"@id":"https:\/\/jeaken.com\/es\/producto\/super-mind-nootropics-60-capsulas-veganas\/#primaryimage"},"thumbnailUrl":"https:\/\/jeaken.com\/wp-content\/uploads\/2023\/03\/Super-Mind.jpg","datePublished":"2022-10-17T18:33:11+00:00","dateModified":"2022-10-17T18:43:27+00:00","breadcrumb":{"@id":"https:\/\/jeaken.com\/es\/producto\/super-mind-nootropics-60-capsulas-veganas\/#breadcrumb"},"inLanguage":"es-ES","potentialAction":[{"@type":"ReadAction","target":["https:\/\/jeaken.com\/es\/producto\/super-mind-nootropics-60-capsulas-veganas\/"]}]},{"@type":"ImageObject","inLanguage":"es-ES","@id":"https:\/\/jeaken.com\/es\/producto\/super-mind-nootropics-60-capsulas-veganas\/#primaryimage","url":"https:\/\/jeaken.com\/wp-content\/uploads\/2023\/03\/Super-Mind.jpg","contentUrl":"https:\/\/jeaken.com\/wp-content\/uploads\/2023\/03\/Super-Mind.jpg","width":512,"height":600,"caption":"Super Mind Supplement"},{"@type":"BreadcrumbList","@id":"https:\/\/jeaken.com\/es\/producto\/super-mind-nootropics-60-capsulas-veganas\/#breadcrumb","itemListElement":[{"@type":"ListItem","position":1,"name":"Home","item":"https:\/\/jeaken.com\/es\/"},{"@type":"ListItem","position":2,"name":"Private: Shop","item":"https:\/\/jeaken.com\/shop\/"},{"@type":"ListItem","position":3,"name":"Super Mind Nootropics &#8211; 60 C\u00e1psulas Veganas"}]},{"@type":"WebSite","@id":"https:\/\/jeaken.com\/es\/#website","url":"https:\/\/jeaken.com\/es\/","name":"JeaKen","description":"Organic Supplements for Health, Fitness and Nutrition","publisher":{"@id":"https:\/\/jeaken.com\/es\/#organization"},"potentialAction":[{"@type":"SearchAction","target":{"@type":"EntryPoint","urlTemplate":"https:\/\/jeaken.com\/es\/?s={search_term_string}"},"query-input":"required name=search_term_string"}],"inLanguage":"es-ES"},{"@type":"Organization","@id":"https:\/\/jeaken.com\/es\/#organization","name":"JeaKen","url":"https:\/\/jeaken.com\/es\/","logo":{"@type":"ImageObject","inLanguage":"es-ES","@id":"https:\/\/jeaken.com\/es\/#\/schema\/logo\/image\/","url":"https:\/\/jeaken.com\/wp-content\/uploads\/2022\/06\/jeaken-logo-23.png","contentUrl":"https:\/\/jeaken.com\/wp-content\/uploads\/2022\/06\/jeaken-logo-23.png","width":2486,"height":736,"caption":"JeaKen"},"image":{"@id":"https:\/\/jeaken.com\/es\/#\/schema\/logo\/image\/"}}]}},"jetpack_sharing_enabled":true,"_links":{"self":[{"href":"https:\/\/jeaken.com\/es\/wp-json\/wp\/v2\/product\/9325","targetHints":{"allow":["GET"]}}],"collection":[{"href":"https:\/\/jeaken.com\/es\/wp-json\/wp\/v2\/product"}],"about":[{"href":"https:\/\/jeaken.com\/es\/wp-json\/wp\/v2\/types\/product"}],"wp:featuredmedia":[{"embeddable":true,"href":"https:\/\/jeaken.com\/es\/wp-json\/wp\/v2\/media\/16269"}],"wp:attachment":[{"href":"https:\/\/jeaken.com\/es\/wp-json\/wp\/v2\/media?parent=9325"}],"wp:term":[{"taxonomy":"product_cat","embeddable":true,"href":"https:\/\/jeaken.com\/es\/wp-json\/wp\/v2\/product_cat?post=9325"},{"taxonomy":"product_tag","embeddable":true,"href":"https:\/\/jeaken.com\/es\/wp-json\/wp\/v2\/product_tag?post=9325"}],"curies":[{"name":"wp","href":"https:\/\/api.w.org\/{rel}","templated":true}]}}