{"id":8889,"date":"2022-07-21T19:18:16","date_gmt":"2022-07-21T18:18:16","guid":{"rendered":"https:\/product\/capsulas-de-hongos-cordyceps-para-mejorar-la-resistencia-y-el-alivio-de-la-ansiedad-y-el-estres-60-capsulas\/"},"modified":"2022-09-20T15:13:40","modified_gmt":"2022-09-20T14:13:40","slug":"capsulas-de-hongos-cordyceps-para-mejorar-la-resistencia-y-el-alivio-de-la-ansiedad-y-el-estres-60-capsulas","status":"publish","type":"product","link":"https:\/\/jeaken.com\/es\/producto\/capsulas-de-hongos-cordyceps-para-mejorar-la-resistencia-y-el-alivio-de-la-ansiedad-y-el-estres-60-capsulas\/","title":{"rendered":"C\u00e1psulas de hongos Cordyceps &#8211; Para mejorar la resistencia y el alivio de la ansiedad y el estr\u00e9s (60 c\u00e1psulas)"},"content":{"rendered":"<p><strong><span class=\"a-list-item\">SETAS 100% NATURALES  <\/span><\/strong><\/p>\n<p><span class=\"a-list-item\">Este suplemento est\u00e1 hecho exclusivamente de hongos cordyceps militaris al 100%. Los cuerpos fruct\u00edferos se cultivan para garantizar el mejor extracto de cordyceps posible, y los hongos se someten a una extracci\u00f3n con agua caliente para obtener los compuestos beneficiosos de beta-glucano y cordycepina. No a\u00f1adimos micelio, almid\u00f3n, granos ni rellenos a nuestros productos.  <\/span><\/p>\n<p><strong><span class=\"a-list-item\">MEJORA LA ENERG\u00cdA Y REFUERZA LA INMUNIDAD  <\/span><\/strong><\/p>\n<p><span class=\"a-list-item\">Al aumentar la cantidad de ox\u00edgeno, el extracto de Cordyceps aumenta significativamente la energ\u00eda y la inmunidad. El Cordyceps tambi\u00e9n estimula directamente la primera l\u00ednea de defensa del cuerpo contra las infecciones y una amplia gama de dolencias.<\/span><\/p>\n<p><strong><span class=\"a-list-item\">PROPORCIONA UN ALIVIO DEL ESTR\u00c9S Y LA ANSIEDAD  <\/span><\/strong><\/p>\n<p><span class=\"a-list-item\">Debido a su capacidad para aumentar la producci\u00f3n de ATP, el Cordyceps es uno de los hongos adapt\u00f3genos m\u00e1s eficaces para el alivio de los s\u00edntomas de la ansiedad y el estr\u00e9s.<\/span><\/p>\n<p><strong><span class=\"a-list-item\">AYUDA A REGULAR EL AZ\u00daCAR EN LA SANGRE  <\/span><\/strong><\/p>\n<p><span class=\"a-list-item\">  Varios ensayos cl\u00ednicos han demostrado el potencial del polvo de Cordyceps como agente regulador del az\u00facar en la sangre. En un estudio, el 95% de los pacientes tratados con Cordyceps mostraron una mejora en sus perfiles de az\u00facar en sangre, en comparaci\u00f3n con los resultados del 54% de mejora en el grupo de control.<\/span><\/p>\n<p>&nbsp;<\/p>\n","protected":false},"excerpt":{"rendered":"<h4>Una forma natural y eficaz de reforzar la inmunidad, aumentar la energ\u00eda y reducir el estr\u00e9s.<\/h4>\n<p>&nbsp;<\/p>\n","protected":false},"featured_media":15553,"template":"","meta":{"site-sidebar-layout":"default","site-content-layout":"default","ast-site-content-layout":"default","site-content-style":"default","site-sidebar-style":"default","ast-global-header-display":"","ast-banner-title-visibility":"","ast-main-header-display":"","ast-hfb-above-header-display":"","ast-hfb-below-header-display":"","ast-hfb-mobile-header-display":"","site-post-title":"","ast-breadcrumbs-content":"","ast-featured-img":"","footer-sml-layout":"","theme-transparent-header-meta":"default","adv-header-id-meta":"","stick-header-meta":"default","header-above-stick-meta":"","header-main-stick-meta":"","header-below-stick-meta":"","astra-migrate-meta-layouts":"default","ast-page-background-enabled":"default","ast-page-background-meta":{"desktop":{"background-color":"","background-image":"","background-repeat":"repeat","background-position":"center center","background-size":"auto","background-attachment":"scroll","background-type":"","background-media":"","overlay-type":"","overlay-color":"","overlay-opacity":"","overlay-gradient":""},"tablet":{"background-color":"","background-image":"","background-repeat":"repeat","background-position":"center center","background-size":"auto","background-attachment":"scroll","background-type":"","background-media":"","overlay-type":"","overlay-color":"","overlay-opacity":"","overlay-gradient":""},"mobile":{"background-color":"","background-image":"","background-repeat":"repeat","background-position":"center center","background-size":"auto","background-attachment":"scroll","background-type":"","background-media":"","overlay-type":"","overlay-color":"","overlay-opacity":"","overlay-gradient":""}},"ast-content-background-meta":{"desktop":{"background-color":"var(--ast-global-color-5)","background-image":"","background-repeat":"repeat","background-position":"center center","background-size":"auto","background-attachment":"scroll","background-type":"","background-media":"","overlay-type":"","overlay-color":"","overlay-opacity":"","overlay-gradient":""},"tablet":{"background-color":"var(--ast-global-color-5)","background-image":"","background-repeat":"repeat","background-position":"center center","background-size":"auto","background-attachment":"scroll","background-type":"","background-media":"","overlay-type":"","overlay-color":"","overlay-opacity":"","overlay-gradient":""},"mobile":{"background-color":"var(--ast-global-color-5)","background-image":"","background-repeat":"repeat","background-position":"center center","background-size":"auto","background-attachment":"scroll","background-type":"","background-media":"","overlay-type":"","overlay-color":"","overlay-opacity":"","overlay-gradient":""}}},"product_cat":[571,592,965,591,572],"product_tag":[1899,1901,1906,1903,1900,1904,1902,1905,1907,1908],"class_list":{"0":"post-8889","1":"product","2":"type-product","3":"status-publish","4":"has-post-thumbnail","6":"product_cat-estado-de-animo-y-bienestar","7":"product_cat-fatiga","8":"product_cat-fertilidad","9":"product_cat-nutricion-deportiva","10":"product_cat-salud-inmunologica","11":"product_tag-capsulas-de-cordyceps","12":"product_tag-capsulas-de-hongos-cordyceps","13":"product_tag-capsulas-de-rhodiola-rosea","14":"product_tag-cordyceps-sinensis-es","15":"product_tag-extracto-de-cordyceps","16":"product_tag-ganoderma-lucidum-es","17":"product_tag-polvo-de-cordyceps","18":"product_tag-polvo-de-hongos-melena-de-leon","19":"product_tag-suplemento-para-aliviar-el-estres","20":"product_tag-suplementos-para-la-ansiedad","21":"has-subscription-plans","22":"desktop-align-left","23":"tablet-align-left","24":"mobile-align-left","26":"first","27":"instock","28":"taxable","29":"shipping-taxable","30":"purchasable","31":"product-type-simple"},"yoast_head":"<!-- This site is optimized with the Yoast SEO plugin v22.7 - https:\/\/yoast.com\/wordpress\/plugins\/seo\/ -->\n<title>C\u00e1psulas de hongos Cordyceps - Para mejorar la resistencia y el alivio de la ansiedad y el estr\u00e9s (60 c\u00e1psulas) - JeaKen<\/title>\n<meta name=\"robots\" content=\"index, follow, max-snippet:-1, max-image-preview:large, max-video-preview:-1\" \/>\n<link rel=\"canonical\" href=\"https:\/\/jeaken.com\/es\/producto\/capsulas-de-hongos-cordyceps-para-mejorar-la-resistencia-y-el-alivio-de-la-ansiedad-y-el-estres-60-capsulas\/\" \/>\n<meta property=\"og:locale\" content=\"es_ES\" \/>\n<meta property=\"og:type\" content=\"article\" \/>\n<meta property=\"og:title\" content=\"C\u00e1psulas de hongos Cordyceps - Para mejorar la resistencia y el alivio de la ansiedad y el estr\u00e9s (60 c\u00e1psulas) - JeaKen\" \/>\n<meta property=\"og:description\" content=\"Una forma natural y eficaz de reforzar la inmunidad, aumentar la energ\u00eda y reducir el estr\u00e9s. &nbsp;\" \/>\n<meta property=\"og:url\" content=\"https:\/\/jeaken.com\/es\/producto\/capsulas-de-hongos-cordyceps-para-mejorar-la-resistencia-y-el-alivio-de-la-ansiedad-y-el-estres-60-capsulas\/\" \/>\n<meta property=\"og:site_name\" content=\"JeaKen\" \/>\n<meta property=\"article:modified_time\" content=\"2022-09-20T14:13:40+00:00\" \/>\n<meta property=\"og:image\" content=\"https:\/\/jeaken.com\/wp-content\/uploads\/2022\/07\/Cordyceps-1.jpg\" \/>\n\t<meta property=\"og:image:width\" content=\"512\" \/>\n\t<meta property=\"og:image:height\" content=\"600\" \/>\n\t<meta property=\"og:image:type\" content=\"image\/jpeg\" \/>\n<meta name=\"twitter:card\" content=\"summary_large_image\" \/>\n<meta name=\"twitter:label1\" content=\"Est. reading time\" \/>\n\t<meta name=\"twitter:data1\" content=\"1 minute\" \/>\n<script type=\"application\/ld+json\" class=\"yoast-schema-graph\">{\"@context\":\"https:\/\/schema.org\",\"@graph\":[{\"@type\":\"WebPage\",\"@id\":\"https:\/\/jeaken.com\/es\/producto\/capsulas-de-hongos-cordyceps-para-mejorar-la-resistencia-y-el-alivio-de-la-ansiedad-y-el-estres-60-capsulas\/\",\"url\":\"https:\/\/jeaken.com\/es\/producto\/capsulas-de-hongos-cordyceps-para-mejorar-la-resistencia-y-el-alivio-de-la-ansiedad-y-el-estres-60-capsulas\/\",\"name\":\"C\u00e1psulas de hongos Cordyceps - Para mejorar la resistencia y el alivio de la ansiedad y el estr\u00e9s (60 c\u00e1psulas) - JeaKen\",\"isPartOf\":{\"@id\":\"https:\/\/jeaken.com\/es\/#website\"},\"primaryImageOfPage\":{\"@id\":\"https:\/\/jeaken.com\/es\/producto\/capsulas-de-hongos-cordyceps-para-mejorar-la-resistencia-y-el-alivio-de-la-ansiedad-y-el-estres-60-capsulas\/#primaryimage\"},\"image\":{\"@id\":\"https:\/\/jeaken.com\/es\/producto\/capsulas-de-hongos-cordyceps-para-mejorar-la-resistencia-y-el-alivio-de-la-ansiedad-y-el-estres-60-capsulas\/#primaryimage\"},\"thumbnailUrl\":\"https:\/\/jeaken.com\/wp-content\/uploads\/2022\/07\/Cordyceps-1.jpg\",\"datePublished\":\"2022-07-21T18:18:16+00:00\",\"dateModified\":\"2022-09-20T14:13:40+00:00\",\"breadcrumb\":{\"@id\":\"https:\/\/jeaken.com\/es\/producto\/capsulas-de-hongos-cordyceps-para-mejorar-la-resistencia-y-el-alivio-de-la-ansiedad-y-el-estres-60-capsulas\/#breadcrumb\"},\"inLanguage\":\"es-ES\",\"potentialAction\":[{\"@type\":\"ReadAction\",\"target\":[\"https:\/\/jeaken.com\/es\/producto\/capsulas-de-hongos-cordyceps-para-mejorar-la-resistencia-y-el-alivio-de-la-ansiedad-y-el-estres-60-capsulas\/\"]}]},{\"@type\":\"ImageObject\",\"inLanguage\":\"es-ES\",\"@id\":\"https:\/\/jeaken.com\/es\/producto\/capsulas-de-hongos-cordyceps-para-mejorar-la-resistencia-y-el-alivio-de-la-ansiedad-y-el-estres-60-capsulas\/#primaryimage\",\"url\":\"https:\/\/jeaken.com\/wp-content\/uploads\/2022\/07\/Cordyceps-1.jpg\",\"contentUrl\":\"https:\/\/jeaken.com\/wp-content\/uploads\/2022\/07\/Cordyceps-1.jpg\",\"width\":512,\"height\":600,\"caption\":\"Cordyceps Mushroom Capsules\"},{\"@type\":\"BreadcrumbList\",\"@id\":\"https:\/\/jeaken.com\/es\/producto\/capsulas-de-hongos-cordyceps-para-mejorar-la-resistencia-y-el-alivio-de-la-ansiedad-y-el-estres-60-capsulas\/#breadcrumb\",\"itemListElement\":[{\"@type\":\"ListItem\",\"position\":1,\"name\":\"Home\",\"item\":\"https:\/\/jeaken.com\/es\/\"},{\"@type\":\"ListItem\",\"position\":2,\"name\":\"Private: Shop\",\"item\":\"https:\/\/jeaken.com\/shop\/\"},{\"@type\":\"ListItem\",\"position\":3,\"name\":\"C\u00e1psulas de hongos Cordyceps &#8211; Para mejorar la resistencia y el alivio de la ansiedad y el estr\u00e9s (60 c\u00e1psulas)\"}]},{\"@type\":\"WebSite\",\"@id\":\"https:\/\/jeaken.com\/es\/#website\",\"url\":\"https:\/\/jeaken.com\/es\/\",\"name\":\"JeaKen\",\"description\":\"Organic Supplements for Health, Fitness and Nutrition\",\"publisher\":{\"@id\":\"https:\/\/jeaken.com\/es\/#organization\"},\"potentialAction\":[{\"@type\":\"SearchAction\",\"target\":{\"@type\":\"EntryPoint\",\"urlTemplate\":\"https:\/\/jeaken.com\/es\/?s={search_term_string}\"},\"query-input\":\"required name=search_term_string\"}],\"inLanguage\":\"es-ES\"},{\"@type\":\"Organization\",\"@id\":\"https:\/\/jeaken.com\/es\/#organization\",\"name\":\"JeaKen\",\"url\":\"https:\/\/jeaken.com\/es\/\",\"logo\":{\"@type\":\"ImageObject\",\"inLanguage\":\"es-ES\",\"@id\":\"https:\/\/jeaken.com\/es\/#\/schema\/logo\/image\/\",\"url\":\"https:\/\/jeaken.com\/wp-content\/uploads\/2022\/06\/jeaken-logo-23.png\",\"contentUrl\":\"https:\/\/jeaken.com\/wp-content\/uploads\/2022\/06\/jeaken-logo-23.png\",\"width\":2486,\"height\":736,\"caption\":\"JeaKen\"},\"image\":{\"@id\":\"https:\/\/jeaken.com\/es\/#\/schema\/logo\/image\/\"}}]}<\/script>\n<!-- \/ Yoast SEO plugin. -->","yoast_head_json":{"title":"C\u00e1psulas de hongos Cordyceps - Para mejorar la resistencia y el alivio de la ansiedad y el estr\u00e9s (60 c\u00e1psulas) - JeaKen","robots":{"index":"index","follow":"follow","max-snippet":"max-snippet:-1","max-image-preview":"max-image-preview:large","max-video-preview":"max-video-preview:-1"},"canonical":"https:\/\/jeaken.com\/es\/producto\/capsulas-de-hongos-cordyceps-para-mejorar-la-resistencia-y-el-alivio-de-la-ansiedad-y-el-estres-60-capsulas\/","og_locale":"es_ES","og_type":"article","og_title":"C\u00e1psulas de hongos Cordyceps - Para mejorar la resistencia y el alivio de la ansiedad y el estr\u00e9s (60 c\u00e1psulas) - JeaKen","og_description":"Una forma natural y eficaz de reforzar la inmunidad, aumentar la energ\u00eda y reducir el estr\u00e9s. &nbsp;","og_url":"https:\/\/jeaken.com\/es\/producto\/capsulas-de-hongos-cordyceps-para-mejorar-la-resistencia-y-el-alivio-de-la-ansiedad-y-el-estres-60-capsulas\/","og_site_name":"JeaKen","article_modified_time":"2022-09-20T14:13:40+00:00","og_image":[{"width":512,"height":600,"url":"https:\/\/jeaken.com\/wp-content\/uploads\/2022\/07\/Cordyceps-1.jpg","type":"image\/jpeg"}],"twitter_card":"summary_large_image","twitter_misc":{"Est. reading time":"1 minute"},"schema":{"@context":"https:\/\/schema.org","@graph":[{"@type":"WebPage","@id":"https:\/\/jeaken.com\/es\/producto\/capsulas-de-hongos-cordyceps-para-mejorar-la-resistencia-y-el-alivio-de-la-ansiedad-y-el-estres-60-capsulas\/","url":"https:\/\/jeaken.com\/es\/producto\/capsulas-de-hongos-cordyceps-para-mejorar-la-resistencia-y-el-alivio-de-la-ansiedad-y-el-estres-60-capsulas\/","name":"C\u00e1psulas de hongos Cordyceps - Para mejorar la resistencia y el alivio de la ansiedad y el estr\u00e9s (60 c\u00e1psulas) - JeaKen","isPartOf":{"@id":"https:\/\/jeaken.com\/es\/#website"},"primaryImageOfPage":{"@id":"https:\/\/jeaken.com\/es\/producto\/capsulas-de-hongos-cordyceps-para-mejorar-la-resistencia-y-el-alivio-de-la-ansiedad-y-el-estres-60-capsulas\/#primaryimage"},"image":{"@id":"https:\/\/jeaken.com\/es\/producto\/capsulas-de-hongos-cordyceps-para-mejorar-la-resistencia-y-el-alivio-de-la-ansiedad-y-el-estres-60-capsulas\/#primaryimage"},"thumbnailUrl":"https:\/\/jeaken.com\/wp-content\/uploads\/2022\/07\/Cordyceps-1.jpg","datePublished":"2022-07-21T18:18:16+00:00","dateModified":"2022-09-20T14:13:40+00:00","breadcrumb":{"@id":"https:\/\/jeaken.com\/es\/producto\/capsulas-de-hongos-cordyceps-para-mejorar-la-resistencia-y-el-alivio-de-la-ansiedad-y-el-estres-60-capsulas\/#breadcrumb"},"inLanguage":"es-ES","potentialAction":[{"@type":"ReadAction","target":["https:\/\/jeaken.com\/es\/producto\/capsulas-de-hongos-cordyceps-para-mejorar-la-resistencia-y-el-alivio-de-la-ansiedad-y-el-estres-60-capsulas\/"]}]},{"@type":"ImageObject","inLanguage":"es-ES","@id":"https:\/\/jeaken.com\/es\/producto\/capsulas-de-hongos-cordyceps-para-mejorar-la-resistencia-y-el-alivio-de-la-ansiedad-y-el-estres-60-capsulas\/#primaryimage","url":"https:\/\/jeaken.com\/wp-content\/uploads\/2022\/07\/Cordyceps-1.jpg","contentUrl":"https:\/\/jeaken.com\/wp-content\/uploads\/2022\/07\/Cordyceps-1.jpg","width":512,"height":600,"caption":"Cordyceps Mushroom Capsules"},{"@type":"BreadcrumbList","@id":"https:\/\/jeaken.com\/es\/producto\/capsulas-de-hongos-cordyceps-para-mejorar-la-resistencia-y-el-alivio-de-la-ansiedad-y-el-estres-60-capsulas\/#breadcrumb","itemListElement":[{"@type":"ListItem","position":1,"name":"Home","item":"https:\/\/jeaken.com\/es\/"},{"@type":"ListItem","position":2,"name":"Private: Shop","item":"https:\/\/jeaken.com\/shop\/"},{"@type":"ListItem","position":3,"name":"C\u00e1psulas de hongos Cordyceps &#8211; Para mejorar la resistencia y el alivio de la ansiedad y el estr\u00e9s (60 c\u00e1psulas)"}]},{"@type":"WebSite","@id":"https:\/\/jeaken.com\/es\/#website","url":"https:\/\/jeaken.com\/es\/","name":"JeaKen","description":"Organic Supplements for Health, Fitness and Nutrition","publisher":{"@id":"https:\/\/jeaken.com\/es\/#organization"},"potentialAction":[{"@type":"SearchAction","target":{"@type":"EntryPoint","urlTemplate":"https:\/\/jeaken.com\/es\/?s={search_term_string}"},"query-input":"required name=search_term_string"}],"inLanguage":"es-ES"},{"@type":"Organization","@id":"https:\/\/jeaken.com\/es\/#organization","name":"JeaKen","url":"https:\/\/jeaken.com\/es\/","logo":{"@type":"ImageObject","inLanguage":"es-ES","@id":"https:\/\/jeaken.com\/es\/#\/schema\/logo\/image\/","url":"https:\/\/jeaken.com\/wp-content\/uploads\/2022\/06\/jeaken-logo-23.png","contentUrl":"https:\/\/jeaken.com\/wp-content\/uploads\/2022\/06\/jeaken-logo-23.png","width":2486,"height":736,"caption":"JeaKen"},"image":{"@id":"https:\/\/jeaken.com\/es\/#\/schema\/logo\/image\/"}}]}},"jetpack_sharing_enabled":true,"_links":{"self":[{"href":"https:\/\/jeaken.com\/es\/wp-json\/wp\/v2\/product\/8889","targetHints":{"allow":["GET"]}}],"collection":[{"href":"https:\/\/jeaken.com\/es\/wp-json\/wp\/v2\/product"}],"about":[{"href":"https:\/\/jeaken.com\/es\/wp-json\/wp\/v2\/types\/product"}],"wp:featuredmedia":[{"embeddable":true,"href":"https:\/\/jeaken.com\/es\/wp-json\/wp\/v2\/media\/15553"}],"wp:attachment":[{"href":"https:\/\/jeaken.com\/es\/wp-json\/wp\/v2\/media?parent=8889"}],"wp:term":[{"taxonomy":"product_cat","embeddable":true,"href":"https:\/\/jeaken.com\/es\/wp-json\/wp\/v2\/product_cat?post=8889"},{"taxonomy":"product_tag","embeddable":true,"href":"https:\/\/jeaken.com\/es\/wp-json\/wp\/v2\/product_tag?post=8889"}],"curies":[{"name":"wp","href":"https:\/\/api.w.org\/{rel}","templated":true}]}}