{"id":8800,"date":"2022-07-21T19:18:16","date_gmt":"2022-07-21T18:18:16","guid":{"rendered":"https:\/product\/nootropics-cognitive-enchancer-potenciador-de-la-concentracion-y-la-memoria-de-primera-calidad-60-capsulas\/"},"modified":"2022-09-08T15:51:14","modified_gmt":"2022-09-08T14:51:14","slug":"nootropics-cognitive-enchancer-potenciador-de-la-concentracion-y-la-memoria-de-primera-calidad-60-capsulas","status":"publish","type":"product","link":"https:\/\/jeaken.com\/es\/producto\/nootropics-cognitive-enchancer-potenciador-de-la-concentracion-y-la-memoria-de-primera-calidad-60-capsulas\/","title":{"rendered":"Nootropics Cognitive Enchancer &#8211; Potenciador de la concentraci\u00f3n y la memoria de primera calidad (60 c\u00e1psulas)"},"content":{"rendered":"<p><strong><span class=\"a-list-item\">AUMENTAR LA MEMORIA, LA CONCENTRACI\u00d3N Y EL ESTADO DE ALERTA  <\/span><\/strong><\/p>\n<p><span class=\"a-list-item\">Nuestras c\u00e1psulas nootr\u00f3picas para potenciar el cerebro est\u00e1n elaboradas con ingredientes naturales que ayudan a aumentar la concentraci\u00f3n y el estado de alerta, a potenciar la energ\u00eda mental y a mejorar la memoria.<\/span><\/p>\n<p><strong><span class=\"a-list-item\">REDUCE LA FATIGA Y MEJORA LA CONCENTRACI\u00d3N  <\/span><\/strong><\/p>\n<p><span class=\"a-list-item\">El guaran\u00e1, una planta originaria del Amazonas, contiene naturalmente cafe\u00edna, y ha demostrado ser eficaz para reducir la fatiga y mejorar la concentraci\u00f3n mental. La potente combinaci\u00f3n de cafe\u00edna y teanina es extremadamente eficaz para mejorar el rendimiento cognitivo.<\/span><\/p>\n<p><strong><span class=\"a-list-item\">INGREDIENTES NATURALES  <\/span><\/strong><\/p>\n<p><span class=\"a-list-item\">Nuestro suplemento para la memoria est\u00e1 hecho con vitaminas, minerales y extractos de hierbas totalmente naturales, sin el uso de aditivos da\u00f1inos. Nuestros suplementos no son OGM y est\u00e1n libres de hormonas y gluten.<\/span><\/p>\n<p><strong><span class=\"a-list-item\">RESPALDADO POR LA CIENCIA  <\/span><\/strong><\/p>\n<p><span class=\"a-list-item\">Se ha puesto gran cuidado en combinar la cantidad adecuada de cada ingrediente en una f\u00f3rmula avanzada. Este ha sido cuidadosamente elaborado para ayudar a apoyar el ox\u00edgeno y la circulaci\u00f3n en las c\u00e9lulas del cerebro, y las neuronas dise\u00f1adas para apoyar la memoria, el enfoque y la claridad.<\/span><\/p>\n<p class=\"a-spacing-mini\"><strong>MEJORA EL ESTADO DE \u00c1NIMO<\/strong><\/p>\n<p class=\"a-size-small\">Nuestros ingredientes de primera calidad favorecen los niveles saludables de serotonina y dopamina, que ayudan a mantener un estado de \u00e1nimo positivo.<\/p>\n<p class=\"a-size-small\">\n","protected":false},"excerpt":{"rendered":"<h4>Potente suplemento para aumentar la concentraci\u00f3n, mejorar la memoria y mejorar el estado de \u00e1nimo.<\/h4>\n<p>&nbsp;<\/p>\n<p>&nbsp;<\/p>\n","protected":false},"featured_media":3790,"template":"","meta":{"site-sidebar-layout":"default","site-content-layout":"default","ast-site-content-layout":"default","site-content-style":"default","site-sidebar-style":"default","ast-global-header-display":"","ast-banner-title-visibility":"","ast-main-header-display":"","ast-hfb-above-header-display":"","ast-hfb-below-header-display":"","ast-hfb-mobile-header-display":"","site-post-title":"","ast-breadcrumbs-content":"","ast-featured-img":"","footer-sml-layout":"","theme-transparent-header-meta":"default","adv-header-id-meta":"","stick-header-meta":"default","header-above-stick-meta":"","header-main-stick-meta":"","header-below-stick-meta":"","astra-migrate-meta-layouts":"default","ast-page-background-enabled":"default","ast-page-background-meta":{"desktop":{"background-color":"","background-image":"","background-repeat":"repeat","background-position":"center center","background-size":"auto","background-attachment":"scroll","background-type":"","background-media":"","overlay-type":"","overlay-color":"","overlay-opacity":"","overlay-gradient":""},"tablet":{"background-color":"","background-image":"","background-repeat":"repeat","background-position":"center center","background-size":"auto","background-attachment":"scroll","background-type":"","background-media":"","overlay-type":"","overlay-color":"","overlay-opacity":"","overlay-gradient":""},"mobile":{"background-color":"","background-image":"","background-repeat":"repeat","background-position":"center center","background-size":"auto","background-attachment":"scroll","background-type":"","background-media":"","overlay-type":"","overlay-color":"","overlay-opacity":"","overlay-gradient":""}},"ast-content-background-meta":{"desktop":{"background-color":"var(--ast-global-color-5)","background-image":"","background-repeat":"repeat","background-position":"center center","background-size":"auto","background-attachment":"scroll","background-type":"","background-media":"","overlay-type":"","overlay-color":"","overlay-opacity":"","overlay-gradient":""},"tablet":{"background-color":"var(--ast-global-color-5)","background-image":"","background-repeat":"repeat","background-position":"center center","background-size":"auto","background-attachment":"scroll","background-type":"","background-media":"","overlay-type":"","overlay-color":"","overlay-opacity":"","overlay-gradient":""},"mobile":{"background-color":"var(--ast-global-color-5)","background-image":"","background-repeat":"repeat","background-position":"center center","background-size":"auto","background-attachment":"scroll","background-type":"","background-media":"","overlay-type":"","overlay-color":"","overlay-opacity":"","overlay-gradient":""}}},"product_cat":[573,590],"product_tag":[1775,1793,1795,1797,1228,1779,1783,1787,1789,1791,1785,1799,1777,1781],"class_list":{"0":"post-8800","1":"product","2":"type-product","3":"status-publish","4":"has-post-thumbnail","6":"product_cat-potenciadores-del-cerebro","7":"product_cat-salud-del-corazon-y-del-cerebro","8":"product_tag-impulso-al-cerebro","9":"product_tag-neuro-one-es","10":"product_tag-nootropicos-impulso-cerebral","11":"product_tag-nootropicos-potenciadores-cognitivos","12":"product_tag-pastillas-de-cafeina","13":"product_tag-pastillas-para-el-cerebro","14":"product_tag-pildoras-de-concentracion","15":"product_tag-pildoras-de-enfoque","16":"product_tag-pildoras-de-memoria","17":"product_tag-suplemento-de-memoria","18":"product_tag-suplementos-de-dopamina","19":"product_tag-suplementos-nootropicos","20":"product_tag-suplementos-para-el-cerebro","21":"product_tag-vitamina-del-cerebro","22":"has-subscription-plans","23":"desktop-align-left","24":"tablet-align-left","25":"mobile-align-left","27":"first","28":"outofstock","29":"taxable","30":"shipping-taxable","31":"purchasable","32":"product-type-simple"},"yoast_head":"<!-- This site is optimized with the Yoast SEO plugin v22.7 - https:\/\/yoast.com\/wordpress\/plugins\/seo\/ -->\n<title>Nootropics Cognitive Enchancer - Potenciador de la concentraci\u00f3n y la memoria de primera calidad (60 c\u00e1psulas) - JeaKen<\/title>\n<meta name=\"robots\" content=\"index, follow, max-snippet:-1, max-image-preview:large, max-video-preview:-1\" \/>\n<link rel=\"canonical\" href=\"https:\/\/jeaken.com\/es\/producto\/nootropics-cognitive-enchancer-potenciador-de-la-concentracion-y-la-memoria-de-primera-calidad-60-capsulas\/\" \/>\n<meta property=\"og:locale\" content=\"es_ES\" \/>\n<meta property=\"og:type\" content=\"article\" \/>\n<meta property=\"og:title\" content=\"Nootropics Cognitive Enchancer - Potenciador de la concentraci\u00f3n y la memoria de primera calidad (60 c\u00e1psulas) - JeaKen\" \/>\n<meta property=\"og:description\" content=\"Potente suplemento para aumentar la concentraci\u00f3n, mejorar la memoria y mejorar el estado de \u00e1nimo. &nbsp; &nbsp;\" \/>\n<meta property=\"og:url\" content=\"https:\/\/jeaken.com\/es\/producto\/nootropics-cognitive-enchancer-potenciador-de-la-concentracion-y-la-memoria-de-primera-calidad-60-capsulas\/\" \/>\n<meta property=\"og:site_name\" content=\"JeaKen\" \/>\n<meta property=\"article:modified_time\" content=\"2022-09-08T14:51:14+00:00\" \/>\n<meta property=\"og:image\" content=\"https:\/\/jeaken.com\/wp-content\/uploads\/2022\/07\/71C1wDkeqPL._AC_SL1500_.jpg\" \/>\n\t<meta property=\"og:image:width\" content=\"600\" \/>\n\t<meta property=\"og:image:height\" content=\"600\" \/>\n\t<meta property=\"og:image:type\" content=\"image\/jpeg\" \/>\n<meta name=\"twitter:card\" content=\"summary_large_image\" \/>\n<meta name=\"twitter:label1\" content=\"Est. reading time\" \/>\n\t<meta name=\"twitter:data1\" content=\"1 minute\" \/>\n<script type=\"application\/ld+json\" class=\"yoast-schema-graph\">{\"@context\":\"https:\/\/schema.org\",\"@graph\":[{\"@type\":\"WebPage\",\"@id\":\"https:\/\/jeaken.com\/es\/producto\/nootropics-cognitive-enchancer-potenciador-de-la-concentracion-y-la-memoria-de-primera-calidad-60-capsulas\/\",\"url\":\"https:\/\/jeaken.com\/es\/producto\/nootropics-cognitive-enchancer-potenciador-de-la-concentracion-y-la-memoria-de-primera-calidad-60-capsulas\/\",\"name\":\"Nootropics Cognitive Enchancer - Potenciador de la concentraci\u00f3n y la memoria de primera calidad (60 c\u00e1psulas) - JeaKen\",\"isPartOf\":{\"@id\":\"https:\/\/jeaken.com\/es\/#website\"},\"primaryImageOfPage\":{\"@id\":\"https:\/\/jeaken.com\/es\/producto\/nootropics-cognitive-enchancer-potenciador-de-la-concentracion-y-la-memoria-de-primera-calidad-60-capsulas\/#primaryimage\"},\"image\":{\"@id\":\"https:\/\/jeaken.com\/es\/producto\/nootropics-cognitive-enchancer-potenciador-de-la-concentracion-y-la-memoria-de-primera-calidad-60-capsulas\/#primaryimage\"},\"thumbnailUrl\":\"https:\/\/jeaken.com\/wp-content\/uploads\/2022\/07\/71C1wDkeqPL._AC_SL1500_.jpg\",\"datePublished\":\"2022-07-21T18:18:16+00:00\",\"dateModified\":\"2022-09-08T14:51:14+00:00\",\"breadcrumb\":{\"@id\":\"https:\/\/jeaken.com\/es\/producto\/nootropics-cognitive-enchancer-potenciador-de-la-concentracion-y-la-memoria-de-primera-calidad-60-capsulas\/#breadcrumb\"},\"inLanguage\":\"es-ES\",\"potentialAction\":[{\"@type\":\"ReadAction\",\"target\":[\"https:\/\/jeaken.com\/es\/producto\/nootropics-cognitive-enchancer-potenciador-de-la-concentracion-y-la-memoria-de-primera-calidad-60-capsulas\/\"]}]},{\"@type\":\"ImageObject\",\"inLanguage\":\"es-ES\",\"@id\":\"https:\/\/jeaken.com\/es\/producto\/nootropics-cognitive-enchancer-potenciador-de-la-concentracion-y-la-memoria-de-primera-calidad-60-capsulas\/#primaryimage\",\"url\":\"https:\/\/jeaken.com\/wp-content\/uploads\/2022\/07\/71C1wDkeqPL._AC_SL1500_.jpg\",\"contentUrl\":\"https:\/\/jeaken.com\/wp-content\/uploads\/2022\/07\/71C1wDkeqPL._AC_SL1500_.jpg\",\"width\":600,\"height\":600,\"caption\":\"Nootropics Cognitive Enchancer - Premium Concentration and Memory Enhancers\"},{\"@type\":\"BreadcrumbList\",\"@id\":\"https:\/\/jeaken.com\/es\/producto\/nootropics-cognitive-enchancer-potenciador-de-la-concentracion-y-la-memoria-de-primera-calidad-60-capsulas\/#breadcrumb\",\"itemListElement\":[{\"@type\":\"ListItem\",\"position\":1,\"name\":\"Home\",\"item\":\"https:\/\/jeaken.com\/es\/\"},{\"@type\":\"ListItem\",\"position\":2,\"name\":\"Private: Shop\",\"item\":\"https:\/\/jeaken.com\/shop\/\"},{\"@type\":\"ListItem\",\"position\":3,\"name\":\"Nootropics Cognitive Enchancer &#8211; Potenciador de la concentraci\u00f3n y la memoria de primera calidad (60 c\u00e1psulas)\"}]},{\"@type\":\"WebSite\",\"@id\":\"https:\/\/jeaken.com\/es\/#website\",\"url\":\"https:\/\/jeaken.com\/es\/\",\"name\":\"JeaKen\",\"description\":\"Organic Supplements for Health, Fitness and Nutrition\",\"publisher\":{\"@id\":\"https:\/\/jeaken.com\/es\/#organization\"},\"potentialAction\":[{\"@type\":\"SearchAction\",\"target\":{\"@type\":\"EntryPoint\",\"urlTemplate\":\"https:\/\/jeaken.com\/es\/?s={search_term_string}\"},\"query-input\":\"required name=search_term_string\"}],\"inLanguage\":\"es-ES\"},{\"@type\":\"Organization\",\"@id\":\"https:\/\/jeaken.com\/es\/#organization\",\"name\":\"JeaKen\",\"url\":\"https:\/\/jeaken.com\/es\/\",\"logo\":{\"@type\":\"ImageObject\",\"inLanguage\":\"es-ES\",\"@id\":\"https:\/\/jeaken.com\/es\/#\/schema\/logo\/image\/\",\"url\":\"https:\/\/jeaken.com\/wp-content\/uploads\/2022\/06\/jeaken-logo-23.png\",\"contentUrl\":\"https:\/\/jeaken.com\/wp-content\/uploads\/2022\/06\/jeaken-logo-23.png\",\"width\":2486,\"height\":736,\"caption\":\"JeaKen\"},\"image\":{\"@id\":\"https:\/\/jeaken.com\/es\/#\/schema\/logo\/image\/\"}}]}<\/script>\n<!-- \/ Yoast SEO plugin. -->","yoast_head_json":{"title":"Nootropics Cognitive Enchancer - Potenciador de la concentraci\u00f3n y la memoria de primera calidad (60 c\u00e1psulas) - JeaKen","robots":{"index":"index","follow":"follow","max-snippet":"max-snippet:-1","max-image-preview":"max-image-preview:large","max-video-preview":"max-video-preview:-1"},"canonical":"https:\/\/jeaken.com\/es\/producto\/nootropics-cognitive-enchancer-potenciador-de-la-concentracion-y-la-memoria-de-primera-calidad-60-capsulas\/","og_locale":"es_ES","og_type":"article","og_title":"Nootropics Cognitive Enchancer - Potenciador de la concentraci\u00f3n y la memoria de primera calidad (60 c\u00e1psulas) - JeaKen","og_description":"Potente suplemento para aumentar la concentraci\u00f3n, mejorar la memoria y mejorar el estado de \u00e1nimo. &nbsp; &nbsp;","og_url":"https:\/\/jeaken.com\/es\/producto\/nootropics-cognitive-enchancer-potenciador-de-la-concentracion-y-la-memoria-de-primera-calidad-60-capsulas\/","og_site_name":"JeaKen","article_modified_time":"2022-09-08T14:51:14+00:00","og_image":[{"width":600,"height":600,"url":"https:\/\/jeaken.com\/wp-content\/uploads\/2022\/07\/71C1wDkeqPL._AC_SL1500_.jpg","type":"image\/jpeg"}],"twitter_card":"summary_large_image","twitter_misc":{"Est. reading time":"1 minute"},"schema":{"@context":"https:\/\/schema.org","@graph":[{"@type":"WebPage","@id":"https:\/\/jeaken.com\/es\/producto\/nootropics-cognitive-enchancer-potenciador-de-la-concentracion-y-la-memoria-de-primera-calidad-60-capsulas\/","url":"https:\/\/jeaken.com\/es\/producto\/nootropics-cognitive-enchancer-potenciador-de-la-concentracion-y-la-memoria-de-primera-calidad-60-capsulas\/","name":"Nootropics Cognitive Enchancer - Potenciador de la concentraci\u00f3n y la memoria de primera calidad (60 c\u00e1psulas) - JeaKen","isPartOf":{"@id":"https:\/\/jeaken.com\/es\/#website"},"primaryImageOfPage":{"@id":"https:\/\/jeaken.com\/es\/producto\/nootropics-cognitive-enchancer-potenciador-de-la-concentracion-y-la-memoria-de-primera-calidad-60-capsulas\/#primaryimage"},"image":{"@id":"https:\/\/jeaken.com\/es\/producto\/nootropics-cognitive-enchancer-potenciador-de-la-concentracion-y-la-memoria-de-primera-calidad-60-capsulas\/#primaryimage"},"thumbnailUrl":"https:\/\/jeaken.com\/wp-content\/uploads\/2022\/07\/71C1wDkeqPL._AC_SL1500_.jpg","datePublished":"2022-07-21T18:18:16+00:00","dateModified":"2022-09-08T14:51:14+00:00","breadcrumb":{"@id":"https:\/\/jeaken.com\/es\/producto\/nootropics-cognitive-enchancer-potenciador-de-la-concentracion-y-la-memoria-de-primera-calidad-60-capsulas\/#breadcrumb"},"inLanguage":"es-ES","potentialAction":[{"@type":"ReadAction","target":["https:\/\/jeaken.com\/es\/producto\/nootropics-cognitive-enchancer-potenciador-de-la-concentracion-y-la-memoria-de-primera-calidad-60-capsulas\/"]}]},{"@type":"ImageObject","inLanguage":"es-ES","@id":"https:\/\/jeaken.com\/es\/producto\/nootropics-cognitive-enchancer-potenciador-de-la-concentracion-y-la-memoria-de-primera-calidad-60-capsulas\/#primaryimage","url":"https:\/\/jeaken.com\/wp-content\/uploads\/2022\/07\/71C1wDkeqPL._AC_SL1500_.jpg","contentUrl":"https:\/\/jeaken.com\/wp-content\/uploads\/2022\/07\/71C1wDkeqPL._AC_SL1500_.jpg","width":600,"height":600,"caption":"Nootropics Cognitive Enchancer - Premium Concentration and Memory Enhancers"},{"@type":"BreadcrumbList","@id":"https:\/\/jeaken.com\/es\/producto\/nootropics-cognitive-enchancer-potenciador-de-la-concentracion-y-la-memoria-de-primera-calidad-60-capsulas\/#breadcrumb","itemListElement":[{"@type":"ListItem","position":1,"name":"Home","item":"https:\/\/jeaken.com\/es\/"},{"@type":"ListItem","position":2,"name":"Private: Shop","item":"https:\/\/jeaken.com\/shop\/"},{"@type":"ListItem","position":3,"name":"Nootropics Cognitive Enchancer &#8211; Potenciador de la concentraci\u00f3n y la memoria de primera calidad (60 c\u00e1psulas)"}]},{"@type":"WebSite","@id":"https:\/\/jeaken.com\/es\/#website","url":"https:\/\/jeaken.com\/es\/","name":"JeaKen","description":"Organic Supplements for Health, Fitness and Nutrition","publisher":{"@id":"https:\/\/jeaken.com\/es\/#organization"},"potentialAction":[{"@type":"SearchAction","target":{"@type":"EntryPoint","urlTemplate":"https:\/\/jeaken.com\/es\/?s={search_term_string}"},"query-input":"required name=search_term_string"}],"inLanguage":"es-ES"},{"@type":"Organization","@id":"https:\/\/jeaken.com\/es\/#organization","name":"JeaKen","url":"https:\/\/jeaken.com\/es\/","logo":{"@type":"ImageObject","inLanguage":"es-ES","@id":"https:\/\/jeaken.com\/es\/#\/schema\/logo\/image\/","url":"https:\/\/jeaken.com\/wp-content\/uploads\/2022\/06\/jeaken-logo-23.png","contentUrl":"https:\/\/jeaken.com\/wp-content\/uploads\/2022\/06\/jeaken-logo-23.png","width":2486,"height":736,"caption":"JeaKen"},"image":{"@id":"https:\/\/jeaken.com\/es\/#\/schema\/logo\/image\/"}}]}},"jetpack_sharing_enabled":true,"_links":{"self":[{"href":"https:\/\/jeaken.com\/es\/wp-json\/wp\/v2\/product\/8800","targetHints":{"allow":["GET"]}}],"collection":[{"href":"https:\/\/jeaken.com\/es\/wp-json\/wp\/v2\/product"}],"about":[{"href":"https:\/\/jeaken.com\/es\/wp-json\/wp\/v2\/types\/product"}],"wp:featuredmedia":[{"embeddable":true,"href":"https:\/\/jeaken.com\/es\/wp-json\/wp\/v2\/media\/3790"}],"wp:attachment":[{"href":"https:\/\/jeaken.com\/es\/wp-json\/wp\/v2\/media?parent=8800"}],"wp:term":[{"taxonomy":"product_cat","embeddable":true,"href":"https:\/\/jeaken.com\/es\/wp-json\/wp\/v2\/product_cat?post=8800"},{"taxonomy":"product_tag","embeddable":true,"href":"https:\/\/jeaken.com\/es\/wp-json\/wp\/v2\/product_tag?post=8800"}],"curies":[{"name":"wp","href":"https:\/\/api.w.org\/{rel}","templated":true}]}}