{"id":8792,"date":"2022-07-21T19:18:16","date_gmt":"2022-07-21T18:18:16","guid":{"rendered":"https:\/product\/probioticos-con-prebioticos-90-capsulas\/"},"modified":"2022-09-08T13:30:38","modified_gmt":"2022-09-08T12:30:38","slug":"probioticos-con-prebioticos-90-capsulas","status":"publish","type":"product","link":"https:\/\/jeaken.com\/es\/producto\/probioticos-con-prebioticos-90-capsulas\/","title":{"rendered":"<strong>Probi\u00f3ticos con prebi\u00f3ticos &#8211; (90 c\u00e1psulas)<strong>"},"content":{"rendered":"<p><strong>ALIVIO DE LA HINCHAZ\u00d3N  <\/strong><\/p>\n<p>Nuestras c\u00e1psulas se derivan de la familia de probi\u00f3ticos Lactobacillus, que son los probi\u00f3ticos m\u00e1s eficaces para ayudar a mantener un sistema digestivo saludable.<span class=\"a-list-item a-size-base\">  Nuestras cepas de bacterias, cuidadosamente seleccionadas, se encuentran entre las m\u00e1s conocidas para ayudar a aliviar la sensaci\u00f3n de hinchaz\u00f3n y plenitud.  <\/span><\/p>\n<p><span class=\"a-list-item a-size-base\"><strong>6 CEPAS ACTIVAS DE 10 MIL MILLONES DE UFC POR PORCI\u00d3N<\/strong> <\/span><\/p>\n<p><span class=\"a-list-item a-size-base\">Nuestro complejo de probi\u00f3ticos ofrece las 6 cepas m\u00e1s eficaces: lactobacillus acidophillus, lactobacillus rhamnosus, lactobacillus gasseri, bifidobacterium lactis, bifidobacterium bifidus y saccharomyces boullardii.<\/span><\/p>\n<p><strong>  SOBREVIVE GRACIAS A LA ACIDEZ DEL EST\u00d3MAGO  <\/strong><\/p>\n<p>Saccharomyces boulardii es un probi\u00f3tico <span class=\"a-list-item a-size-base\">bien investigado y<\/span> aclamado internacionalmente, que ha demostrado sobrevivir a la acidez del est\u00f3mago para llegar vivo al intestino.<\/p>\n<p><b>M\u00daLTIPLES BENEFICIOS PARA LA SALUD<\/b><\/p>\n<p>Nuestra innovadora f\u00f3rmula est\u00e1 reforzada con inulina, una fibra prebi\u00f3tica con potentes beneficios para la salud, entre los que se incluyen la mejora de la inmunidad, la mejora de los niveles de colesterol y la mejora del metabolismo.<span class=\"a-list-item\"><br \/>\n  <span class=\"a-size-base\">egularidad, mejor absorci\u00f3n de<\/span><br \/>\n<\/span><span class=\"a-list-item\"><br \/>\n  <span class=\"a-size-base\">a absorci\u00f3n de nutrientes, la p\u00e9rdida de peso, la mejora de la salud del tracto urinario, la mejora de los niveles de colesterol y la mejora del metabolismo.<\/span><br \/>\n<\/span><\/p>\n<p><strong>ELABORADO CON INGREDIENTES NATURALES<\/strong><\/p>\n<p>Nuestras c\u00e1psulas aptas para veganos son 100% puras y naturales con ingredientes no transg\u00e9nicos<\/p>\n","protected":false},"excerpt":{"rendered":"<p><b>Seis cepas activas de <span class=\"a-list-item a-size-base\"><br \/>\n  <strong>10 mil millones de UFC por porci\u00f3n para <\/strong><br \/>\n<\/span>alivio de la hinchaz\u00f3n, salud intestinal y m\u00faltiples beneficios para la salud.  <\/b><\/p>\n","protected":false},"featured_media":15794,"template":"","meta":{"site-sidebar-layout":"default","site-content-layout":"default","ast-site-content-layout":"default","site-content-style":"default","site-sidebar-style":"default","ast-global-header-display":"","ast-banner-title-visibility":"","ast-main-header-display":"","ast-hfb-above-header-display":"","ast-hfb-below-header-display":"","ast-hfb-mobile-header-display":"","site-post-title":"","ast-breadcrumbs-content":"","ast-featured-img":"","footer-sml-layout":"","theme-transparent-header-meta":"default","adv-header-id-meta":"","stick-header-meta":"default","header-above-stick-meta":"","header-main-stick-meta":"","header-below-stick-meta":"","astra-migrate-meta-layouts":"default","ast-page-background-enabled":"default","ast-page-background-meta":{"desktop":{"background-color":"","background-image":"","background-repeat":"repeat","background-position":"center center","background-size":"auto","background-attachment":"scroll","background-type":"","background-media":"","overlay-type":"","overlay-color":"","overlay-opacity":"","overlay-gradient":""},"tablet":{"background-color":"","background-image":"","background-repeat":"repeat","background-position":"center center","background-size":"auto","background-attachment":"scroll","background-type":"","background-media":"","overlay-type":"","overlay-color":"","overlay-opacity":"","overlay-gradient":""},"mobile":{"background-color":"","background-image":"","background-repeat":"repeat","background-position":"center center","background-size":"auto","background-attachment":"scroll","background-type":"","background-media":"","overlay-type":"","overlay-color":"","overlay-opacity":"","overlay-gradient":""}},"ast-content-background-meta":{"desktop":{"background-color":"var(--ast-global-color-5)","background-image":"","background-repeat":"repeat","background-position":"center center","background-size":"auto","background-attachment":"scroll","background-type":"","background-media":"","overlay-type":"","overlay-color":"","overlay-opacity":"","overlay-gradient":""},"tablet":{"background-color":"var(--ast-global-color-5)","background-image":"","background-repeat":"repeat","background-position":"center center","background-size":"auto","background-attachment":"scroll","background-type":"","background-media":"","overlay-type":"","overlay-color":"","overlay-opacity":"","overlay-gradient":""},"mobile":{"background-color":"var(--ast-global-color-5)","background-image":"","background-repeat":"repeat","background-position":"center center","background-size":"auto","background-attachment":"scroll","background-type":"","background-media":"","overlay-type":"","overlay-color":"","overlay-opacity":"","overlay-gradient":""}}},"product_cat":[675,674],"product_tag":[1713,1710,1731,1735,1725,1740,1729,1737,1739,1720,1733,1717],"class_list":{"0":"post-8792","1":"product","2":"type-product","3":"status-publish","4":"has-post-thumbnail","6":"product_cat-alivio-de-la-hinchazon","7":"product_cat-salud-digestiva","8":"product_tag-alivio-de-la-hinchazon","9":"product_tag-capsulas-de-acidophilus","10":"product_tag-capsulas-pro-biotics","11":"product_tag-comprimidos-probioticos","12":"product_tag-lactobacillus-rhamnosus-es","13":"product_tag-pastillas-para-la-candidiasis","14":"product_tag-prebioticos-para-adultos","15":"product_tag-probioticos-para-adultos","16":"product_tag-probioticos-para-mujeres","17":"product_tag-salud-intestinal","18":"product_tag-suplemento-probiotico","19":"product_tag-tratamiento-de-la-candida","20":"has-subscription-plans","21":"desktop-align-left","22":"tablet-align-left","23":"mobile-align-left","25":"first","26":"instock","27":"sale","28":"taxable","29":"shipping-taxable","30":"purchasable","31":"product-type-simple"},"yoast_head":"<!-- This site is optimized with the Yoast SEO plugin v22.7 - https:\/\/yoast.com\/wordpress\/plugins\/seo\/ -->\n<title>Probi\u00f3ticos con prebi\u00f3ticos - (90 c\u00e1psulas) - JeaKen<\/title>\n<meta name=\"robots\" content=\"index, follow, max-snippet:-1, max-image-preview:large, max-video-preview:-1\" \/>\n<link rel=\"canonical\" href=\"https:\/\/jeaken.com\/es\/producto\/probioticos-con-prebioticos-90-capsulas\/\" \/>\n<meta property=\"og:locale\" content=\"es_ES\" \/>\n<meta property=\"og:type\" content=\"article\" \/>\n<meta property=\"og:title\" content=\"Probi\u00f3ticos con prebi\u00f3ticos - (90 c\u00e1psulas) - JeaKen\" \/>\n<meta property=\"og:description\" content=\"Seis cepas activas de  10 mil millones de UFC por porci\u00f3n para alivio de la hinchaz\u00f3n, salud intestinal y m\u00faltiples beneficios para la salud.\" \/>\n<meta property=\"og:url\" content=\"https:\/\/jeaken.com\/es\/producto\/probioticos-con-prebioticos-90-capsulas\/\" \/>\n<meta property=\"og:site_name\" content=\"JeaKen\" \/>\n<meta property=\"article:modified_time\" content=\"2022-09-08T12:30:38+00:00\" \/>\n<meta property=\"og:image\" content=\"https:\/\/jeaken.com\/wp-content\/uploads\/2022\/07\/Probiotics-90-1.jpg\" \/>\n\t<meta property=\"og:image:width\" content=\"512\" \/>\n\t<meta property=\"og:image:height\" content=\"600\" \/>\n\t<meta property=\"og:image:type\" content=\"image\/jpeg\" \/>\n<meta name=\"twitter:card\" content=\"summary_large_image\" \/>\n<meta name=\"twitter:label1\" content=\"Est. reading time\" \/>\n\t<meta name=\"twitter:data1\" content=\"1 minute\" \/>\n<script type=\"application\/ld+json\" class=\"yoast-schema-graph\">{\"@context\":\"https:\/\/schema.org\",\"@graph\":[{\"@type\":\"WebPage\",\"@id\":\"https:\/\/jeaken.com\/es\/producto\/probioticos-con-prebioticos-90-capsulas\/\",\"url\":\"https:\/\/jeaken.com\/es\/producto\/probioticos-con-prebioticos-90-capsulas\/\",\"name\":\"Probi\u00f3ticos con prebi\u00f3ticos - (90 c\u00e1psulas) - JeaKen\",\"isPartOf\":{\"@id\":\"https:\/\/jeaken.com\/es\/#website\"},\"primaryImageOfPage\":{\"@id\":\"https:\/\/jeaken.com\/es\/producto\/probioticos-con-prebioticos-90-capsulas\/#primaryimage\"},\"image\":{\"@id\":\"https:\/\/jeaken.com\/es\/producto\/probioticos-con-prebioticos-90-capsulas\/#primaryimage\"},\"thumbnailUrl\":\"https:\/\/jeaken.com\/wp-content\/uploads\/2022\/07\/Probiotics-90-1.jpg\",\"datePublished\":\"2022-07-21T18:18:16+00:00\",\"dateModified\":\"2022-09-08T12:30:38+00:00\",\"breadcrumb\":{\"@id\":\"https:\/\/jeaken.com\/es\/producto\/probioticos-con-prebioticos-90-capsulas\/#breadcrumb\"},\"inLanguage\":\"es-ES\",\"potentialAction\":[{\"@type\":\"ReadAction\",\"target\":[\"https:\/\/jeaken.com\/es\/producto\/probioticos-con-prebioticos-90-capsulas\/\"]}]},{\"@type\":\"ImageObject\",\"inLanguage\":\"es-ES\",\"@id\":\"https:\/\/jeaken.com\/es\/producto\/probioticos-con-prebioticos-90-capsulas\/#primaryimage\",\"url\":\"https:\/\/jeaken.com\/wp-content\/uploads\/2022\/07\/Probiotics-90-1.jpg\",\"contentUrl\":\"https:\/\/jeaken.com\/wp-content\/uploads\/2022\/07\/Probiotics-90-1.jpg\",\"width\":512,\"height\":600,\"caption\":\"6 Strains Probiotics with Prebiotics\"},{\"@type\":\"BreadcrumbList\",\"@id\":\"https:\/\/jeaken.com\/es\/producto\/probioticos-con-prebioticos-90-capsulas\/#breadcrumb\",\"itemListElement\":[{\"@type\":\"ListItem\",\"position\":1,\"name\":\"Home\",\"item\":\"https:\/\/jeaken.com\/es\/\"},{\"@type\":\"ListItem\",\"position\":2,\"name\":\"Private: Shop\",\"item\":\"https:\/\/jeaken.com\/shop\/\"},{\"@type\":\"ListItem\",\"position\":3,\"name\":\"Probi\u00f3ticos con prebi\u00f3ticos &#8211; (90 c\u00e1psulas)\"}]},{\"@type\":\"WebSite\",\"@id\":\"https:\/\/jeaken.com\/es\/#website\",\"url\":\"https:\/\/jeaken.com\/es\/\",\"name\":\"JeaKen\",\"description\":\"Organic Supplements for Health, Fitness and Nutrition\",\"publisher\":{\"@id\":\"https:\/\/jeaken.com\/es\/#organization\"},\"potentialAction\":[{\"@type\":\"SearchAction\",\"target\":{\"@type\":\"EntryPoint\",\"urlTemplate\":\"https:\/\/jeaken.com\/es\/?s={search_term_string}\"},\"query-input\":\"required name=search_term_string\"}],\"inLanguage\":\"es-ES\"},{\"@type\":\"Organization\",\"@id\":\"https:\/\/jeaken.com\/es\/#organization\",\"name\":\"JeaKen\",\"url\":\"https:\/\/jeaken.com\/es\/\",\"logo\":{\"@type\":\"ImageObject\",\"inLanguage\":\"es-ES\",\"@id\":\"https:\/\/jeaken.com\/es\/#\/schema\/logo\/image\/\",\"url\":\"https:\/\/jeaken.com\/wp-content\/uploads\/2022\/06\/jeaken-logo-23.png\",\"contentUrl\":\"https:\/\/jeaken.com\/wp-content\/uploads\/2022\/06\/jeaken-logo-23.png\",\"width\":2486,\"height\":736,\"caption\":\"JeaKen\"},\"image\":{\"@id\":\"https:\/\/jeaken.com\/es\/#\/schema\/logo\/image\/\"}}]}<\/script>\n<!-- \/ Yoast SEO plugin. -->","yoast_head_json":{"title":"Probi\u00f3ticos con prebi\u00f3ticos - (90 c\u00e1psulas) - JeaKen","robots":{"index":"index","follow":"follow","max-snippet":"max-snippet:-1","max-image-preview":"max-image-preview:large","max-video-preview":"max-video-preview:-1"},"canonical":"https:\/\/jeaken.com\/es\/producto\/probioticos-con-prebioticos-90-capsulas\/","og_locale":"es_ES","og_type":"article","og_title":"Probi\u00f3ticos con prebi\u00f3ticos - (90 c\u00e1psulas) - JeaKen","og_description":"Seis cepas activas de  10 mil millones de UFC por porci\u00f3n para alivio de la hinchaz\u00f3n, salud intestinal y m\u00faltiples beneficios para la salud.","og_url":"https:\/\/jeaken.com\/es\/producto\/probioticos-con-prebioticos-90-capsulas\/","og_site_name":"JeaKen","article_modified_time":"2022-09-08T12:30:38+00:00","og_image":[{"width":512,"height":600,"url":"https:\/\/jeaken.com\/wp-content\/uploads\/2022\/07\/Probiotics-90-1.jpg","type":"image\/jpeg"}],"twitter_card":"summary_large_image","twitter_misc":{"Est. reading time":"1 minute"},"schema":{"@context":"https:\/\/schema.org","@graph":[{"@type":"WebPage","@id":"https:\/\/jeaken.com\/es\/producto\/probioticos-con-prebioticos-90-capsulas\/","url":"https:\/\/jeaken.com\/es\/producto\/probioticos-con-prebioticos-90-capsulas\/","name":"Probi\u00f3ticos con prebi\u00f3ticos - (90 c\u00e1psulas) - JeaKen","isPartOf":{"@id":"https:\/\/jeaken.com\/es\/#website"},"primaryImageOfPage":{"@id":"https:\/\/jeaken.com\/es\/producto\/probioticos-con-prebioticos-90-capsulas\/#primaryimage"},"image":{"@id":"https:\/\/jeaken.com\/es\/producto\/probioticos-con-prebioticos-90-capsulas\/#primaryimage"},"thumbnailUrl":"https:\/\/jeaken.com\/wp-content\/uploads\/2022\/07\/Probiotics-90-1.jpg","datePublished":"2022-07-21T18:18:16+00:00","dateModified":"2022-09-08T12:30:38+00:00","breadcrumb":{"@id":"https:\/\/jeaken.com\/es\/producto\/probioticos-con-prebioticos-90-capsulas\/#breadcrumb"},"inLanguage":"es-ES","potentialAction":[{"@type":"ReadAction","target":["https:\/\/jeaken.com\/es\/producto\/probioticos-con-prebioticos-90-capsulas\/"]}]},{"@type":"ImageObject","inLanguage":"es-ES","@id":"https:\/\/jeaken.com\/es\/producto\/probioticos-con-prebioticos-90-capsulas\/#primaryimage","url":"https:\/\/jeaken.com\/wp-content\/uploads\/2022\/07\/Probiotics-90-1.jpg","contentUrl":"https:\/\/jeaken.com\/wp-content\/uploads\/2022\/07\/Probiotics-90-1.jpg","width":512,"height":600,"caption":"6 Strains Probiotics with Prebiotics"},{"@type":"BreadcrumbList","@id":"https:\/\/jeaken.com\/es\/producto\/probioticos-con-prebioticos-90-capsulas\/#breadcrumb","itemListElement":[{"@type":"ListItem","position":1,"name":"Home","item":"https:\/\/jeaken.com\/es\/"},{"@type":"ListItem","position":2,"name":"Private: Shop","item":"https:\/\/jeaken.com\/shop\/"},{"@type":"ListItem","position":3,"name":"Probi\u00f3ticos con prebi\u00f3ticos &#8211; (90 c\u00e1psulas)"}]},{"@type":"WebSite","@id":"https:\/\/jeaken.com\/es\/#website","url":"https:\/\/jeaken.com\/es\/","name":"JeaKen","description":"Organic Supplements for Health, Fitness and Nutrition","publisher":{"@id":"https:\/\/jeaken.com\/es\/#organization"},"potentialAction":[{"@type":"SearchAction","target":{"@type":"EntryPoint","urlTemplate":"https:\/\/jeaken.com\/es\/?s={search_term_string}"},"query-input":"required name=search_term_string"}],"inLanguage":"es-ES"},{"@type":"Organization","@id":"https:\/\/jeaken.com\/es\/#organization","name":"JeaKen","url":"https:\/\/jeaken.com\/es\/","logo":{"@type":"ImageObject","inLanguage":"es-ES","@id":"https:\/\/jeaken.com\/es\/#\/schema\/logo\/image\/","url":"https:\/\/jeaken.com\/wp-content\/uploads\/2022\/06\/jeaken-logo-23.png","contentUrl":"https:\/\/jeaken.com\/wp-content\/uploads\/2022\/06\/jeaken-logo-23.png","width":2486,"height":736,"caption":"JeaKen"},"image":{"@id":"https:\/\/jeaken.com\/es\/#\/schema\/logo\/image\/"}}]}},"jetpack_sharing_enabled":true,"_links":{"self":[{"href":"https:\/\/jeaken.com\/es\/wp-json\/wp\/v2\/product\/8792","targetHints":{"allow":["GET"]}}],"collection":[{"href":"https:\/\/jeaken.com\/es\/wp-json\/wp\/v2\/product"}],"about":[{"href":"https:\/\/jeaken.com\/es\/wp-json\/wp\/v2\/types\/product"}],"wp:featuredmedia":[{"embeddable":true,"href":"https:\/\/jeaken.com\/es\/wp-json\/wp\/v2\/media\/15794"}],"wp:attachment":[{"href":"https:\/\/jeaken.com\/es\/wp-json\/wp\/v2\/media?parent=8792"}],"wp:term":[{"taxonomy":"product_cat","embeddable":true,"href":"https:\/\/jeaken.com\/es\/wp-json\/wp\/v2\/product_cat?post=8792"},{"taxonomy":"product_tag","embeddable":true,"href":"https:\/\/jeaken.com\/es\/wp-json\/wp\/v2\/product_tag?post=8792"}],"curies":[{"name":"wp","href":"https:\/\/api.w.org\/{rel}","templated":true}]}}