{"id":6937,"date":"2022-07-21T19:18:17","date_gmt":"2022-07-21T18:18:17","guid":{"rendered":"https:\/1658920591610?product=full-spectrum-chaga-mushroom-powder-extract-41-90-capsulas-veganas"},"modified":"2022-08-09T15:16:01","modified_gmt":"2022-08-09T14:16:01","slug":"full-spectrum-chaga-mushroom-powder-extract-41-90-capsulas-veganas","status":"publish","type":"product","link":"https:\/\/jeaken.com\/es\/producto\/full-spectrum-chaga-mushroom-powder-extract-41-90-capsulas-veganas\/","title":{"rendered":"Full Spectrum Chaga Mushroom Powder Extract 4:1 (90 Capsulas Veganas)"},"content":{"rendered":"<p><strong>M\u00daLTIPLES BENEFICIOS PARA LA SALUD  <\/strong><\/p>\n<p>Nuestras c\u00e1psulas de hongo chaga sin gluten, l\u00e1cteos ni soja ofrecen una serie de beneficios para la salud. Durante siglos, el Chaga se ha utilizado tradicionalmente para ayudar a la funci\u00f3n del sistema inmunol\u00f3gico y tambi\u00e9n para mejorar la salud en general. Nuestro extracto de primera calidad est\u00e1 repleto de poder antioxidante, ayudando al cuerpo a combatir los radicales libres que atacan las c\u00e9lulas.<\/p>\n<p><strong>REFUERZO NATURAL DE ENERG\u00cdA  <\/strong><\/p>\n<p>Los hongos Chaga est\u00e1n sobrecargados de antioxidantes. Este adapt\u00f3geno energizante aumenta naturalmente la energ\u00eda, la resistencia y ayuda a ralentizar el proceso de envejecimiento. Tambi\u00e9n se cree que<br \/>\nLos hongos Chaga contienen propiedades anticancer\u00edgenas.<\/p>\n<p><strong>FAVORECE LA SALUD DEL SISTEMA INMUNITARIO<\/strong><\/p>\n<p>El hongo Chaga ayuda a reducir la inflamaci\u00f3n y sus propiedades antioxidantes y de apoyo al sistema inmunol\u00f3gico ayudan a reducir el estr\u00e9s oxidativo en el cuerpo. Este potente suplemento es un excelente t\u00f3nico para la salud y un desintoxicante con compuestos importantes para reforzar la funci\u00f3n del sistema inmunitario y la salud de la presi\u00f3n arterial.<\/p>\n<p><strong>R\u00c1PIDO Y C\u00d3MODO  <\/strong><\/p>\n<p>El uso de estas c\u00e1psulas no puede ser m\u00e1s f\u00e1cil. Simplemente a\u00f1\u00e1delas directamente a tu caf\u00e9 o util\u00edzalas para preparar una infusi\u00f3n saludable, un batido o un batido para despu\u00e9s del entrenamiento.<\/p>\n","protected":false},"excerpt":{"rendered":"<h4><b>Suplemento tradicional para aumentar la energ\u00eda y el sistema inmunol\u00f3gico.<\/b><\/h4>\n","protected":false},"featured_media":15930,"template":"","meta":{"site-sidebar-layout":"default","site-content-layout":"default","ast-site-content-layout":"default","site-content-style":"default","site-sidebar-style":"default","ast-global-header-display":"","ast-banner-title-visibility":"","ast-main-header-display":"","ast-hfb-above-header-display":"","ast-hfb-below-header-display":"","ast-hfb-mobile-header-display":"","site-post-title":"","ast-breadcrumbs-content":"","ast-featured-img":"","footer-sml-layout":"","theme-transparent-header-meta":"default","adv-header-id-meta":"","stick-header-meta":"default","header-above-stick-meta":"","header-main-stick-meta":"","header-below-stick-meta":"","astra-migrate-meta-layouts":"default","ast-page-background-enabled":"default","ast-page-background-meta":{"desktop":{"background-color":"","background-image":"","background-repeat":"repeat","background-position":"center center","background-size":"auto","background-attachment":"scroll","background-type":"","background-media":"","overlay-type":"","overlay-color":"","overlay-opacity":"","overlay-gradient":""},"tablet":{"background-color":"","background-image":"","background-repeat":"repeat","background-position":"center center","background-size":"auto","background-attachment":"scroll","background-type":"","background-media":"","overlay-type":"","overlay-color":"","overlay-opacity":"","overlay-gradient":""},"mobile":{"background-color":"","background-image":"","background-repeat":"repeat","background-position":"center center","background-size":"auto","background-attachment":"scroll","background-type":"","background-media":"","overlay-type":"","overlay-color":"","overlay-opacity":"","overlay-gradient":""}},"ast-content-background-meta":{"desktop":{"background-color":"var(--ast-global-color-5)","background-image":"","background-repeat":"repeat","background-position":"center center","background-size":"auto","background-attachment":"scroll","background-type":"","background-media":"","overlay-type":"","overlay-color":"","overlay-opacity":"","overlay-gradient":""},"tablet":{"background-color":"var(--ast-global-color-5)","background-image":"","background-repeat":"repeat","background-position":"center center","background-size":"auto","background-attachment":"scroll","background-type":"","background-media":"","overlay-type":"","overlay-color":"","overlay-opacity":"","overlay-gradient":""},"mobile":{"background-color":"var(--ast-global-color-5)","background-image":"","background-repeat":"repeat","background-position":"center center","background-size":"auto","background-attachment":"scroll","background-type":"","background-media":"","overlay-type":"","overlay-color":"","overlay-opacity":"","overlay-gradient":""}}},"product_cat":[572],"product_tag":[1426,1440,1429,1436,1438,1435,1417,1432,1433,1420,1423,1434,1439,1437,1442,1441],"class_list":{"0":"post-6937","1":"product","2":"type-product","3":"status-publish","4":"has-post-thumbnail","6":"product_cat-salud-inmunologica","7":"product_tag-arandano-en-polvo","8":"product_tag-azafran-persa","9":"product_tag-cardamomo-en-polvo","10":"product_tag-cuatro-sigmatics","11":"product_tag-hierbas-indigo","12":"product_tag-hojas-de-curry","13":"product_tag-hongo-chaga","14":"product_tag-hongos-chaga","15":"product_tag-polvo-de-chaga","16":"product_tag-polvo-de-hongo-chaga","17":"product_tag-polvo-de-hongos","18":"product_tag-te-de-chaga","19":"product_tag-te-de-hongos","20":"product_tag-vainas-de-vainilla-molidas-en-polvo","21":"product_tag-vainilla-en-polvo","22":"product_tag-vainilla-pura-en-polvo","23":"has-subscription-plans","24":"desktop-align-left","25":"tablet-align-left","26":"mobile-align-left","28":"first","29":"instock","30":"sale","31":"taxable","32":"shipping-taxable","33":"purchasable","34":"product-type-simple"},"yoast_head":"<!-- This site is optimized with the Yoast SEO plugin v22.7 - https:\/\/yoast.com\/wordpress\/plugins\/seo\/ -->\n<title>Full Spectrum Chaga Mushroom Powder Extract 4:1 (90 Capsulas Veganas) - JeaKen<\/title>\n<meta name=\"robots\" content=\"index, follow, max-snippet:-1, max-image-preview:large, max-video-preview:-1\" \/>\n<link rel=\"canonical\" href=\"https:\/\/jeaken.com\/es\/producto\/full-spectrum-chaga-mushroom-powder-extract-41-90-capsulas-veganas\/\" \/>\n<meta property=\"og:locale\" content=\"es_ES\" \/>\n<meta property=\"og:type\" content=\"article\" \/>\n<meta property=\"og:title\" content=\"Full Spectrum Chaga Mushroom Powder Extract 4:1 (90 Capsulas Veganas) - JeaKen\" \/>\n<meta property=\"og:description\" content=\"Suplemento tradicional para aumentar la energ\u00eda y el sistema inmunol\u00f3gico.\" \/>\n<meta property=\"og:url\" content=\"https:\/\/jeaken.com\/es\/producto\/full-spectrum-chaga-mushroom-powder-extract-41-90-capsulas-veganas\/\" \/>\n<meta property=\"og:site_name\" content=\"JeaKen\" \/>\n<meta property=\"article:modified_time\" content=\"2022-08-09T14:16:01+00:00\" \/>\n<meta property=\"og:image\" content=\"https:\/\/jeaken.com\/wp-content\/uploads\/2022\/07\/Chaga.jpg\" \/>\n\t<meta property=\"og:image:width\" content=\"512\" \/>\n\t<meta property=\"og:image:height\" content=\"600\" \/>\n\t<meta property=\"og:image:type\" content=\"image\/jpeg\" \/>\n<meta name=\"twitter:card\" content=\"summary_large_image\" \/>\n<meta name=\"twitter:label1\" content=\"Est. reading time\" \/>\n\t<meta name=\"twitter:data1\" content=\"1 minute\" \/>\n<script type=\"application\/ld+json\" class=\"yoast-schema-graph\">{\"@context\":\"https:\/\/schema.org\",\"@graph\":[{\"@type\":\"WebPage\",\"@id\":\"https:\/\/jeaken.com\/es\/producto\/full-spectrum-chaga-mushroom-powder-extract-41-90-capsulas-veganas\/\",\"url\":\"https:\/\/jeaken.com\/es\/producto\/full-spectrum-chaga-mushroom-powder-extract-41-90-capsulas-veganas\/\",\"name\":\"Full Spectrum Chaga Mushroom Powder Extract 4:1 (90 Capsulas Veganas) - JeaKen\",\"isPartOf\":{\"@id\":\"https:\/\/jeaken.com\/es\/#website\"},\"primaryImageOfPage\":{\"@id\":\"https:\/\/jeaken.com\/es\/producto\/full-spectrum-chaga-mushroom-powder-extract-41-90-capsulas-veganas\/#primaryimage\"},\"image\":{\"@id\":\"https:\/\/jeaken.com\/es\/producto\/full-spectrum-chaga-mushroom-powder-extract-41-90-capsulas-veganas\/#primaryimage\"},\"thumbnailUrl\":\"https:\/\/jeaken.com\/wp-content\/uploads\/2022\/07\/Chaga.jpg\",\"datePublished\":\"2022-07-21T18:18:17+00:00\",\"dateModified\":\"2022-08-09T14:16:01+00:00\",\"breadcrumb\":{\"@id\":\"https:\/\/jeaken.com\/es\/producto\/full-spectrum-chaga-mushroom-powder-extract-41-90-capsulas-veganas\/#breadcrumb\"},\"inLanguage\":\"es-ES\",\"potentialAction\":[{\"@type\":\"ReadAction\",\"target\":[\"https:\/\/jeaken.com\/es\/producto\/full-spectrum-chaga-mushroom-powder-extract-41-90-capsulas-veganas\/\"]}]},{\"@type\":\"ImageObject\",\"inLanguage\":\"es-ES\",\"@id\":\"https:\/\/jeaken.com\/es\/producto\/full-spectrum-chaga-mushroom-powder-extract-41-90-capsulas-veganas\/#primaryimage\",\"url\":\"https:\/\/jeaken.com\/wp-content\/uploads\/2022\/07\/Chaga.jpg\",\"contentUrl\":\"https:\/\/jeaken.com\/wp-content\/uploads\/2022\/07\/Chaga.jpg\",\"width\":512,\"height\":600,\"caption\":\"Full Spectrum Chaga Mushroom Powder Extract 4:1\"},{\"@type\":\"BreadcrumbList\",\"@id\":\"https:\/\/jeaken.com\/es\/producto\/full-spectrum-chaga-mushroom-powder-extract-41-90-capsulas-veganas\/#breadcrumb\",\"itemListElement\":[{\"@type\":\"ListItem\",\"position\":1,\"name\":\"Home\",\"item\":\"https:\/\/jeaken.com\/es\/\"},{\"@type\":\"ListItem\",\"position\":2,\"name\":\"Private: Shop\",\"item\":\"https:\/\/jeaken.com\/shop\/\"},{\"@type\":\"ListItem\",\"position\":3,\"name\":\"Full Spectrum Chaga Mushroom Powder Extract 4:1 (90 Capsulas Veganas)\"}]},{\"@type\":\"WebSite\",\"@id\":\"https:\/\/jeaken.com\/es\/#website\",\"url\":\"https:\/\/jeaken.com\/es\/\",\"name\":\"JeaKen\",\"description\":\"Organic Supplements for Health, Fitness and Nutrition\",\"publisher\":{\"@id\":\"https:\/\/jeaken.com\/es\/#organization\"},\"potentialAction\":[{\"@type\":\"SearchAction\",\"target\":{\"@type\":\"EntryPoint\",\"urlTemplate\":\"https:\/\/jeaken.com\/es\/?s={search_term_string}\"},\"query-input\":\"required name=search_term_string\"}],\"inLanguage\":\"es-ES\"},{\"@type\":\"Organization\",\"@id\":\"https:\/\/jeaken.com\/es\/#organization\",\"name\":\"JeaKen\",\"url\":\"https:\/\/jeaken.com\/es\/\",\"logo\":{\"@type\":\"ImageObject\",\"inLanguage\":\"es-ES\",\"@id\":\"https:\/\/jeaken.com\/es\/#\/schema\/logo\/image\/\",\"url\":\"https:\/\/jeaken.com\/wp-content\/uploads\/2022\/06\/jeaken-logo-23.png\",\"contentUrl\":\"https:\/\/jeaken.com\/wp-content\/uploads\/2022\/06\/jeaken-logo-23.png\",\"width\":2486,\"height\":736,\"caption\":\"JeaKen\"},\"image\":{\"@id\":\"https:\/\/jeaken.com\/es\/#\/schema\/logo\/image\/\"}}]}<\/script>\n<!-- \/ Yoast SEO plugin. -->","yoast_head_json":{"title":"Full Spectrum Chaga Mushroom Powder Extract 4:1 (90 Capsulas Veganas) - JeaKen","robots":{"index":"index","follow":"follow","max-snippet":"max-snippet:-1","max-image-preview":"max-image-preview:large","max-video-preview":"max-video-preview:-1"},"canonical":"https:\/\/jeaken.com\/es\/producto\/full-spectrum-chaga-mushroom-powder-extract-41-90-capsulas-veganas\/","og_locale":"es_ES","og_type":"article","og_title":"Full Spectrum Chaga Mushroom Powder Extract 4:1 (90 Capsulas Veganas) - JeaKen","og_description":"Suplemento tradicional para aumentar la energ\u00eda y el sistema inmunol\u00f3gico.","og_url":"https:\/\/jeaken.com\/es\/producto\/full-spectrum-chaga-mushroom-powder-extract-41-90-capsulas-veganas\/","og_site_name":"JeaKen","article_modified_time":"2022-08-09T14:16:01+00:00","og_image":[{"width":512,"height":600,"url":"https:\/\/jeaken.com\/wp-content\/uploads\/2022\/07\/Chaga.jpg","type":"image\/jpeg"}],"twitter_card":"summary_large_image","twitter_misc":{"Est. reading time":"1 minute"},"schema":{"@context":"https:\/\/schema.org","@graph":[{"@type":"WebPage","@id":"https:\/\/jeaken.com\/es\/producto\/full-spectrum-chaga-mushroom-powder-extract-41-90-capsulas-veganas\/","url":"https:\/\/jeaken.com\/es\/producto\/full-spectrum-chaga-mushroom-powder-extract-41-90-capsulas-veganas\/","name":"Full Spectrum Chaga Mushroom Powder Extract 4:1 (90 Capsulas Veganas) - JeaKen","isPartOf":{"@id":"https:\/\/jeaken.com\/es\/#website"},"primaryImageOfPage":{"@id":"https:\/\/jeaken.com\/es\/producto\/full-spectrum-chaga-mushroom-powder-extract-41-90-capsulas-veganas\/#primaryimage"},"image":{"@id":"https:\/\/jeaken.com\/es\/producto\/full-spectrum-chaga-mushroom-powder-extract-41-90-capsulas-veganas\/#primaryimage"},"thumbnailUrl":"https:\/\/jeaken.com\/wp-content\/uploads\/2022\/07\/Chaga.jpg","datePublished":"2022-07-21T18:18:17+00:00","dateModified":"2022-08-09T14:16:01+00:00","breadcrumb":{"@id":"https:\/\/jeaken.com\/es\/producto\/full-spectrum-chaga-mushroom-powder-extract-41-90-capsulas-veganas\/#breadcrumb"},"inLanguage":"es-ES","potentialAction":[{"@type":"ReadAction","target":["https:\/\/jeaken.com\/es\/producto\/full-spectrum-chaga-mushroom-powder-extract-41-90-capsulas-veganas\/"]}]},{"@type":"ImageObject","inLanguage":"es-ES","@id":"https:\/\/jeaken.com\/es\/producto\/full-spectrum-chaga-mushroom-powder-extract-41-90-capsulas-veganas\/#primaryimage","url":"https:\/\/jeaken.com\/wp-content\/uploads\/2022\/07\/Chaga.jpg","contentUrl":"https:\/\/jeaken.com\/wp-content\/uploads\/2022\/07\/Chaga.jpg","width":512,"height":600,"caption":"Full Spectrum Chaga Mushroom Powder Extract 4:1"},{"@type":"BreadcrumbList","@id":"https:\/\/jeaken.com\/es\/producto\/full-spectrum-chaga-mushroom-powder-extract-41-90-capsulas-veganas\/#breadcrumb","itemListElement":[{"@type":"ListItem","position":1,"name":"Home","item":"https:\/\/jeaken.com\/es\/"},{"@type":"ListItem","position":2,"name":"Private: Shop","item":"https:\/\/jeaken.com\/shop\/"},{"@type":"ListItem","position":3,"name":"Full Spectrum Chaga Mushroom Powder Extract 4:1 (90 Capsulas Veganas)"}]},{"@type":"WebSite","@id":"https:\/\/jeaken.com\/es\/#website","url":"https:\/\/jeaken.com\/es\/","name":"JeaKen","description":"Organic Supplements for Health, Fitness and Nutrition","publisher":{"@id":"https:\/\/jeaken.com\/es\/#organization"},"potentialAction":[{"@type":"SearchAction","target":{"@type":"EntryPoint","urlTemplate":"https:\/\/jeaken.com\/es\/?s={search_term_string}"},"query-input":"required name=search_term_string"}],"inLanguage":"es-ES"},{"@type":"Organization","@id":"https:\/\/jeaken.com\/es\/#organization","name":"JeaKen","url":"https:\/\/jeaken.com\/es\/","logo":{"@type":"ImageObject","inLanguage":"es-ES","@id":"https:\/\/jeaken.com\/es\/#\/schema\/logo\/image\/","url":"https:\/\/jeaken.com\/wp-content\/uploads\/2022\/06\/jeaken-logo-23.png","contentUrl":"https:\/\/jeaken.com\/wp-content\/uploads\/2022\/06\/jeaken-logo-23.png","width":2486,"height":736,"caption":"JeaKen"},"image":{"@id":"https:\/\/jeaken.com\/es\/#\/schema\/logo\/image\/"}}]}},"jetpack_sharing_enabled":true,"_links":{"self":[{"href":"https:\/\/jeaken.com\/es\/wp-json\/wp\/v2\/product\/6937","targetHints":{"allow":["GET"]}}],"collection":[{"href":"https:\/\/jeaken.com\/es\/wp-json\/wp\/v2\/product"}],"about":[{"href":"https:\/\/jeaken.com\/es\/wp-json\/wp\/v2\/types\/product"}],"wp:featuredmedia":[{"embeddable":true,"href":"https:\/\/jeaken.com\/es\/wp-json\/wp\/v2\/media\/15930"}],"wp:attachment":[{"href":"https:\/\/jeaken.com\/es\/wp-json\/wp\/v2\/media?parent=6937"}],"wp:term":[{"taxonomy":"product_cat","embeddable":true,"href":"https:\/\/jeaken.com\/es\/wp-json\/wp\/v2\/product_cat?post=6937"},{"taxonomy":"product_tag","embeddable":true,"href":"https:\/\/jeaken.com\/es\/wp-json\/wp\/v2\/product_tag?post=6937"}],"curies":[{"name":"wp","href":"https:\/\/api.w.org\/{rel}","templated":true}]}}