{"id":6922,"date":"2022-07-21T19:18:22","date_gmt":"2022-07-21T18:18:22","guid":{"rendered":"https:\/1658920591610?product=locion-anticelulitica-y-reafirmante-de-la-piel-saturada-de-extractos-de-frutas-naturales-para-obtener-resultados-optimos-50ml"},"modified":"2022-08-09T15:15:46","modified_gmt":"2022-08-09T14:15:46","slug":"locion-anticelulitica-y-reafirmante-de-la-piel-saturada-de-extractos-de-frutas-naturales-para-obtener-resultados-optimos-50ml","status":"publish","type":"product","link":"https:\/\/jeaken.com\/es\/producto\/locion-anticelulitica-y-reafirmante-de-la-piel-saturada-de-extractos-de-frutas-naturales-para-obtener-resultados-optimos-50ml\/","title":{"rendered":"Loci\u00f3n anticelul\u00edtica y reafirmante de la piel &#8211; Saturada de extractos de frutas naturales para obtener resultados \u00f3ptimos. 50ml"},"content":{"rendered":"<p><strong>MEJORA EL ASPECTO DE LA PIEL<\/strong><\/p>\n<p><span style=\"font-weight: 400;\">Esta loci\u00f3n de alta calidad puede mejorar r\u00e1pidamente el aspecto de su piel en cualquier zona que elija.  <\/span><\/p>\n<p><strong>REAFIRMA, TONIFICA E HIDRATA  <\/strong><\/p>\n<p><span style=\"font-weight: 400;\">Nuestra loci\u00f3n de f\u00e1cil absorci\u00f3n est\u00e1 repleta de extractos de frutas naturales como el mel\u00f3n, la fresa y la papaya que tonifican, tensan y exfolian la piel.<\/span><\/p>\n<p><strong>TRATAMIENTO ANTICELUL\u00cdTICO EFICAZ  <\/strong><\/p>\n<p><span style=\"font-weight: 400;\">Esta loci\u00f3n reduce visiblemente la celulitis, estimula una quema m\u00e1s r\u00e1pida de la grasa subcut\u00e1nea, elimina la celulitis persistente, quema las c\u00e9lulas grasas no deseadas y evita la futura acumulaci\u00f3n de tejido graso y la reaparici\u00f3n de la celulitis.<\/span><\/p>\n<p><strong>F\u00c1CIL DE USAR  <\/strong><\/p>\n<p><span style=\"font-weight: 400;\">Este producto es adecuado para pieles sensibles y es f\u00e1cil de usar. Basta con masajear la piel con movimientos circulares hasta que la loci\u00f3n se absorba por completo. Aplicar una vez al d\u00eda en todo el cuerpo durante un m\u00ednimo de tres meses.<\/span><\/p>\n<p>&nbsp;<\/p>\n","protected":false},"excerpt":{"rendered":"<h4><span style=\"font-weight: 400;\">Tratamiento anticelul\u00edtico de acci\u00f3n r\u00e1pida que mejora visiblemente el aspecto de la piel.<\/span><\/h4>\n","protected":false},"featured_media":5138,"template":"","meta":{"site-sidebar-layout":"default","site-content-layout":"default","ast-site-content-layout":"default","site-content-style":"default","site-sidebar-style":"default","ast-global-header-display":"","ast-banner-title-visibility":"","ast-main-header-display":"","ast-hfb-above-header-display":"","ast-hfb-below-header-display":"","ast-hfb-mobile-header-display":"","site-post-title":"","ast-breadcrumbs-content":"","ast-featured-img":"","footer-sml-layout":"","theme-transparent-header-meta":"default","adv-header-id-meta":"","stick-header-meta":"default","header-above-stick-meta":"","header-main-stick-meta":"","header-below-stick-meta":"","astra-migrate-meta-layouts":"default","ast-page-background-enabled":"default","ast-page-background-meta":{"desktop":{"background-color":"","background-image":"","background-repeat":"repeat","background-position":"center center","background-size":"auto","background-attachment":"scroll","background-type":"","background-media":"","overlay-type":"","overlay-color":"","overlay-opacity":"","overlay-gradient":""},"tablet":{"background-color":"","background-image":"","background-repeat":"repeat","background-position":"center center","background-size":"auto","background-attachment":"scroll","background-type":"","background-media":"","overlay-type":"","overlay-color":"","overlay-opacity":"","overlay-gradient":""},"mobile":{"background-color":"","background-image":"","background-repeat":"repeat","background-position":"center center","background-size":"auto","background-attachment":"scroll","background-type":"","background-media":"","overlay-type":"","overlay-color":"","overlay-opacity":"","overlay-gradient":""}},"ast-content-background-meta":{"desktop":{"background-color":"var(--ast-global-color-5)","background-image":"","background-repeat":"repeat","background-position":"center center","background-size":"auto","background-attachment":"scroll","background-type":"","background-media":"","overlay-type":"","overlay-color":"","overlay-opacity":"","overlay-gradient":""},"tablet":{"background-color":"var(--ast-global-color-5)","background-image":"","background-repeat":"repeat","background-position":"center center","background-size":"auto","background-attachment":"scroll","background-type":"","background-media":"","overlay-type":"","overlay-color":"","overlay-opacity":"","overlay-gradient":""},"mobile":{"background-color":"var(--ast-global-color-5)","background-image":"","background-repeat":"repeat","background-position":"center center","background-size":"auto","background-attachment":"scroll","background-type":"","background-media":"","overlay-type":"","overlay-color":"","overlay-opacity":"","overlay-gradient":""}}},"product_cat":[613,648,588,1311],"product_tag":[],"class_list":{"0":"post-6922","1":"product","2":"type-product","3":"status-publish","4":"has-post-thumbnail","6":"product_cat-belleza-natural","7":"product_cat-estrias-y-celulitis","8":"product_cat-minerales","9":"product_cat-nutricion","10":"has-subscription-plans","11":"desktop-align-left","12":"tablet-align-left","13":"mobile-align-left","15":"first","16":"instock","17":"taxable","18":"shipping-taxable","19":"purchasable","20":"product-type-simple"},"yoast_head":"<!-- This site is optimized with the Yoast SEO plugin v22.7 - https:\/\/yoast.com\/wordpress\/plugins\/seo\/ -->\n<title>Loci\u00f3n anticelul\u00edtica y reafirmante de la piel - Saturada de extractos de frutas naturales para obtener resultados \u00f3ptimos. 50ml - JeaKen<\/title>\n<meta name=\"robots\" content=\"index, follow, max-snippet:-1, max-image-preview:large, max-video-preview:-1\" \/>\n<link rel=\"canonical\" href=\"https:\/\/jeaken.com\/es\/producto\/locion-anticelulitica-y-reafirmante-de-la-piel-saturada-de-extractos-de-frutas-naturales-para-obtener-resultados-optimos-50ml\/\" \/>\n<meta property=\"og:locale\" content=\"es_ES\" \/>\n<meta property=\"og:type\" content=\"article\" \/>\n<meta property=\"og:title\" content=\"Loci\u00f3n anticelul\u00edtica y reafirmante de la piel - Saturada de extractos de frutas naturales para obtener resultados \u00f3ptimos. 50ml - JeaKen\" \/>\n<meta property=\"og:description\" content=\"Tratamiento anticelul\u00edtico de acci\u00f3n r\u00e1pida que mejora visiblemente el aspecto de la piel.\" \/>\n<meta property=\"og:url\" content=\"https:\/\/jeaken.com\/es\/producto\/locion-anticelulitica-y-reafirmante-de-la-piel-saturada-de-extractos-de-frutas-naturales-para-obtener-resultados-optimos-50ml\/\" \/>\n<meta property=\"og:site_name\" content=\"JeaKen\" \/>\n<meta property=\"article:modified_time\" content=\"2022-08-09T14:15:46+00:00\" \/>\n<meta property=\"og:image\" content=\"https:\/\/jeaken.com\/wp-content\/uploads\/2022\/07\/81xl-3cqTTL._AC_SL1500_.jpg\" \/>\n\t<meta property=\"og:image:width\" content=\"600\" \/>\n\t<meta property=\"og:image:height\" content=\"600\" \/>\n\t<meta property=\"og:image:type\" content=\"image\/jpeg\" \/>\n<meta name=\"twitter:card\" content=\"summary_large_image\" \/>\n<meta name=\"twitter:label1\" content=\"Est. reading time\" \/>\n\t<meta name=\"twitter:data1\" content=\"1 minute\" \/>\n<script type=\"application\/ld+json\" class=\"yoast-schema-graph\">{\"@context\":\"https:\/\/schema.org\",\"@graph\":[{\"@type\":\"WebPage\",\"@id\":\"https:\/\/jeaken.com\/es\/producto\/locion-anticelulitica-y-reafirmante-de-la-piel-saturada-de-extractos-de-frutas-naturales-para-obtener-resultados-optimos-50ml\/\",\"url\":\"https:\/\/jeaken.com\/es\/producto\/locion-anticelulitica-y-reafirmante-de-la-piel-saturada-de-extractos-de-frutas-naturales-para-obtener-resultados-optimos-50ml\/\",\"name\":\"Loci\u00f3n anticelul\u00edtica y reafirmante de la piel - Saturada de extractos de frutas naturales para obtener resultados \u00f3ptimos. 50ml - JeaKen\",\"isPartOf\":{\"@id\":\"https:\/\/jeaken.com\/es\/#website\"},\"primaryImageOfPage\":{\"@id\":\"https:\/\/jeaken.com\/es\/producto\/locion-anticelulitica-y-reafirmante-de-la-piel-saturada-de-extractos-de-frutas-naturales-para-obtener-resultados-optimos-50ml\/#primaryimage\"},\"image\":{\"@id\":\"https:\/\/jeaken.com\/es\/producto\/locion-anticelulitica-y-reafirmante-de-la-piel-saturada-de-extractos-de-frutas-naturales-para-obtener-resultados-optimos-50ml\/#primaryimage\"},\"thumbnailUrl\":\"https:\/\/jeaken.com\/wp-content\/uploads\/2022\/07\/81xl-3cqTTL._AC_SL1500_.jpg\",\"datePublished\":\"2022-07-21T18:18:22+00:00\",\"dateModified\":\"2022-08-09T14:15:46+00:00\",\"breadcrumb\":{\"@id\":\"https:\/\/jeaken.com\/es\/producto\/locion-anticelulitica-y-reafirmante-de-la-piel-saturada-de-extractos-de-frutas-naturales-para-obtener-resultados-optimos-50ml\/#breadcrumb\"},\"inLanguage\":\"es-ES\",\"potentialAction\":[{\"@type\":\"ReadAction\",\"target\":[\"https:\/\/jeaken.com\/es\/producto\/locion-anticelulitica-y-reafirmante-de-la-piel-saturada-de-extractos-de-frutas-naturales-para-obtener-resultados-optimos-50ml\/\"]}]},{\"@type\":\"ImageObject\",\"inLanguage\":\"es-ES\",\"@id\":\"https:\/\/jeaken.com\/es\/producto\/locion-anticelulitica-y-reafirmante-de-la-piel-saturada-de-extractos-de-frutas-naturales-para-obtener-resultados-optimos-50ml\/#primaryimage\",\"url\":\"https:\/\/jeaken.com\/wp-content\/uploads\/2022\/07\/81xl-3cqTTL._AC_SL1500_.jpg\",\"contentUrl\":\"https:\/\/jeaken.com\/wp-content\/uploads\/2022\/07\/81xl-3cqTTL._AC_SL1500_.jpg\",\"width\":600,\"height\":600,\"caption\":\"Anti-Cellulite and Skin Firming Lotion\"},{\"@type\":\"BreadcrumbList\",\"@id\":\"https:\/\/jeaken.com\/es\/producto\/locion-anticelulitica-y-reafirmante-de-la-piel-saturada-de-extractos-de-frutas-naturales-para-obtener-resultados-optimos-50ml\/#breadcrumb\",\"itemListElement\":[{\"@type\":\"ListItem\",\"position\":1,\"name\":\"Home\",\"item\":\"https:\/\/jeaken.com\/es\/\"},{\"@type\":\"ListItem\",\"position\":2,\"name\":\"Private: Shop\",\"item\":\"https:\/\/jeaken.com\/shop\/\"},{\"@type\":\"ListItem\",\"position\":3,\"name\":\"Loci\u00f3n anticelul\u00edtica y reafirmante de la piel &#8211; Saturada de extractos de frutas naturales para obtener resultados \u00f3ptimos. 50ml\"}]},{\"@type\":\"WebSite\",\"@id\":\"https:\/\/jeaken.com\/es\/#website\",\"url\":\"https:\/\/jeaken.com\/es\/\",\"name\":\"JeaKen\",\"description\":\"Organic Supplements for Health, Fitness and Nutrition\",\"publisher\":{\"@id\":\"https:\/\/jeaken.com\/es\/#organization\"},\"potentialAction\":[{\"@type\":\"SearchAction\",\"target\":{\"@type\":\"EntryPoint\",\"urlTemplate\":\"https:\/\/jeaken.com\/es\/?s={search_term_string}\"},\"query-input\":\"required name=search_term_string\"}],\"inLanguage\":\"es-ES\"},{\"@type\":\"Organization\",\"@id\":\"https:\/\/jeaken.com\/es\/#organization\",\"name\":\"JeaKen\",\"url\":\"https:\/\/jeaken.com\/es\/\",\"logo\":{\"@type\":\"ImageObject\",\"inLanguage\":\"es-ES\",\"@id\":\"https:\/\/jeaken.com\/es\/#\/schema\/logo\/image\/\",\"url\":\"https:\/\/jeaken.com\/wp-content\/uploads\/2022\/06\/jeaken-logo-23.png\",\"contentUrl\":\"https:\/\/jeaken.com\/wp-content\/uploads\/2022\/06\/jeaken-logo-23.png\",\"width\":2486,\"height\":736,\"caption\":\"JeaKen\"},\"image\":{\"@id\":\"https:\/\/jeaken.com\/es\/#\/schema\/logo\/image\/\"}}]}<\/script>\n<!-- \/ Yoast SEO plugin. -->","yoast_head_json":{"title":"Loci\u00f3n anticelul\u00edtica y reafirmante de la piel - Saturada de extractos de frutas naturales para obtener resultados \u00f3ptimos. 50ml - JeaKen","robots":{"index":"index","follow":"follow","max-snippet":"max-snippet:-1","max-image-preview":"max-image-preview:large","max-video-preview":"max-video-preview:-1"},"canonical":"https:\/\/jeaken.com\/es\/producto\/locion-anticelulitica-y-reafirmante-de-la-piel-saturada-de-extractos-de-frutas-naturales-para-obtener-resultados-optimos-50ml\/","og_locale":"es_ES","og_type":"article","og_title":"Loci\u00f3n anticelul\u00edtica y reafirmante de la piel - Saturada de extractos de frutas naturales para obtener resultados \u00f3ptimos. 50ml - JeaKen","og_description":"Tratamiento anticelul\u00edtico de acci\u00f3n r\u00e1pida que mejora visiblemente el aspecto de la piel.","og_url":"https:\/\/jeaken.com\/es\/producto\/locion-anticelulitica-y-reafirmante-de-la-piel-saturada-de-extractos-de-frutas-naturales-para-obtener-resultados-optimos-50ml\/","og_site_name":"JeaKen","article_modified_time":"2022-08-09T14:15:46+00:00","og_image":[{"width":600,"height":600,"url":"https:\/\/jeaken.com\/wp-content\/uploads\/2022\/07\/81xl-3cqTTL._AC_SL1500_.jpg","type":"image\/jpeg"}],"twitter_card":"summary_large_image","twitter_misc":{"Est. reading time":"1 minute"},"schema":{"@context":"https:\/\/schema.org","@graph":[{"@type":"WebPage","@id":"https:\/\/jeaken.com\/es\/producto\/locion-anticelulitica-y-reafirmante-de-la-piel-saturada-de-extractos-de-frutas-naturales-para-obtener-resultados-optimos-50ml\/","url":"https:\/\/jeaken.com\/es\/producto\/locion-anticelulitica-y-reafirmante-de-la-piel-saturada-de-extractos-de-frutas-naturales-para-obtener-resultados-optimos-50ml\/","name":"Loci\u00f3n anticelul\u00edtica y reafirmante de la piel - Saturada de extractos de frutas naturales para obtener resultados \u00f3ptimos. 50ml - JeaKen","isPartOf":{"@id":"https:\/\/jeaken.com\/es\/#website"},"primaryImageOfPage":{"@id":"https:\/\/jeaken.com\/es\/producto\/locion-anticelulitica-y-reafirmante-de-la-piel-saturada-de-extractos-de-frutas-naturales-para-obtener-resultados-optimos-50ml\/#primaryimage"},"image":{"@id":"https:\/\/jeaken.com\/es\/producto\/locion-anticelulitica-y-reafirmante-de-la-piel-saturada-de-extractos-de-frutas-naturales-para-obtener-resultados-optimos-50ml\/#primaryimage"},"thumbnailUrl":"https:\/\/jeaken.com\/wp-content\/uploads\/2022\/07\/81xl-3cqTTL._AC_SL1500_.jpg","datePublished":"2022-07-21T18:18:22+00:00","dateModified":"2022-08-09T14:15:46+00:00","breadcrumb":{"@id":"https:\/\/jeaken.com\/es\/producto\/locion-anticelulitica-y-reafirmante-de-la-piel-saturada-de-extractos-de-frutas-naturales-para-obtener-resultados-optimos-50ml\/#breadcrumb"},"inLanguage":"es-ES","potentialAction":[{"@type":"ReadAction","target":["https:\/\/jeaken.com\/es\/producto\/locion-anticelulitica-y-reafirmante-de-la-piel-saturada-de-extractos-de-frutas-naturales-para-obtener-resultados-optimos-50ml\/"]}]},{"@type":"ImageObject","inLanguage":"es-ES","@id":"https:\/\/jeaken.com\/es\/producto\/locion-anticelulitica-y-reafirmante-de-la-piel-saturada-de-extractos-de-frutas-naturales-para-obtener-resultados-optimos-50ml\/#primaryimage","url":"https:\/\/jeaken.com\/wp-content\/uploads\/2022\/07\/81xl-3cqTTL._AC_SL1500_.jpg","contentUrl":"https:\/\/jeaken.com\/wp-content\/uploads\/2022\/07\/81xl-3cqTTL._AC_SL1500_.jpg","width":600,"height":600,"caption":"Anti-Cellulite and Skin Firming Lotion"},{"@type":"BreadcrumbList","@id":"https:\/\/jeaken.com\/es\/producto\/locion-anticelulitica-y-reafirmante-de-la-piel-saturada-de-extractos-de-frutas-naturales-para-obtener-resultados-optimos-50ml\/#breadcrumb","itemListElement":[{"@type":"ListItem","position":1,"name":"Home","item":"https:\/\/jeaken.com\/es\/"},{"@type":"ListItem","position":2,"name":"Private: Shop","item":"https:\/\/jeaken.com\/shop\/"},{"@type":"ListItem","position":3,"name":"Loci\u00f3n anticelul\u00edtica y reafirmante de la piel &#8211; Saturada de extractos de frutas naturales para obtener resultados \u00f3ptimos. 50ml"}]},{"@type":"WebSite","@id":"https:\/\/jeaken.com\/es\/#website","url":"https:\/\/jeaken.com\/es\/","name":"JeaKen","description":"Organic Supplements for Health, Fitness and Nutrition","publisher":{"@id":"https:\/\/jeaken.com\/es\/#organization"},"potentialAction":[{"@type":"SearchAction","target":{"@type":"EntryPoint","urlTemplate":"https:\/\/jeaken.com\/es\/?s={search_term_string}"},"query-input":"required name=search_term_string"}],"inLanguage":"es-ES"},{"@type":"Organization","@id":"https:\/\/jeaken.com\/es\/#organization","name":"JeaKen","url":"https:\/\/jeaken.com\/es\/","logo":{"@type":"ImageObject","inLanguage":"es-ES","@id":"https:\/\/jeaken.com\/es\/#\/schema\/logo\/image\/","url":"https:\/\/jeaken.com\/wp-content\/uploads\/2022\/06\/jeaken-logo-23.png","contentUrl":"https:\/\/jeaken.com\/wp-content\/uploads\/2022\/06\/jeaken-logo-23.png","width":2486,"height":736,"caption":"JeaKen"},"image":{"@id":"https:\/\/jeaken.com\/es\/#\/schema\/logo\/image\/"}}]}},"jetpack_sharing_enabled":true,"_links":{"self":[{"href":"https:\/\/jeaken.com\/es\/wp-json\/wp\/v2\/product\/6922","targetHints":{"allow":["GET"]}}],"collection":[{"href":"https:\/\/jeaken.com\/es\/wp-json\/wp\/v2\/product"}],"about":[{"href":"https:\/\/jeaken.com\/es\/wp-json\/wp\/v2\/types\/product"}],"wp:featuredmedia":[{"embeddable":true,"href":"https:\/\/jeaken.com\/es\/wp-json\/wp\/v2\/media\/5138"}],"wp:attachment":[{"href":"https:\/\/jeaken.com\/es\/wp-json\/wp\/v2\/media?parent=6922"}],"wp:term":[{"taxonomy":"product_cat","embeddable":true,"href":"https:\/\/jeaken.com\/es\/wp-json\/wp\/v2\/product_cat?post=6922"},{"taxonomy":"product_tag","embeddable":true,"href":"https:\/\/jeaken.com\/es\/wp-json\/wp\/v2\/product_tag?post=6922"}],"curies":[{"name":"wp","href":"https:\/\/api.w.org\/{rel}","templated":true}]}}