{"id":6917,"date":"2022-07-21T19:18:17","date_gmt":"2022-07-21T18:18:17","guid":{"rendered":"https:\/1658920591610?product=vinagre-de-sidra-de-manzana-refuerzo-del-metabolismo-y-desintoxicacion-mejorado-con-seagreens-te-verde-y-cromo-120-capsulas"},"modified":"2022-08-09T15:15:48","modified_gmt":"2022-08-09T14:15:48","slug":"vinagre-de-sidra-de-manzana-refuerzo-del-metabolismo-y-desintoxicacion-mejorado-con-seagreens-te-verde-y-cromo-120-capsulas","status":"publish","type":"product","link":"https:\/\/jeaken.com\/es\/producto\/vinagre-de-sidra-de-manzana-refuerzo-del-metabolismo-y-desintoxicacion-mejorado-con-seagreens-te-verde-y-cromo-120-capsulas\/","title":{"rendered":"Vinagre de Sidra de Manzana &#8211; Refuerzo del Metabolismo y Desintoxicaci\u00f3n &#8211; Mejorado con Seagreens, T\u00e9 Verde y Cromo (120 C\u00e1psulas)"},"content":{"rendered":"<p><strong>M\u00daLTIPLES BENEFICIOS PARA LA SALUD  <\/strong><\/p>\n<p>Utilizado por Hip\u00f3crates (el &#8220;padre de la medicina moderna&#8221;) hace m\u00e1s de 2000 a\u00f1os, se dice que el vinagre de sidra de manzana contribuye a una variedad de beneficios sorprendentes para la salud, como la mejora de la salud digestiva, el aumento de los niveles de energ\u00eda y la mejora del metabolismo. Nuestras c\u00e1psulas de vinagre de sidra de manzana de alta potencia proporcionan esos poderosos beneficios en c\u00e1psulas f\u00e1ciles de tragar.<\/p>\n<p><strong>APOYA LA P\u00c9RDIDA DE PESO SALUDABLE  <\/strong><\/p>\n<p>Varios estudios recientes han demostrado que el vinagre de sidra de manzana puede ayudar a perder peso cuando se toma como parte de una dieta saludable. Tambi\u00e9n puede facilitar la digesti\u00f3n y mejorar la salud en general al ayudar a absorber m\u00e1s nutrientes de los alimentos.<\/p>\n<p><strong>MEZCLA \u00daNICA  <\/strong><\/p>\n<p>Nuestras c\u00e1psulas de vinagre de sidra de manzana de alta calidad ofrecen resultados \u00f3ptimos a trav\u00e9s de su mezcla \u00fanica de ingredientes marinos, t\u00e9 verde y cromo. Su salud es nuestra prioridad. Nuestras c\u00e1psulas se fabrican en el Reino Unido bajo estrictas directrices de seguridad (c\u00f3digo de pr\u00e1cticas GMP) para garantizar la potencia, la calidad y la eficacia<\/p>\n<p><strong>APTO PARA VEGANOS Y VEGETARIANOS  <\/strong><\/p>\n<p>Nuestras c\u00e1psulas de vinagre de sidra de manzana est\u00e1n elaboradas con ingredientes 100% vegetales de primera calidad. Nuestras c\u00e1psulas no contienen gluten ni lactosa, cumplen con las normas GMP, no son OGM y son 100% veganas.<\/p>\n","protected":false},"excerpt":{"rendered":"<h4><strong>Una mezcla natural de primera calidad para una mayor salud y adelgazamiento.  <\/strong><\/h4>\n","protected":false},"featured_media":15874,"template":"","meta":{"site-sidebar-layout":"default","site-content-layout":"default","ast-site-content-layout":"default","site-content-style":"default","site-sidebar-style":"default","ast-global-header-display":"","ast-banner-title-visibility":"","ast-main-header-display":"","ast-hfb-above-header-display":"","ast-hfb-below-header-display":"","ast-hfb-mobile-header-display":"","site-post-title":"","ast-breadcrumbs-content":"","ast-featured-img":"","footer-sml-layout":"","theme-transparent-header-meta":"default","adv-header-id-meta":"","stick-header-meta":"default","header-above-stick-meta":"","header-main-stick-meta":"","header-below-stick-meta":"","astra-migrate-meta-layouts":"default","ast-page-background-enabled":"default","ast-page-background-meta":{"desktop":{"background-color":"","background-image":"","background-repeat":"repeat","background-position":"center center","background-size":"auto","background-attachment":"scroll","background-type":"","background-media":"","overlay-type":"","overlay-color":"","overlay-opacity":"","overlay-gradient":""},"tablet":{"background-color":"","background-image":"","background-repeat":"repeat","background-position":"center center","background-size":"auto","background-attachment":"scroll","background-type":"","background-media":"","overlay-type":"","overlay-color":"","overlay-opacity":"","overlay-gradient":""},"mobile":{"background-color":"","background-image":"","background-repeat":"repeat","background-position":"center center","background-size":"auto","background-attachment":"scroll","background-type":"","background-media":"","overlay-type":"","overlay-color":"","overlay-opacity":"","overlay-gradient":""}},"ast-content-background-meta":{"desktop":{"background-color":"var(--ast-global-color-5)","background-image":"","background-repeat":"repeat","background-position":"center center","background-size":"auto","background-attachment":"scroll","background-type":"","background-media":"","overlay-type":"","overlay-color":"","overlay-opacity":"","overlay-gradient":""},"tablet":{"background-color":"var(--ast-global-color-5)","background-image":"","background-repeat":"repeat","background-position":"center center","background-size":"auto","background-attachment":"scroll","background-type":"","background-media":"","overlay-type":"","overlay-color":"","overlay-opacity":"","overlay-gradient":""},"mobile":{"background-color":"var(--ast-global-color-5)","background-image":"","background-repeat":"repeat","background-position":"center center","background-size":"auto","background-attachment":"scroll","background-type":"","background-media":"","overlay-type":"","overlay-color":"","overlay-opacity":"","overlay-gradient":""}}},"product_cat":[675,1216,674],"product_tag":[1307,1312,1319,1300,1338,1335,1279,1273,1326,1281,1324,1239,1218,1223,1331,1277,1315,1304],"class_list":{"0":"post-6917","1":"product","2":"type-product","3":"status-publish","4":"has-post-thumbnail","6":"product_cat-alivio-de-la-hinchazon","7":"product_cat-perdida-de-peso","8":"product_cat-salud-digestiva","9":"product_tag-capsulas-de-vinagre-de-manzana","10":"product_tag-gomitas-de-vinagre-de-manzana","11":"product_tag-gomitas-de-vinagre-de-manzana-goli","12":"product_tag-gomitas-goli","13":"product_tag-keto-pure-es","14":"product_tag-pastillas-de-ceto","15":"product_tag-pastillas-para-adelgazar-es-2","16":"product_tag-pastillas-para-adelgazar","17":"product_tag-pastillas-para-adelgazar-keto-dragons-den","18":"product_tag-pastillas-para-adelgazar-que-funcionan-rapido","19":"product_tag-pildoras-de-la-dieta-ceto","20":"product_tag-quemadores-de-grasa-para-hombres-perdida-de-peso","21":"product_tag-supresor-del-apetito","22":"product_tag-supresor-del-apetito-para-perder-peso","23":"product_tag-tabletas-de-la-dieta-ceto","24":"product_tag-tabletas-de-retencion-de-agua","25":"product_tag-tabletas-de-vinagre-de-manzana","26":"product_tag-vinagre-de-sidra-de-manzana","27":"has-subscription-plans","28":"desktop-align-left","29":"tablet-align-left","30":"mobile-align-left","32":"first","33":"instock","34":"sale","35":"taxable","36":"shipping-taxable","37":"purchasable","38":"product-type-simple"},"yoast_head":"<!-- This site is optimized with the Yoast SEO plugin v22.7 - https:\/\/yoast.com\/wordpress\/plugins\/seo\/ -->\n<title>Vinagre de Sidra de Manzana - Refuerzo del Metabolismo y Desintoxicaci\u00f3n - Mejorado con Seagreens, T\u00e9 Verde y Cromo (120 C\u00e1psulas) - JeaKen<\/title>\n<meta name=\"robots\" content=\"index, follow, max-snippet:-1, max-image-preview:large, max-video-preview:-1\" \/>\n<link rel=\"canonical\" href=\"https:\/\/jeaken.com\/es\/producto\/vinagre-de-sidra-de-manzana-refuerzo-del-metabolismo-y-desintoxicacion-mejorado-con-seagreens-te-verde-y-cromo-120-capsulas\/\" \/>\n<meta property=\"og:locale\" content=\"es_ES\" \/>\n<meta property=\"og:type\" content=\"article\" \/>\n<meta property=\"og:title\" content=\"Vinagre de Sidra de Manzana - Refuerzo del Metabolismo y Desintoxicaci\u00f3n - Mejorado con Seagreens, T\u00e9 Verde y Cromo (120 C\u00e1psulas) - JeaKen\" \/>\n<meta property=\"og:description\" content=\"Una mezcla natural de primera calidad para una mayor salud y adelgazamiento.\" \/>\n<meta property=\"og:url\" content=\"https:\/\/jeaken.com\/es\/producto\/vinagre-de-sidra-de-manzana-refuerzo-del-metabolismo-y-desintoxicacion-mejorado-con-seagreens-te-verde-y-cromo-120-capsulas\/\" \/>\n<meta property=\"og:site_name\" content=\"JeaKen\" \/>\n<meta property=\"article:modified_time\" content=\"2022-08-09T14:15:48+00:00\" \/>\n<meta property=\"og:image\" content=\"https:\/\/jeaken.com\/wp-content\/uploads\/2022\/07\/510x600.jpg\" \/>\n\t<meta property=\"og:image:width\" content=\"512\" \/>\n\t<meta property=\"og:image:height\" content=\"600\" \/>\n\t<meta property=\"og:image:type\" content=\"image\/jpeg\" \/>\n<meta name=\"twitter:card\" content=\"summary_large_image\" \/>\n<meta name=\"twitter:label1\" content=\"Est. reading time\" \/>\n\t<meta name=\"twitter:data1\" content=\"1 minute\" \/>\n<script type=\"application\/ld+json\" class=\"yoast-schema-graph\">{\"@context\":\"https:\/\/schema.org\",\"@graph\":[{\"@type\":\"WebPage\",\"@id\":\"https:\/\/jeaken.com\/es\/producto\/vinagre-de-sidra-de-manzana-refuerzo-del-metabolismo-y-desintoxicacion-mejorado-con-seagreens-te-verde-y-cromo-120-capsulas\/\",\"url\":\"https:\/\/jeaken.com\/es\/producto\/vinagre-de-sidra-de-manzana-refuerzo-del-metabolismo-y-desintoxicacion-mejorado-con-seagreens-te-verde-y-cromo-120-capsulas\/\",\"name\":\"Vinagre de Sidra de Manzana - Refuerzo del Metabolismo y Desintoxicaci\u00f3n - Mejorado con Seagreens, T\u00e9 Verde y Cromo (120 C\u00e1psulas) - JeaKen\",\"isPartOf\":{\"@id\":\"https:\/\/jeaken.com\/es\/#website\"},\"primaryImageOfPage\":{\"@id\":\"https:\/\/jeaken.com\/es\/producto\/vinagre-de-sidra-de-manzana-refuerzo-del-metabolismo-y-desintoxicacion-mejorado-con-seagreens-te-verde-y-cromo-120-capsulas\/#primaryimage\"},\"image\":{\"@id\":\"https:\/\/jeaken.com\/es\/producto\/vinagre-de-sidra-de-manzana-refuerzo-del-metabolismo-y-desintoxicacion-mejorado-con-seagreens-te-verde-y-cromo-120-capsulas\/#primaryimage\"},\"thumbnailUrl\":\"https:\/\/jeaken.com\/wp-content\/uploads\/2022\/07\/510x600.jpg\",\"datePublished\":\"2022-07-21T18:18:17+00:00\",\"dateModified\":\"2022-08-09T14:15:48+00:00\",\"breadcrumb\":{\"@id\":\"https:\/\/jeaken.com\/es\/producto\/vinagre-de-sidra-de-manzana-refuerzo-del-metabolismo-y-desintoxicacion-mejorado-con-seagreens-te-verde-y-cromo-120-capsulas\/#breadcrumb\"},\"inLanguage\":\"es-ES\",\"potentialAction\":[{\"@type\":\"ReadAction\",\"target\":[\"https:\/\/jeaken.com\/es\/producto\/vinagre-de-sidra-de-manzana-refuerzo-del-metabolismo-y-desintoxicacion-mejorado-con-seagreens-te-verde-y-cromo-120-capsulas\/\"]}]},{\"@type\":\"ImageObject\",\"inLanguage\":\"es-ES\",\"@id\":\"https:\/\/jeaken.com\/es\/producto\/vinagre-de-sidra-de-manzana-refuerzo-del-metabolismo-y-desintoxicacion-mejorado-con-seagreens-te-verde-y-cromo-120-capsulas\/#primaryimage\",\"url\":\"https:\/\/jeaken.com\/wp-content\/uploads\/2022\/07\/510x600.jpg\",\"contentUrl\":\"https:\/\/jeaken.com\/wp-content\/uploads\/2022\/07\/510x600.jpg\",\"width\":512,\"height\":600,\"caption\":\"Apple Cider Vinegar - Metabolism Booster and Detox - Enhanced with Seagreens, Green Tea and Chromium\"},{\"@type\":\"BreadcrumbList\",\"@id\":\"https:\/\/jeaken.com\/es\/producto\/vinagre-de-sidra-de-manzana-refuerzo-del-metabolismo-y-desintoxicacion-mejorado-con-seagreens-te-verde-y-cromo-120-capsulas\/#breadcrumb\",\"itemListElement\":[{\"@type\":\"ListItem\",\"position\":1,\"name\":\"Home\",\"item\":\"https:\/\/jeaken.com\/es\/\"},{\"@type\":\"ListItem\",\"position\":2,\"name\":\"Private: Shop\",\"item\":\"https:\/\/jeaken.com\/shop\/\"},{\"@type\":\"ListItem\",\"position\":3,\"name\":\"Vinagre de Sidra de Manzana &#8211; Refuerzo del Metabolismo y Desintoxicaci\u00f3n &#8211; Mejorado con Seagreens, T\u00e9 Verde y Cromo (120 C\u00e1psulas)\"}]},{\"@type\":\"WebSite\",\"@id\":\"https:\/\/jeaken.com\/es\/#website\",\"url\":\"https:\/\/jeaken.com\/es\/\",\"name\":\"JeaKen\",\"description\":\"Organic Supplements for Health, Fitness and Nutrition\",\"publisher\":{\"@id\":\"https:\/\/jeaken.com\/es\/#organization\"},\"potentialAction\":[{\"@type\":\"SearchAction\",\"target\":{\"@type\":\"EntryPoint\",\"urlTemplate\":\"https:\/\/jeaken.com\/es\/?s={search_term_string}\"},\"query-input\":\"required name=search_term_string\"}],\"inLanguage\":\"es-ES\"},{\"@type\":\"Organization\",\"@id\":\"https:\/\/jeaken.com\/es\/#organization\",\"name\":\"JeaKen\",\"url\":\"https:\/\/jeaken.com\/es\/\",\"logo\":{\"@type\":\"ImageObject\",\"inLanguage\":\"es-ES\",\"@id\":\"https:\/\/jeaken.com\/es\/#\/schema\/logo\/image\/\",\"url\":\"https:\/\/jeaken.com\/wp-content\/uploads\/2022\/06\/jeaken-logo-23.png\",\"contentUrl\":\"https:\/\/jeaken.com\/wp-content\/uploads\/2022\/06\/jeaken-logo-23.png\",\"width\":2486,\"height\":736,\"caption\":\"JeaKen\"},\"image\":{\"@id\":\"https:\/\/jeaken.com\/es\/#\/schema\/logo\/image\/\"}}]}<\/script>\n<!-- \/ Yoast SEO plugin. -->","yoast_head_json":{"title":"Vinagre de Sidra de Manzana - Refuerzo del Metabolismo y Desintoxicaci\u00f3n - Mejorado con Seagreens, T\u00e9 Verde y Cromo (120 C\u00e1psulas) - JeaKen","robots":{"index":"index","follow":"follow","max-snippet":"max-snippet:-1","max-image-preview":"max-image-preview:large","max-video-preview":"max-video-preview:-1"},"canonical":"https:\/\/jeaken.com\/es\/producto\/vinagre-de-sidra-de-manzana-refuerzo-del-metabolismo-y-desintoxicacion-mejorado-con-seagreens-te-verde-y-cromo-120-capsulas\/","og_locale":"es_ES","og_type":"article","og_title":"Vinagre de Sidra de Manzana - Refuerzo del Metabolismo y Desintoxicaci\u00f3n - Mejorado con Seagreens, T\u00e9 Verde y Cromo (120 C\u00e1psulas) - JeaKen","og_description":"Una mezcla natural de primera calidad para una mayor salud y adelgazamiento.","og_url":"https:\/\/jeaken.com\/es\/producto\/vinagre-de-sidra-de-manzana-refuerzo-del-metabolismo-y-desintoxicacion-mejorado-con-seagreens-te-verde-y-cromo-120-capsulas\/","og_site_name":"JeaKen","article_modified_time":"2022-08-09T14:15:48+00:00","og_image":[{"width":512,"height":600,"url":"https:\/\/jeaken.com\/wp-content\/uploads\/2022\/07\/510x600.jpg","type":"image\/jpeg"}],"twitter_card":"summary_large_image","twitter_misc":{"Est. reading time":"1 minute"},"schema":{"@context":"https:\/\/schema.org","@graph":[{"@type":"WebPage","@id":"https:\/\/jeaken.com\/es\/producto\/vinagre-de-sidra-de-manzana-refuerzo-del-metabolismo-y-desintoxicacion-mejorado-con-seagreens-te-verde-y-cromo-120-capsulas\/","url":"https:\/\/jeaken.com\/es\/producto\/vinagre-de-sidra-de-manzana-refuerzo-del-metabolismo-y-desintoxicacion-mejorado-con-seagreens-te-verde-y-cromo-120-capsulas\/","name":"Vinagre de Sidra de Manzana - Refuerzo del Metabolismo y Desintoxicaci\u00f3n - Mejorado con Seagreens, T\u00e9 Verde y Cromo (120 C\u00e1psulas) - JeaKen","isPartOf":{"@id":"https:\/\/jeaken.com\/es\/#website"},"primaryImageOfPage":{"@id":"https:\/\/jeaken.com\/es\/producto\/vinagre-de-sidra-de-manzana-refuerzo-del-metabolismo-y-desintoxicacion-mejorado-con-seagreens-te-verde-y-cromo-120-capsulas\/#primaryimage"},"image":{"@id":"https:\/\/jeaken.com\/es\/producto\/vinagre-de-sidra-de-manzana-refuerzo-del-metabolismo-y-desintoxicacion-mejorado-con-seagreens-te-verde-y-cromo-120-capsulas\/#primaryimage"},"thumbnailUrl":"https:\/\/jeaken.com\/wp-content\/uploads\/2022\/07\/510x600.jpg","datePublished":"2022-07-21T18:18:17+00:00","dateModified":"2022-08-09T14:15:48+00:00","breadcrumb":{"@id":"https:\/\/jeaken.com\/es\/producto\/vinagre-de-sidra-de-manzana-refuerzo-del-metabolismo-y-desintoxicacion-mejorado-con-seagreens-te-verde-y-cromo-120-capsulas\/#breadcrumb"},"inLanguage":"es-ES","potentialAction":[{"@type":"ReadAction","target":["https:\/\/jeaken.com\/es\/producto\/vinagre-de-sidra-de-manzana-refuerzo-del-metabolismo-y-desintoxicacion-mejorado-con-seagreens-te-verde-y-cromo-120-capsulas\/"]}]},{"@type":"ImageObject","inLanguage":"es-ES","@id":"https:\/\/jeaken.com\/es\/producto\/vinagre-de-sidra-de-manzana-refuerzo-del-metabolismo-y-desintoxicacion-mejorado-con-seagreens-te-verde-y-cromo-120-capsulas\/#primaryimage","url":"https:\/\/jeaken.com\/wp-content\/uploads\/2022\/07\/510x600.jpg","contentUrl":"https:\/\/jeaken.com\/wp-content\/uploads\/2022\/07\/510x600.jpg","width":512,"height":600,"caption":"Apple Cider Vinegar - Metabolism Booster and Detox - Enhanced with Seagreens, Green Tea and Chromium"},{"@type":"BreadcrumbList","@id":"https:\/\/jeaken.com\/es\/producto\/vinagre-de-sidra-de-manzana-refuerzo-del-metabolismo-y-desintoxicacion-mejorado-con-seagreens-te-verde-y-cromo-120-capsulas\/#breadcrumb","itemListElement":[{"@type":"ListItem","position":1,"name":"Home","item":"https:\/\/jeaken.com\/es\/"},{"@type":"ListItem","position":2,"name":"Private: Shop","item":"https:\/\/jeaken.com\/shop\/"},{"@type":"ListItem","position":3,"name":"Vinagre de Sidra de Manzana &#8211; Refuerzo del Metabolismo y Desintoxicaci\u00f3n &#8211; Mejorado con Seagreens, T\u00e9 Verde y Cromo (120 C\u00e1psulas)"}]},{"@type":"WebSite","@id":"https:\/\/jeaken.com\/es\/#website","url":"https:\/\/jeaken.com\/es\/","name":"JeaKen","description":"Organic Supplements for Health, Fitness and Nutrition","publisher":{"@id":"https:\/\/jeaken.com\/es\/#organization"},"potentialAction":[{"@type":"SearchAction","target":{"@type":"EntryPoint","urlTemplate":"https:\/\/jeaken.com\/es\/?s={search_term_string}"},"query-input":"required name=search_term_string"}],"inLanguage":"es-ES"},{"@type":"Organization","@id":"https:\/\/jeaken.com\/es\/#organization","name":"JeaKen","url":"https:\/\/jeaken.com\/es\/","logo":{"@type":"ImageObject","inLanguage":"es-ES","@id":"https:\/\/jeaken.com\/es\/#\/schema\/logo\/image\/","url":"https:\/\/jeaken.com\/wp-content\/uploads\/2022\/06\/jeaken-logo-23.png","contentUrl":"https:\/\/jeaken.com\/wp-content\/uploads\/2022\/06\/jeaken-logo-23.png","width":2486,"height":736,"caption":"JeaKen"},"image":{"@id":"https:\/\/jeaken.com\/es\/#\/schema\/logo\/image\/"}}]}},"jetpack_sharing_enabled":true,"_links":{"self":[{"href":"https:\/\/jeaken.com\/es\/wp-json\/wp\/v2\/product\/6917","targetHints":{"allow":["GET"]}}],"collection":[{"href":"https:\/\/jeaken.com\/es\/wp-json\/wp\/v2\/product"}],"about":[{"href":"https:\/\/jeaken.com\/es\/wp-json\/wp\/v2\/types\/product"}],"wp:featuredmedia":[{"embeddable":true,"href":"https:\/\/jeaken.com\/es\/wp-json\/wp\/v2\/media\/15874"}],"wp:attachment":[{"href":"https:\/\/jeaken.com\/es\/wp-json\/wp\/v2\/media?parent=6917"}],"wp:term":[{"taxonomy":"product_cat","embeddable":true,"href":"https:\/\/jeaken.com\/es\/wp-json\/wp\/v2\/product_cat?post=6917"},{"taxonomy":"product_tag","embeddable":true,"href":"https:\/\/jeaken.com\/es\/wp-json\/wp\/v2\/product_tag?post=6917"}],"curies":[{"name":"wp","href":"https:\/\/api.w.org\/{rel}","templated":true}]}}