{"id":6916,"date":"2022-07-21T19:18:17","date_gmt":"2022-07-21T18:18:17","guid":{"rendered":"https:\/1658920591610?product=bcaa-en-polvo-bebida-de-frambuesa-azul-para-la-recuperacion-y-el-desarrollo-muscular-con-aminoacidos-leucina-isoleucina-y-valina-100-porciones-500g"},"modified":"2022-08-09T15:15:45","modified_gmt":"2022-08-09T14:15:45","slug":"bcaa-en-polvo-bebida-de-frambuesa-azul-para-la-recuperacion-y-el-desarrollo-muscular-con-aminoacidos-leucina-isoleucina-y-valina-100-porciones-500g","status":"publish","type":"product","link":"https:\/\/jeaken.com\/es\/producto\/bcaa-en-polvo-bebida-de-frambuesa-azul-para-la-recuperacion-y-el-desarrollo-muscular-con-aminoacidos-leucina-isoleucina-y-valina-100-porciones-500g\/","title":{"rendered":"BCAA en polvo &#8211; Bebida de frambuesa azul para la recuperaci\u00f3n y el desarrollo muscular con amino\u00e1cidos, leucina, isoleucina y valina. 100 porciones (500G)"},"content":{"rendered":"<p><strong>F\u00d3RMULA DE GRADO ELITE 2:1:1  <\/strong><\/p>\n<p>Nuestro polvo de amino\u00e1cidos de cadena ramificada (BCAA) es una mezcla \u00fanica de BCAA 2:1:1 en polvo, leucina, isoleucina y valina para ayudar a su cuerpo a entrenar al m\u00e1ximo nivel, construir m\u00e1s m\u00fasculos, quemar grasa, aumentar el rendimiento f\u00edsico y reducir la fatiga.<\/p>\n<p><strong>RESULTADOS R\u00c1PIDOS Y SIGNIFICATIVOS  <\/strong><\/p>\n<p>Los BCAAs estimulan la s\u00edntesis de prote\u00ednas, permiti\u00e9ndole construir m\u00fasculo m\u00e1s r\u00e1pida y eficientemente mientras reduce la fatiga muscular.<\/p>\n<p><strong>FAVORECE UN TIEMPO DE RECUPERACI\u00d3N R\u00c1PIDO  <\/strong><\/p>\n<p>Se ha demostrado que los BCAA ayudan a los m\u00fasculos a recuperarse m\u00e1s r\u00e1pido, lo que significa que se reconstruyen r\u00e1pidamente y generan resultados.<\/p>\n<p><strong>AYUDA A QUEMAR GRASA M\u00c1S R\u00c1PIDAMENTE  <\/strong><\/p>\n<p>Los BCAA ayudan a su cuerpo a quemar grasa m\u00e1s r\u00e1pidamente mientras protegen sus m\u00fasculos. El simple hecho de a\u00f1adir este suplemento a tu r\u00e9gimen de entrenamiento puede ayudarte a lucir y sentirte m\u00e1s &#8220;maduro&#8221; que nunca.<\/p>\n","protected":false},"excerpt":{"rendered":"<h4><strong>Bebida potente y de acci\u00f3n r\u00e1pida para despu\u00e9s del entrenamiento para una mejor recuperaci\u00f3n, m\u00e1s m\u00fasculos y menos grasa<\/strong><\/h4>\n","protected":false},"featured_media":4439,"template":"","meta":{"site-sidebar-layout":"default","site-content-layout":"default","ast-site-content-layout":"default","site-content-style":"default","site-sidebar-style":"default","ast-global-header-display":"","ast-banner-title-visibility":"","ast-main-header-display":"","ast-hfb-above-header-display":"","ast-hfb-below-header-display":"","ast-hfb-mobile-header-display":"","site-post-title":"","ast-breadcrumbs-content":"","ast-featured-img":"","footer-sml-layout":"","theme-transparent-header-meta":"default","adv-header-id-meta":"","stick-header-meta":"default","header-above-stick-meta":"","header-main-stick-meta":"","header-below-stick-meta":"","astra-migrate-meta-layouts":"default","ast-page-background-enabled":"default","ast-page-background-meta":{"desktop":{"background-color":"","background-image":"","background-repeat":"repeat","background-position":"center center","background-size":"auto","background-attachment":"scroll","background-type":"","background-media":"","overlay-type":"","overlay-color":"","overlay-opacity":"","overlay-gradient":""},"tablet":{"background-color":"","background-image":"","background-repeat":"repeat","background-position":"center center","background-size":"auto","background-attachment":"scroll","background-type":"","background-media":"","overlay-type":"","overlay-color":"","overlay-opacity":"","overlay-gradient":""},"mobile":{"background-color":"","background-image":"","background-repeat":"repeat","background-position":"center center","background-size":"auto","background-attachment":"scroll","background-type":"","background-media":"","overlay-type":"","overlay-color":"","overlay-opacity":"","overlay-gradient":""}},"ast-content-background-meta":{"desktop":{"background-color":"var(--ast-global-color-5)","background-image":"","background-repeat":"repeat","background-position":"center center","background-size":"auto","background-attachment":"scroll","background-type":"","background-media":"","overlay-type":"","overlay-color":"","overlay-opacity":"","overlay-gradient":""},"tablet":{"background-color":"var(--ast-global-color-5)","background-image":"","background-repeat":"repeat","background-position":"center center","background-size":"auto","background-attachment":"scroll","background-type":"","background-media":"","overlay-type":"","overlay-color":"","overlay-opacity":"","overlay-gradient":""},"mobile":{"background-color":"var(--ast-global-color-5)","background-image":"","background-repeat":"repeat","background-position":"center center","background-size":"auto","background-attachment":"scroll","background-type":"","background-media":"","overlay-type":"","overlay-color":"","overlay-opacity":"","overlay-gradient":""}}},"product_cat":[591],"product_tag":[],"class_list":{"0":"post-6916","1":"product","2":"type-product","3":"status-publish","4":"has-post-thumbnail","6":"product_cat-nutricion-deportiva","7":"has-subscription-plans","8":"desktop-align-left","9":"tablet-align-left","10":"mobile-align-left","12":"first","13":"instock","14":"taxable","15":"shipping-taxable","16":"purchasable","17":"product-type-simple"},"yoast_head":"<!-- This site is optimized with the Yoast SEO plugin v22.7 - https:\/\/yoast.com\/wordpress\/plugins\/seo\/ -->\n<title>BCAA en polvo - Bebida de frambuesa azul para la recuperaci\u00f3n y el desarrollo muscular con amino\u00e1cidos, leucina, isoleucina y valina. 100 porciones (500G) - JeaKen<\/title>\n<meta name=\"robots\" content=\"index, follow, max-snippet:-1, max-image-preview:large, max-video-preview:-1\" \/>\n<link rel=\"canonical\" href=\"https:\/\/jeaken.com\/es\/producto\/bcaa-en-polvo-bebida-de-frambuesa-azul-para-la-recuperacion-y-el-desarrollo-muscular-con-aminoacidos-leucina-isoleucina-y-valina-100-porciones-500g\/\" \/>\n<meta property=\"og:locale\" content=\"es_ES\" \/>\n<meta property=\"og:type\" content=\"article\" \/>\n<meta property=\"og:title\" content=\"BCAA en polvo - Bebida de frambuesa azul para la recuperaci\u00f3n y el desarrollo muscular con amino\u00e1cidos, leucina, isoleucina y valina. 100 porciones (500G) - JeaKen\" \/>\n<meta property=\"og:description\" content=\"Bebida potente y de acci\u00f3n r\u00e1pida para despu\u00e9s del entrenamiento para una mejor recuperaci\u00f3n, m\u00e1s m\u00fasculos y menos grasa\" \/>\n<meta property=\"og:url\" content=\"https:\/\/jeaken.com\/es\/producto\/bcaa-en-polvo-bebida-de-frambuesa-azul-para-la-recuperacion-y-el-desarrollo-muscular-con-aminoacidos-leucina-isoleucina-y-valina-100-porciones-500g\/\" \/>\n<meta property=\"og:site_name\" content=\"JeaKen\" \/>\n<meta property=\"article:modified_time\" content=\"2022-08-09T14:15:45+00:00\" \/>\n<meta property=\"og:image\" content=\"https:\/\/jeaken.com\/wp-content\/uploads\/2022\/07\/srewww333.jpg\" \/>\n\t<meta property=\"og:image:width\" content=\"600\" \/>\n\t<meta property=\"og:image:height\" content=\"600\" \/>\n\t<meta property=\"og:image:type\" content=\"image\/jpeg\" \/>\n<meta name=\"twitter:card\" content=\"summary_large_image\" \/>\n<meta name=\"twitter:label1\" content=\"Est. reading time\" \/>\n\t<meta name=\"twitter:data1\" content=\"1 minute\" \/>\n<script type=\"application\/ld+json\" class=\"yoast-schema-graph\">{\"@context\":\"https:\/\/schema.org\",\"@graph\":[{\"@type\":\"WebPage\",\"@id\":\"https:\/\/jeaken.com\/es\/producto\/bcaa-en-polvo-bebida-de-frambuesa-azul-para-la-recuperacion-y-el-desarrollo-muscular-con-aminoacidos-leucina-isoleucina-y-valina-100-porciones-500g\/\",\"url\":\"https:\/\/jeaken.com\/es\/producto\/bcaa-en-polvo-bebida-de-frambuesa-azul-para-la-recuperacion-y-el-desarrollo-muscular-con-aminoacidos-leucina-isoleucina-y-valina-100-porciones-500g\/\",\"name\":\"BCAA en polvo - Bebida de frambuesa azul para la recuperaci\u00f3n y el desarrollo muscular con amino\u00e1cidos, leucina, isoleucina y valina. 100 porciones (500G) - JeaKen\",\"isPartOf\":{\"@id\":\"https:\/\/jeaken.com\/es\/#website\"},\"primaryImageOfPage\":{\"@id\":\"https:\/\/jeaken.com\/es\/producto\/bcaa-en-polvo-bebida-de-frambuesa-azul-para-la-recuperacion-y-el-desarrollo-muscular-con-aminoacidos-leucina-isoleucina-y-valina-100-porciones-500g\/#primaryimage\"},\"image\":{\"@id\":\"https:\/\/jeaken.com\/es\/producto\/bcaa-en-polvo-bebida-de-frambuesa-azul-para-la-recuperacion-y-el-desarrollo-muscular-con-aminoacidos-leucina-isoleucina-y-valina-100-porciones-500g\/#primaryimage\"},\"thumbnailUrl\":\"https:\/\/jeaken.com\/wp-content\/uploads\/2022\/07\/srewww333.jpg\",\"datePublished\":\"2022-07-21T18:18:17+00:00\",\"dateModified\":\"2022-08-09T14:15:45+00:00\",\"breadcrumb\":{\"@id\":\"https:\/\/jeaken.com\/es\/producto\/bcaa-en-polvo-bebida-de-frambuesa-azul-para-la-recuperacion-y-el-desarrollo-muscular-con-aminoacidos-leucina-isoleucina-y-valina-100-porciones-500g\/#breadcrumb\"},\"inLanguage\":\"es-ES\",\"potentialAction\":[{\"@type\":\"ReadAction\",\"target\":[\"https:\/\/jeaken.com\/es\/producto\/bcaa-en-polvo-bebida-de-frambuesa-azul-para-la-recuperacion-y-el-desarrollo-muscular-con-aminoacidos-leucina-isoleucina-y-valina-100-porciones-500g\/\"]}]},{\"@type\":\"ImageObject\",\"inLanguage\":\"es-ES\",\"@id\":\"https:\/\/jeaken.com\/es\/producto\/bcaa-en-polvo-bebida-de-frambuesa-azul-para-la-recuperacion-y-el-desarrollo-muscular-con-aminoacidos-leucina-isoleucina-y-valina-100-porciones-500g\/#primaryimage\",\"url\":\"https:\/\/jeaken.com\/wp-content\/uploads\/2022\/07\/srewww333.jpg\",\"contentUrl\":\"https:\/\/jeaken.com\/wp-content\/uploads\/2022\/07\/srewww333.jpg\",\"width\":600,\"height\":600,\"caption\":\"BCAA Powder - Muscle Recovery and Muscle\"},{\"@type\":\"BreadcrumbList\",\"@id\":\"https:\/\/jeaken.com\/es\/producto\/bcaa-en-polvo-bebida-de-frambuesa-azul-para-la-recuperacion-y-el-desarrollo-muscular-con-aminoacidos-leucina-isoleucina-y-valina-100-porciones-500g\/#breadcrumb\",\"itemListElement\":[{\"@type\":\"ListItem\",\"position\":1,\"name\":\"Home\",\"item\":\"https:\/\/jeaken.com\/es\/\"},{\"@type\":\"ListItem\",\"position\":2,\"name\":\"Private: Shop\",\"item\":\"https:\/\/jeaken.com\/shop\/\"},{\"@type\":\"ListItem\",\"position\":3,\"name\":\"BCAA en polvo &#8211; Bebida de frambuesa azul para la recuperaci\u00f3n y el desarrollo muscular con amino\u00e1cidos, leucina, isoleucina y valina. 100 porciones (500G)\"}]},{\"@type\":\"WebSite\",\"@id\":\"https:\/\/jeaken.com\/es\/#website\",\"url\":\"https:\/\/jeaken.com\/es\/\",\"name\":\"JeaKen\",\"description\":\"Organic Supplements for Health, Fitness and Nutrition\",\"publisher\":{\"@id\":\"https:\/\/jeaken.com\/es\/#organization\"},\"potentialAction\":[{\"@type\":\"SearchAction\",\"target\":{\"@type\":\"EntryPoint\",\"urlTemplate\":\"https:\/\/jeaken.com\/es\/?s={search_term_string}\"},\"query-input\":\"required name=search_term_string\"}],\"inLanguage\":\"es-ES\"},{\"@type\":\"Organization\",\"@id\":\"https:\/\/jeaken.com\/es\/#organization\",\"name\":\"JeaKen\",\"url\":\"https:\/\/jeaken.com\/es\/\",\"logo\":{\"@type\":\"ImageObject\",\"inLanguage\":\"es-ES\",\"@id\":\"https:\/\/jeaken.com\/es\/#\/schema\/logo\/image\/\",\"url\":\"https:\/\/jeaken.com\/wp-content\/uploads\/2022\/06\/jeaken-logo-23.png\",\"contentUrl\":\"https:\/\/jeaken.com\/wp-content\/uploads\/2022\/06\/jeaken-logo-23.png\",\"width\":2486,\"height\":736,\"caption\":\"JeaKen\"},\"image\":{\"@id\":\"https:\/\/jeaken.com\/es\/#\/schema\/logo\/image\/\"}}]}<\/script>\n<!-- \/ Yoast SEO plugin. -->","yoast_head_json":{"title":"BCAA en polvo - Bebida de frambuesa azul para la recuperaci\u00f3n y el desarrollo muscular con amino\u00e1cidos, leucina, isoleucina y valina. 100 porciones (500G) - JeaKen","robots":{"index":"index","follow":"follow","max-snippet":"max-snippet:-1","max-image-preview":"max-image-preview:large","max-video-preview":"max-video-preview:-1"},"canonical":"https:\/\/jeaken.com\/es\/producto\/bcaa-en-polvo-bebida-de-frambuesa-azul-para-la-recuperacion-y-el-desarrollo-muscular-con-aminoacidos-leucina-isoleucina-y-valina-100-porciones-500g\/","og_locale":"es_ES","og_type":"article","og_title":"BCAA en polvo - Bebida de frambuesa azul para la recuperaci\u00f3n y el desarrollo muscular con amino\u00e1cidos, leucina, isoleucina y valina. 100 porciones (500G) - JeaKen","og_description":"Bebida potente y de acci\u00f3n r\u00e1pida para despu\u00e9s del entrenamiento para una mejor recuperaci\u00f3n, m\u00e1s m\u00fasculos y menos grasa","og_url":"https:\/\/jeaken.com\/es\/producto\/bcaa-en-polvo-bebida-de-frambuesa-azul-para-la-recuperacion-y-el-desarrollo-muscular-con-aminoacidos-leucina-isoleucina-y-valina-100-porciones-500g\/","og_site_name":"JeaKen","article_modified_time":"2022-08-09T14:15:45+00:00","og_image":[{"width":600,"height":600,"url":"https:\/\/jeaken.com\/wp-content\/uploads\/2022\/07\/srewww333.jpg","type":"image\/jpeg"}],"twitter_card":"summary_large_image","twitter_misc":{"Est. reading time":"1 minute"},"schema":{"@context":"https:\/\/schema.org","@graph":[{"@type":"WebPage","@id":"https:\/\/jeaken.com\/es\/producto\/bcaa-en-polvo-bebida-de-frambuesa-azul-para-la-recuperacion-y-el-desarrollo-muscular-con-aminoacidos-leucina-isoleucina-y-valina-100-porciones-500g\/","url":"https:\/\/jeaken.com\/es\/producto\/bcaa-en-polvo-bebida-de-frambuesa-azul-para-la-recuperacion-y-el-desarrollo-muscular-con-aminoacidos-leucina-isoleucina-y-valina-100-porciones-500g\/","name":"BCAA en polvo - Bebida de frambuesa azul para la recuperaci\u00f3n y el desarrollo muscular con amino\u00e1cidos, leucina, isoleucina y valina. 100 porciones (500G) - JeaKen","isPartOf":{"@id":"https:\/\/jeaken.com\/es\/#website"},"primaryImageOfPage":{"@id":"https:\/\/jeaken.com\/es\/producto\/bcaa-en-polvo-bebida-de-frambuesa-azul-para-la-recuperacion-y-el-desarrollo-muscular-con-aminoacidos-leucina-isoleucina-y-valina-100-porciones-500g\/#primaryimage"},"image":{"@id":"https:\/\/jeaken.com\/es\/producto\/bcaa-en-polvo-bebida-de-frambuesa-azul-para-la-recuperacion-y-el-desarrollo-muscular-con-aminoacidos-leucina-isoleucina-y-valina-100-porciones-500g\/#primaryimage"},"thumbnailUrl":"https:\/\/jeaken.com\/wp-content\/uploads\/2022\/07\/srewww333.jpg","datePublished":"2022-07-21T18:18:17+00:00","dateModified":"2022-08-09T14:15:45+00:00","breadcrumb":{"@id":"https:\/\/jeaken.com\/es\/producto\/bcaa-en-polvo-bebida-de-frambuesa-azul-para-la-recuperacion-y-el-desarrollo-muscular-con-aminoacidos-leucina-isoleucina-y-valina-100-porciones-500g\/#breadcrumb"},"inLanguage":"es-ES","potentialAction":[{"@type":"ReadAction","target":["https:\/\/jeaken.com\/es\/producto\/bcaa-en-polvo-bebida-de-frambuesa-azul-para-la-recuperacion-y-el-desarrollo-muscular-con-aminoacidos-leucina-isoleucina-y-valina-100-porciones-500g\/"]}]},{"@type":"ImageObject","inLanguage":"es-ES","@id":"https:\/\/jeaken.com\/es\/producto\/bcaa-en-polvo-bebida-de-frambuesa-azul-para-la-recuperacion-y-el-desarrollo-muscular-con-aminoacidos-leucina-isoleucina-y-valina-100-porciones-500g\/#primaryimage","url":"https:\/\/jeaken.com\/wp-content\/uploads\/2022\/07\/srewww333.jpg","contentUrl":"https:\/\/jeaken.com\/wp-content\/uploads\/2022\/07\/srewww333.jpg","width":600,"height":600,"caption":"BCAA Powder - Muscle Recovery and Muscle"},{"@type":"BreadcrumbList","@id":"https:\/\/jeaken.com\/es\/producto\/bcaa-en-polvo-bebida-de-frambuesa-azul-para-la-recuperacion-y-el-desarrollo-muscular-con-aminoacidos-leucina-isoleucina-y-valina-100-porciones-500g\/#breadcrumb","itemListElement":[{"@type":"ListItem","position":1,"name":"Home","item":"https:\/\/jeaken.com\/es\/"},{"@type":"ListItem","position":2,"name":"Private: Shop","item":"https:\/\/jeaken.com\/shop\/"},{"@type":"ListItem","position":3,"name":"BCAA en polvo &#8211; Bebida de frambuesa azul para la recuperaci\u00f3n y el desarrollo muscular con amino\u00e1cidos, leucina, isoleucina y valina. 100 porciones (500G)"}]},{"@type":"WebSite","@id":"https:\/\/jeaken.com\/es\/#website","url":"https:\/\/jeaken.com\/es\/","name":"JeaKen","description":"Organic Supplements for Health, Fitness and Nutrition","publisher":{"@id":"https:\/\/jeaken.com\/es\/#organization"},"potentialAction":[{"@type":"SearchAction","target":{"@type":"EntryPoint","urlTemplate":"https:\/\/jeaken.com\/es\/?s={search_term_string}"},"query-input":"required name=search_term_string"}],"inLanguage":"es-ES"},{"@type":"Organization","@id":"https:\/\/jeaken.com\/es\/#organization","name":"JeaKen","url":"https:\/\/jeaken.com\/es\/","logo":{"@type":"ImageObject","inLanguage":"es-ES","@id":"https:\/\/jeaken.com\/es\/#\/schema\/logo\/image\/","url":"https:\/\/jeaken.com\/wp-content\/uploads\/2022\/06\/jeaken-logo-23.png","contentUrl":"https:\/\/jeaken.com\/wp-content\/uploads\/2022\/06\/jeaken-logo-23.png","width":2486,"height":736,"caption":"JeaKen"},"image":{"@id":"https:\/\/jeaken.com\/es\/#\/schema\/logo\/image\/"}}]}},"jetpack_sharing_enabled":true,"_links":{"self":[{"href":"https:\/\/jeaken.com\/es\/wp-json\/wp\/v2\/product\/6916","targetHints":{"allow":["GET"]}}],"collection":[{"href":"https:\/\/jeaken.com\/es\/wp-json\/wp\/v2\/product"}],"about":[{"href":"https:\/\/jeaken.com\/es\/wp-json\/wp\/v2\/types\/product"}],"wp:featuredmedia":[{"embeddable":true,"href":"https:\/\/jeaken.com\/es\/wp-json\/wp\/v2\/media\/4439"}],"wp:attachment":[{"href":"https:\/\/jeaken.com\/es\/wp-json\/wp\/v2\/media?parent=6916"}],"wp:term":[{"taxonomy":"product_cat","embeddable":true,"href":"https:\/\/jeaken.com\/es\/wp-json\/wp\/v2\/product_cat?post=6916"},{"taxonomy":"product_tag","embeddable":true,"href":"https:\/\/jeaken.com\/es\/wp-json\/wp\/v2\/product_tag?post=6916"}],"curies":[{"name":"wp","href":"https:\/\/api.w.org\/{rel}","templated":true}]}}