{"id":6910,"date":"2022-07-21T19:18:21","date_gmt":"2022-07-21T18:18:21","guid":{"rendered":"https:\/1658920591610?product=acido-linoleico-conjugado-en-capsulas-blandas-para-aumentar-la-masa-muscular-y-perder-grasa-90-capsulas"},"modified":"2022-08-09T15:15:42","modified_gmt":"2022-08-09T14:15:42","slug":"acido-linoleico-conjugado-en-capsulas-blandas-para-aumentar-la-masa-muscular-y-perder-grasa-90-capsulas","status":"publish","type":"product","link":"https:\/\/jeaken.com\/es\/producto\/acido-linoleico-conjugado-en-capsulas-blandas-para-aumentar-la-masa-muscular-y-perder-grasa-90-capsulas\/","title":{"rendered":"\u00c1cido linoleico conjugado en c\u00e1psulas blandas para aumentar la masa muscular y perder grasa (90 c\u00e1psulas)"},"content":{"rendered":"<p><strong><span class=\"a-list-item\">REDUCE LA GRASA CORPORAL Y CONSTRUYE M\u00daSCULO MAGRO  <\/span><\/strong><\/p>\n<p><span class=\"a-list-item\">  El \u00e1cido linoleico conjugado (CLA) es un \u00e1cido graso omega-6 que se produce de forma natural en el organismo y se encuentra en la carne y los productos l\u00e1cteos. Se ha demostrado que reduce la grasa corporal a la vez que aumenta la masa muscular.  <\/span><\/p>\n<p><strong><span class=\"a-list-item\">AUMENTA LA ENERG\u00cdA  <\/span><\/strong><\/p>\n<p><span class=\"a-list-item\">El CLA ayuda a aumentar su tasa metab\u00f3lica para que pueda disfrutar de mayores niveles de energ\u00eda desde la ma\u00f1ana hasta la noche. Nuestro potente suplemento de CLA puede ayudarle a entrenar durante m\u00e1s tiempo con menos agotamiento y un tiempo de recuperaci\u00f3n m\u00e1s r\u00e1pido.<\/span><\/p>\n<p><strong><span class=\"a-list-item\">AUMENTA LA INMUNIDAD<\/span><\/strong><\/p>\n<p><span class=\"a-list-item\">El CLA refuerza el sistema inmunitario y ayuda a desarrollar la resistencia a las infecciones, los problemas inflamatorios y otros desequilibrios del sistema inmunitario, como los problemas autoinmunitarios y las alergias.<\/span><\/p>\n<p><strong><span class=\"a-list-item\">IMPORTANTE PARA VEGANOS Y VEGETARIANOS  <\/span><\/strong><\/p>\n<p><span class=\"a-list-item\">El CLA no puede crearse en el cuerpo humano, pero se encuentra en los productos animales y l\u00e1cteos. Nuestras c\u00e1psulas de CLA ofrecen una alternativa saludable para los vegetarianos o los que quieren evitar el consumo de carne.<\/span><\/p>\n<p>&nbsp;<\/p>\n","protected":false},"excerpt":{"rendered":"<h4>Una forma efectiva de construir m\u00fasculo, reducir la grasa y aumentar la inmunidad.<\/h4>\n","protected":false},"featured_media":4669,"template":"","meta":{"site-sidebar-layout":"default","site-content-layout":"default","ast-site-content-layout":"default","site-content-style":"default","site-sidebar-style":"default","ast-global-header-display":"","ast-banner-title-visibility":"","ast-main-header-display":"","ast-hfb-above-header-display":"","ast-hfb-below-header-display":"","ast-hfb-mobile-header-display":"","site-post-title":"","ast-breadcrumbs-content":"","ast-featured-img":"","footer-sml-layout":"","theme-transparent-header-meta":"default","adv-header-id-meta":"","stick-header-meta":"default","header-above-stick-meta":"","header-main-stick-meta":"","header-below-stick-meta":"","astra-migrate-meta-layouts":"default","ast-page-background-enabled":"default","ast-page-background-meta":{"desktop":{"background-color":"","background-image":"","background-repeat":"repeat","background-position":"center center","background-size":"auto","background-attachment":"scroll","background-type":"","background-media":"","overlay-type":"","overlay-color":"","overlay-opacity":"","overlay-gradient":""},"tablet":{"background-color":"","background-image":"","background-repeat":"repeat","background-position":"center center","background-size":"auto","background-attachment":"scroll","background-type":"","background-media":"","overlay-type":"","overlay-color":"","overlay-opacity":"","overlay-gradient":""},"mobile":{"background-color":"","background-image":"","background-repeat":"repeat","background-position":"center center","background-size":"auto","background-attachment":"scroll","background-type":"","background-media":"","overlay-type":"","overlay-color":"","overlay-opacity":"","overlay-gradient":""}},"ast-content-background-meta":{"desktop":{"background-color":"var(--ast-global-color-5)","background-image":"","background-repeat":"repeat","background-position":"center center","background-size":"auto","background-attachment":"scroll","background-type":"","background-media":"","overlay-type":"","overlay-color":"","overlay-opacity":"","overlay-gradient":""},"tablet":{"background-color":"var(--ast-global-color-5)","background-image":"","background-repeat":"repeat","background-position":"center center","background-size":"auto","background-attachment":"scroll","background-type":"","background-media":"","overlay-type":"","overlay-color":"","overlay-opacity":"","overlay-gradient":""},"mobile":{"background-color":"var(--ast-global-color-5)","background-image":"","background-repeat":"repeat","background-position":"center center","background-size":"auto","background-attachment":"scroll","background-type":"","background-media":"","overlay-type":"","overlay-color":"","overlay-opacity":"","overlay-gradient":""}}},"product_cat":[591,1216,747,590],"product_tag":[1246],"class_list":{"0":"post-6910","1":"product","2":"type-product","3":"status-publish","4":"has-post-thumbnail","6":"product_cat-nutricion-deportiva","7":"product_cat-perdida-de-peso","8":"product_cat-salud-de-los-huesos-y-las-articulaciones","9":"product_cat-salud-del-corazon-y-del-cerebro","10":"product_tag-perdida-de-grasa","11":"has-subscription-plans","12":"desktop-align-left","13":"tablet-align-left","14":"mobile-align-left","16":"first","17":"instock","18":"taxable","19":"shipping-taxable","20":"purchasable","21":"product-type-simple"},"yoast_head":"<!-- This site is optimized with the Yoast SEO plugin v22.7 - https:\/\/yoast.com\/wordpress\/plugins\/seo\/ -->\n<title>\u00c1cido linoleico conjugado en c\u00e1psulas blandas para aumentar la masa muscular y perder grasa (90 c\u00e1psulas) - JeaKen<\/title>\n<meta name=\"robots\" content=\"index, follow, max-snippet:-1, max-image-preview:large, max-video-preview:-1\" \/>\n<link rel=\"canonical\" href=\"https:\/\/jeaken.com\/es\/producto\/acido-linoleico-conjugado-en-capsulas-blandas-para-aumentar-la-masa-muscular-y-perder-grasa-90-capsulas\/\" \/>\n<meta property=\"og:locale\" content=\"es_ES\" \/>\n<meta property=\"og:type\" content=\"article\" \/>\n<meta property=\"og:title\" content=\"\u00c1cido linoleico conjugado en c\u00e1psulas blandas para aumentar la masa muscular y perder grasa (90 c\u00e1psulas) - JeaKen\" \/>\n<meta property=\"og:description\" content=\"Una forma efectiva de construir m\u00fasculo, reducir la grasa y aumentar la inmunidad.\" \/>\n<meta property=\"og:url\" content=\"https:\/\/jeaken.com\/es\/producto\/acido-linoleico-conjugado-en-capsulas-blandas-para-aumentar-la-masa-muscular-y-perder-grasa-90-capsulas\/\" \/>\n<meta property=\"og:site_name\" content=\"JeaKen\" \/>\n<meta property=\"article:modified_time\" content=\"2022-08-09T14:15:42+00:00\" \/>\n<meta property=\"og:image\" content=\"https:\/\/jeaken.com\/wp-content\/uploads\/2022\/07\/71Exwa8OxML._AC_SL1500_.jpg\" \/>\n\t<meta property=\"og:image:width\" content=\"600\" \/>\n\t<meta property=\"og:image:height\" content=\"600\" \/>\n\t<meta property=\"og:image:type\" content=\"image\/jpeg\" \/>\n<meta name=\"twitter:card\" content=\"summary_large_image\" \/>\n<meta name=\"twitter:label1\" content=\"Est. reading time\" \/>\n\t<meta name=\"twitter:data1\" content=\"1 minute\" \/>\n<script type=\"application\/ld+json\" class=\"yoast-schema-graph\">{\"@context\":\"https:\/\/schema.org\",\"@graph\":[{\"@type\":\"WebPage\",\"@id\":\"https:\/\/jeaken.com\/es\/producto\/acido-linoleico-conjugado-en-capsulas-blandas-para-aumentar-la-masa-muscular-y-perder-grasa-90-capsulas\/\",\"url\":\"https:\/\/jeaken.com\/es\/producto\/acido-linoleico-conjugado-en-capsulas-blandas-para-aumentar-la-masa-muscular-y-perder-grasa-90-capsulas\/\",\"name\":\"\u00c1cido linoleico conjugado en c\u00e1psulas blandas para aumentar la masa muscular y perder grasa (90 c\u00e1psulas) - JeaKen\",\"isPartOf\":{\"@id\":\"https:\/\/jeaken.com\/es\/#website\"},\"primaryImageOfPage\":{\"@id\":\"https:\/\/jeaken.com\/es\/producto\/acido-linoleico-conjugado-en-capsulas-blandas-para-aumentar-la-masa-muscular-y-perder-grasa-90-capsulas\/#primaryimage\"},\"image\":{\"@id\":\"https:\/\/jeaken.com\/es\/producto\/acido-linoleico-conjugado-en-capsulas-blandas-para-aumentar-la-masa-muscular-y-perder-grasa-90-capsulas\/#primaryimage\"},\"thumbnailUrl\":\"https:\/\/jeaken.com\/wp-content\/uploads\/2022\/07\/71Exwa8OxML._AC_SL1500_.jpg\",\"datePublished\":\"2022-07-21T18:18:21+00:00\",\"dateModified\":\"2022-08-09T14:15:42+00:00\",\"breadcrumb\":{\"@id\":\"https:\/\/jeaken.com\/es\/producto\/acido-linoleico-conjugado-en-capsulas-blandas-para-aumentar-la-masa-muscular-y-perder-grasa-90-capsulas\/#breadcrumb\"},\"inLanguage\":\"es-ES\",\"potentialAction\":[{\"@type\":\"ReadAction\",\"target\":[\"https:\/\/jeaken.com\/es\/producto\/acido-linoleico-conjugado-en-capsulas-blandas-para-aumentar-la-masa-muscular-y-perder-grasa-90-capsulas\/\"]}]},{\"@type\":\"ImageObject\",\"inLanguage\":\"es-ES\",\"@id\":\"https:\/\/jeaken.com\/es\/producto\/acido-linoleico-conjugado-en-capsulas-blandas-para-aumentar-la-masa-muscular-y-perder-grasa-90-capsulas\/#primaryimage\",\"url\":\"https:\/\/jeaken.com\/wp-content\/uploads\/2022\/07\/71Exwa8OxML._AC_SL1500_.jpg\",\"contentUrl\":\"https:\/\/jeaken.com\/wp-content\/uploads\/2022\/07\/71Exwa8OxML._AC_SL1500_.jpg\",\"width\":600,\"height\":600,\"caption\":\"Conjugated Linoleic Acid Softgels for Increased Muscle Mass and Fat Loss\"},{\"@type\":\"BreadcrumbList\",\"@id\":\"https:\/\/jeaken.com\/es\/producto\/acido-linoleico-conjugado-en-capsulas-blandas-para-aumentar-la-masa-muscular-y-perder-grasa-90-capsulas\/#breadcrumb\",\"itemListElement\":[{\"@type\":\"ListItem\",\"position\":1,\"name\":\"Home\",\"item\":\"https:\/\/jeaken.com\/es\/\"},{\"@type\":\"ListItem\",\"position\":2,\"name\":\"Private: Shop\",\"item\":\"https:\/\/jeaken.com\/shop\/\"},{\"@type\":\"ListItem\",\"position\":3,\"name\":\"\u00c1cido linoleico conjugado en c\u00e1psulas blandas para aumentar la masa muscular y perder grasa (90 c\u00e1psulas)\"}]},{\"@type\":\"WebSite\",\"@id\":\"https:\/\/jeaken.com\/es\/#website\",\"url\":\"https:\/\/jeaken.com\/es\/\",\"name\":\"JeaKen\",\"description\":\"Organic Supplements for Health, Fitness and Nutrition\",\"publisher\":{\"@id\":\"https:\/\/jeaken.com\/es\/#organization\"},\"potentialAction\":[{\"@type\":\"SearchAction\",\"target\":{\"@type\":\"EntryPoint\",\"urlTemplate\":\"https:\/\/jeaken.com\/es\/?s={search_term_string}\"},\"query-input\":\"required name=search_term_string\"}],\"inLanguage\":\"es-ES\"},{\"@type\":\"Organization\",\"@id\":\"https:\/\/jeaken.com\/es\/#organization\",\"name\":\"JeaKen\",\"url\":\"https:\/\/jeaken.com\/es\/\",\"logo\":{\"@type\":\"ImageObject\",\"inLanguage\":\"es-ES\",\"@id\":\"https:\/\/jeaken.com\/es\/#\/schema\/logo\/image\/\",\"url\":\"https:\/\/jeaken.com\/wp-content\/uploads\/2022\/06\/jeaken-logo-23.png\",\"contentUrl\":\"https:\/\/jeaken.com\/wp-content\/uploads\/2022\/06\/jeaken-logo-23.png\",\"width\":2486,\"height\":736,\"caption\":\"JeaKen\"},\"image\":{\"@id\":\"https:\/\/jeaken.com\/es\/#\/schema\/logo\/image\/\"}}]}<\/script>\n<!-- \/ Yoast SEO plugin. -->","yoast_head_json":{"title":"\u00c1cido linoleico conjugado en c\u00e1psulas blandas para aumentar la masa muscular y perder grasa (90 c\u00e1psulas) - JeaKen","robots":{"index":"index","follow":"follow","max-snippet":"max-snippet:-1","max-image-preview":"max-image-preview:large","max-video-preview":"max-video-preview:-1"},"canonical":"https:\/\/jeaken.com\/es\/producto\/acido-linoleico-conjugado-en-capsulas-blandas-para-aumentar-la-masa-muscular-y-perder-grasa-90-capsulas\/","og_locale":"es_ES","og_type":"article","og_title":"\u00c1cido linoleico conjugado en c\u00e1psulas blandas para aumentar la masa muscular y perder grasa (90 c\u00e1psulas) - JeaKen","og_description":"Una forma efectiva de construir m\u00fasculo, reducir la grasa y aumentar la inmunidad.","og_url":"https:\/\/jeaken.com\/es\/producto\/acido-linoleico-conjugado-en-capsulas-blandas-para-aumentar-la-masa-muscular-y-perder-grasa-90-capsulas\/","og_site_name":"JeaKen","article_modified_time":"2022-08-09T14:15:42+00:00","og_image":[{"width":600,"height":600,"url":"https:\/\/jeaken.com\/wp-content\/uploads\/2022\/07\/71Exwa8OxML._AC_SL1500_.jpg","type":"image\/jpeg"}],"twitter_card":"summary_large_image","twitter_misc":{"Est. reading time":"1 minute"},"schema":{"@context":"https:\/\/schema.org","@graph":[{"@type":"WebPage","@id":"https:\/\/jeaken.com\/es\/producto\/acido-linoleico-conjugado-en-capsulas-blandas-para-aumentar-la-masa-muscular-y-perder-grasa-90-capsulas\/","url":"https:\/\/jeaken.com\/es\/producto\/acido-linoleico-conjugado-en-capsulas-blandas-para-aumentar-la-masa-muscular-y-perder-grasa-90-capsulas\/","name":"\u00c1cido linoleico conjugado en c\u00e1psulas blandas para aumentar la masa muscular y perder grasa (90 c\u00e1psulas) - JeaKen","isPartOf":{"@id":"https:\/\/jeaken.com\/es\/#website"},"primaryImageOfPage":{"@id":"https:\/\/jeaken.com\/es\/producto\/acido-linoleico-conjugado-en-capsulas-blandas-para-aumentar-la-masa-muscular-y-perder-grasa-90-capsulas\/#primaryimage"},"image":{"@id":"https:\/\/jeaken.com\/es\/producto\/acido-linoleico-conjugado-en-capsulas-blandas-para-aumentar-la-masa-muscular-y-perder-grasa-90-capsulas\/#primaryimage"},"thumbnailUrl":"https:\/\/jeaken.com\/wp-content\/uploads\/2022\/07\/71Exwa8OxML._AC_SL1500_.jpg","datePublished":"2022-07-21T18:18:21+00:00","dateModified":"2022-08-09T14:15:42+00:00","breadcrumb":{"@id":"https:\/\/jeaken.com\/es\/producto\/acido-linoleico-conjugado-en-capsulas-blandas-para-aumentar-la-masa-muscular-y-perder-grasa-90-capsulas\/#breadcrumb"},"inLanguage":"es-ES","potentialAction":[{"@type":"ReadAction","target":["https:\/\/jeaken.com\/es\/producto\/acido-linoleico-conjugado-en-capsulas-blandas-para-aumentar-la-masa-muscular-y-perder-grasa-90-capsulas\/"]}]},{"@type":"ImageObject","inLanguage":"es-ES","@id":"https:\/\/jeaken.com\/es\/producto\/acido-linoleico-conjugado-en-capsulas-blandas-para-aumentar-la-masa-muscular-y-perder-grasa-90-capsulas\/#primaryimage","url":"https:\/\/jeaken.com\/wp-content\/uploads\/2022\/07\/71Exwa8OxML._AC_SL1500_.jpg","contentUrl":"https:\/\/jeaken.com\/wp-content\/uploads\/2022\/07\/71Exwa8OxML._AC_SL1500_.jpg","width":600,"height":600,"caption":"Conjugated Linoleic Acid Softgels for Increased Muscle Mass and Fat Loss"},{"@type":"BreadcrumbList","@id":"https:\/\/jeaken.com\/es\/producto\/acido-linoleico-conjugado-en-capsulas-blandas-para-aumentar-la-masa-muscular-y-perder-grasa-90-capsulas\/#breadcrumb","itemListElement":[{"@type":"ListItem","position":1,"name":"Home","item":"https:\/\/jeaken.com\/es\/"},{"@type":"ListItem","position":2,"name":"Private: Shop","item":"https:\/\/jeaken.com\/shop\/"},{"@type":"ListItem","position":3,"name":"\u00c1cido linoleico conjugado en c\u00e1psulas blandas para aumentar la masa muscular y perder grasa (90 c\u00e1psulas)"}]},{"@type":"WebSite","@id":"https:\/\/jeaken.com\/es\/#website","url":"https:\/\/jeaken.com\/es\/","name":"JeaKen","description":"Organic Supplements for Health, Fitness and Nutrition","publisher":{"@id":"https:\/\/jeaken.com\/es\/#organization"},"potentialAction":[{"@type":"SearchAction","target":{"@type":"EntryPoint","urlTemplate":"https:\/\/jeaken.com\/es\/?s={search_term_string}"},"query-input":"required name=search_term_string"}],"inLanguage":"es-ES"},{"@type":"Organization","@id":"https:\/\/jeaken.com\/es\/#organization","name":"JeaKen","url":"https:\/\/jeaken.com\/es\/","logo":{"@type":"ImageObject","inLanguage":"es-ES","@id":"https:\/\/jeaken.com\/es\/#\/schema\/logo\/image\/","url":"https:\/\/jeaken.com\/wp-content\/uploads\/2022\/06\/jeaken-logo-23.png","contentUrl":"https:\/\/jeaken.com\/wp-content\/uploads\/2022\/06\/jeaken-logo-23.png","width":2486,"height":736,"caption":"JeaKen"},"image":{"@id":"https:\/\/jeaken.com\/es\/#\/schema\/logo\/image\/"}}]}},"jetpack_sharing_enabled":true,"_links":{"self":[{"href":"https:\/\/jeaken.com\/es\/wp-json\/wp\/v2\/product\/6910","targetHints":{"allow":["GET"]}}],"collection":[{"href":"https:\/\/jeaken.com\/es\/wp-json\/wp\/v2\/product"}],"about":[{"href":"https:\/\/jeaken.com\/es\/wp-json\/wp\/v2\/types\/product"}],"wp:featuredmedia":[{"embeddable":true,"href":"https:\/\/jeaken.com\/es\/wp-json\/wp\/v2\/media\/4669"}],"wp:attachment":[{"href":"https:\/\/jeaken.com\/es\/wp-json\/wp\/v2\/media?parent=6910"}],"wp:term":[{"taxonomy":"product_cat","embeddable":true,"href":"https:\/\/jeaken.com\/es\/wp-json\/wp\/v2\/product_cat?post=6910"},{"taxonomy":"product_tag","embeddable":true,"href":"https:\/\/jeaken.com\/es\/wp-json\/wp\/v2\/product_tag?post=6910"}],"curies":[{"name":"wp","href":"https:\/\/api.w.org\/{rel}","templated":true}]}}