{"id":6901,"date":"2022-07-21T19:18:16","date_gmt":"2022-07-21T18:18:16","guid":{"rendered":"https:\/1658920591610?product=capsulas-de-te-verde-850mg-suplementos-antioxidantes-para-la-perdida-de-peso-120-tabletas"},"modified":"2022-08-09T15:15:43","modified_gmt":"2022-08-09T14:15:43","slug":"capsulas-de-te-verde-850mg-suplementos-antioxidantes-para-la-perdida-de-peso-120-tabletas","status":"publish","type":"product","link":"https:\/\/jeaken.com\/es\/producto\/capsulas-de-te-verde-850mg-suplementos-antioxidantes-para-la-perdida-de-peso-120-tabletas\/","title":{"rendered":"C\u00e1psulas de T\u00e9 Verde &#8211; 850mg Suplementos Antioxidantes para la P\u00e9rdida de Peso (120 Tabletas)"},"content":{"rendered":"<p><strong>OFRECE M\u00daLTIPLES BENEFICIOS PARA LA SALUD<\/strong><\/p>\n<p>El t\u00e9 verde se utiliza en la medicina china desde hace unos 4.000 a\u00f1os. Ofrece numerosos y potentes beneficios para la salud, como ayudar a reducir el riesgo de padecer enfermedades card\u00edacas y ciertos tipos de c\u00e1ncer, aumentar la proporci\u00f3n de colesterol bueno (HDL) con respecto al colesterol malo (LDL) en la sangre, mejorar el sistema inmunitario y proporcionar apoyo antioxidante.<\/p>\n<p><strong>AYUDA A PERDER PESO<\/strong><\/p>\n<p>Cuando se combina con una dieta saludable, nuestro t\u00e9 verde apto para vegetarianos funciona como una ayuda eficaz para la p\u00e9rdida de peso, ya que aumenta la tasa metab\u00f3lica y suprime el apetito.<\/p>\n<p><strong>POTENTE ANTIOXIDANTE NATURAL<\/strong><\/p>\n<p>El EGCG que se encuentra en el t\u00e9 verde es el responsable de la mayor parte de sus propiedades antioxidantes, que evitan que los radicales libres da\u00f1en sus c\u00e9lulas.<\/p>\n<p><strong>MEJORA LA MEMORIA Y LA CONCENTRACI\u00d3N<\/strong><\/p>\n<p>Las propiedades que se encuentran en el extracto de t\u00e9 verde pueden ayudar a aumentar la cognici\u00f3n y la memoria, ayud\u00e1ndole a mantenerse agudo y concentrado durante todo el d\u00eda.<\/p>\n","protected":false},"excerpt":{"rendered":"<h4>Supresor del apetito que aumenta el metabolismo, reduce el colesterol y mejora el sistema inmunol\u00f3gico.<\/h4>\n<p>&nbsp;<\/p>\n","protected":false},"featured_media":15617,"template":"","meta":{"site-sidebar-layout":"default","site-content-layout":"default","ast-site-content-layout":"default","site-content-style":"default","site-sidebar-style":"default","ast-global-header-display":"","ast-banner-title-visibility":"","ast-main-header-display":"","ast-hfb-above-header-display":"","ast-hfb-below-header-display":"","ast-hfb-mobile-header-display":"","site-post-title":"","ast-breadcrumbs-content":"","ast-featured-img":"","footer-sml-layout":"","theme-transparent-header-meta":"default","adv-header-id-meta":"","stick-header-meta":"default","header-above-stick-meta":"","header-main-stick-meta":"","header-below-stick-meta":"","astra-migrate-meta-layouts":"default","ast-page-background-enabled":"default","ast-page-background-meta":{"desktop":{"background-color":"","background-image":"","background-repeat":"repeat","background-position":"center center","background-size":"auto","background-attachment":"scroll","background-type":"","background-media":"","overlay-type":"","overlay-color":"","overlay-opacity":"","overlay-gradient":""},"tablet":{"background-color":"","background-image":"","background-repeat":"repeat","background-position":"center center","background-size":"auto","background-attachment":"scroll","background-type":"","background-media":"","overlay-type":"","overlay-color":"","overlay-opacity":"","overlay-gradient":""},"mobile":{"background-color":"","background-image":"","background-repeat":"repeat","background-position":"center center","background-size":"auto","background-attachment":"scroll","background-type":"","background-media":"","overlay-type":"","overlay-color":"","overlay-opacity":"","overlay-gradient":""}},"ast-content-background-meta":{"desktop":{"background-color":"var(--ast-global-color-5)","background-image":"","background-repeat":"repeat","background-position":"center center","background-size":"auto","background-attachment":"scroll","background-type":"","background-media":"","overlay-type":"","overlay-color":"","overlay-opacity":"","overlay-gradient":""},"tablet":{"background-color":"var(--ast-global-color-5)","background-image":"","background-repeat":"repeat","background-position":"center center","background-size":"auto","background-attachment":"scroll","background-type":"","background-media":"","overlay-type":"","overlay-color":"","overlay-opacity":"","overlay-gradient":""},"mobile":{"background-color":"var(--ast-global-color-5)","background-image":"","background-repeat":"repeat","background-position":"center center","background-size":"auto","background-attachment":"scroll","background-type":"","background-media":"","overlay-type":"","overlay-color":"","overlay-opacity":"","overlay-gradient":""}}},"product_cat":[675,1216,674],"product_tag":[1260,1252,1255,1228,1283,1275,1279,1273,1281,1246,1234,1239,1243,1218,1223,1231,1277,1263,1271,1285,1276,1249,1268],"class_list":{"0":"post-6901","1":"product","2":"type-product","3":"status-publish","4":"has-post-thumbnail","6":"product_cat-alivio-de-la-hinchazon","7":"product_cat-perdida-de-peso","8":"product_cat-salud-digestiva","9":"product_tag-capsulas-de-extracto-de-te-verde","10":"product_tag-capsulas-de-te-verde","11":"product_tag-extracto-de-te-verde","12":"product_tag-pastillas-de-cafeina","13":"product_tag-pastillas-para-adelgazar-es-3","14":"product_tag-pastillas-para-adelgazar-es","15":"product_tag-pastillas-para-adelgazar-es-2","16":"product_tag-pastillas-para-adelgazar","17":"product_tag-pastillas-para-adelgazar-que-funcionan-rapido","18":"product_tag-perdida-de-grasa","19":"product_tag-quemador-de-grasa","20":"product_tag-quemadores-de-grasa-para-hombres-perdida-de-peso","21":"product_tag-quemadores-de-grasa-para-mujeres-perdida-de-peso","22":"product_tag-supresor-del-apetito","23":"product_tag-supresor-del-apetito-para-perder-peso","24":"product_tag-tableta-de-cafeina","25":"product_tag-tabletas-de-retencion-de-agua","26":"product_tag-tabletas-de-te-verde","27":"product_tag-te-matcha","28":"product_tag-te-para-adelgazar-es","29":"product_tag-te-para-adelgazar","30":"product_tag-te-verde","31":"product_tag-te-verde-matcha","32":"has-subscription-plans","33":"desktop-align-left","34":"tablet-align-left","35":"mobile-align-left","37":"first","38":"instock","39":"taxable","40":"shipping-taxable","41":"purchasable","42":"product-type-simple"},"yoast_head":"<!-- This site is optimized with the Yoast SEO plugin v22.7 - https:\/\/yoast.com\/wordpress\/plugins\/seo\/ -->\n<title>C\u00e1psulas de T\u00e9 Verde - 850mg Suplementos Antioxidantes para la P\u00e9rdida de Peso (120 Tabletas) - JeaKen<\/title>\n<meta name=\"robots\" content=\"index, follow, max-snippet:-1, max-image-preview:large, max-video-preview:-1\" \/>\n<link rel=\"canonical\" href=\"https:\/\/jeaken.com\/es\/producto\/capsulas-de-te-verde-850mg-suplementos-antioxidantes-para-la-perdida-de-peso-120-tabletas\/\" \/>\n<meta property=\"og:locale\" content=\"es_ES\" \/>\n<meta property=\"og:type\" content=\"article\" \/>\n<meta property=\"og:title\" content=\"C\u00e1psulas de T\u00e9 Verde - 850mg Suplementos Antioxidantes para la P\u00e9rdida de Peso (120 Tabletas) - JeaKen\" \/>\n<meta property=\"og:description\" content=\"Supresor del apetito que aumenta el metabolismo, reduce el colesterol y mejora el sistema inmunol\u00f3gico. &nbsp;\" \/>\n<meta property=\"og:url\" content=\"https:\/\/jeaken.com\/es\/producto\/capsulas-de-te-verde-850mg-suplementos-antioxidantes-para-la-perdida-de-peso-120-tabletas\/\" \/>\n<meta property=\"og:site_name\" content=\"JeaKen\" \/>\n<meta property=\"article:modified_time\" content=\"2022-08-09T14:15:43+00:00\" \/>\n<meta property=\"og:image\" content=\"https:\/\/jeaken.com\/wp-content\/uploads\/2022\/07\/Green-Tea.jpg\" \/>\n\t<meta property=\"og:image:width\" content=\"512\" \/>\n\t<meta property=\"og:image:height\" content=\"600\" \/>\n\t<meta property=\"og:image:type\" content=\"image\/jpeg\" \/>\n<meta name=\"twitter:card\" content=\"summary_large_image\" \/>\n<meta name=\"twitter:label1\" content=\"Est. reading time\" \/>\n\t<meta name=\"twitter:data1\" content=\"1 minute\" \/>\n<script type=\"application\/ld+json\" class=\"yoast-schema-graph\">{\"@context\":\"https:\/\/schema.org\",\"@graph\":[{\"@type\":\"WebPage\",\"@id\":\"https:\/\/jeaken.com\/es\/producto\/capsulas-de-te-verde-850mg-suplementos-antioxidantes-para-la-perdida-de-peso-120-tabletas\/\",\"url\":\"https:\/\/jeaken.com\/es\/producto\/capsulas-de-te-verde-850mg-suplementos-antioxidantes-para-la-perdida-de-peso-120-tabletas\/\",\"name\":\"C\u00e1psulas de T\u00e9 Verde - 850mg Suplementos Antioxidantes para la P\u00e9rdida de Peso (120 Tabletas) - JeaKen\",\"isPartOf\":{\"@id\":\"https:\/\/jeaken.com\/es\/#website\"},\"primaryImageOfPage\":{\"@id\":\"https:\/\/jeaken.com\/es\/producto\/capsulas-de-te-verde-850mg-suplementos-antioxidantes-para-la-perdida-de-peso-120-tabletas\/#primaryimage\"},\"image\":{\"@id\":\"https:\/\/jeaken.com\/es\/producto\/capsulas-de-te-verde-850mg-suplementos-antioxidantes-para-la-perdida-de-peso-120-tabletas\/#primaryimage\"},\"thumbnailUrl\":\"https:\/\/jeaken.com\/wp-content\/uploads\/2022\/07\/Green-Tea.jpg\",\"datePublished\":\"2022-07-21T18:18:16+00:00\",\"dateModified\":\"2022-08-09T14:15:43+00:00\",\"breadcrumb\":{\"@id\":\"https:\/\/jeaken.com\/es\/producto\/capsulas-de-te-verde-850mg-suplementos-antioxidantes-para-la-perdida-de-peso-120-tabletas\/#breadcrumb\"},\"inLanguage\":\"es-ES\",\"potentialAction\":[{\"@type\":\"ReadAction\",\"target\":[\"https:\/\/jeaken.com\/es\/producto\/capsulas-de-te-verde-850mg-suplementos-antioxidantes-para-la-perdida-de-peso-120-tabletas\/\"]}]},{\"@type\":\"ImageObject\",\"inLanguage\":\"es-ES\",\"@id\":\"https:\/\/jeaken.com\/es\/producto\/capsulas-de-te-verde-850mg-suplementos-antioxidantes-para-la-perdida-de-peso-120-tabletas\/#primaryimage\",\"url\":\"https:\/\/jeaken.com\/wp-content\/uploads\/2022\/07\/Green-Tea.jpg\",\"contentUrl\":\"https:\/\/jeaken.com\/wp-content\/uploads\/2022\/07\/Green-Tea.jpg\",\"width\":512,\"height\":600,\"caption\":\"Green Tea Capsules \u2013 850mg Weight Loss Antioxidant Supplements\"},{\"@type\":\"BreadcrumbList\",\"@id\":\"https:\/\/jeaken.com\/es\/producto\/capsulas-de-te-verde-850mg-suplementos-antioxidantes-para-la-perdida-de-peso-120-tabletas\/#breadcrumb\",\"itemListElement\":[{\"@type\":\"ListItem\",\"position\":1,\"name\":\"Home\",\"item\":\"https:\/\/jeaken.com\/es\/\"},{\"@type\":\"ListItem\",\"position\":2,\"name\":\"Private: Shop\",\"item\":\"https:\/\/jeaken.com\/shop\/\"},{\"@type\":\"ListItem\",\"position\":3,\"name\":\"C\u00e1psulas de T\u00e9 Verde &#8211; 850mg Suplementos Antioxidantes para la P\u00e9rdida de Peso (120 Tabletas)\"}]},{\"@type\":\"WebSite\",\"@id\":\"https:\/\/jeaken.com\/es\/#website\",\"url\":\"https:\/\/jeaken.com\/es\/\",\"name\":\"JeaKen\",\"description\":\"Organic Supplements for Health, Fitness and Nutrition\",\"publisher\":{\"@id\":\"https:\/\/jeaken.com\/es\/#organization\"},\"potentialAction\":[{\"@type\":\"SearchAction\",\"target\":{\"@type\":\"EntryPoint\",\"urlTemplate\":\"https:\/\/jeaken.com\/es\/?s={search_term_string}\"},\"query-input\":\"required name=search_term_string\"}],\"inLanguage\":\"es-ES\"},{\"@type\":\"Organization\",\"@id\":\"https:\/\/jeaken.com\/es\/#organization\",\"name\":\"JeaKen\",\"url\":\"https:\/\/jeaken.com\/es\/\",\"logo\":{\"@type\":\"ImageObject\",\"inLanguage\":\"es-ES\",\"@id\":\"https:\/\/jeaken.com\/es\/#\/schema\/logo\/image\/\",\"url\":\"https:\/\/jeaken.com\/wp-content\/uploads\/2022\/06\/jeaken-logo-23.png\",\"contentUrl\":\"https:\/\/jeaken.com\/wp-content\/uploads\/2022\/06\/jeaken-logo-23.png\",\"width\":2486,\"height\":736,\"caption\":\"JeaKen\"},\"image\":{\"@id\":\"https:\/\/jeaken.com\/es\/#\/schema\/logo\/image\/\"}}]}<\/script>\n<!-- \/ Yoast SEO plugin. -->","yoast_head_json":{"title":"C\u00e1psulas de T\u00e9 Verde - 850mg Suplementos Antioxidantes para la P\u00e9rdida de Peso (120 Tabletas) - JeaKen","robots":{"index":"index","follow":"follow","max-snippet":"max-snippet:-1","max-image-preview":"max-image-preview:large","max-video-preview":"max-video-preview:-1"},"canonical":"https:\/\/jeaken.com\/es\/producto\/capsulas-de-te-verde-850mg-suplementos-antioxidantes-para-la-perdida-de-peso-120-tabletas\/","og_locale":"es_ES","og_type":"article","og_title":"C\u00e1psulas de T\u00e9 Verde - 850mg Suplementos Antioxidantes para la P\u00e9rdida de Peso (120 Tabletas) - JeaKen","og_description":"Supresor del apetito que aumenta el metabolismo, reduce el colesterol y mejora el sistema inmunol\u00f3gico. &nbsp;","og_url":"https:\/\/jeaken.com\/es\/producto\/capsulas-de-te-verde-850mg-suplementos-antioxidantes-para-la-perdida-de-peso-120-tabletas\/","og_site_name":"JeaKen","article_modified_time":"2022-08-09T14:15:43+00:00","og_image":[{"width":512,"height":600,"url":"https:\/\/jeaken.com\/wp-content\/uploads\/2022\/07\/Green-Tea.jpg","type":"image\/jpeg"}],"twitter_card":"summary_large_image","twitter_misc":{"Est. reading time":"1 minute"},"schema":{"@context":"https:\/\/schema.org","@graph":[{"@type":"WebPage","@id":"https:\/\/jeaken.com\/es\/producto\/capsulas-de-te-verde-850mg-suplementos-antioxidantes-para-la-perdida-de-peso-120-tabletas\/","url":"https:\/\/jeaken.com\/es\/producto\/capsulas-de-te-verde-850mg-suplementos-antioxidantes-para-la-perdida-de-peso-120-tabletas\/","name":"C\u00e1psulas de T\u00e9 Verde - 850mg Suplementos Antioxidantes para la P\u00e9rdida de Peso (120 Tabletas) - JeaKen","isPartOf":{"@id":"https:\/\/jeaken.com\/es\/#website"},"primaryImageOfPage":{"@id":"https:\/\/jeaken.com\/es\/producto\/capsulas-de-te-verde-850mg-suplementos-antioxidantes-para-la-perdida-de-peso-120-tabletas\/#primaryimage"},"image":{"@id":"https:\/\/jeaken.com\/es\/producto\/capsulas-de-te-verde-850mg-suplementos-antioxidantes-para-la-perdida-de-peso-120-tabletas\/#primaryimage"},"thumbnailUrl":"https:\/\/jeaken.com\/wp-content\/uploads\/2022\/07\/Green-Tea.jpg","datePublished":"2022-07-21T18:18:16+00:00","dateModified":"2022-08-09T14:15:43+00:00","breadcrumb":{"@id":"https:\/\/jeaken.com\/es\/producto\/capsulas-de-te-verde-850mg-suplementos-antioxidantes-para-la-perdida-de-peso-120-tabletas\/#breadcrumb"},"inLanguage":"es-ES","potentialAction":[{"@type":"ReadAction","target":["https:\/\/jeaken.com\/es\/producto\/capsulas-de-te-verde-850mg-suplementos-antioxidantes-para-la-perdida-de-peso-120-tabletas\/"]}]},{"@type":"ImageObject","inLanguage":"es-ES","@id":"https:\/\/jeaken.com\/es\/producto\/capsulas-de-te-verde-850mg-suplementos-antioxidantes-para-la-perdida-de-peso-120-tabletas\/#primaryimage","url":"https:\/\/jeaken.com\/wp-content\/uploads\/2022\/07\/Green-Tea.jpg","contentUrl":"https:\/\/jeaken.com\/wp-content\/uploads\/2022\/07\/Green-Tea.jpg","width":512,"height":600,"caption":"Green Tea Capsules \u2013 850mg Weight Loss Antioxidant Supplements"},{"@type":"BreadcrumbList","@id":"https:\/\/jeaken.com\/es\/producto\/capsulas-de-te-verde-850mg-suplementos-antioxidantes-para-la-perdida-de-peso-120-tabletas\/#breadcrumb","itemListElement":[{"@type":"ListItem","position":1,"name":"Home","item":"https:\/\/jeaken.com\/es\/"},{"@type":"ListItem","position":2,"name":"Private: Shop","item":"https:\/\/jeaken.com\/shop\/"},{"@type":"ListItem","position":3,"name":"C\u00e1psulas de T\u00e9 Verde &#8211; 850mg Suplementos Antioxidantes para la P\u00e9rdida de Peso (120 Tabletas)"}]},{"@type":"WebSite","@id":"https:\/\/jeaken.com\/es\/#website","url":"https:\/\/jeaken.com\/es\/","name":"JeaKen","description":"Organic Supplements for Health, Fitness and Nutrition","publisher":{"@id":"https:\/\/jeaken.com\/es\/#organization"},"potentialAction":[{"@type":"SearchAction","target":{"@type":"EntryPoint","urlTemplate":"https:\/\/jeaken.com\/es\/?s={search_term_string}"},"query-input":"required name=search_term_string"}],"inLanguage":"es-ES"},{"@type":"Organization","@id":"https:\/\/jeaken.com\/es\/#organization","name":"JeaKen","url":"https:\/\/jeaken.com\/es\/","logo":{"@type":"ImageObject","inLanguage":"es-ES","@id":"https:\/\/jeaken.com\/es\/#\/schema\/logo\/image\/","url":"https:\/\/jeaken.com\/wp-content\/uploads\/2022\/06\/jeaken-logo-23.png","contentUrl":"https:\/\/jeaken.com\/wp-content\/uploads\/2022\/06\/jeaken-logo-23.png","width":2486,"height":736,"caption":"JeaKen"},"image":{"@id":"https:\/\/jeaken.com\/es\/#\/schema\/logo\/image\/"}}]}},"jetpack_sharing_enabled":true,"_links":{"self":[{"href":"https:\/\/jeaken.com\/es\/wp-json\/wp\/v2\/product\/6901","targetHints":{"allow":["GET"]}}],"collection":[{"href":"https:\/\/jeaken.com\/es\/wp-json\/wp\/v2\/product"}],"about":[{"href":"https:\/\/jeaken.com\/es\/wp-json\/wp\/v2\/types\/product"}],"wp:featuredmedia":[{"embeddable":true,"href":"https:\/\/jeaken.com\/es\/wp-json\/wp\/v2\/media\/15617"}],"wp:attachment":[{"href":"https:\/\/jeaken.com\/es\/wp-json\/wp\/v2\/media?parent=6901"}],"wp:term":[{"taxonomy":"product_cat","embeddable":true,"href":"https:\/\/jeaken.com\/es\/wp-json\/wp\/v2\/product_cat?post=6901"},{"taxonomy":"product_tag","embeddable":true,"href":"https:\/\/jeaken.com\/es\/wp-json\/wp\/v2\/product_tag?post=6901"}],"curies":[{"name":"wp","href":"https:\/\/api.w.org\/{rel}","templated":true}]}}